{"id":1607,"date":"2025-09-13T12:04:35","date_gmt":"2025-09-13T12:04:35","guid":{"rendered":"https:\/\/www.esta-officiel-usa.com\/obtener-tu-certificado-esta\/"},"modified":"2025-09-13T12:04:40","modified_gmt":"2025-09-13T12:04:40","slug":"obtener-tu-certificado-esta","status":"publish","type":"page","link":"https:\/\/www.esta-officiel-usa.com\/es\/obtener-tu-certificado-esta\/","title":{"rendered":"Obtener tu certificado ESTA"},"content":{"rendered":"\n<h1 class=\"wp-block-heading\">VENTAJAS DEL CERTIFICADO ESTA<\/h1>\n\n<p>Si quieres viajar a Estados Unidos por turismo o negocios, el <a href=\"https:\/\/www.esta-officiel-usa.com\/es\/\">certificado ESTA<\/a> es para ti. Permite a los turistas y viajeros de negocios entrar en Estados Unidos sin tener que obtener previamente un visado estadounidense. El ESTA forma parte del Programa de Exenci\u00f3n de Visado y facilita el acceso a Estados Unidos al tiempo que refuerza su seguridad. \u00bfC\u00f3mo funciona esta autorizaci\u00f3n de viaje \u00fanica? Desc\u00fabrelo en este art\u00edculo.    <\/p>\n\n<h2 class=\"wp-block-heading\">\u00bfQU\u00c9 VENTAJAS TIENE EL CERTIFICADO ESTA?<\/h2>\n\n<p>Desde 2009, todos los viajeros (adultos y ni\u00f1os por igual) que deseen visitar Estados Unidos por v\u00eda a\u00e9rea o mar\u00edtima deben disponer de un certificado ESTA (Sistema Electr\u00f3nico de Autorizaci\u00f3n de Viaje). Esta autorizaci\u00f3n de viaje es el resultado de la cooperaci\u00f3n internacional y ahora forma parte de los <a href=\"https:\/\/www.esta-officiel-usa.com\/fr\/les-demarches-pour-visiter-les-etats-unis\/\">tr\u00e1mites para visitar Estados Unidos<\/a>. <\/p>\n\n<p>Los pa\u00edses que participan en el VWP son :<\/p>\n\n<p>Alemania, Andorra, Australia, Austria, B\u00e9lgica, Brunei, Corea del Sur, Dinamarca, Eslovaquia, Eslovenia, Espa\u00f1a, Estonia, Finlandia, Francia, Grecia, Hungr\u00eda, Irlanda, Islandia, Italia, Jap\u00f3n, Letonia, Liechtenstein, Lituania, Luxemburgo, M\u00f3naco, Noruega, Nueva Zelanda, Pa\u00edses Bajos, Portugal, Reino Unido, Rep\u00fablica Checa, Rep\u00fablica de Malta, San Marino, Singapur, Suecia y Suiza.<\/p>\n\n<p>Los titulares de pasaportes expedidos por los pa\u00edses arriba indicados pueden solicitar el ESTA. La solicitud ESTA requiere responder a una serie de preguntas, entre ellas: nombres completos, alias, ciudad de nacimiento, datos del pasaporte, datos de contacto del viajero, nombres completos de los padres, contactos de emergencia y direcci\u00f3n en EEUU. <\/p>\n\n<p>Si se acepta la solicitud, los dos a\u00f1os de validez <a href=\"https:\/\/www.esta-officiel-usa.com\/fr\/la-duree-de-validite-de-lesta\/\">del ESTA<\/a> permiten a los viajeros realizar viajes regulares (m\u00e1ximo 90 d\u00edas por estancia).<\/p>\n\n<h2 class=\"wp-block-heading\">\u00bfC\u00d3MO OBTENGO UN CERTIFICADO ESTA?<\/h2>\n\n<p>El certificado ESTA s\u00f3lo puede solicitarse por Internet, a trav\u00e9s del sitio web oficial de la aduana estadounidense o en plataformas especializadas en viajes a Estados Unidos. Teniendo en cuenta el riesgo de terrorismo que existe actualmente en todo el mundo, aconsejamos a nuestros lectores que sigan escrupulosamente los criterios de solicitud del certificado ESTA, de lo contrario la <a href=\"https:\/\/www.esta-officiel-usa.com\/es\/requisitos-de-admision-para-viajar-a-estados-unidos\/\">admisi\u00f3n<\/a> ser\u00e1 imposible: <\/p>\n\n<ul class=\"wp-block-list\"><li>ser nacional de un pa\u00eds participante en el VWP sin serlo tambi\u00e9n de Irak, Ir\u00e1n, Siria o Sud\u00e1n (doble nacionalidad);<\/li><li>tener un pasaporte electr\u00f3nico o biom\u00e9trico;<\/li><li>planificar una estancia no superior a <a href=\"https:\/\/www.esta-officiel-usa.com\/es\/esta-valido-durante-90-dias-en-estados-unidos\/\">90 d\u00edas consecutivos<\/a>;<\/li><li>utilizar los servicios de una compa\u00f1\u00eda a\u00e9rea o naviera reconocida por el gobierno de EEUU;<\/li><li>no tener antecedentes penales en Estados Unidos, no padecer enfermedades contagiosas ni trastornos mentales, no haber visitado uno de los pa\u00edses considerados incompatibles por las autoridades estadounidenses;<\/li><li>no te han denegado el visado recientemente.<\/li><\/ul>\n\n<p>Como regla general, aconsejamos a los viajeros que soliciten un certificado ESTA al menos 72 horas antes de la salida. Si la solicitud es urgente, esta-officiel-usa.com puede ayudarte a <a href=\"https:\/\/www.esta-officiel-usa.com\/es\/rellenar-el-formulario-esta-en-linea\/\">cumplimentar el formulario ESTA en l\u00ednea<\/a> y obtener un certificado ESTA lo antes posible. Ofrece la ventaja de un servicio completo en franc\u00e9s, incluida la asistencia en l\u00ednea disponible 6 d\u00edas a la semana para responder a todas tus preguntas.  <\/p>\n","protected":false},"excerpt":{"rendered":"<p>VENTAJAS DEL CERTIFICADO ESTA Si quieres viajar a Estados Unidos por turismo o negocios, el certificado ESTA es para ti. Permite a los turistas y viajeros de negocios entrar en Estados Unidos sin tener que obtener previamente un visado estadounidense. El ESTA forma parte del Programa de Exenci\u00f3n de Visado y facilita el acceso a [&hellip;]<\/p>\n","protected":false},"author":1,"featured_media":0,"parent":0,"menu_order":0,"comment_status":"closed","ping_status":"closed","template":"","meta":{"footnotes":""},"class_list":["post-1607","page","type-page","status-publish","hentry"],"yoast_head":"<!-- This site is optimized with the Yoast SEO plugin v26.2 - https:\/\/yoast.com\/wordpress\/plugins\/seo\/ -->\n<title>Obtener tu certificado ESTA<\/title>\n<meta name=\"description\" content=\"Todos los viajeros no estadounidenses a EE.UU. necesitan una autorizaci\u00f3n de viaje. Inf\u00f3rmate sobre c\u00f3mo obtener tu ESTA.\" \/>\n<meta name=\"robots\" content=\"index, follow, max-snippet:-1, max-image-preview:large, max-video-preview:-1\" \/>\n<link rel=\"canonical\" href=\"https:\/\/www.esta-officiel-usa.com\/es\/obtener-tu-certificado-esta\/\" \/>\n<meta property=\"og:locale\" content=\"es_ES\" \/>\n<meta property=\"og:type\" content=\"article\" \/>\n<meta property=\"og:title\" content=\"Obtener tu certificado ESTA\" \/>\n<meta property=\"og:description\" content=\"Todos los viajeros no estadounidenses a EE.UU. necesitan una autorizaci\u00f3n de viaje. Inf\u00f3rmate sobre c\u00f3mo obtener tu ESTA.\" \/>\n<meta property=\"og:url\" content=\"https:\/\/www.esta-officiel-usa.com\/es\/obtener-tu-certificado-esta\/\" \/>\n<meta property=\"og:site_name\" content=\"ESTA - Estados Unidos\" \/>\n<meta property=\"article:modified_time\" content=\"2025-09-13T12:04:40+00:00\" \/>\n<meta name=\"twitter:card\" content=\"summary_large_image\" \/>\n<meta name=\"twitter:label1\" content=\"Tiempo de lectura\" \/>\n\t<meta name=\"twitter:data1\" content=\"3 minutos\" \/>\n<script type=\"application\/ld+json\" class=\"yoast-schema-graph\">{\"@context\":\"https:\/\/schema.org\",\"@graph\":[{\"@type\":\"WebPage\",\"@id\":\"https:\/\/www.esta-officiel-usa.com\/es\/obtener-tu-certificado-esta\/\",\"url\":\"https:\/\/www.esta-officiel-usa.com\/es\/obtener-tu-certificado-esta\/\",\"name\":\"Obtener tu certificado ESTA\",\"isPartOf\":{\"@id\":\"https:\/\/www.esta-officiel-usa.com\/es\/#website\"},\"datePublished\":\"2025-09-13T12:04:35+00:00\",\"dateModified\":\"2025-09-13T12:04:40+00:00\",\"description\":\"Todos los viajeros no estadounidenses a EE.UU. necesitan una autorizaci\u00f3n de viaje. Inf\u00f3rmate sobre c\u00f3mo obtener tu ESTA.\",\"breadcrumb\":{\"@id\":\"https:\/\/www.esta-officiel-usa.com\/es\/obtener-tu-certificado-esta\/#breadcrumb\"},\"inLanguage\":\"es\",\"potentialAction\":[{\"@type\":\"ReadAction\",\"target\":[\"https:\/\/www.esta-officiel-usa.com\/es\/obtener-tu-certificado-esta\/\"]}]},{\"@type\":\"BreadcrumbList\",\"@id\":\"https:\/\/www.esta-officiel-usa.com\/es\/obtener-tu-certificado-esta\/#breadcrumb\",\"itemListElement\":[{\"@type\":\"ListItem\",\"position\":1,\"name\":\"Inicio\",\"item\":\"https:\/\/www.esta-officiel-usa.com\/es\/\"},{\"@type\":\"ListItem\",\"position\":2,\"name\":\"Obtener tu certificado ESTA\"}]},{\"@type\":\"WebSite\",\"@id\":\"https:\/\/www.esta-officiel-usa.com\/es\/#website\",\"url\":\"https:\/\/www.esta-officiel-usa.com\/es\/\",\"name\":\"ESTA - Estados Unidos\",\"description\":\"Formulario de solicitud ESTA\",\"potentialAction\":[{\"@type\":\"SearchAction\",\"target\":{\"@type\":\"EntryPoint\",\"urlTemplate\":\"https:\/\/www.esta-officiel-usa.com\/es\/?s={search_term_string}\"},\"query-input\":{\"@type\":\"PropertyValueSpecification\",\"valueRequired\":true,\"valueName\":\"search_term_string\"}}],\"inLanguage\":\"es\"}]}<\/script>\n<!-- \/ Yoast SEO plugin. -->","yoast_head_json":{"title":"Obtener tu certificado ESTA","description":"Todos los viajeros no estadounidenses a EE.UU. necesitan una autorizaci\u00f3n de viaje. Inf\u00f3rmate sobre c\u00f3mo obtener tu ESTA.","robots":{"index":"index","follow":"follow","max-snippet":"max-snippet:-1","max-image-preview":"max-image-preview:large","max-video-preview":"max-video-preview:-1"},"canonical":"https:\/\/www.esta-officiel-usa.com\/es\/obtener-tu-certificado-esta\/","og_locale":"es_ES","og_type":"article","og_title":"Obtener tu certificado ESTA","og_description":"Todos los viajeros no estadounidenses a EE.UU. necesitan una autorizaci\u00f3n de viaje. Inf\u00f3rmate sobre c\u00f3mo obtener tu ESTA.","og_url":"https:\/\/www.esta-officiel-usa.com\/es\/obtener-tu-certificado-esta\/","og_site_name":"ESTA - Estados Unidos","article_modified_time":"2025-09-13T12:04:40+00:00","twitter_card":"summary_large_image","twitter_misc":{"Tiempo de lectura":"3 minutos"},"schema":{"@context":"https:\/\/schema.org","@graph":[{"@type":"WebPage","@id":"https:\/\/www.esta-officiel-usa.com\/es\/obtener-tu-certificado-esta\/","url":"https:\/\/www.esta-officiel-usa.com\/es\/obtener-tu-certificado-esta\/","name":"Obtener tu certificado ESTA","isPartOf":{"@id":"https:\/\/www.esta-officiel-usa.com\/es\/#website"},"datePublished":"2025-09-13T12:04:35+00:00","dateModified":"2025-09-13T12:04:40+00:00","description":"Todos los viajeros no estadounidenses a EE.UU. necesitan una autorizaci\u00f3n de viaje. Inf\u00f3rmate sobre c\u00f3mo obtener tu ESTA.","breadcrumb":{"@id":"https:\/\/www.esta-officiel-usa.com\/es\/obtener-tu-certificado-esta\/#breadcrumb"},"inLanguage":"es","potentialAction":[{"@type":"ReadAction","target":["https:\/\/www.esta-officiel-usa.com\/es\/obtener-tu-certificado-esta\/"]}]},{"@type":"BreadcrumbList","@id":"https:\/\/www.esta-officiel-usa.com\/es\/obtener-tu-certificado-esta\/#breadcrumb","itemListElement":[{"@type":"ListItem","position":1,"name":"Inicio","item":"https:\/\/www.esta-officiel-usa.com\/es\/"},{"@type":"ListItem","position":2,"name":"Obtener tu certificado ESTA"}]},{"@type":"WebSite","@id":"https:\/\/www.esta-officiel-usa.com\/es\/#website","url":"https:\/\/www.esta-officiel-usa.com\/es\/","name":"ESTA - Estados Unidos","description":"Formulario de solicitud ESTA","potentialAction":[{"@type":"SearchAction","target":{"@type":"EntryPoint","urlTemplate":"https:\/\/www.esta-officiel-usa.com\/es\/?s={search_term_string}"},"query-input":{"@type":"PropertyValueSpecification","valueRequired":true,"valueName":"search_term_string"}}],"inLanguage":"es"}]}},"_links":{"self":[{"href":"https:\/\/www.esta-officiel-usa.com\/es\/wp-json\/wp\/v2\/pages\/1607","targetHints":{"allow":["GET"]}}],"collection":[{"href":"https:\/\/www.esta-officiel-usa.com\/es\/wp-json\/wp\/v2\/pages"}],"about":[{"href":"https:\/\/www.esta-officiel-usa.com\/es\/wp-json\/wp\/v2\/types\/page"}],"author":[{"embeddable":true,"href":"https:\/\/www.esta-officiel-usa.com\/es\/wp-json\/wp\/v2\/users\/1"}],"replies":[{"embeddable":true,"href":"https:\/\/www.esta-officiel-usa.com\/es\/wp-json\/wp\/v2\/comments?post=1607"}],"version-history":[{"count":1,"href":"https:\/\/www.esta-officiel-usa.com\/es\/wp-json\/wp\/v2\/pages\/1607\/revisions"}],"predecessor-version":[{"id":1609,"href":"https:\/\/www.esta-officiel-usa.com\/es\/wp-json\/wp\/v2\/pages\/1607\/revisions\/1609"}],"wp:attachment":[{"href":"https:\/\/www.esta-officiel-usa.com\/es\/wp-json\/wp\/v2\/media?parent=1607"}],"curies":[{"name":"wp","href":"https:\/\/api.w.org\/{rel}","templated":true}]}}