{"id":1610,"date":"2025-09-13T12:04:35","date_gmt":"2025-09-13T12:04:35","guid":{"rendered":"https:\/\/www.esta-officiel-usa.com\/solicitud-obligatoria-del-esta-para-estados-unidos-por-internet\/"},"modified":"2025-09-13T12:04:40","modified_gmt":"2025-09-13T12:04:40","slug":"solicitud-obligatoria-del-esta-para-estados-unidos-por-internet","status":"publish","type":"page","link":"https:\/\/www.esta-officiel-usa.com\/es\/solicitud-obligatoria-del-esta-para-estados-unidos-por-internet\/","title":{"rendered":"Solicitud obligatoria del ESTA para Estados Unidos por Internet"},"content":{"rendered":"\n<h1 class=\"wp-block-heading\">VIAJAR CON UN FORMULARIO ESTA OBLIGATORIO<\/h1>\n\n<p>Todos los ciudadanos no estadounidenses necesitan un permiso de residencia, como el<a href=\"https:\/\/www.esta-officiel-usa.com\/es\/\">ESTA<\/a>, para viajar a Estados Unidos. En este art\u00edculo, te explicamos c\u00f3mo puedes obtener el tuyo a menor coste. <\/p>\n\n<h2 class=\"wp-block-heading\">\u00bfESTA ES OBLIGATORIA O NO?<\/h2>\n\n<p>En la actualidad, hay 3 tipos de autorizaci\u00f3n que permiten a los franceses viajar a Estados Unidos. Cada uno tiene sus propias ventajas e inconvenientes. <\/p>\n\n<figure class=\"wp-block-table\"><table class=\"\"><tbody><tr><td>TIPO DE AUTORIZACI\u00d3N<\/td><td>PRESTACIONES<\/td><td>INCONVENIENTES<\/td><\/tr><tr><td><a href=\"https:\/\/www.esta-officiel-usa.com\/es\/que-es-la-tarjeta-verde\/\">Tarjeta verde<\/a><\/td><td>residencia de larga duraci\u00f3nposibilidad de trabajar en EE.UU.<\/td><td>muy dif\u00edcil de obtener plazos de entrega muy largoscaro<\/td><\/tr><tr><td>Visa<\/td><td>estancia de media duraci\u00f3nposibilidad de trabajar en EE.UU., seg\u00fan el tipo de estancia<\/td><td>bastante dif\u00edcil de obtener plazo de entrega bastante largo caro<\/td><\/tr><tr><td>ESTA<\/td><td>f\u00e1cil de obtenerplazos de entrega muy cortoscoste bajo<\/td><td>no da derecho a ocupar un puesto en EE.UU. Duraci\u00f3n de la estancia limitada a 90 d\u00edas<\/td><\/tr><\/tbody><\/table><\/figure>\n\n<p>Esta tabla muestra que el ESTA ofrece el mayor n\u00famero de ventajas y el menor n\u00famero de inconvenientes.<\/p>\n\n<p>El ESTA es la soluci\u00f3n ideal para las personas que desean permanecer en Estados Unidos un m\u00e1ximo de 90 d\u00edas consecutivos, por motivos tur\u00edsticos o de negocios. Aunque el ESTA obligatorio no te permite ocupar un puesto de trabajo en Estados Unidos, s\u00ed te permite viajar a Estados Unidos para asistir a reuniones o conferencias, o realizar un curso de formaci\u00f3n no remunerado de corta duraci\u00f3n, etc. <\/p>\n\n<p>El ESTA, que significa \u00abSistema El\u00e9ctrico de Autorizaci\u00f3n de Viaje\u00bb, se cre\u00f3 para simplificar los viajes a Estados Unidos de los ciudadanos no estadounidenses. Creado como parte del <a href=\"https:\/\/www.esta-officiel-usa.com\/es\/acerca-del-programa-de-exencion-de-visado\/\">Programa de Exenci\u00f3n de Visado<\/a>, actualmente 38 pa\u00edses se benefician de \u00e9l. <\/p>\n\n<p>Desde entonces, cada a\u00f1o millones de viajeros han aprovechado esta oportunidad de autorizaci\u00f3n simplificada. Si t\u00fa tambi\u00e9n quieres recibir la tuya, esta-officiel-usa.com puede ayudarte con el proceso. <\/p>\n\n<h2 class=\"wp-block-heading\">SOLICITA TU FORMULARIO ESTA OBLIGATORIO<\/h2>\n\n<p>esta-officiel-usa.com es un proveedor privado de servicios que ayuda a los viajeros a solicitar permiso de estancia en EE.UU.<\/p>\n\n<p>Haciendo clic en nuestra plataforma, puedes acceder a un cuestionario ESTA obligatorio en franc\u00e9s. Una vez cumplimentado el formulario, \u00a1nuestro equipo toma el relevo! Comprobamos tus respuestas una a una para minimizar el riesgo de error. Se trata de una etapa importante, ya que el m\u00e1s m\u00ednimo error en la cumplimentaci\u00f3n del formulario puede dar lugar a la denegaci\u00f3n de tu autorizaci\u00f3n. A continuaci\u00f3n, enviamos tu cuestionario a las <a href=\"https:\/\/www.esta-officiel-usa.com\/es\/departamento-de-seguridad-interior\/\">autoridades estadounidenses del Departamento de Seguridad Nacional<\/a>, ya que es el \u00fanico departamento autorizado actualmente a conceder permisos de residencia. Recibir\u00e1s el documento directamente en tu buz\u00f3n de correo electr\u00f3nico en un plazo de 72 horas, normalmente el mismo d\u00eda. Una vez recibido el documento, s\u00f3lo tienes que descargarlo en formato PDF e imprimirlo si es necesario.      <\/p>\n\n<p>Con tu autorizaci\u00f3n en la mano, est\u00e1s listo para empezar a ver los <a href=\"https:\/\/www.esta-officiel-usa.com\/fr\/les-demarches-pour-visiter-les-etats-unis\/\">dem\u00e1s pasos que tienes que dar para visitar Estados Unidos<\/a> (alojamiento, visitas, salidas, viajes, etc.).<br\/><br\/><\/p>\n","protected":false},"excerpt":{"rendered":"<p>VIAJAR CON UN FORMULARIO ESTA OBLIGATORIO Todos los ciudadanos no estadounidenses necesitan un permiso de residencia, como elESTA, para viajar a Estados Unidos. En este art\u00edculo, te explicamos c\u00f3mo puedes obtener el tuyo a menor coste. \u00bfESTA ES OBLIGATORIA O NO? En la actualidad, hay 3 tipos de autorizaci\u00f3n que permiten a los franceses viajar [&hellip;]<\/p>\n","protected":false},"author":1,"featured_media":0,"parent":0,"menu_order":0,"comment_status":"closed","ping_status":"closed","template":"","meta":{"footnotes":""},"class_list":["post-1610","page","type-page","status-publish","hentry"],"yoast_head":"<!-- This site is optimized with the Yoast SEO plugin v26.2 - https:\/\/yoast.com\/wordpress\/plugins\/seo\/ -->\n<title>Solicitud obligatoria del ESTA para Estados Unidos por Internet<\/title>\n<meta name=\"description\" content=\"Todos los ciudadanos no estadounidenses deben tener autorizaci\u00f3n para entrar en Estados Unidos. Inf\u00f3rmate sobre los tipos de solicitud necesarios en nuestra p\u00e1gina.\" \/>\n<meta name=\"robots\" content=\"index, follow, max-snippet:-1, max-image-preview:large, max-video-preview:-1\" \/>\n<link rel=\"canonical\" href=\"https:\/\/www.esta-officiel-usa.com\/es\/solicitud-obligatoria-del-esta-para-estados-unidos-por-internet\/\" \/>\n<meta property=\"og:locale\" content=\"es_ES\" \/>\n<meta property=\"og:type\" content=\"article\" \/>\n<meta property=\"og:title\" content=\"Solicitud obligatoria del ESTA para Estados Unidos por Internet\" \/>\n<meta property=\"og:description\" content=\"Todos los ciudadanos no estadounidenses deben tener autorizaci\u00f3n para entrar en Estados Unidos. Inf\u00f3rmate sobre los tipos de solicitud necesarios en nuestra p\u00e1gina.\" \/>\n<meta property=\"og:url\" content=\"https:\/\/www.esta-officiel-usa.com\/es\/solicitud-obligatoria-del-esta-para-estados-unidos-por-internet\/\" \/>\n<meta property=\"og:site_name\" content=\"ESTA - Estados Unidos\" \/>\n<meta property=\"article:modified_time\" content=\"2025-09-13T12:04:40+00:00\" \/>\n<meta name=\"twitter:card\" content=\"summary_large_image\" \/>\n<meta name=\"twitter:label1\" content=\"Tiempo de lectura\" \/>\n\t<meta name=\"twitter:data1\" content=\"3 minutos\" \/>\n<script type=\"application\/ld+json\" class=\"yoast-schema-graph\">{\"@context\":\"https:\/\/schema.org\",\"@graph\":[{\"@type\":\"WebPage\",\"@id\":\"https:\/\/www.esta-officiel-usa.com\/es\/solicitud-obligatoria-del-esta-para-estados-unidos-por-internet\/\",\"url\":\"https:\/\/www.esta-officiel-usa.com\/es\/solicitud-obligatoria-del-esta-para-estados-unidos-por-internet\/\",\"name\":\"Solicitud obligatoria del ESTA para Estados Unidos por Internet\",\"isPartOf\":{\"@id\":\"https:\/\/www.esta-officiel-usa.com\/es\/#website\"},\"datePublished\":\"2025-09-13T12:04:35+00:00\",\"dateModified\":\"2025-09-13T12:04:40+00:00\",\"description\":\"Todos los ciudadanos no estadounidenses deben tener autorizaci\u00f3n para entrar en Estados Unidos. Inf\u00f3rmate sobre los tipos de solicitud necesarios en nuestra p\u00e1gina.\",\"breadcrumb\":{\"@id\":\"https:\/\/www.esta-officiel-usa.com\/es\/solicitud-obligatoria-del-esta-para-estados-unidos-por-internet\/#breadcrumb\"},\"inLanguage\":\"es\",\"potentialAction\":[{\"@type\":\"ReadAction\",\"target\":[\"https:\/\/www.esta-officiel-usa.com\/es\/solicitud-obligatoria-del-esta-para-estados-unidos-por-internet\/\"]}]},{\"@type\":\"BreadcrumbList\",\"@id\":\"https:\/\/www.esta-officiel-usa.com\/es\/solicitud-obligatoria-del-esta-para-estados-unidos-por-internet\/#breadcrumb\",\"itemListElement\":[{\"@type\":\"ListItem\",\"position\":1,\"name\":\"Inicio\",\"item\":\"https:\/\/www.esta-officiel-usa.com\/es\/\"},{\"@type\":\"ListItem\",\"position\":2,\"name\":\"Solicitud obligatoria del ESTA para Estados Unidos por Internet\"}]},{\"@type\":\"WebSite\",\"@id\":\"https:\/\/www.esta-officiel-usa.com\/es\/#website\",\"url\":\"https:\/\/www.esta-officiel-usa.com\/es\/\",\"name\":\"ESTA - Estados Unidos\",\"description\":\"Formulario de solicitud ESTA\",\"potentialAction\":[{\"@type\":\"SearchAction\",\"target\":{\"@type\":\"EntryPoint\",\"urlTemplate\":\"https:\/\/www.esta-officiel-usa.com\/es\/?s={search_term_string}\"},\"query-input\":{\"@type\":\"PropertyValueSpecification\",\"valueRequired\":true,\"valueName\":\"search_term_string\"}}],\"inLanguage\":\"es\"}]}<\/script>\n<!-- \/ Yoast SEO plugin. -->","yoast_head_json":{"title":"Solicitud obligatoria del ESTA para Estados Unidos por Internet","description":"Todos los ciudadanos no estadounidenses deben tener autorizaci\u00f3n para entrar en Estados Unidos. Inf\u00f3rmate sobre los tipos de solicitud necesarios en nuestra p\u00e1gina.","robots":{"index":"index","follow":"follow","max-snippet":"max-snippet:-1","max-image-preview":"max-image-preview:large","max-video-preview":"max-video-preview:-1"},"canonical":"https:\/\/www.esta-officiel-usa.com\/es\/solicitud-obligatoria-del-esta-para-estados-unidos-por-internet\/","og_locale":"es_ES","og_type":"article","og_title":"Solicitud obligatoria del ESTA para Estados Unidos por Internet","og_description":"Todos los ciudadanos no estadounidenses deben tener autorizaci\u00f3n para entrar en Estados Unidos. Inf\u00f3rmate sobre los tipos de solicitud necesarios en nuestra p\u00e1gina.","og_url":"https:\/\/www.esta-officiel-usa.com\/es\/solicitud-obligatoria-del-esta-para-estados-unidos-por-internet\/","og_site_name":"ESTA - Estados Unidos","article_modified_time":"2025-09-13T12:04:40+00:00","twitter_card":"summary_large_image","twitter_misc":{"Tiempo de lectura":"3 minutos"},"schema":{"@context":"https:\/\/schema.org","@graph":[{"@type":"WebPage","@id":"https:\/\/www.esta-officiel-usa.com\/es\/solicitud-obligatoria-del-esta-para-estados-unidos-por-internet\/","url":"https:\/\/www.esta-officiel-usa.com\/es\/solicitud-obligatoria-del-esta-para-estados-unidos-por-internet\/","name":"Solicitud obligatoria del ESTA para Estados Unidos por Internet","isPartOf":{"@id":"https:\/\/www.esta-officiel-usa.com\/es\/#website"},"datePublished":"2025-09-13T12:04:35+00:00","dateModified":"2025-09-13T12:04:40+00:00","description":"Todos los ciudadanos no estadounidenses deben tener autorizaci\u00f3n para entrar en Estados Unidos. Inf\u00f3rmate sobre los tipos de solicitud necesarios en nuestra p\u00e1gina.","breadcrumb":{"@id":"https:\/\/www.esta-officiel-usa.com\/es\/solicitud-obligatoria-del-esta-para-estados-unidos-por-internet\/#breadcrumb"},"inLanguage":"es","potentialAction":[{"@type":"ReadAction","target":["https:\/\/www.esta-officiel-usa.com\/es\/solicitud-obligatoria-del-esta-para-estados-unidos-por-internet\/"]}]},{"@type":"BreadcrumbList","@id":"https:\/\/www.esta-officiel-usa.com\/es\/solicitud-obligatoria-del-esta-para-estados-unidos-por-internet\/#breadcrumb","itemListElement":[{"@type":"ListItem","position":1,"name":"Inicio","item":"https:\/\/www.esta-officiel-usa.com\/es\/"},{"@type":"ListItem","position":2,"name":"Solicitud obligatoria del ESTA para Estados Unidos por Internet"}]},{"@type":"WebSite","@id":"https:\/\/www.esta-officiel-usa.com\/es\/#website","url":"https:\/\/www.esta-officiel-usa.com\/es\/","name":"ESTA - Estados Unidos","description":"Formulario de solicitud ESTA","potentialAction":[{"@type":"SearchAction","target":{"@type":"EntryPoint","urlTemplate":"https:\/\/www.esta-officiel-usa.com\/es\/?s={search_term_string}"},"query-input":{"@type":"PropertyValueSpecification","valueRequired":true,"valueName":"search_term_string"}}],"inLanguage":"es"}]}},"_links":{"self":[{"href":"https:\/\/www.esta-officiel-usa.com\/es\/wp-json\/wp\/v2\/pages\/1610","targetHints":{"allow":["GET"]}}],"collection":[{"href":"https:\/\/www.esta-officiel-usa.com\/es\/wp-json\/wp\/v2\/pages"}],"about":[{"href":"https:\/\/www.esta-officiel-usa.com\/es\/wp-json\/wp\/v2\/types\/page"}],"author":[{"embeddable":true,"href":"https:\/\/www.esta-officiel-usa.com\/es\/wp-json\/wp\/v2\/users\/1"}],"replies":[{"embeddable":true,"href":"https:\/\/www.esta-officiel-usa.com\/es\/wp-json\/wp\/v2\/comments?post=1610"}],"version-history":[{"count":1,"href":"https:\/\/www.esta-officiel-usa.com\/es\/wp-json\/wp\/v2\/pages\/1610\/revisions"}],"predecessor-version":[{"id":1613,"href":"https:\/\/www.esta-officiel-usa.com\/es\/wp-json\/wp\/v2\/pages\/1610\/revisions\/1613"}],"wp:attachment":[{"href":"https:\/\/www.esta-officiel-usa.com\/es\/wp-json\/wp\/v2\/media?parent=1610"}],"curies":[{"name":"wp","href":"https:\/\/api.w.org\/{rel}","templated":true}]}}