{"id":1611,"date":"2025-09-13T12:04:35","date_gmt":"2025-09-13T12:04:35","guid":{"rendered":"https:\/\/www.esta-officiel-usa.com\/cuando-solicitar-el-esta\/"},"modified":"2025-09-13T12:04:40","modified_gmt":"2025-09-13T12:04:40","slug":"cuando-solicitar-el-esta","status":"publish","type":"page","link":"https:\/\/www.esta-officiel-usa.com\/es\/cuando-solicitar-el-esta\/","title":{"rendered":"Cu\u00e1ndo solicitar el ESTA"},"content":{"rendered":"\n<h1 class=\"wp-block-heading\">SOLICITAR UNA ESTA: \u00bfCU\u00c1NDO DEBES SOLICITARLA Y CU\u00c1NTO TARDA?<\/h1>\n\n<p>En la mayor\u00eda de los casos, puedes obtener <a href=\"https:\/\/www.esta-officiel-usa.com\/es\/\">la autorizaci\u00f3n ESTA<\/a> en s\u00f3lo unas horas. Pero cuidado, \u00a1la mayor\u00eda no significa todos! Por ello, te aconsejamos que lo solicites con al menos 72 horas de antelaci\u00f3n, para evitar retrasos o complicaciones en la tramitaci\u00f3n de tu formulario. Esto te facilitar\u00e1 mucho los preparativos.   <\/p>\n\n<h2 class=\"wp-block-heading\">EL TIEMPO NECESARIO PARA TU RESPUESTA ESTA<\/h2>\n\n<p>La autorizaci\u00f3n ESTA es necesaria para entrar en EE.UU., si cumples los criterios. Pero aseg\u00farate de solicitarla con tiempo. En primer lugar, debes ser ciudadano de uno de los 38 pa\u00edses que participan en el VWP o Programa de Exenci\u00f3n de Visado (se aplican ciertas excepciones a los ciudadanos con doble nacionalidad). De lo contrario, necesitar\u00e1s un visado para viajar a Estados Unidos. El ESTA oficial est\u00e1 sujeto a otras condiciones:    <\/p>\n\n<ul class=\"wp-block-list\"><li>90 d\u00edas consecutivos como m\u00e1ximo ;<\/li><li>Por turismo, tr\u00e1nsito o negocios;<\/li><li>Con un pasaporte biom\u00e9trico o electr\u00f3nico v\u00e1lido hasta el final de la estancia.<\/li><\/ul>\n\n<p>\u00bfCumples estos criterios? Entonces lleva contigo tu pasaporte y rellena el cuestionario en l\u00ednea, que ser\u00e1 tramitado por las autoridades estadounidenses. <\/p>\n\n<p>No esperes a tener definidos todos los detalles del viaje (fecha de salida, reserva del billete, etc.) para iniciar el procedimiento. El plazo m\u00e1ximo de tramitaci\u00f3n es de 72 horas, as\u00ed que no te arriesgues a enviar el formulario el d\u00eda antes del despegue, por ejemplo. Si cometes un error tipogr\u00e1fico, podr\u00edas encontrarte sin ESTA en el aeropuerto, en cuyo caso ser\u00eda imposible entrar en Estados Unidos.  <\/p>\n\n<p>Como puedes ver, aunque el 99% de las solicitudes reciben r\u00e1pidamente una respuesta positiva, \u00a1es mejor planificarlo en cuanto tengas unos minutos! En el peor de los casos, recibir\u00e1s una denegaci\u00f3n que puede obligarte a solicitar de nuevo el visado. Si esto te ocurre, necesitar\u00e1s mucho m\u00e1s tiempo para esperar viajar a EE.UU. (y el coste ser\u00e1 mayor).  <\/p>\n\n<h2 class=\"wp-block-heading\">UNA CONSIGNA: \u00a1ANTICIPA TUS NECESIDADES!<\/h2>\n\n<p>\u00bfQu\u00e9 ocurre una vez que tu <a href=\"https:\/\/www.esta-officiel-usa.com\/es\/formulario-esta-a-rellenar-en-frances\/\">formulario ESTA<\/a> se ha enviado online a las autoridades estadounidenses? Tus respuestas se procesan inform\u00e1ticamente para comprobar que tus datos son correctos y que no representas ning\u00fan peligro para la seguridad de Estados Unidos. No des por sentado que, por el mero hecho de que tu formulario parezca haber sido cumplimentado correctamente, la autorizaci\u00f3n se emitir\u00e1 necesariamente con rapidez. Por ejemplo, tu solicitud puede ser seleccionada al azar para una revisi\u00f3n en profundidad. Esto es totalmente imprevisible, por lo que toda anticipaci\u00f3n es bienvenida.    <\/p>\n\n<p>Recuerda, sin embargo, que los ESTA suelen expedirse mucho antes de las 72 horas. Si no has podido planificar tu viaje con antelaci\u00f3n (por motivos profesionales de \u00faltima hora, por ejemplo), puedes estar tranquilo: es probable que a\u00fan puedas tomar tu avi\u00f3n o barco a EE.UU. <\/p>\n\n<p>Hay muchas otras preguntas sobre el <a href=\"https:\/\/www.esta-officiel-usa.com\/es\/esta-cuanto-cuesta\/\">precio del ESTA<\/a>, los tipos de pasaporte o c\u00f3mo <a href=\"https:\/\/www.esta-officiel-usa.com\/es\/solicitar-el-esta-en-un-sitio-web-oficial\/\">solicitar el ESTA en el sitio web oficial<\/a>. \u00a1Consulta nuestras otras p\u00e1ginas para encontrar las respuestas! <\/p>\n","protected":false},"excerpt":{"rendered":"<p>SOLICITAR UNA ESTA: \u00bfCU\u00c1NDO DEBES SOLICITARLA Y CU\u00c1NTO TARDA? En la mayor\u00eda de los casos, puedes obtener la autorizaci\u00f3n ESTA en s\u00f3lo unas horas. Pero cuidado, \u00a1la mayor\u00eda no significa todos! Por ello, te aconsejamos que lo solicites con al menos 72 horas de antelaci\u00f3n, para evitar retrasos o complicaciones en la tramitaci\u00f3n de tu [&hellip;]<\/p>\n","protected":false},"author":1,"featured_media":0,"parent":0,"menu_order":0,"comment_status":"closed","ping_status":"closed","template":"","meta":{"footnotes":""},"class_list":["post-1611","page","type-page","status-publish","hentry"],"yoast_head":"<!-- This site is optimized with the Yoast SEO plugin v26.2 - https:\/\/yoast.com\/wordpress\/plugins\/seo\/ -->\n<title>Cu\u00e1ndo solicitar el ESTA<\/title>\n<meta name=\"description\" content=\"Aunque sea posible obtener tu solicitud ESTA en unas horas, para mayor tranquilidad inf\u00f3rmate de cu\u00e1ndo debes solicitarla.\" \/>\n<meta name=\"robots\" content=\"index, follow, max-snippet:-1, max-image-preview:large, max-video-preview:-1\" \/>\n<link rel=\"canonical\" href=\"https:\/\/www.esta-officiel-usa.com\/es\/cuando-solicitar-el-esta\/\" \/>\n<meta property=\"og:locale\" content=\"es_ES\" \/>\n<meta property=\"og:type\" content=\"article\" \/>\n<meta property=\"og:title\" content=\"Cu\u00e1ndo solicitar el ESTA\" \/>\n<meta property=\"og:description\" content=\"Aunque sea posible obtener tu solicitud ESTA en unas horas, para mayor tranquilidad inf\u00f3rmate de cu\u00e1ndo debes solicitarla.\" \/>\n<meta property=\"og:url\" content=\"https:\/\/www.esta-officiel-usa.com\/es\/cuando-solicitar-el-esta\/\" \/>\n<meta property=\"og:site_name\" content=\"ESTA - Estados Unidos\" \/>\n<meta property=\"article:modified_time\" content=\"2025-09-13T12:04:40+00:00\" \/>\n<meta name=\"twitter:card\" content=\"summary_large_image\" \/>\n<meta name=\"twitter:label1\" content=\"Tiempo de lectura\" \/>\n\t<meta name=\"twitter:data1\" content=\"3 minutos\" \/>\n<script type=\"application\/ld+json\" class=\"yoast-schema-graph\">{\"@context\":\"https:\/\/schema.org\",\"@graph\":[{\"@type\":\"WebPage\",\"@id\":\"https:\/\/www.esta-officiel-usa.com\/es\/cuando-solicitar-el-esta\/\",\"url\":\"https:\/\/www.esta-officiel-usa.com\/es\/cuando-solicitar-el-esta\/\",\"name\":\"Cu\u00e1ndo solicitar el ESTA\",\"isPartOf\":{\"@id\":\"https:\/\/www.esta-officiel-usa.com\/es\/#website\"},\"datePublished\":\"2025-09-13T12:04:35+00:00\",\"dateModified\":\"2025-09-13T12:04:40+00:00\",\"description\":\"Aunque sea posible obtener tu solicitud ESTA en unas horas, para mayor tranquilidad inf\u00f3rmate de cu\u00e1ndo debes solicitarla.\",\"breadcrumb\":{\"@id\":\"https:\/\/www.esta-officiel-usa.com\/es\/cuando-solicitar-el-esta\/#breadcrumb\"},\"inLanguage\":\"es\",\"potentialAction\":[{\"@type\":\"ReadAction\",\"target\":[\"https:\/\/www.esta-officiel-usa.com\/es\/cuando-solicitar-el-esta\/\"]}]},{\"@type\":\"BreadcrumbList\",\"@id\":\"https:\/\/www.esta-officiel-usa.com\/es\/cuando-solicitar-el-esta\/#breadcrumb\",\"itemListElement\":[{\"@type\":\"ListItem\",\"position\":1,\"name\":\"Inicio\",\"item\":\"https:\/\/www.esta-officiel-usa.com\/es\/\"},{\"@type\":\"ListItem\",\"position\":2,\"name\":\"Cu\u00e1ndo solicitar el ESTA\"}]},{\"@type\":\"WebSite\",\"@id\":\"https:\/\/www.esta-officiel-usa.com\/es\/#website\",\"url\":\"https:\/\/www.esta-officiel-usa.com\/es\/\",\"name\":\"ESTA - Estados Unidos\",\"description\":\"Formulario de solicitud ESTA\",\"potentialAction\":[{\"@type\":\"SearchAction\",\"target\":{\"@type\":\"EntryPoint\",\"urlTemplate\":\"https:\/\/www.esta-officiel-usa.com\/es\/?s={search_term_string}\"},\"query-input\":{\"@type\":\"PropertyValueSpecification\",\"valueRequired\":true,\"valueName\":\"search_term_string\"}}],\"inLanguage\":\"es\"}]}<\/script>\n<!-- \/ Yoast SEO plugin. -->","yoast_head_json":{"title":"Cu\u00e1ndo solicitar el ESTA","description":"Aunque sea posible obtener tu solicitud ESTA en unas horas, para mayor tranquilidad inf\u00f3rmate de cu\u00e1ndo debes solicitarla.","robots":{"index":"index","follow":"follow","max-snippet":"max-snippet:-1","max-image-preview":"max-image-preview:large","max-video-preview":"max-video-preview:-1"},"canonical":"https:\/\/www.esta-officiel-usa.com\/es\/cuando-solicitar-el-esta\/","og_locale":"es_ES","og_type":"article","og_title":"Cu\u00e1ndo solicitar el ESTA","og_description":"Aunque sea posible obtener tu solicitud ESTA en unas horas, para mayor tranquilidad inf\u00f3rmate de cu\u00e1ndo debes solicitarla.","og_url":"https:\/\/www.esta-officiel-usa.com\/es\/cuando-solicitar-el-esta\/","og_site_name":"ESTA - Estados Unidos","article_modified_time":"2025-09-13T12:04:40+00:00","twitter_card":"summary_large_image","twitter_misc":{"Tiempo de lectura":"3 minutos"},"schema":{"@context":"https:\/\/schema.org","@graph":[{"@type":"WebPage","@id":"https:\/\/www.esta-officiel-usa.com\/es\/cuando-solicitar-el-esta\/","url":"https:\/\/www.esta-officiel-usa.com\/es\/cuando-solicitar-el-esta\/","name":"Cu\u00e1ndo solicitar el ESTA","isPartOf":{"@id":"https:\/\/www.esta-officiel-usa.com\/es\/#website"},"datePublished":"2025-09-13T12:04:35+00:00","dateModified":"2025-09-13T12:04:40+00:00","description":"Aunque sea posible obtener tu solicitud ESTA en unas horas, para mayor tranquilidad inf\u00f3rmate de cu\u00e1ndo debes solicitarla.","breadcrumb":{"@id":"https:\/\/www.esta-officiel-usa.com\/es\/cuando-solicitar-el-esta\/#breadcrumb"},"inLanguage":"es","potentialAction":[{"@type":"ReadAction","target":["https:\/\/www.esta-officiel-usa.com\/es\/cuando-solicitar-el-esta\/"]}]},{"@type":"BreadcrumbList","@id":"https:\/\/www.esta-officiel-usa.com\/es\/cuando-solicitar-el-esta\/#breadcrumb","itemListElement":[{"@type":"ListItem","position":1,"name":"Inicio","item":"https:\/\/www.esta-officiel-usa.com\/es\/"},{"@type":"ListItem","position":2,"name":"Cu\u00e1ndo solicitar el ESTA"}]},{"@type":"WebSite","@id":"https:\/\/www.esta-officiel-usa.com\/es\/#website","url":"https:\/\/www.esta-officiel-usa.com\/es\/","name":"ESTA - Estados Unidos","description":"Formulario de solicitud ESTA","potentialAction":[{"@type":"SearchAction","target":{"@type":"EntryPoint","urlTemplate":"https:\/\/www.esta-officiel-usa.com\/es\/?s={search_term_string}"},"query-input":{"@type":"PropertyValueSpecification","valueRequired":true,"valueName":"search_term_string"}}],"inLanguage":"es"}]}},"_links":{"self":[{"href":"https:\/\/www.esta-officiel-usa.com\/es\/wp-json\/wp\/v2\/pages\/1611","targetHints":{"allow":["GET"]}}],"collection":[{"href":"https:\/\/www.esta-officiel-usa.com\/es\/wp-json\/wp\/v2\/pages"}],"about":[{"href":"https:\/\/www.esta-officiel-usa.com\/es\/wp-json\/wp\/v2\/types\/page"}],"author":[{"embeddable":true,"href":"https:\/\/www.esta-officiel-usa.com\/es\/wp-json\/wp\/v2\/users\/1"}],"replies":[{"embeddable":true,"href":"https:\/\/www.esta-officiel-usa.com\/es\/wp-json\/wp\/v2\/comments?post=1611"}],"version-history":[{"count":1,"href":"https:\/\/www.esta-officiel-usa.com\/es\/wp-json\/wp\/v2\/pages\/1611\/revisions"}],"predecessor-version":[{"id":1612,"href":"https:\/\/www.esta-officiel-usa.com\/es\/wp-json\/wp\/v2\/pages\/1611\/revisions\/1612"}],"wp:attachment":[{"href":"https:\/\/www.esta-officiel-usa.com\/es\/wp-json\/wp\/v2\/media?parent=1611"}],"curies":[{"name":"wp","href":"https:\/\/api.w.org\/{rel}","templated":true}]}}