{"id":1619,"date":"2025-09-13T12:04:37","date_gmt":"2025-09-13T12:04:37","guid":{"rendered":"https:\/\/www.esta-officiel-usa.com\/tengo-que-imprimir-mi-solicitud-esta\/"},"modified":"2025-09-13T12:04:40","modified_gmt":"2025-09-13T12:04:40","slug":"tengo-que-imprimir-mi-solicitud-esta","status":"publish","type":"page","link":"https:\/\/www.esta-officiel-usa.com\/es\/tengo-que-imprimir-mi-solicitud-esta\/","title":{"rendered":"\u00bfTengo que imprimir mi solicitud ESTA?"},"content":{"rendered":"\n<h1 class=\"wp-block-heading\">\u00bfHAY QUE IMPRIMIR LA ESTA PARA QUE SEA V\u00c1LIDA?<\/h1>\n\n<p>Esta pregunta cruza muchas mentes cuando recibes una <a href=\"https:\/\/www.esta-officiel-usa.com\/es\/\">autorizaci\u00f3n ESTA<\/a> para viajar a Estados Unidos. El proceso se realiza online y el documento se recibe en formato digital. \u00bfQu\u00e9 debes hacer a continuaci\u00f3n? \u00bfTienes que imprimirlo y presentarlo a las autoridades en cuanto despegues? \u00bfO puedes prescindir de cualquier prueba escrita? Como recordatorio, el ESTA s\u00f3lo est\u00e1 disponible para los nacionales de los pa\u00edses que participan en el Programa de Exenci\u00f3n de Visado. Las dem\u00e1s personas que tengan previsto viajar a Estados Unidos tendr\u00e1n que obtener uno de las docenas de visados que existen, en funci\u00f3n del objeto de su estancia.     <\/p>\n\n<h2 class=\"wp-block-heading\">IMPRIMIR LA ESTA NO ES OBLIGATORIO<\/h2>\n\n<p>Cuando solicitas entrar en EE.UU. utilizando un formulario oficial ESTA, todo lo que ocurre despu\u00e9s est\u00e1 informatizado: tratamiento de la informaci\u00f3n introducida, posibles solicitudes de <a href=\"https:\/\/www.esta-officiel-usa.com\/es\/como-actualizar-tu-autorizacion-esta\/\">actualizaci\u00f3n del ESTA<\/a>, env\u00edo de la autorizaci\u00f3n o denegaci\u00f3n, etc. Por su parte, las autoridades estadounidenses pueden conocer tu situaci\u00f3n en cualquier momento, sin necesidad de ver tu autorizaci\u00f3n en papel. <\/p>\n\n<p>Por tanto, no es necesario imprimir el ESTA, ya que es relativamente f\u00e1cil obtener tu autorizaci\u00f3n electr\u00f3nicamente. Cuando llegues a Estados Unidos, se comprobar\u00e1 tu pasaporte y se utilizar\u00e1 como identificador para que las autoridades puedan acceder a tu expediente y confirmar tu autorizaci\u00f3n de estancia. En este caso, no necesitar\u00e1s mostrar tu ESTA.  <\/p>\n\n<p>Nota: ten en cuenta que los ESTA se expiden r\u00e1pidamente (en menos de 72 horas), pero no autom\u00e1ticamente. Si tienes previsto salir pronto, aseg\u00farate de solicitarlo con antelaci\u00f3n para no acabar con prisas y cometer errores por descuido al rellenar los campos del formulario online. <\/p>\n\n<h2 class=\"wp-block-heading\">GUARDA UNA COPIA DEL DOCUMENTO COMO PRECAUCI\u00d3N<\/h2>\n\n<p>Nunca es demasiado prudente prepararse para cualquier eventualidad y adaptarse a hip\u00f3tesis pesimistas. De hecho, ning\u00fan sistema inform\u00e1tico es infalible: a veces pueden producirse problemas o aver\u00edas, que retrasar\u00e1n tu <a href=\"https:\/\/www.esta-officiel-usa.com\/es\/cuales-son-los-tramites-para-entrar-en-estados-unidos\/\">entrada en EE.UU. a trav\u00e9s del ESTA<\/a>. Para estar lo m\u00e1s preparado posible ante cualquier eventualidad, no te cuesta nada imprimir tu documento.  <\/p>\n\n<p>Adem\u00e1s, si viajas a Estados Unidos en barco, por ejemplo, no es seguro que la compa\u00f1\u00eda disponga de medios de verificaci\u00f3n electr\u00f3nica adecuados. As\u00ed que haz lo posible por conservar una copia en papel de tu ESTA. <\/p>\n\n<p>No s\u00f3lo podr\u00e1s comprobar en todo momento cu\u00e1nto tiempo te queda antes de la fecha de caducidad (como recordatorio, la autorizaci\u00f3n te permite viajar por suelo estadounidense durante un m\u00e1ximo de 90 d\u00edas), sino que tambi\u00e9n te servir\u00e1 como prueba de <a href=\"https:\/\/www.esta-officiel-usa.com\/fr\/la-duree-de-validite-de-lesta\/\">la validez del ESTA <\/a>en caso de una nueva salida a EE.UU. dentro del periodo de 2 a\u00f1os concedido.<\/p>\n\n<p>Al mismo tiempo, anota tu n\u00famero de referencia en un papel o en tu tel\u00e9fono. Este n\u00famero te ser\u00e1 enviado al mismo tiempo que tu ESTA. Te ser\u00e1 muy \u00fatil para acelerar el proceso de control en caso de fallo t\u00e9cnico del equipo.  <\/p>\n\n<p>En conclusi\u00f3n, eres libre de imprimir o no tu autorizaci\u00f3n ESTA.<\/p>\n","protected":false},"excerpt":{"rendered":"<p>\u00bfHAY QUE IMPRIMIR LA ESTA PARA QUE SEA V\u00c1LIDA? Esta pregunta cruza muchas mentes cuando recibes una autorizaci\u00f3n ESTA para viajar a Estados Unidos. El proceso se realiza online y el documento se recibe en formato digital. \u00bfQu\u00e9 debes hacer a continuaci\u00f3n? \u00bfTienes que imprimirlo y presentarlo a las autoridades en cuanto despegues? \u00bfO puedes [&hellip;]<\/p>\n","protected":false},"author":1,"featured_media":0,"parent":0,"menu_order":0,"comment_status":"closed","ping_status":"closed","template":"","meta":{"footnotes":""},"class_list":["post-1619","page","type-page","status-publish","hentry"],"yoast_head":"<!-- This site is optimized with the Yoast SEO plugin v26.2 - https:\/\/yoast.com\/wordpress\/plugins\/seo\/ -->\n<title>\u00bfTengo que imprimir mi solicitud ESTA?<\/title>\n<meta name=\"description\" content=\"Todo est\u00e1 listo para tu estancia en Estados Unidos. Si te preguntas si debes imprimir tu ESTA, nuestros expertos tienen la respuesta.\" \/>\n<meta name=\"robots\" content=\"index, follow, max-snippet:-1, max-image-preview:large, max-video-preview:-1\" \/>\n<link rel=\"canonical\" href=\"https:\/\/www.esta-officiel-usa.com\/es\/tengo-que-imprimir-mi-solicitud-esta\/\" \/>\n<meta property=\"og:locale\" content=\"es_ES\" \/>\n<meta property=\"og:type\" content=\"article\" \/>\n<meta property=\"og:title\" content=\"\u00bfTengo que imprimir mi solicitud ESTA?\" \/>\n<meta property=\"og:description\" content=\"Todo est\u00e1 listo para tu estancia en Estados Unidos. Si te preguntas si debes imprimir tu ESTA, nuestros expertos tienen la respuesta.\" \/>\n<meta property=\"og:url\" content=\"https:\/\/www.esta-officiel-usa.com\/es\/tengo-que-imprimir-mi-solicitud-esta\/\" \/>\n<meta property=\"og:site_name\" content=\"ESTA - Estados Unidos\" \/>\n<meta property=\"article:modified_time\" content=\"2025-09-13T12:04:40+00:00\" \/>\n<meta name=\"twitter:card\" content=\"summary_large_image\" \/>\n<meta name=\"twitter:label1\" content=\"Tiempo de lectura\" \/>\n\t<meta name=\"twitter:data1\" content=\"3 minutos\" \/>\n<script type=\"application\/ld+json\" class=\"yoast-schema-graph\">{\"@context\":\"https:\/\/schema.org\",\"@graph\":[{\"@type\":\"WebPage\",\"@id\":\"https:\/\/www.esta-officiel-usa.com\/es\/tengo-que-imprimir-mi-solicitud-esta\/\",\"url\":\"https:\/\/www.esta-officiel-usa.com\/es\/tengo-que-imprimir-mi-solicitud-esta\/\",\"name\":\"\u00bfTengo que imprimir mi solicitud ESTA?\",\"isPartOf\":{\"@id\":\"https:\/\/www.esta-officiel-usa.com\/es\/#website\"},\"datePublished\":\"2025-09-13T12:04:37+00:00\",\"dateModified\":\"2025-09-13T12:04:40+00:00\",\"description\":\"Todo est\u00e1 listo para tu estancia en Estados Unidos. Si te preguntas si debes imprimir tu ESTA, nuestros expertos tienen la respuesta.\",\"breadcrumb\":{\"@id\":\"https:\/\/www.esta-officiel-usa.com\/es\/tengo-que-imprimir-mi-solicitud-esta\/#breadcrumb\"},\"inLanguage\":\"es\",\"potentialAction\":[{\"@type\":\"ReadAction\",\"target\":[\"https:\/\/www.esta-officiel-usa.com\/es\/tengo-que-imprimir-mi-solicitud-esta\/\"]}]},{\"@type\":\"BreadcrumbList\",\"@id\":\"https:\/\/www.esta-officiel-usa.com\/es\/tengo-que-imprimir-mi-solicitud-esta\/#breadcrumb\",\"itemListElement\":[{\"@type\":\"ListItem\",\"position\":1,\"name\":\"Inicio\",\"item\":\"https:\/\/www.esta-officiel-usa.com\/es\/\"},{\"@type\":\"ListItem\",\"position\":2,\"name\":\"\u00bfTengo que imprimir mi solicitud ESTA?\"}]},{\"@type\":\"WebSite\",\"@id\":\"https:\/\/www.esta-officiel-usa.com\/es\/#website\",\"url\":\"https:\/\/www.esta-officiel-usa.com\/es\/\",\"name\":\"ESTA - Estados Unidos\",\"description\":\"Formulario de solicitud ESTA\",\"potentialAction\":[{\"@type\":\"SearchAction\",\"target\":{\"@type\":\"EntryPoint\",\"urlTemplate\":\"https:\/\/www.esta-officiel-usa.com\/es\/?s={search_term_string}\"},\"query-input\":{\"@type\":\"PropertyValueSpecification\",\"valueRequired\":true,\"valueName\":\"search_term_string\"}}],\"inLanguage\":\"es\"}]}<\/script>\n<!-- \/ Yoast SEO plugin. -->","yoast_head_json":{"title":"\u00bfTengo que imprimir mi solicitud ESTA?","description":"Todo est\u00e1 listo para tu estancia en Estados Unidos. Si te preguntas si debes imprimir tu ESTA, nuestros expertos tienen la respuesta.","robots":{"index":"index","follow":"follow","max-snippet":"max-snippet:-1","max-image-preview":"max-image-preview:large","max-video-preview":"max-video-preview:-1"},"canonical":"https:\/\/www.esta-officiel-usa.com\/es\/tengo-que-imprimir-mi-solicitud-esta\/","og_locale":"es_ES","og_type":"article","og_title":"\u00bfTengo que imprimir mi solicitud ESTA?","og_description":"Todo est\u00e1 listo para tu estancia en Estados Unidos. Si te preguntas si debes imprimir tu ESTA, nuestros expertos tienen la respuesta.","og_url":"https:\/\/www.esta-officiel-usa.com\/es\/tengo-que-imprimir-mi-solicitud-esta\/","og_site_name":"ESTA - Estados Unidos","article_modified_time":"2025-09-13T12:04:40+00:00","twitter_card":"summary_large_image","twitter_misc":{"Tiempo de lectura":"3 minutos"},"schema":{"@context":"https:\/\/schema.org","@graph":[{"@type":"WebPage","@id":"https:\/\/www.esta-officiel-usa.com\/es\/tengo-que-imprimir-mi-solicitud-esta\/","url":"https:\/\/www.esta-officiel-usa.com\/es\/tengo-que-imprimir-mi-solicitud-esta\/","name":"\u00bfTengo que imprimir mi solicitud ESTA?","isPartOf":{"@id":"https:\/\/www.esta-officiel-usa.com\/es\/#website"},"datePublished":"2025-09-13T12:04:37+00:00","dateModified":"2025-09-13T12:04:40+00:00","description":"Todo est\u00e1 listo para tu estancia en Estados Unidos. Si te preguntas si debes imprimir tu ESTA, nuestros expertos tienen la respuesta.","breadcrumb":{"@id":"https:\/\/www.esta-officiel-usa.com\/es\/tengo-que-imprimir-mi-solicitud-esta\/#breadcrumb"},"inLanguage":"es","potentialAction":[{"@type":"ReadAction","target":["https:\/\/www.esta-officiel-usa.com\/es\/tengo-que-imprimir-mi-solicitud-esta\/"]}]},{"@type":"BreadcrumbList","@id":"https:\/\/www.esta-officiel-usa.com\/es\/tengo-que-imprimir-mi-solicitud-esta\/#breadcrumb","itemListElement":[{"@type":"ListItem","position":1,"name":"Inicio","item":"https:\/\/www.esta-officiel-usa.com\/es\/"},{"@type":"ListItem","position":2,"name":"\u00bfTengo que imprimir mi solicitud ESTA?"}]},{"@type":"WebSite","@id":"https:\/\/www.esta-officiel-usa.com\/es\/#website","url":"https:\/\/www.esta-officiel-usa.com\/es\/","name":"ESTA - Estados Unidos","description":"Formulario de solicitud ESTA","potentialAction":[{"@type":"SearchAction","target":{"@type":"EntryPoint","urlTemplate":"https:\/\/www.esta-officiel-usa.com\/es\/?s={search_term_string}"},"query-input":{"@type":"PropertyValueSpecification","valueRequired":true,"valueName":"search_term_string"}}],"inLanguage":"es"}]}},"_links":{"self":[{"href":"https:\/\/www.esta-officiel-usa.com\/es\/wp-json\/wp\/v2\/pages\/1619","targetHints":{"allow":["GET"]}}],"collection":[{"href":"https:\/\/www.esta-officiel-usa.com\/es\/wp-json\/wp\/v2\/pages"}],"about":[{"href":"https:\/\/www.esta-officiel-usa.com\/es\/wp-json\/wp\/v2\/types\/page"}],"author":[{"embeddable":true,"href":"https:\/\/www.esta-officiel-usa.com\/es\/wp-json\/wp\/v2\/users\/1"}],"replies":[{"embeddable":true,"href":"https:\/\/www.esta-officiel-usa.com\/es\/wp-json\/wp\/v2\/comments?post=1619"}],"version-history":[{"count":1,"href":"https:\/\/www.esta-officiel-usa.com\/es\/wp-json\/wp\/v2\/pages\/1619\/revisions"}],"predecessor-version":[{"id":1620,"href":"https:\/\/www.esta-officiel-usa.com\/es\/wp-json\/wp\/v2\/pages\/1619\/revisions\/1620"}],"wp:attachment":[{"href":"https:\/\/www.esta-officiel-usa.com\/es\/wp-json\/wp\/v2\/media?parent=1619"}],"curies":[{"name":"wp","href":"https:\/\/api.w.org\/{rel}","templated":true}]}}