{"id":1645,"date":"2025-09-13T12:04:46","date_gmt":"2025-09-13T12:04:46","guid":{"rendered":"https:\/\/www.esta-officiel-usa.com\/cuales-son-los-motivos-de-denegacion-del-esta\/"},"modified":"2025-09-13T12:04:46","modified_gmt":"2025-09-13T12:04:46","slug":"cuales-son-los-motivos-de-denegacion-del-esta","status":"publish","type":"page","link":"https:\/\/www.esta-officiel-usa.com\/es\/cuales-son-los-motivos-de-denegacion-del-esta\/","title":{"rendered":"\u00bfCu\u00e1les son los motivos de denegaci\u00f3n del ESTA?"},"content":{"rendered":"\n<h1 class=\"wp-block-heading\">MOTIVOS DE UNA DENEGACI\u00d3N DE ESTA<\/h1>\n\n<p>Si tus planes personales o profesionales implican viajar a Estados Unidos durante menos de 90 d\u00edas, probablemente solicitar\u00e1s un<a href=\"https:\/\/www.esta-officiel-usa.com\/es\/\">ESTA<\/a>, a menos, claro est\u00e1, que no seas nacional de uno de los 38 pa\u00edses del <a href=\"https:\/\/www.esta-officiel-usa.com\/es\/acerca-del-programa-de-exencion-de-visado\/\">Programa de Exenci\u00f3n de Visado<\/a>. Seg\u00fan las estad\u00edsticas, no tienes pr\u00e1cticamente ning\u00fan riesgo de que te lo denieguen. Sin embargo, no es totalmente imposible si determinados motivos son suficientemente incriminatorios a los ojos de las autoridades estadounidenses.  <br\/> <\/p>\n\n<h2 class=\"wp-block-heading\">DENEGACI\u00d3N SI NO SE CUMPLEN LOS CRITERIOS DE ESTA<\/h2>\n\n<p>El ESTA es una autorizaci\u00f3n que todos los nacionales de un pa\u00eds del Programa de Exenci\u00f3n de Visado deben obtener cuando transitan por EE.UU. o viajan all\u00ed por turismo o negocios durante un m\u00e1ximo de 90 d\u00edas consecutivos. Al mismo tiempo, su pasaporte debe ser v\u00e1lido durante toda su estancia. La solicitud ESTA es r\u00e1pida y sencilla: se realiza en l\u00ednea mediante un formulario que consta de varias etapas, con preguntas sobre tu identidad, los motivos de tu viaje, tus antecedentes penales, etc.  <br\/> <\/p>\n\n<p>Obviamente, si no se cumple alguno de los criterios anteriores, el ESTA se denegar\u00e1 autom\u00e1ticamente:<\/p>\n\n<ul class=\"wp-block-list\"><li>si procedes de un pa\u00eds en el que se exige visado, ni siquiera intentes obtener la autorizaci\u00f3n, ya que recibir\u00e1s autom\u00e1ticamente una respuesta negativa;<\/li><li>Del mismo modo, si vas a viajar durante 6 meses o 1 a\u00f1o, o si tienes intenci\u00f3n de instalarte en Estados Unidos permanentemente, necesitar\u00e1s otros documentos, como un visado o una <a href=\"https:\/\/www.esta-officiel-usa.com\/es\/obtener-la-tarjeta-verde-por-matrimonio\/\">Tarjeta Verde<\/a>;<\/li><li>\u00bfTienes pensado trabajar, <a href=\"https:\/\/www.esta-officiel-usa.com\/fr\/comment-etudier-dans-une-universite-americaine\/\">estudiar<\/a> o hacer pr\u00e1cticas, aunque sea por menos de 90 d\u00edas? No pierdas el tiempo <a href=\"https:\/\/www.esta-officiel-usa.com\/es\/el-formulario-esta-para-estados-unidos\/\">rellenando el formulario ESTA<\/a> online, no es para ti; <\/li><li>si tienes doble nacionalidad y una de tus nacionalidades es iran\u00ed, iraqu\u00ed, siria o sudanesa, no se te conceder\u00e1 el permiso de residencia en Estados Unidos.<\/li><\/ul>\n\n<p>Por \u00faltimo, adem\u00e1s de los criterios b\u00e1sicos del ESTA, puede haber una denegaci\u00f3n m\u00e1s subjetiva basada en tus respuestas, si plantean un problema de<a href=\"https:\/\/www.esta-officiel-usa.com\/es\/medidas-de-seguridad-para-entrar-en-estados-unidos\/\"> seguridad<\/a>. El <a href=\"https:\/\/www.esta-officiel-usa.com\/es\/departamento-de-seguridad-interior\/\">DHS &#8211; Departamento de Seguridad Nacional de EEUU<\/a> &#8211; considera a veces que tus antecedentes penales, tu estado de salud o tus intenciones representan un peligro para el pa\u00eds. En tales casos, no se expedir\u00e1 el ESTA. Para m\u00e1s informaci\u00f3n sobre los motivos de denegaci\u00f3n, no te pongas en contacto con embajadas o consulados; no tienen acceso ni derecho a explicarte los motivos de denegaci\u00f3n. Env\u00eda una solicitud a trav\u00e9s del sitio web del Programa de Investigaci\u00f3n de Reclamaciones de Viaje (TRIP) del DHS.    <br\/> <\/p>\n\n<h2 class=\"wp-block-heading\">\u00bfQU\u00c9 DEBO HACER SI ME DENIEGAN EL ESTA POR ESTOS MOTIVOS?<\/h2>\n\n<p>Una vez que te hayan denegado (puedes comprobar el estado de tu solicitud en Internet utilizando tu n\u00famero de solicitud ESTA), puedes esperar una respuesta positiva repitiendo tu solicitud si has detectado un error tipogr\u00e1fico en tu cuestionario. Sin embargo, tendr\u00e1s que pasar de nuevo por la fase de pago del ESTA. <\/p>\n\n<p>Para evitar este tipo de inconvenientes imprevistos, puedes confiar en nuestros expertos para comprobar tus datos y evitar que cualquier error retrase tu salida hacia Estados Unidos. Nuestra plataforma esta-officiel-usa.com ofrece un servicio de asistencia para este fin. Si tienes alguna duda, puedes ponerte en contacto con nuestros asesores en l\u00ednea para facilitarte las cosas.  <\/p>\n\n<p>Si no hay errores tipogr\u00e1ficos o si recibes una segunda denegaci\u00f3n, puedes olvidarte de tu estancia a trav\u00e9s de ESTA USA. Como alternativa, puedes obtener un visado, aunque se trata de un procedimiento m\u00e1s largo y costoso. <\/p>\n","protected":false},"excerpt":{"rendered":"<p>MOTIVOS DE UNA DENEGACI\u00d3N DE ESTA Si tus planes personales o profesionales implican viajar a Estados Unidos durante menos de 90 d\u00edas, probablemente solicitar\u00e1s unESTA, a menos, claro est\u00e1, que no seas nacional de uno de los 38 pa\u00edses del Programa de Exenci\u00f3n de Visado. Seg\u00fan las estad\u00edsticas, no tienes pr\u00e1cticamente ning\u00fan riesgo de que [&hellip;]<\/p>\n","protected":false},"author":1,"featured_media":0,"parent":0,"menu_order":0,"comment_status":"closed","ping_status":"closed","template":"","meta":{"footnotes":""},"class_list":["post-1645","page","type-page","status-publish","hentry"],"yoast_head":"<!-- This site is optimized with the Yoast SEO plugin v26.2 - https:\/\/yoast.com\/wordpress\/plugins\/seo\/ -->\n<title>\u00bfCu\u00e1les son los motivos de denegaci\u00f3n del ESTA?<\/title>\n<meta name=\"description\" content=\"Si eres nacional de uno de los 38 pa\u00edses del VWP, hay poco riesgo de que denieguen tu ESTA, pero inf\u00f3rmate de los posibles motivos de denegaci\u00f3n.\" \/>\n<meta name=\"robots\" content=\"index, follow, max-snippet:-1, max-image-preview:large, max-video-preview:-1\" \/>\n<link rel=\"canonical\" href=\"https:\/\/www.esta-officiel-usa.com\/es\/cuales-son-los-motivos-de-denegacion-del-esta\/\" \/>\n<meta property=\"og:locale\" content=\"es_ES\" \/>\n<meta property=\"og:type\" content=\"article\" \/>\n<meta property=\"og:title\" content=\"\u00bfCu\u00e1les son los motivos de denegaci\u00f3n del ESTA?\" \/>\n<meta property=\"og:description\" content=\"Si eres nacional de uno de los 38 pa\u00edses del VWP, hay poco riesgo de que denieguen tu ESTA, pero inf\u00f3rmate de los posibles motivos de denegaci\u00f3n.\" \/>\n<meta property=\"og:url\" content=\"https:\/\/www.esta-officiel-usa.com\/es\/cuales-son-los-motivos-de-denegacion-del-esta\/\" \/>\n<meta property=\"og:site_name\" content=\"ESTA - Estados Unidos\" \/>\n<meta name=\"twitter:card\" content=\"summary_large_image\" \/>\n<meta name=\"twitter:label1\" content=\"Tiempo de lectura\" \/>\n\t<meta name=\"twitter:data1\" content=\"3 minutos\" \/>\n<script type=\"application\/ld+json\" class=\"yoast-schema-graph\">{\"@context\":\"https:\/\/schema.org\",\"@graph\":[{\"@type\":\"WebPage\",\"@id\":\"https:\/\/www.esta-officiel-usa.com\/es\/cuales-son-los-motivos-de-denegacion-del-esta\/\",\"url\":\"https:\/\/www.esta-officiel-usa.com\/es\/cuales-son-los-motivos-de-denegacion-del-esta\/\",\"name\":\"\u00bfCu\u00e1les son los motivos de denegaci\u00f3n del ESTA?\",\"isPartOf\":{\"@id\":\"https:\/\/www.esta-officiel-usa.com\/es\/#website\"},\"datePublished\":\"2025-09-13T12:04:46+00:00\",\"description\":\"Si eres nacional de uno de los 38 pa\u00edses del VWP, hay poco riesgo de que denieguen tu ESTA, pero inf\u00f3rmate de los posibles motivos de denegaci\u00f3n.\",\"breadcrumb\":{\"@id\":\"https:\/\/www.esta-officiel-usa.com\/es\/cuales-son-los-motivos-de-denegacion-del-esta\/#breadcrumb\"},\"inLanguage\":\"es\",\"potentialAction\":[{\"@type\":\"ReadAction\",\"target\":[\"https:\/\/www.esta-officiel-usa.com\/es\/cuales-son-los-motivos-de-denegacion-del-esta\/\"]}]},{\"@type\":\"BreadcrumbList\",\"@id\":\"https:\/\/www.esta-officiel-usa.com\/es\/cuales-son-los-motivos-de-denegacion-del-esta\/#breadcrumb\",\"itemListElement\":[{\"@type\":\"ListItem\",\"position\":1,\"name\":\"Inicio\",\"item\":\"https:\/\/www.esta-officiel-usa.com\/es\/\"},{\"@type\":\"ListItem\",\"position\":2,\"name\":\"\u00bfCu\u00e1les son los motivos de denegaci\u00f3n del ESTA?\"}]},{\"@type\":\"WebSite\",\"@id\":\"https:\/\/www.esta-officiel-usa.com\/es\/#website\",\"url\":\"https:\/\/www.esta-officiel-usa.com\/es\/\",\"name\":\"ESTA - Estados Unidos\",\"description\":\"Formulario de solicitud ESTA\",\"potentialAction\":[{\"@type\":\"SearchAction\",\"target\":{\"@type\":\"EntryPoint\",\"urlTemplate\":\"https:\/\/www.esta-officiel-usa.com\/es\/?s={search_term_string}\"},\"query-input\":{\"@type\":\"PropertyValueSpecification\",\"valueRequired\":true,\"valueName\":\"search_term_string\"}}],\"inLanguage\":\"es\"}]}<\/script>\n<!-- \/ Yoast SEO plugin. -->","yoast_head_json":{"title":"\u00bfCu\u00e1les son los motivos de denegaci\u00f3n del ESTA?","description":"Si eres nacional de uno de los 38 pa\u00edses del VWP, hay poco riesgo de que denieguen tu ESTA, pero inf\u00f3rmate de los posibles motivos de denegaci\u00f3n.","robots":{"index":"index","follow":"follow","max-snippet":"max-snippet:-1","max-image-preview":"max-image-preview:large","max-video-preview":"max-video-preview:-1"},"canonical":"https:\/\/www.esta-officiel-usa.com\/es\/cuales-son-los-motivos-de-denegacion-del-esta\/","og_locale":"es_ES","og_type":"article","og_title":"\u00bfCu\u00e1les son los motivos de denegaci\u00f3n del ESTA?","og_description":"Si eres nacional de uno de los 38 pa\u00edses del VWP, hay poco riesgo de que denieguen tu ESTA, pero inf\u00f3rmate de los posibles motivos de denegaci\u00f3n.","og_url":"https:\/\/www.esta-officiel-usa.com\/es\/cuales-son-los-motivos-de-denegacion-del-esta\/","og_site_name":"ESTA - Estados Unidos","twitter_card":"summary_large_image","twitter_misc":{"Tiempo de lectura":"3 minutos"},"schema":{"@context":"https:\/\/schema.org","@graph":[{"@type":"WebPage","@id":"https:\/\/www.esta-officiel-usa.com\/es\/cuales-son-los-motivos-de-denegacion-del-esta\/","url":"https:\/\/www.esta-officiel-usa.com\/es\/cuales-son-los-motivos-de-denegacion-del-esta\/","name":"\u00bfCu\u00e1les son los motivos de denegaci\u00f3n del ESTA?","isPartOf":{"@id":"https:\/\/www.esta-officiel-usa.com\/es\/#website"},"datePublished":"2025-09-13T12:04:46+00:00","description":"Si eres nacional de uno de los 38 pa\u00edses del VWP, hay poco riesgo de que denieguen tu ESTA, pero inf\u00f3rmate de los posibles motivos de denegaci\u00f3n.","breadcrumb":{"@id":"https:\/\/www.esta-officiel-usa.com\/es\/cuales-son-los-motivos-de-denegacion-del-esta\/#breadcrumb"},"inLanguage":"es","potentialAction":[{"@type":"ReadAction","target":["https:\/\/www.esta-officiel-usa.com\/es\/cuales-son-los-motivos-de-denegacion-del-esta\/"]}]},{"@type":"BreadcrumbList","@id":"https:\/\/www.esta-officiel-usa.com\/es\/cuales-son-los-motivos-de-denegacion-del-esta\/#breadcrumb","itemListElement":[{"@type":"ListItem","position":1,"name":"Inicio","item":"https:\/\/www.esta-officiel-usa.com\/es\/"},{"@type":"ListItem","position":2,"name":"\u00bfCu\u00e1les son los motivos de denegaci\u00f3n del ESTA?"}]},{"@type":"WebSite","@id":"https:\/\/www.esta-officiel-usa.com\/es\/#website","url":"https:\/\/www.esta-officiel-usa.com\/es\/","name":"ESTA - Estados Unidos","description":"Formulario de solicitud ESTA","potentialAction":[{"@type":"SearchAction","target":{"@type":"EntryPoint","urlTemplate":"https:\/\/www.esta-officiel-usa.com\/es\/?s={search_term_string}"},"query-input":{"@type":"PropertyValueSpecification","valueRequired":true,"valueName":"search_term_string"}}],"inLanguage":"es"}]}},"_links":{"self":[{"href":"https:\/\/www.esta-officiel-usa.com\/es\/wp-json\/wp\/v2\/pages\/1645","targetHints":{"allow":["GET"]}}],"collection":[{"href":"https:\/\/www.esta-officiel-usa.com\/es\/wp-json\/wp\/v2\/pages"}],"about":[{"href":"https:\/\/www.esta-officiel-usa.com\/es\/wp-json\/wp\/v2\/types\/page"}],"author":[{"embeddable":true,"href":"https:\/\/www.esta-officiel-usa.com\/es\/wp-json\/wp\/v2\/users\/1"}],"replies":[{"embeddable":true,"href":"https:\/\/www.esta-officiel-usa.com\/es\/wp-json\/wp\/v2\/comments?post=1645"}],"version-history":[{"count":1,"href":"https:\/\/www.esta-officiel-usa.com\/es\/wp-json\/wp\/v2\/pages\/1645\/revisions"}],"predecessor-version":[{"id":1647,"href":"https:\/\/www.esta-officiel-usa.com\/es\/wp-json\/wp\/v2\/pages\/1645\/revisions\/1647"}],"wp:attachment":[{"href":"https:\/\/www.esta-officiel-usa.com\/es\/wp-json\/wp\/v2\/media?parent=1645"}],"curies":[{"name":"wp","href":"https:\/\/api.w.org\/{rel}","templated":true}]}}