{"id":1654,"date":"2025-09-13T12:04:51","date_gmt":"2025-09-13T12:04:51","guid":{"rendered":"https:\/\/www.esta-officiel-usa.com\/como-volver-a-solicitar-el-esta-tras-una-denegacion\/"},"modified":"2025-09-13T12:04:54","modified_gmt":"2025-09-13T12:04:54","slug":"como-volver-a-solicitar-el-esta-tras-una-denegacion","status":"publish","type":"page","link":"https:\/\/www.esta-officiel-usa.com\/es\/como-volver-a-solicitar-el-esta-tras-una-denegacion\/","title":{"rendered":"C\u00f3mo volver a solicitar el ESTA tras una denegaci\u00f3n"},"content":{"rendered":"\n<h1 class=\"wp-block-heading\">VOLVER A SOLICITAR UNA ESTA TRAS UNA DENEGACI\u00d3N<\/h1>\n\n<p>El<a href=\"https:\/\/www.esta-officiel-usa.com\/es\/\">ESTA<\/a> se expide en la mayor\u00eda de los casos. Sin embargo, si rechazan tu solicitud, primero debes analizar los motivos. esta-officiel-usa.com te aconseja sobre los puntos que debes comprobar antes de presentar una nueva solicitud ESTA tras el rechazo.  <\/p>\n\n<h2 class=\"wp-block-heading\">\u00bfPOR QU\u00c9 ME HAN DENEGADO LA SOLICITUD DE ESTA?<\/h2>\n\n<p>Todos los ciudadanos no estadounidenses deben tener un permiso de residencia v\u00e1lido para viajar a Estados Unidos. Puede tratarse de un visado, un ESTA o una <a href=\"https:\/\/www.esta-officiel-usa.com\/es\/obtener-la-tarjeta-verde-por-matrimonio\/\">tarjeta verde<\/a>. El ESTA es la soluci\u00f3n que eligen la mayor\u00eda de los viajeros. Es m\u00e1s f\u00e1cil y r\u00e1pido de obtener que los otros dos documentos. V\u00e1lido durante dos a\u00f1os, tambi\u00e9n es muy rentable.    <\/p>\n\n<p>Si ya has presentado una solicitud ESTA pero ha sido rechazada, empieza por comprobar los siguientes puntos:<\/p>\n\n<ul class=\"wp-block-list\">\n<li>el estado civil registrado debe coincidir con los datos que figuran en el <a href=\"https:\/\/www.esta-officiel-usa.com\/es\/que-tipo-de-pasaporte-se-necesita-para-ir-a-estados-unidos\/\">pasaporte<\/a> (apellidos, nombre, estado, etc.);<\/li>\n\n\n\n<li>El pasaporte debe ser biom\u00e9trico o electr\u00f3nico y cubrir toda la duraci\u00f3n de la estancia;<\/li>\n\n\n\n<li>debes ser ciudadano de uno de los pa\u00edses participantes en el <a href=\"https:\/\/www.esta-officiel-usa.com\/es\/acerca-del-programa-de-exencion-de-visado\/\">Programa de Exenci\u00f3n de Visado<\/a>, pero no tener doble nacionalidad de Irak, Siria, Ir\u00e1n o Somalia;<\/li>\n\n\n\n<li>debes viajar con una compa\u00f1\u00eda a\u00e9rea autorizada por EE.UU. y tener un billete de ida y vuelta que demuestre que has estado en EE.UU. un m\u00e1ximo de 90 d\u00edas;<\/li>\n\n\n\n<li>tu perfil no debe suponer una amenaza para Estados Unidos.<\/li>\n<\/ul>\n\n<p>Si deseas asistencia experta con tu nueva solicitud ESTA despu\u00e9s de que te la hayan denegado, nuestro equipo de profesionales de viajes estar\u00e1 encantado de ayudarte.<\/p>\n\n<h2 class=\"wp-block-heading\">\u00bfC\u00d3MO PRESENTO UNA NUEVA SOLICITUD ESTA?<\/h2>\n\n<p>Si te tomas el tiempo necesario para hacer tus deberes, reducir\u00e1s el riesgo de cometer un error al solicitar un nuevo ESTA. Debes releer atentamente tus respuestas antes de enviar tu <a href=\"https:\/\/www.esta-officiel-usa.com\/es\/obtener-el-formulario-esta-en-linea\/\">formulario ESTA<\/a> al departamento encargado de expedir las autorizaciones. <\/p>\n\n<p>Recibir\u00e1s tu autorizaci\u00f3n en menos de 72 horas, normalmente el mismo d\u00eda.<\/p>\n\n<p>Si tu solicitud ESTA es rechazada, puedes considerar que tu perfil no es elegible. Esto se debe a que el personal <a href=\"https:\/\/www.esta-officiel-usa.com\/es\/medidas-de-seguridad-para-entrar-en-estados-unidos\/\">de Seguridad Nacional estadounidense<\/a> tiene plenos poderes respecto a la entrada en Estados Unidos, \u00a1ya sea antes de la salida o cuando el avi\u00f3n ya ha aterrizado!   <\/p>\n\n<p>Por tanto, si rechazan tu nueva solicitud ESTA, deber\u00e1s recurrir a otras formas de autorizaci\u00f3n de residencia, como un visado o una tarjeta verde. Para ello, ponte en contacto con tu consulado o con la<a href=\"https:\/\/www.esta-officiel-usa.com\/es\/acudir-a-la-embajada-de-ee-uu-para-obtener-un-visado\/\">embajada estadounidense<\/a> en tu pa\u00eds. <\/p>\n","protected":false},"excerpt":{"rendered":"<p>VOLVER A SOLICITAR UNA ESTA TRAS UNA DENEGACI\u00d3N ElESTA se expide en la mayor\u00eda de los casos. Sin embargo, si rechazan tu solicitud, primero debes analizar los motivos. esta-officiel-usa.com te aconseja sobre los puntos que debes comprobar antes de presentar una nueva solicitud ESTA tras el rechazo. \u00bfPOR QU\u00c9 ME HAN DENEGADO LA SOLICITUD DE [&hellip;]<\/p>\n","protected":false},"author":1,"featured_media":0,"parent":0,"menu_order":0,"comment_status":"closed","ping_status":"closed","template":"","meta":{"footnotes":""},"class_list":["post-1654","page","type-page","status-publish","hentry"],"yoast_head":"<!-- This site is optimized with the Yoast SEO plugin v26.2 - https:\/\/yoast.com\/wordpress\/plugins\/seo\/ -->\n<title>C\u00f3mo volver a solicitar el ESTA tras una denegaci\u00f3n<\/title>\n<meta name=\"description\" content=\"Si eres nacional de uno de los pa\u00edses del VWP, es poco probable que denieguen tu solicitud. \u00bfQu\u00e9 debes hacer si deniegan tu solicitud?\" \/>\n<meta name=\"robots\" content=\"index, follow, max-snippet:-1, max-image-preview:large, max-video-preview:-1\" \/>\n<link rel=\"canonical\" href=\"https:\/\/www.esta-officiel-usa.com\/es\/como-volver-a-solicitar-el-esta-tras-una-denegacion\/\" \/>\n<meta property=\"og:locale\" content=\"es_ES\" \/>\n<meta property=\"og:type\" content=\"article\" \/>\n<meta property=\"og:title\" content=\"C\u00f3mo volver a solicitar el ESTA tras una denegaci\u00f3n\" \/>\n<meta property=\"og:description\" content=\"Si eres nacional de uno de los pa\u00edses del VWP, es poco probable que denieguen tu solicitud. \u00bfQu\u00e9 debes hacer si deniegan tu solicitud?\" \/>\n<meta property=\"og:url\" content=\"https:\/\/www.esta-officiel-usa.com\/es\/como-volver-a-solicitar-el-esta-tras-una-denegacion\/\" \/>\n<meta property=\"og:site_name\" content=\"ESTA - Estados Unidos\" \/>\n<meta property=\"article:modified_time\" content=\"2025-09-13T12:04:54+00:00\" \/>\n<meta name=\"twitter:card\" content=\"summary_large_image\" \/>\n<meta name=\"twitter:label1\" content=\"Tiempo de lectura\" \/>\n\t<meta name=\"twitter:data1\" content=\"2 minutos\" \/>\n<script type=\"application\/ld+json\" class=\"yoast-schema-graph\">{\"@context\":\"https:\/\/schema.org\",\"@graph\":[{\"@type\":\"WebPage\",\"@id\":\"https:\/\/www.esta-officiel-usa.com\/es\/como-volver-a-solicitar-el-esta-tras-una-denegacion\/\",\"url\":\"https:\/\/www.esta-officiel-usa.com\/es\/como-volver-a-solicitar-el-esta-tras-una-denegacion\/\",\"name\":\"C\u00f3mo volver a solicitar el ESTA tras una denegaci\u00f3n\",\"isPartOf\":{\"@id\":\"https:\/\/www.esta-officiel-usa.com\/es\/#website\"},\"datePublished\":\"2025-09-13T12:04:51+00:00\",\"dateModified\":\"2025-09-13T12:04:54+00:00\",\"description\":\"Si eres nacional de uno de los pa\u00edses del VWP, es poco probable que denieguen tu solicitud. \u00bfQu\u00e9 debes hacer si deniegan tu solicitud?\",\"breadcrumb\":{\"@id\":\"https:\/\/www.esta-officiel-usa.com\/es\/como-volver-a-solicitar-el-esta-tras-una-denegacion\/#breadcrumb\"},\"inLanguage\":\"es\",\"potentialAction\":[{\"@type\":\"ReadAction\",\"target\":[\"https:\/\/www.esta-officiel-usa.com\/es\/como-volver-a-solicitar-el-esta-tras-una-denegacion\/\"]}]},{\"@type\":\"BreadcrumbList\",\"@id\":\"https:\/\/www.esta-officiel-usa.com\/es\/como-volver-a-solicitar-el-esta-tras-una-denegacion\/#breadcrumb\",\"itemListElement\":[{\"@type\":\"ListItem\",\"position\":1,\"name\":\"Inicio\",\"item\":\"https:\/\/www.esta-officiel-usa.com\/es\/\"},{\"@type\":\"ListItem\",\"position\":2,\"name\":\"C\u00f3mo volver a solicitar el ESTA tras una denegaci\u00f3n\"}]},{\"@type\":\"WebSite\",\"@id\":\"https:\/\/www.esta-officiel-usa.com\/es\/#website\",\"url\":\"https:\/\/www.esta-officiel-usa.com\/es\/\",\"name\":\"ESTA - Estados Unidos\",\"description\":\"Formulario de solicitud ESTA\",\"potentialAction\":[{\"@type\":\"SearchAction\",\"target\":{\"@type\":\"EntryPoint\",\"urlTemplate\":\"https:\/\/www.esta-officiel-usa.com\/es\/?s={search_term_string}\"},\"query-input\":{\"@type\":\"PropertyValueSpecification\",\"valueRequired\":true,\"valueName\":\"search_term_string\"}}],\"inLanguage\":\"es\"}]}<\/script>\n<!-- \/ Yoast SEO plugin. -->","yoast_head_json":{"title":"C\u00f3mo volver a solicitar el ESTA tras una denegaci\u00f3n","description":"Si eres nacional de uno de los pa\u00edses del VWP, es poco probable que denieguen tu solicitud. \u00bfQu\u00e9 debes hacer si deniegan tu solicitud?","robots":{"index":"index","follow":"follow","max-snippet":"max-snippet:-1","max-image-preview":"max-image-preview:large","max-video-preview":"max-video-preview:-1"},"canonical":"https:\/\/www.esta-officiel-usa.com\/es\/como-volver-a-solicitar-el-esta-tras-una-denegacion\/","og_locale":"es_ES","og_type":"article","og_title":"C\u00f3mo volver a solicitar el ESTA tras una denegaci\u00f3n","og_description":"Si eres nacional de uno de los pa\u00edses del VWP, es poco probable que denieguen tu solicitud. \u00bfQu\u00e9 debes hacer si deniegan tu solicitud?","og_url":"https:\/\/www.esta-officiel-usa.com\/es\/como-volver-a-solicitar-el-esta-tras-una-denegacion\/","og_site_name":"ESTA - Estados Unidos","article_modified_time":"2025-09-13T12:04:54+00:00","twitter_card":"summary_large_image","twitter_misc":{"Tiempo de lectura":"2 minutos"},"schema":{"@context":"https:\/\/schema.org","@graph":[{"@type":"WebPage","@id":"https:\/\/www.esta-officiel-usa.com\/es\/como-volver-a-solicitar-el-esta-tras-una-denegacion\/","url":"https:\/\/www.esta-officiel-usa.com\/es\/como-volver-a-solicitar-el-esta-tras-una-denegacion\/","name":"C\u00f3mo volver a solicitar el ESTA tras una denegaci\u00f3n","isPartOf":{"@id":"https:\/\/www.esta-officiel-usa.com\/es\/#website"},"datePublished":"2025-09-13T12:04:51+00:00","dateModified":"2025-09-13T12:04:54+00:00","description":"Si eres nacional de uno de los pa\u00edses del VWP, es poco probable que denieguen tu solicitud. \u00bfQu\u00e9 debes hacer si deniegan tu solicitud?","breadcrumb":{"@id":"https:\/\/www.esta-officiel-usa.com\/es\/como-volver-a-solicitar-el-esta-tras-una-denegacion\/#breadcrumb"},"inLanguage":"es","potentialAction":[{"@type":"ReadAction","target":["https:\/\/www.esta-officiel-usa.com\/es\/como-volver-a-solicitar-el-esta-tras-una-denegacion\/"]}]},{"@type":"BreadcrumbList","@id":"https:\/\/www.esta-officiel-usa.com\/es\/como-volver-a-solicitar-el-esta-tras-una-denegacion\/#breadcrumb","itemListElement":[{"@type":"ListItem","position":1,"name":"Inicio","item":"https:\/\/www.esta-officiel-usa.com\/es\/"},{"@type":"ListItem","position":2,"name":"C\u00f3mo volver a solicitar el ESTA tras una denegaci\u00f3n"}]},{"@type":"WebSite","@id":"https:\/\/www.esta-officiel-usa.com\/es\/#website","url":"https:\/\/www.esta-officiel-usa.com\/es\/","name":"ESTA - Estados Unidos","description":"Formulario de solicitud ESTA","potentialAction":[{"@type":"SearchAction","target":{"@type":"EntryPoint","urlTemplate":"https:\/\/www.esta-officiel-usa.com\/es\/?s={search_term_string}"},"query-input":{"@type":"PropertyValueSpecification","valueRequired":true,"valueName":"search_term_string"}}],"inLanguage":"es"}]}},"_links":{"self":[{"href":"https:\/\/www.esta-officiel-usa.com\/es\/wp-json\/wp\/v2\/pages\/1654","targetHints":{"allow":["GET"]}}],"collection":[{"href":"https:\/\/www.esta-officiel-usa.com\/es\/wp-json\/wp\/v2\/pages"}],"about":[{"href":"https:\/\/www.esta-officiel-usa.com\/es\/wp-json\/wp\/v2\/types\/page"}],"author":[{"embeddable":true,"href":"https:\/\/www.esta-officiel-usa.com\/es\/wp-json\/wp\/v2\/users\/1"}],"replies":[{"embeddable":true,"href":"https:\/\/www.esta-officiel-usa.com\/es\/wp-json\/wp\/v2\/comments?post=1654"}],"version-history":[{"count":1,"href":"https:\/\/www.esta-officiel-usa.com\/es\/wp-json\/wp\/v2\/pages\/1654\/revisions"}],"predecessor-version":[{"id":1656,"href":"https:\/\/www.esta-officiel-usa.com\/es\/wp-json\/wp\/v2\/pages\/1654\/revisions\/1656"}],"wp:attachment":[{"href":"https:\/\/www.esta-officiel-usa.com\/es\/wp-json\/wp\/v2\/media?parent=1654"}],"curies":[{"name":"wp","href":"https:\/\/api.w.org\/{rel}","templated":true}]}}