{"id":1675,"date":"2025-09-13T12:04:58","date_gmt":"2025-09-13T12:04:58","guid":{"rendered":"https:\/\/www.esta-officiel-usa.com\/procedimientos-para-visitar-estados-unidos\/"},"modified":"2025-09-13T12:05:04","modified_gmt":"2025-09-13T12:05:04","slug":"procedimientos-para-visitar-estados-unidos","status":"publish","type":"page","link":"https:\/\/www.esta-officiel-usa.com\/es\/procedimientos-para-visitar-estados-unidos\/","title":{"rendered":"Procedimientos para visitar Estados Unidos"},"content":{"rendered":"\n<h1 class=\"wp-block-heading\">VISITAR EE.UU.: TR\u00c1MITES<\/h1>\n\n<p>\u00bfListo para conquistar Am\u00e9rica? Nuestros expertos pueden ayudarte a organizar tu viaje. \u00a1Vete tranquilo gracias a esta-officiel-usa.com!  <\/p>\n\n<h2 class=\"wp-block-heading\">VISITAR EEUU CON PASAPORTE FRANC\u00c9S<\/h2>\n\n<p>Si tienes nacionalidad francesa, debes saber que puedes viajar a Estados Unidos con relativa facilidad.<\/p>\n\n<p>Para ello, necesitas :<\/p>\n\n<ul class=\"wp-block-list\"><li>ser titular de un pasaporte electr\u00f3nico o biom\u00e9trico <a href=\"https:\/\/www.esta-officiel-usa.com\/es\/comprobar-la-validez-de-su-esta\/\">v\u00e1lido<\/a>;<\/li><li>tener un billete de avi\u00f3n (o de barco) de ida y vuelta fletado por una compa\u00f1\u00eda a\u00e9rea autorizada por las autoridades estadounidenses <a href=\"https:\/\/www.esta-officiel-usa.com\/fr\/les-formalites-darrivee-aux-usa-par-voie-terrestre\/\">(la llegada a Estados Unidos por tierra<\/a> no requiere un ESTA);<\/li><li>tener un permiso de residencia, como un <a href=\"https:\/\/www.esta-officiel-usa.com\/fr\/etats-unis-demander-un-visa-ou-lesta\/\">visado o un ESTA<\/a><a href=\"https:\/\/www.esta-officiel-usa.com\/es\/tengo-que-imprimir-mi-solicitud-esta\/\">(el ESTA se puede imprimir<\/a> si lo deseas);<\/li><li>permanecer en suelo estadounidense un m\u00e1ximo de 90 d\u00edas.<\/li><\/ul>\n\n<p>El ESTA es la soluci\u00f3n ideal para las personas que desean viajar a Estados Unidos para visitas tur\u00edsticas o de negocios de corta duraci\u00f3n. M\u00e1s r\u00e1pido y menos costoso de obtener que un visado o una <a href=\"https:\/\/www.esta-officiel-usa.com\/es\/obtener-la-tarjeta-verde-por-sorteo\/\">tarjeta verde<\/a>, es elegido por millones de usuarios cada a\u00f1o. <\/p>\n\n<p>Disponible para los nacionales de pa\u00edses miembros del <a href=\"https:\/\/www.esta-officiel-usa.com\/fr\/les-38-pays-partenaires-du-visa-waiver-program\/\">Programa de Exenci\u00f3n de Visado<\/a>, el <a href=\"https:\/\/www.esta-officiel-usa.com\/es\/formulario-esta-a-rellenar-en-frances\/\">formulario ESTA<\/a> tambi\u00e9n tiene la ventaja de ser v\u00e1lido durante dos a\u00f1os, lo que permite a los viajeros que deseen continuar su visita a Estados Unidos realizar varias visitas sin tener que renovar su autorizaci\u00f3n ESTA.<\/p>\n\n<h2 class=\"wp-block-heading\">\u00bfPOR QU\u00c9 VISITAR EEUU?<\/h2>\n\n<p>Estados Unidos es un pa\u00eds vasto y lleno de contrastes. Cada estado tiene sus atractivos particulares. Tanto si viajas solo, en pareja, con amigos o con tus hijos, siempre encontrar\u00e1s <a href=\"https:\/\/www.esta-officiel-usa.com\/es\/viajar-a-estados-unidos\/\">cosas interesantes que hacer en Estados Unidos<\/a>.  <\/p>\n\n<p>En Nueva York encontrar\u00e1s multitud de lugares y monumentos famosos que merece la pena ver, aunque s\u00f3lo sea una vez en la vida: Broadway, Central Park, la Estatua de la Libertad, los museos Guggenheim y MOMA, etc. Es imposible aburrirse en la Gran Manzana. <\/p>\n\n<p>\u00bfTe apetece tomar el sol? \u00bfPor qu\u00e9 no te vas a California y su animada vida nocturna, a Florida y sus numerosos parques tem\u00e1ticos o a <a href=\"https:\/\/www.esta-officiel-usa.com\/es\/descubre-hawai-con-tu-autorizacion-esta\/\">Hawai<\/a> y sus playas de ensue\u00f1o? <\/p>\n\n<p>Los amantes del aire libre pueden dirigirse al oeste para admirar el Gran Ca\u00f1\u00f3n (uno de los muchos <a href=\"https:\/\/www.esta-officiel-usa.com\/es\/descubre-los-parques-nacionales-de-estados-unidos\/\">parques nacionales<\/a> estadounidenses), u optar por el norte y sus famosas cataratas del Ni\u00e1gara.<\/p>\n\n<p>\u00bfA tus hijos les encantan los animales? Con una<a href=\"https:\/\/www.esta-officiel-usa.com\/es\/\">ESTA<\/a>, puedes viajar a Alaska, donde te esperan multitud de animales: osos, ballenas, nutrias, carib\u00fas&#8230; \u00a1hay para todos los gustos! Tambi\u00e9n puedes optar por visitar los Everglades y admirar una fauna totalmente distinta. Para\u00edso de reptiles, caimanes, cocodrilos, tortugas y otras especies de todo tipo, estos animales har\u00e1n las delicias de toda la familia.   <\/p>\n\n<p>As\u00ed que no esperes m\u00e1s: \u00a1consigue ya tu<a href=\"https:\/\/www.esta-officiel-usa.com\/es\/obtener-el-formulario-esta-en-linea\/\">autorizaci\u00f3n ESTA online<\/a>! Tu sue\u00f1o de aventura est\u00e1 a un paso, \u00a1s\u00f3lo tienes que aprender los <a href=\"https:\/\/www.esta-officiel-usa.com\/fr\/quelles-sont-les-bonnes-manieres-aux-etats-unis\/\">modales<\/a> del pa\u00eds!  <br\/><\/p>\n","protected":false},"excerpt":{"rendered":"<p>VISITAR EE.UU.: TR\u00c1MITES \u00bfListo para conquistar Am\u00e9rica? Nuestros expertos pueden ayudarte a organizar tu viaje. \u00a1Vete tranquilo gracias a esta-officiel-usa.com! VISITAR EEUU CON PASAPORTE FRANC\u00c9S Si tienes nacionalidad francesa, debes saber que puedes viajar a Estados Unidos con relativa facilidad. Para ello, necesitas : ser titular de un pasaporte electr\u00f3nico o biom\u00e9trico v\u00e1lido; tener un [&hellip;]<\/p>\n","protected":false},"author":1,"featured_media":0,"parent":0,"menu_order":0,"comment_status":"closed","ping_status":"closed","template":"","meta":{"footnotes":""},"class_list":["post-1675","page","type-page","status-publish","hentry"],"yoast_head":"<!-- This site is optimized with the Yoast SEO plugin v26.2 - https:\/\/yoast.com\/wordpress\/plugins\/seo\/ -->\n<title>Procedimientos para visitar Estados Unidos<\/title>\n<meta name=\"description\" content=\"Si est\u00e1s preparado para despegar hacia Am\u00e9rica, nuestros expertos pueden informarte de todos los pasos que debes dar para visitar EEUU.\" \/>\n<meta name=\"robots\" content=\"index, follow, max-snippet:-1, max-image-preview:large, max-video-preview:-1\" \/>\n<link rel=\"canonical\" href=\"https:\/\/www.esta-officiel-usa.com\/es\/procedimientos-para-visitar-estados-unidos\/\" \/>\n<meta property=\"og:locale\" content=\"es_ES\" \/>\n<meta property=\"og:type\" content=\"article\" \/>\n<meta property=\"og:title\" content=\"Procedimientos para visitar Estados Unidos\" \/>\n<meta property=\"og:description\" content=\"Si est\u00e1s preparado para despegar hacia Am\u00e9rica, nuestros expertos pueden informarte de todos los pasos que debes dar para visitar EEUU.\" \/>\n<meta property=\"og:url\" content=\"https:\/\/www.esta-officiel-usa.com\/es\/procedimientos-para-visitar-estados-unidos\/\" \/>\n<meta property=\"og:site_name\" content=\"ESTA - Estados Unidos\" \/>\n<meta property=\"article:modified_time\" content=\"2025-09-13T12:05:04+00:00\" \/>\n<meta name=\"twitter:card\" content=\"summary_large_image\" \/>\n<meta name=\"twitter:label1\" content=\"Tiempo de lectura\" \/>\n\t<meta name=\"twitter:data1\" content=\"2 minutos\" \/>\n<script type=\"application\/ld+json\" class=\"yoast-schema-graph\">{\"@context\":\"https:\/\/schema.org\",\"@graph\":[{\"@type\":\"WebPage\",\"@id\":\"https:\/\/www.esta-officiel-usa.com\/es\/procedimientos-para-visitar-estados-unidos\/\",\"url\":\"https:\/\/www.esta-officiel-usa.com\/es\/procedimientos-para-visitar-estados-unidos\/\",\"name\":\"Procedimientos para visitar Estados Unidos\",\"isPartOf\":{\"@id\":\"https:\/\/www.esta-officiel-usa.com\/es\/#website\"},\"datePublished\":\"2025-09-13T12:04:58+00:00\",\"dateModified\":\"2025-09-13T12:05:04+00:00\",\"description\":\"Si est\u00e1s preparado para despegar hacia Am\u00e9rica, nuestros expertos pueden informarte de todos los pasos que debes dar para visitar EEUU.\",\"breadcrumb\":{\"@id\":\"https:\/\/www.esta-officiel-usa.com\/es\/procedimientos-para-visitar-estados-unidos\/#breadcrumb\"},\"inLanguage\":\"es\",\"potentialAction\":[{\"@type\":\"ReadAction\",\"target\":[\"https:\/\/www.esta-officiel-usa.com\/es\/procedimientos-para-visitar-estados-unidos\/\"]}]},{\"@type\":\"BreadcrumbList\",\"@id\":\"https:\/\/www.esta-officiel-usa.com\/es\/procedimientos-para-visitar-estados-unidos\/#breadcrumb\",\"itemListElement\":[{\"@type\":\"ListItem\",\"position\":1,\"name\":\"Inicio\",\"item\":\"https:\/\/www.esta-officiel-usa.com\/es\/\"},{\"@type\":\"ListItem\",\"position\":2,\"name\":\"Procedimientos para visitar Estados Unidos\"}]},{\"@type\":\"WebSite\",\"@id\":\"https:\/\/www.esta-officiel-usa.com\/es\/#website\",\"url\":\"https:\/\/www.esta-officiel-usa.com\/es\/\",\"name\":\"ESTA - Estados Unidos\",\"description\":\"Formulario de solicitud ESTA\",\"potentialAction\":[{\"@type\":\"SearchAction\",\"target\":{\"@type\":\"EntryPoint\",\"urlTemplate\":\"https:\/\/www.esta-officiel-usa.com\/es\/?s={search_term_string}\"},\"query-input\":{\"@type\":\"PropertyValueSpecification\",\"valueRequired\":true,\"valueName\":\"search_term_string\"}}],\"inLanguage\":\"es\"}]}<\/script>\n<!-- \/ Yoast SEO plugin. -->","yoast_head_json":{"title":"Procedimientos para visitar Estados Unidos","description":"Si est\u00e1s preparado para despegar hacia Am\u00e9rica, nuestros expertos pueden informarte de todos los pasos que debes dar para visitar EEUU.","robots":{"index":"index","follow":"follow","max-snippet":"max-snippet:-1","max-image-preview":"max-image-preview:large","max-video-preview":"max-video-preview:-1"},"canonical":"https:\/\/www.esta-officiel-usa.com\/es\/procedimientos-para-visitar-estados-unidos\/","og_locale":"es_ES","og_type":"article","og_title":"Procedimientos para visitar Estados Unidos","og_description":"Si est\u00e1s preparado para despegar hacia Am\u00e9rica, nuestros expertos pueden informarte de todos los pasos que debes dar para visitar EEUU.","og_url":"https:\/\/www.esta-officiel-usa.com\/es\/procedimientos-para-visitar-estados-unidos\/","og_site_name":"ESTA - Estados Unidos","article_modified_time":"2025-09-13T12:05:04+00:00","twitter_card":"summary_large_image","twitter_misc":{"Tiempo de lectura":"2 minutos"},"schema":{"@context":"https:\/\/schema.org","@graph":[{"@type":"WebPage","@id":"https:\/\/www.esta-officiel-usa.com\/es\/procedimientos-para-visitar-estados-unidos\/","url":"https:\/\/www.esta-officiel-usa.com\/es\/procedimientos-para-visitar-estados-unidos\/","name":"Procedimientos para visitar Estados Unidos","isPartOf":{"@id":"https:\/\/www.esta-officiel-usa.com\/es\/#website"},"datePublished":"2025-09-13T12:04:58+00:00","dateModified":"2025-09-13T12:05:04+00:00","description":"Si est\u00e1s preparado para despegar hacia Am\u00e9rica, nuestros expertos pueden informarte de todos los pasos que debes dar para visitar EEUU.","breadcrumb":{"@id":"https:\/\/www.esta-officiel-usa.com\/es\/procedimientos-para-visitar-estados-unidos\/#breadcrumb"},"inLanguage":"es","potentialAction":[{"@type":"ReadAction","target":["https:\/\/www.esta-officiel-usa.com\/es\/procedimientos-para-visitar-estados-unidos\/"]}]},{"@type":"BreadcrumbList","@id":"https:\/\/www.esta-officiel-usa.com\/es\/procedimientos-para-visitar-estados-unidos\/#breadcrumb","itemListElement":[{"@type":"ListItem","position":1,"name":"Inicio","item":"https:\/\/www.esta-officiel-usa.com\/es\/"},{"@type":"ListItem","position":2,"name":"Procedimientos para visitar Estados Unidos"}]},{"@type":"WebSite","@id":"https:\/\/www.esta-officiel-usa.com\/es\/#website","url":"https:\/\/www.esta-officiel-usa.com\/es\/","name":"ESTA - Estados Unidos","description":"Formulario de solicitud ESTA","potentialAction":[{"@type":"SearchAction","target":{"@type":"EntryPoint","urlTemplate":"https:\/\/www.esta-officiel-usa.com\/es\/?s={search_term_string}"},"query-input":{"@type":"PropertyValueSpecification","valueRequired":true,"valueName":"search_term_string"}}],"inLanguage":"es"}]}},"_links":{"self":[{"href":"https:\/\/www.esta-officiel-usa.com\/es\/wp-json\/wp\/v2\/pages\/1675","targetHints":{"allow":["GET"]}}],"collection":[{"href":"https:\/\/www.esta-officiel-usa.com\/es\/wp-json\/wp\/v2\/pages"}],"about":[{"href":"https:\/\/www.esta-officiel-usa.com\/es\/wp-json\/wp\/v2\/types\/page"}],"author":[{"embeddable":true,"href":"https:\/\/www.esta-officiel-usa.com\/es\/wp-json\/wp\/v2\/users\/1"}],"replies":[{"embeddable":true,"href":"https:\/\/www.esta-officiel-usa.com\/es\/wp-json\/wp\/v2\/comments?post=1675"}],"version-history":[{"count":1,"href":"https:\/\/www.esta-officiel-usa.com\/es\/wp-json\/wp\/v2\/pages\/1675\/revisions"}],"predecessor-version":[{"id":1677,"href":"https:\/\/www.esta-officiel-usa.com\/es\/wp-json\/wp\/v2\/pages\/1675\/revisions\/1677"}],"wp:attachment":[{"href":"https:\/\/www.esta-officiel-usa.com\/es\/wp-json\/wp\/v2\/media?parent=1675"}],"curies":[{"name":"wp","href":"https:\/\/api.w.org\/{rel}","templated":true}]}}