{"id":1685,"date":"2025-09-13T12:05:00","date_gmt":"2025-09-13T12:05:00","guid":{"rendered":"https:\/\/www.esta-officiel-usa.com\/pasar-la-aduana-de-eeuu\/"},"modified":"2025-09-13T12:05:04","modified_gmt":"2025-09-13T12:05:04","slug":"pasar-la-aduana-de-eeuu","status":"publish","type":"page","link":"https:\/\/www.esta-officiel-usa.com\/es\/pasar-la-aduana-de-eeuu\/","title":{"rendered":"Pasar la aduana de EEUU"},"content":{"rendered":"\n<h1 class=\"wp-block-heading\">CONTROLES ADUANEROS AL VIAJAR A ESTADOS UNIDOS<\/h1>\n\n<p>\u00bfEst\u00e1s preparado para conquistar Estados Unidos? Pero antes tienes que pasar por la aduana, \u00a1aunque tengas una autorizaci\u00f3n como <a href=\"https:\/\/www.esta-officiel-usa.com\/es\/\">la ESTA<\/a>! <\/p>\n\n<p>Lo mejor es armarse de paciencia, porque <a href=\"https:\/\/www.esta-officiel-usa.com\/es\/departamento-de-seguridad-interior\/\">la seguridad en Estados Unidos<\/a> no es ninguna broma. Nuestros expertos pueden darte todos los consejos que necesites para que tu paso por la aduana sea lo menos estresante posible.   <br\/> <\/p>\n\n<h2 class=\"wp-block-heading\">DOCUMENTOS A PRESENTAR EN LA ADUANA<\/h2>\n\n<p>Antes de salir, aseg\u00farate de que tienes un permiso de residencia. Este documento es obligatorio si no eres estadounidense y deseas viajar a Estados Unidos. La autorizaci\u00f3n puede adoptar diversas formas, como una <a href=\"https:\/\/www.esta-officiel-usa.com\/es\/que-es-la-tarjeta-verde\/\">tarjeta verde<\/a>, un visado o un ESTA. El ESTA es el documento m\u00e1s f\u00e1cil y barato de obtener. Puedes obtenerlo muy f\u00e1cilmente utilizando los servicios de esta-officiel-usa.com o dirigi\u00e9ndote a la aduana estadounidense, que dispone de un <a href=\"https:\/\/www.esta-officiel-usa.com\/es\/solicitar-el-esta-en-un-sitio-web-oficial\/\">sitio web destinado a los tr\u00e1mites ESTA<\/a>.    <\/p>\n\n<p>Sin autorizaci\u00f3n, la aduana estadounidense no te dejar\u00e1 entrar en el pa\u00eds. As\u00ed que aseg\u00farate de tener un documento actualizado, \u00a1y no te asustes si llegas tarde! A diferencia de los visados y las tarjetas verdes, <a href=\"https:\/\/www.esta-officiel-usa.com\/es\/como-solicitar-un-esta-oficial\/\">las solicitudes ESTA<\/a> se tramitan en 72 horas. De hecho, \u00a1normalmente la recibir\u00e1s el mismo d\u00eda! Tambi\u00e9n debes acordarte de viajar con un pasaporte electr\u00f3nico o biom\u00e9trico v\u00e1lido. Sin \u00e9l, \u00a1la aduana te dejar\u00e1 en la pista!     <\/p>\n\n<p>Una vez que est\u00e9s en el avi\u00f3n o en el barco, la tripulaci\u00f3n de cabina te dar\u00e1 una tarjeta azul. \u00c9sta corresponde al formulario de aduanas. Es imprescindible que especifiques tu n\u00famero de pasaporte, la direcci\u00f3n f\u00edsica a la que viajas a Estados Unidos, la cantidad de dinero en efectivo que llevas encima y la lista de art\u00edculos especiales que te acompa\u00f1an en el vuelo (plantas, productos animales, etc.).  <\/p>\n\n<h2 class=\"wp-block-heading\">PASAR CON \u00c9XITO LA ADUANA<\/h2>\n\n<p>Una vez que hayas llegado a EEUU, la aduana revisar\u00e1 los documentos requeridos: tu pasaporte, el formulario azul y la autorizaci\u00f3n. Si viajas con un <a href=\"https:\/\/www.esta-officiel-usa.com\/es\/formulario-esta-a-rellenar-en-frances\/\">formulario ESTA<\/a> franc\u00e9s, los aduaneros comprobar\u00e1n en su ordenador que se te ha expedido el documento. El procedimiento ESTA est\u00e1 totalmente automatizado, por lo que las aduanas pueden ver en tiempo real si est\u00e1s autorizado o no a permanecer en su territorio. Sin embargo, no dejes que esto te impida viajar con tu documento en papel. \u00a1Dos precauciones son mejor que una! Sobre todo en un pa\u00eds con requisitos de seguridad tan estrictos.     <\/p>\n\n<p>Una vez superada esta fase, los funcionarios de aduanas te har\u00e1n una serie de preguntas. Principalmente te preguntar\u00e1n por qu\u00e9 has venido a Estados Unidos. Por \u00faltimo, te har\u00e1n una foto y escanear\u00e1n tus huellas dactilares. Estos pasos pueden llevar tiempo, y las colas pueden ser largas. Pero \u00a1mant\u00e9n la calma! Y no olvides que los aduaneros estadounidenses est\u00e1n haciendo su trabajo y tienen plena autoridad para decidir si una persona es<a href=\"https:\/\/www.esta-officiel-usa.com\/es\/requisitos-de-admision-para-viajar-a-estados-unidos\/\">admitida o noen<\/a> el pa\u00eds.     <\/p>\n\n<p>Si<a href=\"https:\/\/www.esta-officiel-usa.com\/es\/que-hacer-si-se-pierde-tu-solicitud-esta\/\">pierdes tu ESTA<\/a>, \u00a1que no cunda el p\u00e1nico! Puedes encontrarlo f\u00e1cilmente en el sitio web de la aduana estadounidense. <\/p>\n","protected":false},"excerpt":{"rendered":"<p>CONTROLES ADUANEROS AL VIAJAR A ESTADOS UNIDOS \u00bfEst\u00e1s preparado para conquistar Estados Unidos? Pero antes tienes que pasar por la aduana, \u00a1aunque tengas una autorizaci\u00f3n como la ESTA! Lo mejor es armarse de paciencia, porque la seguridad en Estados Unidos no es ninguna broma. Nuestros expertos pueden darte todos los consejos que necesites para que [&hellip;]<\/p>\n","protected":false},"author":1,"featured_media":0,"parent":0,"menu_order":0,"comment_status":"closed","ping_status":"closed","template":"","meta":{"footnotes":""},"class_list":["post-1685","page","type-page","status-publish","hentry"],"yoast_head":"<!-- This site is optimized with the Yoast SEO plugin v26.2 - https:\/\/yoast.com\/wordpress\/plugins\/seo\/ -->\n<title>Pasar la aduana de EEUU<\/title>\n<meta name=\"description\" content=\"Tienes una autorizaci\u00f3n ESTA v\u00e1lida, pero a\u00fan tienes que pasar por la aduana.\" \/>\n<meta name=\"robots\" content=\"index, follow, max-snippet:-1, max-image-preview:large, max-video-preview:-1\" \/>\n<link rel=\"canonical\" href=\"https:\/\/www.esta-officiel-usa.com\/es\/pasar-la-aduana-de-eeuu\/\" \/>\n<meta property=\"og:locale\" content=\"es_ES\" \/>\n<meta property=\"og:type\" content=\"article\" \/>\n<meta property=\"og:title\" content=\"Pasar la aduana de EEUU\" \/>\n<meta property=\"og:description\" content=\"Tienes una autorizaci\u00f3n ESTA v\u00e1lida, pero a\u00fan tienes que pasar por la aduana.\" \/>\n<meta property=\"og:url\" content=\"https:\/\/www.esta-officiel-usa.com\/es\/pasar-la-aduana-de-eeuu\/\" \/>\n<meta property=\"og:site_name\" content=\"ESTA - Estados Unidos\" \/>\n<meta property=\"article:modified_time\" content=\"2025-09-13T12:05:04+00:00\" \/>\n<meta name=\"twitter:card\" content=\"summary_large_image\" \/>\n<meta name=\"twitter:label1\" content=\"Tiempo de lectura\" \/>\n\t<meta name=\"twitter:data1\" content=\"3 minutos\" \/>\n<script type=\"application\/ld+json\" class=\"yoast-schema-graph\">{\"@context\":\"https:\/\/schema.org\",\"@graph\":[{\"@type\":\"WebPage\",\"@id\":\"https:\/\/www.esta-officiel-usa.com\/es\/pasar-la-aduana-de-eeuu\/\",\"url\":\"https:\/\/www.esta-officiel-usa.com\/es\/pasar-la-aduana-de-eeuu\/\",\"name\":\"Pasar la aduana de EEUU\",\"isPartOf\":{\"@id\":\"https:\/\/www.esta-officiel-usa.com\/es\/#website\"},\"datePublished\":\"2025-09-13T12:05:00+00:00\",\"dateModified\":\"2025-09-13T12:05:04+00:00\",\"description\":\"Tienes una autorizaci\u00f3n ESTA v\u00e1lida, pero a\u00fan tienes que pasar por la aduana.\",\"breadcrumb\":{\"@id\":\"https:\/\/www.esta-officiel-usa.com\/es\/pasar-la-aduana-de-eeuu\/#breadcrumb\"},\"inLanguage\":\"es\",\"potentialAction\":[{\"@type\":\"ReadAction\",\"target\":[\"https:\/\/www.esta-officiel-usa.com\/es\/pasar-la-aduana-de-eeuu\/\"]}]},{\"@type\":\"BreadcrumbList\",\"@id\":\"https:\/\/www.esta-officiel-usa.com\/es\/pasar-la-aduana-de-eeuu\/#breadcrumb\",\"itemListElement\":[{\"@type\":\"ListItem\",\"position\":1,\"name\":\"Inicio\",\"item\":\"https:\/\/www.esta-officiel-usa.com\/es\/\"},{\"@type\":\"ListItem\",\"position\":2,\"name\":\"Pasar la aduana de EEUU\"}]},{\"@type\":\"WebSite\",\"@id\":\"https:\/\/www.esta-officiel-usa.com\/es\/#website\",\"url\":\"https:\/\/www.esta-officiel-usa.com\/es\/\",\"name\":\"ESTA - Estados Unidos\",\"description\":\"Formulario de solicitud ESTA\",\"potentialAction\":[{\"@type\":\"SearchAction\",\"target\":{\"@type\":\"EntryPoint\",\"urlTemplate\":\"https:\/\/www.esta-officiel-usa.com\/es\/?s={search_term_string}\"},\"query-input\":{\"@type\":\"PropertyValueSpecification\",\"valueRequired\":true,\"valueName\":\"search_term_string\"}}],\"inLanguage\":\"es\"}]}<\/script>\n<!-- \/ Yoast SEO plugin. -->","yoast_head_json":{"title":"Pasar la aduana de EEUU","description":"Tienes una autorizaci\u00f3n ESTA v\u00e1lida, pero a\u00fan tienes que pasar por la aduana.","robots":{"index":"index","follow":"follow","max-snippet":"max-snippet:-1","max-image-preview":"max-image-preview:large","max-video-preview":"max-video-preview:-1"},"canonical":"https:\/\/www.esta-officiel-usa.com\/es\/pasar-la-aduana-de-eeuu\/","og_locale":"es_ES","og_type":"article","og_title":"Pasar la aduana de EEUU","og_description":"Tienes una autorizaci\u00f3n ESTA v\u00e1lida, pero a\u00fan tienes que pasar por la aduana.","og_url":"https:\/\/www.esta-officiel-usa.com\/es\/pasar-la-aduana-de-eeuu\/","og_site_name":"ESTA - Estados Unidos","article_modified_time":"2025-09-13T12:05:04+00:00","twitter_card":"summary_large_image","twitter_misc":{"Tiempo de lectura":"3 minutos"},"schema":{"@context":"https:\/\/schema.org","@graph":[{"@type":"WebPage","@id":"https:\/\/www.esta-officiel-usa.com\/es\/pasar-la-aduana-de-eeuu\/","url":"https:\/\/www.esta-officiel-usa.com\/es\/pasar-la-aduana-de-eeuu\/","name":"Pasar la aduana de EEUU","isPartOf":{"@id":"https:\/\/www.esta-officiel-usa.com\/es\/#website"},"datePublished":"2025-09-13T12:05:00+00:00","dateModified":"2025-09-13T12:05:04+00:00","description":"Tienes una autorizaci\u00f3n ESTA v\u00e1lida, pero a\u00fan tienes que pasar por la aduana.","breadcrumb":{"@id":"https:\/\/www.esta-officiel-usa.com\/es\/pasar-la-aduana-de-eeuu\/#breadcrumb"},"inLanguage":"es","potentialAction":[{"@type":"ReadAction","target":["https:\/\/www.esta-officiel-usa.com\/es\/pasar-la-aduana-de-eeuu\/"]}]},{"@type":"BreadcrumbList","@id":"https:\/\/www.esta-officiel-usa.com\/es\/pasar-la-aduana-de-eeuu\/#breadcrumb","itemListElement":[{"@type":"ListItem","position":1,"name":"Inicio","item":"https:\/\/www.esta-officiel-usa.com\/es\/"},{"@type":"ListItem","position":2,"name":"Pasar la aduana de EEUU"}]},{"@type":"WebSite","@id":"https:\/\/www.esta-officiel-usa.com\/es\/#website","url":"https:\/\/www.esta-officiel-usa.com\/es\/","name":"ESTA - Estados Unidos","description":"Formulario de solicitud ESTA","potentialAction":[{"@type":"SearchAction","target":{"@type":"EntryPoint","urlTemplate":"https:\/\/www.esta-officiel-usa.com\/es\/?s={search_term_string}"},"query-input":{"@type":"PropertyValueSpecification","valueRequired":true,"valueName":"search_term_string"}}],"inLanguage":"es"}]}},"_links":{"self":[{"href":"https:\/\/www.esta-officiel-usa.com\/es\/wp-json\/wp\/v2\/pages\/1685","targetHints":{"allow":["GET"]}}],"collection":[{"href":"https:\/\/www.esta-officiel-usa.com\/es\/wp-json\/wp\/v2\/pages"}],"about":[{"href":"https:\/\/www.esta-officiel-usa.com\/es\/wp-json\/wp\/v2\/types\/page"}],"author":[{"embeddable":true,"href":"https:\/\/www.esta-officiel-usa.com\/es\/wp-json\/wp\/v2\/users\/1"}],"replies":[{"embeddable":true,"href":"https:\/\/www.esta-officiel-usa.com\/es\/wp-json\/wp\/v2\/comments?post=1685"}],"version-history":[{"count":1,"href":"https:\/\/www.esta-officiel-usa.com\/es\/wp-json\/wp\/v2\/pages\/1685\/revisions"}],"predecessor-version":[{"id":1687,"href":"https:\/\/www.esta-officiel-usa.com\/es\/wp-json\/wp\/v2\/pages\/1685\/revisions\/1687"}],"wp:attachment":[{"href":"https:\/\/www.esta-officiel-usa.com\/es\/wp-json\/wp\/v2\/media?parent=1685"}],"curies":[{"name":"wp","href":"https:\/\/api.w.org\/{rel}","templated":true}]}}