{"id":1698,"date":"2025-09-13T12:05:06","date_gmt":"2025-09-13T12:05:06","guid":{"rendered":"https:\/\/www.esta-officiel-usa.com\/tramites-para-llegar-a-estados-unidos-por-tierra\/"},"modified":"2025-09-13T12:05:13","modified_gmt":"2025-09-13T12:05:13","slug":"tramites-para-llegar-a-estados-unidos-por-tierra","status":"publish","type":"page","link":"https:\/\/www.esta-officiel-usa.com\/es\/tramites-para-llegar-a-estados-unidos-por-tierra\/","title":{"rendered":"Tr\u00e1mites para llegar a Estados Unidos por tierra"},"content":{"rendered":"\n<h1 class=\"wp-block-heading\">LLEGAR A EEUU POR TIERRA<\/h1>\n\n<p>El Sistema Electr\u00f3nico de Autorizaci\u00f3n de Viaje (<a href=\"https:\/\/www.esta-officiel-usa.com\/es\/\">ESTA<\/a>) permite a los ciudadanos de pa\u00edses miembros del <a href=\"https:\/\/www.esta-officiel-usa.com\/es\/acerca-del-programa-de-exencion-de-visado\/\">Programa de Exenci\u00f3n de Visado<\/a> entrar en Estados Unidos sin visado. El ESTA es muy popular entre los viajeros, y puede obtenerse a un coste muy bajo. Por eso es tan popular entre millones de viajeros cada a\u00f1o. \u00bfQuieres llegar a EEUU por tierra? Nuestros expertos pueden explicarte si tienes derecho o no al ESTA.    <br\/> <\/p>\n\n<h2 class=\"wp-block-heading\">\u00bfESTA EXISTE POR TIERRA?<\/h2>\n\n<p>Gracias al Programa de Exenci\u00f3n de Visado, los nacionales de 38 pa\u00edses de todo el mundo est\u00e1n autorizados a visitar Estados Unidos mediante un procedimiento simplificado.<\/p>\n\n<p>El ESTA tiene una validez de dos a\u00f1os y est\u00e1 abierto tanto a menores como a adultos.<\/p>\n\n<p>Se puede obtener muy f\u00e1cilmente a trav\u00e9s de esta-officiel-usa.com.<\/p>\n\n<p>La mayor\u00eda de los solicitantes reciben un dictamen favorable tras la validaci\u00f3n de su pedido, normalmente el mismo d\u00eda y, en cualquier caso, en un plazo de 72 horas.<\/p>\n\n<p>Todo lo que tienes que hacer para obtener el ESTA es cumplir algunos requisitos previos, como :<\/p>\n\n<ul class=\"wp-block-list\"><li>Viajes por motivos tur\u00edsticos (incluidas las actividades socioculturales no remuneradas) o profesionales (posibilidad de formaci\u00f3n de corta duraci\u00f3n);<\/li><\/ul>\n\n<ul class=\"wp-block-list\"><li>ser titular de un pasaporte biom\u00e9trico o electr\u00f3nico v\u00e1lido;<\/li><li>permanecer un m\u00e1ximo de 90 d\u00edas consecutivos en suelo estadounidense;<\/li><li>rellenar el formulario ESTA obligatorio, al que se puede acceder a trav\u00e9s de esta-officiel-usa.com ;<\/li><li>estar en posesi\u00f3n de un billete de ida y vuelta o de un billete de avi\u00f3n o de barco fletado por una compa\u00f1\u00eda a\u00e9rea reconocida por Estados Unidos.<\/li><\/ul>\n\n<p>El ESTA no est\u00e1 destinado a los viajeros que deseen llegar a Estados Unidos por tierra. En este caso, deben solicitarse otros tipos de autorizaci\u00f3n a las autoridades competentes. <\/p>\n\n<h2 class=\"wp-block-heading\">TR\u00c1MITES PARA LLEGAR A EE.UU. POR TIERRA<\/h2>\n\n<p>Si deseas llegar a EEUU por tierra desde Canad\u00e1 o M\u00e9xico, debes solicitar una autorizaci\u00f3n.<\/p>\n\n<p>El formulario que hay que rellenar es el I-94W. Es imprescindible para pasar la <a href=\"https:\/\/www.esta-officiel-usa.com\/es\/pasar-la-aduana-de-eeuu\/\">aduana<\/a>. Cuesta s\u00f3lo 6 d\u00f3lares y permite a los viajeros que entran en Estados Unidos por tierra permanecer hasta 90 d\u00edas consecutivos.  <\/p>\n\n<p>Una vez en la frontera, t\u00fa y tu veh\u00edculo tendr\u00e9is que pasar por la aduana. Aseg\u00farate de llegar a EEUU por tierra durante las horas de menor tr\u00e1fico. Las colas pueden ser muy largas, sobre todo si llegas desde M\u00e9xico. Un sitio web espec\u00edfico te ofrece informaci\u00f3n en tiempo real sobre los tiempos de espera. \u00a1Qu\u00e9 pr\u00e1ctico!    <\/p>\n\n<p>Si te has enamorado de Estados Unidos y quieres volver all\u00ed desde Francia, aseg\u00farate de que tienes el permiso de residencia adecuado (ESTA, visado o Tarjeta Verde).<\/p>\n\n<p>El formulario I-94W s\u00f3lo te permite entrar en Estados Unidos por tierra a trav\u00e9s de los pa\u00edses vecinos.<\/p>\n\n<p>\u00bfTienes alguna pregunta? El equipo de esta-officiel-usa.com est\u00e1 a tu disposici\u00f3n para responder a cualquier pregunta que puedas tener sobre la obtenci\u00f3n del ESTA. Para facilitarte la comprensi\u00f3n, tambi\u00e9n hemos creado secciones especiales:<a href=\"https:\/\/www.esta-officiel-usa.com\/es\/esta-preguntas-frecuentes\/\">\u00abFAQ<\/a>\u00ab,<a href=\"https:\/\/www.esta-officiel-usa.com\/es\/esta-glosario-y-terminos-generales\/\">\u00abGlosario<\/a>\u00bb y<a href=\"https:\/\/www.esta-officiel-usa.com\/es\/esta-seccion-de-ayuda\/\">\u00abAyuda<\/a>\u00ab. Si tienes dudas, \u00a1no dudes en consultarlas!     <\/p>\n","protected":false},"excerpt":{"rendered":"<p>LLEGAR A EEUU POR TIERRA El Sistema Electr\u00f3nico de Autorizaci\u00f3n de Viaje (ESTA) permite a los ciudadanos de pa\u00edses miembros del Programa de Exenci\u00f3n de Visado entrar en Estados Unidos sin visado. El ESTA es muy popular entre los viajeros, y puede obtenerse a un coste muy bajo. Por eso es tan popular entre millones [&hellip;]<\/p>\n","protected":false},"author":1,"featured_media":0,"parent":0,"menu_order":0,"comment_status":"closed","ping_status":"closed","template":"","meta":{"footnotes":""},"class_list":["post-1698","page","type-page","status-publish","hentry"],"yoast_head":"<!-- This site is optimized with the Yoast SEO plugin v26.2 - https:\/\/yoast.com\/wordpress\/plugins\/seo\/ -->\n<title>Tr\u00e1mites para llegar a Estados Unidos por tierra<\/title>\n<meta name=\"description\" content=\"Si deseas llegar a EEUU por tierra desde Canad\u00e1 o M\u00e9xico, debes solicitar una autorizaci\u00f3n.\" \/>\n<meta name=\"robots\" content=\"index, follow, max-snippet:-1, max-image-preview:large, max-video-preview:-1\" \/>\n<link rel=\"canonical\" href=\"https:\/\/www.esta-officiel-usa.com\/es\/tramites-para-llegar-a-estados-unidos-por-tierra\/\" \/>\n<meta property=\"og:locale\" content=\"es_ES\" \/>\n<meta property=\"og:type\" content=\"article\" \/>\n<meta property=\"og:title\" content=\"Tr\u00e1mites para llegar a Estados Unidos por tierra\" \/>\n<meta property=\"og:description\" content=\"Si deseas llegar a EEUU por tierra desde Canad\u00e1 o M\u00e9xico, debes solicitar una autorizaci\u00f3n.\" \/>\n<meta property=\"og:url\" content=\"https:\/\/www.esta-officiel-usa.com\/es\/tramites-para-llegar-a-estados-unidos-por-tierra\/\" \/>\n<meta property=\"og:site_name\" content=\"ESTA - Estados Unidos\" \/>\n<meta property=\"article:modified_time\" content=\"2025-09-13T12:05:13+00:00\" \/>\n<meta name=\"twitter:card\" content=\"summary_large_image\" \/>\n<meta name=\"twitter:label1\" content=\"Tiempo de lectura\" \/>\n\t<meta name=\"twitter:data1\" content=\"3 minutos\" \/>\n<script type=\"application\/ld+json\" class=\"yoast-schema-graph\">{\"@context\":\"https:\/\/schema.org\",\"@graph\":[{\"@type\":\"WebPage\",\"@id\":\"https:\/\/www.esta-officiel-usa.com\/es\/tramites-para-llegar-a-estados-unidos-por-tierra\/\",\"url\":\"https:\/\/www.esta-officiel-usa.com\/es\/tramites-para-llegar-a-estados-unidos-por-tierra\/\",\"name\":\"Tr\u00e1mites para llegar a Estados Unidos por tierra\",\"isPartOf\":{\"@id\":\"https:\/\/www.esta-officiel-usa.com\/es\/#website\"},\"datePublished\":\"2025-09-13T12:05:06+00:00\",\"dateModified\":\"2025-09-13T12:05:13+00:00\",\"description\":\"Si deseas llegar a EEUU por tierra desde Canad\u00e1 o M\u00e9xico, debes solicitar una autorizaci\u00f3n.\",\"breadcrumb\":{\"@id\":\"https:\/\/www.esta-officiel-usa.com\/es\/tramites-para-llegar-a-estados-unidos-por-tierra\/#breadcrumb\"},\"inLanguage\":\"es\",\"potentialAction\":[{\"@type\":\"ReadAction\",\"target\":[\"https:\/\/www.esta-officiel-usa.com\/es\/tramites-para-llegar-a-estados-unidos-por-tierra\/\"]}]},{\"@type\":\"BreadcrumbList\",\"@id\":\"https:\/\/www.esta-officiel-usa.com\/es\/tramites-para-llegar-a-estados-unidos-por-tierra\/#breadcrumb\",\"itemListElement\":[{\"@type\":\"ListItem\",\"position\":1,\"name\":\"Inicio\",\"item\":\"https:\/\/www.esta-officiel-usa.com\/es\/\"},{\"@type\":\"ListItem\",\"position\":2,\"name\":\"Tr\u00e1mites para llegar a Estados Unidos por tierra\"}]},{\"@type\":\"WebSite\",\"@id\":\"https:\/\/www.esta-officiel-usa.com\/es\/#website\",\"url\":\"https:\/\/www.esta-officiel-usa.com\/es\/\",\"name\":\"ESTA - Estados Unidos\",\"description\":\"Formulario de solicitud ESTA\",\"potentialAction\":[{\"@type\":\"SearchAction\",\"target\":{\"@type\":\"EntryPoint\",\"urlTemplate\":\"https:\/\/www.esta-officiel-usa.com\/es\/?s={search_term_string}\"},\"query-input\":{\"@type\":\"PropertyValueSpecification\",\"valueRequired\":true,\"valueName\":\"search_term_string\"}}],\"inLanguage\":\"es\"}]}<\/script>\n<!-- \/ Yoast SEO plugin. -->","yoast_head_json":{"title":"Tr\u00e1mites para llegar a Estados Unidos por tierra","description":"Si deseas llegar a EEUU por tierra desde Canad\u00e1 o M\u00e9xico, debes solicitar una autorizaci\u00f3n.","robots":{"index":"index","follow":"follow","max-snippet":"max-snippet:-1","max-image-preview":"max-image-preview:large","max-video-preview":"max-video-preview:-1"},"canonical":"https:\/\/www.esta-officiel-usa.com\/es\/tramites-para-llegar-a-estados-unidos-por-tierra\/","og_locale":"es_ES","og_type":"article","og_title":"Tr\u00e1mites para llegar a Estados Unidos por tierra","og_description":"Si deseas llegar a EEUU por tierra desde Canad\u00e1 o M\u00e9xico, debes solicitar una autorizaci\u00f3n.","og_url":"https:\/\/www.esta-officiel-usa.com\/es\/tramites-para-llegar-a-estados-unidos-por-tierra\/","og_site_name":"ESTA - Estados Unidos","article_modified_time":"2025-09-13T12:05:13+00:00","twitter_card":"summary_large_image","twitter_misc":{"Tiempo de lectura":"3 minutos"},"schema":{"@context":"https:\/\/schema.org","@graph":[{"@type":"WebPage","@id":"https:\/\/www.esta-officiel-usa.com\/es\/tramites-para-llegar-a-estados-unidos-por-tierra\/","url":"https:\/\/www.esta-officiel-usa.com\/es\/tramites-para-llegar-a-estados-unidos-por-tierra\/","name":"Tr\u00e1mites para llegar a Estados Unidos por tierra","isPartOf":{"@id":"https:\/\/www.esta-officiel-usa.com\/es\/#website"},"datePublished":"2025-09-13T12:05:06+00:00","dateModified":"2025-09-13T12:05:13+00:00","description":"Si deseas llegar a EEUU por tierra desde Canad\u00e1 o M\u00e9xico, debes solicitar una autorizaci\u00f3n.","breadcrumb":{"@id":"https:\/\/www.esta-officiel-usa.com\/es\/tramites-para-llegar-a-estados-unidos-por-tierra\/#breadcrumb"},"inLanguage":"es","potentialAction":[{"@type":"ReadAction","target":["https:\/\/www.esta-officiel-usa.com\/es\/tramites-para-llegar-a-estados-unidos-por-tierra\/"]}]},{"@type":"BreadcrumbList","@id":"https:\/\/www.esta-officiel-usa.com\/es\/tramites-para-llegar-a-estados-unidos-por-tierra\/#breadcrumb","itemListElement":[{"@type":"ListItem","position":1,"name":"Inicio","item":"https:\/\/www.esta-officiel-usa.com\/es\/"},{"@type":"ListItem","position":2,"name":"Tr\u00e1mites para llegar a Estados Unidos por tierra"}]},{"@type":"WebSite","@id":"https:\/\/www.esta-officiel-usa.com\/es\/#website","url":"https:\/\/www.esta-officiel-usa.com\/es\/","name":"ESTA - Estados Unidos","description":"Formulario de solicitud ESTA","potentialAction":[{"@type":"SearchAction","target":{"@type":"EntryPoint","urlTemplate":"https:\/\/www.esta-officiel-usa.com\/es\/?s={search_term_string}"},"query-input":{"@type":"PropertyValueSpecification","valueRequired":true,"valueName":"search_term_string"}}],"inLanguage":"es"}]}},"_links":{"self":[{"href":"https:\/\/www.esta-officiel-usa.com\/es\/wp-json\/wp\/v2\/pages\/1698","targetHints":{"allow":["GET"]}}],"collection":[{"href":"https:\/\/www.esta-officiel-usa.com\/es\/wp-json\/wp\/v2\/pages"}],"about":[{"href":"https:\/\/www.esta-officiel-usa.com\/es\/wp-json\/wp\/v2\/types\/page"}],"author":[{"embeddable":true,"href":"https:\/\/www.esta-officiel-usa.com\/es\/wp-json\/wp\/v2\/users\/1"}],"replies":[{"embeddable":true,"href":"https:\/\/www.esta-officiel-usa.com\/es\/wp-json\/wp\/v2\/comments?post=1698"}],"version-history":[{"count":1,"href":"https:\/\/www.esta-officiel-usa.com\/es\/wp-json\/wp\/v2\/pages\/1698\/revisions"}],"predecessor-version":[{"id":1700,"href":"https:\/\/www.esta-officiel-usa.com\/es\/wp-json\/wp\/v2\/pages\/1698\/revisions\/1700"}],"wp:attachment":[{"href":"https:\/\/www.esta-officiel-usa.com\/es\/wp-json\/wp\/v2\/media?parent=1698"}],"curies":[{"name":"wp","href":"https:\/\/api.w.org\/{rel}","templated":true}]}}