{"id":1701,"date":"2025-09-13T12:05:07","date_gmt":"2025-09-13T12:05:07","guid":{"rendered":"https:\/\/www.esta-officiel-usa.com\/buenos-modales-en-estados-unidos\/"},"modified":"2025-09-13T12:05:12","modified_gmt":"2025-09-13T12:05:12","slug":"buenos-modales-en-estados-unidos","status":"publish","type":"page","link":"https:\/\/www.esta-officiel-usa.com\/es\/buenos-modales-en-estados-unidos\/","title":{"rendered":"Buenos modales en Estados Unidos"},"content":{"rendered":"\n<h1 class=\"wp-block-heading\">BUENOS MODALES Y NORMAS EN EEUU<\/h1>\n\n<p>En general, todo viaje al extranjero requiere una mente abierta y un distanciamiento de lo que parece \u00abnormal\u00bb y \u00abl\u00f3gico\u00bb en nuestro pa\u00eds de origen. De hecho, la gente de todo el mundo no siempre comparte los mismos estilos de vida; esto puede abarcar desde actitudes y valores casi id\u00e9nticos hasta detalles m\u00e1s sutiles de la vida cotidiana. As\u00ed ocurre, por ejemplo, entre Estados Unidos y Francia. Aunque las dos culturas se consideran \u00aboccidentales\u00bb y similares en muchos aspectos, tambi\u00e9n hay detalles divergentes.   <\/p>\n\n<p>Tanto si est\u00e1s en un lugar p\u00fablico como en casa de un invitado o en el trabajo en Estados Unidos, te aconsejamos que conozcas un m\u00ednimo de buenos modales. Los usos y costumbres difieren a veces de los franceses, y ciertos comportamientos que son habituales en Francia est\u00e1n mal vistos o incluso totalmente fuera de lugar en el pa\u00eds del T\u00edo Sam. No te dejes enga\u00f1ar, y re\u00fane algunos conocimientos \u00fatiles antes de partir hacia Estados Unidos para vivir una experiencia inolvidable, \u00a1gracias al<a href=\"https:\/\/www.esta-officiel-usa.com\/es\/\">ESTA oficial<\/a> o a un visado!  <br\/> <\/p>\n\n<h2 class=\"wp-block-heading\">ANTES DE VIAJAR A ESTADOS UNIDOS, INF\u00d3RMATE SOBRE LOS BUENOS MODALES<\/h2>\n\n<p>En primer lugar, este art\u00edculo trata a grandes rasgos de la cultura estadounidense. Obviamente, no se aplica necesariamente a todos los ciudadanos ni al pa\u00eds en su conjunto. Es m\u00e1s, hay muchas diferencias entre estados e incluso entre ciudades americanas: las costumbres son distintas seg\u00fan vivas en Florida, Luisiana, Arizona, San Francisco, Filadelfia, etc\u00e9tera. Aqu\u00ed nos centraremos en los buenos modales que se pueden encontrar en casi todas partes, y que se apartan del comportamiento cl\u00e1sico de un franc\u00e9s.   <\/p>\n\n<h3 class=\"wp-block-heading\">POL\u00cdTICA<\/h3>\n\n<p>Empecemos esta lista de buenos modales por lo m\u00e1s b\u00e1sico: los saludos entre personas. Para saludar, olv\u00eddate enseguida del beso, y opta por el apret\u00f3n de manos en el trabajo, o el famoso \u00ababrazo\u00bb entre amigos (ten en cuenta que el abrazo debe ser breve, no un arrumaco de 10 segundos). Dicho esto, una vez superada la fase del \u00abhola\u00bb, evita el contacto f\u00edsico con tu interlocutor; es mejor mantener una distancia razonable al otro lado del Atl\u00e1ntico.  <\/p>\n\n<h3 class=\"wp-block-heading\">\u00bfSE TE ACERCA UN DESCONOCIDO? \u00a1NO ENTRES EN P\u00c1NICO! <\/h3>\n\n<p>Durante tu estancia en Estados Unidos, te dar\u00e1s cuenta de que la gente es bastante habladora, incluso los transe\u00fantes por la calle. No te sientas atacado si alguien te sonr\u00ede o se te acerca; a menudo es f\u00e1cil hablar con los estadounidenses y s\u00f3lo quieren charlar, sobre temas rudimentarios. No suele llevar mucho tiempo, pero si buscas tranquilidad y un m\u00ednimo de interacci\u00f3n con la poblaci\u00f3n local, quiz\u00e1 debas considerar otro destino que no sea Norteam\u00e9rica.  <\/p>\n\n<h3 class=\"wp-block-heading\">\u00a1RESPETA EL HORARIO PREVISTO!<\/h3>\n\n<p>Si en Francia est\u00e1s acostumbrado a llegar unos minutos despu\u00e9s de la hora fijada, en EEUU vas a tener que esforzarte un poco. No importa si te re\u00fanes con alguien por negocios, placer o placer, tienes que asegurarte de no pasarte de la hora de la reuni\u00f3n. Del mismo modo, si invitas a amigos, cuenta con que llamen al timbre a la hora acordada, o incluso antes. \u00a1Es cuesti\u00f3n de buenos modales!   <br\/> <\/p>\n\n<h2 class=\"wp-block-heading\">QU\u00c9 NO HACER EN EEUU<\/h2>\n\n<h3 class=\"wp-block-heading\">VETE SIN DEJAR PROPINA<\/h3>\n\n<p>Dar propina es esencial en todos los estados norteamericanos. Por eso debes llevar siempre algo de cambio cuando viajes por EEUU. Esto no s\u00f3lo se aplica a los camareros de los restaurantes: peluqueros, repartidores, personal de servicios varios cuando el servicio lo merezca&#8230;  <\/p>\n\n<p>En cuanto a la cantidad, es dif\u00edcil establecer una regla universal. En general, var\u00eda de 1 \u00f3 2 d\u00f3lares a decenas, como en los restaurantes, donde la propina puede llegar al 25% de la cuenta (por cierto, \u00a1inf\u00f3rmate tambi\u00e9n sobre <a href=\"https:\/\/www.esta-officiel-usa.com\/fr\/apercu-de-la-cuisine-americaine\/\">las especialidades culinarias<\/a> del otro lado del Atl\u00e1ntico!) <\/p>\n\n<h3 class=\"wp-block-heading\">FUMAR EN CUALQUIER SITIO<\/h3>\n\n<p>\u00a1No enciendas el cigarrillo en la calle o en una terraza! Los buenos modales excluyen este tipo de comportamiento, que se considera inapropiado e incluso totalmente irrespetuoso. Vivir en Estados Unidos significa que s\u00f3lo debes fumar en las zonas habilitadas para ello (a veces, incluso tus vecinos ver\u00e1n con malos ojos que fumes en tu piso, si el humo les molesta en el pasillo o a trav\u00e9s de la ventana, por ejemplo). Adem\u00e1s, los paquetes son caros y s\u00f3lo est\u00e1n disponibles en unos pocos lugares.   <\/p>\n\n<h3 class=\"wp-block-heading\">ABORDAR DETERMINADOS TEMAS<\/h3>\n\n<p>En Francia, la pol\u00edtica es un tema de conversaci\u00f3n bastante habitual en el bar, con los amigos o incluso con los colegas. En Colorado, Atlanta, <a href=\"https:\/\/www.esta-officiel-usa.com\/es\/viajar-a-estados-unidos-y-descubrir-las-vegas\/\">Las Vegas<\/a> o California, no pienses en ello y gu\u00e1rdate tus ideas. No critiques al gobierno estadounidense ni las normas vigentes.  <\/p>\n\n<p>Por otra parte, no abordes el tema del terrorismo de forma ir\u00f3nica o humor\u00edstica. M\u00e1s all\u00e1 del principio de buena educaci\u00f3n, se trata de un tema demasiado serio, grave y actual como para bromear con los ciudadanos estadounidenses. <\/p>\n\n<p>Lo mismo cabe decir del trato con un funcionario de inmigraci\u00f3n: te aconsejamos que evites cualquier forma de humor y te limites a las <a href=\"https:\/\/www.esta-officiel-usa.com\/es\/cuales-son-los-tramites-para-entrar-en-estados-unidos\/\">formalidades de entrada<\/a>, si quieres entrar en Estados Unidos sin complicaciones.<\/p>\n\n<p>\u00a1Hasta aqu\u00ed lo b\u00e1sico! Tanto si vas a quedarte unas semanas de forma temporal como si vas a quedarte varios meses con un <a href=\"https:\/\/www.esta-officiel-usa.com\/fr\/etats-unis-demander-un-visa-ou-lesta\/\">visado o un ESTA<\/a>, conviene que tengas en cuenta estas cosas antes de viajar a Estados Unidos. <\/p>\n","protected":false},"excerpt":{"rendered":"<p>BUENOS MODALES Y NORMAS EN EEUU En general, todo viaje al extranjero requiere una mente abierta y un distanciamiento de lo que parece \u00abnormal\u00bb y \u00abl\u00f3gico\u00bb en nuestro pa\u00eds de origen. De hecho, la gente de todo el mundo no siempre comparte los mismos estilos de vida; esto puede abarcar desde actitudes y valores casi [&hellip;]<\/p>\n","protected":false},"author":1,"featured_media":0,"parent":0,"menu_order":0,"comment_status":"closed","ping_status":"closed","template":"","meta":{"footnotes":""},"class_list":["post-1701","page","type-page","status-publish","hentry"],"yoast_head":"<!-- This site is optimized with the Yoast SEO plugin v26.2 - https:\/\/yoast.com\/wordpress\/plugins\/seo\/ -->\n<title>Buenos modales en Estados Unidos<\/title>\n<meta name=\"description\" content=\"Se acerca la fecha de tu partida y todo est\u00e1 preparado. S\u00f3lo nos queda informarte y aconsejarte sobre las buenas maneras en Estados Unidos.\" \/>\n<meta name=\"robots\" content=\"index, follow, max-snippet:-1, max-image-preview:large, max-video-preview:-1\" \/>\n<link rel=\"canonical\" href=\"https:\/\/www.esta-officiel-usa.com\/es\/buenos-modales-en-estados-unidos\/\" \/>\n<meta property=\"og:locale\" content=\"es_ES\" \/>\n<meta property=\"og:type\" content=\"article\" \/>\n<meta property=\"og:title\" content=\"Buenos modales en Estados Unidos\" \/>\n<meta property=\"og:description\" content=\"Se acerca la fecha de tu partida y todo est\u00e1 preparado. S\u00f3lo nos queda informarte y aconsejarte sobre las buenas maneras en Estados Unidos.\" \/>\n<meta property=\"og:url\" content=\"https:\/\/www.esta-officiel-usa.com\/es\/buenos-modales-en-estados-unidos\/\" \/>\n<meta property=\"og:site_name\" content=\"ESTA - Estados Unidos\" \/>\n<meta property=\"article:modified_time\" content=\"2025-09-13T12:05:12+00:00\" \/>\n<meta name=\"twitter:card\" content=\"summary_large_image\" \/>\n<meta name=\"twitter:label1\" content=\"Tiempo de lectura\" \/>\n\t<meta name=\"twitter:data1\" content=\"5 minutos\" \/>\n<script type=\"application\/ld+json\" class=\"yoast-schema-graph\">{\"@context\":\"https:\/\/schema.org\",\"@graph\":[{\"@type\":\"WebPage\",\"@id\":\"https:\/\/www.esta-officiel-usa.com\/es\/buenos-modales-en-estados-unidos\/\",\"url\":\"https:\/\/www.esta-officiel-usa.com\/es\/buenos-modales-en-estados-unidos\/\",\"name\":\"Buenos modales en Estados Unidos\",\"isPartOf\":{\"@id\":\"https:\/\/www.esta-officiel-usa.com\/es\/#website\"},\"datePublished\":\"2025-09-13T12:05:07+00:00\",\"dateModified\":\"2025-09-13T12:05:12+00:00\",\"description\":\"Se acerca la fecha de tu partida y todo est\u00e1 preparado. S\u00f3lo nos queda informarte y aconsejarte sobre las buenas maneras en Estados Unidos.\",\"breadcrumb\":{\"@id\":\"https:\/\/www.esta-officiel-usa.com\/es\/buenos-modales-en-estados-unidos\/#breadcrumb\"},\"inLanguage\":\"es\",\"potentialAction\":[{\"@type\":\"ReadAction\",\"target\":[\"https:\/\/www.esta-officiel-usa.com\/es\/buenos-modales-en-estados-unidos\/\"]}]},{\"@type\":\"BreadcrumbList\",\"@id\":\"https:\/\/www.esta-officiel-usa.com\/es\/buenos-modales-en-estados-unidos\/#breadcrumb\",\"itemListElement\":[{\"@type\":\"ListItem\",\"position\":1,\"name\":\"Inicio\",\"item\":\"https:\/\/www.esta-officiel-usa.com\/es\/\"},{\"@type\":\"ListItem\",\"position\":2,\"name\":\"Buenos modales en Estados Unidos\"}]},{\"@type\":\"WebSite\",\"@id\":\"https:\/\/www.esta-officiel-usa.com\/es\/#website\",\"url\":\"https:\/\/www.esta-officiel-usa.com\/es\/\",\"name\":\"ESTA - Estados Unidos\",\"description\":\"Formulario de solicitud ESTA\",\"potentialAction\":[{\"@type\":\"SearchAction\",\"target\":{\"@type\":\"EntryPoint\",\"urlTemplate\":\"https:\/\/www.esta-officiel-usa.com\/es\/?s={search_term_string}\"},\"query-input\":{\"@type\":\"PropertyValueSpecification\",\"valueRequired\":true,\"valueName\":\"search_term_string\"}}],\"inLanguage\":\"es\"}]}<\/script>\n<!-- \/ Yoast SEO plugin. -->","yoast_head_json":{"title":"Buenos modales en Estados Unidos","description":"Se acerca la fecha de tu partida y todo est\u00e1 preparado. S\u00f3lo nos queda informarte y aconsejarte sobre las buenas maneras en Estados Unidos.","robots":{"index":"index","follow":"follow","max-snippet":"max-snippet:-1","max-image-preview":"max-image-preview:large","max-video-preview":"max-video-preview:-1"},"canonical":"https:\/\/www.esta-officiel-usa.com\/es\/buenos-modales-en-estados-unidos\/","og_locale":"es_ES","og_type":"article","og_title":"Buenos modales en Estados Unidos","og_description":"Se acerca la fecha de tu partida y todo est\u00e1 preparado. S\u00f3lo nos queda informarte y aconsejarte sobre las buenas maneras en Estados Unidos.","og_url":"https:\/\/www.esta-officiel-usa.com\/es\/buenos-modales-en-estados-unidos\/","og_site_name":"ESTA - Estados Unidos","article_modified_time":"2025-09-13T12:05:12+00:00","twitter_card":"summary_large_image","twitter_misc":{"Tiempo de lectura":"5 minutos"},"schema":{"@context":"https:\/\/schema.org","@graph":[{"@type":"WebPage","@id":"https:\/\/www.esta-officiel-usa.com\/es\/buenos-modales-en-estados-unidos\/","url":"https:\/\/www.esta-officiel-usa.com\/es\/buenos-modales-en-estados-unidos\/","name":"Buenos modales en Estados Unidos","isPartOf":{"@id":"https:\/\/www.esta-officiel-usa.com\/es\/#website"},"datePublished":"2025-09-13T12:05:07+00:00","dateModified":"2025-09-13T12:05:12+00:00","description":"Se acerca la fecha de tu partida y todo est\u00e1 preparado. S\u00f3lo nos queda informarte y aconsejarte sobre las buenas maneras en Estados Unidos.","breadcrumb":{"@id":"https:\/\/www.esta-officiel-usa.com\/es\/buenos-modales-en-estados-unidos\/#breadcrumb"},"inLanguage":"es","potentialAction":[{"@type":"ReadAction","target":["https:\/\/www.esta-officiel-usa.com\/es\/buenos-modales-en-estados-unidos\/"]}]},{"@type":"BreadcrumbList","@id":"https:\/\/www.esta-officiel-usa.com\/es\/buenos-modales-en-estados-unidos\/#breadcrumb","itemListElement":[{"@type":"ListItem","position":1,"name":"Inicio","item":"https:\/\/www.esta-officiel-usa.com\/es\/"},{"@type":"ListItem","position":2,"name":"Buenos modales en Estados Unidos"}]},{"@type":"WebSite","@id":"https:\/\/www.esta-officiel-usa.com\/es\/#website","url":"https:\/\/www.esta-officiel-usa.com\/es\/","name":"ESTA - Estados Unidos","description":"Formulario de solicitud ESTA","potentialAction":[{"@type":"SearchAction","target":{"@type":"EntryPoint","urlTemplate":"https:\/\/www.esta-officiel-usa.com\/es\/?s={search_term_string}"},"query-input":{"@type":"PropertyValueSpecification","valueRequired":true,"valueName":"search_term_string"}}],"inLanguage":"es"}]}},"_links":{"self":[{"href":"https:\/\/www.esta-officiel-usa.com\/es\/wp-json\/wp\/v2\/pages\/1701","targetHints":{"allow":["GET"]}}],"collection":[{"href":"https:\/\/www.esta-officiel-usa.com\/es\/wp-json\/wp\/v2\/pages"}],"about":[{"href":"https:\/\/www.esta-officiel-usa.com\/es\/wp-json\/wp\/v2\/types\/page"}],"author":[{"embeddable":true,"href":"https:\/\/www.esta-officiel-usa.com\/es\/wp-json\/wp\/v2\/users\/1"}],"replies":[{"embeddable":true,"href":"https:\/\/www.esta-officiel-usa.com\/es\/wp-json\/wp\/v2\/comments?post=1701"}],"version-history":[{"count":1,"href":"https:\/\/www.esta-officiel-usa.com\/es\/wp-json\/wp\/v2\/pages\/1701\/revisions"}],"predecessor-version":[{"id":1703,"href":"https:\/\/www.esta-officiel-usa.com\/es\/wp-json\/wp\/v2\/pages\/1701\/revisions\/1703"}],"wp:attachment":[{"href":"https:\/\/www.esta-officiel-usa.com\/es\/wp-json\/wp\/v2\/media?parent=1701"}],"curies":[{"name":"wp","href":"https:\/\/api.w.org\/{rel}","templated":true}]}}