{"id":1715,"date":"2025-09-13T12:05:12","date_gmt":"2025-09-13T12:05:12","guid":{"rendered":"https:\/\/www.esta-officiel-usa.com\/como-estudiar-en-una-universidad-estadounidense\/"},"modified":"2025-09-13T12:05:12","modified_gmt":"2025-09-13T12:05:12","slug":"como-estudiar-en-una-universidad-estadounidense","status":"publish","type":"page","link":"https:\/\/www.esta-officiel-usa.com\/es\/como-estudiar-en-una-universidad-estadounidense\/","title":{"rendered":"C\u00f3mo estudiar en una universidad estadounidense"},"content":{"rendered":"\n<h1 class=\"wp-block-heading\">ESTUDIA EN UNA UNIVERSIDAD AMERICANA<\/h1>\n\n<p>Al igual que las escuelas de las pel\u00edculas americanas, las universidades estadounidenses son la envidia del mundo. Con una ense\u00f1anza de primera calidad, grandes campus y una amplia gama de actividades extraescolares, es f\u00e1cil entender por qu\u00e9 los estudiantes quieren pasar parte de sus estudios universitarios al otro lado del Atl\u00e1ntico. Harvard, MIT, Princeton y Yale son s\u00f3lo algunas de las universidades a las que muchos estudiantes sue\u00f1an con asistir. Adem\u00e1s de hacer tu curr\u00edculum a\u00fan m\u00e1s atractivo, te permite sumergirte por completo en la cultura estadounidense, descubrir otro sistema educativo y hablar un ingl\u00e9s perfecto. \u00bfTe tienta la idea de estudiar en el extranjero despu\u00e9s del bachillerato? Pero, \u00bfc\u00f3mo acceder a una de las prestigiosas universidades en suelo americano? \u00bfBasta con un <a href=\"https:\/\/www.esta-officiel-usa.com\/es\/\">ESTA<\/a> o tienes que solicitar un visado? Tenemos las respuestas en este art\u00edculo.       <\/p>\n\n<h2 class=\"wp-block-heading\">\u00bfCU\u00c1NTO CUESTA ESTUDIAR EN EEUU?<\/h2>\n\n<p>Las tasas de matr\u00edcula est\u00e1n a la altura de la reputaci\u00f3n de las universidades estadounidenses. De hecho, un gran n\u00famero de centros de ense\u00f1anza est\u00e1n clasificados entre los mejores del mundo. <\/p>\n\n<p>Como en Francia, hay universidades p\u00fablicas y privadas.<\/p>\n\n<p>Las tasas de matr\u00edcula de un a\u00f1o universitario oscilan entre 15.000 y 50.000 euros.<\/p>\n\n<p>Estados Unidos est\u00e1 abierto a estudiantes de todo el mundo para formar a candidatos con talento en disciplinas como la ciencia, el arte o el deporte y ofrecerles despu\u00e9s un puesto de trabajo.<br\/> <\/p>\n\n<h2 class=\"wp-block-heading\">\u00bfC\u00d3MO FINANCIAS TUS ESTUDIOS EN EEUU?<\/h2>\n\n<p>El coste de los estudios puede ser una perspectiva desalentadora para mucha gente, sobre todo si no procedes de una familia adinerada, pero existen varias soluciones para ayudarte a financiar tus estudios en EEUU.<\/p>\n\n<p>En primer lugar, es posible obtener una beca, aunque esto es dif\u00edcil para los estudiantes extranjeros. La mayor\u00eda de las veces, las ayudas econ\u00f3micas se conceden a estudiantes con un talento especial y aptitudes extraordinarias, tanto intelectuales como deportivas, ya que las universidades son muy selectivas. <\/p>\n\n<p>En segundo lugar, es posible que los estudiantes combinen los estudios con un peque\u00f1o trabajo. As\u00ed que no te costar\u00e1 encontrar trabajo en el campus. Puedes trabajar en restauraci\u00f3n, vigilancia de la biblioteca, etc.  <\/p>\n\n<p>Por \u00faltimo, puedes solicitar un pr\u00e9stamo a tu banco. Es una decisi\u00f3n que no debes tomar a la ligera, ya que supone un compromiso importante. <br\/> <\/p>\n\n<h2 class=\"wp-block-heading\">\u00bfQU\u00c9 TENGO QUE HACER PARA ESTUDIAR EN ESTADOS UNIDOS?<\/h2>\n\n<p>Una vez que hayas resuelto el aspecto financiero, es hora de realizar algunos tr\u00e1mites administrativos. Si quieres venir a Estados Unidos y<a href=\"https:\/\/www.esta-officiel-usa.com\/es\/caracteristicas-especificas-de-los-visados-j1-y-f1\/\">estudiar<\/a> en una de las mejores universidades, tienes que solicitar un visado F1. <\/p>\n\n<p>El proceso puede ser largo, por lo que te aconsejamos que lo planifiques con antelaci\u00f3n. Antes de solicitar un visado, debes ser admitido en una universidad de acogida en Estados Unidos. A continuaci\u00f3n, debes cumplimentar el formulario l-20, que se utiliza para registrar a los estudiantes en el SEVIS o Sistema de Informaci\u00f3n de Estudiantes y Visitantes de Intercambio. Debes cumplimentar un segundo formulario, el DS-160. Debes cumplimentar este formulario de la forma m\u00e1s honesta posible, ya que las autoridades estadounidenses no son nada flexibles. Debes pagar una cantidad determinada por tu solicitud de visado. Se te entregar\u00e1 un n\u00famero de 10 d\u00edgitos, as\u00ed que no lo pierdas: lo necesitar\u00e1s. Para la fase final, tendr\u00e1s una cita en la embajada estadounidense, que ser\u00e1 decisiva. Una vez aceptada tu solicitud, \u00a1podr\u00e1s estudiar en EE.UU. y comenzar tu sue\u00f1o americano!        <\/p>\n\n<p>Para m\u00e1s informaci\u00f3n, visita nuestras p\u00e1ginas de <a href=\"https:\/\/www.esta-officiel-usa.com\/es\/esta-preguntas-frecuentes\/\">preguntas frecuentes<\/a>, <a href=\"https:\/\/www.esta-officiel-usa.com\/es\/esta-seccion-de-ayuda\/\">ayuda<\/a> y <a href=\"https:\/\/www.esta-officiel-usa.com\/es\/esta-glosario-y-terminos-generales\/\">glosario<\/a>.<\/p>\n","protected":false},"excerpt":{"rendered":"<p>ESTUDIA EN UNA UNIVERSIDAD AMERICANA Al igual que las escuelas de las pel\u00edculas americanas, las universidades estadounidenses son la envidia del mundo. Con una ense\u00f1anza de primera calidad, grandes campus y una amplia gama de actividades extraescolares, es f\u00e1cil entender por qu\u00e9 los estudiantes quieren pasar parte de sus estudios universitarios al otro lado del [&hellip;]<\/p>\n","protected":false},"author":1,"featured_media":0,"parent":0,"menu_order":0,"comment_status":"closed","ping_status":"closed","template":"","meta":{"footnotes":""},"class_list":["post-1715","page","type-page","status-publish","hentry"],"yoast_head":"<!-- This site is optimized with the Yoast SEO plugin v26.2 - https:\/\/yoast.com\/wordpress\/plugins\/seo\/ -->\n<title>C\u00f3mo estudiar en una universidad estadounidense<\/title>\n<meta name=\"description\" content=\"Grandes campus, una amplia gama de actividades, educaci\u00f3n superior: EEUU es un lugar muy popular para la educaci\u00f3n.\" \/>\n<meta name=\"robots\" content=\"index, follow, max-snippet:-1, max-image-preview:large, max-video-preview:-1\" \/>\n<link rel=\"canonical\" href=\"https:\/\/www.esta-officiel-usa.com\/es\/como-estudiar-en-una-universidad-estadounidense\/\" \/>\n<meta property=\"og:locale\" content=\"es_ES\" \/>\n<meta property=\"og:type\" content=\"article\" \/>\n<meta property=\"og:title\" content=\"C\u00f3mo estudiar en una universidad estadounidense\" \/>\n<meta property=\"og:description\" content=\"Grandes campus, una amplia gama de actividades, educaci\u00f3n superior: EEUU es un lugar muy popular para la educaci\u00f3n.\" \/>\n<meta property=\"og:url\" content=\"https:\/\/www.esta-officiel-usa.com\/es\/como-estudiar-en-una-universidad-estadounidense\/\" \/>\n<meta property=\"og:site_name\" content=\"ESTA - Estados Unidos\" \/>\n<meta name=\"twitter:card\" content=\"summary_large_image\" \/>\n<meta name=\"twitter:label1\" content=\"Tiempo de lectura\" \/>\n\t<meta name=\"twitter:data1\" content=\"3 minutos\" \/>\n<script type=\"application\/ld+json\" class=\"yoast-schema-graph\">{\"@context\":\"https:\/\/schema.org\",\"@graph\":[{\"@type\":\"WebPage\",\"@id\":\"https:\/\/www.esta-officiel-usa.com\/es\/como-estudiar-en-una-universidad-estadounidense\/\",\"url\":\"https:\/\/www.esta-officiel-usa.com\/es\/como-estudiar-en-una-universidad-estadounidense\/\",\"name\":\"C\u00f3mo estudiar en una universidad estadounidense\",\"isPartOf\":{\"@id\":\"https:\/\/www.esta-officiel-usa.com\/es\/#website\"},\"datePublished\":\"2025-09-13T12:05:12+00:00\",\"description\":\"Grandes campus, una amplia gama de actividades, educaci\u00f3n superior: EEUU es un lugar muy popular para la educaci\u00f3n.\",\"breadcrumb\":{\"@id\":\"https:\/\/www.esta-officiel-usa.com\/es\/como-estudiar-en-una-universidad-estadounidense\/#breadcrumb\"},\"inLanguage\":\"es\",\"potentialAction\":[{\"@type\":\"ReadAction\",\"target\":[\"https:\/\/www.esta-officiel-usa.com\/es\/como-estudiar-en-una-universidad-estadounidense\/\"]}]},{\"@type\":\"BreadcrumbList\",\"@id\":\"https:\/\/www.esta-officiel-usa.com\/es\/como-estudiar-en-una-universidad-estadounidense\/#breadcrumb\",\"itemListElement\":[{\"@type\":\"ListItem\",\"position\":1,\"name\":\"Inicio\",\"item\":\"https:\/\/www.esta-officiel-usa.com\/es\/\"},{\"@type\":\"ListItem\",\"position\":2,\"name\":\"C\u00f3mo estudiar en una universidad estadounidense\"}]},{\"@type\":\"WebSite\",\"@id\":\"https:\/\/www.esta-officiel-usa.com\/es\/#website\",\"url\":\"https:\/\/www.esta-officiel-usa.com\/es\/\",\"name\":\"ESTA - Estados Unidos\",\"description\":\"Formulario de solicitud ESTA\",\"potentialAction\":[{\"@type\":\"SearchAction\",\"target\":{\"@type\":\"EntryPoint\",\"urlTemplate\":\"https:\/\/www.esta-officiel-usa.com\/es\/?s={search_term_string}\"},\"query-input\":{\"@type\":\"PropertyValueSpecification\",\"valueRequired\":true,\"valueName\":\"search_term_string\"}}],\"inLanguage\":\"es\"}]}<\/script>\n<!-- \/ Yoast SEO plugin. -->","yoast_head_json":{"title":"C\u00f3mo estudiar en una universidad estadounidense","description":"Grandes campus, una amplia gama de actividades, educaci\u00f3n superior: EEUU es un lugar muy popular para la educaci\u00f3n.","robots":{"index":"index","follow":"follow","max-snippet":"max-snippet:-1","max-image-preview":"max-image-preview:large","max-video-preview":"max-video-preview:-1"},"canonical":"https:\/\/www.esta-officiel-usa.com\/es\/como-estudiar-en-una-universidad-estadounidense\/","og_locale":"es_ES","og_type":"article","og_title":"C\u00f3mo estudiar en una universidad estadounidense","og_description":"Grandes campus, una amplia gama de actividades, educaci\u00f3n superior: EEUU es un lugar muy popular para la educaci\u00f3n.","og_url":"https:\/\/www.esta-officiel-usa.com\/es\/como-estudiar-en-una-universidad-estadounidense\/","og_site_name":"ESTA - Estados Unidos","twitter_card":"summary_large_image","twitter_misc":{"Tiempo de lectura":"3 minutos"},"schema":{"@context":"https:\/\/schema.org","@graph":[{"@type":"WebPage","@id":"https:\/\/www.esta-officiel-usa.com\/es\/como-estudiar-en-una-universidad-estadounidense\/","url":"https:\/\/www.esta-officiel-usa.com\/es\/como-estudiar-en-una-universidad-estadounidense\/","name":"C\u00f3mo estudiar en una universidad estadounidense","isPartOf":{"@id":"https:\/\/www.esta-officiel-usa.com\/es\/#website"},"datePublished":"2025-09-13T12:05:12+00:00","description":"Grandes campus, una amplia gama de actividades, educaci\u00f3n superior: EEUU es un lugar muy popular para la educaci\u00f3n.","breadcrumb":{"@id":"https:\/\/www.esta-officiel-usa.com\/es\/como-estudiar-en-una-universidad-estadounidense\/#breadcrumb"},"inLanguage":"es","potentialAction":[{"@type":"ReadAction","target":["https:\/\/www.esta-officiel-usa.com\/es\/como-estudiar-en-una-universidad-estadounidense\/"]}]},{"@type":"BreadcrumbList","@id":"https:\/\/www.esta-officiel-usa.com\/es\/como-estudiar-en-una-universidad-estadounidense\/#breadcrumb","itemListElement":[{"@type":"ListItem","position":1,"name":"Inicio","item":"https:\/\/www.esta-officiel-usa.com\/es\/"},{"@type":"ListItem","position":2,"name":"C\u00f3mo estudiar en una universidad estadounidense"}]},{"@type":"WebSite","@id":"https:\/\/www.esta-officiel-usa.com\/es\/#website","url":"https:\/\/www.esta-officiel-usa.com\/es\/","name":"ESTA - Estados Unidos","description":"Formulario de solicitud ESTA","potentialAction":[{"@type":"SearchAction","target":{"@type":"EntryPoint","urlTemplate":"https:\/\/www.esta-officiel-usa.com\/es\/?s={search_term_string}"},"query-input":{"@type":"PropertyValueSpecification","valueRequired":true,"valueName":"search_term_string"}}],"inLanguage":"es"}]}},"_links":{"self":[{"href":"https:\/\/www.esta-officiel-usa.com\/es\/wp-json\/wp\/v2\/pages\/1715","targetHints":{"allow":["GET"]}}],"collection":[{"href":"https:\/\/www.esta-officiel-usa.com\/es\/wp-json\/wp\/v2\/pages"}],"about":[{"href":"https:\/\/www.esta-officiel-usa.com\/es\/wp-json\/wp\/v2\/types\/page"}],"author":[{"embeddable":true,"href":"https:\/\/www.esta-officiel-usa.com\/es\/wp-json\/wp\/v2\/users\/1"}],"replies":[{"embeddable":true,"href":"https:\/\/www.esta-officiel-usa.com\/es\/wp-json\/wp\/v2\/comments?post=1715"}],"version-history":[{"count":1,"href":"https:\/\/www.esta-officiel-usa.com\/es\/wp-json\/wp\/v2\/pages\/1715\/revisions"}],"predecessor-version":[{"id":1716,"href":"https:\/\/www.esta-officiel-usa.com\/es\/wp-json\/wp\/v2\/pages\/1715\/revisions\/1716"}],"wp:attachment":[{"href":"https:\/\/www.esta-officiel-usa.com\/es\/wp-json\/wp\/v2\/media?parent=1715"}],"curies":[{"name":"wp","href":"https:\/\/api.w.org\/{rel}","templated":true}]}}