{"id":1724,"date":"2025-09-13T12:05:16","date_gmt":"2025-09-13T12:05:16","guid":{"rendered":"https:\/\/www.esta-officiel-usa.com\/que-es-el-esta\/"},"modified":"2025-09-13T12:05:21","modified_gmt":"2025-09-13T12:05:21","slug":"que-es-el-esta","status":"publish","type":"page","link":"https:\/\/www.esta-officiel-usa.com\/es\/que-es-el-esta\/","title":{"rendered":"Qu\u00e9 es el ESTA"},"content":{"rendered":"\n<h1 class=\"wp-block-heading\">ESTA: \u00bfQU\u00c9 ES?<\/h1>\n\n<p>Las fronteras de Estados Unidos se encuentran entre las m\u00e1s vigiladas del mundo. Como el acceso al territorio estadounidense est\u00e1 extremadamente controlado, el gobierno quiere asegurarse, antes de emitir el ESTA <a href=\"https:\/\/www.esta-officiel-usa.com\/es\/como-obtener-un-esta-por-internet\/\">en l\u00ednea<\/a>, de que cualquier extranjero que desee cruzar la frontera no planea perjudicar a esta naci\u00f3n y no est\u00e1 sujeto a una orden de inadmisibilidad. <\/p>\n\n<p><a href=\"https:\/\/www.esta-officiel-usa.com\/es\/la-diferencia-entre-un-esta-y-una-solicitud-de-visado\/\">A diferencia<\/a> del visado tradicional, el Sistema Electr\u00f3nico de Autorizaci\u00f3n de Viaje (ESTA) es un formulario que los nacionales de los 38 pa\u00edses que participan en el Programa de <a href=\"https:\/\/www.esta-officiel-usa.com\/fr\/les-38-pays-partenaires-du-visa-waiver-program\/\">Exenci\u00f3n de<\/a> Visado deben cumplimentar en l\u00ednea si desean viajar a EE.UU. durante menos de 90 d\u00edas. Creada en 2009 por el gobierno estadounidense (y m\u00e1s recientemente en <a href=\"https:\/\/www.esta-officiel-usa.com\/fr\/lautorisation-de-voyage-esta-canada\/\">Canad\u00e1<\/a> y pronto en Europa con el<a href=\"https:\/\/www.esta-officiel-usa.com\/es\/etias-europa-inspirado-en-el-esta-estadounidense\/\">ETIAS<\/a>), esta autorizaci\u00f3n previa (gestionada por <a href=\"https:\/\/www.esta-officiel-usa.com\/es\/departamento-de-seguridad-interior\/\">el DHS<\/a>) est\u00e1 concebida para mejorar <a href=\"https:\/\/www.esta-officiel-usa.com\/es\/medidas-de-seguridad-para-entrar-en-estados-unidos\/\">la seguridad<\/a> en los aeropuertos y en EEUU. <\/p>\n\n<p>En consecuencia, los ciudadanos franceses que deseen cruzar la frontera con Estados Unidos para una estancia corta o <a href=\"https:\/\/www.esta-officiel-usa.com\/fr\/esta-pour-transit-aux-etats-unis\/\">en tr\u00e1nsito<\/a> ya no tienen que pasar por el procedimiento relativamente largo de obtener un <a href=\"https:\/\/www.esta-officiel-usa.com\/es\/condiciones-para-obtener-el-esta\/\">visado estadounidense<\/a>, sino que simplemente tienen que rellenar el <a href=\"https:\/\/www.esta-officiel-usa.com\/fr\/formulaire-esta-a-qui-est-il-destine\/\">formulario ESTA<\/a> para informar de su llegada al pa\u00eds.<\/p>\n\n<p>Puedes obtener sin problemas la autorizaci\u00f3n <a href=\"https:\/\/www.esta-officiel-usa.com\/es\/autorizacion-esta-de-francia\/\">ESTA Francia<\/a>, destinada \u00fanicamente a las personas que viajan a Estados Unidos para <a href=\"https:\/\/www.esta-officiel-usa.com\/es\/procedimientos-para-visitar-estados-unidos\/\">hacer turismo<\/a> (\u00a1no olvides visitar los <a href=\"https:\/\/www.esta-officiel-usa.com\/es\/descubre-los-parques-nacionales-de-estados-unidos\/\">parques<\/a> nacionales, por ejemplo!), viajes de negocios o simple tr\u00e1nsito.<\/p>\n\n<p>El ESTA <a href=\"https:\/\/www.esta-officiel-usa.com\/fr\/la-duree-de-validite-de-lesta\/\">es v\u00e1lido durante<\/a> dos a\u00f1os a partir de la fecha de expedici\u00f3n, o hasta la fecha de caducidad del pasaporte si \u00e9ste tiene una validez inferior a 2 a\u00f1os.<\/p>\n\n<p>La posesi\u00f3n de uno de los dos tipos de pasaporte aceptados es condici\u00f3n indispensable para obtener esta autorizaci\u00f3n:<\/p>\n\n<ul class=\"wp-block-list\"><li>pasaporte biom\u00e9trico<\/li><li>pasaporte electr\u00f3nico<\/li><\/ul>\n\n<p><strong>Toma nota: <\/strong>La <a href=\"https:\/\/www.esta-officiel-usa.com\/es\/\">solicitud de autorizaci\u00f3n de viaje ESTA<\/a> debe cumplimentarse en l\u00ednea a m\u00e1s tardar 72 horas antes de la salida. As\u00ed que recuerda <a href=\"https:\/\/www.esta-officiel-usa.com\/es\/rellenar-el-formulario-esta-en-linea\/\">rellenar el formulario<\/a> en cuanto conozcas las fechas de tu viaje. <\/p>\n","protected":false},"excerpt":{"rendered":"<p>ESTA: \u00bfQU\u00c9 ES? Las fronteras de Estados Unidos se encuentran entre las m\u00e1s vigiladas del mundo. Como el acceso al territorio estadounidense est\u00e1 extremadamente controlado, el gobierno quiere asegurarse, antes de emitir el ESTA en l\u00ednea, de que cualquier extranjero que desee cruzar la frontera no planea perjudicar a esta naci\u00f3n y no est\u00e1 sujeto [&hellip;]<\/p>\n","protected":false},"author":1,"featured_media":0,"parent":0,"menu_order":0,"comment_status":"closed","ping_status":"closed","template":"","meta":{"footnotes":""},"class_list":["post-1724","page","type-page","status-publish","hentry"],"yoast_head":"<!-- This site is optimized with the Yoast SEO plugin v26.2 - https:\/\/yoast.com\/wordpress\/plugins\/seo\/ -->\n<title>Qu\u00e9 es el ESTA<\/title>\n<meta name=\"description\" content=\"Para reforzar la seguridad en suelo estadounidense, el gobierno ha introducido el ESTA. Nuestros expertos te explican en qu\u00e9 consiste.\" \/>\n<meta name=\"robots\" content=\"index, follow, max-snippet:-1, max-image-preview:large, max-video-preview:-1\" \/>\n<link rel=\"canonical\" href=\"https:\/\/www.esta-officiel-usa.com\/es\/que-es-el-esta\/\" \/>\n<meta property=\"og:locale\" content=\"es_ES\" \/>\n<meta property=\"og:type\" content=\"article\" \/>\n<meta property=\"og:title\" content=\"Qu\u00e9 es el ESTA\" \/>\n<meta property=\"og:description\" content=\"Para reforzar la seguridad en suelo estadounidense, el gobierno ha introducido el ESTA. Nuestros expertos te explican en qu\u00e9 consiste.\" \/>\n<meta property=\"og:url\" content=\"https:\/\/www.esta-officiel-usa.com\/es\/que-es-el-esta\/\" \/>\n<meta property=\"og:site_name\" content=\"ESTA - Estados Unidos\" \/>\n<meta property=\"article:modified_time\" content=\"2025-09-13T12:05:21+00:00\" \/>\n<meta name=\"twitter:card\" content=\"summary_large_image\" \/>\n<meta name=\"twitter:label1\" content=\"Tiempo de lectura\" \/>\n\t<meta name=\"twitter:data1\" content=\"2 minutos\" \/>\n<script type=\"application\/ld+json\" class=\"yoast-schema-graph\">{\"@context\":\"https:\/\/schema.org\",\"@graph\":[{\"@type\":\"WebPage\",\"@id\":\"https:\/\/www.esta-officiel-usa.com\/es\/que-es-el-esta\/\",\"url\":\"https:\/\/www.esta-officiel-usa.com\/es\/que-es-el-esta\/\",\"name\":\"Qu\u00e9 es el ESTA\",\"isPartOf\":{\"@id\":\"https:\/\/www.esta-officiel-usa.com\/es\/#website\"},\"datePublished\":\"2025-09-13T12:05:16+00:00\",\"dateModified\":\"2025-09-13T12:05:21+00:00\",\"description\":\"Para reforzar la seguridad en suelo estadounidense, el gobierno ha introducido el ESTA. Nuestros expertos te explican en qu\u00e9 consiste.\",\"breadcrumb\":{\"@id\":\"https:\/\/www.esta-officiel-usa.com\/es\/que-es-el-esta\/#breadcrumb\"},\"inLanguage\":\"es\",\"potentialAction\":[{\"@type\":\"ReadAction\",\"target\":[\"https:\/\/www.esta-officiel-usa.com\/es\/que-es-el-esta\/\"]}]},{\"@type\":\"BreadcrumbList\",\"@id\":\"https:\/\/www.esta-officiel-usa.com\/es\/que-es-el-esta\/#breadcrumb\",\"itemListElement\":[{\"@type\":\"ListItem\",\"position\":1,\"name\":\"Inicio\",\"item\":\"https:\/\/www.esta-officiel-usa.com\/es\/\"},{\"@type\":\"ListItem\",\"position\":2,\"name\":\"Qu\u00e9 es el ESTA\"}]},{\"@type\":\"WebSite\",\"@id\":\"https:\/\/www.esta-officiel-usa.com\/es\/#website\",\"url\":\"https:\/\/www.esta-officiel-usa.com\/es\/\",\"name\":\"ESTA - Estados Unidos\",\"description\":\"Formulario de solicitud ESTA\",\"potentialAction\":[{\"@type\":\"SearchAction\",\"target\":{\"@type\":\"EntryPoint\",\"urlTemplate\":\"https:\/\/www.esta-officiel-usa.com\/es\/?s={search_term_string}\"},\"query-input\":{\"@type\":\"PropertyValueSpecification\",\"valueRequired\":true,\"valueName\":\"search_term_string\"}}],\"inLanguage\":\"es\"}]}<\/script>\n<!-- \/ Yoast SEO plugin. -->","yoast_head_json":{"title":"Qu\u00e9 es el ESTA","description":"Para reforzar la seguridad en suelo estadounidense, el gobierno ha introducido el ESTA. Nuestros expertos te explican en qu\u00e9 consiste.","robots":{"index":"index","follow":"follow","max-snippet":"max-snippet:-1","max-image-preview":"max-image-preview:large","max-video-preview":"max-video-preview:-1"},"canonical":"https:\/\/www.esta-officiel-usa.com\/es\/que-es-el-esta\/","og_locale":"es_ES","og_type":"article","og_title":"Qu\u00e9 es el ESTA","og_description":"Para reforzar la seguridad en suelo estadounidense, el gobierno ha introducido el ESTA. Nuestros expertos te explican en qu\u00e9 consiste.","og_url":"https:\/\/www.esta-officiel-usa.com\/es\/que-es-el-esta\/","og_site_name":"ESTA - Estados Unidos","article_modified_time":"2025-09-13T12:05:21+00:00","twitter_card":"summary_large_image","twitter_misc":{"Tiempo de lectura":"2 minutos"},"schema":{"@context":"https:\/\/schema.org","@graph":[{"@type":"WebPage","@id":"https:\/\/www.esta-officiel-usa.com\/es\/que-es-el-esta\/","url":"https:\/\/www.esta-officiel-usa.com\/es\/que-es-el-esta\/","name":"Qu\u00e9 es el ESTA","isPartOf":{"@id":"https:\/\/www.esta-officiel-usa.com\/es\/#website"},"datePublished":"2025-09-13T12:05:16+00:00","dateModified":"2025-09-13T12:05:21+00:00","description":"Para reforzar la seguridad en suelo estadounidense, el gobierno ha introducido el ESTA. Nuestros expertos te explican en qu\u00e9 consiste.","breadcrumb":{"@id":"https:\/\/www.esta-officiel-usa.com\/es\/que-es-el-esta\/#breadcrumb"},"inLanguage":"es","potentialAction":[{"@type":"ReadAction","target":["https:\/\/www.esta-officiel-usa.com\/es\/que-es-el-esta\/"]}]},{"@type":"BreadcrumbList","@id":"https:\/\/www.esta-officiel-usa.com\/es\/que-es-el-esta\/#breadcrumb","itemListElement":[{"@type":"ListItem","position":1,"name":"Inicio","item":"https:\/\/www.esta-officiel-usa.com\/es\/"},{"@type":"ListItem","position":2,"name":"Qu\u00e9 es el ESTA"}]},{"@type":"WebSite","@id":"https:\/\/www.esta-officiel-usa.com\/es\/#website","url":"https:\/\/www.esta-officiel-usa.com\/es\/","name":"ESTA - Estados Unidos","description":"Formulario de solicitud ESTA","potentialAction":[{"@type":"SearchAction","target":{"@type":"EntryPoint","urlTemplate":"https:\/\/www.esta-officiel-usa.com\/es\/?s={search_term_string}"},"query-input":{"@type":"PropertyValueSpecification","valueRequired":true,"valueName":"search_term_string"}}],"inLanguage":"es"}]}},"_links":{"self":[{"href":"https:\/\/www.esta-officiel-usa.com\/es\/wp-json\/wp\/v2\/pages\/1724","targetHints":{"allow":["GET"]}}],"collection":[{"href":"https:\/\/www.esta-officiel-usa.com\/es\/wp-json\/wp\/v2\/pages"}],"about":[{"href":"https:\/\/www.esta-officiel-usa.com\/es\/wp-json\/wp\/v2\/types\/page"}],"author":[{"embeddable":true,"href":"https:\/\/www.esta-officiel-usa.com\/es\/wp-json\/wp\/v2\/users\/1"}],"replies":[{"embeddable":true,"href":"https:\/\/www.esta-officiel-usa.com\/es\/wp-json\/wp\/v2\/comments?post=1724"}],"version-history":[{"count":1,"href":"https:\/\/www.esta-officiel-usa.com\/es\/wp-json\/wp\/v2\/pages\/1724\/revisions"}],"predecessor-version":[{"id":1726,"href":"https:\/\/www.esta-officiel-usa.com\/es\/wp-json\/wp\/v2\/pages\/1724\/revisions\/1726"}],"wp:attachment":[{"href":"https:\/\/www.esta-officiel-usa.com\/es\/wp-json\/wp\/v2\/media?parent=1724"}],"curies":[{"name":"wp","href":"https:\/\/api.w.org\/{rel}","templated":true}]}}