{"id":1729,"date":"2025-09-13T12:05:17","date_gmt":"2025-09-13T12:05:17","guid":{"rendered":"https:\/\/www.esta-officiel-usa.com\/formulario-esta-a-quien-va-dirigido\/"},"modified":"2025-09-13T12:05:21","modified_gmt":"2025-09-13T12:05:21","slug":"formulario-esta-a-quien-va-dirigido","status":"publish","type":"page","link":"https:\/\/www.esta-officiel-usa.com\/es\/formulario-esta-a-quien-va-dirigido\/","title":{"rendered":"Formulario ESTA a qui\u00e9n va dirigido"},"content":{"rendered":"\n<h1 class=\"wp-block-heading\">\u00bfA QUI\u00c9N VA DIRIGIDO EL FORMULARIO ESTA?<\/h1>\n\n<p>Si viajas a EEUU por aire o por mar, debes <a href=\"https:\/\/www.esta-officiel-usa.com\/es\/\">solicitar un ESTA<\/a>. Para ello, debes <a href=\"https:\/\/www.esta-officiel-usa.com\/es\/rellenar-el-formulario-esta-en-linea\/\">cumplimentar<\/a> el formulario al menos 72 horas antes del embarque, de lo contrario se te denegar\u00e1 el embarque. Sin embargo, esta autorizaci\u00f3n no garantiza que seas admitido en Estados Unidos una vez llegues a la frontera.  <\/p>\n\n<p>El proceso y la obtenci\u00f3n del <a href=\"https:\/\/www.esta-officiel-usa.com\/es\/obtener-tu-certificado-esta\/\">certificado ESTA<\/a> se realizan <a href=\"https:\/\/www.esta-officiel-usa.com\/es\/como-obtener-un-esta-por-internet\/\">online<\/a>, por lo que necesitar\u00e1s una conexi\u00f3n a Internet.<\/p>\n\n<p>Se denegar\u00e1 el embarque a quienes viajen o simplemente <a href=\"https:\/\/www.esta-officiel-usa.com\/fr\/esta-pour-transit-aux-etats-unis\/\">transiten<\/a> por uno de los dos medios mencionados (a\u00e9reo o mar\u00edtimo) y no hayan cumplimentado el formulario ESTA. El ESTA es obligatorio para los tr\u00e1nsitos, los viajes tur\u00edsticos y los viajes de negocios de menos de 90 d\u00edas. En 2025 se introducir\u00e1 en Europa un procedimiento de seguridad similar: el<a href=\"https:\/\/www.esta-officiel-usa.com\/es\/etias-europa-inspirado-en-el-esta-estadounidense\/\">ETIAS<\/a>.  <\/p>\n\n<p>Gracias al Programa de Exenci\u00f3n de Visado, los nacionales de estos pa\u00edses ya no necesitan solicitar un <a href=\"https:\/\/www.esta-officiel-usa.com\/es\/por-que-me-han-denegado-el-esta\/\">VISADO de turista<\/a> para permanecer en Estados Unidos menos de 90 d\u00edas.<\/p>\n\n<p>Los siguientes pa\u00edses son miembros de este programa:<br\/>Alemania, Andorra, Australia, Austria, B\u00e9lgica, Brunei, Croacia, Dinamarca, Eslovaquia, Eslovenia, Espa\u00f1a, Estonia, Finlandia, Francia, Gran Breta\u00f1a, Grecia, Hungr\u00eda, Irlanda, Islandia, Israel, Italia, Jap\u00f3n, Letonia, Liechtenstein, Lituania, Luxemburgo, Malta, M\u00f3naco, Noruega, Nueva Zelanda, Pa\u00edses Bajos, Polonia, Portugal, Rep\u00fablica Checa, Rep\u00fablica de Corea, San Marino, Singapur, Suecia, Suiza y Taiw\u00e1n.  <\/p>\n\n<p>Desde hace algunos a\u00f1os, rellenar el <a href=\"https:\/\/www.esta-officiel-usa.com\/es\/que-es-el-esta\/\">formulario ESTA<\/a> es obligatorio para todos los pasajeros (adultos y ni\u00f1os de todas las edades):  <\/p>\n\n<ul class=\"wp-block-list\">\n<li>viajar a EEUU por aire o por mar,<\/li>\n\n\n\n<li>de nacionalidad francesa o de uno de los pa\u00edses enumerados anteriormente (no aplicable a los viajeros con doble nacionalidad de Irak, Ir\u00e1n, Siria y Sud\u00e1n),<\/li>\n\n\n\n<li>viajar a EE.UU. por turismo o negocios durante menos de 90 d\u00edas,<\/li>\n\n\n\n<li>en tr\u00e1nsito por Estados Unidos en un viaje a otro pa\u00eds.<\/li>\n<\/ul>\n\n<p>Si quieres saber m\u00e1s, te sugerimos que consultes nuestras <a href=\"https:\/\/www.esta-officiel-usa.com\/es\/esta-preguntas-frecuentes\/\">preguntas frecuentes<\/a>, nuestra p\u00e1gina de<a href=\"https:\/\/www.esta-officiel-usa.com\/es\/esta-seccion-de-ayuda\/\">ayuda<\/a> para utilizar nuestra plataforma simplificada.<\/p>\n","protected":false},"excerpt":{"rendered":"<p>\u00bfA QUI\u00c9N VA DIRIGIDO EL FORMULARIO ESTA? Si viajas a EEUU por aire o por mar, debes solicitar un ESTA. Para ello, debes cumplimentar el formulario al menos 72 horas antes del embarque, de lo contrario se te denegar\u00e1 el embarque. Sin embargo, esta autorizaci\u00f3n no garantiza que seas admitido en Estados Unidos una vez [&hellip;]<\/p>\n","protected":false},"author":1,"featured_media":0,"parent":0,"menu_order":0,"comment_status":"closed","ping_status":"closed","template":"","meta":{"footnotes":""},"class_list":["post-1729","page","type-page","status-publish","hentry"],"yoast_head":"<!-- This site is optimized with the Yoast SEO plugin v26.2 - https:\/\/yoast.com\/wordpress\/plugins\/seo\/ -->\n<title>Formulario ESTA a qui\u00e9n va dirigido<\/title>\n<meta name=\"description\" content=\"El formulario ESTA es un tr\u00e1mite administrativo obligatorio para entrar en Estados Unidos. Averigua para qui\u00e9n es en nuestra p\u00e1gina.\" \/>\n<meta name=\"robots\" content=\"index, follow, max-snippet:-1, max-image-preview:large, max-video-preview:-1\" \/>\n<link rel=\"canonical\" href=\"https:\/\/www.esta-officiel-usa.com\/es\/formulario-esta-a-quien-va-dirigido\/\" \/>\n<meta property=\"og:locale\" content=\"es_ES\" \/>\n<meta property=\"og:type\" content=\"article\" \/>\n<meta property=\"og:title\" content=\"Formulario ESTA a qui\u00e9n va dirigido\" \/>\n<meta property=\"og:description\" content=\"El formulario ESTA es un tr\u00e1mite administrativo obligatorio para entrar en Estados Unidos. Averigua para qui\u00e9n es en nuestra p\u00e1gina.\" \/>\n<meta property=\"og:url\" content=\"https:\/\/www.esta-officiel-usa.com\/es\/formulario-esta-a-quien-va-dirigido\/\" \/>\n<meta property=\"og:site_name\" content=\"ESTA - Estados Unidos\" \/>\n<meta property=\"article:modified_time\" content=\"2025-09-13T12:05:21+00:00\" \/>\n<meta name=\"twitter:card\" content=\"summary_large_image\" \/>\n<meta name=\"twitter:label1\" content=\"Tiempo de lectura\" \/>\n\t<meta name=\"twitter:data1\" content=\"2 minutos\" \/>\n<script type=\"application\/ld+json\" class=\"yoast-schema-graph\">{\"@context\":\"https:\/\/schema.org\",\"@graph\":[{\"@type\":\"WebPage\",\"@id\":\"https:\/\/www.esta-officiel-usa.com\/es\/formulario-esta-a-quien-va-dirigido\/\",\"url\":\"https:\/\/www.esta-officiel-usa.com\/es\/formulario-esta-a-quien-va-dirigido\/\",\"name\":\"Formulario ESTA a qui\u00e9n va dirigido\",\"isPartOf\":{\"@id\":\"https:\/\/www.esta-officiel-usa.com\/es\/#website\"},\"datePublished\":\"2025-09-13T12:05:17+00:00\",\"dateModified\":\"2025-09-13T12:05:21+00:00\",\"description\":\"El formulario ESTA es un tr\u00e1mite administrativo obligatorio para entrar en Estados Unidos. Averigua para qui\u00e9n es en nuestra p\u00e1gina.\",\"breadcrumb\":{\"@id\":\"https:\/\/www.esta-officiel-usa.com\/es\/formulario-esta-a-quien-va-dirigido\/#breadcrumb\"},\"inLanguage\":\"es\",\"potentialAction\":[{\"@type\":\"ReadAction\",\"target\":[\"https:\/\/www.esta-officiel-usa.com\/es\/formulario-esta-a-quien-va-dirigido\/\"]}]},{\"@type\":\"BreadcrumbList\",\"@id\":\"https:\/\/www.esta-officiel-usa.com\/es\/formulario-esta-a-quien-va-dirigido\/#breadcrumb\",\"itemListElement\":[{\"@type\":\"ListItem\",\"position\":1,\"name\":\"Inicio\",\"item\":\"https:\/\/www.esta-officiel-usa.com\/es\/\"},{\"@type\":\"ListItem\",\"position\":2,\"name\":\"Formulario ESTA a qui\u00e9n va dirigido\"}]},{\"@type\":\"WebSite\",\"@id\":\"https:\/\/www.esta-officiel-usa.com\/es\/#website\",\"url\":\"https:\/\/www.esta-officiel-usa.com\/es\/\",\"name\":\"ESTA - Estados Unidos\",\"description\":\"Formulario de solicitud ESTA\",\"potentialAction\":[{\"@type\":\"SearchAction\",\"target\":{\"@type\":\"EntryPoint\",\"urlTemplate\":\"https:\/\/www.esta-officiel-usa.com\/es\/?s={search_term_string}\"},\"query-input\":{\"@type\":\"PropertyValueSpecification\",\"valueRequired\":true,\"valueName\":\"search_term_string\"}}],\"inLanguage\":\"es\"}]}<\/script>\n<!-- \/ Yoast SEO plugin. -->","yoast_head_json":{"title":"Formulario ESTA a qui\u00e9n va dirigido","description":"El formulario ESTA es un tr\u00e1mite administrativo obligatorio para entrar en Estados Unidos. Averigua para qui\u00e9n es en nuestra p\u00e1gina.","robots":{"index":"index","follow":"follow","max-snippet":"max-snippet:-1","max-image-preview":"max-image-preview:large","max-video-preview":"max-video-preview:-1"},"canonical":"https:\/\/www.esta-officiel-usa.com\/es\/formulario-esta-a-quien-va-dirigido\/","og_locale":"es_ES","og_type":"article","og_title":"Formulario ESTA a qui\u00e9n va dirigido","og_description":"El formulario ESTA es un tr\u00e1mite administrativo obligatorio para entrar en Estados Unidos. Averigua para qui\u00e9n es en nuestra p\u00e1gina.","og_url":"https:\/\/www.esta-officiel-usa.com\/es\/formulario-esta-a-quien-va-dirigido\/","og_site_name":"ESTA - Estados Unidos","article_modified_time":"2025-09-13T12:05:21+00:00","twitter_card":"summary_large_image","twitter_misc":{"Tiempo de lectura":"2 minutos"},"schema":{"@context":"https:\/\/schema.org","@graph":[{"@type":"WebPage","@id":"https:\/\/www.esta-officiel-usa.com\/es\/formulario-esta-a-quien-va-dirigido\/","url":"https:\/\/www.esta-officiel-usa.com\/es\/formulario-esta-a-quien-va-dirigido\/","name":"Formulario ESTA a qui\u00e9n va dirigido","isPartOf":{"@id":"https:\/\/www.esta-officiel-usa.com\/es\/#website"},"datePublished":"2025-09-13T12:05:17+00:00","dateModified":"2025-09-13T12:05:21+00:00","description":"El formulario ESTA es un tr\u00e1mite administrativo obligatorio para entrar en Estados Unidos. Averigua para qui\u00e9n es en nuestra p\u00e1gina.","breadcrumb":{"@id":"https:\/\/www.esta-officiel-usa.com\/es\/formulario-esta-a-quien-va-dirigido\/#breadcrumb"},"inLanguage":"es","potentialAction":[{"@type":"ReadAction","target":["https:\/\/www.esta-officiel-usa.com\/es\/formulario-esta-a-quien-va-dirigido\/"]}]},{"@type":"BreadcrumbList","@id":"https:\/\/www.esta-officiel-usa.com\/es\/formulario-esta-a-quien-va-dirigido\/#breadcrumb","itemListElement":[{"@type":"ListItem","position":1,"name":"Inicio","item":"https:\/\/www.esta-officiel-usa.com\/es\/"},{"@type":"ListItem","position":2,"name":"Formulario ESTA a qui\u00e9n va dirigido"}]},{"@type":"WebSite","@id":"https:\/\/www.esta-officiel-usa.com\/es\/#website","url":"https:\/\/www.esta-officiel-usa.com\/es\/","name":"ESTA - Estados Unidos","description":"Formulario de solicitud ESTA","potentialAction":[{"@type":"SearchAction","target":{"@type":"EntryPoint","urlTemplate":"https:\/\/www.esta-officiel-usa.com\/es\/?s={search_term_string}"},"query-input":{"@type":"PropertyValueSpecification","valueRequired":true,"valueName":"search_term_string"}}],"inLanguage":"es"}]}},"_links":{"self":[{"href":"https:\/\/www.esta-officiel-usa.com\/es\/wp-json\/wp\/v2\/pages\/1729","targetHints":{"allow":["GET"]}}],"collection":[{"href":"https:\/\/www.esta-officiel-usa.com\/es\/wp-json\/wp\/v2\/pages"}],"about":[{"href":"https:\/\/www.esta-officiel-usa.com\/es\/wp-json\/wp\/v2\/types\/page"}],"author":[{"embeddable":true,"href":"https:\/\/www.esta-officiel-usa.com\/es\/wp-json\/wp\/v2\/users\/1"}],"replies":[{"embeddable":true,"href":"https:\/\/www.esta-officiel-usa.com\/es\/wp-json\/wp\/v2\/comments?post=1729"}],"version-history":[{"count":1,"href":"https:\/\/www.esta-officiel-usa.com\/es\/wp-json\/wp\/v2\/pages\/1729\/revisions"}],"predecessor-version":[{"id":1731,"href":"https:\/\/www.esta-officiel-usa.com\/es\/wp-json\/wp\/v2\/pages\/1729\/revisions\/1731"}],"wp:attachment":[{"href":"https:\/\/www.esta-officiel-usa.com\/es\/wp-json\/wp\/v2\/media?parent=1729"}],"curies":[{"name":"wp","href":"https:\/\/api.w.org\/{rel}","templated":true}]}}