{"id":1736,"date":"2025-09-13T12:05:18","date_gmt":"2025-09-13T12:05:18","guid":{"rendered":"https:\/\/www.esta-officiel-usa.com\/es-obligatorio-el-esta-para-transitar-por-estados-unidos\/"},"modified":"2025-09-13T12:05:21","modified_gmt":"2025-09-13T12:05:21","slug":"es-obligatorio-el-esta-para-transitar-por-estados-unidos","status":"publish","type":"page","link":"https:\/\/www.esta-officiel-usa.com\/es\/es-obligatorio-el-esta-para-transitar-por-estados-unidos\/","title":{"rendered":"\u00bfEs obligatorio el ESTA para transitar por Estados Unidos?"},"content":{"rendered":"\n<h1 class=\"wp-block-heading\">ESTA REQUERIDA PARA EL TR\u00c1NSITO A ESTADOS UNIDOS<\/h1>\n\n<p>\u00bfTu viaje incluye una escala en Estados Unidos? Debes presentar determinados documentos de viaje durante tu tr\u00e1nsito. Este art\u00edculo enumera los documentos que debes tener, incluido el<a href=\"https:\/\/www.esta-officiel-usa.com\/es\/\">ESTA<\/a>.  <br\/> <\/p>\n\n<h2 class=\"wp-block-heading\">EE.UU.: MOSTRAR TU ESTA EN TR\u00c1NSITO<\/h2>\n\n<p>Las autoridades estadounidenses, muy implicadas en la seguridad interior de su pa\u00eds, sobre todo teniendo en cuenta el riesgo de terrorismo, realizan controles previos de las personas autorizadas a entrar en el pa\u00eds. Todos los viajeros (incluidos los ni\u00f1os) deben llevar :   <\/p>\n\n<ul class=\"wp-block-list\"><li>un pasaporte electr\u00f3nico o biom\u00e9trico v\u00e1lido;<\/li><li>un permiso de residencia (visado, <a href=\"news:\/\/\/es\/formalidades-que-llegan-a-USA-por-tierra\/\">tarjeta verde <\/a>o <a href=\"https:\/\/www.esta-officiel-usa.com\/es\/que-es-la-autorizacion-esta\/\">ESTA<\/a>).<\/li><\/ul>\n\n<p>Si est\u00e1s de <a href=\"https:\/\/www.esta-officiel-usa.com\/es\/cuales-son-los-diferentes-visados-de-transito-para-ee-uu\/\">paso por Estados Unidos<\/a>, el <a href=\"https:\/\/www.esta-officiel-usa.com\/es\/documentos-de-viaje-para-ee-uu\/\">documento de viaje<\/a> m\u00e1s f\u00e1cil de solicitar es el<a href=\"https:\/\/www.esta-officiel-usa.com\/es\/\">ESTA USA<\/a>. Menos caro que un <a href=\"https:\/\/www.esta-officiel-usa.com\/es\/la-diferencia-entre-un-esta-y-una-solicitud-de-visado\/\">visado<\/a> o una tarjeta verde, es tambi\u00e9n la autorizaci\u00f3n m\u00e1s r\u00e1pida de obtener. La recibes en menos de 72 horas y, en la mayor\u00eda de los casos, el mismo d\u00eda de la solicitud.  <\/p>\n\n<p>A las personas sin permiso de residencia <a href=\"https:\/\/www.esta-officiel-usa.com\/fr\/la-duree-de-validite-de-lesta\/\">v\u00e1lido<\/a> se les puede denegar el embarque en vuelos a Estados Unidos y perder su vuelo de conexi\u00f3n.<\/p>\n\n<p>Por tanto, para evitar cualquier inconveniente, es imprescindible que te anticipes a este peligro y obtengas autorizaci\u00f3n para transitar por Estados Unidos.<\/p>\n\n<p>Nota: si haces escala en el continente norteamericano antes de ir de vacaciones a Hawai, tu motivo para solicitar el ESTA no es el tr\u00e1nsito, sino el turismo, ya que el archipi\u00e9lago forma parte del territorio estadounidense.<br\/> <\/p>\n\n<h2 class=\"wp-block-heading\">EEUU: OBTENCI\u00d3N DE UNA ESTA PARA EL TR\u00c1NSITO<\/h2>\n\n<p>Los pasajeros sin un permiso de tr\u00e1nsito v\u00e1lido pueden obtener f\u00e1cilmente un ESTA. Este documento es v\u00e1lido durante dos a\u00f1os y tiene la ventaja de permitir m\u00faltiples visitas a Estados Unidos (con una estancia m\u00e1xima de 90 d\u00edas en suelo estadounidense por cada viaje). <\/p>\n\n<p>Se puede obtener directa y sencillamente desde nuestro sitio web. S\u00f3lo tienes que hacer clic en nuestra plataforma, que te llevar\u00e1 a un <a href=\"https:\/\/www.esta-officiel-usa.com\/es\/el-formulario-esta-para-estados-unidos\/\">formulario<\/a> que puedes rellenar. Cuando hayas rellenado todos los datos, nuestros expertos se encargar\u00e1n de finalizar el procedimiento. Comprueban toda la informaci\u00f3n introducida y, a continuaci\u00f3n, env\u00edan tu solicitud al departamento encargado de expedir los ESTA oficiales. \u00a1Recibir\u00e1s tu autorizaci\u00f3n muy r\u00e1pidamente!      <\/p>\n\n<p>Otra ventaja de trabajar con nosotros es que nuestros asesores est\u00e1n a tu disposici\u00f3n en todo momento. Te orientar\u00e1n si tienes alguna duda y responder\u00e1n a todas tus preguntas cuando lo solicites. Ahorra tiempo y viaja con tranquilidad a Estados Unidos con esta-officiel-usa.com.  <\/p>\n","protected":false},"excerpt":{"rendered":"<p>ESTA REQUERIDA PARA EL TR\u00c1NSITO A ESTADOS UNIDOS \u00bfTu viaje incluye una escala en Estados Unidos? Debes presentar determinados documentos de viaje durante tu tr\u00e1nsito. Este art\u00edculo enumera los documentos que debes tener, incluido elESTA. EE.UU.: MOSTRAR TU ESTA EN TR\u00c1NSITO Las autoridades estadounidenses, muy implicadas en la seguridad interior de su pa\u00eds, sobre todo [&hellip;]<\/p>\n","protected":false},"author":1,"featured_media":0,"parent":0,"menu_order":0,"comment_status":"closed","ping_status":"closed","template":"","meta":{"footnotes":""},"class_list":["post-1736","page","type-page","status-publish","hentry"],"yoast_head":"<!-- This site is optimized with the Yoast SEO plugin v26.2 - https:\/\/yoast.com\/wordpress\/plugins\/seo\/ -->\n<title>\u00bfEs obligatorio el ESTA para transitar por Estados Unidos?<\/title>\n<meta name=\"description\" content=\"\u00bfTu viaje incluye una escala en Estados Unidos? Debes presentar determinados documentos de viaje cuando est\u00e9s en tr\u00e1nsito.\" \/>\n<meta name=\"robots\" content=\"index, follow, max-snippet:-1, max-image-preview:large, max-video-preview:-1\" \/>\n<link rel=\"canonical\" href=\"https:\/\/www.esta-officiel-usa.com\/es\/es-obligatorio-el-esta-para-transitar-por-estados-unidos\/\" \/>\n<meta property=\"og:locale\" content=\"es_ES\" \/>\n<meta property=\"og:type\" content=\"article\" \/>\n<meta property=\"og:title\" content=\"\u00bfEs obligatorio el ESTA para transitar por Estados Unidos?\" \/>\n<meta property=\"og:description\" content=\"\u00bfTu viaje incluye una escala en Estados Unidos? Debes presentar determinados documentos de viaje cuando est\u00e9s en tr\u00e1nsito.\" \/>\n<meta property=\"og:url\" content=\"https:\/\/www.esta-officiel-usa.com\/es\/es-obligatorio-el-esta-para-transitar-por-estados-unidos\/\" \/>\n<meta property=\"og:site_name\" content=\"ESTA - Estados Unidos\" \/>\n<meta property=\"article:modified_time\" content=\"2025-09-13T12:05:21+00:00\" \/>\n<meta name=\"twitter:card\" content=\"summary_large_image\" \/>\n<meta name=\"twitter:label1\" content=\"Tiempo de lectura\" \/>\n\t<meta name=\"twitter:data1\" content=\"2 minutos\" \/>\n<script type=\"application\/ld+json\" class=\"yoast-schema-graph\">{\"@context\":\"https:\/\/schema.org\",\"@graph\":[{\"@type\":\"WebPage\",\"@id\":\"https:\/\/www.esta-officiel-usa.com\/es\/es-obligatorio-el-esta-para-transitar-por-estados-unidos\/\",\"url\":\"https:\/\/www.esta-officiel-usa.com\/es\/es-obligatorio-el-esta-para-transitar-por-estados-unidos\/\",\"name\":\"\u00bfEs obligatorio el ESTA para transitar por Estados Unidos?\",\"isPartOf\":{\"@id\":\"https:\/\/www.esta-officiel-usa.com\/es\/#website\"},\"datePublished\":\"2025-09-13T12:05:18+00:00\",\"dateModified\":\"2025-09-13T12:05:21+00:00\",\"description\":\"\u00bfTu viaje incluye una escala en Estados Unidos? Debes presentar determinados documentos de viaje cuando est\u00e9s en tr\u00e1nsito.\",\"breadcrumb\":{\"@id\":\"https:\/\/www.esta-officiel-usa.com\/es\/es-obligatorio-el-esta-para-transitar-por-estados-unidos\/#breadcrumb\"},\"inLanguage\":\"es\",\"potentialAction\":[{\"@type\":\"ReadAction\",\"target\":[\"https:\/\/www.esta-officiel-usa.com\/es\/es-obligatorio-el-esta-para-transitar-por-estados-unidos\/\"]}]},{\"@type\":\"BreadcrumbList\",\"@id\":\"https:\/\/www.esta-officiel-usa.com\/es\/es-obligatorio-el-esta-para-transitar-por-estados-unidos\/#breadcrumb\",\"itemListElement\":[{\"@type\":\"ListItem\",\"position\":1,\"name\":\"Inicio\",\"item\":\"https:\/\/www.esta-officiel-usa.com\/es\/\"},{\"@type\":\"ListItem\",\"position\":2,\"name\":\"\u00bfEs obligatorio el ESTA para transitar por Estados Unidos?\"}]},{\"@type\":\"WebSite\",\"@id\":\"https:\/\/www.esta-officiel-usa.com\/es\/#website\",\"url\":\"https:\/\/www.esta-officiel-usa.com\/es\/\",\"name\":\"ESTA - Estados Unidos\",\"description\":\"Formulario de solicitud ESTA\",\"potentialAction\":[{\"@type\":\"SearchAction\",\"target\":{\"@type\":\"EntryPoint\",\"urlTemplate\":\"https:\/\/www.esta-officiel-usa.com\/es\/?s={search_term_string}\"},\"query-input\":{\"@type\":\"PropertyValueSpecification\",\"valueRequired\":true,\"valueName\":\"search_term_string\"}}],\"inLanguage\":\"es\"}]}<\/script>\n<!-- \/ Yoast SEO plugin. -->","yoast_head_json":{"title":"\u00bfEs obligatorio el ESTA para transitar por Estados Unidos?","description":"\u00bfTu viaje incluye una escala en Estados Unidos? Debes presentar determinados documentos de viaje cuando est\u00e9s en tr\u00e1nsito.","robots":{"index":"index","follow":"follow","max-snippet":"max-snippet:-1","max-image-preview":"max-image-preview:large","max-video-preview":"max-video-preview:-1"},"canonical":"https:\/\/www.esta-officiel-usa.com\/es\/es-obligatorio-el-esta-para-transitar-por-estados-unidos\/","og_locale":"es_ES","og_type":"article","og_title":"\u00bfEs obligatorio el ESTA para transitar por Estados Unidos?","og_description":"\u00bfTu viaje incluye una escala en Estados Unidos? Debes presentar determinados documentos de viaje cuando est\u00e9s en tr\u00e1nsito.","og_url":"https:\/\/www.esta-officiel-usa.com\/es\/es-obligatorio-el-esta-para-transitar-por-estados-unidos\/","og_site_name":"ESTA - Estados Unidos","article_modified_time":"2025-09-13T12:05:21+00:00","twitter_card":"summary_large_image","twitter_misc":{"Tiempo de lectura":"2 minutos"},"schema":{"@context":"https:\/\/schema.org","@graph":[{"@type":"WebPage","@id":"https:\/\/www.esta-officiel-usa.com\/es\/es-obligatorio-el-esta-para-transitar-por-estados-unidos\/","url":"https:\/\/www.esta-officiel-usa.com\/es\/es-obligatorio-el-esta-para-transitar-por-estados-unidos\/","name":"\u00bfEs obligatorio el ESTA para transitar por Estados Unidos?","isPartOf":{"@id":"https:\/\/www.esta-officiel-usa.com\/es\/#website"},"datePublished":"2025-09-13T12:05:18+00:00","dateModified":"2025-09-13T12:05:21+00:00","description":"\u00bfTu viaje incluye una escala en Estados Unidos? Debes presentar determinados documentos de viaje cuando est\u00e9s en tr\u00e1nsito.","breadcrumb":{"@id":"https:\/\/www.esta-officiel-usa.com\/es\/es-obligatorio-el-esta-para-transitar-por-estados-unidos\/#breadcrumb"},"inLanguage":"es","potentialAction":[{"@type":"ReadAction","target":["https:\/\/www.esta-officiel-usa.com\/es\/es-obligatorio-el-esta-para-transitar-por-estados-unidos\/"]}]},{"@type":"BreadcrumbList","@id":"https:\/\/www.esta-officiel-usa.com\/es\/es-obligatorio-el-esta-para-transitar-por-estados-unidos\/#breadcrumb","itemListElement":[{"@type":"ListItem","position":1,"name":"Inicio","item":"https:\/\/www.esta-officiel-usa.com\/es\/"},{"@type":"ListItem","position":2,"name":"\u00bfEs obligatorio el ESTA para transitar por Estados Unidos?"}]},{"@type":"WebSite","@id":"https:\/\/www.esta-officiel-usa.com\/es\/#website","url":"https:\/\/www.esta-officiel-usa.com\/es\/","name":"ESTA - Estados Unidos","description":"Formulario de solicitud ESTA","potentialAction":[{"@type":"SearchAction","target":{"@type":"EntryPoint","urlTemplate":"https:\/\/www.esta-officiel-usa.com\/es\/?s={search_term_string}"},"query-input":{"@type":"PropertyValueSpecification","valueRequired":true,"valueName":"search_term_string"}}],"inLanguage":"es"}]}},"_links":{"self":[{"href":"https:\/\/www.esta-officiel-usa.com\/es\/wp-json\/wp\/v2\/pages\/1736","targetHints":{"allow":["GET"]}}],"collection":[{"href":"https:\/\/www.esta-officiel-usa.com\/es\/wp-json\/wp\/v2\/pages"}],"about":[{"href":"https:\/\/www.esta-officiel-usa.com\/es\/wp-json\/wp\/v2\/types\/page"}],"author":[{"embeddable":true,"href":"https:\/\/www.esta-officiel-usa.com\/es\/wp-json\/wp\/v2\/users\/1"}],"replies":[{"embeddable":true,"href":"https:\/\/www.esta-officiel-usa.com\/es\/wp-json\/wp\/v2\/comments?post=1736"}],"version-history":[{"count":1,"href":"https:\/\/www.esta-officiel-usa.com\/es\/wp-json\/wp\/v2\/pages\/1736\/revisions"}],"predecessor-version":[{"id":1738,"href":"https:\/\/www.esta-officiel-usa.com\/es\/wp-json\/wp\/v2\/pages\/1736\/revisions\/1738"}],"wp:attachment":[{"href":"https:\/\/www.esta-officiel-usa.com\/es\/wp-json\/wp\/v2\/media?parent=1736"}],"curies":[{"name":"wp","href":"https:\/\/api.w.org\/{rel}","templated":true}]}}