{"id":1748,"date":"2025-09-13T12:05:25","date_gmt":"2025-09-13T12:05:25","guid":{"rendered":"https:\/\/www.esta-officiel-usa.com\/invertir-en-ee-uu-con-un-visado-e1-e2\/"},"modified":"2025-09-13T12:05:30","modified_gmt":"2025-09-13T12:05:30","slug":"invertir-en-ee-uu-con-un-visado-e1-e2","status":"publish","type":"page","link":"https:\/\/www.esta-officiel-usa.com\/es\/invertir-en-ee-uu-con-un-visado-e1-e2\/","title":{"rendered":"Invertir en EE.UU. con un visado E1\/E2"},"content":{"rendered":"\n<h1 class=\"wp-block-heading\">Obtener un visado E1 o E2 para invertir en EE.UU.<\/h1>\n\n<p>Aunque un simple <a href=\"https:\/\/www.esta-officiel-usa.com\/es\/\">ESTA<\/a> es todo lo que necesitas para unas vacaciones o un viaje de negocios a Estados Unidos, vivir y trabajar en Estados Unidos requiere un visado. Existen varios tipos de visado para distintas situaciones. En este art\u00edculo, examinaremos el visado E1 (visado de negocios) y el visado E2 (visado de inversor).  <\/p>\n\n<h2 class=\"wp-block-heading\">\u00bfQu\u00e9 son los visados E1 y E2?<\/h2>\n\n<p>En muchos casos, la decisi\u00f3n de trasladarse a Estados Unidos se toma por motivos profesionales. Sin embargo, trabajar en EEUU no es tan sencillo como parece, y necesitas obtener el visado adecuado. Los visados de inversor y de acuerdo comercial (visados E1 y E2) permiten a los ciudadanos de pa\u00edses que han aceptado y firmado acuerdos comerciales con EE.UU. trabajar, invertir y dirigir un negocio desde EE.UU.. Los nacionales de los siguientes pa\u00edses tambi\u00e9n tienen derecho a solicitar un visado E1\/E2:   <\/p>\n\n<p>Alemania, Argentina, Australia, Austria, B\u00e9lgica, \nBosnia-Herzegovina, Canad\u00e1, China, Colombia, Costa Rica, \nCorea, Estonia, Etiop\u00eda, Finlandia, Francia, Georgia, \nHonduras, Ir\u00e1n, Irlanda, Italia, Jamaica, Jap\u00f3n, \n, Liberia, Letonia, Luxemburgo, Macedonia, M\u00e9xico, \nlos Pa\u00edses Bajos, Noruega, Om\u00e1n, Pakist\u00e1n, Paraguay,\n las Filipinas, Eslovenia, Espa\u00f1a, Sri Lanka, Surinam, Suecia, \nSuiza, Tailandia, Togo, Turqu\u00eda, el Reino Unido y \nYugoslavia.<\/p>\n\n<p>El visado E1 autoriza a los ciudadanos que han firmado los acuerdos comerciales establecidos por el gobierno de EEUU a comerciar entre su pa\u00eds y EEUU desde suelo estadounidense, mientras que el visado E2 se concede a las personas que invierten en la creaci\u00f3n o compra de una empresa en EEUU.<\/p>\n\n<p>Las solicitudes de visados E1 y E2 deben dirigirse a los servicios consulares de la embajada o consulado estadounidense en el pa\u00eds del solicitante. La embajada francesa se encuentra en Par\u00eds. Tendr\u00e1s que recopilar un expediente, incluido el formulario DS-160, y enviarlo a la embajada. A continuaci\u00f3n, la embajada se pondr\u00e1 en contacto contigo para concertar una entrevista personal con un funcionario de la embajada para evaluar la idoneidad de tu solicitud de visado. Se te informar\u00e1 del resultado de esta entrevista. Si la decisi\u00f3n es positiva, tu visado se expedir\u00e1 en un plazo de 3 a 5 d\u00edas.     <\/p>\n\n<p>Si te deniegan un visado E1 o E2, puedes solicitar una tarjeta <a href=\"https:\/\/www.esta-officiel-usa.com\/es\/que-es-la-tarjeta-verde\/\">verde<\/a>, que es una tarjeta de residencia permanente estadounidense. Puedes solicitar una tarjeta verde o participar en la loter\u00eda anual de tarjetas verdes. Sin embargo, se te proh\u00edbe formalmente ejercer una actividad profesional en suelo estadounidense s\u00f3lo con un ESTA o un visado de no inmigrante como <a href=\"https:\/\/www.esta-officiel-usa.com\/es\/lo-que-debes-saber-sobre-el-visado-j\/\">el visado J1<\/a>. Las autoridades estadounidenses son intransigentes y muy vigilantes con la inmigraci\u00f3n ilegal, y podr\u00edas encontrarte en una situaci\u00f3n extremadamente delicada.   <\/p>\n\n<p>Si deseas obtener un visado E1 o E2, primero debes asegurarte de que tienes un pasaporte v\u00e1lido y de que cumples los requisitos para obtener uno de estos visados.<\/p>\n\n<h2 class=\"wp-block-heading\">Condiciones para obtener un visado E1 o E2<\/h2>\n\n<p>Las condiciones para obtener un visado E1 o E2 son diferentes.<\/p>\n\n<h3 class=\"wp-block-heading\">Condiciones para obtener un visado E1<\/h3>\n\n<ul class=\"wp-block-list\">\n<li>La empresa del solicitante, ubicada en Estados Unidos, as\u00ed como el propio solicitante, deben ser nacionales de un pa\u00eds que sea parte del Convenio;<\/li>\n\n\n\n<li>El comercio debe ser \u00abconsiderable\u00bb, debe haber un volumen de negocio bastante grande y continuo;<\/li>\n\n\n\n<li>El comercio dentro de la empresa debe realizarse principalmente entre Estados Unidos y el pa\u00eds cubierto por el acuerdo (m\u00e1s del 50% del comercio debe realizarse con Estados Unidos);<\/li>\n\n\n\n<li>el solicitante del visado debe tener estatus ejecutivo y competencias altamente especializadas, como para el visado <a href=\"https:\/\/www.esta-officiel-usa.com\/es\/el-visado-h1b-para-trabajar-en-ee-uu\/\">H1-B<\/a>.<\/li>\n<\/ul>\n\n<h3 class=\"wp-block-heading\">Condiciones para obtener un visado E2<\/h3>\n\n<ul class=\"wp-block-list\">\n<li>el inversor (ya sea una persona f\u00edsica o jur\u00eddica <br\/>) debe ser ciudadano de un pa\u00eds que sea parte del convenio.<\/li>\n\n\n\n<li>la inversi\u00f3n debe ser sustancial y suficiente para garantizar el futuro a largo plazo de la empresa.<\/li>\n\n\n\n<li>la inversi\u00f3n no debe ser especulativa o latente.<\/li>\n\n\n\n<li>la inversi\u00f3n debe generar unos ingresos considerablemente superiores <br\/>a los necesarios para mantener al inversor y a su familia.<\/li>\n\n\n\n<li>el solicitante debe ser uno de los principales inversores o <br\/>o estar empleado como ejecutivo. Deben venir a Estados Unidos para <br\/>desarrollar y gestionar la empresa. <\/li>\n<\/ul>\n\n<p>El visado E1 o E2 permite a la familia del titular del visado \nvivir y trabajar en EEUU. Adem\u00e1s, \npermite a los hijos estudiar en EEUU. En cuanto al periodo de validez \ndel visado E-1 o E-2, el titular del visado \npodr\u00e1 renovarlo mientras exista la empresa y \ncumpla las condiciones para obtenerlo. Hasta la fecha, no existe un l\u00edmite de renovaci\u00f3n \n.   <\/p>\n","protected":false},"excerpt":{"rendered":"<p>Obtener un visado E1 o E2 para invertir en EE.UU. Aunque un simple ESTA es todo lo que necesitas para unas vacaciones o un viaje de negocios a Estados Unidos, vivir y trabajar en Estados Unidos requiere un visado. Existen varios tipos de visado para distintas situaciones. En este art\u00edculo, examinaremos el visado E1 (visado [&hellip;]<\/p>\n","protected":false},"author":1,"featured_media":0,"parent":0,"menu_order":0,"comment_status":"closed","ping_status":"closed","template":"","meta":{"footnotes":""},"class_list":["post-1748","page","type-page","status-publish","hentry"],"yoast_head":"<!-- This site is optimized with the Yoast SEO plugin v26.2 - https:\/\/yoast.com\/wordpress\/plugins\/seo\/ -->\n<title>Invertir en EE.UU. con un visado E1\/E2<\/title>\n<meta name=\"description\" content=\"Para vivir y trabajar en EE.UU., necesitas un visado. Vamos a presentarte los visados E1 (negocios) y E2 (inversor).\" \/>\n<meta name=\"robots\" content=\"index, follow, max-snippet:-1, max-image-preview:large, max-video-preview:-1\" \/>\n<link rel=\"canonical\" href=\"https:\/\/www.esta-officiel-usa.com\/es\/invertir-en-ee-uu-con-un-visado-e1-e2\/\" \/>\n<meta property=\"og:locale\" content=\"es_ES\" \/>\n<meta property=\"og:type\" content=\"article\" \/>\n<meta property=\"og:title\" content=\"Invertir en EE.UU. con un visado E1\/E2\" \/>\n<meta property=\"og:description\" content=\"Para vivir y trabajar en EE.UU., necesitas un visado. Vamos a presentarte los visados E1 (negocios) y E2 (inversor).\" \/>\n<meta property=\"og:url\" content=\"https:\/\/www.esta-officiel-usa.com\/es\/invertir-en-ee-uu-con-un-visado-e1-e2\/\" \/>\n<meta property=\"og:site_name\" content=\"ESTA - Estados Unidos\" \/>\n<meta property=\"article:modified_time\" content=\"2025-09-13T12:05:30+00:00\" \/>\n<meta name=\"twitter:card\" content=\"summary_large_image\" \/>\n<meta name=\"twitter:label1\" content=\"Tiempo de lectura\" \/>\n\t<meta name=\"twitter:data1\" content=\"4 minutos\" \/>\n<script type=\"application\/ld+json\" class=\"yoast-schema-graph\">{\"@context\":\"https:\/\/schema.org\",\"@graph\":[{\"@type\":\"WebPage\",\"@id\":\"https:\/\/www.esta-officiel-usa.com\/es\/invertir-en-ee-uu-con-un-visado-e1-e2\/\",\"url\":\"https:\/\/www.esta-officiel-usa.com\/es\/invertir-en-ee-uu-con-un-visado-e1-e2\/\",\"name\":\"Invertir en EE.UU. con un visado E1\/E2\",\"isPartOf\":{\"@id\":\"https:\/\/www.esta-officiel-usa.com\/es\/#website\"},\"datePublished\":\"2025-09-13T12:05:25+00:00\",\"dateModified\":\"2025-09-13T12:05:30+00:00\",\"description\":\"Para vivir y trabajar en EE.UU., necesitas un visado. Vamos a presentarte los visados E1 (negocios) y E2 (inversor).\",\"breadcrumb\":{\"@id\":\"https:\/\/www.esta-officiel-usa.com\/es\/invertir-en-ee-uu-con-un-visado-e1-e2\/#breadcrumb\"},\"inLanguage\":\"es\",\"potentialAction\":[{\"@type\":\"ReadAction\",\"target\":[\"https:\/\/www.esta-officiel-usa.com\/es\/invertir-en-ee-uu-con-un-visado-e1-e2\/\"]}]},{\"@type\":\"BreadcrumbList\",\"@id\":\"https:\/\/www.esta-officiel-usa.com\/es\/invertir-en-ee-uu-con-un-visado-e1-e2\/#breadcrumb\",\"itemListElement\":[{\"@type\":\"ListItem\",\"position\":1,\"name\":\"Inicio\",\"item\":\"https:\/\/www.esta-officiel-usa.com\/es\/\"},{\"@type\":\"ListItem\",\"position\":2,\"name\":\"Invertir en EE.UU. con un visado E1\/E2\"}]},{\"@type\":\"WebSite\",\"@id\":\"https:\/\/www.esta-officiel-usa.com\/es\/#website\",\"url\":\"https:\/\/www.esta-officiel-usa.com\/es\/\",\"name\":\"ESTA - Estados Unidos\",\"description\":\"Formulario de solicitud ESTA\",\"potentialAction\":[{\"@type\":\"SearchAction\",\"target\":{\"@type\":\"EntryPoint\",\"urlTemplate\":\"https:\/\/www.esta-officiel-usa.com\/es\/?s={search_term_string}\"},\"query-input\":{\"@type\":\"PropertyValueSpecification\",\"valueRequired\":true,\"valueName\":\"search_term_string\"}}],\"inLanguage\":\"es\"}]}<\/script>\n<!-- \/ Yoast SEO plugin. -->","yoast_head_json":{"title":"Invertir en EE.UU. con un visado E1\/E2","description":"Para vivir y trabajar en EE.UU., necesitas un visado. Vamos a presentarte los visados E1 (negocios) y E2 (inversor).","robots":{"index":"index","follow":"follow","max-snippet":"max-snippet:-1","max-image-preview":"max-image-preview:large","max-video-preview":"max-video-preview:-1"},"canonical":"https:\/\/www.esta-officiel-usa.com\/es\/invertir-en-ee-uu-con-un-visado-e1-e2\/","og_locale":"es_ES","og_type":"article","og_title":"Invertir en EE.UU. con un visado E1\/E2","og_description":"Para vivir y trabajar en EE.UU., necesitas un visado. Vamos a presentarte los visados E1 (negocios) y E2 (inversor).","og_url":"https:\/\/www.esta-officiel-usa.com\/es\/invertir-en-ee-uu-con-un-visado-e1-e2\/","og_site_name":"ESTA - Estados Unidos","article_modified_time":"2025-09-13T12:05:30+00:00","twitter_card":"summary_large_image","twitter_misc":{"Tiempo de lectura":"4 minutos"},"schema":{"@context":"https:\/\/schema.org","@graph":[{"@type":"WebPage","@id":"https:\/\/www.esta-officiel-usa.com\/es\/invertir-en-ee-uu-con-un-visado-e1-e2\/","url":"https:\/\/www.esta-officiel-usa.com\/es\/invertir-en-ee-uu-con-un-visado-e1-e2\/","name":"Invertir en EE.UU. con un visado E1\/E2","isPartOf":{"@id":"https:\/\/www.esta-officiel-usa.com\/es\/#website"},"datePublished":"2025-09-13T12:05:25+00:00","dateModified":"2025-09-13T12:05:30+00:00","description":"Para vivir y trabajar en EE.UU., necesitas un visado. Vamos a presentarte los visados E1 (negocios) y E2 (inversor).","breadcrumb":{"@id":"https:\/\/www.esta-officiel-usa.com\/es\/invertir-en-ee-uu-con-un-visado-e1-e2\/#breadcrumb"},"inLanguage":"es","potentialAction":[{"@type":"ReadAction","target":["https:\/\/www.esta-officiel-usa.com\/es\/invertir-en-ee-uu-con-un-visado-e1-e2\/"]}]},{"@type":"BreadcrumbList","@id":"https:\/\/www.esta-officiel-usa.com\/es\/invertir-en-ee-uu-con-un-visado-e1-e2\/#breadcrumb","itemListElement":[{"@type":"ListItem","position":1,"name":"Inicio","item":"https:\/\/www.esta-officiel-usa.com\/es\/"},{"@type":"ListItem","position":2,"name":"Invertir en EE.UU. con un visado E1\/E2"}]},{"@type":"WebSite","@id":"https:\/\/www.esta-officiel-usa.com\/es\/#website","url":"https:\/\/www.esta-officiel-usa.com\/es\/","name":"ESTA - Estados Unidos","description":"Formulario de solicitud ESTA","potentialAction":[{"@type":"SearchAction","target":{"@type":"EntryPoint","urlTemplate":"https:\/\/www.esta-officiel-usa.com\/es\/?s={search_term_string}"},"query-input":{"@type":"PropertyValueSpecification","valueRequired":true,"valueName":"search_term_string"}}],"inLanguage":"es"}]}},"_links":{"self":[{"href":"https:\/\/www.esta-officiel-usa.com\/es\/wp-json\/wp\/v2\/pages\/1748","targetHints":{"allow":["GET"]}}],"collection":[{"href":"https:\/\/www.esta-officiel-usa.com\/es\/wp-json\/wp\/v2\/pages"}],"about":[{"href":"https:\/\/www.esta-officiel-usa.com\/es\/wp-json\/wp\/v2\/types\/page"}],"author":[{"embeddable":true,"href":"https:\/\/www.esta-officiel-usa.com\/es\/wp-json\/wp\/v2\/users\/1"}],"replies":[{"embeddable":true,"href":"https:\/\/www.esta-officiel-usa.com\/es\/wp-json\/wp\/v2\/comments?post=1748"}],"version-history":[{"count":1,"href":"https:\/\/www.esta-officiel-usa.com\/es\/wp-json\/wp\/v2\/pages\/1748\/revisions"}],"predecessor-version":[{"id":1750,"href":"https:\/\/www.esta-officiel-usa.com\/es\/wp-json\/wp\/v2\/pages\/1748\/revisions\/1750"}],"wp:attachment":[{"href":"https:\/\/www.esta-officiel-usa.com\/es\/wp-json\/wp\/v2\/media?parent=1748"}],"curies":[{"name":"wp","href":"https:\/\/api.w.org\/{rel}","templated":true}]}}