{"id":1771,"date":"2025-09-13T12:05:54","date_gmt":"2025-09-13T12:05:54","guid":{"rendered":"https:\/\/www.esta-officiel-usa.com\/cual-es-la-validez-del-esta\/"},"modified":"2025-09-13T12:05:59","modified_gmt":"2025-09-13T12:05:59","slug":"cual-es-la-validez-del-esta","status":"publish","type":"page","link":"https:\/\/www.esta-officiel-usa.com\/es\/cual-es-la-validez-del-esta\/","title":{"rendered":"\u00bfCu\u00e1l es la validez del ESTA?"},"content":{"rendered":"\n<h1 class=\"wp-block-heading\">ESTA: \u00bfDURANTE CU\u00c1NTO TIEMPO ES V\u00c1LIDO?<\/h1>\n\n<p>Como Estados Unidos no forma parte del espacio Schengen, no es posible viajar all\u00ed sin <a href=\"https:\/\/www.esta-officiel-usa.com\/es\/\">una autorizaci\u00f3n ESTA<\/a> o un visado v\u00e1lido.<\/p>\n\n<h2 class=\"wp-block-heading\">CONDICIONES DE VALIDEZ DE ESTA<\/h2>\n\n<p>Antes de ver durante cu\u00e1nto tiempo es v\u00e1lido el ESTA, es importante subrayar que, para ser v\u00e1lido, este documento debe contener informaci\u00f3n actual y veraz. Si alguno de los datos que has introducido en el formulario ha cambiado o debe <a href=\"https:\/\/www.esta-officiel-usa.com\/es\/como-actualizar-tu-autorizacion-esta\/\">actualizarse<\/a>, esto invalidar\u00e1 tu autorizaci\u00f3n, por ejemplo si te has trasladado a otro pa\u00eds, si ha cambiado tu estado de salud o si tu domicilio ya no est\u00e1 actualizado. <\/p>\n\n<p>El Departamento de Seguridad Nacional de EE.UU. ha fijado la validez de <a href=\"https:\/\/www.esta-officiel-usa.com\/es\/como-solicitar-un-esta-oficial\/\">la ESTA oficial<\/a> en dos a\u00f1os. Desde su creaci\u00f3n en 2009, esta autorizaci\u00f3n de viaje ha permitido a todos los viajeros visitar Estados Unidos varias veces en los dos a\u00f1os siguientes a la fecha de expedici\u00f3n. <\/p>\n\n<p><strong>Atenci\u00f3n <\/strong>: su n\u00famero de pasaporte est\u00e1 vinculado a su autorizaci\u00f3n ESTA. Si su n\u00famero de pasaporte caduca, su autorizaci\u00f3n ESTA USA dejar\u00e1 de ser considerada v\u00e1lida por las autoridades americanas. En ese caso, deber\u00e1 obtener una nueva autorizaci\u00f3n asociada a su nuevo pasaporte, que <a href=\"https:\/\/www.esta-officiel-usa.com\/es\/renovar-su-esta\/\">renovar\u00e1 la validez de su ESTA<\/a> por dos a\u00f1os m\u00e1s.  <\/p>\n\n<h2 class=\"wp-block-heading\">DURACI\u00d3N DE LA ESTANCIA AUTORIZADA POR LA ESTA<\/h2>\n\n<p>Como se ha explicado anteriormente, el ESTA EE.UU. tiene una validez de dos a\u00f1os, pero esto no debe confundirse con la duraci\u00f3n de la estancia concedida por la autorizaci\u00f3n ESTA. Tanto si viajas a Estados Unidos por negocios como por placer, tu viaje se limitar\u00e1 exactamente a <a href=\"https:\/\/www.esta-officiel-usa.com\/es\/esta-valido-durante-90-dias-en-estados-unidos\/\">90 d\u00edas<\/a> consecutivos. Transcurrido este periodo, deber\u00e1s abandonar el territorio estadounidense, pero ello no te impedir\u00e1 regresar tan pronto como lo desees siempre que el periodo de validez del ESTA USA siga siendo v\u00e1lido.  <\/p>\n\n<p>La validez del ESTA depende de tu tipo de viaje:<\/p>\n\n<figure class=\"wp-block-table\"><table class=\"\"><tbody><tr><td><strong>Viajar en avi\u00f3n<\/strong><\/td><td><strong>V\u00e1lido durante 2 a\u00f1os para estancias de hasta 90 d\u00edas.<\/strong><\/td><\/tr><tr><td><strong>Viajar por mar<\/strong><\/td><td><strong>V\u00e1lido durante 2 a\u00f1os para estancias de hasta 90 d\u00edas.<\/strong><\/td><\/tr><tr><td><strong>Viajas por tierra<\/strong><\/td><td><strong>La autorizaci\u00f3n ESTA no es necesaria.<\/strong><\/td><\/tr><tr><td><strong>Est\u00e1s transitando por EE.UU.<\/strong><\/td><td><strong>V\u00e1lido durante 2 a\u00f1os para tantos <a href=\"https:\/\/www.esta-officiel-usa.com\/es\/cuales-son-los-diferentes-visados-de-transito-para-ee-uu\/\">tr\u00e1nsitos<\/a> como desees.<\/strong><\/td><\/tr><tr><td><strong>Sales de EE.UU. y luego vuelves a entrar en el pa\u00eds  <\/strong><\/td><td><strong>Siempre que tu ESTA siga siendo v\u00e1lido, no es necesario renovarlo.<\/strong><\/td><\/tr><\/tbody><\/table><\/figure>\n\n<p>Cuando caduque tu ESTA, a diferencia de algunos documentos oficiales, no se renovar\u00e1 autom\u00e1ticamente; deber\u00e1s presentar una nueva solicitud en l\u00ednea si deseas regresar a Estados Unidos. Para ello, basta con visitar el sitio web oficial de las aduanas estadounidenses o utilizar los servicios de empresas privadas especializadas en tr\u00e1mites administrativos que ofrecen servicios no disponibles en el sitio web estadounidense (formulario simplificado, asistencia en l\u00ednea, verificaci\u00f3n y correcci\u00f3n de datos, etc.). <\/p>\n\n<p>Vete tranquilo: ponte en contacto con nuestro <a href=\"https:\/\/www.esta-officiel-usa.com\/es\/contacta-con-nosotros-por-correo-electronico\/\">equipo de atenci\u00f3n al cliente<\/a>, que estar\u00e1 encantado de proporcionarte toda la informaci\u00f3n que necesites.<br\/><\/p>\n","protected":false},"excerpt":{"rendered":"<p>ESTA: \u00bfDURANTE CU\u00c1NTO TIEMPO ES V\u00c1LIDO? Como Estados Unidos no forma parte del espacio Schengen, no es posible viajar all\u00ed sin una autorizaci\u00f3n ESTA o un visado v\u00e1lido. CONDICIONES DE VALIDEZ DE ESTA Antes de ver durante cu\u00e1nto tiempo es v\u00e1lido el ESTA, es importante subrayar que, para ser v\u00e1lido, este documento debe contener informaci\u00f3n [&hellip;]<\/p>\n","protected":false},"author":1,"featured_media":0,"parent":0,"menu_order":0,"comment_status":"closed","ping_status":"closed","template":"","meta":{"footnotes":""},"class_list":["post-1771","page","type-page","status-publish","hentry"],"yoast_head":"<!-- This site is optimized with the Yoast SEO plugin v26.2 - https:\/\/yoast.com\/wordpress\/plugins\/seo\/ -->\n<title>\u00bfCu\u00e1l es la validez del ESTA?<\/title>\n<meta name=\"description\" content=\"Cuando caduque tu ESTA, a diferencia de algunos documentos oficiales, no se renovar\u00e1 autom\u00e1ticamente. Averigua por cu\u00e1nto tiempo es v\u00e1lido.\" \/>\n<meta name=\"robots\" content=\"index, follow, max-snippet:-1, max-image-preview:large, max-video-preview:-1\" \/>\n<link rel=\"canonical\" href=\"https:\/\/www.esta-officiel-usa.com\/es\/cual-es-la-validez-del-esta\/\" \/>\n<meta property=\"og:locale\" content=\"es_ES\" \/>\n<meta property=\"og:type\" content=\"article\" \/>\n<meta property=\"og:title\" content=\"\u00bfCu\u00e1l es la validez del ESTA?\" \/>\n<meta property=\"og:description\" content=\"Cuando caduque tu ESTA, a diferencia de algunos documentos oficiales, no se renovar\u00e1 autom\u00e1ticamente. Averigua por cu\u00e1nto tiempo es v\u00e1lido.\" \/>\n<meta property=\"og:url\" content=\"https:\/\/www.esta-officiel-usa.com\/es\/cual-es-la-validez-del-esta\/\" \/>\n<meta property=\"og:site_name\" content=\"ESTA - Estados Unidos\" \/>\n<meta property=\"article:modified_time\" content=\"2025-09-13T12:05:59+00:00\" \/>\n<meta name=\"twitter:card\" content=\"summary_large_image\" \/>\n<meta name=\"twitter:label1\" content=\"Tiempo de lectura\" \/>\n\t<meta name=\"twitter:data1\" content=\"3 minutos\" \/>\n<script type=\"application\/ld+json\" class=\"yoast-schema-graph\">{\"@context\":\"https:\/\/schema.org\",\"@graph\":[{\"@type\":\"WebPage\",\"@id\":\"https:\/\/www.esta-officiel-usa.com\/es\/cual-es-la-validez-del-esta\/\",\"url\":\"https:\/\/www.esta-officiel-usa.com\/es\/cual-es-la-validez-del-esta\/\",\"name\":\"\u00bfCu\u00e1l es la validez del ESTA?\",\"isPartOf\":{\"@id\":\"https:\/\/www.esta-officiel-usa.com\/es\/#website\"},\"datePublished\":\"2025-09-13T12:05:54+00:00\",\"dateModified\":\"2025-09-13T12:05:59+00:00\",\"description\":\"Cuando caduque tu ESTA, a diferencia de algunos documentos oficiales, no se renovar\u00e1 autom\u00e1ticamente. Averigua por cu\u00e1nto tiempo es v\u00e1lido.\",\"breadcrumb\":{\"@id\":\"https:\/\/www.esta-officiel-usa.com\/es\/cual-es-la-validez-del-esta\/#breadcrumb\"},\"inLanguage\":\"es\",\"potentialAction\":[{\"@type\":\"ReadAction\",\"target\":[\"https:\/\/www.esta-officiel-usa.com\/es\/cual-es-la-validez-del-esta\/\"]}]},{\"@type\":\"BreadcrumbList\",\"@id\":\"https:\/\/www.esta-officiel-usa.com\/es\/cual-es-la-validez-del-esta\/#breadcrumb\",\"itemListElement\":[{\"@type\":\"ListItem\",\"position\":1,\"name\":\"Inicio\",\"item\":\"https:\/\/www.esta-officiel-usa.com\/es\/\"},{\"@type\":\"ListItem\",\"position\":2,\"name\":\"\u00bfCu\u00e1l es la validez del ESTA?\"}]},{\"@type\":\"WebSite\",\"@id\":\"https:\/\/www.esta-officiel-usa.com\/es\/#website\",\"url\":\"https:\/\/www.esta-officiel-usa.com\/es\/\",\"name\":\"ESTA - Estados Unidos\",\"description\":\"Formulario de solicitud ESTA\",\"potentialAction\":[{\"@type\":\"SearchAction\",\"target\":{\"@type\":\"EntryPoint\",\"urlTemplate\":\"https:\/\/www.esta-officiel-usa.com\/es\/?s={search_term_string}\"},\"query-input\":{\"@type\":\"PropertyValueSpecification\",\"valueRequired\":true,\"valueName\":\"search_term_string\"}}],\"inLanguage\":\"es\"}]}<\/script>\n<!-- \/ Yoast SEO plugin. -->","yoast_head_json":{"title":"\u00bfCu\u00e1l es la validez del ESTA?","description":"Cuando caduque tu ESTA, a diferencia de algunos documentos oficiales, no se renovar\u00e1 autom\u00e1ticamente. Averigua por cu\u00e1nto tiempo es v\u00e1lido.","robots":{"index":"index","follow":"follow","max-snippet":"max-snippet:-1","max-image-preview":"max-image-preview:large","max-video-preview":"max-video-preview:-1"},"canonical":"https:\/\/www.esta-officiel-usa.com\/es\/cual-es-la-validez-del-esta\/","og_locale":"es_ES","og_type":"article","og_title":"\u00bfCu\u00e1l es la validez del ESTA?","og_description":"Cuando caduque tu ESTA, a diferencia de algunos documentos oficiales, no se renovar\u00e1 autom\u00e1ticamente. Averigua por cu\u00e1nto tiempo es v\u00e1lido.","og_url":"https:\/\/www.esta-officiel-usa.com\/es\/cual-es-la-validez-del-esta\/","og_site_name":"ESTA - Estados Unidos","article_modified_time":"2025-09-13T12:05:59+00:00","twitter_card":"summary_large_image","twitter_misc":{"Tiempo de lectura":"3 minutos"},"schema":{"@context":"https:\/\/schema.org","@graph":[{"@type":"WebPage","@id":"https:\/\/www.esta-officiel-usa.com\/es\/cual-es-la-validez-del-esta\/","url":"https:\/\/www.esta-officiel-usa.com\/es\/cual-es-la-validez-del-esta\/","name":"\u00bfCu\u00e1l es la validez del ESTA?","isPartOf":{"@id":"https:\/\/www.esta-officiel-usa.com\/es\/#website"},"datePublished":"2025-09-13T12:05:54+00:00","dateModified":"2025-09-13T12:05:59+00:00","description":"Cuando caduque tu ESTA, a diferencia de algunos documentos oficiales, no se renovar\u00e1 autom\u00e1ticamente. Averigua por cu\u00e1nto tiempo es v\u00e1lido.","breadcrumb":{"@id":"https:\/\/www.esta-officiel-usa.com\/es\/cual-es-la-validez-del-esta\/#breadcrumb"},"inLanguage":"es","potentialAction":[{"@type":"ReadAction","target":["https:\/\/www.esta-officiel-usa.com\/es\/cual-es-la-validez-del-esta\/"]}]},{"@type":"BreadcrumbList","@id":"https:\/\/www.esta-officiel-usa.com\/es\/cual-es-la-validez-del-esta\/#breadcrumb","itemListElement":[{"@type":"ListItem","position":1,"name":"Inicio","item":"https:\/\/www.esta-officiel-usa.com\/es\/"},{"@type":"ListItem","position":2,"name":"\u00bfCu\u00e1l es la validez del ESTA?"}]},{"@type":"WebSite","@id":"https:\/\/www.esta-officiel-usa.com\/es\/#website","url":"https:\/\/www.esta-officiel-usa.com\/es\/","name":"ESTA - Estados Unidos","description":"Formulario de solicitud ESTA","potentialAction":[{"@type":"SearchAction","target":{"@type":"EntryPoint","urlTemplate":"https:\/\/www.esta-officiel-usa.com\/es\/?s={search_term_string}"},"query-input":{"@type":"PropertyValueSpecification","valueRequired":true,"valueName":"search_term_string"}}],"inLanguage":"es"}]}},"_links":{"self":[{"href":"https:\/\/www.esta-officiel-usa.com\/es\/wp-json\/wp\/v2\/pages\/1771","targetHints":{"allow":["GET"]}}],"collection":[{"href":"https:\/\/www.esta-officiel-usa.com\/es\/wp-json\/wp\/v2\/pages"}],"about":[{"href":"https:\/\/www.esta-officiel-usa.com\/es\/wp-json\/wp\/v2\/types\/page"}],"author":[{"embeddable":true,"href":"https:\/\/www.esta-officiel-usa.com\/es\/wp-json\/wp\/v2\/users\/1"}],"replies":[{"embeddable":true,"href":"https:\/\/www.esta-officiel-usa.com\/es\/wp-json\/wp\/v2\/comments?post=1771"}],"version-history":[{"count":1,"href":"https:\/\/www.esta-officiel-usa.com\/es\/wp-json\/wp\/v2\/pages\/1771\/revisions"}],"predecessor-version":[{"id":1773,"href":"https:\/\/www.esta-officiel-usa.com\/es\/wp-json\/wp\/v2\/pages\/1771\/revisions\/1773"}],"wp:attachment":[{"href":"https:\/\/www.esta-officiel-usa.com\/es\/wp-json\/wp\/v2\/media?parent=1771"}],"curies":[{"name":"wp","href":"https:\/\/api.w.org\/{rel}","templated":true}]}}