{"id":1789,"date":"2025-09-13T12:06:11","date_gmt":"2025-09-13T12:06:11","guid":{"rendered":"https:\/\/www.esta-officiel-usa.com\/autorizacion-de-viaje-eta-canada\/"},"modified":"2025-09-13T12:06:18","modified_gmt":"2025-09-13T12:06:18","slug":"autorizacion-de-viaje-eta-canada","status":"publish","type":"page","link":"https:\/\/www.esta-officiel-usa.com\/es\/autorizacion-de-viaje-eta-canada\/","title":{"rendered":"Autorizaci\u00f3n de viaje ETA Canad\u00e1"},"content":{"rendered":"\n<h1 class=\"wp-block-heading\">ACTUALIZACI\u00d3N DE LA AUTORIZACI\u00d3N DE VIAJE DE ETA CANAD\u00c1<\/h1>\n\n<p>El gobierno canadiense ha introducido un proceso de autorizaci\u00f3n de viaje, similar al sistema de<a href=\"https:\/\/www.esta-officiel-usa.com\/es\/que-es-la-autorizacion-esta\/\">autorizaci\u00f3n ESTA<\/a> introducido por Estados Unidos hace una d\u00e9cada, para permitir a los viajeros visitar o transitar por Canad\u00e1. Puesto en marcha el 10 de noviembre de 2016, ETA Canad\u00e1 pretende reforzar la seguridad de las fronteras canadienses y, al mismo tiempo, facilitar la entrada a las personas que deseen visitar el pa\u00eds por motivos tur\u00edsticos o de negocios. <\/p>\n\n<h2 class=\"wp-block-heading\">ETA CANAD\u00c1: \u00bfA QUI\u00c9N AFECTA?<\/h2>\n\n<p>Para solicitar la ETA Canad\u00e1, los viajeros deben ser nacionales de uno de los pa\u00edses que han firmado acuerdos con el gobierno canadiense:<\/p>\n\n<figure class=\"wp-block-table\"><table><tbody><tr><td>Alemania<\/td><td>Espa\u00f1a<\/td><td>Islandia<\/td><td>Polonia<\/td><td>Vaticano<\/td><\/tr><tr><td>Andorra<\/td><td>Estonia<\/td><td>Italia<\/td><td>Portugal<\/td><td><strong><strong>Uruguay<\/strong><\/strong><\/td><\/tr><tr><td>Anguila<\/td><td>Finlandia<\/td><td>Jap\u00f3n<\/td><td>Rep\u00fablica Checa<\/td><td><strong>Antigua y Barbuda<\/strong><\/td><\/tr><tr><td>Australia<\/td><td>Francia<\/td><td>letonia<\/td><td>Rep\u00fablica de Corea<\/td><td><strong>Argentina<\/strong><\/td><\/tr><tr><td>Austria<\/td><td>Gibraltar<\/td><td>Liechtenstein<\/td><td>Ruman\u00eda<\/td><td><strong>Costa Rica<\/strong><\/td><\/tr><tr><td>bahame\u00f1o<\/td><td>Grecia<\/td><td>Lituania<\/td><td>Reino Unido<\/td><td><strong>Marruecos<\/strong><\/td><\/tr><tr><td>barbados<\/td><td>Hong Kong<\/td><td>Luxemburgo<\/td><td>Sainte-H\u00e9l\u00e8ne<\/td><td><strong>Panam\u00e1<\/strong><\/td><\/tr><tr><td>B\u00e9lgica<\/td><td>Hungr\u00eda<\/td><td>Malta<\/td><td>San Marino<\/td><td><strong>Filipinas<\/strong><\/td><\/tr><tr><td>Bermudas<\/td><td>Islas Caim\u00e1n<\/td><td>M\u00e9xico<\/td><td>samoa<\/td><td><strong>San Crist\u00f3bal y Nieves<\/strong><\/td><\/tr><tr><td>Brunei<\/td><td>Islas Malvinas<\/td><td>M\u00f3naco<\/td><td>Singapur<\/td><td><strong>Santa Luc\u00eda<\/strong><\/td><\/tr><tr><td>Bulgaria<\/td><td>Islas Pitcairn<\/td><td>Montserrat<\/td><td>Eslovaquia<\/td><td><strong>San Vicente y las Granadinas<\/strong><\/td><\/tr><tr><td>Chile<\/td><td>Islas Salom\u00f3n<\/td><td>Noruega<\/td><td>Eslovenia<\/td><td><strong>Seychelles<\/strong><\/td><\/tr><tr><td>Chipre<\/td><td>Islas Turcas y Caicos<\/td><td>Nueva Zelanda<\/td><td>Suecia<\/td><td><strong>Tailandia<\/strong><\/td><\/tr><tr><td>Croacia<\/td><td>Islas V\u00edrgenes Brit\u00e1nicas<\/td><td>Pap\u00faa Nueva Guinea<\/td><td>suizo<\/td><td><strong>Trinidad y Tobago<\/strong><\/td><\/tr><tr><td>Dinamarca<\/td><td>Irlanda<\/td><td>Pa\u00edses Bajos<\/td><td>Taiw\u00e1n<\/td><td><\/td><\/tr><\/tbody><\/table><\/figure>\n\n<p>Puedes solicitar un ETA Canad\u00e1 utilizando el formulario descargable disponible en el sitio web <a href=\"http:\/\/www.cic.gc.ca\/francais\/visiter\/ave-commencer.asp\">del gobierno canadiense<\/a>. El proceso es muy sencillo y s\u00f3lo requiere unos minutos de tu tiempo: trae tu pasaporte, que debe ser v\u00e1lido para el periodo de tu estancia. Una vez que hayas abonado la tasa de solicitud de 7 $, recibir\u00e1s una respuesta por correo electr\u00f3nico en un plazo de 72 horas.  <\/p>\n\n<p><strong>Importante <\/strong>: si viajas en familia, no es posible hacer una solicitud de grupo: tienes que rellenar un formulario <a href=\"https:\/\/ca-canada.net\/es\/\">de eTA Canad\u00e1<\/a> por cada adulto y ni\u00f1o.<\/p>\n\n<h2 class=\"wp-block-heading\">\u00bfCU\u00c1LES SON LAS VENTAJAS DE UNA ETA CANAD\u00c1?<\/h2>\n\n<p>Al igual que su precursor estadounidense, la Autorizaci\u00f3n de Viaje permite a los viajeros prescindir del visado tradicional, que suele ser m\u00e1s <a href=\"https:\/\/www.esta-officiel-usa.com\/es\/esta-cuanto-cuesta\/\">caro<\/a> y requiere un tiempo de espera muy largo. Una vez que tengas la ETA Canad\u00e1, el documento te autoriza a viajar a Canad\u00e1 tantas veces como desees durante un periodo de 5 a\u00f1os. Si rechazan tu solicitud, no significa que te proh\u00edban venir a Canad\u00e1, sino que tendr\u00e1s que ir a la embajada para obtener un visado.  <\/p>\n\n<p><strong>Nota <\/strong>: con el ETA Canad\u00e1, cada estancia que desees realizar est\u00e1 limitada a un m\u00e1ximo de 6 meses. Sin embargo, puedes renovar tu estancia varias veces durante su validez. <\/p>\n\n<p>Con la reciente creaci\u00f3n de la ETA Canad\u00e1, parece que este sistema informatizado de autorizaci\u00f3n de viaje ha ido ganando cada vez m\u00e1s pa\u00edses en los \u00faltimos a\u00f1os. Introducido por Estados Unidos en 2009, el sistema ofrece ventajas tanto a los viajeros como a las autoridades del pa\u00eds en cuesti\u00f3n: <\/p>\n\n<ul class=\"wp-block-list\">\n<li>Comprobar la identidad y la finalidad de los turistas;<\/li>\n\n\n\n<li>Reforzar la seguridad fronteriza y aeroportuaria;<\/li>\n\n\n\n<li>Financiaci\u00f3n de campa\u00f1as de promoci\u00f3n tur\u00edstica;<\/li>\n\n\n\n<li>Exenci\u00f3n de visado para viajeros ;<\/li>\n\n\n\n<li>Obtenci\u00f3n r\u00e1pida y econ\u00f3mica.<\/li>\n<\/ul>\n\n<p>Europa, que tambi\u00e9n parece interesada en el concepto, tiene previsto implantar su propia autorizaci\u00f3n de viaje en 2025.<\/p>\n","protected":false},"excerpt":{"rendered":"<p>ACTUALIZACI\u00d3N DE LA AUTORIZACI\u00d3N DE VIAJE DE ETA CANAD\u00c1 El gobierno canadiense ha introducido un proceso de autorizaci\u00f3n de viaje, similar al sistema deautorizaci\u00f3n ESTA introducido por Estados Unidos hace una d\u00e9cada, para permitir a los viajeros visitar o transitar por Canad\u00e1. Puesto en marcha el 10 de noviembre de 2016, ETA Canad\u00e1 pretende reforzar [&hellip;]<\/p>\n","protected":false},"author":1,"featured_media":0,"parent":0,"menu_order":0,"comment_status":"closed","ping_status":"closed","template":"","meta":{"footnotes":""},"class_list":["post-1789","page","type-page","status-publish","hentry"],"yoast_head":"<!-- This site is optimized with the Yoast SEO plugin v26.2 - https:\/\/yoast.com\/wordpress\/plugins\/seo\/ -->\n<title>Autorizaci\u00f3n de viaje ETA Canad\u00e1<\/title>\n<meta name=\"description\" content=\"El gobierno canadiense ha introducido un proceso de autorizaci\u00f3n de viaje similar al sistema de autorizaci\u00f3n ESTA.\" \/>\n<meta name=\"robots\" content=\"index, follow, max-snippet:-1, max-image-preview:large, max-video-preview:-1\" \/>\n<link rel=\"canonical\" href=\"https:\/\/www.esta-officiel-usa.com\/es\/autorizacion-de-viaje-eta-canada\/\" \/>\n<meta property=\"og:locale\" content=\"es_ES\" \/>\n<meta property=\"og:type\" content=\"article\" \/>\n<meta property=\"og:title\" content=\"Autorizaci\u00f3n de viaje ETA Canad\u00e1\" \/>\n<meta property=\"og:description\" content=\"El gobierno canadiense ha introducido un proceso de autorizaci\u00f3n de viaje similar al sistema de autorizaci\u00f3n ESTA.\" \/>\n<meta property=\"og:url\" content=\"https:\/\/www.esta-officiel-usa.com\/es\/autorizacion-de-viaje-eta-canada\/\" \/>\n<meta property=\"og:site_name\" content=\"ESTA - Estados Unidos\" \/>\n<meta property=\"article:modified_time\" content=\"2025-09-13T12:06:18+00:00\" \/>\n<meta name=\"twitter:card\" content=\"summary_large_image\" \/>\n<meta name=\"twitter:label1\" content=\"Tiempo de lectura\" \/>\n\t<meta name=\"twitter:data1\" content=\"3 minutos\" \/>\n<script type=\"application\/ld+json\" class=\"yoast-schema-graph\">{\"@context\":\"https:\/\/schema.org\",\"@graph\":[{\"@type\":\"WebPage\",\"@id\":\"https:\/\/www.esta-officiel-usa.com\/es\/autorizacion-de-viaje-eta-canada\/\",\"url\":\"https:\/\/www.esta-officiel-usa.com\/es\/autorizacion-de-viaje-eta-canada\/\",\"name\":\"Autorizaci\u00f3n de viaje ETA Canad\u00e1\",\"isPartOf\":{\"@id\":\"https:\/\/www.esta-officiel-usa.com\/es\/#website\"},\"datePublished\":\"2025-09-13T12:06:11+00:00\",\"dateModified\":\"2025-09-13T12:06:18+00:00\",\"description\":\"El gobierno canadiense ha introducido un proceso de autorizaci\u00f3n de viaje similar al sistema de autorizaci\u00f3n ESTA.\",\"breadcrumb\":{\"@id\":\"https:\/\/www.esta-officiel-usa.com\/es\/autorizacion-de-viaje-eta-canada\/#breadcrumb\"},\"inLanguage\":\"es\",\"potentialAction\":[{\"@type\":\"ReadAction\",\"target\":[\"https:\/\/www.esta-officiel-usa.com\/es\/autorizacion-de-viaje-eta-canada\/\"]}]},{\"@type\":\"BreadcrumbList\",\"@id\":\"https:\/\/www.esta-officiel-usa.com\/es\/autorizacion-de-viaje-eta-canada\/#breadcrumb\",\"itemListElement\":[{\"@type\":\"ListItem\",\"position\":1,\"name\":\"Inicio\",\"item\":\"https:\/\/www.esta-officiel-usa.com\/es\/\"},{\"@type\":\"ListItem\",\"position\":2,\"name\":\"Autorizaci\u00f3n de viaje ETA Canad\u00e1\"}]},{\"@type\":\"WebSite\",\"@id\":\"https:\/\/www.esta-officiel-usa.com\/es\/#website\",\"url\":\"https:\/\/www.esta-officiel-usa.com\/es\/\",\"name\":\"ESTA - Estados Unidos\",\"description\":\"Formulario de solicitud ESTA\",\"potentialAction\":[{\"@type\":\"SearchAction\",\"target\":{\"@type\":\"EntryPoint\",\"urlTemplate\":\"https:\/\/www.esta-officiel-usa.com\/es\/?s={search_term_string}\"},\"query-input\":{\"@type\":\"PropertyValueSpecification\",\"valueRequired\":true,\"valueName\":\"search_term_string\"}}],\"inLanguage\":\"es\"}]}<\/script>\n<!-- \/ Yoast SEO plugin. -->","yoast_head_json":{"title":"Autorizaci\u00f3n de viaje ETA Canad\u00e1","description":"El gobierno canadiense ha introducido un proceso de autorizaci\u00f3n de viaje similar al sistema de autorizaci\u00f3n ESTA.","robots":{"index":"index","follow":"follow","max-snippet":"max-snippet:-1","max-image-preview":"max-image-preview:large","max-video-preview":"max-video-preview:-1"},"canonical":"https:\/\/www.esta-officiel-usa.com\/es\/autorizacion-de-viaje-eta-canada\/","og_locale":"es_ES","og_type":"article","og_title":"Autorizaci\u00f3n de viaje ETA Canad\u00e1","og_description":"El gobierno canadiense ha introducido un proceso de autorizaci\u00f3n de viaje similar al sistema de autorizaci\u00f3n ESTA.","og_url":"https:\/\/www.esta-officiel-usa.com\/es\/autorizacion-de-viaje-eta-canada\/","og_site_name":"ESTA - Estados Unidos","article_modified_time":"2025-09-13T12:06:18+00:00","twitter_card":"summary_large_image","twitter_misc":{"Tiempo de lectura":"3 minutos"},"schema":{"@context":"https:\/\/schema.org","@graph":[{"@type":"WebPage","@id":"https:\/\/www.esta-officiel-usa.com\/es\/autorizacion-de-viaje-eta-canada\/","url":"https:\/\/www.esta-officiel-usa.com\/es\/autorizacion-de-viaje-eta-canada\/","name":"Autorizaci\u00f3n de viaje ETA Canad\u00e1","isPartOf":{"@id":"https:\/\/www.esta-officiel-usa.com\/es\/#website"},"datePublished":"2025-09-13T12:06:11+00:00","dateModified":"2025-09-13T12:06:18+00:00","description":"El gobierno canadiense ha introducido un proceso de autorizaci\u00f3n de viaje similar al sistema de autorizaci\u00f3n ESTA.","breadcrumb":{"@id":"https:\/\/www.esta-officiel-usa.com\/es\/autorizacion-de-viaje-eta-canada\/#breadcrumb"},"inLanguage":"es","potentialAction":[{"@type":"ReadAction","target":["https:\/\/www.esta-officiel-usa.com\/es\/autorizacion-de-viaje-eta-canada\/"]}]},{"@type":"BreadcrumbList","@id":"https:\/\/www.esta-officiel-usa.com\/es\/autorizacion-de-viaje-eta-canada\/#breadcrumb","itemListElement":[{"@type":"ListItem","position":1,"name":"Inicio","item":"https:\/\/www.esta-officiel-usa.com\/es\/"},{"@type":"ListItem","position":2,"name":"Autorizaci\u00f3n de viaje ETA Canad\u00e1"}]},{"@type":"WebSite","@id":"https:\/\/www.esta-officiel-usa.com\/es\/#website","url":"https:\/\/www.esta-officiel-usa.com\/es\/","name":"ESTA - Estados Unidos","description":"Formulario de solicitud ESTA","potentialAction":[{"@type":"SearchAction","target":{"@type":"EntryPoint","urlTemplate":"https:\/\/www.esta-officiel-usa.com\/es\/?s={search_term_string}"},"query-input":{"@type":"PropertyValueSpecification","valueRequired":true,"valueName":"search_term_string"}}],"inLanguage":"es"}]}},"_links":{"self":[{"href":"https:\/\/www.esta-officiel-usa.com\/es\/wp-json\/wp\/v2\/pages\/1789","targetHints":{"allow":["GET"]}}],"collection":[{"href":"https:\/\/www.esta-officiel-usa.com\/es\/wp-json\/wp\/v2\/pages"}],"about":[{"href":"https:\/\/www.esta-officiel-usa.com\/es\/wp-json\/wp\/v2\/types\/page"}],"author":[{"embeddable":true,"href":"https:\/\/www.esta-officiel-usa.com\/es\/wp-json\/wp\/v2\/users\/1"}],"replies":[{"embeddable":true,"href":"https:\/\/www.esta-officiel-usa.com\/es\/wp-json\/wp\/v2\/comments?post=1789"}],"version-history":[{"count":1,"href":"https:\/\/www.esta-officiel-usa.com\/es\/wp-json\/wp\/v2\/pages\/1789\/revisions"}],"predecessor-version":[{"id":1790,"href":"https:\/\/www.esta-officiel-usa.com\/es\/wp-json\/wp\/v2\/pages\/1789\/revisions\/1790"}],"wp:attachment":[{"href":"https:\/\/www.esta-officiel-usa.com\/es\/wp-json\/wp\/v2\/media?parent=1789"}],"curies":[{"name":"wp","href":"https:\/\/api.w.org\/{rel}","templated":true}]}}