{"id":1804,"date":"2025-09-13T12:06:24","date_gmt":"2025-09-13T12:06:24","guid":{"rendered":"https:\/\/www.esta-officiel-usa.com\/diferencia-entre-el-esta-y-un-visado-estadounidense\/"},"modified":"2025-09-13T12:06:26","modified_gmt":"2025-09-13T12:06:26","slug":"diferencia-entre-el-esta-y-un-visado-estadounidense","status":"publish","type":"page","link":"https:\/\/www.esta-officiel-usa.com\/es\/diferencia-entre-el-esta-y-un-visado-estadounidense\/","title":{"rendered":"Diferencia entre el ESTA y un visado estadounidense"},"content":{"rendered":"\n<h1 class=\"wp-block-heading\">ESTA o visado: \u00bfqu\u00e9 solicitar?<\/h1>\n\n<p>Cualquier viaje temporal a Estados Unidos requiere un permiso de residencia \n. Existen varios tipos de permiso, incluidos los visados y los ESTA para los ciudadanos franceses de \n. Pero, \u00bfcu\u00e1l es el m\u00e1s adecuado para tu proyecto\n? En este art\u00edculo te explicamos las diferencias entre \nambos documentos, ya sea en cuanto a su obtenci\u00f3n, su finalidad o \nlas oportunidades que te ofrecen.   <\/p>\n\n<h2 class=\"wp-block-heading\">ESTA, mucho m\u00e1s sencillo que un visado<\/h2>\n\n<p><a href=\"https:\/\/www.esta-officiel-usa.com\/es\/cuales-son-las-normas-para-obtener-el-esta\/\">Las normas para obtener<\/a> el<a href=\"https:\/\/www.esta-officiel-usa.com\/es\/\">ESTA oficial<\/a> est\u00e1n controladas y reforzadas por un cuestionario en l\u00ednea que cada solicitante debe responder. Si no cumples los criterios indicados a continuaci\u00f3n, debes consultar la siguiente secci\u00f3n sobre <a href=\"https:\/\/www.esta-officiel-usa.com\/fr\/quels-sont-les-differents-visas-pour-les-usa\/\">visados para EEUU<\/a>. No tienes ninguna posibilidad de obtener la autorizaci\u00f3n ESTA si tu viaje no cumple TODOS los puntos mencionados:  <\/p>\n\n<ul class=\"wp-block-list\">\n<li>estancias de <a href=\"https:\/\/www.esta-officiel-usa.com\/es\/esta-valido-durante-90-dias-en-estados-unidos\/\">hasta 90 d\u00edas consecutivos<\/a>;<\/li>\n\n\n\n<li>estancia tur\u00edstica, de negocios o de tr\u00e1nsito ;  <\/li>\n\n\n\n<li>no tienes antecedentes penales, trastorno mental o enfermedad contagiosa y no has viajado a un pa\u00eds declarado incompatible con EE.UU. desde el 1 de marzo de 2011;<\/li>\n\n\n\n<li>tu pasaporte es biom\u00e9trico o electr\u00f3nico, y v\u00e1lido hasta el final de tu viaje;<\/li>\n\n\n\n<li>eres nacional de un pa\u00eds del Programa de Exenci\u00f3n de Visado y no tienes doble nacionalidad iraqu\u00ed, siria, sudanesa o iran\u00ed.<\/li>\n<\/ul>\n\n<p>Si se cumple todo esto, puedes <a href=\"https:\/\/www.esta-officiel-usa.com\/es\/el-formulario-esta-para-estados-unidos\/\">cumplimentar el formulario ESTA<\/a> disponible en Internet. Sin embargo, ten en cuenta que la aprobaci\u00f3n no est\u00e1 garantizada. La principal ventaja del ESTA es su accesibilidad, tanto en t\u00e9rminos de tiempo como de coste. El formulario se rellena r\u00e1pidamente y recibes una respuesta en formato PDF en un plazo de 72 horas (normalmente el mismo d\u00eda). Nuestro consejo: imprime el formulario para evitar complicaciones en la frontera, aunque no sea obligatorio.    <\/p>\n\n<p>Si piensas trabajar en Estados Unidos, hacer unas pr\u00e1cticas, <a href=\"https:\/\/www.esta-officiel-usa.com\/es\/como-estudiar-en-una-universidad-estadounidense\/\">estudiar en una universidad estadounidense<\/a> o trasladarte al extranjero, no pierdas tiempo solicitando un ESTA: pasa directamente a obtener un visado.<\/p>\n\n<h2 class=\"wp-block-heading\">El visado es m\u00e1s espec\u00edfico que el ESTA<\/h2>\n\n<p>A diferencia del ESTA, que cubre una amplia gama de motivos de viaje, el <a href=\"https:\/\/www.esta-officiel-usa.com\/es\/durante-cuanto-tiempo-es-valido-un-visado-de-ee-uu\/\">visado estadounidense<\/a> se compone de m\u00faltiples documentos espec\u00edficos para cada situaci\u00f3n. La reciente introducci\u00f3n del ESTA ha aliviado la carga de los departamentos de tramitaci\u00f3n de solicitudes de visado. El ESTA est\u00e1 destinado a los extranjeros que no est\u00e1n cubiertos por el <a href=\"https:\/\/www.esta-officiel-usa.com\/es\/acerca-del-programa-de-exencion-de-visado\/\">Programa de Exenci\u00f3n de Visado<\/a>, o que no cumplen los criterios antes mencionados.  <\/p>\n\n<p>Esta autorizaci\u00f3n es m\u00e1s costosa y requiere m\u00e1s tiempo que la primera. Por ejemplo, tienes que ir al consulado o a la <a href=\"https:\/\/www.esta-officiel-usa.com\/es\/acudir-a-la-embajada-de-ee-uu-para-obtener-un-visado\/\">embajada de Estados Unidos<\/a> (en Par\u00eds) para una entrevista crucial, y demostrar que tienes medios econ\u00f3micos suficientes para vivir en Estados Unidos. Aseg\u00farate de empezar con mucha antelaci\u00f3n, porque el plazo de 72 horas del ESTA est\u00e1 descartado. En su lugar, deja pasar varias semanas o incluso meses.   <\/p>\n\n<p>Cada motivo tiene su correspondiente visado:<\/p>\n\n<ul class=\"wp-block-list\">\n<li>negocios: visado B1<\/li>\n\n\n\n<li>turismo: visado B2<\/li>\n\n\n\n<li>pr\u00e1cticas: visado H3  <\/li>\n\n\n\n<li>estudios: <a href=\"https:\/\/www.esta-officiel-usa.com\/es\/visado-f1-para-estudiar-en-estados-unidos\/\">visado F1<\/a><\/li>\n\n\n\n<li>empleo temporal: visado H2A<\/li>\n\n\n\n<li>empleo especializado: <a href=\"https:\/\/www.esta-officiel-usa.com\/es\/el-visado-h1b-para-trabajar-en-ee-uu\/\">visado H1B<\/a><\/li>\n\n\n\n<li>direcci\u00f3n de la empresa: <a href=\"https:\/\/www.esta-officiel-usa.com\/es\/invertir-en-ee-uu-con-un-visado-e1-e2\/\">visado E1<\/a><\/li>\n\n\n\n<li>invertir en una empresa: <a href=\"https:\/\/www.esta-officiel-usa.com\/es\/invertir-en-ee-uu-con-un-visado-e1-e2\/\">visado E2<\/a><\/li>\n\n\n\n<li>traslado de directivo, ejecutivo, empleado especializado: <a href=\"https:\/\/www.esta-officiel-usa.com\/es\/visado-l1-para-traslados-de-ejecutivos-a-ee-uu\/\">visado L1<\/a><\/li>\n\n\n\n<li>programa de intercambio: <a href=\"https:\/\/www.esta-officiel-usa.com\/es\/lo-que-debes-saber-sobre-el-visado-j\/\">visado J1<\/a><\/li>\n\n\n\n<li>artistas, deportistas y cient\u00edficos de alto nivel: <a href=\"https:\/\/www.esta-officiel-usa.com\/es\/visados-o-y-p-para-deportistas-o-artistas\/\">visados O y P<\/a><\/li>\n\n\n\n<li>etc.<\/li>\n<\/ul>\n\n<p><a href=\"https:\/\/www.esta-officiel-usa.com\/es\/visados-americanos-para-entrar-en-ee-uu\/\">La lista de visados estadounidenses<\/a> es muy larga, as\u00ed que elige tu visado con cuidado antes de solicitarlo. Tambi\u00e9n debes saber que en 2018 se abandon\u00f3 la idea de un <a href=\"https:\/\/www.esta-officiel-usa.com\/es\/programa-de-visados-para-empresas-de-nueva-creacion-en-estados-unidos\/\">Programa de Visados de Arranque<\/a> para inversores en EE.UU. <\/p>\n","protected":false},"excerpt":{"rendered":"<p>ESTA o visado: \u00bfqu\u00e9 solicitar? Cualquier viaje temporal a Estados Unidos requiere un permiso de residencia . Existen varios tipos de permiso, incluidos los visados y los ESTA para los ciudadanos franceses de . Pero, \u00bfcu\u00e1l es el m\u00e1s adecuado para tu proyecto ? En este art\u00edculo te explicamos las diferencias entre ambos documentos, ya [&hellip;]<\/p>\n","protected":false},"author":1,"featured_media":0,"parent":0,"menu_order":0,"comment_status":"closed","ping_status":"closed","template":"","meta":{"footnotes":""},"class_list":["post-1804","page","type-page","status-publish","hentry"],"yoast_head":"<!-- This site is optimized with the Yoast SEO plugin v26.2 - https:\/\/yoast.com\/wordpress\/plugins\/seo\/ -->\n<title>Diferencia entre el ESTA y un visado estadounidense<\/title>\n<meta name=\"description\" content=\"Todos los viajes a Estados Unidos requieren un permiso de residencia. Hay varios tipos, incluidos los visados y los ESTA.\" \/>\n<meta name=\"robots\" content=\"index, follow, max-snippet:-1, max-image-preview:large, max-video-preview:-1\" \/>\n<link rel=\"canonical\" href=\"https:\/\/www.esta-officiel-usa.com\/es\/diferencia-entre-el-esta-y-un-visado-estadounidense\/\" \/>\n<meta property=\"og:locale\" content=\"es_ES\" \/>\n<meta property=\"og:type\" content=\"article\" \/>\n<meta property=\"og:title\" content=\"Diferencia entre el ESTA y un visado estadounidense\" \/>\n<meta property=\"og:description\" content=\"Todos los viajes a Estados Unidos requieren un permiso de residencia. Hay varios tipos, incluidos los visados y los ESTA.\" \/>\n<meta property=\"og:url\" content=\"https:\/\/www.esta-officiel-usa.com\/es\/diferencia-entre-el-esta-y-un-visado-estadounidense\/\" \/>\n<meta property=\"og:site_name\" content=\"ESTA - Estados Unidos\" \/>\n<meta property=\"article:modified_time\" content=\"2025-09-13T12:06:26+00:00\" \/>\n<meta name=\"twitter:card\" content=\"summary_large_image\" \/>\n<meta name=\"twitter:label1\" content=\"Tiempo de lectura\" \/>\n\t<meta name=\"twitter:data1\" content=\"3 minutos\" \/>\n<script type=\"application\/ld+json\" class=\"yoast-schema-graph\">{\"@context\":\"https:\/\/schema.org\",\"@graph\":[{\"@type\":\"WebPage\",\"@id\":\"https:\/\/www.esta-officiel-usa.com\/es\/diferencia-entre-el-esta-y-un-visado-estadounidense\/\",\"url\":\"https:\/\/www.esta-officiel-usa.com\/es\/diferencia-entre-el-esta-y-un-visado-estadounidense\/\",\"name\":\"Diferencia entre el ESTA y un visado estadounidense\",\"isPartOf\":{\"@id\":\"https:\/\/www.esta-officiel-usa.com\/es\/#website\"},\"datePublished\":\"2025-09-13T12:06:24+00:00\",\"dateModified\":\"2025-09-13T12:06:26+00:00\",\"description\":\"Todos los viajes a Estados Unidos requieren un permiso de residencia. Hay varios tipos, incluidos los visados y los ESTA.\",\"breadcrumb\":{\"@id\":\"https:\/\/www.esta-officiel-usa.com\/es\/diferencia-entre-el-esta-y-un-visado-estadounidense\/#breadcrumb\"},\"inLanguage\":\"es\",\"potentialAction\":[{\"@type\":\"ReadAction\",\"target\":[\"https:\/\/www.esta-officiel-usa.com\/es\/diferencia-entre-el-esta-y-un-visado-estadounidense\/\"]}]},{\"@type\":\"BreadcrumbList\",\"@id\":\"https:\/\/www.esta-officiel-usa.com\/es\/diferencia-entre-el-esta-y-un-visado-estadounidense\/#breadcrumb\",\"itemListElement\":[{\"@type\":\"ListItem\",\"position\":1,\"name\":\"Inicio\",\"item\":\"https:\/\/www.esta-officiel-usa.com\/es\/\"},{\"@type\":\"ListItem\",\"position\":2,\"name\":\"Diferencia entre el ESTA y un visado estadounidense\"}]},{\"@type\":\"WebSite\",\"@id\":\"https:\/\/www.esta-officiel-usa.com\/es\/#website\",\"url\":\"https:\/\/www.esta-officiel-usa.com\/es\/\",\"name\":\"ESTA - Estados Unidos\",\"description\":\"Formulario de solicitud ESTA\",\"potentialAction\":[{\"@type\":\"SearchAction\",\"target\":{\"@type\":\"EntryPoint\",\"urlTemplate\":\"https:\/\/www.esta-officiel-usa.com\/es\/?s={search_term_string}\"},\"query-input\":{\"@type\":\"PropertyValueSpecification\",\"valueRequired\":true,\"valueName\":\"search_term_string\"}}],\"inLanguage\":\"es\"}]}<\/script>\n<!-- \/ Yoast SEO plugin. -->","yoast_head_json":{"title":"Diferencia entre el ESTA y un visado estadounidense","description":"Todos los viajes a Estados Unidos requieren un permiso de residencia. Hay varios tipos, incluidos los visados y los ESTA.","robots":{"index":"index","follow":"follow","max-snippet":"max-snippet:-1","max-image-preview":"max-image-preview:large","max-video-preview":"max-video-preview:-1"},"canonical":"https:\/\/www.esta-officiel-usa.com\/es\/diferencia-entre-el-esta-y-un-visado-estadounidense\/","og_locale":"es_ES","og_type":"article","og_title":"Diferencia entre el ESTA y un visado estadounidense","og_description":"Todos los viajes a Estados Unidos requieren un permiso de residencia. Hay varios tipos, incluidos los visados y los ESTA.","og_url":"https:\/\/www.esta-officiel-usa.com\/es\/diferencia-entre-el-esta-y-un-visado-estadounidense\/","og_site_name":"ESTA - Estados Unidos","article_modified_time":"2025-09-13T12:06:26+00:00","twitter_card":"summary_large_image","twitter_misc":{"Tiempo de lectura":"3 minutos"},"schema":{"@context":"https:\/\/schema.org","@graph":[{"@type":"WebPage","@id":"https:\/\/www.esta-officiel-usa.com\/es\/diferencia-entre-el-esta-y-un-visado-estadounidense\/","url":"https:\/\/www.esta-officiel-usa.com\/es\/diferencia-entre-el-esta-y-un-visado-estadounidense\/","name":"Diferencia entre el ESTA y un visado estadounidense","isPartOf":{"@id":"https:\/\/www.esta-officiel-usa.com\/es\/#website"},"datePublished":"2025-09-13T12:06:24+00:00","dateModified":"2025-09-13T12:06:26+00:00","description":"Todos los viajes a Estados Unidos requieren un permiso de residencia. Hay varios tipos, incluidos los visados y los ESTA.","breadcrumb":{"@id":"https:\/\/www.esta-officiel-usa.com\/es\/diferencia-entre-el-esta-y-un-visado-estadounidense\/#breadcrumb"},"inLanguage":"es","potentialAction":[{"@type":"ReadAction","target":["https:\/\/www.esta-officiel-usa.com\/es\/diferencia-entre-el-esta-y-un-visado-estadounidense\/"]}]},{"@type":"BreadcrumbList","@id":"https:\/\/www.esta-officiel-usa.com\/es\/diferencia-entre-el-esta-y-un-visado-estadounidense\/#breadcrumb","itemListElement":[{"@type":"ListItem","position":1,"name":"Inicio","item":"https:\/\/www.esta-officiel-usa.com\/es\/"},{"@type":"ListItem","position":2,"name":"Diferencia entre el ESTA y un visado estadounidense"}]},{"@type":"WebSite","@id":"https:\/\/www.esta-officiel-usa.com\/es\/#website","url":"https:\/\/www.esta-officiel-usa.com\/es\/","name":"ESTA - Estados Unidos","description":"Formulario de solicitud ESTA","potentialAction":[{"@type":"SearchAction","target":{"@type":"EntryPoint","urlTemplate":"https:\/\/www.esta-officiel-usa.com\/es\/?s={search_term_string}"},"query-input":{"@type":"PropertyValueSpecification","valueRequired":true,"valueName":"search_term_string"}}],"inLanguage":"es"}]}},"_links":{"self":[{"href":"https:\/\/www.esta-officiel-usa.com\/es\/wp-json\/wp\/v2\/pages\/1804","targetHints":{"allow":["GET"]}}],"collection":[{"href":"https:\/\/www.esta-officiel-usa.com\/es\/wp-json\/wp\/v2\/pages"}],"about":[{"href":"https:\/\/www.esta-officiel-usa.com\/es\/wp-json\/wp\/v2\/types\/page"}],"author":[{"embeddable":true,"href":"https:\/\/www.esta-officiel-usa.com\/es\/wp-json\/wp\/v2\/users\/1"}],"replies":[{"embeddable":true,"href":"https:\/\/www.esta-officiel-usa.com\/es\/wp-json\/wp\/v2\/comments?post=1804"}],"version-history":[{"count":1,"href":"https:\/\/www.esta-officiel-usa.com\/es\/wp-json\/wp\/v2\/pages\/1804\/revisions"}],"predecessor-version":[{"id":1805,"href":"https:\/\/www.esta-officiel-usa.com\/es\/wp-json\/wp\/v2\/pages\/1804\/revisions\/1805"}],"wp:attachment":[{"href":"https:\/\/www.esta-officiel-usa.com\/es\/wp-json\/wp\/v2\/media?parent=1804"}],"curies":[{"name":"wp","href":"https:\/\/api.w.org\/{rel}","templated":true}]}}