{"id":2153,"date":"2025-09-13T16:32:01","date_gmt":"2025-09-13T16:32:01","guid":{"rendered":"https:\/\/www.esta-officiel-usa.com\/los-principales-visados-para-estados-unidos\/"},"modified":"2025-09-13T16:32:08","modified_gmt":"2025-09-13T16:32:08","slug":"los-principales-visados-para-estados-unidos","status":"publish","type":"page","link":"https:\/\/www.esta-officiel-usa.com\/es\/los-principales-visados-para-estados-unidos\/","title":{"rendered":"Los principales visados para Estados Unidos"},"content":{"rendered":"\n<h1 class=\"wp-block-heading\">Los diferentes visados para viajar a EE.UU.<\/h1>\n\n<p>Viajar a Estados Unidos no es ninguna haza\u00f1a, pero puede hacerse. Hay algunos tr\u00e1mites administrativos que debes realizar antes de partir, para que puedas viajar a Estados Unidos legalmente y con tranquilidad. <\/p>\n\n<p>Para proteger el pa\u00eds y reforzar la seguridad interior, la pol\u00edtica de inmigraci\u00f3n estadounidense es bastante estricta: todas las solicitudes para entrar en Estados Unidos requieren un visado para Estados Unidos o un <a href=\"https:\/\/www.esta-officiel-usa.com\/es\/\">ESTA<\/a>. En este art\u00edculo, puedes informarte sobre los distintos visados disponibles para visitar Estados Unidos. <\/p>\n\n<h2 class=\"wp-block-heading\">\u00bfCu\u00e1les son los diferentes pasos para obtener un visado?<\/h2>\n\n<p>Debes obtener permiso para permanecer en Estados Unidos antes de tu partida. Para ello, debes acudir a la embajada estadounidense m\u00e1s cercana a tu lugar de residencia, tras concertar una cita con antelaci\u00f3n. <\/p>\n\n<p>Existen diferentes visados, adaptados a cada tipo de estancia (turismo, trabajo, pr\u00e1cticas en EE.UU., estudios, etc.) y a tu perfil.<\/p>\n\n<p>La entrevista en la embajada o consulado estadounidense es una etapa importante e inevitable en el proceso de solicitud de visado. Tendr\u00e1s que explicar, en ingl\u00e9s, las distintas razones por las que quieres viajar a EE.UU. (se requiere, por tanto, un buen nivel de ingl\u00e9s): debes prepararte bien para esta etapa para no enfrentarte a un rechazo por parte de las autoridades estadounidenses. <\/p>\n\n<p>Aseg\u00farate de llevar contigo tu pasaporte electr\u00f3nico v\u00e1lido o tu pasaporte biom\u00e9trico (con huellas dactilares) y otros documentos necesarios, y prepara tus respuestas a las preguntas que te har\u00e1n.<\/p>\n\n<h2 class=\"wp-block-heading\">\u00bfCu\u00e1les son los diferentes visados estadounidenses?<\/h2>\n\n<p>Como ya se ha dicho, hay muchos tipos de visado diferentes, que se adaptan a cada situaci\u00f3n. Aqu\u00ed tienes una tabla que resume los distintos <a href=\"https:\/\/www.esta-officiel-usa.com\/es\/visados-americanos-para-entrar-en-ee-uu\/\">visados estadounidenses<\/a> disponibles actualmente para viajar a Estados Unidos. <\/p>\n\n<figure class=\"wp-block-table\"><table class=\"\"><tbody><tr><td><strong>visado  <\/strong><\/td><td><strong>  Motivos para viajar  <\/strong><\/td><\/tr><tr><td>\n  B1\n\t\t\t<\/td><td>\n  Viajes de negocios\n\t\t\t<\/td><\/tr><tr><td>\n  B2\n\t\t\t<\/td><td>\n  Visita tur\u00edstica (visado de turista)\n\t\t\t<\/td><\/tr><tr><td>\n  B2\n\t\t\t<\/td><td>\n  Estancia para tratamiento m\u00e9dico\n\t\t\t<\/td><\/tr><tr><td>\n  C\n\t\t\t<\/td><td>\n  Escala o tr\u00e1nsito hacia Estados Unidos\n\t\t\t<\/td><\/tr><tr><td> <a href=\"https:\/\/www.esta-officiel-usa.com\/es\/visado-f1-para-estudiar-en-estados-unidos\/\">F<\/a>, M  <\/td><td>\n  visado para estudiar en ee.uu.\n\t\t\t<\/td><\/tr><tr><td> <a href=\"https:\/\/www.esta-officiel-usa.com\/es\/lo-que-debes-saber-sobre-el-visado-j\/\">J1<\/a>, Q  <\/td><td>\n  Visados para profesores y becarios\n\t\t\t<\/td><\/tr><tr><td>\n  K\n\t\t\t<\/td><td>\n  visado para el c\u00f3nyuge de un ciudadano estadounidense\n\t\t\t<\/td><\/tr><tr><td> <a href=\"https:\/\/www.esta-officiel-usa.com\/es\/visados-o-y-p-para-deportistas-o-artistas\/\">O y P<\/a> <\/td><td>\n  Visados para aptitudes extraordinarias (artistas, deportistas, cient\u00edficos, etc.)\n\t\t\t<\/td><\/tr><tr><td>\n  R\n\t\t\t<\/td><td>\n  visado para religiosos\n\t\t\t<\/td><\/tr><tr><td>\n  BCC\n\t\t\t<\/td><td>\n  visado para cruzar la frontera desde M\u00e9xico\n\t\t\t<\/td><\/tr><tr><td>\n  D\n\t\t\t<\/td><td>\n  visados para los miembros de la tripulaci\u00f3n (avi\u00f3n, barco)\n\t\t\t<\/td><\/tr><tr><td>\n  H-1B\n\t\t\t<\/td><td>\n  visado para trabajadores especializados\n\t\t\t<\/td><\/tr><tr><td>\n  H-2A\n\t\t\t<\/td><td>\n  visado para trabajadores agr\u00edcolas\n\t\t\t<\/td><\/tr><\/tbody><\/table><\/figure>\n\n<p>As\u00ed que hay bastantes visados diferentes, dependiendo de tu situaci\u00f3n: si quieres trabajar en EE.UU., tendr\u00e1s que solicitar un visado H1B (permiso de trabajo). Si piensas crear una empresa, tendr\u00e1s que solicitar un visado E1\/E2 (visado de inversor). <\/p>\n\n<p>Si quieres estudiar en una universidad estadounidense importante, tendr\u00e1s que solicitar un visado F o M.<\/p>\n\n<h2 class=\"wp-block-heading\">\u00bfCu\u00e1les son las alternativas al visado para EE.UU.?<\/h2>\n\n<p>Existen alternativas a los distintos visados estadounidenses para vivir en EE.UU. durante periodos m\u00e1s o menos largos.<\/p>\n\n<h3 class=\"wp-block-heading\">ESTA como alternativa al visado para EEUU<\/h3>\n\n<p>La autorizaci\u00f3n ESTA es un sistema electr\u00f3nico de autorizaci\u00f3n de viaje que permite a su titular viajar a EE.UU. sin tener que solicitar un visado estadounidense. Est\u00e1 disponible para los nacionales de los pa\u00edses que forman parte del Programa de Exenci\u00f3n de Visado (VWP). Actualmente hay <a href=\"https:\/\/www.esta-officiel-usa.com\/fr\/les-38-pays-partenaires-du-visa-waiver-program\/\">38 pa\u00edses<\/a> en el VWP, entre ellos Francia y B\u00e9lgica.  <\/p>\n\n<p>Para ello, tienes que presentar la solicitud en l\u00ednea a trav\u00e9s del sitio web oficial del gobierno estadounidense \no utilizar un sitio web independiente que te ayude a \ny compruebe tus datos.<\/p>\n\n<h3 class=\"wp-block-heading\">La Carta Verde<\/h3>\n\n<p>La Tarjeta Verde es una tarjeta de residente estadounidense que te permite vivir en Estados Unidos de forma permanente. Las personas que poseen este documento no tienen la condici\u00f3n de ciudadano estadounidense, pero pueden trabajar en Estados Unidos y establecerse all\u00ed de forma bastante legal sin necesidad de visado. Este documento puede obtenerse de varias formas, por ejemplo a trav\u00e9s de un empleador, de la familia o de aptitudes excepcionales. Tambi\u00e9n existe un sistema <a href=\"https:\/\/www.esta-officiel-usa.com\/es\/obtener-la-tarjeta-verde-por-sorteo\/\">de loter\u00eda de la tarjeta verde<\/a> que permite a millones de inmigrantes de todo el mundo hacer realidad su sue\u00f1o americano.   <\/p>\n\n<p>\n Si est\u00e1s pensando en emigrar a EEUU, no dudes en ponerte en contacto con \npara cualquier pregunta que tengas sobre expatriaci\u00f3n, solicitudes ESTA o visados para EEUU.<\/p>\n","protected":false},"excerpt":{"rendered":"<p>Los diferentes visados para viajar a EE.UU. Viajar a Estados Unidos no es ninguna haza\u00f1a, pero puede hacerse. Hay algunos tr\u00e1mites administrativos que debes realizar antes de partir, para que puedas viajar a Estados Unidos legalmente y con tranquilidad. Para proteger el pa\u00eds y reforzar la seguridad interior, la pol\u00edtica de inmigraci\u00f3n estadounidense es bastante [&hellip;]<\/p>\n","protected":false},"author":1,"featured_media":0,"parent":0,"menu_order":0,"comment_status":"closed","ping_status":"closed","template":"","meta":{"footnotes":""},"class_list":["post-2153","page","type-page","status-publish","hentry"],"yoast_head":"<!-- This site is optimized with the Yoast SEO plugin v26.2 - https:\/\/yoast.com\/wordpress\/plugins\/seo\/ -->\n<title>Los principales visados para Estados Unidos<\/title>\n<meta name=\"description\" content=\"\u00c9stos son los principales visados que necesitas para viajar a Estados Unidos\" \/>\n<meta name=\"robots\" content=\"index, follow, max-snippet:-1, max-image-preview:large, max-video-preview:-1\" \/>\n<link rel=\"canonical\" href=\"https:\/\/www.esta-officiel-usa.com\/es\/los-principales-visados-para-estados-unidos\/\" \/>\n<meta property=\"og:locale\" content=\"es_ES\" \/>\n<meta property=\"og:type\" content=\"article\" \/>\n<meta property=\"og:title\" content=\"Los principales visados para Estados Unidos\" \/>\n<meta property=\"og:description\" content=\"\u00c9stos son los principales visados que necesitas para viajar a Estados Unidos\" \/>\n<meta property=\"og:url\" content=\"https:\/\/www.esta-officiel-usa.com\/es\/los-principales-visados-para-estados-unidos\/\" \/>\n<meta property=\"og:site_name\" content=\"ESTA - Estados Unidos\" \/>\n<meta property=\"article:modified_time\" content=\"2025-09-13T16:32:08+00:00\" \/>\n<meta name=\"twitter:card\" content=\"summary_large_image\" \/>\n<meta name=\"twitter:label1\" content=\"Tiempo de lectura\" \/>\n\t<meta name=\"twitter:data1\" content=\"4 minutos\" \/>\n<script type=\"application\/ld+json\" class=\"yoast-schema-graph\">{\"@context\":\"https:\/\/schema.org\",\"@graph\":[{\"@type\":\"WebPage\",\"@id\":\"https:\/\/www.esta-officiel-usa.com\/es\/los-principales-visados-para-estados-unidos\/\",\"url\":\"https:\/\/www.esta-officiel-usa.com\/es\/los-principales-visados-para-estados-unidos\/\",\"name\":\"Los principales visados para Estados Unidos\",\"isPartOf\":{\"@id\":\"https:\/\/www.esta-officiel-usa.com\/es\/#website\"},\"datePublished\":\"2025-09-13T16:32:01+00:00\",\"dateModified\":\"2025-09-13T16:32:08+00:00\",\"description\":\"\u00c9stos son los principales visados que necesitas para viajar a Estados Unidos\",\"breadcrumb\":{\"@id\":\"https:\/\/www.esta-officiel-usa.com\/es\/los-principales-visados-para-estados-unidos\/#breadcrumb\"},\"inLanguage\":\"es\",\"potentialAction\":[{\"@type\":\"ReadAction\",\"target\":[\"https:\/\/www.esta-officiel-usa.com\/es\/los-principales-visados-para-estados-unidos\/\"]}]},{\"@type\":\"BreadcrumbList\",\"@id\":\"https:\/\/www.esta-officiel-usa.com\/es\/los-principales-visados-para-estados-unidos\/#breadcrumb\",\"itemListElement\":[{\"@type\":\"ListItem\",\"position\":1,\"name\":\"Inicio\",\"item\":\"https:\/\/www.esta-officiel-usa.com\/es\/\"},{\"@type\":\"ListItem\",\"position\":2,\"name\":\"Los principales visados para Estados Unidos\"}]},{\"@type\":\"WebSite\",\"@id\":\"https:\/\/www.esta-officiel-usa.com\/es\/#website\",\"url\":\"https:\/\/www.esta-officiel-usa.com\/es\/\",\"name\":\"ESTA - Estados Unidos\",\"description\":\"Formulario de solicitud ESTA\",\"potentialAction\":[{\"@type\":\"SearchAction\",\"target\":{\"@type\":\"EntryPoint\",\"urlTemplate\":\"https:\/\/www.esta-officiel-usa.com\/es\/?s={search_term_string}\"},\"query-input\":{\"@type\":\"PropertyValueSpecification\",\"valueRequired\":true,\"valueName\":\"search_term_string\"}}],\"inLanguage\":\"es\"}]}<\/script>\n<!-- \/ Yoast SEO plugin. -->","yoast_head_json":{"title":"Los principales visados para Estados Unidos","description":"\u00c9stos son los principales visados que necesitas para viajar a Estados Unidos","robots":{"index":"index","follow":"follow","max-snippet":"max-snippet:-1","max-image-preview":"max-image-preview:large","max-video-preview":"max-video-preview:-1"},"canonical":"https:\/\/www.esta-officiel-usa.com\/es\/los-principales-visados-para-estados-unidos\/","og_locale":"es_ES","og_type":"article","og_title":"Los principales visados para Estados Unidos","og_description":"\u00c9stos son los principales visados que necesitas para viajar a Estados Unidos","og_url":"https:\/\/www.esta-officiel-usa.com\/es\/los-principales-visados-para-estados-unidos\/","og_site_name":"ESTA - Estados Unidos","article_modified_time":"2025-09-13T16:32:08+00:00","twitter_card":"summary_large_image","twitter_misc":{"Tiempo de lectura":"4 minutos"},"schema":{"@context":"https:\/\/schema.org","@graph":[{"@type":"WebPage","@id":"https:\/\/www.esta-officiel-usa.com\/es\/los-principales-visados-para-estados-unidos\/","url":"https:\/\/www.esta-officiel-usa.com\/es\/los-principales-visados-para-estados-unidos\/","name":"Los principales visados para Estados Unidos","isPartOf":{"@id":"https:\/\/www.esta-officiel-usa.com\/es\/#website"},"datePublished":"2025-09-13T16:32:01+00:00","dateModified":"2025-09-13T16:32:08+00:00","description":"\u00c9stos son los principales visados que necesitas para viajar a Estados Unidos","breadcrumb":{"@id":"https:\/\/www.esta-officiel-usa.com\/es\/los-principales-visados-para-estados-unidos\/#breadcrumb"},"inLanguage":"es","potentialAction":[{"@type":"ReadAction","target":["https:\/\/www.esta-officiel-usa.com\/es\/los-principales-visados-para-estados-unidos\/"]}]},{"@type":"BreadcrumbList","@id":"https:\/\/www.esta-officiel-usa.com\/es\/los-principales-visados-para-estados-unidos\/#breadcrumb","itemListElement":[{"@type":"ListItem","position":1,"name":"Inicio","item":"https:\/\/www.esta-officiel-usa.com\/es\/"},{"@type":"ListItem","position":2,"name":"Los principales visados para Estados Unidos"}]},{"@type":"WebSite","@id":"https:\/\/www.esta-officiel-usa.com\/es\/#website","url":"https:\/\/www.esta-officiel-usa.com\/es\/","name":"ESTA - Estados Unidos","description":"Formulario de solicitud ESTA","potentialAction":[{"@type":"SearchAction","target":{"@type":"EntryPoint","urlTemplate":"https:\/\/www.esta-officiel-usa.com\/es\/?s={search_term_string}"},"query-input":{"@type":"PropertyValueSpecification","valueRequired":true,"valueName":"search_term_string"}}],"inLanguage":"es"}]}},"_links":{"self":[{"href":"https:\/\/www.esta-officiel-usa.com\/es\/wp-json\/wp\/v2\/pages\/2153","targetHints":{"allow":["GET"]}}],"collection":[{"href":"https:\/\/www.esta-officiel-usa.com\/es\/wp-json\/wp\/v2\/pages"}],"about":[{"href":"https:\/\/www.esta-officiel-usa.com\/es\/wp-json\/wp\/v2\/types\/page"}],"author":[{"embeddable":true,"href":"https:\/\/www.esta-officiel-usa.com\/es\/wp-json\/wp\/v2\/users\/1"}],"replies":[{"embeddable":true,"href":"https:\/\/www.esta-officiel-usa.com\/es\/wp-json\/wp\/v2\/comments?post=2153"}],"version-history":[{"count":1,"href":"https:\/\/www.esta-officiel-usa.com\/es\/wp-json\/wp\/v2\/pages\/2153\/revisions"}],"predecessor-version":[{"id":2154,"href":"https:\/\/www.esta-officiel-usa.com\/es\/wp-json\/wp\/v2\/pages\/2153\/revisions\/2154"}],"wp:attachment":[{"href":"https:\/\/www.esta-officiel-usa.com\/es\/wp-json\/wp\/v2\/media?parent=2153"}],"curies":[{"name":"wp","href":"https:\/\/api.w.org\/{rel}","templated":true}]}}