{"id":862,"date":"2025-09-13T11:56:53","date_gmt":"2025-09-13T11:56:53","guid":{"rendered":"https:\/\/www.esta-officiel-usa.com\/lo-que-debes-saber-sobre-el-visado-j\/"},"modified":"2025-09-13T11:57:17","modified_gmt":"2025-09-13T11:57:17","slug":"lo-que-debes-saber-sobre-el-visado-j","status":"publish","type":"page","link":"https:\/\/www.esta-officiel-usa.com\/es\/lo-que-debes-saber-sobre-el-visado-j\/","title":{"rendered":"Lo que debes saber sobre el visado J"},"content":{"rendered":"\n<h1 class=\"wp-block-heading\">El visado J1 para un intercambio a Estados Unidos<\/h1>\n\n<p>Expedido por las autoridades estadounidenses para un determinado tipo de viajeros, el visado J1 es un permiso de residencia temporal en Estados Unidos. \u00bfPara qui\u00e9n es? \u00bfC\u00f3mo se solicita el visado? \u00bfCu\u00e1nto cuesta? \u00c9stas son s\u00f3lo algunas de las preguntas que nos gustar\u00eda explorar en otro art\u00edculo. Nuestros expertos en tr\u00e1mites administrativos te dan toda la informaci\u00f3n que necesitas para saber si el J1 es adecuado para ti. Si es as\u00ed, todo lo que tienes que hacer es seguir nuestras instrucciones, para que puedas irte al T\u00edo Sam con total tranquilidad, y disfrutar de tu expatriaci\u00f3n. Si no es as\u00ed, deber\u00e1s buscar otro documento, como el <a href=\"https:\/\/www.esta-officiel-usa.com\/es\/\">ESTA<\/a>.       <\/p>\n\n<h2 class=\"wp-block-heading\">\u00bfQui\u00e9n necesita un visado J1 para viajar a EE.UU.?<\/h2>\n\n<p>No es nada f\u00e1cil orientarse entre la multitud de visados estadounidenses. M\u00e1s concretamente, hablamos de visados de no inmigrante, es decir, los que se expiden a personas que s\u00f3lo visitan el pa\u00eds durante un periodo de tiempo limitado y relativamente corto. En principio, cada motivo de estancia corresponde a un visado concreto, pero las cosas no son tan sencillas. En la pr\u00e1ctica, un visado puede servir para varios fines, y el mismo fin puede ser servido por varios visados. Es f\u00e1cil dudar entre dos documentos. Por eso es vital que averig\u00fces todo lo que puedas de antemano.     <\/p>\n\n<p>La finalidad del visado <a href=\"https:\/\/www.esta-officiel-usa.com\/fr\/connaissez-vous-les-differences-entre-les-visas-j1-et-f1\/\">J1<\/a> es desarrollar los intercambios culturales y educativos entre Estados Unidos y terceros pa\u00edses. Para lograrlo, el gobierno designa organizaciones que tienen derecho a acoger a ciudadanos extranjeros en el marco de diversos programas. Un ejemplo t\u00edpico es una empresa acreditada que acoge a un becario. Dicho esto, el abanico de posibilidades es mucho m\u00e1s amplio, incluyendo :   <\/p>\n\n<ul class=\"wp-block-list\"><li>trabajo de au pair en una familia de acogida ;<\/li><li>estudiar en el colegio y en el liceo en Francia ;<\/li><li>impartir cursos en la escuela (antes de la universidad) ;<\/li><li>un trabajo de verano.<\/li><\/ul>\n\n<p>Como puedes ver, el visado J1 no se limita a un \u00fanico perfil de viajero \n, ni a una \u00fanica duraci\u00f3n o situaci\u00f3n de estancia. La \u00fanica caracter\u00edstica com\u00fan de \nes que es para trabajar o estudiar. <\/p>\n\n<p>Para obtener este pase, tienes que encontrar un patrocinador, que \npuede ser p\u00fablico (una escuela, por ejemplo) o privado (una empresa). El \npatrocinador decidir\u00e1 si acepta o no tu solicitud, en funci\u00f3n de las \ndiversas condiciones que debes cumplir una vez hayas presentado tu solicitud. <\/p>\n\n<p>\u00bfBuscas un permiso de residencia para hacer turismo, cursar un semestre de estudios superiores o crear tu propia empresa al otro lado del Atl\u00e1ntico? Olv\u00eddate de la autorizaci\u00f3n J1, \u00a1no es para ti (inf\u00f3rmate sobre las <a href=\"https:\/\/www.esta-officiel-usa.com\/fr\/difference-entre-esta-et-demande-de-visa-usa\/\">diferencias entre ESTA y visado<\/a>, por ejemplo)! Por otra parte, si \u00e9ste es el certificado que necesitas, consulta m\u00e1s abajo el procedimiento de solicitud, que lleva tiempo y dinero.  <br\/>  <\/p>\n\n<h2 class=\"wp-block-heading\">Rellena tu solicitud de autorizaci\u00f3n J1<\/h2>\n\n<p>Para obtener este documento de viaje y hacer realidad tu sue\u00f1o de descubrir Estados Unidos mientras participas en un programa cultural y profesionalmente enriquecedor, sigue la gu\u00eda. Por supuesto, te aconsejamos que lo planifiques con bastante antelaci\u00f3n a la fecha de salida prevista, ya que<a href=\"https:\/\/www.esta-officiel-usa.com\/fr\/la-liste-des-visas-pour-les-usa\/\"> cualquier tr\u00e1mite de visado<\/a> lleva su tiempo. <\/p>\n\n<h3 class=\"wp-block-heading\">Paso 1: Comprueba si cumples los requisitos<\/h3>\n\n<p>Antes de iniciar el proceso de solicitud, es mejor que \nte asegures de que el permiso J1 y el programa de intercambio se aplican a tu caso \n. Adem\u00e1s del simple motivo de tu estancia, debes saber que \ndeben cumplirse ciertas condiciones: tu situaci\u00f3n econ\u00f3mica \ntambi\u00e9n pesa en la balanza, ya que adem\u00e1s de los costes del procedimiento, \ndebes contratar un seguro que te proporcione una cobertura m\u00ednima que no siempre se da \n; esto lo comprobar\u00e1 el patrocinador. Adem\u00e1s, tu nivel de ingl\u00e9s \npuede influir en tu elegibilidad: el acceso a un programa \n, y por tanto a Estados Unidos, se deniega si tus conocimientos ling\u00fc\u00edsticos \nson demasiado escasos.  <\/p>\n\n<h3 class=\"wp-block-heading\">2\u00aa etapa: el programa y el patrocinador<\/h3>\n\n<p>\u00c9sta es, sin duda, la etapa m\u00e1s decisiva para obtener un visado J1: encontrar y hacer validar tu solicitud por un patrocinador estadounidense, una vez que hayas definido tu programa de intercambio ideal. Visita el sitio web del gobierno estadounidense para consultar la lista de organizaciones acreditadas. Una vez presentada tu solicitud, corresponde al patrocinador estudiar tu perfil y decidir si te acepta o no. Para ello, tendr\u00e1s que pagar las tasas que cobre la organizaci\u00f3n. No dudes en comparar tarifas antes de comprometerte.    <\/p>\n\n<h3 class=\"wp-block-heading\">Paso 3: La solicitud y las tasas<\/h3>\n\n<p>\u00bfTu padrino ha aceptado acogerte y acompa\u00f1arte durante todo el viaje? Son excelentes noticias, pero no hagas las maletas todav\u00eda: \u00a1no tienes la autorizaci\u00f3n J1 en el bolsillo! Tu persona de contacto te entregar\u00e1 un formulario para rellenar, el DS-2019. Despu\u00e9s tendr\u00e1s que pagar una nueva tasa, esta vez por participar en el programa.   <\/p>\n\n<p>Siguiente paso: visita el sitio web del Departamento de Estado de EEUU. En\n, tendr\u00e1s que rellenar el formulario DS-160, que se aplica a todas las solicitudes de visado \n: J1, L1, E1, etc. Tambi\u00e9n en este caso, deber\u00e1s pagar a \nuna tasa de solicitud de 160 $.  <\/p>\n\n<h3 class=\"wp-block-heading\">Paso 4: Cita en la embajada<\/h3>\n\n<p>\u00a1Tu visado J1 est\u00e1 a tu alcance! S\u00f3lo te queda completar el proceso por todo lo alto: reunirte con un representante estadounidense en la embajada de tu pa\u00eds. Si est\u00e1s leyendo este art\u00edculo, lo m\u00e1s probable es que seas franc\u00e9s. Ponte en contacto con la embajada para concertar una cita en Par\u00eds. A la reuni\u00f3n, lleva tu formulario DS-2019 original, una copia de la p\u00e1gina de confirmaci\u00f3n DS-160 (que debes rellenar y enviar por Internet), tu pasaporte, una foto y los recibos de pago.    <\/p>\n\n<p>\u00bfEl objetivo de la entrevista? Comprobar que tu solicitud est\u00e1 en orden y que tu proyecto cumple los criterios para viajar a Estados Unidos con un visado J1. Al final, te dar\u00e1n la tan esperada respuesta: s\u00ed o no. Si tu solicitud es aceptada, \u00a1empieza a hacer las maletas y comun\u00edcaselo a tu patrocinador!   <\/p>\n\n<p>Si te deniegan el visado, lamentablemente no podr\u00e1s viajar dentro de las fronteras norteamericanas.<\/p>\n","protected":false},"excerpt":{"rendered":"<p>El visado J1 para un intercambio a Estados Unidos Expedido por las autoridades estadounidenses para un determinado tipo de viajeros, el visado J1 es un permiso de residencia temporal en Estados Unidos. \u00bfPara qui\u00e9n es? \u00bfC\u00f3mo se solicita el visado? \u00bfCu\u00e1nto cuesta? \u00c9stas son s\u00f3lo algunas de las preguntas que nos gustar\u00eda explorar en otro [&hellip;]<\/p>\n","protected":false},"author":1,"featured_media":0,"parent":0,"menu_order":0,"comment_status":"closed","ping_status":"closed","template":"","meta":{"footnotes":""},"class_list":["post-862","page","type-page","status-publish","hentry"],"yoast_head":"<!-- This site is optimized with the Yoast SEO plugin v26.2 - https:\/\/yoast.com\/wordpress\/plugins\/seo\/ -->\n<title>Lo que debes saber sobre el visado J<\/title>\n<meta name=\"description\" content=\"Dependiendo de tus planes de viajar a Estados Unidos, puede que necesites solicitar un visado J1. Veamos los casos a los que afecta este procedimiento de visado espec\u00edfico.\" \/>\n<meta name=\"robots\" content=\"index, follow, max-snippet:-1, max-image-preview:large, max-video-preview:-1\" \/>\n<link rel=\"canonical\" href=\"https:\/\/www.esta-officiel-usa.com\/es\/lo-que-debes-saber-sobre-el-visado-j\/\" \/>\n<meta property=\"og:locale\" content=\"es_ES\" \/>\n<meta property=\"og:type\" content=\"article\" \/>\n<meta property=\"og:title\" content=\"Lo que debes saber sobre el visado J\" \/>\n<meta property=\"og:description\" content=\"Dependiendo de tus planes de viajar a Estados Unidos, puede que necesites solicitar un visado J1. Veamos los casos a los que afecta este procedimiento de visado espec\u00edfico.\" \/>\n<meta property=\"og:url\" content=\"https:\/\/www.esta-officiel-usa.com\/es\/lo-que-debes-saber-sobre-el-visado-j\/\" \/>\n<meta property=\"og:site_name\" content=\"ESTA - Estados Unidos\" \/>\n<meta property=\"article:modified_time\" content=\"2025-09-13T11:57:17+00:00\" \/>\n<meta name=\"twitter:card\" content=\"summary_large_image\" \/>\n<meta name=\"twitter:label1\" content=\"Tiempo de lectura\" \/>\n\t<meta name=\"twitter:data1\" content=\"5 minutos\" \/>\n<script type=\"application\/ld+json\" class=\"yoast-schema-graph\">{\"@context\":\"https:\/\/schema.org\",\"@graph\":[{\"@type\":\"WebPage\",\"@id\":\"https:\/\/www.esta-officiel-usa.com\/es\/lo-que-debes-saber-sobre-el-visado-j\/\",\"url\":\"https:\/\/www.esta-officiel-usa.com\/es\/lo-que-debes-saber-sobre-el-visado-j\/\",\"name\":\"Lo que debes saber sobre el visado J\",\"isPartOf\":{\"@id\":\"https:\/\/www.esta-officiel-usa.com\/es\/#website\"},\"datePublished\":\"2025-09-13T11:56:53+00:00\",\"dateModified\":\"2025-09-13T11:57:17+00:00\",\"description\":\"Dependiendo de tus planes de viajar a Estados Unidos, puede que necesites solicitar un visado J1. Veamos los casos a los que afecta este procedimiento de visado espec\u00edfico.\",\"breadcrumb\":{\"@id\":\"https:\/\/www.esta-officiel-usa.com\/es\/lo-que-debes-saber-sobre-el-visado-j\/#breadcrumb\"},\"inLanguage\":\"es\",\"potentialAction\":[{\"@type\":\"ReadAction\",\"target\":[\"https:\/\/www.esta-officiel-usa.com\/es\/lo-que-debes-saber-sobre-el-visado-j\/\"]}]},{\"@type\":\"BreadcrumbList\",\"@id\":\"https:\/\/www.esta-officiel-usa.com\/es\/lo-que-debes-saber-sobre-el-visado-j\/#breadcrumb\",\"itemListElement\":[{\"@type\":\"ListItem\",\"position\":1,\"name\":\"Inicio\",\"item\":\"https:\/\/www.esta-officiel-usa.com\/es\/\"},{\"@type\":\"ListItem\",\"position\":2,\"name\":\"Lo que debes saber sobre el visado J\"}]},{\"@type\":\"WebSite\",\"@id\":\"https:\/\/www.esta-officiel-usa.com\/es\/#website\",\"url\":\"https:\/\/www.esta-officiel-usa.com\/es\/\",\"name\":\"ESTA - Estados Unidos\",\"description\":\"Formulario de solicitud ESTA\",\"potentialAction\":[{\"@type\":\"SearchAction\",\"target\":{\"@type\":\"EntryPoint\",\"urlTemplate\":\"https:\/\/www.esta-officiel-usa.com\/es\/?s={search_term_string}\"},\"query-input\":{\"@type\":\"PropertyValueSpecification\",\"valueRequired\":true,\"valueName\":\"search_term_string\"}}],\"inLanguage\":\"es\"}]}<\/script>\n<!-- \/ Yoast SEO plugin. -->","yoast_head_json":{"title":"Lo que debes saber sobre el visado J","description":"Dependiendo de tus planes de viajar a Estados Unidos, puede que necesites solicitar un visado J1. Veamos los casos a los que afecta este procedimiento de visado espec\u00edfico.","robots":{"index":"index","follow":"follow","max-snippet":"max-snippet:-1","max-image-preview":"max-image-preview:large","max-video-preview":"max-video-preview:-1"},"canonical":"https:\/\/www.esta-officiel-usa.com\/es\/lo-que-debes-saber-sobre-el-visado-j\/","og_locale":"es_ES","og_type":"article","og_title":"Lo que debes saber sobre el visado J","og_description":"Dependiendo de tus planes de viajar a Estados Unidos, puede que necesites solicitar un visado J1. Veamos los casos a los que afecta este procedimiento de visado espec\u00edfico.","og_url":"https:\/\/www.esta-officiel-usa.com\/es\/lo-que-debes-saber-sobre-el-visado-j\/","og_site_name":"ESTA - Estados Unidos","article_modified_time":"2025-09-13T11:57:17+00:00","twitter_card":"summary_large_image","twitter_misc":{"Tiempo de lectura":"5 minutos"},"schema":{"@context":"https:\/\/schema.org","@graph":[{"@type":"WebPage","@id":"https:\/\/www.esta-officiel-usa.com\/es\/lo-que-debes-saber-sobre-el-visado-j\/","url":"https:\/\/www.esta-officiel-usa.com\/es\/lo-que-debes-saber-sobre-el-visado-j\/","name":"Lo que debes saber sobre el visado J","isPartOf":{"@id":"https:\/\/www.esta-officiel-usa.com\/es\/#website"},"datePublished":"2025-09-13T11:56:53+00:00","dateModified":"2025-09-13T11:57:17+00:00","description":"Dependiendo de tus planes de viajar a Estados Unidos, puede que necesites solicitar un visado J1. Veamos los casos a los que afecta este procedimiento de visado espec\u00edfico.","breadcrumb":{"@id":"https:\/\/www.esta-officiel-usa.com\/es\/lo-que-debes-saber-sobre-el-visado-j\/#breadcrumb"},"inLanguage":"es","potentialAction":[{"@type":"ReadAction","target":["https:\/\/www.esta-officiel-usa.com\/es\/lo-que-debes-saber-sobre-el-visado-j\/"]}]},{"@type":"BreadcrumbList","@id":"https:\/\/www.esta-officiel-usa.com\/es\/lo-que-debes-saber-sobre-el-visado-j\/#breadcrumb","itemListElement":[{"@type":"ListItem","position":1,"name":"Inicio","item":"https:\/\/www.esta-officiel-usa.com\/es\/"},{"@type":"ListItem","position":2,"name":"Lo que debes saber sobre el visado J"}]},{"@type":"WebSite","@id":"https:\/\/www.esta-officiel-usa.com\/es\/#website","url":"https:\/\/www.esta-officiel-usa.com\/es\/","name":"ESTA - Estados Unidos","description":"Formulario de solicitud ESTA","potentialAction":[{"@type":"SearchAction","target":{"@type":"EntryPoint","urlTemplate":"https:\/\/www.esta-officiel-usa.com\/es\/?s={search_term_string}"},"query-input":{"@type":"PropertyValueSpecification","valueRequired":true,"valueName":"search_term_string"}}],"inLanguage":"es"}]}},"_links":{"self":[{"href":"https:\/\/www.esta-officiel-usa.com\/es\/wp-json\/wp\/v2\/pages\/862","targetHints":{"allow":["GET"]}}],"collection":[{"href":"https:\/\/www.esta-officiel-usa.com\/es\/wp-json\/wp\/v2\/pages"}],"about":[{"href":"https:\/\/www.esta-officiel-usa.com\/es\/wp-json\/wp\/v2\/types\/page"}],"author":[{"embeddable":true,"href":"https:\/\/www.esta-officiel-usa.com\/es\/wp-json\/wp\/v2\/users\/1"}],"replies":[{"embeddable":true,"href":"https:\/\/www.esta-officiel-usa.com\/es\/wp-json\/wp\/v2\/comments?post=862"}],"version-history":[{"count":3,"href":"https:\/\/www.esta-officiel-usa.com\/es\/wp-json\/wp\/v2\/pages\/862\/revisions"}],"predecessor-version":[{"id":901,"href":"https:\/\/www.esta-officiel-usa.com\/es\/wp-json\/wp\/v2\/pages\/862\/revisions\/901"}],"wp:attachment":[{"href":"https:\/\/www.esta-officiel-usa.com\/es\/wp-json\/wp\/v2\/media?parent=862"}],"curies":[{"name":"wp","href":"https:\/\/api.w.org\/{rel}","templated":true}]}}