{"id":870,"date":"2025-09-13T11:56:56","date_gmt":"2025-09-13T11:56:56","guid":{"rendered":"https:\/\/www.esta-officiel-usa.com\/el-visado-h1b-para-trabajar-en-ee-uu\/"},"modified":"2025-09-13T11:57:03","modified_gmt":"2025-09-13T11:57:03","slug":"el-visado-h1b-para-trabajar-en-ee-uu","status":"publish","type":"page","link":"https:\/\/www.esta-officiel-usa.com\/es\/el-visado-h1b-para-trabajar-en-ee-uu\/","title":{"rendered":"El visado H1B para trabajar en EE.UU."},"content":{"rendered":"\n<h1 class=\"wp-block-heading\">\u00bfC\u00f3mo puedo encontrar trabajo en EE.UU. con un visado H1B?<\/h1>\n\n<p>\u00bfTe gustar\u00eda vivir el sue\u00f1o americano trabajando en Estados Unidos? Es un sue\u00f1o que puede hacerse realidad en muy poco tiempo, pero para ello necesitas recibir la aprobaci\u00f3n del gobierno estadounidense para instalarte y trabajar legalmente en EEUU. Para trabajar en EEUU, el<a href=\"https:\/\/www.esta-officiel-usa.com\/es\/\">ESTA<\/a> no sirve de nada; debes solicitar un visado H1B. No se te permite trabajar sin este visado. En este art\u00edculo, nuestro equipo de expertos te explica todo lo que necesitas saber sobre el tema.    <\/p>\n\n<h2 class=\"wp-block-heading\">\u00bfQui\u00e9n puede solicitar un visado H1B?<\/h2>\n\n<p>Toda persona que desee salir del espacio Schengen, ya sea \npara buscar trabajo o con fines tur\u00edsticos, debe \ntener un permiso de entrada para el pa\u00eds en cuesti\u00f3n.<\/p>\n\n<p>EE.UU. tiene varios tipos de visado de inmigrante o \nde no inmigrante para estancias largas y una autorizaci\u00f3n ESTA \npara estancias temporales.  <\/p>\n\n<p>Antes de saber c\u00f3mo solicitar un visado H1B, es importante que \nentienda para qu\u00e9 sirve y qui\u00e9n necesita un visado H1B. El visado H1B \npermite a las empresas con sede en Estados Unidos \nofrecer puestos de trabajo (no pr\u00e1cticas) a personas de un \npa\u00eds extranjero que tengan todas las aptitudes necesarias para realizar \nel trabajo. Ten en cuenta que el n\u00famero de visados H1B expedidos es limitado: \nenumera 65.000 visados H1B expedidos cada a\u00f1o.<\/p>\n\n<p>El visado H1B s\u00f3lo puede obtenerse si el solicitante de empleo tiene cualificaciones especiales \n. Investigadores cient\u00edficos, \nabogados, ingenieros, contables, expertos en TI y \nprofesores son empleos especialmente demandados en \nUSA. Estos son los principales criterios para recibir un visado H1B\n:<\/p>\n\n<ul class=\"wp-block-list\"><li>Debes haber encontrado un trabajo en Estados Unidos antes de solicitar el visado;<\/li><li>debes tener una licenciatura estadounidense o un t\u00edtulo del mismo valor o superior;<\/li><li>tambi\u00e9n debe ser titular de una licencia que certifique su capacidad para desempe\u00f1ar el trabajo en cuesti\u00f3n.<\/li><\/ul>\n\n<p>El certificado del visado H1B tiene una validez de tres a\u00f1os. En \npuedes renovarlo una vez. Con este visado, \ntienes m\u00e1s posibilidades de obtener la tarjeta verde, que \nte permitir\u00e1 convertirte en residente estadounidense.<\/p>\n\n<p>Bueno saber: \u00bfte gustar\u00eda participar en la aventura Start-Up,\n y hacerlo en EEUU? Para ello, solicita un visado Start-Up estadounidense. <\/p>\n\n<h2 class=\"wp-block-heading\">Certificado de visado H1B<\/h2>\n\n<p>Obtener dicho visado no siempre es f\u00e1cil, y las tasas para\n obtenerlo son bastante elevadas. El coste total de una solicitud de visado H1B es \n.<\/p>\n\n<h3 class=\"wp-block-heading\">Tasas obligatorias<\/h3>\n\n<ul class=\"wp-block-list\"><li>tasa de solicitud: 190 d\u00f3lares estadounidenses ;<\/li><li>la empresa debe pagar la solicitud de dep\u00f3sito al servicio de inmigraci\u00f3n: 500 d\u00f3lares estadounidenses.<\/li><\/ul>\n\n<h3 class=\"wp-block-heading\">Gastos opcionales<\/h3>\n\n<ul class=\"wp-block-list\"><li>la asistencia de un abogado especializado para presentar la solicitud: 3.000 USD;<\/li><li>la solicitud acelerada, que te permite recibir una respuesta \nen 2 semanas en lugar de varios meses: 1.000 USD \n.<\/li><\/ul>\n\n<p>Para recibir el certificado del visado H1B, es necesario que el empresario y el futuro empleado trabajen codo con codo. La obtenci\u00f3n de un visado H1B consta de varias etapas:<\/p>\n\n<ul class=\"wp-block-list\"><li>En primer lugar, debe obtener una Solicitud de Condici\u00f3n Laboral del Departamento de Trabajo;<\/li><li>en segundo lugar, el empresario cumplimenta el formulario l-129 del servicio de inmigraci\u00f3n estadounidense;<\/li><li>entonces debe proporcionar copias de los t\u00edtulos universitarios del \nfuturo empleado, as\u00ed como una copia de la oferta de trabajo y cualquier otra cosa que \npueda demostrar que el empleado tiene habilidades particulares y que \u00e9l \nes el candidato ideal;<\/li><li>A continuaci\u00f3n, si todo va bien, el empleado debe cumplimentar cuidadosamente el formulario l-797 \u00abNotificaci\u00f3n de aprobaci\u00f3n\u00bb ;<\/li><li>Por \u00faltimo, debe concertarse una entrevista con las autoridades estadounidenses en la embajada o consulado de ese pa\u00eds;<\/li><li>Tras esta entrevista, el visado se obtiene unos d\u00edas despu\u00e9s, directamente en el domicilio del interesado.<\/li><\/ul>\n\n<p>Con tu permiso de trabajo en la mano, ya puedes trabajar en Estados Unidos y descubrir ciudades legendarias como <a href=\"https:\/\/www.esta-officiel-usa.com\/fr\/decouvrir-la-ville-de-new-york-city\/\">Nueva York<\/a> y <a href=\"https:\/\/www.esta-officiel-usa.com\/fr\/voyager-aux-usa-et-decouvrir-las-vegas\/\">Las Vegas<\/a>, \u00a1al tiempo que adquieres experiencia profesional al otro lado del Atl\u00e1ntico!<\/p>\n","protected":false},"excerpt":{"rendered":"<p>\u00bfC\u00f3mo puedo encontrar trabajo en EE.UU. con un visado H1B? \u00bfTe gustar\u00eda vivir el sue\u00f1o americano trabajando en Estados Unidos? Es un sue\u00f1o que puede hacerse realidad en muy poco tiempo, pero para ello necesitas recibir la aprobaci\u00f3n del gobierno estadounidense para instalarte y trabajar legalmente en EEUU. Para trabajar en EEUU, elESTA no sirve [&hellip;]<\/p>\n","protected":false},"author":1,"featured_media":0,"parent":0,"menu_order":0,"comment_status":"closed","ping_status":"closed","template":"","meta":{"footnotes":""},"class_list":["post-870","page","type-page","status-publish","hentry"],"yoast_head":"<!-- This site is optimized with the Yoast SEO plugin v26.2 - https:\/\/yoast.com\/wordpress\/plugins\/seo\/ -->\n<title>El visado H1B para trabajar en EE.UU.<\/title>\n<meta name=\"description\" content=\"Para trabajar en Estados Unidos, tienes que solicitar un visado H1B. Nuestro equipo de expertos puede informarte de todo lo que necesitas saber al respecto, para que puedas empezar a trabajar en Estados Unidos.\" \/>\n<meta name=\"robots\" content=\"index, follow, max-snippet:-1, max-image-preview:large, max-video-preview:-1\" \/>\n<link rel=\"canonical\" href=\"https:\/\/www.esta-officiel-usa.com\/es\/el-visado-h1b-para-trabajar-en-ee-uu\/\" \/>\n<meta property=\"og:locale\" content=\"es_ES\" \/>\n<meta property=\"og:type\" content=\"article\" \/>\n<meta property=\"og:title\" content=\"El visado H1B para trabajar en EE.UU.\" \/>\n<meta property=\"og:description\" content=\"Para trabajar en Estados Unidos, tienes que solicitar un visado H1B. Nuestro equipo de expertos puede informarte de todo lo que necesitas saber al respecto, para que puedas empezar a trabajar en Estados Unidos.\" \/>\n<meta property=\"og:url\" content=\"https:\/\/www.esta-officiel-usa.com\/es\/el-visado-h1b-para-trabajar-en-ee-uu\/\" \/>\n<meta property=\"og:site_name\" content=\"ESTA - Estados Unidos\" \/>\n<meta property=\"article:modified_time\" content=\"2025-09-13T11:57:03+00:00\" \/>\n<meta name=\"twitter:card\" content=\"summary_large_image\" \/>\n<meta name=\"twitter:label1\" content=\"Tiempo de lectura\" \/>\n\t<meta name=\"twitter:data1\" content=\"3 minutos\" \/>\n<script type=\"application\/ld+json\" class=\"yoast-schema-graph\">{\"@context\":\"https:\/\/schema.org\",\"@graph\":[{\"@type\":\"WebPage\",\"@id\":\"https:\/\/www.esta-officiel-usa.com\/es\/el-visado-h1b-para-trabajar-en-ee-uu\/\",\"url\":\"https:\/\/www.esta-officiel-usa.com\/es\/el-visado-h1b-para-trabajar-en-ee-uu\/\",\"name\":\"El visado H1B para trabajar en EE.UU.\",\"isPartOf\":{\"@id\":\"https:\/\/www.esta-officiel-usa.com\/es\/#website\"},\"datePublished\":\"2025-09-13T11:56:56+00:00\",\"dateModified\":\"2025-09-13T11:57:03+00:00\",\"description\":\"Para trabajar en Estados Unidos, tienes que solicitar un visado H1B. Nuestro equipo de expertos puede informarte de todo lo que necesitas saber al respecto, para que puedas empezar a trabajar en Estados Unidos.\",\"breadcrumb\":{\"@id\":\"https:\/\/www.esta-officiel-usa.com\/es\/el-visado-h1b-para-trabajar-en-ee-uu\/#breadcrumb\"},\"inLanguage\":\"es\",\"potentialAction\":[{\"@type\":\"ReadAction\",\"target\":[\"https:\/\/www.esta-officiel-usa.com\/es\/el-visado-h1b-para-trabajar-en-ee-uu\/\"]}]},{\"@type\":\"BreadcrumbList\",\"@id\":\"https:\/\/www.esta-officiel-usa.com\/es\/el-visado-h1b-para-trabajar-en-ee-uu\/#breadcrumb\",\"itemListElement\":[{\"@type\":\"ListItem\",\"position\":1,\"name\":\"Inicio\",\"item\":\"https:\/\/www.esta-officiel-usa.com\/es\/\"},{\"@type\":\"ListItem\",\"position\":2,\"name\":\"El visado H1B para trabajar en EE.UU.\"}]},{\"@type\":\"WebSite\",\"@id\":\"https:\/\/www.esta-officiel-usa.com\/es\/#website\",\"url\":\"https:\/\/www.esta-officiel-usa.com\/es\/\",\"name\":\"ESTA - Estados Unidos\",\"description\":\"Formulario de solicitud ESTA\",\"potentialAction\":[{\"@type\":\"SearchAction\",\"target\":{\"@type\":\"EntryPoint\",\"urlTemplate\":\"https:\/\/www.esta-officiel-usa.com\/es\/?s={search_term_string}\"},\"query-input\":{\"@type\":\"PropertyValueSpecification\",\"valueRequired\":true,\"valueName\":\"search_term_string\"}}],\"inLanguage\":\"es\"}]}<\/script>\n<!-- \/ Yoast SEO plugin. -->","yoast_head_json":{"title":"El visado H1B para trabajar en EE.UU.","description":"Para trabajar en Estados Unidos, tienes que solicitar un visado H1B. Nuestro equipo de expertos puede informarte de todo lo que necesitas saber al respecto, para que puedas empezar a trabajar en Estados Unidos.","robots":{"index":"index","follow":"follow","max-snippet":"max-snippet:-1","max-image-preview":"max-image-preview:large","max-video-preview":"max-video-preview:-1"},"canonical":"https:\/\/www.esta-officiel-usa.com\/es\/el-visado-h1b-para-trabajar-en-ee-uu\/","og_locale":"es_ES","og_type":"article","og_title":"El visado H1B para trabajar en EE.UU.","og_description":"Para trabajar en Estados Unidos, tienes que solicitar un visado H1B. Nuestro equipo de expertos puede informarte de todo lo que necesitas saber al respecto, para que puedas empezar a trabajar en Estados Unidos.","og_url":"https:\/\/www.esta-officiel-usa.com\/es\/el-visado-h1b-para-trabajar-en-ee-uu\/","og_site_name":"ESTA - Estados Unidos","article_modified_time":"2025-09-13T11:57:03+00:00","twitter_card":"summary_large_image","twitter_misc":{"Tiempo de lectura":"3 minutos"},"schema":{"@context":"https:\/\/schema.org","@graph":[{"@type":"WebPage","@id":"https:\/\/www.esta-officiel-usa.com\/es\/el-visado-h1b-para-trabajar-en-ee-uu\/","url":"https:\/\/www.esta-officiel-usa.com\/es\/el-visado-h1b-para-trabajar-en-ee-uu\/","name":"El visado H1B para trabajar en EE.UU.","isPartOf":{"@id":"https:\/\/www.esta-officiel-usa.com\/es\/#website"},"datePublished":"2025-09-13T11:56:56+00:00","dateModified":"2025-09-13T11:57:03+00:00","description":"Para trabajar en Estados Unidos, tienes que solicitar un visado H1B. Nuestro equipo de expertos puede informarte de todo lo que necesitas saber al respecto, para que puedas empezar a trabajar en Estados Unidos.","breadcrumb":{"@id":"https:\/\/www.esta-officiel-usa.com\/es\/el-visado-h1b-para-trabajar-en-ee-uu\/#breadcrumb"},"inLanguage":"es","potentialAction":[{"@type":"ReadAction","target":["https:\/\/www.esta-officiel-usa.com\/es\/el-visado-h1b-para-trabajar-en-ee-uu\/"]}]},{"@type":"BreadcrumbList","@id":"https:\/\/www.esta-officiel-usa.com\/es\/el-visado-h1b-para-trabajar-en-ee-uu\/#breadcrumb","itemListElement":[{"@type":"ListItem","position":1,"name":"Inicio","item":"https:\/\/www.esta-officiel-usa.com\/es\/"},{"@type":"ListItem","position":2,"name":"El visado H1B para trabajar en EE.UU."}]},{"@type":"WebSite","@id":"https:\/\/www.esta-officiel-usa.com\/es\/#website","url":"https:\/\/www.esta-officiel-usa.com\/es\/","name":"ESTA - Estados Unidos","description":"Formulario de solicitud ESTA","potentialAction":[{"@type":"SearchAction","target":{"@type":"EntryPoint","urlTemplate":"https:\/\/www.esta-officiel-usa.com\/es\/?s={search_term_string}"},"query-input":{"@type":"PropertyValueSpecification","valueRequired":true,"valueName":"search_term_string"}}],"inLanguage":"es"}]}},"_links":{"self":[{"href":"https:\/\/www.esta-officiel-usa.com\/es\/wp-json\/wp\/v2\/pages\/870","targetHints":{"allow":["GET"]}}],"collection":[{"href":"https:\/\/www.esta-officiel-usa.com\/es\/wp-json\/wp\/v2\/pages"}],"about":[{"href":"https:\/\/www.esta-officiel-usa.com\/es\/wp-json\/wp\/v2\/types\/page"}],"author":[{"embeddable":true,"href":"https:\/\/www.esta-officiel-usa.com\/es\/wp-json\/wp\/v2\/users\/1"}],"replies":[{"embeddable":true,"href":"https:\/\/www.esta-officiel-usa.com\/es\/wp-json\/wp\/v2\/comments?post=870"}],"version-history":[{"count":3,"href":"https:\/\/www.esta-officiel-usa.com\/es\/wp-json\/wp\/v2\/pages\/870\/revisions"}],"predecessor-version":[{"id":875,"href":"https:\/\/www.esta-officiel-usa.com\/es\/wp-json\/wp\/v2\/pages\/870\/revisions\/875"}],"wp:attachment":[{"href":"https:\/\/www.esta-officiel-usa.com\/es\/wp-json\/wp\/v2\/media?parent=870"}],"curies":[{"name":"wp","href":"https:\/\/api.w.org\/{rel}","templated":true}]}}