{"id":886,"date":"2025-09-13T11:57:10","date_gmt":"2025-09-13T11:57:10","guid":{"rendered":"https:\/\/www.esta-officiel-usa.com\/cuales-son-los-pasos-necesarios-para-obtener-un-visado-de-trabajo-para-ee-uu\/"},"modified":"2025-09-13T11:57:11","modified_gmt":"2025-09-13T11:57:11","slug":"cuales-son-los-pasos-necesarios-para-obtener-un-visado-de-trabajo-para-ee-uu","status":"publish","type":"page","link":"https:\/\/www.esta-officiel-usa.com\/es\/cuales-son-los-pasos-necesarios-para-obtener-un-visado-de-trabajo-para-ee-uu\/","title":{"rendered":"\u00bfCu\u00e1les son los pasos necesarios para obtener un visado de trabajo para EE.UU.?"},"content":{"rendered":"\n<h1 class=\"wp-block-heading\">Visado de trabajo para EEUU: \u00bfc\u00f3mo lo consigo?<\/h1>\n\n<p>Estados Unidos es inflexible en materia de inmigraci\u00f3n. Existe un visado espec\u00edfico para cada caso. Por eso, obtener un visado de trabajo para Estados Unidos es un paso esencial para quien desee trabajar en este pa\u00eds. Cada categor\u00eda de ocupaci\u00f3n tiene su propio visado, que lleva un c\u00f3digo alfanum\u00e9rico distinto.   <\/p>\n\n<p>Si deseas <a href=\"https:\/\/www.esta-officiel-usa.com\/fr\/partir-en-voyage-aux-etats-unis\/\">vivir o trabajar en EE.UU.<\/a>, tendr\u00e1s que solicitar un visado.<\/p>\n\n<p>Descubre en este art\u00edculo qu\u00e9 visado necesitas obtener para \ntrabajar en EE.UU. y ser contratado por una empresa estadounidense \n.<br\/> <\/p>\n\n<h2 class=\"wp-block-heading\">Visados de trabajo para EE.UU.: las distintas categor\u00edas<\/h2>\n\n<p>Como ya se ha dicho, existen varias categor\u00edas de <a href=\"https:\/\/www.esta-officiel-usa.com\/es\/el-visado-h1b-para-trabajar-en-ee-uu\/\">visado de trabajo para EE.UU.<\/a>, en funci\u00f3n de la situaci\u00f3n profesional del solicitante, sus cualificaciones particulares, su experiencia profesional o su campo de actividad.<\/p>\n\n<p>La duraci\u00f3n de la validez y si puedes o no renovar tu visado de trabajo para EE.UU.\n depende del tipo de visado que necesites.<\/p>\n\n<h3 class=\"wp-block-heading\">Tabla resumen de los diferentes permisos de trabajo para EE.UU.  <\/h3>\n\n<figure class=\"wp-block-table\"><table class=\"\"><tbody><tr><td>Visado H1B  <\/td><td>\n  visado para trabajos especializados que requieran un t\u00edtulo de ense\u00f1anza superior\n\t\t\t<\/td><\/tr><tr><td>Visado H1B1  <\/td><td>\n  visados para investigadores que deseen trabajar en EE.UU. con car\u00e1cter temporal o en r\u00e9gimen de colaboraci\u00f3n\n\t\t\t<\/td><\/tr><tr><td>Visado H2A  <\/td><td>\n  visado para trabajadores agr\u00edcolas temporales o estacionales\n\t\t\t<\/td><\/tr><tr><td>Visado H2B  <\/td><td>\n  visados para empleos temporales que no pod\u00edan ser ocupados por estadounidenses\n\t\t\t<\/td><\/tr><tr><td>Visado H3  <\/td><td>\n  visado para becarios que trabajen para una empresa estadounidense o una filial de una empresa extranjera\n\t\t\t<\/td><\/tr><tr><td>visado L  <\/td><td>\n  visados para directivos o ejecutivos expatriados que vienen a trabajar a una filial estadounidense\n\t\t\t<\/td><\/tr><tr><td>Visado O  <\/td><td>\n  visado para personas con aptitudes extraordinarias en ciencias, artes, deporte, etc.\n\t\t\t<\/td><\/tr><tr><td>Visado P1  <\/td><td>\n  visado para deportistas que participan en una competici\u00f3n\n\t\t\t<\/td><\/tr><tr><td>Visado P2  <\/td><td>\n  visado para artistas que act\u00faen en el marco de un programa de intercambio cultural con EE.UU.\n\t\t\t<\/td><\/tr><tr><td>Visado P3  <\/td><td>\n  visado s\u00f3lo para artistas que act\u00faen en EE.UU. en el marco de un programa cultural\n\t\t\t<\/td><\/tr><tr><td>Visado Q1  <\/td><td>\n  visados para personas que participen en programas de intercambio cultural\n\t\t\t<\/td><\/tr><tr><td>visado I  <\/td><td>\n  visados para periodistas\n\t\t\t<\/td><\/tr><\/tbody><\/table><\/figure>\n\n<p>Debes encontrar un trabajo antes de solicitar un permiso de trabajo, ya que siempre debe incluirse una oferta de trabajo en tu solicitud de visado. Para ello, el futuro empresario debe presentar una solicitud ante el Departamento de Seguridad Nacional. Tu futuro empresario recibir\u00e1 tu permiso de trabajo en forma de documento I-797 si la solicitud es aceptada. Este documento debe a\u00f1adirse a tu expediente de solicitud de visado de trabajo para EE.UU. Con esta autorizaci\u00f3n, el solicitante ya puede continuar con los servicios consulares de la embajada (o consulado) estadounidense.    <\/p>\n\n<h2 class=\"wp-block-heading\">C\u00f3mo obtener un visado de trabajo para EE.UU. Pasos a seguir <\/h2>\n\n<p>Como se ha explicado anteriormente, para obtener un permiso de trabajo, los solicitantes de \ndeben dirigirse a la embajada o consulado estadounidense m\u00e1s cercano \n. Tendr\u00e1n que elaborar un expediente \npara la embajada, que incluya los documentos necesarios: <\/p>\n\n<ul class=\"wp-block-list\"><li>Pasaporte biom\u00e9trico v\u00e1lido (con huellas dactilares) o pasaporte electr\u00f3nico;<\/li><li>un sobre chronopost<\/li><li>una copia impresa del formulario DS-160 cumplimentado ;<\/li><li>una foto reciente de pasaporte ;<\/li><li>el permiso de trabajo I-797, que demuestra que la oferta de trabajo ha sido aprobada por el DHS;<\/li><li>documentos justificativos, como un extracto bancario.<\/li><\/ul>\n\n<p>Una vez que la embajada estadounidense haya examinado tu caso, se pondr\u00e1 en contacto contigo \npara concertar una cita y un reconocimiento m\u00e9dico. \nLa entrevista suele durar entre diez y quince minutos y consistir\u00e1 \nen una serie de preguntas que el representante oficial de las autoridades estadounidenses \nte har\u00e1 para determinar tu situaci\u00f3n profesional y personal \n. El objetivo principal de estas preguntas es \ndeterminar si cumples los requisitos para permanecer en Estados Unidos. <\/p>\n\n<p>Tras la entrevista, el representante legal del gobierno estadounidense \nte comunicar\u00e1 si est\u00e1s autorizado a viajar a Estados Unidos \nen virtud del permiso de trabajo. No recibir\u00e1s el visado \ndirectamente despu\u00e9s de la entrevista. La embajada o consulado general de Francia\n conservar\u00e1 tu pasaporte v\u00e1lido durante unos d\u00edas y te lo devolver\u00e1 \nsellado con el visado de trabajo de EE.UU.  <\/p>\n\n<p>\u00a1Ahora est\u00e1s listo para empezar tu carrera e inmigrar a EEUU!<\/p>\n\n<p>Si tienes problemas para encontrar trabajo en EE.UU. y encontrar\n un empleador adecuado, te recomendamos que \nprepares tu CV en ingl\u00e9s y revises tu nivel de ingl\u00e9s. Si \ntienes un nivel alto, haz el examen Toefl. \n est\u00e1 reconocido internacionalmente y proporciona a las empresas \nuna referencia ling\u00fc\u00edstica v\u00e1lida a la hora de considerar tu candidatura.  <\/p>\n\n<p>De lo contrario, a veces es preferible empezar haciendo unas pr\u00e1cticas \nen EE.UU. o un trabajo de verano (que requiere un visado J1) antes de pensar en la expatriaci\u00f3n \ny trasladarse a EE.UU.<\/p>\n\n<h3 class=\"wp-block-heading\">Trabajar en EE.UU. con tarjeta verde<\/h3>\n\n<p>Existe una alternativa al permiso de trabajo: la <a href=\"https:\/\/www.esta-officiel-usa.com\/fr\/quest-ce-que-la-green-card\/\">tarjeta verde<\/a>. Cada a\u00f1o se celebra una <a href=\"https:\/\/www.esta-officiel-usa.com\/fr\/obtenir-une-green-card-par-la-loterie\/\">loter\u00eda de la tarjeta verde<\/a> entre participantes de todo el mundo que quieren vivir su sue\u00f1o americano, para determinar qui\u00e9n podr\u00e1 obtener una tarjeta de residencia permanente. Para obtener una tarjeta de residencia permanente y trasladarte a Estados Unidos, tienes que rellenar un formulario en el sitio web oficial de la loter\u00eda de la tarjeta verde.  <\/p>\n\n<h3 class=\"wp-block-heading\">ESTA para descubrir Estados Unidos<\/h3>\n\n<p>Si quieres visitar primero EE.UU. y ver\n si la vida all\u00ed es de tu agrado, puedes ir sin \ntener que solicitar antes un visado. Gracias a la ESTA \n(autorizaci\u00f3n electr\u00f3nica de viaje), puedes viajar a \nEstados Unidos sin visado, siempre que cumplas los \ncriterios de elegibilidad (ser nacional de uno de los pa\u00edses miembros del VWP, tener\n un pasaporte v\u00e1lido, etc.). Si no re\u00fanes los requisitos para el ESTA, tendr\u00e1s que \nsolicitar un visado de turista B. <\/p>\n\n<p>Para m\u00e1s informaci\u00f3n, ponte en contacto con nuestro equipo y visita nuestro sitio web<a href=\"https:\/\/www.esta-officiel-usa.com\/es\/\">ESTA<\/a>.<\/p>\n","protected":false},"excerpt":{"rendered":"<p>Visado de trabajo para EEUU: \u00bfc\u00f3mo lo consigo? Estados Unidos es inflexible en materia de inmigraci\u00f3n. Existe un visado espec\u00edfico para cada caso. Por eso, obtener un visado de trabajo para Estados Unidos es un paso esencial para quien desee trabajar en este pa\u00eds. Cada categor\u00eda de ocupaci\u00f3n tiene su propio visado, que lleva un [&hellip;]<\/p>\n","protected":false},"author":1,"featured_media":0,"parent":0,"menu_order":0,"comment_status":"closed","ping_status":"closed","template":"","meta":{"footnotes":""},"class_list":["post-886","page","type-page","status-publish","hentry"],"yoast_head":"<!-- This site is optimized with the Yoast SEO plugin v26.2 - https:\/\/yoast.com\/wordpress\/plugins\/seo\/ -->\n<title>\u00bfCu\u00e1les son los pasos necesarios para obtener un visado de trabajo para EE.UU.?<\/title>\n<meta name=\"description\" content=\"Toda persona que desee viajar a EE.UU. para trabajar debe solicitar un visado de trabajo estadounidense. Averigua c\u00f3mo obtenerlo.\" \/>\n<meta name=\"robots\" content=\"index, follow, max-snippet:-1, max-image-preview:large, max-video-preview:-1\" \/>\n<link rel=\"canonical\" href=\"https:\/\/www.esta-officiel-usa.com\/es\/cuales-son-los-pasos-necesarios-para-obtener-un-visado-de-trabajo-para-ee-uu\/\" \/>\n<meta property=\"og:locale\" content=\"es_ES\" \/>\n<meta property=\"og:type\" content=\"article\" \/>\n<meta property=\"og:title\" content=\"\u00bfCu\u00e1les son los pasos necesarios para obtener un visado de trabajo para EE.UU.?\" \/>\n<meta property=\"og:description\" content=\"Toda persona que desee viajar a EE.UU. para trabajar debe solicitar un visado de trabajo estadounidense. Averigua c\u00f3mo obtenerlo.\" \/>\n<meta property=\"og:url\" content=\"https:\/\/www.esta-officiel-usa.com\/es\/cuales-son-los-pasos-necesarios-para-obtener-un-visado-de-trabajo-para-ee-uu\/\" \/>\n<meta property=\"og:site_name\" content=\"ESTA - Estados Unidos\" \/>\n<meta property=\"article:modified_time\" content=\"2025-09-13T11:57:11+00:00\" \/>\n<meta name=\"twitter:card\" content=\"summary_large_image\" \/>\n<meta name=\"twitter:label1\" content=\"Tiempo de lectura\" \/>\n\t<meta name=\"twitter:data1\" content=\"5 minutos\" \/>\n<script type=\"application\/ld+json\" class=\"yoast-schema-graph\">{\"@context\":\"https:\/\/schema.org\",\"@graph\":[{\"@type\":\"WebPage\",\"@id\":\"https:\/\/www.esta-officiel-usa.com\/es\/cuales-son-los-pasos-necesarios-para-obtener-un-visado-de-trabajo-para-ee-uu\/\",\"url\":\"https:\/\/www.esta-officiel-usa.com\/es\/cuales-son-los-pasos-necesarios-para-obtener-un-visado-de-trabajo-para-ee-uu\/\",\"name\":\"\u00bfCu\u00e1les son los pasos necesarios para obtener un visado de trabajo para EE.UU.?\",\"isPartOf\":{\"@id\":\"https:\/\/www.esta-officiel-usa.com\/es\/#website\"},\"datePublished\":\"2025-09-13T11:57:10+00:00\",\"dateModified\":\"2025-09-13T11:57:11+00:00\",\"description\":\"Toda persona que desee viajar a EE.UU. para trabajar debe solicitar un visado de trabajo estadounidense. Averigua c\u00f3mo obtenerlo.\",\"breadcrumb\":{\"@id\":\"https:\/\/www.esta-officiel-usa.com\/es\/cuales-son-los-pasos-necesarios-para-obtener-un-visado-de-trabajo-para-ee-uu\/#breadcrumb\"},\"inLanguage\":\"es\",\"potentialAction\":[{\"@type\":\"ReadAction\",\"target\":[\"https:\/\/www.esta-officiel-usa.com\/es\/cuales-son-los-pasos-necesarios-para-obtener-un-visado-de-trabajo-para-ee-uu\/\"]}]},{\"@type\":\"BreadcrumbList\",\"@id\":\"https:\/\/www.esta-officiel-usa.com\/es\/cuales-son-los-pasos-necesarios-para-obtener-un-visado-de-trabajo-para-ee-uu\/#breadcrumb\",\"itemListElement\":[{\"@type\":\"ListItem\",\"position\":1,\"name\":\"Inicio\",\"item\":\"https:\/\/www.esta-officiel-usa.com\/es\/\"},{\"@type\":\"ListItem\",\"position\":2,\"name\":\"\u00bfCu\u00e1les son los pasos necesarios para obtener un visado de trabajo para EE.UU.?\"}]},{\"@type\":\"WebSite\",\"@id\":\"https:\/\/www.esta-officiel-usa.com\/es\/#website\",\"url\":\"https:\/\/www.esta-officiel-usa.com\/es\/\",\"name\":\"ESTA - Estados Unidos\",\"description\":\"Formulario de solicitud ESTA\",\"potentialAction\":[{\"@type\":\"SearchAction\",\"target\":{\"@type\":\"EntryPoint\",\"urlTemplate\":\"https:\/\/www.esta-officiel-usa.com\/es\/?s={search_term_string}\"},\"query-input\":{\"@type\":\"PropertyValueSpecification\",\"valueRequired\":true,\"valueName\":\"search_term_string\"}}],\"inLanguage\":\"es\"}]}<\/script>\n<!-- \/ Yoast SEO plugin. -->","yoast_head_json":{"title":"\u00bfCu\u00e1les son los pasos necesarios para obtener un visado de trabajo para EE.UU.?","description":"Toda persona que desee viajar a EE.UU. para trabajar debe solicitar un visado de trabajo estadounidense. Averigua c\u00f3mo obtenerlo.","robots":{"index":"index","follow":"follow","max-snippet":"max-snippet:-1","max-image-preview":"max-image-preview:large","max-video-preview":"max-video-preview:-1"},"canonical":"https:\/\/www.esta-officiel-usa.com\/es\/cuales-son-los-pasos-necesarios-para-obtener-un-visado-de-trabajo-para-ee-uu\/","og_locale":"es_ES","og_type":"article","og_title":"\u00bfCu\u00e1les son los pasos necesarios para obtener un visado de trabajo para EE.UU.?","og_description":"Toda persona que desee viajar a EE.UU. para trabajar debe solicitar un visado de trabajo estadounidense. Averigua c\u00f3mo obtenerlo.","og_url":"https:\/\/www.esta-officiel-usa.com\/es\/cuales-son-los-pasos-necesarios-para-obtener-un-visado-de-trabajo-para-ee-uu\/","og_site_name":"ESTA - Estados Unidos","article_modified_time":"2025-09-13T11:57:11+00:00","twitter_card":"summary_large_image","twitter_misc":{"Tiempo de lectura":"5 minutos"},"schema":{"@context":"https:\/\/schema.org","@graph":[{"@type":"WebPage","@id":"https:\/\/www.esta-officiel-usa.com\/es\/cuales-son-los-pasos-necesarios-para-obtener-un-visado-de-trabajo-para-ee-uu\/","url":"https:\/\/www.esta-officiel-usa.com\/es\/cuales-son-los-pasos-necesarios-para-obtener-un-visado-de-trabajo-para-ee-uu\/","name":"\u00bfCu\u00e1les son los pasos necesarios para obtener un visado de trabajo para EE.UU.?","isPartOf":{"@id":"https:\/\/www.esta-officiel-usa.com\/es\/#website"},"datePublished":"2025-09-13T11:57:10+00:00","dateModified":"2025-09-13T11:57:11+00:00","description":"Toda persona que desee viajar a EE.UU. para trabajar debe solicitar un visado de trabajo estadounidense. Averigua c\u00f3mo obtenerlo.","breadcrumb":{"@id":"https:\/\/www.esta-officiel-usa.com\/es\/cuales-son-los-pasos-necesarios-para-obtener-un-visado-de-trabajo-para-ee-uu\/#breadcrumb"},"inLanguage":"es","potentialAction":[{"@type":"ReadAction","target":["https:\/\/www.esta-officiel-usa.com\/es\/cuales-son-los-pasos-necesarios-para-obtener-un-visado-de-trabajo-para-ee-uu\/"]}]},{"@type":"BreadcrumbList","@id":"https:\/\/www.esta-officiel-usa.com\/es\/cuales-son-los-pasos-necesarios-para-obtener-un-visado-de-trabajo-para-ee-uu\/#breadcrumb","itemListElement":[{"@type":"ListItem","position":1,"name":"Inicio","item":"https:\/\/www.esta-officiel-usa.com\/es\/"},{"@type":"ListItem","position":2,"name":"\u00bfCu\u00e1les son los pasos necesarios para obtener un visado de trabajo para EE.UU.?"}]},{"@type":"WebSite","@id":"https:\/\/www.esta-officiel-usa.com\/es\/#website","url":"https:\/\/www.esta-officiel-usa.com\/es\/","name":"ESTA - Estados Unidos","description":"Formulario de solicitud ESTA","potentialAction":[{"@type":"SearchAction","target":{"@type":"EntryPoint","urlTemplate":"https:\/\/www.esta-officiel-usa.com\/es\/?s={search_term_string}"},"query-input":{"@type":"PropertyValueSpecification","valueRequired":true,"valueName":"search_term_string"}}],"inLanguage":"es"}]}},"_links":{"self":[{"href":"https:\/\/www.esta-officiel-usa.com\/es\/wp-json\/wp\/v2\/pages\/886","targetHints":{"allow":["GET"]}}],"collection":[{"href":"https:\/\/www.esta-officiel-usa.com\/es\/wp-json\/wp\/v2\/pages"}],"about":[{"href":"https:\/\/www.esta-officiel-usa.com\/es\/wp-json\/wp\/v2\/types\/page"}],"author":[{"embeddable":true,"href":"https:\/\/www.esta-officiel-usa.com\/es\/wp-json\/wp\/v2\/users\/1"}],"replies":[{"embeddable":true,"href":"https:\/\/www.esta-officiel-usa.com\/es\/wp-json\/wp\/v2\/comments?post=886"}],"version-history":[{"count":1,"href":"https:\/\/www.esta-officiel-usa.com\/es\/wp-json\/wp\/v2\/pages\/886\/revisions"}],"predecessor-version":[{"id":887,"href":"https:\/\/www.esta-officiel-usa.com\/es\/wp-json\/wp\/v2\/pages\/886\/revisions\/887"}],"wp:attachment":[{"href":"https:\/\/www.esta-officiel-usa.com\/es\/wp-json\/wp\/v2\/media?parent=886"}],"curies":[{"name":"wp","href":"https:\/\/api.w.org\/{rel}","templated":true}]}}