{"id":902,"date":"2025-09-13T11:57:17","date_gmt":"2025-09-13T11:57:17","guid":{"rendered":"https:\/\/www.esta-officiel-usa.com\/cuales-son-los-diferentes-visados-de-transito-para-ee-uu\/"},"modified":"2025-09-13T11:57:17","modified_gmt":"2025-09-13T11:57:17","slug":"cuales-son-los-diferentes-visados-de-transito-para-ee-uu","status":"publish","type":"page","link":"https:\/\/www.esta-officiel-usa.com\/es\/cuales-son-los-diferentes-visados-de-transito-para-ee-uu\/","title":{"rendered":"\u00bfCu\u00e1les son los diferentes visados de tr\u00e1nsito para EE.UU.?"},"content":{"rendered":"\n<h1 class=\"wp-block-heading\">\u00bfSe necesita visado para viajar a EE.UU.?<\/h1>\n\n<p>Tanto si te instalas, como si viajas a Estados Unidos o simplemente est\u00e1s de tr\u00e1nsito, se necesita una autorizaci\u00f3n de viaje para pisar suelo estadounidense. Sin embargo, <a href=\"https:\/\/www.esta-officiel-usa.com\/es\/\">ESTA<\/a> o visado: \u00bfqu\u00e9 tipo de autorizaci\u00f3n se necesita para transitar por Estados Unidos? \u00a1Desc\u00fabrelo en este art\u00edculo!  <\/p>\n\n<h2 class=\"wp-block-heading\">Visado de tr\u00e1nsito para EE.UU.<\/h2>\n\n<p>Todos los extranjeros que viajen en tr\u00e1nsito a trav\u00e9s de \nest\u00e1n obligados a obtener un visado, al igual que para \nviajar a EEUU. Si deseas utilizar tu tr\u00e1nsito para \nvisitar EE.UU., deber\u00e1s obtener un visado\n B. En cambio, si deseas obtener un visado simplemente para tu\n tr\u00e1nsito (escala en San Francisco de camino a Nueva Zelanda \npor ejemplo), tendr\u00e1s que solicitar un visado C. Este \nvisado de tr\u00e1nsito se divide en 5 categor\u00edas: <\/p>\n\n<ul class=\"wp-block-list\"><li>Visados C1 para pasajeros a\u00e9reos y mar\u00edtimos.<\/li><li>el visado C1D reservado a las tripulaciones a\u00e9reas o mar\u00edtimas.<\/li><li>Visado C2 reservado al personal de las Naciones Unidas.<\/li><li>el visado C3 est\u00e1 reservado a los altos funcionarios en tr\u00e1nsito.<\/li><li>el visado C4 reservado a los pasajeros en tr\u00e1nsito en el marco del programa ATP (formaci\u00f3n de pilotos).<\/li><\/ul>\n\n<p>Si deseas obtener un visado de tr\u00e1nsito, debes solicitarlo en \nla embajada de EE.UU. (o en el consulado \ngeneral). A continuaci\u00f3n, deber\u00e1s elaborar un expediente. Este expediente \ndebe incluir los siguientes documentos acreditativos:  <\/p>\n\n<ul class=\"wp-block-list\"><li>el formulario DS-160 cumplimentado<\/li><li>un pasaporte biom\u00e9trico o electr\u00f3nico v\u00e1lido<\/li><li>una foto de pasaporte tomada en los \u00faltimos 6 meses como m\u00e1ximo (5 cm x 5 cm)<\/li><li>tus billetes de avi\u00f3n de vuelta (que demuestren que est\u00e1s en tr\u00e1nsito hacia EE.UU.)<\/li><li>un resguardo del pago de la tasa de solicitud de visado de no inmigrante de 160$ pagada en moneda local.<\/li><\/ul>\n\n<p>Se te pedir\u00e1 que lleves todos estos documentos contigo a \ntu cita en la embajada de EE.UU.. La embajada est\u00e1 \nen Par\u00eds. Aseg\u00farate de recopilar cuidadosamente tu expediente, ya que \nser\u00e1 un factor decisivo en la expedici\u00f3n de tu visado de tr\u00e1nsito. \nLos funcionarios consulares comprobar\u00e1n cada documento cuidadosamente. \nPor supuesto, si solicitas un visado para cada miembro \nde tu familia, habr\u00e1 que elaborar un expediente para cada uno de ellos.  <\/p>\n\n<p>Importante: si intentas mentir o presentar documentos falsos \n, corres el riesgo de que te inhabiliten permanentemente para obtener un visado \n.<br\/> <\/p>\n\n<h2 class=\"wp-block-heading\">Una alternativa al visado de tr\u00e1nsito: ESTA<\/h2>\n\n<p>Seg\u00fan tu perfil, no est\u00e1s obligado a obtener un visado.<\/p>\n\n<p>para aterrizar en Estados Unidos. Existe un programa de exenci\u00f3n de visado, tambi\u00e9n conocido como <a href=\"https:\/\/www.esta-officiel-usa.com\/fr\/a-propos-du-visa-waiver-program\/\">Programa de Exenci\u00f3n de Visado<\/a> (VWP). El VWP est\u00e1 dise\u00f1ado para facilitar el viaje a Estados Unidos a los viajeros de una selecci\u00f3n de pa\u00edses.  <br\/> <br\/>  El ESTA se cre\u00f3 en el marco de este programa. Es una autorizaci\u00f3n oficial de viaje para una estancia corta de hasta 90 d\u00edas en EEUU (tr\u00e1nsito, viaje tur\u00edstico, viaje de negocios). <br\/> <br\/>  Los nacionales de los pa\u00edses que participan en el programa no est\u00e1n obligados a solicitar un visado de tr\u00e1nsito para viajar a EE.UU., pero deben solicitar un ESTA. Aqu\u00ed tienes la lista de pa\u00edses incluidos en el programa: <\/p>\n\n<p>\nAndorra, Australia, Austria, B\u00e9lgica, Brunei, Chile, \nRep\u00fablica Checa, Dinamarca, Estonia, Finlandia, Francia, Alemania, Grecia, \nHungr\u00eda, Islandia, Irlanda, Italia, Jap\u00f3n, Pa\u00edses Bajos, Letonia, \nLiechtenstein, Lituania, Luxemburgo, Malta, M\u00f3naco, Nueva Zelanda, Noruega, \n, Portugal, San Marino, Singapur, Eslovaquia, Eslovenia, Corea del Sur, Espa\u00f1a, Suecia, Suiza, Reino Unido y Taiw\u00e1n.<\/p>\n\n<p><a href=\"https:\/\/www.esta-officiel-usa.com\/fr\/lautorisation-esta\/\">La autorizaci\u00f3n ESTA<\/a> es mucho menos restrictiva que un visado. S\u00f3lo cuesta 14 d\u00f3lares y se obtiene f\u00e1cilmente rellenando un formulario en l\u00ednea. Puedes solicitar la ESTA en el sitio web del gobierno estadounidense.  <\/p>\n\n<p>\u00a1Atenci\u00f3n! El formulario ESTA debe cumplimentarse cuidadosamente. Aunque no se trata de un visado, las autoridades estadounidenses son inflexibles y el m\u00e1s m\u00ednimo error en el formulario podr\u00eda costarte el ESTA. <\/p>\n\n<p>Si te estresa rellenar el formulario, tambi\u00e9n puedes recurrir a un servicio privado. Te proporcionar\u00e1n asistencia personalizada para rellenar el formulario, y podr\u00e1n corregirlo en caso de error, antes de presentarlo a las autoridades estadounidenses. <\/p>\n\n<p>Consejo a los viajeros: para solicitar un ESTA, debes estar en posesi\u00f3n de un pasaporte electr\u00f3nico o biom\u00e9trico v\u00e1lido, como lo estar\u00edas para un visado de tr\u00e1nsito. Si tienes un pasaporte v\u00e1lido de una generaci\u00f3n anterior (pasaporte \u00f3ptico), no podr\u00e1s viajar a EEUU. En este caso, tendr\u00e1s que solicitar un nuevo pasaporte en el ayuntamiento de tu localidad.  <\/p>\n\n<p>Si por desgracia no cumples todos los criterios para recibir tu ESTA, o <a href=\"https:\/\/www.esta-officiel-usa.com\/fr\/quels-motifs-menent-a-un-refus-de-lesta\/\">tu autorizaci\u00f3n ESTA ha sido denegada<\/a>, tendr\u00e1s que solicitar un visado de tr\u00e1nsito en la embajada o consulado estadounidense.<\/p>\n","protected":false},"excerpt":{"rendered":"<p>\u00bfSe necesita visado para viajar a EE.UU.? Tanto si te instalas, como si viajas a Estados Unidos o simplemente est\u00e1s de tr\u00e1nsito, se necesita una autorizaci\u00f3n de viaje para pisar suelo estadounidense. Sin embargo, ESTA o visado: \u00bfqu\u00e9 tipo de autorizaci\u00f3n se necesita para transitar por Estados Unidos? \u00a1Desc\u00fabrelo en este art\u00edculo! Visado de tr\u00e1nsito [&hellip;]<\/p>\n","protected":false},"author":1,"featured_media":0,"parent":0,"menu_order":0,"comment_status":"closed","ping_status":"closed","template":"","meta":{"footnotes":""},"class_list":["post-902","page","type-page","status-publish","hentry"],"yoast_head":"<!-- This site is optimized with the Yoast SEO plugin v26.2 - https:\/\/yoast.com\/wordpress\/plugins\/seo\/ -->\n<title>\u00bfCu\u00e1les son los diferentes visados de tr\u00e1nsito para EE.UU.?<\/title>\n<meta name=\"description\" content=\"\u00bfNecesito un visado para transitar por Estados Unidos? Nuestros expertos te lo explican todo en este art\u00edculo. Disfruta de su lectura y \u00a1buen viaje!\" \/>\n<meta name=\"robots\" content=\"index, follow, max-snippet:-1, max-image-preview:large, max-video-preview:-1\" \/>\n<link rel=\"canonical\" href=\"https:\/\/www.esta-officiel-usa.com\/es\/cuales-son-los-diferentes-visados-de-transito-para-ee-uu\/\" \/>\n<meta property=\"og:locale\" content=\"es_ES\" \/>\n<meta property=\"og:type\" content=\"article\" \/>\n<meta property=\"og:title\" content=\"\u00bfCu\u00e1les son los diferentes visados de tr\u00e1nsito para EE.UU.?\" \/>\n<meta property=\"og:description\" content=\"\u00bfNecesito un visado para transitar por Estados Unidos? Nuestros expertos te lo explican todo en este art\u00edculo. Disfruta de su lectura y \u00a1buen viaje!\" \/>\n<meta property=\"og:url\" content=\"https:\/\/www.esta-officiel-usa.com\/es\/cuales-son-los-diferentes-visados-de-transito-para-ee-uu\/\" \/>\n<meta property=\"og:site_name\" content=\"ESTA - Estados Unidos\" \/>\n<meta name=\"twitter:card\" content=\"summary_large_image\" \/>\n<meta name=\"twitter:label1\" content=\"Tiempo de lectura\" \/>\n\t<meta name=\"twitter:data1\" content=\"4 minutos\" \/>\n<script type=\"application\/ld+json\" class=\"yoast-schema-graph\">{\"@context\":\"https:\/\/schema.org\",\"@graph\":[{\"@type\":\"WebPage\",\"@id\":\"https:\/\/www.esta-officiel-usa.com\/es\/cuales-son-los-diferentes-visados-de-transito-para-ee-uu\/\",\"url\":\"https:\/\/www.esta-officiel-usa.com\/es\/cuales-son-los-diferentes-visados-de-transito-para-ee-uu\/\",\"name\":\"\u00bfCu\u00e1les son los diferentes visados de tr\u00e1nsito para EE.UU.?\",\"isPartOf\":{\"@id\":\"https:\/\/www.esta-officiel-usa.com\/es\/#website\"},\"datePublished\":\"2025-09-13T11:57:17+00:00\",\"description\":\"\u00bfNecesito un visado para transitar por Estados Unidos? Nuestros expertos te lo explican todo en este art\u00edculo. Disfruta de su lectura y \u00a1buen viaje!\",\"breadcrumb\":{\"@id\":\"https:\/\/www.esta-officiel-usa.com\/es\/cuales-son-los-diferentes-visados-de-transito-para-ee-uu\/#breadcrumb\"},\"inLanguage\":\"es\",\"potentialAction\":[{\"@type\":\"ReadAction\",\"target\":[\"https:\/\/www.esta-officiel-usa.com\/es\/cuales-son-los-diferentes-visados-de-transito-para-ee-uu\/\"]}]},{\"@type\":\"BreadcrumbList\",\"@id\":\"https:\/\/www.esta-officiel-usa.com\/es\/cuales-son-los-diferentes-visados-de-transito-para-ee-uu\/#breadcrumb\",\"itemListElement\":[{\"@type\":\"ListItem\",\"position\":1,\"name\":\"Inicio\",\"item\":\"https:\/\/www.esta-officiel-usa.com\/es\/\"},{\"@type\":\"ListItem\",\"position\":2,\"name\":\"\u00bfCu\u00e1les son los diferentes visados de tr\u00e1nsito para EE.UU.?\"}]},{\"@type\":\"WebSite\",\"@id\":\"https:\/\/www.esta-officiel-usa.com\/es\/#website\",\"url\":\"https:\/\/www.esta-officiel-usa.com\/es\/\",\"name\":\"ESTA - Estados Unidos\",\"description\":\"Formulario de solicitud ESTA\",\"potentialAction\":[{\"@type\":\"SearchAction\",\"target\":{\"@type\":\"EntryPoint\",\"urlTemplate\":\"https:\/\/www.esta-officiel-usa.com\/es\/?s={search_term_string}\"},\"query-input\":{\"@type\":\"PropertyValueSpecification\",\"valueRequired\":true,\"valueName\":\"search_term_string\"}}],\"inLanguage\":\"es\"}]}<\/script>\n<!-- \/ Yoast SEO plugin. -->","yoast_head_json":{"title":"\u00bfCu\u00e1les son los diferentes visados de tr\u00e1nsito para EE.UU.?","description":"\u00bfNecesito un visado para transitar por Estados Unidos? Nuestros expertos te lo explican todo en este art\u00edculo. Disfruta de su lectura y \u00a1buen viaje!","robots":{"index":"index","follow":"follow","max-snippet":"max-snippet:-1","max-image-preview":"max-image-preview:large","max-video-preview":"max-video-preview:-1"},"canonical":"https:\/\/www.esta-officiel-usa.com\/es\/cuales-son-los-diferentes-visados-de-transito-para-ee-uu\/","og_locale":"es_ES","og_type":"article","og_title":"\u00bfCu\u00e1les son los diferentes visados de tr\u00e1nsito para EE.UU.?","og_description":"\u00bfNecesito un visado para transitar por Estados Unidos? Nuestros expertos te lo explican todo en este art\u00edculo. Disfruta de su lectura y \u00a1buen viaje!","og_url":"https:\/\/www.esta-officiel-usa.com\/es\/cuales-son-los-diferentes-visados-de-transito-para-ee-uu\/","og_site_name":"ESTA - Estados Unidos","twitter_card":"summary_large_image","twitter_misc":{"Tiempo de lectura":"4 minutos"},"schema":{"@context":"https:\/\/schema.org","@graph":[{"@type":"WebPage","@id":"https:\/\/www.esta-officiel-usa.com\/es\/cuales-son-los-diferentes-visados-de-transito-para-ee-uu\/","url":"https:\/\/www.esta-officiel-usa.com\/es\/cuales-son-los-diferentes-visados-de-transito-para-ee-uu\/","name":"\u00bfCu\u00e1les son los diferentes visados de tr\u00e1nsito para EE.UU.?","isPartOf":{"@id":"https:\/\/www.esta-officiel-usa.com\/es\/#website"},"datePublished":"2025-09-13T11:57:17+00:00","description":"\u00bfNecesito un visado para transitar por Estados Unidos? Nuestros expertos te lo explican todo en este art\u00edculo. Disfruta de su lectura y \u00a1buen viaje!","breadcrumb":{"@id":"https:\/\/www.esta-officiel-usa.com\/es\/cuales-son-los-diferentes-visados-de-transito-para-ee-uu\/#breadcrumb"},"inLanguage":"es","potentialAction":[{"@type":"ReadAction","target":["https:\/\/www.esta-officiel-usa.com\/es\/cuales-son-los-diferentes-visados-de-transito-para-ee-uu\/"]}]},{"@type":"BreadcrumbList","@id":"https:\/\/www.esta-officiel-usa.com\/es\/cuales-son-los-diferentes-visados-de-transito-para-ee-uu\/#breadcrumb","itemListElement":[{"@type":"ListItem","position":1,"name":"Inicio","item":"https:\/\/www.esta-officiel-usa.com\/es\/"},{"@type":"ListItem","position":2,"name":"\u00bfCu\u00e1les son los diferentes visados de tr\u00e1nsito para EE.UU.?"}]},{"@type":"WebSite","@id":"https:\/\/www.esta-officiel-usa.com\/es\/#website","url":"https:\/\/www.esta-officiel-usa.com\/es\/","name":"ESTA - Estados Unidos","description":"Formulario de solicitud ESTA","potentialAction":[{"@type":"SearchAction","target":{"@type":"EntryPoint","urlTemplate":"https:\/\/www.esta-officiel-usa.com\/es\/?s={search_term_string}"},"query-input":{"@type":"PropertyValueSpecification","valueRequired":true,"valueName":"search_term_string"}}],"inLanguage":"es"}]}},"_links":{"self":[{"href":"https:\/\/www.esta-officiel-usa.com\/es\/wp-json\/wp\/v2\/pages\/902","targetHints":{"allow":["GET"]}}],"collection":[{"href":"https:\/\/www.esta-officiel-usa.com\/es\/wp-json\/wp\/v2\/pages"}],"about":[{"href":"https:\/\/www.esta-officiel-usa.com\/es\/wp-json\/wp\/v2\/types\/page"}],"author":[{"embeddable":true,"href":"https:\/\/www.esta-officiel-usa.com\/es\/wp-json\/wp\/v2\/users\/1"}],"replies":[{"embeddable":true,"href":"https:\/\/www.esta-officiel-usa.com\/es\/wp-json\/wp\/v2\/comments?post=902"}],"version-history":[{"count":1,"href":"https:\/\/www.esta-officiel-usa.com\/es\/wp-json\/wp\/v2\/pages\/902\/revisions"}],"predecessor-version":[{"id":904,"href":"https:\/\/www.esta-officiel-usa.com\/es\/wp-json\/wp\/v2\/pages\/902\/revisions\/904"}],"wp:attachment":[{"href":"https:\/\/www.esta-officiel-usa.com\/es\/wp-json\/wp\/v2\/media?parent=902"}],"curies":[{"name":"wp","href":"https:\/\/api.w.org\/{rel}","templated":true}]}}