{"id":903,"date":"2025-09-13T11:57:17","date_gmt":"2025-09-13T11:57:17","guid":{"rendered":"https:\/\/www.esta-officiel-usa.com\/visados-b1-y-b2-para-entrar-en-estados-unidos\/"},"modified":"2025-09-13T11:57:18","modified_gmt":"2025-09-13T11:57:18","slug":"visados-b1-y-b2-para-entrar-en-estados-unidos","status":"publish","type":"page","link":"https:\/\/www.esta-officiel-usa.com\/es\/visados-b1-y-b2-para-entrar-en-estados-unidos\/","title":{"rendered":"visados b1 y b2 para entrar en estados unidos"},"content":{"rendered":"\n<h1 class=\"wp-block-heading\">Todo lo que necesitas saber sobre los visados B1 y B2 para EE.UU.<\/h1>\n\n<p>Hay un gran n\u00famero de visados estadounidenses, espec\u00edficos para cada situaci\u00f3n. Los visados B1 y B2 se expiden a quienes desean viajar a EE.UU. por negocios o placer, tal como ofrece el <a href=\"https:\/\/www.esta-officiel-usa.com\/es\/\">ESTA<\/a>. El ESTA es un sistema electr\u00f3nico de autorizaci\u00f3n de viaje para viajes tur\u00edsticos, de tr\u00e1nsito y de negocios. Sin embargo, s\u00f3lo puedes viajar durante un m\u00e1ximo de 90 d\u00edas, a diferencia de los visados B1 y B2, que te permiten permanecer en EE.UU. hasta 6 meses.   <\/p>\n\n<p>\u00bfPor qu\u00e9 necesito un visado B1-B2? \u00bfC\u00f3mo obtengo un visado B1 o B2, y cu\u00e1les son los requisitos? \u00bfQui\u00e9n debe solicitar este tipo de visado? Encuentra todas las respuestas en este art\u00edculo.   <br\/>  <\/p>\n\n<h2 class=\"wp-block-heading\">Visados B1 y B2: utilidad<\/h2>\n\n<p>Si deseas permanecer en EE.UU. durante un largo periodo, tendr\u00e1s que <a href=\"https:\/\/www.esta-officiel-usa.com\/fr\/les-conditions-a-respecter-pour-obtenir-le-visa-usa\/\">solicitar un visado<\/a> espec\u00edfico para el prop\u00f3sito de tu estancia. A menudo se denominan visados B1-B2 o B, pero en realidad son 2 visados distintos, con 2 finalidades diferentes. El primero, el visado B1, permite al titular viajar por negocios: se conoce como visado de negocios B1. El segundo, el visado de turista B2, tiene fines tur\u00edsticos. \u00bfQu\u00e9 puedes hacer con estos 2 visados?    <\/p>\n\n<h3 class=\"wp-block-heading\">Visado de negocios B1<\/h3>\n\n<p>El B1 te permite permanecer en EE.UU. un m\u00e1ximo de 6 meses, por \nmotivos profesionales. Es importante tener en cuenta que estos \n\u00abmotivos profesionales\u00bb \u00a1no incluyen el empleo como tal! El visado\n B1, a diferencia del visado H1B, no es un permiso de trabajo: \ns\u00f3lo te permite hacer negocios con socios comerciales estadounidenses\n y empresas estadounidenses. El visado B1 tiene una validez de entre 1\n a\u00f1o y 10 a\u00f1os, seg\u00fan los casos. Te permite:    <\/p>\n\n<ul class=\"wp-block-list\"><li>para reunirse con socios estadounidenses;<\/li><li>participar en reuniones con socios (si trabajas para una empresa estadounidense);<\/li><li>asistir a seminarios y conferencias en suelo estadounidense;<\/li><li>representar a tu empresa al firmar un contrato, negociar o pedir mercanc\u00edas.<\/li><\/ul>\n\n<p>A diferencia del permiso de trabajo, el visado B1\n no te permite recibir remuneraci\u00f3n de una empresa estadounidense; por tanto,\n no es posible ejercer ninguna actividad remunerada.<\/p>\n\n<h3 class=\"wp-block-heading\">El visado de turista B2<\/h3>\n\n<p>El <a href=\"https:\/\/www.esta-officiel-usa.com\/fr\/comment-obtenir-un-visa-usa\/\">visado<\/a> de turista B2 se expide a las personas que desean visitar EE.UU. durante m\u00e1s de 90 d\u00edas (para estancias m\u00e1s cortas, es posible solicitar una autorizaci\u00f3n ESTA). Tambi\u00e9n pueden solicitar el B2 las personas que deseen viajar a EE.UU. para recibir tratamiento m\u00e9dico. Con un B2, puedes :  <\/p>\n\n<ul class=\"wp-block-list\"><li>asistir a actos culturales, deportivos, art\u00edsticos, etc. ;<\/li><li>voluntariado ;<\/li><li>visitar a familiares y amigos en EEUU;<\/li><li>actividades tur\u00edsticas como visitar museos, \nmonumentos, lugares hist\u00f3ricos, parques nacionales, etc. ;<\/li><li>viajes por carretera y acampadas ;<\/li><li>recibir atenci\u00f3n m\u00e9dica en un hospital estadounidense.<\/li><\/ul>\n\n<p>El visado B2, al igual que el visado B1, no autoriza a su titular a realizar actividades remuneradas o pr\u00e1cticas en EE.UU. en territorio estadounidense.<\/p>\n\n<h2 class=\"wp-block-heading\">Obtener un visado B1 o B2: procedimientos y requisitos<\/h2>\n\n<p>Los visados B1\/B2 son autorizaciones temporales de estancia en \nEEUU. En ning\u00fan caso pueden utilizarse para establecerse o inmigrar \npermanentemente, ni para trabajar en EEUU. <\/p>\n\n<p>Para solicitar un visado, tienes que ir a \nla embajada o consulado estadounidense de tu pa\u00eds. Una de las \nprimeras cosas que tienes que hacer es reunir tantos documentos \noficiales como sea posible para demostrar que tienes v\u00ednculos en tu pa\u00eds y \nque no tienes intenci\u00f3n de convertirte en un inmigrante ilegal en EE.UU.. Estos documentos \npueden ser un certificado de matrimonio, una escritura de propiedad, un libro de familia \n, tu contrato de trabajo, etc.  <\/p>\n\n<p>Se te pedir\u00e1 que rellenes el formulario DS-160, que es una primera selecci\u00f3n de \n. La informaci\u00f3n que proporciones se enviar\u00e1 \na los servicios consulares de la embajada estadounidense. Una vez enviado el formulario \n, tendr\u00e1s que concertar una cita para una entrevista en la embajada estadounidense \n. Se trata de un paso obligatorio que permite a las autoridades \ncomprobar tu identidad y el motivo de tu viaje \n. El representante estadounidense    <\/p>\n\n<p>decidir\u00e1 si tienes derecho a un visado B1 o B2. Entonces tendr\u00e1s que pagar la tasa de visado de 120 euros el mismo d\u00eda. <\/p>\n\n<p>Como todos los visados estadounidenses, los de turismo y negocios requieren tiempo y papeleo. Si finalmente te das cuenta de que no tienes previsto permanecer en EE.UU. m\u00e1s de 90 d\u00edas por turismo o negocios, puedes <a href=\"https:\/\/www.esta-officiel-usa.com\/fr\/esta-usa-comment-obtenir-ce-document\/\">solicitar un ESTA<\/a> en el sitio web oficial del gobierno o en un sitio web independiente en lugar de solicitar un visado. <\/p>\n","protected":false},"excerpt":{"rendered":"<p>Todo lo que necesitas saber sobre los visados B1 y B2 para EE.UU. Hay un gran n\u00famero de visados estadounidenses, espec\u00edficos para cada situaci\u00f3n. Los visados B1 y B2 se expiden a quienes desean viajar a EE.UU. por negocios o placer, tal como ofrece el ESTA. El ESTA es un sistema electr\u00f3nico de autorizaci\u00f3n de [&hellip;]<\/p>\n","protected":false},"author":1,"featured_media":0,"parent":0,"menu_order":0,"comment_status":"closed","ping_status":"closed","template":"","meta":{"footnotes":""},"class_list":["post-903","page","type-page","status-publish","hentry"],"yoast_head":"<!-- This site is optimized with the Yoast SEO plugin v26.2 - https:\/\/yoast.com\/wordpress\/plugins\/seo\/ -->\n<title>visados b1 y b2 para entrar en estados unidos<\/title>\n<meta name=\"description\" content=\"Para viajar a EE.UU. por turismo o negocios durante m\u00e1s de 90 d\u00edas, tienes que solicitar un visado B1 o B2. M\u00e1s informaci\u00f3n en el art\u00edculo.\" \/>\n<meta name=\"robots\" content=\"index, follow, max-snippet:-1, max-image-preview:large, max-video-preview:-1\" \/>\n<link rel=\"canonical\" href=\"https:\/\/www.esta-officiel-usa.com\/es\/visados-b1-y-b2-para-entrar-en-estados-unidos\/\" \/>\n<meta property=\"og:locale\" content=\"es_ES\" \/>\n<meta property=\"og:type\" content=\"article\" \/>\n<meta property=\"og:title\" content=\"visados b1 y b2 para entrar en estados unidos\" \/>\n<meta property=\"og:description\" content=\"Para viajar a EE.UU. por turismo o negocios durante m\u00e1s de 90 d\u00edas, tienes que solicitar un visado B1 o B2. M\u00e1s informaci\u00f3n en el art\u00edculo.\" \/>\n<meta property=\"og:url\" content=\"https:\/\/www.esta-officiel-usa.com\/es\/visados-b1-y-b2-para-entrar-en-estados-unidos\/\" \/>\n<meta property=\"og:site_name\" content=\"ESTA - Estados Unidos\" \/>\n<meta property=\"article:modified_time\" content=\"2025-09-13T11:57:18+00:00\" \/>\n<meta name=\"twitter:card\" content=\"summary_large_image\" \/>\n<meta name=\"twitter:label1\" content=\"Tiempo de lectura\" \/>\n\t<meta name=\"twitter:data1\" content=\"4 minutos\" \/>\n<script type=\"application\/ld+json\" class=\"yoast-schema-graph\">{\"@context\":\"https:\/\/schema.org\",\"@graph\":[{\"@type\":\"WebPage\",\"@id\":\"https:\/\/www.esta-officiel-usa.com\/es\/visados-b1-y-b2-para-entrar-en-estados-unidos\/\",\"url\":\"https:\/\/www.esta-officiel-usa.com\/es\/visados-b1-y-b2-para-entrar-en-estados-unidos\/\",\"name\":\"visados b1 y b2 para entrar en estados unidos\",\"isPartOf\":{\"@id\":\"https:\/\/www.esta-officiel-usa.com\/es\/#website\"},\"datePublished\":\"2025-09-13T11:57:17+00:00\",\"dateModified\":\"2025-09-13T11:57:18+00:00\",\"description\":\"Para viajar a EE.UU. por turismo o negocios durante m\u00e1s de 90 d\u00edas, tienes que solicitar un visado B1 o B2. M\u00e1s informaci\u00f3n en el art\u00edculo.\",\"breadcrumb\":{\"@id\":\"https:\/\/www.esta-officiel-usa.com\/es\/visados-b1-y-b2-para-entrar-en-estados-unidos\/#breadcrumb\"},\"inLanguage\":\"es\",\"potentialAction\":[{\"@type\":\"ReadAction\",\"target\":[\"https:\/\/www.esta-officiel-usa.com\/es\/visados-b1-y-b2-para-entrar-en-estados-unidos\/\"]}]},{\"@type\":\"BreadcrumbList\",\"@id\":\"https:\/\/www.esta-officiel-usa.com\/es\/visados-b1-y-b2-para-entrar-en-estados-unidos\/#breadcrumb\",\"itemListElement\":[{\"@type\":\"ListItem\",\"position\":1,\"name\":\"Inicio\",\"item\":\"https:\/\/www.esta-officiel-usa.com\/es\/\"},{\"@type\":\"ListItem\",\"position\":2,\"name\":\"visados b1 y b2 para entrar en estados unidos\"}]},{\"@type\":\"WebSite\",\"@id\":\"https:\/\/www.esta-officiel-usa.com\/es\/#website\",\"url\":\"https:\/\/www.esta-officiel-usa.com\/es\/\",\"name\":\"ESTA - Estados Unidos\",\"description\":\"Formulario de solicitud ESTA\",\"potentialAction\":[{\"@type\":\"SearchAction\",\"target\":{\"@type\":\"EntryPoint\",\"urlTemplate\":\"https:\/\/www.esta-officiel-usa.com\/es\/?s={search_term_string}\"},\"query-input\":{\"@type\":\"PropertyValueSpecification\",\"valueRequired\":true,\"valueName\":\"search_term_string\"}}],\"inLanguage\":\"es\"}]}<\/script>\n<!-- \/ Yoast SEO plugin. -->","yoast_head_json":{"title":"visados b1 y b2 para entrar en estados unidos","description":"Para viajar a EE.UU. por turismo o negocios durante m\u00e1s de 90 d\u00edas, tienes que solicitar un visado B1 o B2. M\u00e1s informaci\u00f3n en el art\u00edculo.","robots":{"index":"index","follow":"follow","max-snippet":"max-snippet:-1","max-image-preview":"max-image-preview:large","max-video-preview":"max-video-preview:-1"},"canonical":"https:\/\/www.esta-officiel-usa.com\/es\/visados-b1-y-b2-para-entrar-en-estados-unidos\/","og_locale":"es_ES","og_type":"article","og_title":"visados b1 y b2 para entrar en estados unidos","og_description":"Para viajar a EE.UU. por turismo o negocios durante m\u00e1s de 90 d\u00edas, tienes que solicitar un visado B1 o B2. M\u00e1s informaci\u00f3n en el art\u00edculo.","og_url":"https:\/\/www.esta-officiel-usa.com\/es\/visados-b1-y-b2-para-entrar-en-estados-unidos\/","og_site_name":"ESTA - Estados Unidos","article_modified_time":"2025-09-13T11:57:18+00:00","twitter_card":"summary_large_image","twitter_misc":{"Tiempo de lectura":"4 minutos"},"schema":{"@context":"https:\/\/schema.org","@graph":[{"@type":"WebPage","@id":"https:\/\/www.esta-officiel-usa.com\/es\/visados-b1-y-b2-para-entrar-en-estados-unidos\/","url":"https:\/\/www.esta-officiel-usa.com\/es\/visados-b1-y-b2-para-entrar-en-estados-unidos\/","name":"visados b1 y b2 para entrar en estados unidos","isPartOf":{"@id":"https:\/\/www.esta-officiel-usa.com\/es\/#website"},"datePublished":"2025-09-13T11:57:17+00:00","dateModified":"2025-09-13T11:57:18+00:00","description":"Para viajar a EE.UU. por turismo o negocios durante m\u00e1s de 90 d\u00edas, tienes que solicitar un visado B1 o B2. M\u00e1s informaci\u00f3n en el art\u00edculo.","breadcrumb":{"@id":"https:\/\/www.esta-officiel-usa.com\/es\/visados-b1-y-b2-para-entrar-en-estados-unidos\/#breadcrumb"},"inLanguage":"es","potentialAction":[{"@type":"ReadAction","target":["https:\/\/www.esta-officiel-usa.com\/es\/visados-b1-y-b2-para-entrar-en-estados-unidos\/"]}]},{"@type":"BreadcrumbList","@id":"https:\/\/www.esta-officiel-usa.com\/es\/visados-b1-y-b2-para-entrar-en-estados-unidos\/#breadcrumb","itemListElement":[{"@type":"ListItem","position":1,"name":"Inicio","item":"https:\/\/www.esta-officiel-usa.com\/es\/"},{"@type":"ListItem","position":2,"name":"visados b1 y b2 para entrar en estados unidos"}]},{"@type":"WebSite","@id":"https:\/\/www.esta-officiel-usa.com\/es\/#website","url":"https:\/\/www.esta-officiel-usa.com\/es\/","name":"ESTA - Estados Unidos","description":"Formulario de solicitud ESTA","potentialAction":[{"@type":"SearchAction","target":{"@type":"EntryPoint","urlTemplate":"https:\/\/www.esta-officiel-usa.com\/es\/?s={search_term_string}"},"query-input":{"@type":"PropertyValueSpecification","valueRequired":true,"valueName":"search_term_string"}}],"inLanguage":"es"}]}},"_links":{"self":[{"href":"https:\/\/www.esta-officiel-usa.com\/es\/wp-json\/wp\/v2\/pages\/903","targetHints":{"allow":["GET"]}}],"collection":[{"href":"https:\/\/www.esta-officiel-usa.com\/es\/wp-json\/wp\/v2\/pages"}],"about":[{"href":"https:\/\/www.esta-officiel-usa.com\/es\/wp-json\/wp\/v2\/types\/page"}],"author":[{"embeddable":true,"href":"https:\/\/www.esta-officiel-usa.com\/es\/wp-json\/wp\/v2\/users\/1"}],"replies":[{"embeddable":true,"href":"https:\/\/www.esta-officiel-usa.com\/es\/wp-json\/wp\/v2\/comments?post=903"}],"version-history":[{"count":1,"href":"https:\/\/www.esta-officiel-usa.com\/es\/wp-json\/wp\/v2\/pages\/903\/revisions"}],"predecessor-version":[{"id":905,"href":"https:\/\/www.esta-officiel-usa.com\/es\/wp-json\/wp\/v2\/pages\/903\/revisions\/905"}],"wp:attachment":[{"href":"https:\/\/www.esta-officiel-usa.com\/es\/wp-json\/wp\/v2\/media?parent=903"}],"curies":[{"name":"wp","href":"https:\/\/api.w.org\/{rel}","templated":true}]}}