{"id":908,"date":"2025-09-13T11:57:25","date_gmt":"2025-09-13T11:57:25","guid":{"rendered":"https:\/\/www.esta-officiel-usa.com\/visado-l1-para-traslados-de-ejecutivos-a-ee-uu\/"},"modified":"2025-09-13T11:57:25","modified_gmt":"2025-09-13T11:57:25","slug":"visado-l1-para-traslados-de-ejecutivos-a-ee-uu","status":"publish","type":"page","link":"https:\/\/www.esta-officiel-usa.com\/es\/visado-l1-para-traslados-de-ejecutivos-a-ee-uu\/","title":{"rendered":"visado l1 para traslados de ejecutivos a ee.uu."},"content":{"rendered":"\n<h1 class=\"wp-block-heading\">Presentaci\u00f3n del visado L1<\/h1>\n\n<p>Los ciudadanos franceses suelen solicitar un <a href=\"https:\/\/www.esta-officiel-usa.com\/es\/\">ESTA<\/a> para sus estancias en Estados Unidos. Sin embargo, no todas las estancias est\u00e1n cubiertas, y a veces es necesario optar por un visado expedido por la embajada estadounidense. En este art\u00edculo, nos centramos en el visado L1, tambi\u00e9n conocido como visado de traslado L1.  <\/p>\n\n<h2 class=\"wp-block-heading\">\u00bfQu\u00e9 es el visado de traslado L1?<\/h2>\n\n<p>Como su nombre indica, el visado de traslado L1 permite a las empresas \nque cumplan los requisitos trasladar a directivos, ejecutivos y personal altamente cualificado \nde una empresa extranjera a una filial o sucursal \nen Estados Unidos.<\/p>\n\n<p>La solicitud del visado L1, que es un visado de no inmigrante, debe hacerla\n la propia empresa estadounidense. Si el solicitante est\u00e1 en el extranjero,\n la solicitud la tramita la embajada de EE.UU. ( \nservicios consulares) en el pa\u00eds de origen. Si el solicitante ya est\u00e1 en EE.UU.,\n debe presentar una solicitud de cambio de estatus a los servicios de inmigraci\u00f3n \n.  <\/p>\n\n<p>Los directivos y ejecutivos est\u00e1n cubiertos por el visado L1a, mientras que los empleados \ncon conocimientos especializados est\u00e1n cubiertos por el visado L1b. El visado \ntiene una validez de tres a\u00f1os (un a\u00f1o para las empresas de nueva creaci\u00f3n \n). Puede renovarse por un m\u00e1ximo de 7 a\u00f1os para los ejecutivos y directivos \ny por un m\u00e1ximo de 5 a\u00f1os para los empleados altamente cualificados \n. Por supuesto, es posible que un titular del visado L1b \nobtenga un visado L1a si asciende.     <\/p>\n\n<p>El c\u00f3nyuge y los hijos menores de edad (menores de 21 a\u00f1os) del titular de un visado de traslado \nL1 pueden obtener un visado L2 que les autorice a \ntrabajar y estudiar en Estados Unidos.<\/p>\n\n<p>Por \u00faltimo, el visado de traslado L1 te permite presentar una solicitud simplificada de <a href=\"https:\/\/www.esta-officiel-usa.com\/fr\/la-demande-de-green-card-pour-le-travail\/\">tarjeta verde por motivos profesionales<\/a>; la tarjeta<a href=\"https:\/\/www.esta-officiel-usa.com\/fr\/quest-ce-que-la-green-card\/\">verde<\/a> es la tarjeta de residente permanente.<\/p>\n\n<h2 class=\"wp-block-heading\">Condiciones de acceso al visado L1<\/h2>\n\n<p>El visado L1 impone condiciones tanto a la empresa con sede en EE.UU. como al trabajador que solicita el visado.<\/p>\n\n<h3 class=\"wp-block-heading\">Condiciones que debe cumplir la empresa estadounidense<\/h3>\n\n<p>El visado L1 lo solicita la propia empresa. Est\u00e1 \nsujeto a determinados criterios. La empresa con sede en EE.UU. debe tener una relaci\u00f3n \n\u00abcualificada\u00bb con la empresa extranjera, es decir, \nser la empresa matriz, una de sus agencias, sucursales, filiales o \nempresas afiliadas.  <\/p>\n\n<p>La empresa estadounidense tambi\u00e9n debe ejercer su actividad como \nempresario tanto en Estados Unidos como en la empresa extranjera. La\n forma jur\u00eddica de la empresa no es importante en s\u00ed misma; lo mismo se aplica \na la actividad realizada. <\/p>\n\n<p>Cabe se\u00f1alar que el visado L1 tambi\u00e9n puede ser solicitado por \nempresas de nueva creaci\u00f3n, es decir, el establecimiento de una \nnueva filial o sucursal en EE.UU.. En ese caso, el visado L1 puede concederse \ndurante 12 meses renovables, siempre que la empresa \npresente pruebas de las disposiciones tomadas para el establecimiento de \nnuevas oficinas en EEUU. <\/p>\n\n<h3 class=\"wp-block-heading\">Condiciones que debe cumplir el trabajador transferido<\/h3>\n\n<p>Para poder optar al visado L1, los solicitantes deben ocupar un puesto directivo, ejecutivo o de especialista en \nEstados Unidos. El\n candidato debe haber ocupado el mismo puesto en la empresa extranjera \ndurante al menos 12 meses en los \u00faltimos tres a\u00f1os. Es \nimportante se\u00f1alar que para obtener un visado L1, los solicitantes deben \ncumplir los requisitos exactos del puesto definidos por las autoridades de inmigraci\u00f3n estadounidenses \n.  <\/p>\n\n<p>Debido al acceso simplificado a la tarjeta verde, las autoridades estadounidenses estudian muy cuidadosamente las solicitudes de visado L1, y deben cumplirse escrupulosamente todas las condiciones o la solicitud ser\u00e1 denegada. Si la solicitud es denegada, puede ser posible solicitar un visado H1B. <\/p>\n","protected":false},"excerpt":{"rendered":"<p>Presentaci\u00f3n del visado L1 Los ciudadanos franceses suelen solicitar un ESTA para sus estancias en Estados Unidos. Sin embargo, no todas las estancias est\u00e1n cubiertas, y a veces es necesario optar por un visado expedido por la embajada estadounidense. En este art\u00edculo, nos centramos en el visado L1, tambi\u00e9n conocido como visado de traslado L1. [&hellip;]<\/p>\n","protected":false},"author":1,"featured_media":0,"parent":0,"menu_order":0,"comment_status":"closed","ping_status":"closed","template":"","meta":{"footnotes":""},"class_list":["post-908","page","type-page","status-publish","hentry"],"yoast_head":"<!-- This site is optimized with the Yoast SEO plugin v26.2 - https:\/\/yoast.com\/wordpress\/plugins\/seo\/ -->\n<title>visado l1 para traslados de ejecutivos a ee.uu.<\/title>\n<meta name=\"description\" content=\"Todo lo que necesitas saber sobre el visado L1: sus criterios de elegibilidad, cu\u00e1nto tiempo es v\u00e1lido, c\u00f3mo obtenerlo, c\u00f3mo renovarlo y mucho m\u00e1s.\" \/>\n<meta name=\"robots\" content=\"index, follow, max-snippet:-1, max-image-preview:large, max-video-preview:-1\" \/>\n<link rel=\"canonical\" href=\"https:\/\/www.esta-officiel-usa.com\/es\/visado-l1-para-traslados-de-ejecutivos-a-ee-uu\/\" \/>\n<meta property=\"og:locale\" content=\"es_ES\" \/>\n<meta property=\"og:type\" content=\"article\" \/>\n<meta property=\"og:title\" content=\"visado l1 para traslados de ejecutivos a ee.uu.\" \/>\n<meta property=\"og:description\" content=\"Todo lo que necesitas saber sobre el visado L1: sus criterios de elegibilidad, cu\u00e1nto tiempo es v\u00e1lido, c\u00f3mo obtenerlo, c\u00f3mo renovarlo y mucho m\u00e1s.\" \/>\n<meta property=\"og:url\" content=\"https:\/\/www.esta-officiel-usa.com\/es\/visado-l1-para-traslados-de-ejecutivos-a-ee-uu\/\" \/>\n<meta property=\"og:site_name\" content=\"ESTA - Estados Unidos\" \/>\n<meta name=\"twitter:card\" content=\"summary_large_image\" \/>\n<meta name=\"twitter:label1\" content=\"Tiempo de lectura\" \/>\n\t<meta name=\"twitter:data1\" content=\"3 minutos\" \/>\n<script type=\"application\/ld+json\" class=\"yoast-schema-graph\">{\"@context\":\"https:\/\/schema.org\",\"@graph\":[{\"@type\":\"WebPage\",\"@id\":\"https:\/\/www.esta-officiel-usa.com\/es\/visado-l1-para-traslados-de-ejecutivos-a-ee-uu\/\",\"url\":\"https:\/\/www.esta-officiel-usa.com\/es\/visado-l1-para-traslados-de-ejecutivos-a-ee-uu\/\",\"name\":\"visado l1 para traslados de ejecutivos a ee.uu.\",\"isPartOf\":{\"@id\":\"https:\/\/www.esta-officiel-usa.com\/es\/#website\"},\"datePublished\":\"2025-09-13T11:57:25+00:00\",\"description\":\"Todo lo que necesitas saber sobre el visado L1: sus criterios de elegibilidad, cu\u00e1nto tiempo es v\u00e1lido, c\u00f3mo obtenerlo, c\u00f3mo renovarlo y mucho m\u00e1s.\",\"breadcrumb\":{\"@id\":\"https:\/\/www.esta-officiel-usa.com\/es\/visado-l1-para-traslados-de-ejecutivos-a-ee-uu\/#breadcrumb\"},\"inLanguage\":\"es\",\"potentialAction\":[{\"@type\":\"ReadAction\",\"target\":[\"https:\/\/www.esta-officiel-usa.com\/es\/visado-l1-para-traslados-de-ejecutivos-a-ee-uu\/\"]}]},{\"@type\":\"BreadcrumbList\",\"@id\":\"https:\/\/www.esta-officiel-usa.com\/es\/visado-l1-para-traslados-de-ejecutivos-a-ee-uu\/#breadcrumb\",\"itemListElement\":[{\"@type\":\"ListItem\",\"position\":1,\"name\":\"Inicio\",\"item\":\"https:\/\/www.esta-officiel-usa.com\/es\/\"},{\"@type\":\"ListItem\",\"position\":2,\"name\":\"visado l1 para traslados de ejecutivos a ee.uu.\"}]},{\"@type\":\"WebSite\",\"@id\":\"https:\/\/www.esta-officiel-usa.com\/es\/#website\",\"url\":\"https:\/\/www.esta-officiel-usa.com\/es\/\",\"name\":\"ESTA - Estados Unidos\",\"description\":\"Formulario de solicitud ESTA\",\"potentialAction\":[{\"@type\":\"SearchAction\",\"target\":{\"@type\":\"EntryPoint\",\"urlTemplate\":\"https:\/\/www.esta-officiel-usa.com\/es\/?s={search_term_string}\"},\"query-input\":{\"@type\":\"PropertyValueSpecification\",\"valueRequired\":true,\"valueName\":\"search_term_string\"}}],\"inLanguage\":\"es\"}]}<\/script>\n<!-- \/ Yoast SEO plugin. -->","yoast_head_json":{"title":"visado l1 para traslados de ejecutivos a ee.uu.","description":"Todo lo que necesitas saber sobre el visado L1: sus criterios de elegibilidad, cu\u00e1nto tiempo es v\u00e1lido, c\u00f3mo obtenerlo, c\u00f3mo renovarlo y mucho m\u00e1s.","robots":{"index":"index","follow":"follow","max-snippet":"max-snippet:-1","max-image-preview":"max-image-preview:large","max-video-preview":"max-video-preview:-1"},"canonical":"https:\/\/www.esta-officiel-usa.com\/es\/visado-l1-para-traslados-de-ejecutivos-a-ee-uu\/","og_locale":"es_ES","og_type":"article","og_title":"visado l1 para traslados de ejecutivos a ee.uu.","og_description":"Todo lo que necesitas saber sobre el visado L1: sus criterios de elegibilidad, cu\u00e1nto tiempo es v\u00e1lido, c\u00f3mo obtenerlo, c\u00f3mo renovarlo y mucho m\u00e1s.","og_url":"https:\/\/www.esta-officiel-usa.com\/es\/visado-l1-para-traslados-de-ejecutivos-a-ee-uu\/","og_site_name":"ESTA - Estados Unidos","twitter_card":"summary_large_image","twitter_misc":{"Tiempo de lectura":"3 minutos"},"schema":{"@context":"https:\/\/schema.org","@graph":[{"@type":"WebPage","@id":"https:\/\/www.esta-officiel-usa.com\/es\/visado-l1-para-traslados-de-ejecutivos-a-ee-uu\/","url":"https:\/\/www.esta-officiel-usa.com\/es\/visado-l1-para-traslados-de-ejecutivos-a-ee-uu\/","name":"visado l1 para traslados de ejecutivos a ee.uu.","isPartOf":{"@id":"https:\/\/www.esta-officiel-usa.com\/es\/#website"},"datePublished":"2025-09-13T11:57:25+00:00","description":"Todo lo que necesitas saber sobre el visado L1: sus criterios de elegibilidad, cu\u00e1nto tiempo es v\u00e1lido, c\u00f3mo obtenerlo, c\u00f3mo renovarlo y mucho m\u00e1s.","breadcrumb":{"@id":"https:\/\/www.esta-officiel-usa.com\/es\/visado-l1-para-traslados-de-ejecutivos-a-ee-uu\/#breadcrumb"},"inLanguage":"es","potentialAction":[{"@type":"ReadAction","target":["https:\/\/www.esta-officiel-usa.com\/es\/visado-l1-para-traslados-de-ejecutivos-a-ee-uu\/"]}]},{"@type":"BreadcrumbList","@id":"https:\/\/www.esta-officiel-usa.com\/es\/visado-l1-para-traslados-de-ejecutivos-a-ee-uu\/#breadcrumb","itemListElement":[{"@type":"ListItem","position":1,"name":"Inicio","item":"https:\/\/www.esta-officiel-usa.com\/es\/"},{"@type":"ListItem","position":2,"name":"visado l1 para traslados de ejecutivos a ee.uu."}]},{"@type":"WebSite","@id":"https:\/\/www.esta-officiel-usa.com\/es\/#website","url":"https:\/\/www.esta-officiel-usa.com\/es\/","name":"ESTA - Estados Unidos","description":"Formulario de solicitud ESTA","potentialAction":[{"@type":"SearchAction","target":{"@type":"EntryPoint","urlTemplate":"https:\/\/www.esta-officiel-usa.com\/es\/?s={search_term_string}"},"query-input":{"@type":"PropertyValueSpecification","valueRequired":true,"valueName":"search_term_string"}}],"inLanguage":"es"}]}},"_links":{"self":[{"href":"https:\/\/www.esta-officiel-usa.com\/es\/wp-json\/wp\/v2\/pages\/908","targetHints":{"allow":["GET"]}}],"collection":[{"href":"https:\/\/www.esta-officiel-usa.com\/es\/wp-json\/wp\/v2\/pages"}],"about":[{"href":"https:\/\/www.esta-officiel-usa.com\/es\/wp-json\/wp\/v2\/types\/page"}],"author":[{"embeddable":true,"href":"https:\/\/www.esta-officiel-usa.com\/es\/wp-json\/wp\/v2\/users\/1"}],"replies":[{"embeddable":true,"href":"https:\/\/www.esta-officiel-usa.com\/es\/wp-json\/wp\/v2\/comments?post=908"}],"version-history":[{"count":1,"href":"https:\/\/www.esta-officiel-usa.com\/es\/wp-json\/wp\/v2\/pages\/908\/revisions"}],"predecessor-version":[{"id":909,"href":"https:\/\/www.esta-officiel-usa.com\/es\/wp-json\/wp\/v2\/pages\/908\/revisions\/909"}],"wp:attachment":[{"href":"https:\/\/www.esta-officiel-usa.com\/es\/wp-json\/wp\/v2\/media?parent=908"}],"curies":[{"name":"wp","href":"https:\/\/api.w.org\/{rel}","templated":true}]}}