{"id":914,"date":"2025-09-13T11:57:31","date_gmt":"2025-09-13T11:57:31","guid":{"rendered":"https:\/\/www.esta-officiel-usa.com\/que-seguro-medico-necesito-para-viajar-a-ee-uu\/"},"modified":"2025-09-13T11:57:31","modified_gmt":"2025-09-13T11:57:31","slug":"que-seguro-medico-necesito-para-viajar-a-ee-uu","status":"publish","type":"page","link":"https:\/\/www.esta-officiel-usa.com\/es\/que-seguro-medico-necesito-para-viajar-a-ee-uu\/","title":{"rendered":"\u00bfQu\u00e9 seguro m\u00e9dico necesito para viajar a EE.UU.?"},"content":{"rendered":"\n<h1 class=\"wp-block-heading\">Nuestros consejos para elegir un seguro m\u00e9dico en EE.UU.<\/h1>\n\n<p>Hacer un viaje al extranjero no es un asunto trivial, sobre todo cuando implica aventurarse en Estados Unidos. Una vez que hayas solicitado tu <a href=\"https:\/\/www.esta-officiel-usa.com\/es\/\">ESTA<\/a> o visado, tambi\u00e9n tienes que considerar la elecci\u00f3n de un buen seguro m\u00e9dico. El coste de la atenci\u00f3n m\u00e9dica en Estados Unidos puede ser desorbitado, y el reembolso de los gastos puede variar dr\u00e1sticamente en funci\u00f3n de tu mutua o de tu compa\u00f1\u00eda de seguros.  <\/p>\n\n<p><a href=\"https:\/\/www.esta-officiel-usa.com\/fr\/voyager-aux-usa-et-decouvrir-las-vegas\/\">Las Vegas<\/a> y <a href=\"https:\/\/www.esta-officiel-usa.com\/fr\/decouvrir-la-ville-de-new-york-city\/\">Nueva York <\/a>pueden ser la materia de los sue\u00f1os, pero el sistema sanitario estadounidense no lo es. De hecho, no funciona en absoluto como en Francia o algunos otros pa\u00edses europeos del espacio Schengen. Si por desgracia tienes que ser hospitalizado en EE.UU., es muy probable que lamentes no haber podido acogerte a la tarjeta sanitaria europea o al sistema de seguridad social franc\u00e9s&#8230; Por eso es importante prever todas las posibilidades de un posible problema de salud durante tu viaje a EE.UU. y reducir as\u00ed las sorpresas desagradables.  <\/p>\n\n<h2 class=\"wp-block-heading\">\u00bfQu\u00e9 seguro m\u00e9dico estadounidense debo elegir?<\/h2>\n\n<p>No es f\u00e1cil decidirse entre el seguro de expatriaci\u00f3n (tambi\u00e9n conocido como seguro para expatriados \n), el seguro a todo riesgo y el seguro de responsabilidad civil \n. \u00bfQu\u00e9 debes elegir en funci\u00f3n de tu estatus? Es importante \ntomarte tu tiempo y hacer la elecci\u00f3n correcta, con la ayuda de un comparador de seguros \n, por ejemplo. Muchos corredores de seguros \npueden ayudarte a encontrar la p\u00f3liza que m\u00e1s te convenga \n.   <\/p>\n\n<h3 class=\"wp-block-heading\">Sistemas privados y p\u00fablicos en Estados Unidos<\/h3>\n\n<p>El sistema sanitario estadounidense es un sistema mutualista, lo que \nsignifica que cada persona paga cotizaciones a organizaciones privadas. Los\n beneficiarios pagan un saldo mensual, cuyo importe var\u00eda en funci\u00f3n de \ndeterminados criterios (edad, enfermedad, estado general de salud, \netc). Una persona obesa o fumadora, por ejemplo, tendr\u00e1 que \npagar m\u00e1s, ya que los riesgos de desarrollar determinadas enfermedades son \nmayores. Este sistema es totalmente distinto de nuestro sistema \n, que se basa en la solidaridad.   <\/p>\n\n<p>Sin embargo, existen 2 sistemas p\u00fablicos, financiados por el gobierno,\n y dirigidos a los m\u00e1s desfavorecidos y a las personas mayores: MEDICARE y \nMEDICAID.<\/p>\n\n<p>Con la aplicaci\u00f3n de la Ley de Protecci\u00f3n al Paciente y Asistencia Asequible \n, \ntodos los estadounidenses est\u00e1n obligados a contratar un seguro m\u00e9dico \n. Esta ley, apodada Obamacare porque fue idea de \nel anterior presidente, pretende reformar el sistema sanitario estadounidense\n y reducir las desigualdades dando a millones de estadounidenses \nacceso a la cobertura de la seguridad social. <\/p>\n\n<h3 class=\"wp-block-heading\">Otras opciones de seguro para Estados Unidos<\/h3>\n\n<p>Algunas tarjetas Visa o Mastercard Oro tambi\u00e9n pueden ofrecer \nseguro m\u00e9dico para expatriados, as\u00ed como otros servicios como \nseguro de viaje, asistencia en repatriaci\u00f3n y\n reembolso parcial de tus gastos m\u00e9dicos. Inf\u00f3rmate en \nsobre tus derechos en caso de problema. <\/p>\n\n<p>Otra forma de obtener una cobertura parcial es matricularte en una universidad, aunque s\u00f3lo sea para un curso.<\/p>\n\n<p>Tambi\u00e9n es muy posible contratar un seguro internacional en \n, aunque hay que tener cuidado de que sea compatible con \nlos requisitos del gobierno estadounidense.<\/p>\n\n<p>Tu elecci\u00f3n entre estos distintos tipos de seguro depender\u00e1 de tu perfil: si eres un trotamundos que quiere visitar los parques <a href=\"https:\/\/www.esta-officiel-usa.com\/fr\/visite-des-parcs-nationaux-aux-etats-unis\/\">nacionales<\/a>, un estudiante, un becario o un trabajador, el precio y la cobertura de tu seguro no ser\u00e1n los mismos.<\/p>\n\n<h2 class=\"wp-block-heading\">Informaci\u00f3n importante en el contrato de seguro de enfermedad<\/h2>\n\n<p>Existe un vocabulario muy espec\u00edfico relativo a los seguros estadounidenses.\n Conocerlo y tenerlo en cuenta te ayudar\u00e1 a evitar sorpresas desagradables \n.<\/p>\n\n<p>Ciertos elementos determinan la cantidad de dinero que tendr\u00e1s que \npagar cada mes o en caso de siniestro. En\n tendr\u00e1s que comprobar los t\u00e9rminos \u00abcopago\u00bb (la cantidad que queda por pagar), \n\u00abm\u00e1ximo de bolsillo\u00bb (el l\u00edmite m\u00e1ximo), \u00abfranquicia\u00bb (el exceso), \n\u00abexclusiones\u00bb o la red de m\u00e9dicos que cubre el seguro \ncon \u00abred\u00bb. Estos detalles te ayudar\u00e1n a determinar \nqu\u00e9 plan de asistencia m\u00e9dica elegir en caso de accidente.  <\/p>\n\n<p>En general, es aconsejable solicitar la cobertura completa \n, aunque es m\u00e1s cara. Hay que tener en cuenta que, en determinados casos \n, es econ\u00f3micamente m\u00e1s ventajoso ser repatriado \na tu pa\u00eds para recibir tratamiento. <\/p>\n\n<p>Para aprovechar al m\u00e1ximo tu estancia en el extranjero, tambi\u00e9n deber\u00edas contratar\n otros tipos de seguros, como el seguro del hogar, \nasistencia jur\u00eddica o asistencia en viaje (protecci\u00f3n de efectos personales \n) si fuera necesario. El seguro de cancelaci\u00f3n de viaje tambi\u00e9n puede ser \u00fatil en determinados casos \n. Puedes encontrar algunas organizaciones \nque ofrecen packs, por ejemplo Chapka assurances \no Mondial assistance (Allianz travel).  <\/p>\n","protected":false},"excerpt":{"rendered":"<p>Nuestros consejos para elegir un seguro m\u00e9dico en EE.UU. Hacer un viaje al extranjero no es un asunto trivial, sobre todo cuando implica aventurarse en Estados Unidos. Una vez que hayas solicitado tu ESTA o visado, tambi\u00e9n tienes que considerar la elecci\u00f3n de un buen seguro m\u00e9dico. El coste de la atenci\u00f3n m\u00e9dica en Estados [&hellip;]<\/p>\n","protected":false},"author":1,"featured_media":0,"parent":0,"menu_order":0,"comment_status":"closed","ping_status":"closed","template":"","meta":{"footnotes":""},"class_list":["post-914","page","type-page","status-publish","hentry"],"yoast_head":"<!-- This site is optimized with the Yoast SEO plugin v26.2 - https:\/\/yoast.com\/wordpress\/plugins\/seo\/ -->\n<title>\u00bfQu\u00e9 seguro m\u00e9dico necesito para viajar a EE.UU.?<\/title>\n<meta name=\"description\" content=\"Estados Unidos de Am\u00e9rica tiene uno de los sistemas sanitarios m\u00e1s caros del mundo, por lo que es esencial que contrates un seguro m\u00e9dico antes de tu estancia.\" \/>\n<meta name=\"robots\" content=\"index, follow, max-snippet:-1, max-image-preview:large, max-video-preview:-1\" \/>\n<link rel=\"canonical\" href=\"https:\/\/www.esta-officiel-usa.com\/es\/que-seguro-medico-necesito-para-viajar-a-ee-uu\/\" \/>\n<meta property=\"og:locale\" content=\"es_ES\" \/>\n<meta property=\"og:type\" content=\"article\" \/>\n<meta property=\"og:title\" content=\"\u00bfQu\u00e9 seguro m\u00e9dico necesito para viajar a EE.UU.?\" \/>\n<meta property=\"og:description\" content=\"Estados Unidos de Am\u00e9rica tiene uno de los sistemas sanitarios m\u00e1s caros del mundo, por lo que es esencial que contrates un seguro m\u00e9dico antes de tu estancia.\" \/>\n<meta property=\"og:url\" content=\"https:\/\/www.esta-officiel-usa.com\/es\/que-seguro-medico-necesito-para-viajar-a-ee-uu\/\" \/>\n<meta property=\"og:site_name\" content=\"ESTA - Estados Unidos\" \/>\n<meta name=\"twitter:card\" content=\"summary_large_image\" \/>\n<meta name=\"twitter:label1\" content=\"Tiempo de lectura\" \/>\n\t<meta name=\"twitter:data1\" content=\"4 minutos\" \/>\n<script type=\"application\/ld+json\" class=\"yoast-schema-graph\">{\"@context\":\"https:\/\/schema.org\",\"@graph\":[{\"@type\":\"WebPage\",\"@id\":\"https:\/\/www.esta-officiel-usa.com\/es\/que-seguro-medico-necesito-para-viajar-a-ee-uu\/\",\"url\":\"https:\/\/www.esta-officiel-usa.com\/es\/que-seguro-medico-necesito-para-viajar-a-ee-uu\/\",\"name\":\"\u00bfQu\u00e9 seguro m\u00e9dico necesito para viajar a EE.UU.?\",\"isPartOf\":{\"@id\":\"https:\/\/www.esta-officiel-usa.com\/es\/#website\"},\"datePublished\":\"2025-09-13T11:57:31+00:00\",\"description\":\"Estados Unidos de Am\u00e9rica tiene uno de los sistemas sanitarios m\u00e1s caros del mundo, por lo que es esencial que contrates un seguro m\u00e9dico antes de tu estancia.\",\"breadcrumb\":{\"@id\":\"https:\/\/www.esta-officiel-usa.com\/es\/que-seguro-medico-necesito-para-viajar-a-ee-uu\/#breadcrumb\"},\"inLanguage\":\"es\",\"potentialAction\":[{\"@type\":\"ReadAction\",\"target\":[\"https:\/\/www.esta-officiel-usa.com\/es\/que-seguro-medico-necesito-para-viajar-a-ee-uu\/\"]}]},{\"@type\":\"BreadcrumbList\",\"@id\":\"https:\/\/www.esta-officiel-usa.com\/es\/que-seguro-medico-necesito-para-viajar-a-ee-uu\/#breadcrumb\",\"itemListElement\":[{\"@type\":\"ListItem\",\"position\":1,\"name\":\"Inicio\",\"item\":\"https:\/\/www.esta-officiel-usa.com\/es\/\"},{\"@type\":\"ListItem\",\"position\":2,\"name\":\"\u00bfQu\u00e9 seguro m\u00e9dico necesito para viajar a EE.UU.?\"}]},{\"@type\":\"WebSite\",\"@id\":\"https:\/\/www.esta-officiel-usa.com\/es\/#website\",\"url\":\"https:\/\/www.esta-officiel-usa.com\/es\/\",\"name\":\"ESTA - Estados Unidos\",\"description\":\"Formulario de solicitud ESTA\",\"potentialAction\":[{\"@type\":\"SearchAction\",\"target\":{\"@type\":\"EntryPoint\",\"urlTemplate\":\"https:\/\/www.esta-officiel-usa.com\/es\/?s={search_term_string}\"},\"query-input\":{\"@type\":\"PropertyValueSpecification\",\"valueRequired\":true,\"valueName\":\"search_term_string\"}}],\"inLanguage\":\"es\"}]}<\/script>\n<!-- \/ Yoast SEO plugin. -->","yoast_head_json":{"title":"\u00bfQu\u00e9 seguro m\u00e9dico necesito para viajar a EE.UU.?","description":"Estados Unidos de Am\u00e9rica tiene uno de los sistemas sanitarios m\u00e1s caros del mundo, por lo que es esencial que contrates un seguro m\u00e9dico antes de tu estancia.","robots":{"index":"index","follow":"follow","max-snippet":"max-snippet:-1","max-image-preview":"max-image-preview:large","max-video-preview":"max-video-preview:-1"},"canonical":"https:\/\/www.esta-officiel-usa.com\/es\/que-seguro-medico-necesito-para-viajar-a-ee-uu\/","og_locale":"es_ES","og_type":"article","og_title":"\u00bfQu\u00e9 seguro m\u00e9dico necesito para viajar a EE.UU.?","og_description":"Estados Unidos de Am\u00e9rica tiene uno de los sistemas sanitarios m\u00e1s caros del mundo, por lo que es esencial que contrates un seguro m\u00e9dico antes de tu estancia.","og_url":"https:\/\/www.esta-officiel-usa.com\/es\/que-seguro-medico-necesito-para-viajar-a-ee-uu\/","og_site_name":"ESTA - Estados Unidos","twitter_card":"summary_large_image","twitter_misc":{"Tiempo de lectura":"4 minutos"},"schema":{"@context":"https:\/\/schema.org","@graph":[{"@type":"WebPage","@id":"https:\/\/www.esta-officiel-usa.com\/es\/que-seguro-medico-necesito-para-viajar-a-ee-uu\/","url":"https:\/\/www.esta-officiel-usa.com\/es\/que-seguro-medico-necesito-para-viajar-a-ee-uu\/","name":"\u00bfQu\u00e9 seguro m\u00e9dico necesito para viajar a EE.UU.?","isPartOf":{"@id":"https:\/\/www.esta-officiel-usa.com\/es\/#website"},"datePublished":"2025-09-13T11:57:31+00:00","description":"Estados Unidos de Am\u00e9rica tiene uno de los sistemas sanitarios m\u00e1s caros del mundo, por lo que es esencial que contrates un seguro m\u00e9dico antes de tu estancia.","breadcrumb":{"@id":"https:\/\/www.esta-officiel-usa.com\/es\/que-seguro-medico-necesito-para-viajar-a-ee-uu\/#breadcrumb"},"inLanguage":"es","potentialAction":[{"@type":"ReadAction","target":["https:\/\/www.esta-officiel-usa.com\/es\/que-seguro-medico-necesito-para-viajar-a-ee-uu\/"]}]},{"@type":"BreadcrumbList","@id":"https:\/\/www.esta-officiel-usa.com\/es\/que-seguro-medico-necesito-para-viajar-a-ee-uu\/#breadcrumb","itemListElement":[{"@type":"ListItem","position":1,"name":"Inicio","item":"https:\/\/www.esta-officiel-usa.com\/es\/"},{"@type":"ListItem","position":2,"name":"\u00bfQu\u00e9 seguro m\u00e9dico necesito para viajar a EE.UU.?"}]},{"@type":"WebSite","@id":"https:\/\/www.esta-officiel-usa.com\/es\/#website","url":"https:\/\/www.esta-officiel-usa.com\/es\/","name":"ESTA - Estados Unidos","description":"Formulario de solicitud ESTA","potentialAction":[{"@type":"SearchAction","target":{"@type":"EntryPoint","urlTemplate":"https:\/\/www.esta-officiel-usa.com\/es\/?s={search_term_string}"},"query-input":{"@type":"PropertyValueSpecification","valueRequired":true,"valueName":"search_term_string"}}],"inLanguage":"es"}]}},"_links":{"self":[{"href":"https:\/\/www.esta-officiel-usa.com\/es\/wp-json\/wp\/v2\/pages\/914","targetHints":{"allow":["GET"]}}],"collection":[{"href":"https:\/\/www.esta-officiel-usa.com\/es\/wp-json\/wp\/v2\/pages"}],"about":[{"href":"https:\/\/www.esta-officiel-usa.com\/es\/wp-json\/wp\/v2\/types\/page"}],"author":[{"embeddable":true,"href":"https:\/\/www.esta-officiel-usa.com\/es\/wp-json\/wp\/v2\/users\/1"}],"replies":[{"embeddable":true,"href":"https:\/\/www.esta-officiel-usa.com\/es\/wp-json\/wp\/v2\/comments?post=914"}],"version-history":[{"count":1,"href":"https:\/\/www.esta-officiel-usa.com\/es\/wp-json\/wp\/v2\/pages\/914\/revisions"}],"predecessor-version":[{"id":915,"href":"https:\/\/www.esta-officiel-usa.com\/es\/wp-json\/wp\/v2\/pages\/914\/revisions\/915"}],"wp:attachment":[{"href":"https:\/\/www.esta-officiel-usa.com\/es\/wp-json\/wp\/v2\/media?parent=914"}],"curies":[{"name":"wp","href":"https:\/\/api.w.org\/{rel}","templated":true}]}}