{"id":918,"date":"2025-09-13T11:57:33","date_gmt":"2025-09-13T11:57:33","guid":{"rendered":"https:\/\/www.esta-officiel-usa.com\/acudir-a-la-embajada-de-ee-uu-para-obtener-un-visado\/"},"modified":"2025-09-13T11:57:48","modified_gmt":"2025-09-13T11:57:48","slug":"acudir-a-la-embajada-de-ee-uu-para-obtener-un-visado","status":"publish","type":"page","link":"https:\/\/www.esta-officiel-usa.com\/es\/acudir-a-la-embajada-de-ee-uu-para-obtener-un-visado\/","title":{"rendered":"Acudir a la embajada de EE.UU. para obtener un visado"},"content":{"rendered":"\n<h1 class=\"wp-block-heading\">Acudir a la embajada de EE.UU. para obtener un visado  <\/h1>\n\n<p>\u00bfPiensas trasladarte a Estados Unidos? Si es as\u00ed, tendr\u00e1s que acudir a la embajada estadounidense en Par\u00eds, y con raz\u00f3n, ya que para ello necesitar\u00e1s obtener un visado estadounidense. En este art\u00edculo, nuestros expertos te explican c\u00f3mo concertar esta cita.  <\/p>\n\n<p>Si, por el contrario, deseas visitar EE.UU. durante menos de 90 d\u00edas, deber\u00e1s obtener una <a href=\"https:\/\/www.esta-officiel-usa.com\/es\/\">ESTA<\/a>. Te explicaremos en qu\u00e9 consiste esta autorizaci\u00f3n de viaje en un segundo apartado. <\/p>\n\n<h2 class=\"wp-block-heading\">La cita en la Embajada de EE.UU.<\/h2>\n\n<p>Para permanecer en EE.UU. m\u00e1s de 90 d\u00edas, \nnecesitar\u00e1s obtener un visado. Para obtener un visado de EE.UU., \nponte en contacto con la embajada de EE.UU. en tu pa\u00eds. En \nFrancia, la embajada de EEUU se encuentra en Par\u00eds. Tambi\u00e9n puedes \nponerte en contacto con uno de los 6 consulados \nde Burdeos, Lyon, Marsella, Rennes, Estrasburgo o \n. En cierto modo, se trata de una sucursal de \nla embajada, dirigida por un c\u00f3nsul. Estos dos organismos son una \nrepresentaci\u00f3n del gobierno estadounidense en Francia. La funci\u00f3n de la embajada estadounidense \nes gestionar las solicitudes de visado de los \nfranceses que desean visitar Estados Unidos. Existen \ndos tipos principales de visado: los visados de no inmigrante expedidos para estancias temporales \ny los visados de inmigrante para las personas \nque desean convertirse en residentes permanentes en el pa\u00eds del T\u00edo Sam \n(por ejemplo, la tarjeta verde).       <\/p>\n\n<p>Aqu\u00ed tienes algunos ejemplos de visados:<\/p>\n\n<ul class=\"wp-block-list\"><li>el visado B1 para viajes de negocios a EEUU<\/li><li>Visado B2 para viajes tur\u00edsticos a EE.UU.<\/li><li>el visado J1, imprescindible si quieres hacer pr\u00e1cticas al otro lado del Atl\u00e1ntico<\/li><li>el visado F1 para las personas que desean estudiar en los Estados Unidos de Am\u00e9rica<\/li><\/ul>\n\n<p>Para obtener un visado para visitar Estados Unidos, es obligatoria una cita\n en la embajada estadounidense. El objetivo de esta cita \nes evaluar tu motivaci\u00f3n para venir a EEUU. \nLas citas en la embajada para obtener un visado suelen ser \nen un plazo de 4 a 5 d\u00edas. Tienes que estar preparado antes de\n ir all\u00ed, ya que las autoridades estadounidenses son muy vigilantes, por lo que los visados \ns\u00f3lo se expiden a personas que no presentan ning\u00fan riesgo. \nTambi\u00e9n debes presentarte en la embajada entre 15 y 30 minutos antes de \nla hora de tu cita.  <\/p>\n\n<p>A continuaci\u00f3n, procede como sigue:<\/p>\n\n<p>Etapa 1: a la entrada de la embajada, un agente de seguridad \nte preguntar\u00e1 por tu identidad y la hora de tu cita. A continuaci\u00f3n, \nte har\u00e1 pasar por un esc\u00e1ner de seguridad, y ser\u00e1s \nsometido a un registro como en un aeropuerto (los l\u00edquidos est\u00e1n prohibidos en\n ). Es importante que entiendas que en\n la embajada estadounidense, ya no est\u00e1s en Francia, sino en suelo estadounidense \n.  <\/p>\n\n<p>Paso 2: Una vez que est\u00e9s en Estados Unidos, un representante de \nte dar\u00e1 un n\u00famero. Tendr\u00e1s que \nesperar hasta que tu n\u00famero aparezca en una pantalla. Cuando \nllegue tu turno, volver\u00e1s a someterte a un control de seguridad \n, esta vez en forma de toma de huellas dactilares.  <\/p>\n\n<p>Fase 3: te llevan a una sala de entrevistas, donde te preguntan en \nsobre tus motivos para ir a Estados Unidos \n. Las preguntas suelen ser las siguientes: <\/p>\n\n<ul class=\"wp-block-list\"><li>\u00bfpor qu\u00e9 quieres irte a vivir a ee.uu.? Tienes que explicar por qu\u00e9 quieres ir al pa\u00eds del T\u00edo Sam. <\/li><li>\u00bfde qu\u00e9 recursos econ\u00f3micos dispones para pagar tu estancia en estados unidos en \n? Tendr\u00e1s que presentar una prueba de tu financiaci\u00f3n en \n(contrato de trabajo). <\/li><li>si tu objetivo es trabajar en Estados Unidos, \ntendr\u00e1s que presentar una oferta de trabajo estadounidense a la que \npuedas optar.<\/li><\/ul>\n\n<p>Al final de la entrevista, sabr\u00e1s inmediatamente si tu solicitud de visado ha sido aceptada o rechazada. Si tu solicitud es aceptada, los representantes de las autoridades estadounidenses en la embajada conservar\u00e1n tu <a href=\"https:\/\/www.esta-officiel-usa.com\/fr\/quel-type-de-passeport-pour-les-usa\/\">pasaporte <\/a>y te lo devolver\u00e1n sellado con el visado que hayas obtenido. Es posible que te devuelvan el pasaporte al cabo de una semana, as\u00ed que aseg\u00farate de llevar un segundo documento de identidad si, por ejemplo, viajas a la embajada estadounidense en avi\u00f3n.  <\/p>\n\n<p>\u00bfTe gustar\u00eda ir de vacaciones a <a href=\"https:\/\/www.esta-officiel-usa.com\/fr\/decouvrir-la-ville-de-new-york-city\/\">Nueva York<\/a>, Miami o Florida? \u00bfViajas a EE.UU. por negocios o en tr\u00e1nsito? \u00a1Puedes entrar en EE.UU. sin visado!   \u00bfC\u00f3mo lo hacemos? \u00a1Gracias a ESTA!<\/p>\n\n<h2 class=\"wp-block-heading\">El ESTA: explicaciones<\/h2>\n\n<p>A diferencia del visado, no tienes que ir a la embajada de EE.UU. para solicitar el ESTA. El ESTA (Sistema Electr\u00f3nico de Autorizaci\u00f3n de Viaje) se cre\u00f3 como parte del <a href=\"https:\/\/www.esta-officiel-usa.com\/fr\/a-propos-du-visa-waiver-program\/\">Programa de Exenci\u00f3n de Visado (VWP<\/a> ). El VWP est\u00e1 dise\u00f1ado para facilitar los viajes entre 38 pa\u00edses de \u00abalta seguridad\u00bb y Estados Unidos. Se aplica a los nacionales de los siguientes pa\u00edses:   <\/p>\n\n<p>\nAndorra, Australia, Austria, B\u00e9lgica, Brunei, Chile, \nRep\u00fablica Checa, Dinamarca, Estonia, Finlandia, Francia, Alemania, Grecia, \nHungr\u00eda, Islandia, Irlanda, Italia, Jap\u00f3n, Pa\u00edses Bajos, Letonia, \nLiechtenstein, Lituania, Luxemburgo, Malta, M\u00f3naco, Nueva Zelanda, Noruega, \n, Portugal, San Marino, Singapur, Eslovaquia, Eslovenia, Corea del Sur, Espa\u00f1a, Suecia, Suiza, Reino Unido y Taiw\u00e1n.<\/p>\n\n<p>\u00a1Atenci\u00f3n! Responde a las preguntas del formulario con \natenci\u00f3n y concentraci\u00f3n. Un peque\u00f1o error por descuido no es \nimposible, pero podr\u00eda costarte tu ESTA. Si\n quieres evitar cometer errores, puedes \nrecurrir a nuestro colaborador. Ellos pueden ayudarte a rellenar el formulario ESTA en \n. \nSi se encuentra un error, nuestro experto equipo de atenci\u00f3n al cliente en \npuede corregirlo antes de enviar el formulario\n a las autoridades estadounidenses.Para obtener un ESTA, puedes ir directamente al sitio web del gobierno estadounidense en \n. El formulario de solicitud ESTA est\u00e1 disponible en \n. Necesitar\u00e1s esta autorizaci\u00f3n de viaje si\n deseas transitar, visitar o viajar \npor negocios hasta 90 d\u00edas en EE.UU.. Sin embargo, despu\u00e9s de 90 d\u00edas, \ntendr\u00e1s que solicitar un visado a la embajada de EE.UU.\n.      <\/p>\n","protected":false},"excerpt":{"rendered":"<p>Acudir a la embajada de EE.UU. para obtener un visado \u00bfPiensas trasladarte a Estados Unidos? Si es as\u00ed, tendr\u00e1s que acudir a la embajada estadounidense en Par\u00eds, y con raz\u00f3n, ya que para ello necesitar\u00e1s obtener un visado estadounidense. En este art\u00edculo, nuestros expertos te explican c\u00f3mo concertar esta cita. Si, por el contrario, deseas [&hellip;]<\/p>\n","protected":false},"author":1,"featured_media":0,"parent":0,"menu_order":0,"comment_status":"closed","ping_status":"closed","template":"","meta":{"footnotes":""},"class_list":["post-918","page","type-page","status-publish","hentry"],"yoast_head":"<!-- This site is optimized with the Yoast SEO plugin v26.2 - https:\/\/yoast.com\/wordpress\/plugins\/seo\/ -->\n<title>Acudir a la embajada de EE.UU. para obtener un visado<\/title>\n<meta name=\"description\" content=\"En este art\u00edculo, nuestros expertos te cuentan lo que ocurre cuando acudes a la embajada de EE.UU. para obtener tu codiciado visado estadounidense.\" \/>\n<meta name=\"robots\" content=\"index, follow, max-snippet:-1, max-image-preview:large, max-video-preview:-1\" \/>\n<link rel=\"canonical\" href=\"https:\/\/www.esta-officiel-usa.com\/es\/acudir-a-la-embajada-de-ee-uu-para-obtener-un-visado\/\" \/>\n<meta property=\"og:locale\" content=\"es_ES\" \/>\n<meta property=\"og:type\" content=\"article\" \/>\n<meta property=\"og:title\" content=\"Acudir a la embajada de EE.UU. para obtener un visado\" \/>\n<meta property=\"og:description\" content=\"En este art\u00edculo, nuestros expertos te cuentan lo que ocurre cuando acudes a la embajada de EE.UU. para obtener tu codiciado visado estadounidense.\" \/>\n<meta property=\"og:url\" content=\"https:\/\/www.esta-officiel-usa.com\/es\/acudir-a-la-embajada-de-ee-uu-para-obtener-un-visado\/\" \/>\n<meta property=\"og:site_name\" content=\"ESTA - Estados Unidos\" \/>\n<meta property=\"article:modified_time\" content=\"2025-09-13T11:57:48+00:00\" \/>\n<meta name=\"twitter:card\" content=\"summary_large_image\" \/>\n<meta name=\"twitter:label1\" content=\"Tiempo de lectura\" \/>\n\t<meta name=\"twitter:data1\" content=\"5 minutos\" \/>\n<script type=\"application\/ld+json\" class=\"yoast-schema-graph\">{\"@context\":\"https:\/\/schema.org\",\"@graph\":[{\"@type\":\"WebPage\",\"@id\":\"https:\/\/www.esta-officiel-usa.com\/es\/acudir-a-la-embajada-de-ee-uu-para-obtener-un-visado\/\",\"url\":\"https:\/\/www.esta-officiel-usa.com\/es\/acudir-a-la-embajada-de-ee-uu-para-obtener-un-visado\/\",\"name\":\"Acudir a la embajada de EE.UU. para obtener un visado\",\"isPartOf\":{\"@id\":\"https:\/\/www.esta-officiel-usa.com\/es\/#website\"},\"datePublished\":\"2025-09-13T11:57:33+00:00\",\"dateModified\":\"2025-09-13T11:57:48+00:00\",\"description\":\"En este art\u00edculo, nuestros expertos te cuentan lo que ocurre cuando acudes a la embajada de EE.UU. para obtener tu codiciado visado estadounidense.\",\"breadcrumb\":{\"@id\":\"https:\/\/www.esta-officiel-usa.com\/es\/acudir-a-la-embajada-de-ee-uu-para-obtener-un-visado\/#breadcrumb\"},\"inLanguage\":\"es\",\"potentialAction\":[{\"@type\":\"ReadAction\",\"target\":[\"https:\/\/www.esta-officiel-usa.com\/es\/acudir-a-la-embajada-de-ee-uu-para-obtener-un-visado\/\"]}]},{\"@type\":\"BreadcrumbList\",\"@id\":\"https:\/\/www.esta-officiel-usa.com\/es\/acudir-a-la-embajada-de-ee-uu-para-obtener-un-visado\/#breadcrumb\",\"itemListElement\":[{\"@type\":\"ListItem\",\"position\":1,\"name\":\"Inicio\",\"item\":\"https:\/\/www.esta-officiel-usa.com\/es\/\"},{\"@type\":\"ListItem\",\"position\":2,\"name\":\"Acudir a la embajada de EE.UU. para obtener un visado\"}]},{\"@type\":\"WebSite\",\"@id\":\"https:\/\/www.esta-officiel-usa.com\/es\/#website\",\"url\":\"https:\/\/www.esta-officiel-usa.com\/es\/\",\"name\":\"ESTA - Estados Unidos\",\"description\":\"Formulario de solicitud ESTA\",\"potentialAction\":[{\"@type\":\"SearchAction\",\"target\":{\"@type\":\"EntryPoint\",\"urlTemplate\":\"https:\/\/www.esta-officiel-usa.com\/es\/?s={search_term_string}\"},\"query-input\":{\"@type\":\"PropertyValueSpecification\",\"valueRequired\":true,\"valueName\":\"search_term_string\"}}],\"inLanguage\":\"es\"}]}<\/script>\n<!-- \/ Yoast SEO plugin. -->","yoast_head_json":{"title":"Acudir a la embajada de EE.UU. para obtener un visado","description":"En este art\u00edculo, nuestros expertos te cuentan lo que ocurre cuando acudes a la embajada de EE.UU. para obtener tu codiciado visado estadounidense.","robots":{"index":"index","follow":"follow","max-snippet":"max-snippet:-1","max-image-preview":"max-image-preview:large","max-video-preview":"max-video-preview:-1"},"canonical":"https:\/\/www.esta-officiel-usa.com\/es\/acudir-a-la-embajada-de-ee-uu-para-obtener-un-visado\/","og_locale":"es_ES","og_type":"article","og_title":"Acudir a la embajada de EE.UU. para obtener un visado","og_description":"En este art\u00edculo, nuestros expertos te cuentan lo que ocurre cuando acudes a la embajada de EE.UU. para obtener tu codiciado visado estadounidense.","og_url":"https:\/\/www.esta-officiel-usa.com\/es\/acudir-a-la-embajada-de-ee-uu-para-obtener-un-visado\/","og_site_name":"ESTA - Estados Unidos","article_modified_time":"2025-09-13T11:57:48+00:00","twitter_card":"summary_large_image","twitter_misc":{"Tiempo de lectura":"5 minutos"},"schema":{"@context":"https:\/\/schema.org","@graph":[{"@type":"WebPage","@id":"https:\/\/www.esta-officiel-usa.com\/es\/acudir-a-la-embajada-de-ee-uu-para-obtener-un-visado\/","url":"https:\/\/www.esta-officiel-usa.com\/es\/acudir-a-la-embajada-de-ee-uu-para-obtener-un-visado\/","name":"Acudir a la embajada de EE.UU. para obtener un visado","isPartOf":{"@id":"https:\/\/www.esta-officiel-usa.com\/es\/#website"},"datePublished":"2025-09-13T11:57:33+00:00","dateModified":"2025-09-13T11:57:48+00:00","description":"En este art\u00edculo, nuestros expertos te cuentan lo que ocurre cuando acudes a la embajada de EE.UU. para obtener tu codiciado visado estadounidense.","breadcrumb":{"@id":"https:\/\/www.esta-officiel-usa.com\/es\/acudir-a-la-embajada-de-ee-uu-para-obtener-un-visado\/#breadcrumb"},"inLanguage":"es","potentialAction":[{"@type":"ReadAction","target":["https:\/\/www.esta-officiel-usa.com\/es\/acudir-a-la-embajada-de-ee-uu-para-obtener-un-visado\/"]}]},{"@type":"BreadcrumbList","@id":"https:\/\/www.esta-officiel-usa.com\/es\/acudir-a-la-embajada-de-ee-uu-para-obtener-un-visado\/#breadcrumb","itemListElement":[{"@type":"ListItem","position":1,"name":"Inicio","item":"https:\/\/www.esta-officiel-usa.com\/es\/"},{"@type":"ListItem","position":2,"name":"Acudir a la embajada de EE.UU. para obtener un visado"}]},{"@type":"WebSite","@id":"https:\/\/www.esta-officiel-usa.com\/es\/#website","url":"https:\/\/www.esta-officiel-usa.com\/es\/","name":"ESTA - Estados Unidos","description":"Formulario de solicitud ESTA","potentialAction":[{"@type":"SearchAction","target":{"@type":"EntryPoint","urlTemplate":"https:\/\/www.esta-officiel-usa.com\/es\/?s={search_term_string}"},"query-input":{"@type":"PropertyValueSpecification","valueRequired":true,"valueName":"search_term_string"}}],"inLanguage":"es"}]}},"_links":{"self":[{"href":"https:\/\/www.esta-officiel-usa.com\/es\/wp-json\/wp\/v2\/pages\/918","targetHints":{"allow":["GET"]}}],"collection":[{"href":"https:\/\/www.esta-officiel-usa.com\/es\/wp-json\/wp\/v2\/pages"}],"about":[{"href":"https:\/\/www.esta-officiel-usa.com\/es\/wp-json\/wp\/v2\/types\/page"}],"author":[{"embeddable":true,"href":"https:\/\/www.esta-officiel-usa.com\/es\/wp-json\/wp\/v2\/users\/1"}],"replies":[{"embeddable":true,"href":"https:\/\/www.esta-officiel-usa.com\/es\/wp-json\/wp\/v2\/comments?post=918"}],"version-history":[{"count":3,"href":"https:\/\/www.esta-officiel-usa.com\/es\/wp-json\/wp\/v2\/pages\/918\/revisions"}],"predecessor-version":[{"id":941,"href":"https:\/\/www.esta-officiel-usa.com\/es\/wp-json\/wp\/v2\/pages\/918\/revisions\/941"}],"wp:attachment":[{"href":"https:\/\/www.esta-officiel-usa.com\/es\/wp-json\/wp\/v2\/media?parent=918"}],"curies":[{"name":"wp","href":"https:\/\/api.w.org\/{rel}","templated":true}]}}