{"id":936,"date":"2025-09-13T11:57:43","date_gmt":"2025-09-13T11:57:43","guid":{"rendered":"https:\/\/www.esta-officiel-usa.com\/visados-o-y-p-para-deportistas-o-artistas\/"},"modified":"2025-09-13T11:57:43","modified_gmt":"2025-09-13T11:57:43","slug":"visados-o-y-p-para-deportistas-o-artistas","status":"publish","type":"page","link":"https:\/\/www.esta-officiel-usa.com\/es\/visados-o-y-p-para-deportistas-o-artistas\/","title":{"rendered":"Visados O y P para deportistas o artistas"},"content":{"rendered":"\n<h1 class=\"wp-block-heading\">Visados O y P para viajeros poco frecuentes a EE.UU.<\/h1>\n\n<p>Cada a\u00f1o, los ciudadanos extranjeros obtienen unos diez millones de visados de no inmigrante para residir temporalmente en Estados Unidos. Hay docenas de tipos de visado diferentes: visados de turista (el m\u00e1s popular), visados de trabajo, visados de inversor y muchos otros. A\u00f1ade a esto los visitantes que viajan en el marco del<a href=\"https:\/\/www.esta-officiel-usa.com\/es\/\">ESTA <\/a>(programa de exenci\u00f3n de visado) y los inmigrantes que reciben la tarjeta de residencia permanente (\u00abgreen card\u00bb), y te dar\u00e1s cuenta de lo importante que es EE.UU. para gran parte de la poblaci\u00f3n mundial. Cada visado merece su propia ficha de presentaci\u00f3n, porque las caracter\u00edsticas y los procedimientos de solicitud var\u00edan enormemente de un visado a otro. A continuaci\u00f3n, hablaremos de los visados O y P. Explicaremos a qui\u00e9n est\u00e1n destinados y c\u00f3mo solicitarlos para viajar legalmente a Estados Unidos.    <\/p>\n\n<h2 class=\"wp-block-heading\">Visados O y P basados en el talento deportivo, art\u00edstico o cient\u00edfico&#8230;<\/h2>\n\n<p>Generalmente, un <a href=\"https:\/\/www.esta-officiel-usa.com\/fr\/quels-sont-les-differents-visas-pour-les-usa\/\">tipo<\/a> de visado se basa sobre todo en un motivo concreto para viajar: estudiar, hacer voluntariado, pasar un tiempo como au pair, etc. Para los visados O y P, los criterios de elegibilidad se centran m\u00e1s en el perfil del solicitante. En ambos casos, tendr\u00e1s que demostrar que tienes aptitudes m\u00e1s desarrolladas de lo habitual, independientemente de si solicitas un visado O o P.  <\/p>\n\n<p>Es importante distinguir entre los dos tipos de autorizaci\u00f3n. Recuerda \nque todos los visados de no inmigrante te permiten visitar \nlos EE.UU. para una estancia temporal. Sin embargo, este \u00faltimo es \nvariable, al igual que el m\u00e9todo para obtenerlo, seg\u00fan la situaci\u00f3n. \nEn otras palabras: no elijas tu visado al azar, entre el P y \nel O. Consulta a continuaci\u00f3n sus caracter\u00edsticas:  <\/p>\n\n<h3 class=\"wp-block-heading\">El visado O en detalle<\/h3>\n\n<p>A primera vista, el nombre del visado O es sorprendente: \u00abPersonas con capacidades o logros extraordinarios\u00bb. En pocas palabras, este certificado se fija en las capacidades del solicitante; es imprescindible que haya conseguido cosas incre\u00edbles en comparaci\u00f3n con la persona media. Sin embargo, esto se limita a unos pocos \u00e1mbitos de aplicaci\u00f3n:  <\/p>\n\n<ul class=\"wp-block-list\"><li>ciencia, educaci\u00f3n, empresa y deporte para la versi\u00f3n O1A del visado;<\/li><li>artes, televisi\u00f3n y cine para la versi\u00f3n O1B del visado.<\/li><\/ul>\n\n<p>Recuerda que no basta con haber ganado un premio estudiantil en tu\n universidad o haber ganado una competici\u00f3n deportiva organizada por \ntu ciudad; estamos hablando de un \u00abnivel de conocimientos que sit\u00fae a la persona \nentre un peque\u00f1o porcentaje al m\u00e1s alto nivel en el campo en \ncuesti\u00f3n\u00bb. En los \u00e1mbitos art\u00edstico y audiovisual, el solicitante debe, adem\u00e1s de \ntener talento, ser reconocido por ello. <\/p>\n\n<p>Adem\u00e1s, los ayudantes y c\u00f3nyuges de titulares de un visado O pueden acompa\u00f1arles solicitando un visado O2 u O3.<\/p>\n\n<h3 class=\"wp-block-heading\">El visado P y sus variantes<\/h3>\n\n<p>Para entrar en Estados Unidos con un visado P, existen varios contextos\n correspondientes a las versiones de este permiso de residencia:<\/p>\n\n<ul class=\"wp-block-list\"><li>P1A: para los deportistas que llegan a Estados Unidos para participar en un acontecimiento deportivo, ya sea en equipo o individualmente. S\u00f3lo una selecci\u00f3n de los mejores atletas puede solicitar el preciado papel; <\/li><li>P1B: para miembros de grupos de entretenimiento de renombre mundial (circo, m\u00fasica, etc.);<\/li><li>P2: para artistas (solos o en grupo) que participen en un programa de intercambio rec\u00edproco entre Estados Unidos y un tercer pa\u00eds;<\/li><li>P3: similar al visado P2, el P3 se dirige a los mismos artistas, pero esta vez como parte de un programa unilateral. Los solicitantes pueden venir a EE.UU. para ense\u00f1ar, entrenar o actuar a trav\u00e9s de un programa \u00abculturalmente \u00fanico\u00bb. <\/li><\/ul>\n\n<p>No es f\u00e1cil comprender los matices de los visados O y P y todas sus variantes. No dudes en investigar m\u00e1s en Internet o en ponerte en contacto con organizaciones especializadas en la obtenci\u00f3n de visados. <\/p>\n\n<p>\u00bfTienes un talento art\u00edstico extraordinario, unas habilidades deportivas excepcionales o has participado en un gran proyecto cinematogr\u00e1fico? Tal vez tu estancia en Estados Unidos pueda hacerse realidad gracias a los documentos aqu\u00ed descritos. Pero, \u00bfc\u00f3mo puedes aprovechar estos visados O y P, que ofrecen acceso directo al pa\u00eds del T\u00edo Sam? De eso trata la segunda parte de este art\u00edculo.   <\/p>\n\n<h2 class=\"wp-block-heading\">El visado O o P: c\u00f3mo obtenerlo<\/h2>\n\n<p>Planifica con antelaci\u00f3n tu solicitud de visado O o P. El procedimiento\n no puede completarse en unos pocos d\u00edas, a pesar de toda tu dedicaci\u00f3n y tiempo \n; dependes de la disponibilidad y capacidad de respuesta de \nvarios contactos. Es m\u00e1s, aunque creas que cumples todas\n las condiciones anteriores, debes ser consciente de que la decisi\u00f3n de expedir el visado \ncorresponde enteramente a las autoridades estadounidenses; ten en cuenta \nque no hay garant\u00eda de respuesta positiva hasta que \nla recibas. <\/p>\n\n<p>\u00bfC\u00f3mo funciona el proceso? Aqu\u00ed s\u00f3lo describiremos los puntos principales \n, ya que habr\u00eda que dedicar un art\u00edculo completo a \nla obtenci\u00f3n de cada una de las versiones de visado mencionadas anteriormente: O-1, \nP-1A, P3, etc. <\/p>\n\n<p>Sea cual sea el documento que solicites, tendr\u00e1s que rellenar el formulario\n I-129 y tener un pasaporte v\u00e1lido. La diferencia radica \nen los documentos justificativos que debes adjuntar, seg\u00fan solicites el visado \nO o P. Tu solicitud debe demostrar que cumples los criterios \n: un dictamen de un organismo reconocido sobre tus aptitudes,\n diplomas y premios, contratos, copias de acuerdos de programas, \ncartas de recomendaci\u00f3n&#8230; \u00a1prep\u00e1rate para hacer muchas fotocopias e impresiones\n! <\/p>\n\n<p>Al mismo tiempo, tendr\u00e1s que pagar una tasa; ning\u00fan visado es gratuito, ya que el procedimiento exige pagar una media de varios cientos de euros. Pero no te preocupes si <a href=\"https:\/\/www.esta-officiel-usa.com\/fr\/partir-en-voyage-aux-etats-unis\/\">viajas a Estados Unidos<\/a> como turista: el coste es menor gracias al ESTA (la autorizaci\u00f3n de los pa\u00edses miembros del Programa de Exenci\u00f3n de Visado). <\/p>\n\n<p>Una vez aceptada tu solicitud, tendr\u00e1s que concertar una cita con los servicios consulares de la embajada o consulado estadounidense (en Par\u00eds para Francia). Esta etapa se aplica generalmente a todos los tipos de visado: O, P, pero tambi\u00e9n L1, <a href=\"https:\/\/www.esta-officiel-usa.com\/fr\/comment-faire-pour-investir-aux-etats-unis-avec-le-visa-e1-e2\/\">visados E1-E2<\/a>, H, etc. Esta entrevista con un representante estadounidense te da la oportunidad de expresar tus motivaciones, presentar tus competencias y tus planes, que no tienen por qu\u00e9 implicar convertirte en residente permanente.  <\/p>\n\n<p>Luego cruza los dedos y espera haber convencido a tu persona de contacto. Es ella quien decidir\u00e1 si da o no el visto bueno al env\u00edo del documento de viaje. <\/p>\n\n<p>Esperamos que aproveches al m\u00e1ximo tu oposici\u00f3n o programa en Estados Unidos de Am\u00e9rica, gracias a la solicitud de visado O o P.<\/p>\n","protected":false},"excerpt":{"rendered":"<p>Visados O y P para viajeros poco frecuentes a EE.UU. Cada a\u00f1o, los ciudadanos extranjeros obtienen unos diez millones de visados de no inmigrante para residir temporalmente en Estados Unidos. Hay docenas de tipos de visado diferentes: visados de turista (el m\u00e1s popular), visados de trabajo, visados de inversor y muchos otros. A\u00f1ade a esto [&hellip;]<\/p>\n","protected":false},"author":1,"featured_media":0,"parent":0,"menu_order":0,"comment_status":"closed","ping_status":"closed","template":"","meta":{"footnotes":""},"class_list":["post-936","page","type-page","status-publish","hentry"],"yoast_head":"<!-- This site is optimized with the Yoast SEO plugin v26.2 - https:\/\/yoast.com\/wordpress\/plugins\/seo\/ -->\n<title>Visados O y P para deportistas o artistas<\/title>\n<meta name=\"description\" content=\"Dise\u00f1ados para personas con cualificaciones superiores a las normales, los visados americanos O y P permiten viajar temporalmente a EEUU.\" \/>\n<meta name=\"robots\" content=\"index, follow, max-snippet:-1, max-image-preview:large, max-video-preview:-1\" \/>\n<link rel=\"canonical\" href=\"https:\/\/www.esta-officiel-usa.com\/es\/visados-o-y-p-para-deportistas-o-artistas\/\" \/>\n<meta property=\"og:locale\" content=\"es_ES\" \/>\n<meta property=\"og:type\" content=\"article\" \/>\n<meta property=\"og:title\" content=\"Visados O y P para deportistas o artistas\" \/>\n<meta property=\"og:description\" content=\"Dise\u00f1ados para personas con cualificaciones superiores a las normales, los visados americanos O y P permiten viajar temporalmente a EEUU.\" \/>\n<meta property=\"og:url\" content=\"https:\/\/www.esta-officiel-usa.com\/es\/visados-o-y-p-para-deportistas-o-artistas\/\" \/>\n<meta property=\"og:site_name\" content=\"ESTA - Estados Unidos\" \/>\n<meta name=\"twitter:card\" content=\"summary_large_image\" \/>\n<meta name=\"twitter:label1\" content=\"Tiempo de lectura\" \/>\n\t<meta name=\"twitter:data1\" content=\"6 minutos\" \/>\n<script type=\"application\/ld+json\" class=\"yoast-schema-graph\">{\"@context\":\"https:\/\/schema.org\",\"@graph\":[{\"@type\":\"WebPage\",\"@id\":\"https:\/\/www.esta-officiel-usa.com\/es\/visados-o-y-p-para-deportistas-o-artistas\/\",\"url\":\"https:\/\/www.esta-officiel-usa.com\/es\/visados-o-y-p-para-deportistas-o-artistas\/\",\"name\":\"Visados O y P para deportistas o artistas\",\"isPartOf\":{\"@id\":\"https:\/\/www.esta-officiel-usa.com\/es\/#website\"},\"datePublished\":\"2025-09-13T11:57:43+00:00\",\"description\":\"Dise\u00f1ados para personas con cualificaciones superiores a las normales, los visados americanos O y P permiten viajar temporalmente a EEUU.\",\"breadcrumb\":{\"@id\":\"https:\/\/www.esta-officiel-usa.com\/es\/visados-o-y-p-para-deportistas-o-artistas\/#breadcrumb\"},\"inLanguage\":\"es\",\"potentialAction\":[{\"@type\":\"ReadAction\",\"target\":[\"https:\/\/www.esta-officiel-usa.com\/es\/visados-o-y-p-para-deportistas-o-artistas\/\"]}]},{\"@type\":\"BreadcrumbList\",\"@id\":\"https:\/\/www.esta-officiel-usa.com\/es\/visados-o-y-p-para-deportistas-o-artistas\/#breadcrumb\",\"itemListElement\":[{\"@type\":\"ListItem\",\"position\":1,\"name\":\"Inicio\",\"item\":\"https:\/\/www.esta-officiel-usa.com\/es\/\"},{\"@type\":\"ListItem\",\"position\":2,\"name\":\"Visados O y P para deportistas o artistas\"}]},{\"@type\":\"WebSite\",\"@id\":\"https:\/\/www.esta-officiel-usa.com\/es\/#website\",\"url\":\"https:\/\/www.esta-officiel-usa.com\/es\/\",\"name\":\"ESTA - Estados Unidos\",\"description\":\"Formulario de solicitud ESTA\",\"potentialAction\":[{\"@type\":\"SearchAction\",\"target\":{\"@type\":\"EntryPoint\",\"urlTemplate\":\"https:\/\/www.esta-officiel-usa.com\/es\/?s={search_term_string}\"},\"query-input\":{\"@type\":\"PropertyValueSpecification\",\"valueRequired\":true,\"valueName\":\"search_term_string\"}}],\"inLanguage\":\"es\"}]}<\/script>\n<!-- \/ Yoast SEO plugin. -->","yoast_head_json":{"title":"Visados O y P para deportistas o artistas","description":"Dise\u00f1ados para personas con cualificaciones superiores a las normales, los visados americanos O y P permiten viajar temporalmente a EEUU.","robots":{"index":"index","follow":"follow","max-snippet":"max-snippet:-1","max-image-preview":"max-image-preview:large","max-video-preview":"max-video-preview:-1"},"canonical":"https:\/\/www.esta-officiel-usa.com\/es\/visados-o-y-p-para-deportistas-o-artistas\/","og_locale":"es_ES","og_type":"article","og_title":"Visados O y P para deportistas o artistas","og_description":"Dise\u00f1ados para personas con cualificaciones superiores a las normales, los visados americanos O y P permiten viajar temporalmente a EEUU.","og_url":"https:\/\/www.esta-officiel-usa.com\/es\/visados-o-y-p-para-deportistas-o-artistas\/","og_site_name":"ESTA - Estados Unidos","twitter_card":"summary_large_image","twitter_misc":{"Tiempo de lectura":"6 minutos"},"schema":{"@context":"https:\/\/schema.org","@graph":[{"@type":"WebPage","@id":"https:\/\/www.esta-officiel-usa.com\/es\/visados-o-y-p-para-deportistas-o-artistas\/","url":"https:\/\/www.esta-officiel-usa.com\/es\/visados-o-y-p-para-deportistas-o-artistas\/","name":"Visados O y P para deportistas o artistas","isPartOf":{"@id":"https:\/\/www.esta-officiel-usa.com\/es\/#website"},"datePublished":"2025-09-13T11:57:43+00:00","description":"Dise\u00f1ados para personas con cualificaciones superiores a las normales, los visados americanos O y P permiten viajar temporalmente a EEUU.","breadcrumb":{"@id":"https:\/\/www.esta-officiel-usa.com\/es\/visados-o-y-p-para-deportistas-o-artistas\/#breadcrumb"},"inLanguage":"es","potentialAction":[{"@type":"ReadAction","target":["https:\/\/www.esta-officiel-usa.com\/es\/visados-o-y-p-para-deportistas-o-artistas\/"]}]},{"@type":"BreadcrumbList","@id":"https:\/\/www.esta-officiel-usa.com\/es\/visados-o-y-p-para-deportistas-o-artistas\/#breadcrumb","itemListElement":[{"@type":"ListItem","position":1,"name":"Inicio","item":"https:\/\/www.esta-officiel-usa.com\/es\/"},{"@type":"ListItem","position":2,"name":"Visados O y P para deportistas o artistas"}]},{"@type":"WebSite","@id":"https:\/\/www.esta-officiel-usa.com\/es\/#website","url":"https:\/\/www.esta-officiel-usa.com\/es\/","name":"ESTA - Estados Unidos","description":"Formulario de solicitud ESTA","potentialAction":[{"@type":"SearchAction","target":{"@type":"EntryPoint","urlTemplate":"https:\/\/www.esta-officiel-usa.com\/es\/?s={search_term_string}"},"query-input":{"@type":"PropertyValueSpecification","valueRequired":true,"valueName":"search_term_string"}}],"inLanguage":"es"}]}},"_links":{"self":[{"href":"https:\/\/www.esta-officiel-usa.com\/es\/wp-json\/wp\/v2\/pages\/936","targetHints":{"allow":["GET"]}}],"collection":[{"href":"https:\/\/www.esta-officiel-usa.com\/es\/wp-json\/wp\/v2\/pages"}],"about":[{"href":"https:\/\/www.esta-officiel-usa.com\/es\/wp-json\/wp\/v2\/types\/page"}],"author":[{"embeddable":true,"href":"https:\/\/www.esta-officiel-usa.com\/es\/wp-json\/wp\/v2\/users\/1"}],"replies":[{"embeddable":true,"href":"https:\/\/www.esta-officiel-usa.com\/es\/wp-json\/wp\/v2\/comments?post=936"}],"version-history":[{"count":1,"href":"https:\/\/www.esta-officiel-usa.com\/es\/wp-json\/wp\/v2\/pages\/936\/revisions"}],"predecessor-version":[{"id":937,"href":"https:\/\/www.esta-officiel-usa.com\/es\/wp-json\/wp\/v2\/pages\/936\/revisions\/937"}],"wp:attachment":[{"href":"https:\/\/www.esta-officiel-usa.com\/es\/wp-json\/wp\/v2\/media?parent=936"}],"curies":[{"name":"wp","href":"https:\/\/api.w.org\/{rel}","templated":true}]}}