{"id":977,"date":"2025-09-13T11:58:29","date_gmt":"2025-09-13T11:58:29","guid":{"rendered":"https:\/\/www.esta-officiel-usa.com\/esta-seccion-de-ayuda\/"},"modified":"2025-09-13T11:58:30","modified_gmt":"2025-09-13T11:58:30","slug":"esta-seccion-de-ayuda","status":"publish","type":"page","link":"https:\/\/www.esta-officiel-usa.com\/es\/esta-seccion-de-ayuda\/","title":{"rendered":"ESTA: secci\u00f3n de ayuda"},"content":{"rendered":"\n<h1 class=\"wp-block-heading\">SECCI\u00d3N DE AYUDA PARA RELLENAR F\u00c1CILMENTE EL FORMULARIO ESTA<\/h1>\n\n<p>Solicitar la<a href=\"https:\/\/www.esta-officiel-usa.com\/es\/\">autorizaci\u00f3n ESTA<\/a> es mucho menos tedioso y complicado que solicitar un visado. El objetivo principal del ESTA es informar a las autoridades americanas de tu llegada, con el fin de garantizar la seguridad del pa\u00eds, y la informaci\u00f3n solicitada sirve para identificarte. <\/p>\n\n<p><strong>Atenci\u00f3n <\/strong>: antes de nada, aseg\u00farate de que tienes un pasaporte biom\u00e9trico o electr\u00f3nico. Para averiguarlo, f\u00edjate en la portada. Debe haber un s\u00edmbolo que representa un microchip bajo el t\u00edtulo \u00abpasaporte\u00bb. Si es as\u00ed, puedes solicitar un ESTA para viajar a Estados Unidos con total tranquilidad. Si no, tendr\u00e1s que solicitar un pasaporte nuevo y m\u00e1s reciente.    <\/p>\n\n<p>Esta p\u00e1gina presenta las distintas etapas para guiarte y darte todas las posibilidades de obtener tu autorizaci\u00f3n ESTA lo antes posible.<br\/> <\/p>\n\n<h2 class=\"wp-block-heading\">EL FORMULARIO SIMPLIFICADO DE ESTA<\/h2>\n\n<p>Primero tendr\u00e1s que indicar :<\/p>\n\n<p>1. Tus datos personales<\/p>\n\n<ul class=\"wp-block-list\"><li>sexo (masculino, femenino) ;<\/li><li>nombre(s), apellido(s), procurando no invertir el orden de entrada ;<\/li><li>fecha, ciudad y pa\u00eds de nacimiento ;<\/li><li>nacionalidad<\/li><\/ul>\n\n<p>2. Los datos de tu pasaporte<\/p>\n\n<ul class=\"wp-block-list\"><li>n\u00famero de pasaporte<\/li><li>la fecha de emisi\u00f3n<\/li><li>la fecha de caducidad<\/li><li>el pa\u00eds de expedici\u00f3n<\/li><\/ul>\n\n<p><strong>Nota <\/strong>: Cuando introduzcas los datos de tu pasaporte, ten cuidado de no confundir la fecha de expedici\u00f3n con la fecha de caducidad de tu pasaporte.<\/p>\n\n<p>Se te pedir\u00e1 que confirmes tu direcci\u00f3n de correo electr\u00f3nico dos veces. Si es incorrecta, lamentablemente no podremos enviarte tu ESTA, que las autoridades estadounidenses s\u00f3lo expiden en formato electr\u00f3nico. <\/p>\n\n<p>Por \u00faltimo, te pediremos que introduzcas tus datos bancarios para finalizar y validar tu solicitud. A continuaci\u00f3n, recibir\u00e1s tu autorizaci\u00f3n ESTA por v\u00eda electr\u00f3nica en un plazo de 72 horas. <br\/> <\/p>\n\n<p>Si a\u00fan tienes preguntas o simplemente quieres m\u00e1s informaci\u00f3n sobre el ESTA, tambi\u00e9n puedes consultar nuestro <a href=\"https:\/\/www.esta-officiel-usa.com\/fr\/lexicon\/\">glosario<\/a> y las p\u00e1ginas <a href=\"https:\/\/www.esta-officiel-usa.com\/fr\/faq\/\">de preguntas frecuentes<\/a> en nuestro sitio web.<\/p>\n\n<p>Tambi\u00e9n puedes ponerte en contacto con nuestro servicio de asistencia para cualquier pregunta relacionada con tu pedido ESTA en nuestra plataforma online, y estar atento a las<a href=\"https:\/\/www.esta-officiel-usa.com\/fr\/news\/\">\u00faltimas noticias<\/a> sobre el tema.<\/p>\n\n<p>\u00a1Disfruta de tu estancia!<\/p>\n","protected":false},"excerpt":{"rendered":"<p>SECCI\u00d3N DE AYUDA PARA RELLENAR F\u00c1CILMENTE EL FORMULARIO ESTA Solicitar laautorizaci\u00f3n ESTA es mucho menos tedioso y complicado que solicitar un visado. El objetivo principal del ESTA es informar a las autoridades americanas de tu llegada, con el fin de garantizar la seguridad del pa\u00eds, y la informaci\u00f3n solicitada sirve para identificarte. Atenci\u00f3n : antes [&hellip;]<\/p>\n","protected":false},"author":1,"featured_media":0,"parent":0,"menu_order":0,"comment_status":"closed","ping_status":"closed","template":"","meta":{"footnotes":""},"class_list":["post-977","page","type-page","status-publish","hentry"],"yoast_head":"<!-- This site is optimized with the Yoast SEO plugin v26.2 - https:\/\/yoast.com\/wordpress\/plugins\/seo\/ -->\n<title>ESTA: secci\u00f3n de ayuda<\/title>\n<meta name=\"description\" content=\"Si tienes previsto viajar a Estados Unidos pr\u00f3ximamente, aqu\u00ed tienes todas las preguntas que puedas tener sobre el formulario ESTA.\" \/>\n<meta name=\"robots\" content=\"index, follow, max-snippet:-1, max-image-preview:large, max-video-preview:-1\" \/>\n<link rel=\"canonical\" href=\"https:\/\/www.esta-officiel-usa.com\/es\/esta-seccion-de-ayuda\/\" \/>\n<meta property=\"og:locale\" content=\"es_ES\" \/>\n<meta property=\"og:type\" content=\"article\" \/>\n<meta property=\"og:title\" content=\"ESTA: secci\u00f3n de ayuda\" \/>\n<meta property=\"og:description\" content=\"Si tienes previsto viajar a Estados Unidos pr\u00f3ximamente, aqu\u00ed tienes todas las preguntas que puedas tener sobre el formulario ESTA.\" \/>\n<meta property=\"og:url\" content=\"https:\/\/www.esta-officiel-usa.com\/es\/esta-seccion-de-ayuda\/\" \/>\n<meta property=\"og:site_name\" content=\"ESTA - Estados Unidos\" \/>\n<meta property=\"article:modified_time\" content=\"2025-09-13T11:58:30+00:00\" \/>\n<meta name=\"twitter:card\" content=\"summary_large_image\" \/>\n<meta name=\"twitter:label1\" content=\"Tiempo de lectura\" \/>\n\t<meta name=\"twitter:data1\" content=\"2 minutos\" \/>\n<script type=\"application\/ld+json\" class=\"yoast-schema-graph\">{\"@context\":\"https:\/\/schema.org\",\"@graph\":[{\"@type\":\"WebPage\",\"@id\":\"https:\/\/www.esta-officiel-usa.com\/es\/esta-seccion-de-ayuda\/\",\"url\":\"https:\/\/www.esta-officiel-usa.com\/es\/esta-seccion-de-ayuda\/\",\"name\":\"ESTA: secci\u00f3n de ayuda\",\"isPartOf\":{\"@id\":\"https:\/\/www.esta-officiel-usa.com\/es\/#website\"},\"datePublished\":\"2025-09-13T11:58:29+00:00\",\"dateModified\":\"2025-09-13T11:58:30+00:00\",\"description\":\"Si tienes previsto viajar a Estados Unidos pr\u00f3ximamente, aqu\u00ed tienes todas las preguntas que puedas tener sobre el formulario ESTA.\",\"breadcrumb\":{\"@id\":\"https:\/\/www.esta-officiel-usa.com\/es\/esta-seccion-de-ayuda\/#breadcrumb\"},\"inLanguage\":\"es\",\"potentialAction\":[{\"@type\":\"ReadAction\",\"target\":[\"https:\/\/www.esta-officiel-usa.com\/es\/esta-seccion-de-ayuda\/\"]}]},{\"@type\":\"BreadcrumbList\",\"@id\":\"https:\/\/www.esta-officiel-usa.com\/es\/esta-seccion-de-ayuda\/#breadcrumb\",\"itemListElement\":[{\"@type\":\"ListItem\",\"position\":1,\"name\":\"Inicio\",\"item\":\"https:\/\/www.esta-officiel-usa.com\/es\/\"},{\"@type\":\"ListItem\",\"position\":2,\"name\":\"ESTA: secci\u00f3n de ayuda\"}]},{\"@type\":\"WebSite\",\"@id\":\"https:\/\/www.esta-officiel-usa.com\/es\/#website\",\"url\":\"https:\/\/www.esta-officiel-usa.com\/es\/\",\"name\":\"ESTA - Estados Unidos\",\"description\":\"Formulario de solicitud ESTA\",\"potentialAction\":[{\"@type\":\"SearchAction\",\"target\":{\"@type\":\"EntryPoint\",\"urlTemplate\":\"https:\/\/www.esta-officiel-usa.com\/es\/?s={search_term_string}\"},\"query-input\":{\"@type\":\"PropertyValueSpecification\",\"valueRequired\":true,\"valueName\":\"search_term_string\"}}],\"inLanguage\":\"es\"}]}<\/script>\n<!-- \/ Yoast SEO plugin. -->","yoast_head_json":{"title":"ESTA: secci\u00f3n de ayuda","description":"Si tienes previsto viajar a Estados Unidos pr\u00f3ximamente, aqu\u00ed tienes todas las preguntas que puedas tener sobre el formulario ESTA.","robots":{"index":"index","follow":"follow","max-snippet":"max-snippet:-1","max-image-preview":"max-image-preview:large","max-video-preview":"max-video-preview:-1"},"canonical":"https:\/\/www.esta-officiel-usa.com\/es\/esta-seccion-de-ayuda\/","og_locale":"es_ES","og_type":"article","og_title":"ESTA: secci\u00f3n de ayuda","og_description":"Si tienes previsto viajar a Estados Unidos pr\u00f3ximamente, aqu\u00ed tienes todas las preguntas que puedas tener sobre el formulario ESTA.","og_url":"https:\/\/www.esta-officiel-usa.com\/es\/esta-seccion-de-ayuda\/","og_site_name":"ESTA - Estados Unidos","article_modified_time":"2025-09-13T11:58:30+00:00","twitter_card":"summary_large_image","twitter_misc":{"Tiempo de lectura":"2 minutos"},"schema":{"@context":"https:\/\/schema.org","@graph":[{"@type":"WebPage","@id":"https:\/\/www.esta-officiel-usa.com\/es\/esta-seccion-de-ayuda\/","url":"https:\/\/www.esta-officiel-usa.com\/es\/esta-seccion-de-ayuda\/","name":"ESTA: secci\u00f3n de ayuda","isPartOf":{"@id":"https:\/\/www.esta-officiel-usa.com\/es\/#website"},"datePublished":"2025-09-13T11:58:29+00:00","dateModified":"2025-09-13T11:58:30+00:00","description":"Si tienes previsto viajar a Estados Unidos pr\u00f3ximamente, aqu\u00ed tienes todas las preguntas que puedas tener sobre el formulario ESTA.","breadcrumb":{"@id":"https:\/\/www.esta-officiel-usa.com\/es\/esta-seccion-de-ayuda\/#breadcrumb"},"inLanguage":"es","potentialAction":[{"@type":"ReadAction","target":["https:\/\/www.esta-officiel-usa.com\/es\/esta-seccion-de-ayuda\/"]}]},{"@type":"BreadcrumbList","@id":"https:\/\/www.esta-officiel-usa.com\/es\/esta-seccion-de-ayuda\/#breadcrumb","itemListElement":[{"@type":"ListItem","position":1,"name":"Inicio","item":"https:\/\/www.esta-officiel-usa.com\/es\/"},{"@type":"ListItem","position":2,"name":"ESTA: secci\u00f3n de ayuda"}]},{"@type":"WebSite","@id":"https:\/\/www.esta-officiel-usa.com\/es\/#website","url":"https:\/\/www.esta-officiel-usa.com\/es\/","name":"ESTA - Estados Unidos","description":"Formulario de solicitud ESTA","potentialAction":[{"@type":"SearchAction","target":{"@type":"EntryPoint","urlTemplate":"https:\/\/www.esta-officiel-usa.com\/es\/?s={search_term_string}"},"query-input":{"@type":"PropertyValueSpecification","valueRequired":true,"valueName":"search_term_string"}}],"inLanguage":"es"}]}},"_links":{"self":[{"href":"https:\/\/www.esta-officiel-usa.com\/es\/wp-json\/wp\/v2\/pages\/977","targetHints":{"allow":["GET"]}}],"collection":[{"href":"https:\/\/www.esta-officiel-usa.com\/es\/wp-json\/wp\/v2\/pages"}],"about":[{"href":"https:\/\/www.esta-officiel-usa.com\/es\/wp-json\/wp\/v2\/types\/page"}],"author":[{"embeddable":true,"href":"https:\/\/www.esta-officiel-usa.com\/es\/wp-json\/wp\/v2\/users\/1"}],"replies":[{"embeddable":true,"href":"https:\/\/www.esta-officiel-usa.com\/es\/wp-json\/wp\/v2\/comments?post=977"}],"version-history":[{"count":1,"href":"https:\/\/www.esta-officiel-usa.com\/es\/wp-json\/wp\/v2\/pages\/977\/revisions"}],"predecessor-version":[{"id":978,"href":"https:\/\/www.esta-officiel-usa.com\/es\/wp-json\/wp\/v2\/pages\/977\/revisions\/978"}],"wp:attachment":[{"href":"https:\/\/www.esta-officiel-usa.com\/es\/wp-json\/wp\/v2\/media?parent=977"}],"curies":[{"name":"wp","href":"https:\/\/api.w.org\/{rel}","templated":true}]}}