{"id":987,"date":"2025-09-13T11:58:36","date_gmt":"2025-09-13T11:58:36","guid":{"rendered":"https:\/\/www.esta-officiel-usa.com\/esta-glosario-y-terminos-generales\/"},"modified":"2025-09-13T11:58:36","modified_gmt":"2025-09-13T11:58:36","slug":"esta-glosario-y-terminos-generales","status":"publish","type":"page","link":"https:\/\/www.esta-officiel-usa.com\/es\/esta-glosario-y-terminos-generales\/","title":{"rendered":"ESTA: glosario y t\u00e9rminos generales"},"content":{"rendered":"\n<h1 class=\"wp-block-heading\">GLOSARIO &#8211; T\u00c9RMINOS GENERALES RELATIVOS A ESTA<\/h1>\n\n<p>Aunque el proceso es relativamente sencillo, hay muchos t\u00e9rminos (sobre todo en ingl\u00e9s) que se utilizan cuando se habla<a href=\"https:\/\/www.esta-officiel-usa.com\/es\/\">del ESTA<\/a>. Para aclarar cualquier confusi\u00f3n, hemos recopilado la gran mayor\u00eda de palabras relacionadas con el formulario ESTA en forma de glosario. <\/p>\n\n<p>Para saber m\u00e1s, echa un vistazo a las <a href=\"https:\/\/www.esta-officiel-usa.com\/fr\/news\/\">noticias<\/a>, a las <a href=\"https:\/\/www.esta-officiel-usa.com\/fr\/faq\/\">preguntas m\u00e1s frecuentes<\/a> y a nuestra p\u00e1gina de<a href=\"https:\/\/www.esta-officiel-usa.com\/es\/esta-seccion-de-ayuda\/\">ayuda<\/a>.<br\/> <\/p>\n\n<h2 class=\"wp-block-heading\">EMBAJADOR<\/h2>\n\n<p>Una embajada es un cuerpo diplom\u00e1tico que representa a un pa\u00eds en otro. Sus misiones incluyen mantener relaciones diplom\u00e1ticas con el pa\u00eds anfitri\u00f3n y prestar asistencia a los expatriados en caso de necesidad. <\/p>\n\n<h2 class=\"wp-block-heading\">TARJETA VERDE<\/h2>\n\n<p>La Tarjeta Verde es una tarjeta de residencia permanente. Se obtiene gracias a un patrocinador estadounidense, principalmente por motivos familiares o profesionales, o por sorteo. <\/p>\n\n<h2 class=\"wp-block-heading\">CONSULADO<\/h2>\n\n<p>El consulado es una organizaci\u00f3n que se ocupa de las relaciones con los expatriados en el pa\u00eds donde est\u00e1 ubicado. Entre sus tareas est\u00e1 la de registrar y asistir a los nacionales. El consulado act\u00faa como ayuntamiento y se encarga de expedir los documentos del estado civil (pasaporte, carn\u00e9 de identidad, etc.), de conformidad con las leyes locales.  <\/p>\n\n<h2 class=\"wp-block-heading\">DEPARTAMENTO DE SEGURIDAD NACIONAL DE LOS ESTADOS UNIDOS<\/h2>\n\n<p>Este departamento del gobierno estadounidense se encarga de organizar y garantizar la seguridad interior de EEUU. Es el resultado de la reorganizaci\u00f3n de 22 agencias federales tras los atentados del 11 de septiembre de 2001. Tambi\u00e9n es este departamento el que tramita las solicitudes ESTA.  <\/p>\n\n<h2 class=\"wp-block-heading\">DEPARTAMENTO DE ESTADO DE LOS ESTADOS UNIDOS<\/h2>\n\n<p>El Departamento de Estado de EEUU es responsable de las relaciones internacionales, del mismo modo que el Ministerio de Asuntos Exteriores franc\u00e9s. Cuenta con el apoyo de una red de embajadas, consulados y misiones diplom\u00e1ticas en 188 pa\u00edses. <\/p>\n\n<h2 class=\"wp-block-heading\">PERSONALIZACIONES<\/h2>\n\n<p>El Servicio de Aduanas es una agencia del Departamento de Seguridad Nacional de EEUU encargada de proteger las fronteras de EEUU. Su misi\u00f3n general es combatir la infiltraci\u00f3n de terroristas en el pa\u00eds, el contrabando de armas de fuego, contrabando y drogas, y la inmigraci\u00f3n ilegal. <\/p>\n\n<h2 class=\"wp-block-heading\">FORMULARIO DE DECLARACI\u00d3N DE ADUANAS 6059B<\/h2>\n\n<p>Tambi\u00e9n conocido como formulario azul 6059B, es un documento que te entregar\u00e1n durante el vuelo. Se te pedir\u00e1 que indiques tu estado civil y que respondas a una serie de preguntas sobre los bienes y el dinero que posees. El formulario tambi\u00e9n puede descargarse antes de tu salida. Ten en cuenta que este formulario ya no es obligatorio.     <\/p>\n\n<h2 class=\"wp-block-heading\">FORMULARIO ESTA<\/h2>\n\n<p>El formulario ESTA, que significa Sistema Electr\u00f3nico de Autorizaci\u00f3n de Viaje, es un procedimiento informatizado que permite a las autoridades estadounidenses comprobar tu identidad antes de que viajes. De acuerdo con el programa VWP, expide una autorizaci\u00f3n previa de entrada en Estados Unidos a las personas que cumplen los requisitos. <\/p>\n\n<h2 class=\"wp-block-heading\">FORMULARIO I-94W<\/h2>\n\n<p>Este formulario verde ha sido sustituido, para los nacionales que cumplen los requisitos, por el ESTA para las llegadas por aire y mar, pero sigue siendo v\u00e1lido para la entrada por tierra.  <\/p>\n\n<h2 class=\"wp-block-heading\">TASAS ESTA<\/h2>\n\n<p>Se requiere una tasa de 21 $ para todas las solicitudes ESTA. Este importe se destina a financiar el Departamento de Seguridad Nacional de EEUU y a promover el turismo. <\/p>\n\n<h2 class=\"wp-block-heading\">PASAPORTE BIOM\u00c9TRICO<\/h2>\n\n<p>Este moderno pasaporte tiene la particularidad de ser dif\u00edcil de replicar gracias a la mejora de la seguridad de los datos. Contiene un chip electr\u00f3nico en el que se almacena la informaci\u00f3n biom\u00e9trica digitalizada del individuo, incluidas las huellas dactilares, la imagen facial, etc. Introducido en junio de 2009, sustituye al pasaporte electr\u00f3nico.  <\/p>\n\n<h2 class=\"wp-block-heading\">PASAPORTE ELECTR\u00d3NICO<\/h2>\n\n<p>Desde su introducci\u00f3n en 2006, ha contribuido a reducir el n\u00famero de pasaportes falsos gracias a la mejora de la seguridad de los datos. Contiene los datos de identificaci\u00f3n del titular del pasaporte en un chip electr\u00f3nico. <\/p>\n\n<h2 class=\"wp-block-heading\">SERVICIO DIPLOM\u00c1TICO DE SEGURIDAD DE ESTADOS UNIDOS<\/h2>\n\n<p>Esta rama del Departamento de Estado de EEUU es responsable de proteger la sede del Departamento de Estado, todas las misiones diplom\u00e1ticas y los servicios consulares en el extranjero. Tambi\u00e9n garantiza la protecci\u00f3n de los diplom\u00e1ticos estadounidenses en misi\u00f3n en el extranjero y de los representantes extranjeros que visitan Estados Unidos. <\/p>\n\n<h2 class=\"wp-block-heading\">VISA<\/h2>\n\n<p>Un visado es un documento oficial que necesita toda persona que desee viajar a un pa\u00eds extranjero. Es imprescindible ponerse en contacto con las autoridades competentes del pa\u00eds deseado para obtener esta autorizaci\u00f3n de entrada en territorio extranjero. El tipo de visado depende del motivo del viaje: turismo, estudios, trabajo, etc.    <\/p>\n\n<h2 class=\"wp-block-heading\">VISADO B1<\/h2>\n\n<p>El visado B1 es un documento que autoriza a una persona a viajar temporalmente a Estados Unidos por motivos de trabajo:<\/p>\n\n<ul class=\"wp-block-list\">\n<li>negociar un contrato ;<\/li>\n\n\n\n<li>contribuci\u00f3n a un curso de formaci\u00f3n o a una conferencia ;<\/li>\n\n\n\n<li>participaci\u00f3n en una competici\u00f3n deportiva.<\/li>\n<\/ul>\n\n<p>Si se rechaza la solicitud ESTA, el visado B1 es una alternativa atractiva para quien desee viajar a Estados Unidos por este motivo.<\/p>\n\n<h2 class=\"wp-block-heading\">VISADO B2<\/h2>\n\n<p>Al igual que el visado B1, el documento B2 ofrece una alternativa a quien no cumpla los requisitos para la autorizaci\u00f3n ESTA. El visado B2 est\u00e1 destinado a las personas que deseen visitar EE.UU. por motivos tur\u00edsticos o m\u00e9dicos. <\/p>\n\n<h2 class=\"wp-block-heading\">VWP<\/h2>\n\n<p>El Programa de Exenci\u00f3n de Visado es el acuerdo ratificado entre los pa\u00edses miembros y el gobierno estadounidense. Este acuerdo permite a los nacionales de los pa\u00edses miembros viajar a Estados Unidos sin visado durante una estancia m\u00e1xima de 90 d\u00edas. El ESTA se introdujo para reforzar la seguridad de este programa.    <\/p>\n","protected":false},"excerpt":{"rendered":"<p>GLOSARIO &#8211; T\u00c9RMINOS GENERALES RELATIVOS A ESTA Aunque el proceso es relativamente sencillo, hay muchos t\u00e9rminos (sobre todo en ingl\u00e9s) que se utilizan cuando se habladel ESTA. Para aclarar cualquier confusi\u00f3n, hemos recopilado la gran mayor\u00eda de palabras relacionadas con el formulario ESTA en forma de glosario. Para saber m\u00e1s, echa un vistazo a las [&hellip;]<\/p>\n","protected":false},"author":1,"featured_media":0,"parent":0,"menu_order":0,"comment_status":"closed","ping_status":"closed","template":"","meta":{"footnotes":""},"class_list":["post-987","page","type-page","status-publish","hentry"],"yoast_head":"<!-- This site is optimized with the Yoast SEO plugin v26.2 - https:\/\/yoast.com\/wordpress\/plugins\/seo\/ -->\n<title>ESTA: glosario y t\u00e9rminos generales<\/title>\n<meta name=\"description\" content=\"Aunque el proceso de solicitud del ESTA es muy sencillo, hay muchos t\u00e9rminos relacionados con el ESTA que debes comprender.\" \/>\n<meta name=\"robots\" content=\"index, follow, max-snippet:-1, max-image-preview:large, max-video-preview:-1\" \/>\n<link rel=\"canonical\" href=\"https:\/\/www.esta-officiel-usa.com\/es\/esta-glosario-y-terminos-generales\/\" \/>\n<meta property=\"og:locale\" content=\"es_ES\" \/>\n<meta property=\"og:type\" content=\"article\" \/>\n<meta property=\"og:title\" content=\"ESTA: glosario y t\u00e9rminos generales\" \/>\n<meta property=\"og:description\" content=\"Aunque el proceso de solicitud del ESTA es muy sencillo, hay muchos t\u00e9rminos relacionados con el ESTA que debes comprender.\" \/>\n<meta property=\"og:url\" content=\"https:\/\/www.esta-officiel-usa.com\/es\/esta-glosario-y-terminos-generales\/\" \/>\n<meta property=\"og:site_name\" content=\"ESTA - Estados Unidos\" \/>\n<meta name=\"twitter:card\" content=\"summary_large_image\" \/>\n<meta name=\"twitter:label1\" content=\"Tiempo de lectura\" \/>\n\t<meta name=\"twitter:data1\" content=\"5 minutos\" \/>\n<script type=\"application\/ld+json\" class=\"yoast-schema-graph\">{\"@context\":\"https:\/\/schema.org\",\"@graph\":[{\"@type\":\"WebPage\",\"@id\":\"https:\/\/www.esta-officiel-usa.com\/es\/esta-glosario-y-terminos-generales\/\",\"url\":\"https:\/\/www.esta-officiel-usa.com\/es\/esta-glosario-y-terminos-generales\/\",\"name\":\"ESTA: glosario y t\u00e9rminos generales\",\"isPartOf\":{\"@id\":\"https:\/\/www.esta-officiel-usa.com\/es\/#website\"},\"datePublished\":\"2025-09-13T11:58:36+00:00\",\"description\":\"Aunque el proceso de solicitud del ESTA es muy sencillo, hay muchos t\u00e9rminos relacionados con el ESTA que debes comprender.\",\"breadcrumb\":{\"@id\":\"https:\/\/www.esta-officiel-usa.com\/es\/esta-glosario-y-terminos-generales\/#breadcrumb\"},\"inLanguage\":\"es\",\"potentialAction\":[{\"@type\":\"ReadAction\",\"target\":[\"https:\/\/www.esta-officiel-usa.com\/es\/esta-glosario-y-terminos-generales\/\"]}]},{\"@type\":\"BreadcrumbList\",\"@id\":\"https:\/\/www.esta-officiel-usa.com\/es\/esta-glosario-y-terminos-generales\/#breadcrumb\",\"itemListElement\":[{\"@type\":\"ListItem\",\"position\":1,\"name\":\"Inicio\",\"item\":\"https:\/\/www.esta-officiel-usa.com\/es\/\"},{\"@type\":\"ListItem\",\"position\":2,\"name\":\"ESTA: glosario y t\u00e9rminos generales\"}]},{\"@type\":\"WebSite\",\"@id\":\"https:\/\/www.esta-officiel-usa.com\/es\/#website\",\"url\":\"https:\/\/www.esta-officiel-usa.com\/es\/\",\"name\":\"ESTA - Estados Unidos\",\"description\":\"Formulario de solicitud ESTA\",\"potentialAction\":[{\"@type\":\"SearchAction\",\"target\":{\"@type\":\"EntryPoint\",\"urlTemplate\":\"https:\/\/www.esta-officiel-usa.com\/es\/?s={search_term_string}\"},\"query-input\":{\"@type\":\"PropertyValueSpecification\",\"valueRequired\":true,\"valueName\":\"search_term_string\"}}],\"inLanguage\":\"es\"}]}<\/script>\n<!-- \/ Yoast SEO plugin. -->","yoast_head_json":{"title":"ESTA: glosario y t\u00e9rminos generales","description":"Aunque el proceso de solicitud del ESTA es muy sencillo, hay muchos t\u00e9rminos relacionados con el ESTA que debes comprender.","robots":{"index":"index","follow":"follow","max-snippet":"max-snippet:-1","max-image-preview":"max-image-preview:large","max-video-preview":"max-video-preview:-1"},"canonical":"https:\/\/www.esta-officiel-usa.com\/es\/esta-glosario-y-terminos-generales\/","og_locale":"es_ES","og_type":"article","og_title":"ESTA: glosario y t\u00e9rminos generales","og_description":"Aunque el proceso de solicitud del ESTA es muy sencillo, hay muchos t\u00e9rminos relacionados con el ESTA que debes comprender.","og_url":"https:\/\/www.esta-officiel-usa.com\/es\/esta-glosario-y-terminos-generales\/","og_site_name":"ESTA - Estados Unidos","twitter_card":"summary_large_image","twitter_misc":{"Tiempo de lectura":"5 minutos"},"schema":{"@context":"https:\/\/schema.org","@graph":[{"@type":"WebPage","@id":"https:\/\/www.esta-officiel-usa.com\/es\/esta-glosario-y-terminos-generales\/","url":"https:\/\/www.esta-officiel-usa.com\/es\/esta-glosario-y-terminos-generales\/","name":"ESTA: glosario y t\u00e9rminos generales","isPartOf":{"@id":"https:\/\/www.esta-officiel-usa.com\/es\/#website"},"datePublished":"2025-09-13T11:58:36+00:00","description":"Aunque el proceso de solicitud del ESTA es muy sencillo, hay muchos t\u00e9rminos relacionados con el ESTA que debes comprender.","breadcrumb":{"@id":"https:\/\/www.esta-officiel-usa.com\/es\/esta-glosario-y-terminos-generales\/#breadcrumb"},"inLanguage":"es","potentialAction":[{"@type":"ReadAction","target":["https:\/\/www.esta-officiel-usa.com\/es\/esta-glosario-y-terminos-generales\/"]}]},{"@type":"BreadcrumbList","@id":"https:\/\/www.esta-officiel-usa.com\/es\/esta-glosario-y-terminos-generales\/#breadcrumb","itemListElement":[{"@type":"ListItem","position":1,"name":"Inicio","item":"https:\/\/www.esta-officiel-usa.com\/es\/"},{"@type":"ListItem","position":2,"name":"ESTA: glosario y t\u00e9rminos generales"}]},{"@type":"WebSite","@id":"https:\/\/www.esta-officiel-usa.com\/es\/#website","url":"https:\/\/www.esta-officiel-usa.com\/es\/","name":"ESTA - Estados Unidos","description":"Formulario de solicitud ESTA","potentialAction":[{"@type":"SearchAction","target":{"@type":"EntryPoint","urlTemplate":"https:\/\/www.esta-officiel-usa.com\/es\/?s={search_term_string}"},"query-input":{"@type":"PropertyValueSpecification","valueRequired":true,"valueName":"search_term_string"}}],"inLanguage":"es"}]}},"_links":{"self":[{"href":"https:\/\/www.esta-officiel-usa.com\/es\/wp-json\/wp\/v2\/pages\/987","targetHints":{"allow":["GET"]}}],"collection":[{"href":"https:\/\/www.esta-officiel-usa.com\/es\/wp-json\/wp\/v2\/pages"}],"about":[{"href":"https:\/\/www.esta-officiel-usa.com\/es\/wp-json\/wp\/v2\/types\/page"}],"author":[{"embeddable":true,"href":"https:\/\/www.esta-officiel-usa.com\/es\/wp-json\/wp\/v2\/users\/1"}],"replies":[{"embeddable":true,"href":"https:\/\/www.esta-officiel-usa.com\/es\/wp-json\/wp\/v2\/comments?post=987"}],"version-history":[{"count":1,"href":"https:\/\/www.esta-officiel-usa.com\/es\/wp-json\/wp\/v2\/pages\/987\/revisions"}],"predecessor-version":[{"id":989,"href":"https:\/\/www.esta-officiel-usa.com\/es\/wp-json\/wp\/v2\/pages\/987\/revisions\/989"}],"wp:attachment":[{"href":"https:\/\/www.esta-officiel-usa.com\/es\/wp-json\/wp\/v2\/media?parent=987"}],"curies":[{"name":"wp","href":"https:\/\/api.w.org\/{rel}","templated":true}]}}