{"id":997,"date":"2025-09-13T11:59:06","date_gmt":"2025-09-13T11:59:06","guid":{"rendered":"https:\/\/www.esta-officiel-usa.com\/visados-americanos-para-entrar-en-ee-uu\/"},"modified":"2025-09-13T11:59:09","modified_gmt":"2025-09-13T11:59:09","slug":"visados-americanos-para-entrar-en-ee-uu","status":"publish","type":"page","link":"https:\/\/www.esta-officiel-usa.com\/es\/visados-americanos-para-entrar-en-ee-uu\/","title":{"rendered":"Visados americanos para entrar en EE.UU."},"content":{"rendered":"\n<h1 class=\"wp-block-heading\">\u00bfQu\u00e9 tipo de visado necesito para viajar a EE.UU.?<\/h1>\n\n<p>Todas las visitas a Estados Unidos requieren una autorizaci\u00f3n de viaje. La autorizaci\u00f3n de viaje m\u00e1s f\u00e1cil de obtener para los extranjeros es una <a href=\"https:\/\/www.esta-officiel-usa.com\/es\/\">autorizaci\u00f3n ESTA<\/a> en el marco del Programa de Exenci\u00f3n de Visado. Sin embargo, hay un gran n\u00famero de visados disponibles para viajar a Estados Unidos. He aqu\u00ed los principales visados estadounidenses que ofrece el <a href=\"https:\/\/www.esta-officiel-usa.com\/fr\/quest-ce-que-le-dos-department-of-state\/\">Departamento de Estado<\/a> de EE.UU.   <br\/>  <\/p>\n\n<h2 class=\"wp-block-heading\">Visado para EE.UU.: visados de residencia temporal<\/h2>\n\n<p>Los visados temporales, tambi\u00e9n conocidos como visados de no inmigrante, permiten la entrada temporal en Estados Unidos. No permiten la expatriaci\u00f3n.   <\/p>\n\n<h3 class=\"wp-block-heading\">Visa de turista<\/h3>\n\n<p>El visado de visitante es el visado para EE.UU. expedido para viajes de negocios, turismo, tratamiento m\u00e9dico o tr\u00e1nsito.<\/p>\n\n<p>El visado B1 es necesario para los viajes de negocios. El visado <a href=\"https:\/\/www.esta-officiel-usa.com\/es\/visados-b1-y-b2-para-entrar-en-estados-unidos\/\">tur\u00edstico estadounidense<\/a> es el visado B2. El tr\u00e1nsito o las escalas requieren un visado C.  <\/p>\n\n<h3 class=\"wp-block-heading\">Visado de estudiante<\/h3>\n\n<p>Hay tres categor\u00edas de visado de estudiante:<\/p>\n\n<ul class=\"wp-block-list\">\n<li>el visado F para los estudiantes que siguen un programa acad\u00e9mico y desean, por ejemplo, asistir a una universidad estadounidense;<\/li>\n\n\n\n<li>el visado M para estudiantes no universitarios o de formaci\u00f3n profesional ;<\/li>\n\n\n\n<li>el visado J para programas de intercambio, incluidas las au pairs.<\/li>\n<\/ul>\n\n<p>A menos que est\u00e9s de vacaciones para estudiar idiomas, necesitar\u00e1s tener un buen nivel de ingl\u00e9s (el examen m\u00e1s com\u00fan es el TOEFL).<\/p>\n\n<p>La obtenci\u00f3n de un visado de estudiante depende de la aceptaci\u00f3n del estudiante \nen un centro educativo reconocido por el gobierno estadounidense \n(patrocinadores) para cursar estudios a tiempo completo.<\/p>\n\n<p>Todas las solicitudes de visado de estudiante deben completarse con la inscripci\u00f3n \n, por la que hay que pagar una tasa, en el sistema SEVIS (Student and Exchange Information \nSystem). El formulario a cumplimentar depende del visado: formulario I20 \npara los visados F y M y formulario DS-2019 para los visados J. <\/p>\n\n<p>Se puede conceder un permiso de trabajo en determinadas condiciones.<\/p>\n\n<p>Ten en cuenta que los visados F1, M1 y <a href=\"https:\/\/www.esta-officiel-usa.com\/es\/lo-que-debes-saber-sobre-el-visado-j\/\">J1<\/a> son para el solicitante, mientras que los visados F2, M2 y J2 son para el c\u00f3nyuge y los hijos del solicitante (menores de 21 a\u00f1os).<\/p>\n\n<h3 class=\"wp-block-heading\">Visado de trabajo<\/h3>\n\n<p>Esta categor\u00eda de visado se compone de un gran n\u00famero de visados diferentes, clasificados seg\u00fan la profesi\u00f3n:<\/p>\n\n<ul class=\"wp-block-list\">\n<li>Visado D para miembros de la tripulaci\u00f3n (barco y avi\u00f3n) ;<\/li>\n\n\n\n<li>Visado E para nacionales de un socio comercial de EE.UU. para actividades empresariales importantes y para australianos especializados en un campo profesional (E3);<\/li>\n\n\n\n<li><a href=\"https:\/\/www.esta-officiel-usa.com\/es\/el-visado-h1b-para-trabajar-en-ee-uu\/\">Visado H<\/a> para trabajo temporal o formaci\u00f3n en Estados Unidos, clasificado seg\u00fan su campo de actividad y s\u00f3lo con el acuerdo del USCIS (servicios de inmigraci\u00f3n);<\/li>\n\n\n\n<li>visa I para los medios de comunicaci\u00f3n ;<\/li>\n\n\n\n<li>Visado L para traslados intraempresariales de directivos, ejecutivos y empleados especializados de una empresa estadounidense;<\/li>\n\n\n\n<li><a href=\"https:\/\/www.esta-officiel-usa.com\/es\/visados-o-y-p-para-deportistas-o-artistas\/\">Visados O y P<\/a> para estancias profesionales temporales. El visado O para trabajadores o aprendices con capacidades extraordinarias en los campos de la ciencia, el comercio, el deporte, el arte y la educaci\u00f3n. El visado P para deportistas y artistas que deseen participar en uno o varios eventos relacionados con su disciplina;  <\/li>\n\n\n\n<li>Visado Q para intercambios culturales internacionales ;<\/li>\n\n\n\n<li>Visado R para trabajadores religiosos (organizaci\u00f3n religiosa reconocida sin \u00e1nimo de lucro);<\/li>\n\n\n\n<li>Visados TD y TN para profesionales del TLCAN (Tratado de Libre Comercio de Am\u00e9rica del Norte), es decir, profesionales canadienses y mexicanos que han recibido una oferta de trabajo de un empresario estadounidense.<\/li>\n<\/ul>\n\n<h3 class=\"wp-block-heading\">Otros<\/h3>\n\n<p>Se han introducido dos categor\u00edas de visado para las v\u00edctimas. Las v\u00edctimas de trata de seres humanos que necesiten venir a EEUU para una investigaci\u00f3n o para procesar a los autores pueden solicitar un visado T. Las v\u00edctimas de delitos pueden solicitar un visado U. <\/p>\n\n<h2 class=\"wp-block-heading\">Visado para EE.UU.: visados de inmigrante<\/h2>\n\n<p>Los visados de inmigrante est\u00e1n destinados a los extranjeros \nque deseen inmigrar y vivir en Estados Unidos de forma permanente. Se trata de\n un visado para EE.UU. que ofrece el estatuto de residente legal permanente. <\/p>\n\n<p>Los visados de inmigrante s\u00f3lo pueden obtenerse a trav\u00e9s del patrocinio de \n, a menos que pruebes suerte en la loter\u00eda de la tarjeta verde para \nobtener un visado de diversidad.<\/p>\n\n<p>La loter\u00eda de la tarjeta verde se abre en octubre de cada a\u00f1o y ofrece a\n la oportunidad de que 50.000 personas obtengan la residencia permanente \nal otro lado del Atl\u00e1ntico, que es tambi\u00e9n el primer paso para solicitar la naturalizaci\u00f3n \n.<\/p>\n\n<p>Esta familia de visados abarca 5 categor\u00edas:<\/p>\n\n<ul class=\"wp-block-list\">\n<li>Visado E para trabajar en Estados Unidos, en particular el E1 para Comerciantes por Tratado y el E2 para Inversores por Tratado (este visado act\u00faa como permiso de trabajo);<\/li>\n\n\n\n<li>Visado F2 para determinados familiares de un residente permanente ;<\/li>\n\n\n\n<li>Visados IR1 y CR1 para el c\u00f3nyuge de un ciudadano estadounidense ;<\/li>\n\n\n\n<li>Visados IR3 e IH3 para hu\u00e9rfanos adoptados por un ciudadano estadounidense ;<\/li>\n\n\n\n<li>Visado K para la prometida\/el prometido de un ciudadano estadounidense (K2 para los hijos menores de esta persona);<\/li>\n\n\n\n<li>visado de diversidad (VD), m\u00e1s conocido como tarjeta verde.<\/li>\n<\/ul>\n\n<h2 class=\"wp-block-heading\">\u00bfC\u00f3mo obtengo un visado estadounidense?<\/h2>\n\n<p>La obtenci\u00f3n de un visado para EE.UU., o de cualquier otra autorizaci\u00f3n, es obligatoria \n. No tiene sentido intentar viajar a EEUU sin visado, \n. Se denegar\u00e1 el acceso al barco o al avi\u00f3n. <\/p>\n\n<p>A diferencia de la autorizaci\u00f3n de viaje ESTA, que s\u00f3lo puede solicitarse rellenando <a href=\"https:\/\/www.esta-officiel-usa.com\/fr\/remplir-le-formulaire-esta-en-ligne\/\">un formulario en l\u00ednea<\/a>, la solicitud de visado requiere que acudas a la embajada de EE.UU. (o al consulado de EE.UU. si procede) para que examinen tu solicitud.<\/p>\n\n<p>La seguridad nacional en Estados Unidos es una cuesti\u00f3n pol\u00edtica muy \nsensible y las autoridades estadounidenses se han comprometido a preservar su \nseguridad nacional controlando, entre otras cosas, las fronteras y el \nflujo de inmigraci\u00f3n.<\/p>\n\n<p>Los documentos que hay que presentar al solicitar un visado para EE.UU. var\u00edan seg\u00fan el visado solicitado. Se requiere un <a href=\"https:\/\/www.esta-officiel-usa.com\/fr\/quel-type-de-passeport-pour-les-usa\/\">pasaporte v\u00e1lido<\/a> para la duraci\u00f3n del visado solicitado. Hay que tener en cuenta que debe ser un pasaporte electr\u00f3nico o un pasaporte biom\u00e9trico, ya que estos \u00faltimos corresponden a las medidas de seguridad exigidas por el gobierno. Un pasaporte biom\u00e9trico contiene la foto digitalizada y las huellas dactilares del titular.   <\/p>\n\n<p>En t\u00e9rminos generales, para solicitar un visado temporal, los solicitantes deben \ncumplimentar el formulario DS-160 en l\u00ednea, subir una foto de carn\u00e9 digital ( \n) y pagar la tasa de visado. Tambi\u00e9n se suelen pedir pruebas \nde apego al pa\u00eds de origen y de recursos econ\u00f3micos \n. <\/p>\n\n<p>La solicitud de un visado de inmigrante suele constar de 5 etapas: solicitud de una petici\u00f3n al USCIS (Servicio de Ciudadan\u00eda e Inmigraci\u00f3n de EEUU), validaci\u00f3n de la petici\u00f3n por el NVC (Centro Nacional de Visados), preparaci\u00f3n de la cita en la embajada estadounidense (reconocimiento m\u00e9dico, inscripci\u00f3n en l\u00ednea, expediente de solicitud), cita en la embajada con un funcionario consular para estudiar el expediente completo, y respuesta a la solicitud de visado para EEUU.<\/p>\n","protected":false},"excerpt":{"rendered":"<p>\u00bfQu\u00e9 tipo de visado necesito para viajar a EE.UU.? Todas las visitas a Estados Unidos requieren una autorizaci\u00f3n de viaje. La autorizaci\u00f3n de viaje m\u00e1s f\u00e1cil de obtener para los extranjeros es una autorizaci\u00f3n ESTA en el marco del Programa de Exenci\u00f3n de Visado. Sin embargo, hay un gran n\u00famero de visados disponibles para viajar [&hellip;]<\/p>\n","protected":false},"author":1,"featured_media":0,"parent":0,"menu_order":0,"comment_status":"closed","ping_status":"closed","template":"","meta":{"footnotes":""},"class_list":["post-997","page","type-page","status-publish","hentry"],"yoast_head":"<!-- This site is optimized with the Yoast SEO plugin v26.2 - https:\/\/yoast.com\/wordpress\/plugins\/seo\/ -->\n<title>Visados americanos para entrar en EE.UU.<\/title>\n<meta name=\"description\" content=\"Hay un gran n\u00famero de visados para viajar a EE.UU. Hemos elaborado una lista de los principales visados para entrar en EE.UU.\" \/>\n<meta name=\"robots\" content=\"index, follow, max-snippet:-1, max-image-preview:large, max-video-preview:-1\" \/>\n<link rel=\"canonical\" href=\"https:\/\/www.esta-officiel-usa.com\/es\/visados-americanos-para-entrar-en-ee-uu\/\" \/>\n<meta property=\"og:locale\" content=\"es_ES\" \/>\n<meta property=\"og:type\" content=\"article\" \/>\n<meta property=\"og:title\" content=\"Visados americanos para entrar en EE.UU.\" \/>\n<meta property=\"og:description\" content=\"Hay un gran n\u00famero de visados para viajar a EE.UU. Hemos elaborado una lista de los principales visados para entrar en EE.UU.\" \/>\n<meta property=\"og:url\" content=\"https:\/\/www.esta-officiel-usa.com\/es\/visados-americanos-para-entrar-en-ee-uu\/\" \/>\n<meta property=\"og:site_name\" content=\"ESTA - Estados Unidos\" \/>\n<meta property=\"article:modified_time\" content=\"2025-09-13T11:59:09+00:00\" \/>\n<meta name=\"twitter:card\" content=\"summary_large_image\" \/>\n<meta name=\"twitter:label1\" content=\"Tiempo de lectura\" \/>\n\t<meta name=\"twitter:data1\" content=\"6 minutos\" \/>\n<script type=\"application\/ld+json\" class=\"yoast-schema-graph\">{\"@context\":\"https:\/\/schema.org\",\"@graph\":[{\"@type\":\"WebPage\",\"@id\":\"https:\/\/www.esta-officiel-usa.com\/es\/visados-americanos-para-entrar-en-ee-uu\/\",\"url\":\"https:\/\/www.esta-officiel-usa.com\/es\/visados-americanos-para-entrar-en-ee-uu\/\",\"name\":\"Visados americanos para entrar en EE.UU.\",\"isPartOf\":{\"@id\":\"https:\/\/www.esta-officiel-usa.com\/es\/#website\"},\"datePublished\":\"2025-09-13T11:59:06+00:00\",\"dateModified\":\"2025-09-13T11:59:09+00:00\",\"description\":\"Hay un gran n\u00famero de visados para viajar a EE.UU. Hemos elaborado una lista de los principales visados para entrar en EE.UU.\",\"breadcrumb\":{\"@id\":\"https:\/\/www.esta-officiel-usa.com\/es\/visados-americanos-para-entrar-en-ee-uu\/#breadcrumb\"},\"inLanguage\":\"es\",\"potentialAction\":[{\"@type\":\"ReadAction\",\"target\":[\"https:\/\/www.esta-officiel-usa.com\/es\/visados-americanos-para-entrar-en-ee-uu\/\"]}]},{\"@type\":\"BreadcrumbList\",\"@id\":\"https:\/\/www.esta-officiel-usa.com\/es\/visados-americanos-para-entrar-en-ee-uu\/#breadcrumb\",\"itemListElement\":[{\"@type\":\"ListItem\",\"position\":1,\"name\":\"Inicio\",\"item\":\"https:\/\/www.esta-officiel-usa.com\/es\/\"},{\"@type\":\"ListItem\",\"position\":2,\"name\":\"Visados americanos para entrar en EE.UU.\"}]},{\"@type\":\"WebSite\",\"@id\":\"https:\/\/www.esta-officiel-usa.com\/es\/#website\",\"url\":\"https:\/\/www.esta-officiel-usa.com\/es\/\",\"name\":\"ESTA - Estados Unidos\",\"description\":\"Formulario de solicitud ESTA\",\"potentialAction\":[{\"@type\":\"SearchAction\",\"target\":{\"@type\":\"EntryPoint\",\"urlTemplate\":\"https:\/\/www.esta-officiel-usa.com\/es\/?s={search_term_string}\"},\"query-input\":{\"@type\":\"PropertyValueSpecification\",\"valueRequired\":true,\"valueName\":\"search_term_string\"}}],\"inLanguage\":\"es\"}]}<\/script>\n<!-- \/ Yoast SEO plugin. -->","yoast_head_json":{"title":"Visados americanos para entrar en EE.UU.","description":"Hay un gran n\u00famero de visados para viajar a EE.UU. Hemos elaborado una lista de los principales visados para entrar en EE.UU.","robots":{"index":"index","follow":"follow","max-snippet":"max-snippet:-1","max-image-preview":"max-image-preview:large","max-video-preview":"max-video-preview:-1"},"canonical":"https:\/\/www.esta-officiel-usa.com\/es\/visados-americanos-para-entrar-en-ee-uu\/","og_locale":"es_ES","og_type":"article","og_title":"Visados americanos para entrar en EE.UU.","og_description":"Hay un gran n\u00famero de visados para viajar a EE.UU. Hemos elaborado una lista de los principales visados para entrar en EE.UU.","og_url":"https:\/\/www.esta-officiel-usa.com\/es\/visados-americanos-para-entrar-en-ee-uu\/","og_site_name":"ESTA - Estados Unidos","article_modified_time":"2025-09-13T11:59:09+00:00","twitter_card":"summary_large_image","twitter_misc":{"Tiempo de lectura":"6 minutos"},"schema":{"@context":"https:\/\/schema.org","@graph":[{"@type":"WebPage","@id":"https:\/\/www.esta-officiel-usa.com\/es\/visados-americanos-para-entrar-en-ee-uu\/","url":"https:\/\/www.esta-officiel-usa.com\/es\/visados-americanos-para-entrar-en-ee-uu\/","name":"Visados americanos para entrar en EE.UU.","isPartOf":{"@id":"https:\/\/www.esta-officiel-usa.com\/es\/#website"},"datePublished":"2025-09-13T11:59:06+00:00","dateModified":"2025-09-13T11:59:09+00:00","description":"Hay un gran n\u00famero de visados para viajar a EE.UU. Hemos elaborado una lista de los principales visados para entrar en EE.UU.","breadcrumb":{"@id":"https:\/\/www.esta-officiel-usa.com\/es\/visados-americanos-para-entrar-en-ee-uu\/#breadcrumb"},"inLanguage":"es","potentialAction":[{"@type":"ReadAction","target":["https:\/\/www.esta-officiel-usa.com\/es\/visados-americanos-para-entrar-en-ee-uu\/"]}]},{"@type":"BreadcrumbList","@id":"https:\/\/www.esta-officiel-usa.com\/es\/visados-americanos-para-entrar-en-ee-uu\/#breadcrumb","itemListElement":[{"@type":"ListItem","position":1,"name":"Inicio","item":"https:\/\/www.esta-officiel-usa.com\/es\/"},{"@type":"ListItem","position":2,"name":"Visados americanos para entrar en EE.UU."}]},{"@type":"WebSite","@id":"https:\/\/www.esta-officiel-usa.com\/es\/#website","url":"https:\/\/www.esta-officiel-usa.com\/es\/","name":"ESTA - Estados Unidos","description":"Formulario de solicitud ESTA","potentialAction":[{"@type":"SearchAction","target":{"@type":"EntryPoint","urlTemplate":"https:\/\/www.esta-officiel-usa.com\/es\/?s={search_term_string}"},"query-input":{"@type":"PropertyValueSpecification","valueRequired":true,"valueName":"search_term_string"}}],"inLanguage":"es"}]}},"_links":{"self":[{"href":"https:\/\/www.esta-officiel-usa.com\/es\/wp-json\/wp\/v2\/pages\/997","targetHints":{"allow":["GET"]}}],"collection":[{"href":"https:\/\/www.esta-officiel-usa.com\/es\/wp-json\/wp\/v2\/pages"}],"about":[{"href":"https:\/\/www.esta-officiel-usa.com\/es\/wp-json\/wp\/v2\/types\/page"}],"author":[{"embeddable":true,"href":"https:\/\/www.esta-officiel-usa.com\/es\/wp-json\/wp\/v2\/users\/1"}],"replies":[{"embeddable":true,"href":"https:\/\/www.esta-officiel-usa.com\/es\/wp-json\/wp\/v2\/comments?post=997"}],"version-history":[{"count":3,"href":"https:\/\/www.esta-officiel-usa.com\/es\/wp-json\/wp\/v2\/pages\/997\/revisions"}],"predecessor-version":[{"id":1004,"href":"https:\/\/www.esta-officiel-usa.com\/es\/wp-json\/wp\/v2\/pages\/997\/revisions\/1004"}],"wp:attachment":[{"href":"https:\/\/www.esta-officiel-usa.com\/es\/wp-json\/wp\/v2\/media?parent=997"}],"curies":[{"name":"wp","href":"https:\/\/api.w.org\/{rel}","templated":true}]}}