{"id":100,"date":"2020-01-20T10:10:19","date_gmt":"2020-01-20T10:10:19","guid":{"rendered":"http:\/\/esta-officiel-usa.com\/?page_id=100"},"modified":"2020-02-01T13:34:27","modified_gmt":"2020-02-01T13:34:27","slug":"passer-les-controles-des-douanes-americaines","status":"publish","type":"page","link":"https:\/\/www.esta-officiel-usa.com\/fr\/passer-les-controles-des-douanes-americaines\/","title":{"rendered":"Passer les contr\u00f4les des douanes Am\u00e9ricaines"},"content":{"rendered":"\n<h1 class=\"wp-block-heading\">LES V\u00c9RIFICATIONS DES DOUANES VOYAGE AUX \u00c9TATS-UNIS<\/h1>\n\n\n\n<p>Vous voil\u00e0 fin pr\u00eat \u00e0 conqu\u00e9rir les \u00c9tats-Unis ? Avant cela, vous devez passer par l\u2019\u00e9tape incontournable du franchissement des douanes, m\u00eame si vous avez en votre possession une autorisation comme\u00a0<a href=\"https:\/\/www.esta-officiel-usa.com\/fr\/\">l&rsquo;ESTA<\/a>\u00a0!<\/p>\n\n\n\n<p>Mieux vaut \u00eatre patient car on ne blague pas en mati\u00e8re de\u00a0<a href=\"https:\/\/www.esta-officiel-usa.com\/fr\/le-departement-de-la-securite-interieure-americain\/\">s\u00e9curit\u00e9 aux \u00c9tats-Unis<\/a>. Nos experts vous prodiguent tous leurs conseils afin que votre passage aux douanes se d\u00e9roulent sans stress ! \u00a0<br>\u00a0<\/p>\n\n\n\n<h2 class=\"wp-block-heading\">LES DOCUMENTS \u00c0 REMETTRE AUX DOUANES<\/h2>\n\n\n\n<p>Avant votre d\u00e9part, assurez-vous de disposer d\u2019une autorisation de s\u00e9jour. Ce document est obligatoire si vous n\u2019\u00eates pas am\u00e9ricain et que vous souhaitez vous rendre aux \u00c9tats-Unis. L\u2019autorisation peut rev\u00eatir diff\u00e9rentes formes, ce peut \u00eatre une\u00a0<a href=\"https:\/\/www.esta-officiel-usa.com\/fr\/quest-ce-que-la-green-card\/\">green card<\/a>, un visa ou un ESTA. Ce dernier est le document le plus facile et le moins cher \u00e0 obtenir. Vous pouvez vous le procurer tr\u00e8s facilement en faisant appel aux services de esta-officiel-usa.com ou en passant par les douanes am\u00e9ricaines qui poss\u00e8dent un\u00a0<a href=\"https:\/\/www.esta-officiel-usa.com\/fr\/demande-desta-sur-site-officiel\/\">site internet con\u00e7u pour effectuer la d\u00e9marche ESTA<\/a>.<\/p>\n\n\n\n<p>Sans autorisation, les douanes am\u00e9ricaines ne vous laisseront pas entrer sur leur sol. Alors pensez bien \u00e0 disposer de votre document \u00e0 jour et pour les retardataires, pas de panique ! La\u00a0<a href=\"https:\/\/www.esta-officiel-usa.com\/fr\/comment-faire-une-demande-esta-officiel\/\">demande d\u2019ESTA<\/a>, contrairement au visa et \u00e0 la green card, est trait\u00e9e sous 72 heures. D\u2019ailleurs, le plus souvent, vous le recevez le jour m\u00eame ! Pensez \u00e9galement \u00e0 voyager en possession d\u2019un passeport \u00e9lectronique ou biom\u00e9trique en cours de validit\u00e9. Sans ce document les douanes vous laisseront sur le tarmac !<\/p>\n\n\n\n<p>Aussi, une fois dans l\u2019avion ou sur la bateau, il vous sera remis par le personnel de bord une fiche bleue. Elle correspond au&nbsp;formulaire&nbsp;des douanes. Vous devez alors imp\u00e9rativement pr\u00e9ciser votre num\u00e9ro de passeport, l\u2019adresse physique \u00e0 laquelle vous vous rendez aux Etats-Unis, la somme d\u2019argent liquide que vous poss\u00e9dez sur vous, ainsi que la liste des articles particuliers qui vous accompagnent durant le vol (v\u00e9g\u00e9taux, produits d\u2019origine animal\u2026).<\/p>\n\n\n\n<h2 class=\"wp-block-heading\">FRANCHIR LES \u00c9TAPES DES DOUANES AVEC SUCC\u00c8S<\/h2>\n\n\n\n<p>Une fois arriv\u00e9 aux USA, les douanes proc\u00e9deront \u00e0 une revue des pi\u00e8ces obligatoires : votre passeport, la fiche bleue, ainsi que l\u2019autorisation. Si vous voyagez avec le\u00a0<a href=\"https:\/\/www.esta-officiel-usa.com\/fr\/le-formulaire-esta-usa-en-francais\/\">formulaire ESTA<\/a>\u00a0fran\u00e7ais, les douaniers v\u00e9rifieront sur leur ordinateur que le document vous a bien \u00e9t\u00e9 attribu\u00e9. En effet, la proc\u00e9dure ESTA est enti\u00e8rement automatis\u00e9e, c\u2019est pourquoi les douanes peuvent voir en temps r\u00e9el si vous \u00eates autoris\u00e9 \u00e0 s\u00e9journer ou non sur leur territoire. Toutefois, que cela ne vous emp\u00eache pas de voyager muni de votre justificatif papier. Deux pr\u00e9cautions valent mieux qu\u2019une ! Surtout s\u2019agissant d\u2019un pays aussi strict en mati\u00e8re de s\u00e9curit\u00e9.<\/p>\n\n\n\n<p>Une fois cette \u00e9tape franchie, des questions vous seront pos\u00e9es par les agents des douanes. Elles portent principalement sur les raisons de votre venue aux \u00c9tats-Unis. Enfin, une photo de vous sera prise, de m\u00eame que le scan de vos empreintes digitales. Ces \u00e9tapes peuvent prendre du temps et les files d\u2019attente sont parfois longues. Toutefois, restez zen ! Et n\u2019oubliez pas que les douanes am\u00e9ricaines font leur travail et qu\u2019elles poss\u00e8dent les pleins pouvoirs concernant l\u2019<a href=\"https:\/\/www.esta-officiel-usa.com\/fr\/obtenir-un-esta-conditions-dadmission\/\">admission<\/a>\u00a0ou non d\u2019un personne sur leur sol !<\/p>\n\n\n\n<p>En cas d&rsquo;<a href=\"https:\/\/www.esta-officiel-usa.com\/fr\/esta-perdu-que-faire\/\">ESTA perdu<\/a>, ne paniquez pas ! Vous pouvez tr\u00e8s facilement la retrouver sur le site en ligne de la douane am\u00e9ricaine.<\/p>\n","protected":false},"excerpt":{"rendered":"<p>LES V\u00c9RIFICATIONS DES DOUANES VOYAGE AUX \u00c9TATS-UNIS Vous voil\u00e0 fin pr\u00eat \u00e0 conqu\u00e9rir les \u00c9tats-Unis ? Avant cela, vous devez passer par l\u2019\u00e9tape incontournable du franchissement des douanes, m\u00eame si vous avez en votre possession une autorisation comme\u00a0l&rsquo;ESTA\u00a0! Mieux vaut \u00eatre patient car on ne blague pas en mati\u00e8re de\u00a0s\u00e9curit\u00e9 aux \u00c9tats-Unis. Nos experts vous [&hellip;]<\/p>\n","protected":false},"author":1,"featured_media":0,"parent":0,"menu_order":0,"comment_status":"closed","ping_status":"closed","template":"","meta":{"footnotes":""},"class_list":["post-100","page","type-page","status-publish","hentry"],"yoast_head":"<!-- This site is optimized with the Yoast SEO plugin v26.2 - https:\/\/yoast.com\/wordpress\/plugins\/seo\/ -->\n<title>Passer les contr\u00f4les des douanes Am\u00e9ricaines<\/title>\n<meta name=\"description\" content=\"Vous avez votre autorisation d&#039;ESTA valide mais vous devez passer par l\u2019\u00e9tape incontournable du franchissement des douanes.\" \/>\n<meta name=\"robots\" content=\"index, follow, max-snippet:-1, max-image-preview:large, max-video-preview:-1\" \/>\n<link rel=\"canonical\" href=\"https:\/\/www.esta-officiel-usa.com\/fr\/passer-les-controles-des-douanes-americaines\/\" \/>\n<meta property=\"og:locale\" content=\"fr_FR\" \/>\n<meta property=\"og:type\" content=\"article\" \/>\n<meta property=\"og:title\" content=\"Passer les contr\u00f4les des douanes Am\u00e9ricaines\" \/>\n<meta property=\"og:description\" content=\"Vous avez votre autorisation d&#039;ESTA valide mais vous devez passer par l\u2019\u00e9tape incontournable du franchissement des douanes.\" \/>\n<meta property=\"og:url\" content=\"https:\/\/www.esta-officiel-usa.com\/fr\/passer-les-controles-des-douanes-americaines\/\" \/>\n<meta property=\"og:site_name\" content=\"ESTA - Etats-Unis\" \/>\n<meta property=\"article:modified_time\" content=\"2020-02-01T13:34:27+00:00\" \/>\n<meta name=\"twitter:card\" content=\"summary_large_image\" \/>\n<meta name=\"twitter:label1\" content=\"Dur\u00e9e de lecture estim\u00e9e\" \/>\n\t<meta name=\"twitter:data1\" content=\"3 minutes\" \/>\n<script type=\"application\/ld+json\" class=\"yoast-schema-graph\">{\"@context\":\"https:\/\/schema.org\",\"@graph\":[{\"@type\":\"WebPage\",\"@id\":\"https:\/\/www.esta-officiel-usa.com\/fr\/passer-les-controles-des-douanes-americaines\/\",\"url\":\"https:\/\/www.esta-officiel-usa.com\/fr\/passer-les-controles-des-douanes-americaines\/\",\"name\":\"Passer les contr\u00f4les des douanes Am\u00e9ricaines\",\"isPartOf\":{\"@id\":\"https:\/\/www.esta-officiel-usa.com\/fr\/#website\"},\"datePublished\":\"2020-01-20T10:10:19+00:00\",\"dateModified\":\"2020-02-01T13:34:27+00:00\",\"description\":\"Vous avez votre autorisation d'ESTA valide mais vous devez passer par l\u2019\u00e9tape incontournable du franchissement des douanes.\",\"breadcrumb\":{\"@id\":\"https:\/\/www.esta-officiel-usa.com\/fr\/passer-les-controles-des-douanes-americaines\/#breadcrumb\"},\"inLanguage\":\"fr-FR\",\"potentialAction\":[{\"@type\":\"ReadAction\",\"target\":[\"https:\/\/www.esta-officiel-usa.com\/fr\/passer-les-controles-des-douanes-americaines\/\"]}]},{\"@type\":\"BreadcrumbList\",\"@id\":\"https:\/\/www.esta-officiel-usa.com\/fr\/passer-les-controles-des-douanes-americaines\/#breadcrumb\",\"itemListElement\":[{\"@type\":\"ListItem\",\"position\":1,\"name\":\"Home\",\"item\":\"https:\/\/www.esta-officiel-usa.com\/fr\/\"},{\"@type\":\"ListItem\",\"position\":2,\"name\":\"Passer les contr\u00f4les des douanes Am\u00e9ricaines\"}]},{\"@type\":\"WebSite\",\"@id\":\"https:\/\/www.esta-officiel-usa.com\/fr\/#website\",\"url\":\"https:\/\/www.esta-officiel-usa.com\/fr\/\",\"name\":\"ESTA - Etats-Unis\",\"description\":\"Formulaire de demande ESTA\",\"potentialAction\":[{\"@type\":\"SearchAction\",\"target\":{\"@type\":\"EntryPoint\",\"urlTemplate\":\"https:\/\/www.esta-officiel-usa.com\/fr\/?s={search_term_string}\"},\"query-input\":{\"@type\":\"PropertyValueSpecification\",\"valueRequired\":true,\"valueName\":\"search_term_string\"}}],\"inLanguage\":\"fr-FR\"}]}<\/script>\n<!-- \/ Yoast SEO plugin. -->","yoast_head_json":{"title":"Passer les contr\u00f4les des douanes Am\u00e9ricaines","description":"Vous avez votre autorisation d'ESTA valide mais vous devez passer par l\u2019\u00e9tape incontournable du franchissement des douanes.","robots":{"index":"index","follow":"follow","max-snippet":"max-snippet:-1","max-image-preview":"max-image-preview:large","max-video-preview":"max-video-preview:-1"},"canonical":"https:\/\/www.esta-officiel-usa.com\/fr\/passer-les-controles-des-douanes-americaines\/","og_locale":"fr_FR","og_type":"article","og_title":"Passer les contr\u00f4les des douanes Am\u00e9ricaines","og_description":"Vous avez votre autorisation d'ESTA valide mais vous devez passer par l\u2019\u00e9tape incontournable du franchissement des douanes.","og_url":"https:\/\/www.esta-officiel-usa.com\/fr\/passer-les-controles-des-douanes-americaines\/","og_site_name":"ESTA - Etats-Unis","article_modified_time":"2020-02-01T13:34:27+00:00","twitter_card":"summary_large_image","twitter_misc":{"Dur\u00e9e de lecture estim\u00e9e":"3 minutes"},"schema":{"@context":"https:\/\/schema.org","@graph":[{"@type":"WebPage","@id":"https:\/\/www.esta-officiel-usa.com\/fr\/passer-les-controles-des-douanes-americaines\/","url":"https:\/\/www.esta-officiel-usa.com\/fr\/passer-les-controles-des-douanes-americaines\/","name":"Passer les contr\u00f4les des douanes Am\u00e9ricaines","isPartOf":{"@id":"https:\/\/www.esta-officiel-usa.com\/fr\/#website"},"datePublished":"2020-01-20T10:10:19+00:00","dateModified":"2020-02-01T13:34:27+00:00","description":"Vous avez votre autorisation d'ESTA valide mais vous devez passer par l\u2019\u00e9tape incontournable du franchissement des douanes.","breadcrumb":{"@id":"https:\/\/www.esta-officiel-usa.com\/fr\/passer-les-controles-des-douanes-americaines\/#breadcrumb"},"inLanguage":"fr-FR","potentialAction":[{"@type":"ReadAction","target":["https:\/\/www.esta-officiel-usa.com\/fr\/passer-les-controles-des-douanes-americaines\/"]}]},{"@type":"BreadcrumbList","@id":"https:\/\/www.esta-officiel-usa.com\/fr\/passer-les-controles-des-douanes-americaines\/#breadcrumb","itemListElement":[{"@type":"ListItem","position":1,"name":"Home","item":"https:\/\/www.esta-officiel-usa.com\/fr\/"},{"@type":"ListItem","position":2,"name":"Passer les contr\u00f4les des douanes Am\u00e9ricaines"}]},{"@type":"WebSite","@id":"https:\/\/www.esta-officiel-usa.com\/fr\/#website","url":"https:\/\/www.esta-officiel-usa.com\/fr\/","name":"ESTA - Etats-Unis","description":"Formulaire de demande ESTA","potentialAction":[{"@type":"SearchAction","target":{"@type":"EntryPoint","urlTemplate":"https:\/\/www.esta-officiel-usa.com\/fr\/?s={search_term_string}"},"query-input":{"@type":"PropertyValueSpecification","valueRequired":true,"valueName":"search_term_string"}}],"inLanguage":"fr-FR"}]}},"_links":{"self":[{"href":"https:\/\/www.esta-officiel-usa.com\/fr\/wp-json\/wp\/v2\/pages\/100","targetHints":{"allow":["GET"]}}],"collection":[{"href":"https:\/\/www.esta-officiel-usa.com\/fr\/wp-json\/wp\/v2\/pages"}],"about":[{"href":"https:\/\/www.esta-officiel-usa.com\/fr\/wp-json\/wp\/v2\/types\/page"}],"author":[{"embeddable":true,"href":"https:\/\/www.esta-officiel-usa.com\/fr\/wp-json\/wp\/v2\/users\/1"}],"replies":[{"embeddable":true,"href":"https:\/\/www.esta-officiel-usa.com\/fr\/wp-json\/wp\/v2\/comments?post=100"}],"version-history":[{"count":2,"href":"https:\/\/www.esta-officiel-usa.com\/fr\/wp-json\/wp\/v2\/pages\/100\/revisions"}],"predecessor-version":[{"id":499,"href":"https:\/\/www.esta-officiel-usa.com\/fr\/wp-json\/wp\/v2\/pages\/100\/revisions\/499"}],"wp:attachment":[{"href":"https:\/\/www.esta-officiel-usa.com\/fr\/wp-json\/wp\/v2\/media?parent=100"}],"curies":[{"name":"wp","href":"https:\/\/api.w.org\/{rel}","templated":true}]}}