{"id":102,"date":"2020-01-20T10:12:30","date_gmt":"2020-01-20T10:12:30","guid":{"rendered":"http:\/\/esta-officiel-usa.com\/?page_id=102"},"modified":"2020-02-01T17:16:30","modified_gmt":"2020-02-01T17:16:30","slug":"les-formalites-darrivee-aux-usa-par-voie-terrestre","status":"publish","type":"page","link":"https:\/\/www.esta-officiel-usa.com\/fr\/les-formalites-darrivee-aux-usa-par-voie-terrestre\/","title":{"rendered":"Les formalit\u00e9s d&rsquo;arriv\u00e9e aux Etats-Unis par voie terrestre"},"content":{"rendered":"\n<h1 class=\"wp-block-heading\">ARRIVER AUX USA PAR VOIE TERRESTRE<\/h1>\n\n\n\n<p>L\u2019Electronic System for Travel Authorisation (<a href=\"https:\/\/www.esta-officiel-usa.com\/fr\/\">ESTA<\/a>)\u00a0permet aux ressortissants des pays membres du\u00a0<a href=\"https:\/\/www.esta-officiel-usa.com\/fr\/a-propos-du-visa-waiver-program\/\">Visa Waiver Program<\/a>\u00a0de s\u00e9journer aux \u00c9tats-Unis sans visa. Tr\u00e8s pris\u00e9e par les voyageurs, cette autorisation de s\u00e9jour peut \u00eatre obtenue \u00e0 moindre\u00a0frais. C\u2019est la raison pour laquelle elle est pl\u00e9biscit\u00e9e chaque ann\u00e9e par des millions de voyageurs ! Vous souhaitez arriver aux USA par voie terrestre ? Nos experts vous expliquent si vous pouvez pr\u00e9tendre ou non \u00e0 l\u2019ESTA.<br>\u00a0<\/p>\n\n\n\n<h2 class=\"wp-block-heading\">L\u2019ESTA PAR VOIE TERRESTRE EXISTE-IL ?<\/h2>\n\n\n\n<p>Gr\u00e2ce au programme d\u2019exemption de visa, les ressortissants de 38 pays \u00e0 travers le monde sont autoris\u00e9s \u00e0 s\u00e9journer aux \u00c9tats-Unis via une proc\u00e9dure simplifi\u00e9e.<\/p>\n\n\n\n<p>L\u2019ESTA, valable deux ans, s\u2019adresse aussi bien aux personnes mineures que majeures.<\/p>\n\n\n\n<p>Il peut \u00eatre obtenu tr\u00e8s facilement via esta-officiel-usa.com.<\/p>\n\n\n\n<p>La majorit\u00e9 des demandeurs re\u00e7oivent un avis favorable apr\u00e8s validation de leur commande, g\u00e9n\u00e9ralement le jour m\u00eame et quoi qu\u2019il en soit dans les 72 heures.<\/p>\n\n\n\n<p>L\u2019octroi de l\u2019ESTA requiert simplement de r\u00e9pondre \u00e0 quelques pr\u00e9-requis, tels que :<\/p>\n\n\n\n<ul class=\"wp-block-list\"><li>voyager pour raisons touristiques (activit\u00e9s socio-culturelles non r\u00e9mun\u00e9r\u00e9es comprises) ou professionnelles (formation de courte dur\u00e9e possibles) ;<\/li><\/ul>\n\n\n\n<ul class=\"wp-block-list\"><li>disposer d\u2019un passeport biom\u00e9trique ou \u00e9lectronique valide ;<\/li><li>rester 90 jours cons\u00e9cutifs maximum sur le sol am\u00e9ricain ;<\/li><li>remplir le formulaire obligatoire ESTA accessible via esta-officiel-usa.com ;<\/li><li>\u00eatre muni d\u2019un billet d\u2019avion ou de bateau retour ou de continuation&nbsp;affr\u00e9t\u00e9 par une compagnie reconnue par les \u00c9tats-Unis.<\/li><\/ul>\n\n\n\n<p>L\u2019ESTA ne s\u2019adresse pas aux voyageurs qui souhaitent arriver aux \u00c9tats-Unis par voie terrestre. Dans ce cas, d\u2019autres types d\u2019autorisations sont \u00e0 solliciter aupr\u00e8s des services comp\u00e9tents.<\/p>\n\n\n\n<h2 class=\"wp-block-heading\">FORMALIT\u00c9S D\u2019ARRIV\u00c9E AUX USA PAR VOIE TERRESTRE<\/h2>\n\n\n\n<p>Si vous souhaitez arriver aux USA par voie terrestre depuis le Canada ou le Mexique, vous devez solliciter une autorisation.<\/p>\n\n\n\n<p>Le formulaire \u00e0 remplir est le I-94W. Il est indispensable pour passer le\u00a0<a href=\"https:\/\/www.esta-officiel-usa.com\/fr\/passer-les-controles-des-douanes-americaines\/\">contr\u00f4le des douanes<\/a>. D\u2019un montant de 6 dollars uniquement, il offre l\u2019avantage aux voyageurs se rendant aux \u00c9tats-Unis par voie terrestre, de pouvoir s\u00e9journer sur le sol am\u00e9ricain pour une dur\u00e9e de 90 jours cons\u00e9cutifs maximum.<\/p>\n\n\n\n<p>Une fois \u00e0 la fronti\u00e8re, votre v\u00e9hicule et vous-m\u00eame allez devoir passer par le poste des douanes. Arrangez-vous pour arriver aux USA par voie terrestre durant les heures creuses. En effet, les files d\u2019attente peuvent \u00eatre tr\u00e8s longues, surtout lorsqu\u2019on arrive du Mexique. Un site d\u00e9di\u00e9 sur internet vous permet de conna\u00eetre en temps r\u00e9el les d\u00e9lais d\u2019attente. Pratique !<\/p>\n\n\n\n<p>Si vous \u00eates conquis par les \u00c9tats-Unis et souhaitez y retourner par la suite depuis la France, n\u2019omettez pas de disposer d\u2019une autorisation de s\u00e9jour adapt\u00e9e (ESTA, visa ou Green Card).<\/p>\n\n\n\n<p>En effet, le formulaire &nbsp;I-94W, ne permet de gagner les \u00c9tats-Unis que via les pays limitrophes, par voie terrestre !<\/p>\n\n\n\n<p>Des questions ? Les \u00e9quipes de esta-officiel-usa.com se tiennent \u00e0 votre disposition pour toute demande en lien avec l\u2019obtention de l\u2019ESTA. Afin de faciliter votre compr\u00e9hension, nous avons \u00e9galement cr\u00e9\u00e9 des rubriques sp\u00e9ciales ; \u201c<a href=\"https:\/\/www.esta-officiel-usa.com\/fr\/faq\/\">FAQ<\/a>\u201d, \u201c<a href=\"https:\/\/www.esta-officiel-usa.com\/fr\/lexicon\/\">Lexique<\/a>\u201d et \u201c<a href=\"https:\/\/www.esta-officiel-usa.com\/fr\/help\/\">Aide<\/a>\u201d. En cas de doute, n\u2019h\u00e9sitez pas \u00e0 vous y r\u00e9f\u00e9rer ! \u00a0<\/p>\n","protected":false},"excerpt":{"rendered":"<p>ARRIVER AUX USA PAR VOIE TERRESTRE L\u2019Electronic System for Travel Authorisation (ESTA)\u00a0permet aux ressortissants des pays membres du\u00a0Visa Waiver Program\u00a0de s\u00e9journer aux \u00c9tats-Unis sans visa. Tr\u00e8s pris\u00e9e par les voyageurs, cette autorisation de s\u00e9jour peut \u00eatre obtenue \u00e0 moindre\u00a0frais. C\u2019est la raison pour laquelle elle est pl\u00e9biscit\u00e9e chaque ann\u00e9e par des millions de voyageurs ! [&hellip;]<\/p>\n","protected":false},"author":1,"featured_media":0,"parent":0,"menu_order":0,"comment_status":"closed","ping_status":"closed","template":"","meta":{"footnotes":""},"class_list":["post-102","page","type-page","status-publish","hentry"],"yoast_head":"<!-- This site is optimized with the Yoast SEO plugin v26.2 - https:\/\/yoast.com\/wordpress\/plugins\/seo\/ -->\n<title>Les formalit\u00e9s d&#039;arriv\u00e9e aux Etats-Unis par voie terrestre<\/title>\n<meta name=\"description\" content=\"Si vous souhaitez arriver aux USA par voie terrestre depuis le Canada ou le Mexique, vous devez solliciter une autorisation.\" \/>\n<meta name=\"robots\" content=\"index, follow, max-snippet:-1, max-image-preview:large, max-video-preview:-1\" \/>\n<link rel=\"canonical\" href=\"https:\/\/www.esta-officiel-usa.com\/fr\/les-formalites-darrivee-aux-usa-par-voie-terrestre\/\" \/>\n<meta property=\"og:locale\" content=\"fr_FR\" \/>\n<meta property=\"og:type\" content=\"article\" \/>\n<meta property=\"og:title\" content=\"Les formalit\u00e9s d&#039;arriv\u00e9e aux Etats-Unis par voie terrestre\" \/>\n<meta property=\"og:description\" content=\"Si vous souhaitez arriver aux USA par voie terrestre depuis le Canada ou le Mexique, vous devez solliciter une autorisation.\" \/>\n<meta property=\"og:url\" content=\"https:\/\/www.esta-officiel-usa.com\/fr\/les-formalites-darrivee-aux-usa-par-voie-terrestre\/\" \/>\n<meta property=\"og:site_name\" content=\"ESTA - Etats-Unis\" \/>\n<meta property=\"article:modified_time\" content=\"2020-02-01T17:16:30+00:00\" \/>\n<meta name=\"twitter:card\" content=\"summary_large_image\" \/>\n<meta name=\"twitter:label1\" content=\"Dur\u00e9e de lecture estim\u00e9e\" \/>\n\t<meta name=\"twitter:data1\" content=\"3 minutes\" \/>\n<script type=\"application\/ld+json\" class=\"yoast-schema-graph\">{\"@context\":\"https:\/\/schema.org\",\"@graph\":[{\"@type\":\"WebPage\",\"@id\":\"https:\/\/www.esta-officiel-usa.com\/fr\/les-formalites-darrivee-aux-usa-par-voie-terrestre\/\",\"url\":\"https:\/\/www.esta-officiel-usa.com\/fr\/les-formalites-darrivee-aux-usa-par-voie-terrestre\/\",\"name\":\"Les formalit\u00e9s d'arriv\u00e9e aux Etats-Unis par voie terrestre\",\"isPartOf\":{\"@id\":\"https:\/\/www.esta-officiel-usa.com\/fr\/#website\"},\"datePublished\":\"2020-01-20T10:12:30+00:00\",\"dateModified\":\"2020-02-01T17:16:30+00:00\",\"description\":\"Si vous souhaitez arriver aux USA par voie terrestre depuis le Canada ou le Mexique, vous devez solliciter une autorisation.\",\"breadcrumb\":{\"@id\":\"https:\/\/www.esta-officiel-usa.com\/fr\/les-formalites-darrivee-aux-usa-par-voie-terrestre\/#breadcrumb\"},\"inLanguage\":\"fr-FR\",\"potentialAction\":[{\"@type\":\"ReadAction\",\"target\":[\"https:\/\/www.esta-officiel-usa.com\/fr\/les-formalites-darrivee-aux-usa-par-voie-terrestre\/\"]}]},{\"@type\":\"BreadcrumbList\",\"@id\":\"https:\/\/www.esta-officiel-usa.com\/fr\/les-formalites-darrivee-aux-usa-par-voie-terrestre\/#breadcrumb\",\"itemListElement\":[{\"@type\":\"ListItem\",\"position\":1,\"name\":\"Home\",\"item\":\"https:\/\/www.esta-officiel-usa.com\/fr\/\"},{\"@type\":\"ListItem\",\"position\":2,\"name\":\"Les formalit\u00e9s d&rsquo;arriv\u00e9e aux Etats-Unis par voie terrestre\"}]},{\"@type\":\"WebSite\",\"@id\":\"https:\/\/www.esta-officiel-usa.com\/fr\/#website\",\"url\":\"https:\/\/www.esta-officiel-usa.com\/fr\/\",\"name\":\"ESTA - Etats-Unis\",\"description\":\"Formulaire de demande ESTA\",\"potentialAction\":[{\"@type\":\"SearchAction\",\"target\":{\"@type\":\"EntryPoint\",\"urlTemplate\":\"https:\/\/www.esta-officiel-usa.com\/fr\/?s={search_term_string}\"},\"query-input\":{\"@type\":\"PropertyValueSpecification\",\"valueRequired\":true,\"valueName\":\"search_term_string\"}}],\"inLanguage\":\"fr-FR\"}]}<\/script>\n<!-- \/ Yoast SEO plugin. -->","yoast_head_json":{"title":"Les formalit\u00e9s d'arriv\u00e9e aux Etats-Unis par voie terrestre","description":"Si vous souhaitez arriver aux USA par voie terrestre depuis le Canada ou le Mexique, vous devez solliciter une autorisation.","robots":{"index":"index","follow":"follow","max-snippet":"max-snippet:-1","max-image-preview":"max-image-preview:large","max-video-preview":"max-video-preview:-1"},"canonical":"https:\/\/www.esta-officiel-usa.com\/fr\/les-formalites-darrivee-aux-usa-par-voie-terrestre\/","og_locale":"fr_FR","og_type":"article","og_title":"Les formalit\u00e9s d'arriv\u00e9e aux Etats-Unis par voie terrestre","og_description":"Si vous souhaitez arriver aux USA par voie terrestre depuis le Canada ou le Mexique, vous devez solliciter une autorisation.","og_url":"https:\/\/www.esta-officiel-usa.com\/fr\/les-formalites-darrivee-aux-usa-par-voie-terrestre\/","og_site_name":"ESTA - Etats-Unis","article_modified_time":"2020-02-01T17:16:30+00:00","twitter_card":"summary_large_image","twitter_misc":{"Dur\u00e9e de lecture estim\u00e9e":"3 minutes"},"schema":{"@context":"https:\/\/schema.org","@graph":[{"@type":"WebPage","@id":"https:\/\/www.esta-officiel-usa.com\/fr\/les-formalites-darrivee-aux-usa-par-voie-terrestre\/","url":"https:\/\/www.esta-officiel-usa.com\/fr\/les-formalites-darrivee-aux-usa-par-voie-terrestre\/","name":"Les formalit\u00e9s d'arriv\u00e9e aux Etats-Unis par voie terrestre","isPartOf":{"@id":"https:\/\/www.esta-officiel-usa.com\/fr\/#website"},"datePublished":"2020-01-20T10:12:30+00:00","dateModified":"2020-02-01T17:16:30+00:00","description":"Si vous souhaitez arriver aux USA par voie terrestre depuis le Canada ou le Mexique, vous devez solliciter une autorisation.","breadcrumb":{"@id":"https:\/\/www.esta-officiel-usa.com\/fr\/les-formalites-darrivee-aux-usa-par-voie-terrestre\/#breadcrumb"},"inLanguage":"fr-FR","potentialAction":[{"@type":"ReadAction","target":["https:\/\/www.esta-officiel-usa.com\/fr\/les-formalites-darrivee-aux-usa-par-voie-terrestre\/"]}]},{"@type":"BreadcrumbList","@id":"https:\/\/www.esta-officiel-usa.com\/fr\/les-formalites-darrivee-aux-usa-par-voie-terrestre\/#breadcrumb","itemListElement":[{"@type":"ListItem","position":1,"name":"Home","item":"https:\/\/www.esta-officiel-usa.com\/fr\/"},{"@type":"ListItem","position":2,"name":"Les formalit\u00e9s d&rsquo;arriv\u00e9e aux Etats-Unis par voie terrestre"}]},{"@type":"WebSite","@id":"https:\/\/www.esta-officiel-usa.com\/fr\/#website","url":"https:\/\/www.esta-officiel-usa.com\/fr\/","name":"ESTA - Etats-Unis","description":"Formulaire de demande ESTA","potentialAction":[{"@type":"SearchAction","target":{"@type":"EntryPoint","urlTemplate":"https:\/\/www.esta-officiel-usa.com\/fr\/?s={search_term_string}"},"query-input":{"@type":"PropertyValueSpecification","valueRequired":true,"valueName":"search_term_string"}}],"inLanguage":"fr-FR"}]}},"_links":{"self":[{"href":"https:\/\/www.esta-officiel-usa.com\/fr\/wp-json\/wp\/v2\/pages\/102","targetHints":{"allow":["GET"]}}],"collection":[{"href":"https:\/\/www.esta-officiel-usa.com\/fr\/wp-json\/wp\/v2\/pages"}],"about":[{"href":"https:\/\/www.esta-officiel-usa.com\/fr\/wp-json\/wp\/v2\/types\/page"}],"author":[{"embeddable":true,"href":"https:\/\/www.esta-officiel-usa.com\/fr\/wp-json\/wp\/v2\/users\/1"}],"replies":[{"embeddable":true,"href":"https:\/\/www.esta-officiel-usa.com\/fr\/wp-json\/wp\/v2\/comments?post=102"}],"version-history":[{"count":2,"href":"https:\/\/www.esta-officiel-usa.com\/fr\/wp-json\/wp\/v2\/pages\/102\/revisions"}],"predecessor-version":[{"id":523,"href":"https:\/\/www.esta-officiel-usa.com\/fr\/wp-json\/wp\/v2\/pages\/102\/revisions\/523"}],"wp:attachment":[{"href":"https:\/\/www.esta-officiel-usa.com\/fr\/wp-json\/wp\/v2\/media?parent=102"}],"curies":[{"name":"wp","href":"https:\/\/api.w.org\/{rel}","templated":true}]}}