{"id":104,"date":"2020-01-20T10:15:06","date_gmt":"2020-01-20T10:15:06","guid":{"rendered":"http:\/\/esta-officiel-usa.com\/?page_id=104"},"modified":"2020-02-13T19:28:03","modified_gmt":"2020-02-13T19:28:03","slug":"voyager-aux-usa-et-decouvrir-las-vegas","status":"publish","type":"page","link":"https:\/\/www.esta-officiel-usa.com\/fr\/voyager-aux-usa-et-decouvrir-las-vegas\/","title":{"rendered":"Voyager aux Etats-Unis et d\u00e9couvrir Las Vegas"},"content":{"rendered":"\n<h1 class=\"wp-block-heading\">D\u00c9COUVERTE DE LAS VEGAS ET VOYAGE AUX \u00c9TATS-UNIS<\/h1>\n\n\n\n<p>Las Vegas fait partie des destinations les plus pris\u00e9es des voyageurs du monde entier. R\u00e9put\u00e9e pour \u00eatre la ville du divertissement, Las Vegas pla\u00eet&nbsp;aussi bien aux groupes d\u2019amis qu\u2019aux couples ou aux familles. En effet, la Sin City et ses alentours offrent un large panel d\u2019activit\u00e9s.<\/p>\n\n\n\n<p>Las Vegas est accessible tr\u00e8s facilement depuis la France gr\u00e2ce \u00e0 l\u2019<a href=\"https:\/\/www.esta-officiel-usa.com\/fr\/\">ESTA<\/a>. Nos experts vous expliquent comment <a href=\"https:\/\/www.esta-officiel-usa.com\/fr\/comment-obtenir-un-visa-usa\/\">obtenir votre autorisation<\/a>\u00a0de s\u00e9jour.<\/p>\n\n\n\n<h2 class=\"wp-block-heading\">POURQUOI LAS VEGAS EST-ELLE C\u00c9L\u00c8BRE ?<\/h2>\n\n\n\n<p>Las Vegas est une destination dont on a tous d\u00e9j\u00e0 entendu parl\u00e9 au moins une fois dans notre vie. En effet, la ville qui ne dort jamais est r\u00e9put\u00e9e pour son faste !<\/p>\n\n\n\n<p>Sa particularit\u00e9 r\u00e9side dans le fait qu\u2019elle propose \u00e0 ses visiteurs un grand nombre de distractions :<\/p>\n\n\n\n<ul class=\"wp-block-list\"><li>des h\u00f4tels gigantesques avec une d\u00e9coration bas\u00e9e sur des reconstitutions (oasis, cascades, palais v\u00e9nitiens, tour eiffel\u2026). Tous somptueux, le prix des chambres est tr\u00e8s variable afin de permettre \u00e0 chacun de trouver un logement qui r\u00e9pond \u00e0 son budget ;<\/li><li>des casinos tr\u00e8s c\u00e9l\u00e8bres. Un grand nombre de voyageurs ne viennent \u00e0 Vegas que pour le jeu. En effet, la ville est mondialement connue pour \u00eatre le paradis des joueurs. Chaque casino est dot\u00e9 d\u2019un grand nombre de tables et de machines \u00e0 sous. Tous les jeux sont repr\u00e9sent\u00e9s (poker, roulette, black jack\u2026). Chacun joue en esp\u00e9rant d\u00e9crocher le gros lot ! \u00c0&nbsp;Vegas tous les r\u00eaves sont permis\u2026 ;<\/li><li>des lumi\u00e8res \u00e0 perte de vue. Las Vegas brille de mille feux. Les visiteurs sont g\u00e9n\u00e9ralement amus\u00e9s par le nombre impressionnant de panneaux \u00e0 taille d\u00e9mesur\u00e9e qui s\u2019y trouvent. Le plus c\u00e9l\u00e8bre est le mythique \u201cWelcome to fabulous Las Vegas\u201d. Ne manquez pas l\u2019occasion de vous photographier afin d\u2019immortaliser votre s\u00e9jour ;<\/li><li>le Grand Canyon. Les visiteurs qui se rendent \u00e0 Vegas en profitent g\u00e9n\u00e9ralement pour admirer la beaut\u00e9 du Grand Canyon. Le site est facilement accessible en voiture, si vous disposez d\u2019un budget suffisant, profitez-en pour effectuer un survol du canyon en h\u00e9licopt\u00e8re. Cette escapade vous laissera un souvenir m\u00e9morable.<\/li><\/ul>\n\n\n\n<p>Las Vegas est une destination facilement accessible depuis la France. Le prix des vols vers les \u00c9tats-Unis a beaucoup baiss\u00e9 ces derni\u00e8res ann\u00e9es, ce qui permet \u00e0 un grand nombre de Fran\u00e7ais de&nbsp;<a href=\"https:\/\/www.esta-officiel-usa.com\/fr\/partir-en-voyage-aux-etats-unis\/\">voyager vers les USA<\/a>.<\/p>\n\n\n\n<p>Si votre voyage porte sur un court s\u00e9jour, l\u2019ESTA Las Vegas constitue l\u2019autorisation de s\u00e9jour la plus rapide et la plus facile \u00e0 obtenir.<\/p>\n\n\n\n<h2 class=\"wp-block-heading\">COMMANDER UN ESTA POUR LAS VEGAS<\/h2>\n\n\n\n<p>L\u2019ESTA pr\u00e9sente l\u2019int\u00e9r\u00eat d\u2019\u00eatre valable deux ans. Ainsi les voyageurs conquis par les \u00c9tats-Unis, peuvent effectuer d\u2019autres s\u00e9jours durant cette m\u00eame p\u00e9riode.<\/p>\n\n\n\n<p>L\u2019ESTA Las Vegas est accessible aussi bien aux mineurs qu\u2019aux majeurs.<\/p>\n\n\n\n<p>Afin d\u2019en b\u00e9n\u00e9ficier, vous devez :<\/p>\n\n\n\n<ul class=\"wp-block-list\"><li>\u00eatre ressortissant d\u2019un des 38 pays participant au\u00a0<a href=\"https:\/\/www.esta-officiel-usa.com\/fr\/a-propos-du-visa-waiver-program\/\">Visa Waiver Program<\/a>\u00a0;<\/li><li>avoir un\u00a0<a href=\"https:\/\/www.esta-officiel-usa.com\/fr\/quel-type-de-passeport-pour-les-usa\/\">passeport<\/a>\u00a0\u00e9lectronique ou biom\u00e9trique en cours de validit\u00e9 ;<\/li><li>pr\u00e9senter un billet de sortie du territoire\u00a0affr\u00e9t\u00e9 par une compagnie agr\u00e9\u00e9e par les \u00c9tats-Unis ;<\/li><li>rester aux USA 90 jours cons\u00e9cutifs maximum.<\/li><\/ul>\n\n\n\n<p>Il vous suffit ensuite de t\u00e9l\u00e9charger votre&nbsp;<a href=\"https:\/\/www.esta-officiel-usa.com\/fr\/la-declaration-esta\/\">d\u00e9claration ESTA<\/a>&nbsp;sous format PDF, puis \u00e9ventuellement de l\u2019imprimer.&nbsp;<\/p>\n","protected":false},"excerpt":{"rendered":"<p>D\u00c9COUVERTE DE LAS VEGAS ET VOYAGE AUX \u00c9TATS-UNIS Las Vegas fait partie des destinations les plus pris\u00e9es des voyageurs du monde entier. R\u00e9put\u00e9e pour \u00eatre la ville du divertissement, Las Vegas pla\u00eet&nbsp;aussi bien aux groupes d\u2019amis qu\u2019aux couples ou aux familles. En effet, la Sin City et ses alentours offrent un large panel d\u2019activit\u00e9s. Las [&hellip;]<\/p>\n","protected":false},"author":1,"featured_media":0,"parent":0,"menu_order":0,"comment_status":"closed","ping_status":"closed","template":"","meta":{"footnotes":""},"class_list":["post-104","page","type-page","status-publish","hentry"],"yoast_head":"<!-- This site is optimized with the Yoast SEO plugin v26.2 - https:\/\/yoast.com\/wordpress\/plugins\/seo\/ -->\n<title>Voyager aux Etats-Unis et d\u00e9couvrir Las Vegas<\/title>\n<meta name=\"description\" content=\"Las Vegas est une des villes Am\u00e9ricaines les plus pris\u00e9e, nos \u00e9quipent vous expliquent comment obtenir votre autorisation ESTA.\" \/>\n<meta name=\"robots\" content=\"index, follow, max-snippet:-1, max-image-preview:large, max-video-preview:-1\" \/>\n<link rel=\"canonical\" href=\"https:\/\/www.esta-officiel-usa.com\/fr\/voyager-aux-usa-et-decouvrir-las-vegas\/\" \/>\n<meta property=\"og:locale\" content=\"fr_FR\" \/>\n<meta property=\"og:type\" content=\"article\" \/>\n<meta property=\"og:title\" content=\"Voyager aux Etats-Unis et d\u00e9couvrir Las Vegas\" \/>\n<meta property=\"og:description\" content=\"Las Vegas est une des villes Am\u00e9ricaines les plus pris\u00e9e, nos \u00e9quipent vous expliquent comment obtenir votre autorisation ESTA.\" \/>\n<meta property=\"og:url\" content=\"https:\/\/www.esta-officiel-usa.com\/fr\/voyager-aux-usa-et-decouvrir-las-vegas\/\" \/>\n<meta property=\"og:site_name\" content=\"ESTA - Etats-Unis\" \/>\n<meta property=\"article:modified_time\" content=\"2020-02-13T19:28:03+00:00\" \/>\n<meta name=\"twitter:card\" content=\"summary_large_image\" \/>\n<meta name=\"twitter:label1\" content=\"Dur\u00e9e de lecture estim\u00e9e\" \/>\n\t<meta name=\"twitter:data1\" content=\"3 minutes\" \/>\n<script type=\"application\/ld+json\" class=\"yoast-schema-graph\">{\"@context\":\"https:\/\/schema.org\",\"@graph\":[{\"@type\":\"WebPage\",\"@id\":\"https:\/\/www.esta-officiel-usa.com\/fr\/voyager-aux-usa-et-decouvrir-las-vegas\/\",\"url\":\"https:\/\/www.esta-officiel-usa.com\/fr\/voyager-aux-usa-et-decouvrir-las-vegas\/\",\"name\":\"Voyager aux Etats-Unis et d\u00e9couvrir Las Vegas\",\"isPartOf\":{\"@id\":\"https:\/\/www.esta-officiel-usa.com\/fr\/#website\"},\"datePublished\":\"2020-01-20T10:15:06+00:00\",\"dateModified\":\"2020-02-13T19:28:03+00:00\",\"description\":\"Las Vegas est une des villes Am\u00e9ricaines les plus pris\u00e9e, nos \u00e9quipent vous expliquent comment obtenir votre autorisation ESTA.\",\"breadcrumb\":{\"@id\":\"https:\/\/www.esta-officiel-usa.com\/fr\/voyager-aux-usa-et-decouvrir-las-vegas\/#breadcrumb\"},\"inLanguage\":\"fr-FR\",\"potentialAction\":[{\"@type\":\"ReadAction\",\"target\":[\"https:\/\/www.esta-officiel-usa.com\/fr\/voyager-aux-usa-et-decouvrir-las-vegas\/\"]}]},{\"@type\":\"BreadcrumbList\",\"@id\":\"https:\/\/www.esta-officiel-usa.com\/fr\/voyager-aux-usa-et-decouvrir-las-vegas\/#breadcrumb\",\"itemListElement\":[{\"@type\":\"ListItem\",\"position\":1,\"name\":\"Home\",\"item\":\"https:\/\/www.esta-officiel-usa.com\/fr\/\"},{\"@type\":\"ListItem\",\"position\":2,\"name\":\"Voyager aux Etats-Unis et d\u00e9couvrir Las Vegas\"}]},{\"@type\":\"WebSite\",\"@id\":\"https:\/\/www.esta-officiel-usa.com\/fr\/#website\",\"url\":\"https:\/\/www.esta-officiel-usa.com\/fr\/\",\"name\":\"ESTA - Etats-Unis\",\"description\":\"Formulaire de demande ESTA\",\"potentialAction\":[{\"@type\":\"SearchAction\",\"target\":{\"@type\":\"EntryPoint\",\"urlTemplate\":\"https:\/\/www.esta-officiel-usa.com\/fr\/?s={search_term_string}\"},\"query-input\":{\"@type\":\"PropertyValueSpecification\",\"valueRequired\":true,\"valueName\":\"search_term_string\"}}],\"inLanguage\":\"fr-FR\"}]}<\/script>\n<!-- \/ Yoast SEO plugin. -->","yoast_head_json":{"title":"Voyager aux Etats-Unis et d\u00e9couvrir Las Vegas","description":"Las Vegas est une des villes Am\u00e9ricaines les plus pris\u00e9e, nos \u00e9quipent vous expliquent comment obtenir votre autorisation ESTA.","robots":{"index":"index","follow":"follow","max-snippet":"max-snippet:-1","max-image-preview":"max-image-preview:large","max-video-preview":"max-video-preview:-1"},"canonical":"https:\/\/www.esta-officiel-usa.com\/fr\/voyager-aux-usa-et-decouvrir-las-vegas\/","og_locale":"fr_FR","og_type":"article","og_title":"Voyager aux Etats-Unis et d\u00e9couvrir Las Vegas","og_description":"Las Vegas est une des villes Am\u00e9ricaines les plus pris\u00e9e, nos \u00e9quipent vous expliquent comment obtenir votre autorisation ESTA.","og_url":"https:\/\/www.esta-officiel-usa.com\/fr\/voyager-aux-usa-et-decouvrir-las-vegas\/","og_site_name":"ESTA - Etats-Unis","article_modified_time":"2020-02-13T19:28:03+00:00","twitter_card":"summary_large_image","twitter_misc":{"Dur\u00e9e de lecture estim\u00e9e":"3 minutes"},"schema":{"@context":"https:\/\/schema.org","@graph":[{"@type":"WebPage","@id":"https:\/\/www.esta-officiel-usa.com\/fr\/voyager-aux-usa-et-decouvrir-las-vegas\/","url":"https:\/\/www.esta-officiel-usa.com\/fr\/voyager-aux-usa-et-decouvrir-las-vegas\/","name":"Voyager aux Etats-Unis et d\u00e9couvrir Las Vegas","isPartOf":{"@id":"https:\/\/www.esta-officiel-usa.com\/fr\/#website"},"datePublished":"2020-01-20T10:15:06+00:00","dateModified":"2020-02-13T19:28:03+00:00","description":"Las Vegas est une des villes Am\u00e9ricaines les plus pris\u00e9e, nos \u00e9quipent vous expliquent comment obtenir votre autorisation ESTA.","breadcrumb":{"@id":"https:\/\/www.esta-officiel-usa.com\/fr\/voyager-aux-usa-et-decouvrir-las-vegas\/#breadcrumb"},"inLanguage":"fr-FR","potentialAction":[{"@type":"ReadAction","target":["https:\/\/www.esta-officiel-usa.com\/fr\/voyager-aux-usa-et-decouvrir-las-vegas\/"]}]},{"@type":"BreadcrumbList","@id":"https:\/\/www.esta-officiel-usa.com\/fr\/voyager-aux-usa-et-decouvrir-las-vegas\/#breadcrumb","itemListElement":[{"@type":"ListItem","position":1,"name":"Home","item":"https:\/\/www.esta-officiel-usa.com\/fr\/"},{"@type":"ListItem","position":2,"name":"Voyager aux Etats-Unis et d\u00e9couvrir Las Vegas"}]},{"@type":"WebSite","@id":"https:\/\/www.esta-officiel-usa.com\/fr\/#website","url":"https:\/\/www.esta-officiel-usa.com\/fr\/","name":"ESTA - Etats-Unis","description":"Formulaire de demande ESTA","potentialAction":[{"@type":"SearchAction","target":{"@type":"EntryPoint","urlTemplate":"https:\/\/www.esta-officiel-usa.com\/fr\/?s={search_term_string}"},"query-input":{"@type":"PropertyValueSpecification","valueRequired":true,"valueName":"search_term_string"}}],"inLanguage":"fr-FR"}]}},"_links":{"self":[{"href":"https:\/\/www.esta-officiel-usa.com\/fr\/wp-json\/wp\/v2\/pages\/104","targetHints":{"allow":["GET"]}}],"collection":[{"href":"https:\/\/www.esta-officiel-usa.com\/fr\/wp-json\/wp\/v2\/pages"}],"about":[{"href":"https:\/\/www.esta-officiel-usa.com\/fr\/wp-json\/wp\/v2\/types\/page"}],"author":[{"embeddable":true,"href":"https:\/\/www.esta-officiel-usa.com\/fr\/wp-json\/wp\/v2\/users\/1"}],"replies":[{"embeddable":true,"href":"https:\/\/www.esta-officiel-usa.com\/fr\/wp-json\/wp\/v2\/comments?post=104"}],"version-history":[{"count":3,"href":"https:\/\/www.esta-officiel-usa.com\/fr\/wp-json\/wp\/v2\/pages\/104\/revisions"}],"predecessor-version":[{"id":550,"href":"https:\/\/www.esta-officiel-usa.com\/fr\/wp-json\/wp\/v2\/pages\/104\/revisions\/550"}],"wp:attachment":[{"href":"https:\/\/www.esta-officiel-usa.com\/fr\/wp-json\/wp\/v2\/media?parent=104"}],"curies":[{"name":"wp","href":"https:\/\/api.w.org\/{rel}","templated":true}]}}