{"id":106,"date":"2020-01-20T10:17:41","date_gmt":"2020-01-20T10:17:41","guid":{"rendered":"http:\/\/esta-officiel-usa.com\/?page_id=106"},"modified":"2024-04-12T07:55:30","modified_gmt":"2024-04-12T07:55:30","slug":"decouvrir-la-ville-de-new-york-city","status":"publish","type":"page","link":"https:\/\/www.esta-officiel-usa.com\/fr\/decouvrir-la-ville-de-new-york-city\/","title":{"rendered":"D\u00e9couvrir la ville de New-York"},"content":{"rendered":"\n<h1 class=\"wp-block-heading\">PARTIR \u00c0 LA D\u00c9COUVERTE DE NEW YORK<\/h1>\n\n\n\n<p>Si vous envisagez de vous rendre \u00e0 New York pour la premi\u00e8re fois, il est indispensable que vous pr\u00e9pariez bien en amont votre voyage. La ville est immense et les activit\u00e9s nombreuses, donc si vous souhaitez profiter un maximum sur place, organisez vos formalit\u00e9s et documents de voyage avant le d\u00e9part (h\u00f4tel, transport, excursions, mus\u00e9es,&nbsp;<a href=\"https:\/\/www.esta-officiel-usa.com\/fr\/quelle-assurance-sante-pour-un-voyage-aux-usa\/\">assurances<\/a>, autorisation de s\u00e9jour\u2026).<\/p>\n\n\n\n<p>En optant pour l\u2019<a href=\"https:\/\/www.esta-officiel-usa.com\/fr\/\">ESTA<\/a>, vous pouvez rester \u00e0 New York, ainsi que sur l\u2019ensemble du territoire am\u00e9ricain pour une dur\u00e9e de 90 jours cons\u00e9cutifs. Nos experts vous expliquent comment obtenir facilement votre autorisation.<br>&nbsp;<\/p>\n\n\n\n<h2 class=\"wp-block-heading\">NEW YORK ET LES FORMALIT\u00c9S DE D\u00c9PART<\/h2>\n\n\n\n<p>Afin de se rendre aux \u00c9tats-Unis, tout voyageur doit disposer de plusieurs&nbsp;<a href=\"https:\/\/www.esta-officiel-usa.com\/fr\/liste-des-documents-de-voyage-pour-les-usa\/\">documents de voyage<\/a>&nbsp;dont une autorisation de voyage valide. Ce peut \u00eatre un ESTA, une green card ou un visa.<\/p>\n\n\n\n<p>La&nbsp;<a href=\"https:\/\/www.esta-officiel-usa.com\/fr\/la-declaration-esta\/\">d\u00e9claration ESTA<\/a>&nbsp;est une des options les plus fr\u00e9quemment choisies, car il peut \u00eatre obtenu tr\u00e8s rapidement et \u00e0 moindre&nbsp;frais.<\/p>\n\n\n\n<p>Il pr\u00e9sente \u00e9galement l\u2019avantage de permettre \u00e0 ses d\u00e9tenteurs, majeurs ou mineurs, d\u2019effectuer plusieurs s\u00e9jours avec le m\u00eame document, durant 24 mois.<\/p>\n\n\n\n<p>En choisissant l\u2019ESTA New York, vous pouvez voyager \u00e0 travers les \u00c9tats-Unis. En effet, une fois arriv\u00e9 sur le sol am\u00e9ricain, l\u2019autorisation ESTA du&nbsp;<a href=\"https:\/\/www.esta-officiel-usa.com\/fr\/a-propos-du-visa-waiver-program\/\">Visa Waiver Program<\/a>&nbsp;permet d\u2019effectuer des d\u00e9placements touristiques mais \u00e9galement de se rendre \u00e0 des rendez-vous professionnels (conf\u00e9rences, formations de courte dur\u00e9e\u2026).<\/p>\n\n\n\n<p>Pour un premier s\u00e9jour aux USA, c\u2019est g\u00e9n\u00e9ralement vers la ville de New York que les voyageurs se tournent. En effet, la grosse pomme s\u00e9duit de par ses quartiers h\u00e9t\u00e9roclites et ses visites enrichissantes.<\/p>\n\n\n\n<p>Ainsi, nos experts vous conseillent de profiter de votre ESTA New-York, pour visiter :<\/p>\n\n\n\n<ul class=\"wp-block-list\">\n<li>l\u2019Empire State Building. Ce monument, consid\u00e9r\u00e9 durant de nombreuses ann\u00e9es comme le plus haut de New-York, offre une vue incroyable sur la ville ;<\/li>\n\n\n\n<li>la Statue de la Libert\u00e9. Mythique, elle constitue l\u2019un des symboles de la ville. En montant en haut de la statue, vous pouvez admirer tout Manhattan;<\/li>\n\n\n\n<li>Le M\u00e9morial 9\/11. Erig\u00e9 afin de rendre hommage aux victimes du 11 septembre 2001, le m\u00e9morial est un endroit o\u00f9 viennent se recueillir les Am\u00e9ricains mais \u00e9galement les touristes. Un mus\u00e9e a aussi \u00e9t\u00e9 cr\u00e9\u00e9 sur le site, afin d\u2019apporter un \u00e9clairage aux visiteurs ;<\/li>\n\n\n\n<li>Central Park. Le plus grand espace vert de New York est tr\u00e8s pris\u00e9. Les Am\u00e9ricains prennent plaisir \u00e0 venir y pique-niquer, se balader en famille ou entre amis. Des spectacles de rue s\u2019y d\u00e9roulent \u00e9galement quotidiennement. Tr\u00e8s sympathique !<\/li>\n<\/ul>\n\n\n\n<p>Vous avez h\u00e2te de faire toutes ces d\u00e9couvertes ? esta-officiel-usa.com vous assiste dans l\u2019obtention de l\u2019ESTA.<br>&nbsp;<\/p>\n\n\n\n<h2 class=\"wp-block-heading\">DEMANDER L&rsquo;ESTA NEW YORK<\/h2>\n\n\n\n<p>Si vous souhaitez r\u00e9aliser votre d\u00e9claration ESTA, il vous suffit de remplir le\u00a0<a href=\"https:\/\/www.esta-officiel-usa.com\/fr\/remplir-le-questionnaire-est-en-francais\/\">questionnaire ESTA<\/a>. Une fois compl\u00e9t\u00e9, vous recevez votre fiche ESTA, \u00e0 t\u00e9l\u00e9charger sous PDF, le jour m\u00eame ou au plus tard dans les 72 heures. Il vous suffit ensuite d\u2019imprimer votre document si vous le d\u00e9sirez ou le sauvegarder sur\u00a0votre ordinateur ou t\u00e9l\u00e9phone.\u00a0<\/p>\n\n\n\n<p>Jetez un \u0153il \u00e0 nos conseils sur les\u00a0<a href=\"https:\/\/www.esta-officiel-usa.com\/fr\/quelles-sont-les-bonnes-manieres-aux-etats-unis\/\">bonnes mani\u00e8res \u00e0 adopter aux USA<\/a>\u00a0avant de filer\u00a0chez l&rsquo;oncle Sam.<\/p>\n","protected":false},"excerpt":{"rendered":"<p>PARTIR \u00c0 LA D\u00c9COUVERTE DE NEW YORK Si vous envisagez de vous rendre \u00e0 New York pour la premi\u00e8re fois, il est indispensable que vous pr\u00e9pariez bien en amont votre voyage. La ville est immense et les activit\u00e9s nombreuses, donc si vous souhaitez profiter un maximum sur place, organisez vos formalit\u00e9s et documents de voyage [&hellip;]<\/p>\n","protected":false},"author":1,"featured_media":0,"parent":0,"menu_order":0,"comment_status":"closed","ping_status":"closed","template":"","meta":{"footnotes":""},"class_list":["post-106","page","type-page","status-publish","hentry"],"yoast_head":"<!-- This site is optimized with the Yoast SEO plugin v26.2 - https:\/\/yoast.com\/wordpress\/plugins\/seo\/ -->\n<title>D\u00e9couvrir la ville de New-York<\/title>\n<meta name=\"description\" content=\"Vous envisagez de d\u00e9couvrir Big Apple, nos experts vous conseillent sur votre demande ESTA et sur les choses \u00e0 faire \u00e0 New-York.\" \/>\n<meta name=\"robots\" content=\"index, follow, max-snippet:-1, max-image-preview:large, max-video-preview:-1\" \/>\n<link rel=\"canonical\" href=\"https:\/\/www.esta-officiel-usa.com\/fr\/decouvrir-la-ville-de-new-york-city\/\" \/>\n<meta property=\"og:locale\" content=\"fr_FR\" \/>\n<meta property=\"og:type\" content=\"article\" \/>\n<meta property=\"og:title\" content=\"D\u00e9couvrir la ville de New-York\" \/>\n<meta property=\"og:description\" content=\"Vous envisagez de d\u00e9couvrir Big Apple, nos experts vous conseillent sur votre demande ESTA et sur les choses \u00e0 faire \u00e0 New-York.\" \/>\n<meta property=\"og:url\" content=\"https:\/\/www.esta-officiel-usa.com\/fr\/decouvrir-la-ville-de-new-york-city\/\" \/>\n<meta property=\"og:site_name\" content=\"ESTA - Etats-Unis\" \/>\n<meta property=\"article:modified_time\" content=\"2024-04-12T07:55:30+00:00\" \/>\n<meta name=\"twitter:card\" content=\"summary_large_image\" \/>\n<meta name=\"twitter:label1\" content=\"Dur\u00e9e de lecture estim\u00e9e\" \/>\n\t<meta name=\"twitter:data1\" content=\"3 minutes\" \/>\n<script type=\"application\/ld+json\" class=\"yoast-schema-graph\">{\"@context\":\"https:\/\/schema.org\",\"@graph\":[{\"@type\":\"WebPage\",\"@id\":\"https:\/\/www.esta-officiel-usa.com\/fr\/decouvrir-la-ville-de-new-york-city\/\",\"url\":\"https:\/\/www.esta-officiel-usa.com\/fr\/decouvrir-la-ville-de-new-york-city\/\",\"name\":\"D\u00e9couvrir la ville de New-York\",\"isPartOf\":{\"@id\":\"https:\/\/www.esta-officiel-usa.com\/fr\/#website\"},\"datePublished\":\"2020-01-20T10:17:41+00:00\",\"dateModified\":\"2024-04-12T07:55:30+00:00\",\"description\":\"Vous envisagez de d\u00e9couvrir Big Apple, nos experts vous conseillent sur votre demande ESTA et sur les choses \u00e0 faire \u00e0 New-York.\",\"breadcrumb\":{\"@id\":\"https:\/\/www.esta-officiel-usa.com\/fr\/decouvrir-la-ville-de-new-york-city\/#breadcrumb\"},\"inLanguage\":\"fr-FR\",\"potentialAction\":[{\"@type\":\"ReadAction\",\"target\":[\"https:\/\/www.esta-officiel-usa.com\/fr\/decouvrir-la-ville-de-new-york-city\/\"]}]},{\"@type\":\"BreadcrumbList\",\"@id\":\"https:\/\/www.esta-officiel-usa.com\/fr\/decouvrir-la-ville-de-new-york-city\/#breadcrumb\",\"itemListElement\":[{\"@type\":\"ListItem\",\"position\":1,\"name\":\"Home\",\"item\":\"https:\/\/www.esta-officiel-usa.com\/fr\/\"},{\"@type\":\"ListItem\",\"position\":2,\"name\":\"D\u00e9couvrir la ville de New-York\"}]},{\"@type\":\"WebSite\",\"@id\":\"https:\/\/www.esta-officiel-usa.com\/fr\/#website\",\"url\":\"https:\/\/www.esta-officiel-usa.com\/fr\/\",\"name\":\"ESTA - Etats-Unis\",\"description\":\"Formulaire de demande ESTA\",\"potentialAction\":[{\"@type\":\"SearchAction\",\"target\":{\"@type\":\"EntryPoint\",\"urlTemplate\":\"https:\/\/www.esta-officiel-usa.com\/fr\/?s={search_term_string}\"},\"query-input\":{\"@type\":\"PropertyValueSpecification\",\"valueRequired\":true,\"valueName\":\"search_term_string\"}}],\"inLanguage\":\"fr-FR\"}]}<\/script>\n<!-- \/ Yoast SEO plugin. -->","yoast_head_json":{"title":"D\u00e9couvrir la ville de New-York","description":"Vous envisagez de d\u00e9couvrir Big Apple, nos experts vous conseillent sur votre demande ESTA et sur les choses \u00e0 faire \u00e0 New-York.","robots":{"index":"index","follow":"follow","max-snippet":"max-snippet:-1","max-image-preview":"max-image-preview:large","max-video-preview":"max-video-preview:-1"},"canonical":"https:\/\/www.esta-officiel-usa.com\/fr\/decouvrir-la-ville-de-new-york-city\/","og_locale":"fr_FR","og_type":"article","og_title":"D\u00e9couvrir la ville de New-York","og_description":"Vous envisagez de d\u00e9couvrir Big Apple, nos experts vous conseillent sur votre demande ESTA et sur les choses \u00e0 faire \u00e0 New-York.","og_url":"https:\/\/www.esta-officiel-usa.com\/fr\/decouvrir-la-ville-de-new-york-city\/","og_site_name":"ESTA - Etats-Unis","article_modified_time":"2024-04-12T07:55:30+00:00","twitter_card":"summary_large_image","twitter_misc":{"Dur\u00e9e de lecture estim\u00e9e":"3 minutes"},"schema":{"@context":"https:\/\/schema.org","@graph":[{"@type":"WebPage","@id":"https:\/\/www.esta-officiel-usa.com\/fr\/decouvrir-la-ville-de-new-york-city\/","url":"https:\/\/www.esta-officiel-usa.com\/fr\/decouvrir-la-ville-de-new-york-city\/","name":"D\u00e9couvrir la ville de New-York","isPartOf":{"@id":"https:\/\/www.esta-officiel-usa.com\/fr\/#website"},"datePublished":"2020-01-20T10:17:41+00:00","dateModified":"2024-04-12T07:55:30+00:00","description":"Vous envisagez de d\u00e9couvrir Big Apple, nos experts vous conseillent sur votre demande ESTA et sur les choses \u00e0 faire \u00e0 New-York.","breadcrumb":{"@id":"https:\/\/www.esta-officiel-usa.com\/fr\/decouvrir-la-ville-de-new-york-city\/#breadcrumb"},"inLanguage":"fr-FR","potentialAction":[{"@type":"ReadAction","target":["https:\/\/www.esta-officiel-usa.com\/fr\/decouvrir-la-ville-de-new-york-city\/"]}]},{"@type":"BreadcrumbList","@id":"https:\/\/www.esta-officiel-usa.com\/fr\/decouvrir-la-ville-de-new-york-city\/#breadcrumb","itemListElement":[{"@type":"ListItem","position":1,"name":"Home","item":"https:\/\/www.esta-officiel-usa.com\/fr\/"},{"@type":"ListItem","position":2,"name":"D\u00e9couvrir la ville de New-York"}]},{"@type":"WebSite","@id":"https:\/\/www.esta-officiel-usa.com\/fr\/#website","url":"https:\/\/www.esta-officiel-usa.com\/fr\/","name":"ESTA - Etats-Unis","description":"Formulaire de demande ESTA","potentialAction":[{"@type":"SearchAction","target":{"@type":"EntryPoint","urlTemplate":"https:\/\/www.esta-officiel-usa.com\/fr\/?s={search_term_string}"},"query-input":{"@type":"PropertyValueSpecification","valueRequired":true,"valueName":"search_term_string"}}],"inLanguage":"fr-FR"}]}},"_links":{"self":[{"href":"https:\/\/www.esta-officiel-usa.com\/fr\/wp-json\/wp\/v2\/pages\/106","targetHints":{"allow":["GET"]}}],"collection":[{"href":"https:\/\/www.esta-officiel-usa.com\/fr\/wp-json\/wp\/v2\/pages"}],"about":[{"href":"https:\/\/www.esta-officiel-usa.com\/fr\/wp-json\/wp\/v2\/types\/page"}],"author":[{"embeddable":true,"href":"https:\/\/www.esta-officiel-usa.com\/fr\/wp-json\/wp\/v2\/users\/1"}],"replies":[{"embeddable":true,"href":"https:\/\/www.esta-officiel-usa.com\/fr\/wp-json\/wp\/v2\/comments?post=106"}],"version-history":[{"count":5,"href":"https:\/\/www.esta-officiel-usa.com\/fr\/wp-json\/wp\/v2\/pages\/106\/revisions"}],"predecessor-version":[{"id":785,"href":"https:\/\/www.esta-officiel-usa.com\/fr\/wp-json\/wp\/v2\/pages\/106\/revisions\/785"}],"wp:attachment":[{"href":"https:\/\/www.esta-officiel-usa.com\/fr\/wp-json\/wp\/v2\/media?parent=106"}],"curies":[{"name":"wp","href":"https:\/\/api.w.org\/{rel}","templated":true}]}}