{"id":109,"date":"2020-01-20T10:21:08","date_gmt":"2020-01-20T10:21:08","guid":{"rendered":"http:\/\/esta-officiel-usa.com\/?page_id=109"},"modified":"2020-02-01T13:03:43","modified_gmt":"2020-02-01T13:03:43","slug":"visite-des-parcs-nationaux-aux-etats-unis","status":"publish","type":"page","link":"https:\/\/www.esta-officiel-usa.com\/fr\/visite-des-parcs-nationaux-aux-etats-unis\/","title":{"rendered":"D\u00e9couvrir les parcs nationaux aux Etats-Unis"},"content":{"rendered":"\n<h1 class=\"wp-block-heading\">VISITER LES PARCS NATIONAUX AUX USA<\/h1>\n\n\n\n<p>Indispensable si vous pr\u00e9voyez un s\u00e9jour touristique de moins de 3 mois aux \u00c9tats-Unis, l\u2019<a href=\"https:\/\/www.esta-officiel-usa.com\/fr\/\">ESTA officiel<\/a>\u00a0vous permet de visiter le territoire am\u00e9ricain et en particulier ses parcs nationaux, que vous ne devez rater sous aucun pr\u00e9texte. Situ\u00e9s majoritairement \u00e0 l\u2019Ouest, ils vous garantissent de passer un moment de d\u00e9tente ou de randonn\u00e9e en pleine nature, dans des environnements aussi uniques que magnifiques. Nous vous donnons quelques id\u00e9es de balades.<\/p>\n\n\n\n<h2 class=\"wp-block-heading\">PARCS NATIONAUX AUX USA : L\u2019EMBARRAS DU CHOIX<\/h2>\n\n\n\n<p>Yellowstone, Grand Canyon, Redwood, Yosemite\u2026 si tous ces noms vous disent quelque chose, c\u2019est normal puisqu&rsquo;ils font partie des c\u00e9l\u00e8bres parcs nationaux des USA. Il en existe 59, autant dire qu\u2019il vous faudra plus d\u2019un road trip pour en faire le tour ! Si vous \u00eates Fran\u00e7ais ou ressortissant d\u2019un autre pays du programme d\u2019exemption de visa, votre voyage n\u00e9cessite d\u2019<a href=\"https:\/\/www.esta-officiel-usa.com\/fr\/obtenir-un-esta-en-ligne\/\">obtenir l\u2019ESTA<\/a>, une autorisation qui demande de remplir un formulaire en ligne.<\/p>\n\n\n\n<p>Le premier parc national remonte au XIXe si\u00e8cle : Yellowstone, en 1872. Si vous recherchez des photos sur Internet, vous reconna\u00eetrez s\u00fbrement ses sources thermales et ses geysers caract\u00e9ristiques. Ses paysages \u00e0 couper le souffle expliquent en partie son classement au patrimoine mondial de l\u2019UNESCO. En plus d\u2019un volcan en activit\u00e9, le parc de Yellowstone abrite de nombreuses esp\u00e8ces de mammif\u00e8res telles que le grizzly, le bison ou le loup gris.<\/p>\n\n\n\n<p>Difficile de recenser tout l\u2019int\u00e9r\u00eat des parcs nationaux am\u00e9ricains en un seul article. Autre exemple de parc \u00e0 visiter pour se ressourcer et s\u2019\u00e9merveiller : le S\u00e9quoia. Sa particularit\u00e9 ? Vous y verrez le plus gros arbre du monde ! En effet, ce parc est la maison de l\u2019arbre \u201cGeneral Sherman\u201d, dont le volume est estim\u00e9 \u00e0 1487 m3 (ce n\u2019est pas l\u2019arbre le plus haut).<\/p>\n\n\n\n<p>Nous vous conseillons en outre les parcs situ\u00e9s en Alaska, au nombre de 8. La moiti\u00e9 d\u2019entre eux sont les plus grands parcs des USA, avec en haut du classement le Wrangell-St. Elias dont la superficie d\u00e9passe les 33 000 km2. D\u00e9paysement assur\u00e9, gr\u00e2ce \u00e0 ses montagnes et ses glaciers. Attention, n\u2019oubliez pas votre polaire et vos gants !<\/p>\n\n\n\n<p>Enfin, ne passez pas \u00e0 c\u00f4t\u00e9 des classiques mais pas moins exceptionnels Grand Canyon et Vall\u00e9e de la Mort. Leur r\u00e9putation n\u2019est plus \u00e0 faire mais vaut toujours le d\u00e9tour. Contrairement \u00e0 l\u2019Alaska, pr\u00e9voyez plut\u00f4t vos lunettes de soleil et vos cr\u00e8mes solaires !<\/p>\n\n\n\n<p>S\u2019il vous reste du temps, voici encore quelques id\u00e9es\u2026 :<\/p>\n\n\n\n<ul class=\"wp-block-list\"><li>Le Joshua Tree en Californie ;<\/li><li>Les Montagnes Rocheuses dans le Colorado ;<\/li><li>Le Biscayne en Floride ;<\/li><li>Le Mammoth Cave dans le Kentucky.<\/li><\/ul>\n\n\n\n<h2 class=\"wp-block-heading\">LES D\u00c9TAILS PRATIQUES POUR VOTRE D\u00c9COUVERTE DES PARCS<\/h2>\n\n\n\n<p>Ne vous pr\u00e9cipitez pas dans les parcs nationaux sans avoir pr\u00e9par\u00e9 votre sortie. Vous pouvez faire des \u00e9conomies en achetant le \u00ab\u00a0America the Beautiful Pass\u00a0\u00bb, un pass annuel \u00e0 80 $. Avec ce document, vous pouvez visiter librement tous les lieux cit\u00e9s auparavant, sans limites et sans payer \u00e0 chaque entr\u00e9e. En fonction du nombre d\u2019endroits o\u00f9 vous comptez vous rendre, faites un calcul rapide pour savoir si le pass est rentable.<\/p>\n\n\n\n<p>En ce qui concerne le d\u00e9placement en voiture, pr\u00e9voyez jusqu\u2019\u00e0 30 dollars de budget d\u2019essence quotidien au vu des distances beaucoup plus grandes \u00e0 parcourir par rapport \u00e0 la France. Cela d\u00e9pendra du v\u00e9hicule lou\u00e9 et de votre fa\u00e7on de conduire.<\/p>\n\n\n\n<p>Il ne vous reste plus qu\u2019\u00e0 commander votre\u00a0<a href=\"https:\/\/www.esta-officiel-usa.com\/fr\/lautorisation-esta\/\">autorisation ESTA<\/a>\u00a0sur Internet, et vous envoler pour les \u00c9tats-Unis. Avec ses 90 jours autoris\u00e9, vous n\u2019aurez aucun mal \u00e0 visiter de nombreux parcs nationaux.<\/p>\n\n\n\n<p>Compl\u00e9tez d\u00e8s \u00e0 pr\u00e9sent le\u00a0<a href=\"https:\/\/www.esta-officiel-usa.com\/fr\/le-formulaire-esta-usa-en-francais\/\">formulaire ESTA<\/a>\u00a0USA, qui peut prendre jusqu\u2019\u00e0 72h de traitement. <\/p>\n","protected":false},"excerpt":{"rendered":"<p>VISITER LES PARCS NATIONAUX AUX USA Indispensable si vous pr\u00e9voyez un s\u00e9jour touristique de moins de 3 mois aux \u00c9tats-Unis, l\u2019ESTA officiel\u00a0vous permet de visiter le territoire am\u00e9ricain et en particulier ses parcs nationaux, que vous ne devez rater sous aucun pr\u00e9texte. Situ\u00e9s majoritairement \u00e0 l\u2019Ouest, ils vous garantissent de passer un moment de d\u00e9tente [&hellip;]<\/p>\n","protected":false},"author":1,"featured_media":0,"parent":0,"menu_order":0,"comment_status":"closed","ping_status":"closed","template":"","meta":{"footnotes":""},"class_list":["post-109","page","type-page","status-publish","hentry"],"yoast_head":"<!-- This site is optimized with the Yoast SEO plugin v26.2 - https:\/\/yoast.com\/wordpress\/plugins\/seo\/ -->\n<title>D\u00e9couvrir les parcs nationaux aux Etats-Unis<\/title>\n<meta name=\"description\" content=\"Vous envisagez de voyager aux Etats-Unis, nos \u00e9quipent vous informent et vous conseillent sur le tr\u00e9sor des Etats-Unis : les parcs nationaux.\" \/>\n<meta name=\"robots\" content=\"index, follow, max-snippet:-1, max-image-preview:large, max-video-preview:-1\" \/>\n<link rel=\"canonical\" href=\"https:\/\/www.esta-officiel-usa.com\/fr\/visite-des-parcs-nationaux-aux-etats-unis\/\" \/>\n<meta property=\"og:locale\" content=\"fr_FR\" \/>\n<meta property=\"og:type\" content=\"article\" \/>\n<meta property=\"og:title\" content=\"D\u00e9couvrir les parcs nationaux aux Etats-Unis\" \/>\n<meta property=\"og:description\" content=\"Vous envisagez de voyager aux Etats-Unis, nos \u00e9quipent vous informent et vous conseillent sur le tr\u00e9sor des Etats-Unis : les parcs nationaux.\" \/>\n<meta property=\"og:url\" content=\"https:\/\/www.esta-officiel-usa.com\/fr\/visite-des-parcs-nationaux-aux-etats-unis\/\" \/>\n<meta property=\"og:site_name\" content=\"ESTA - Etats-Unis\" \/>\n<meta property=\"article:modified_time\" content=\"2020-02-01T13:03:43+00:00\" \/>\n<meta name=\"twitter:card\" content=\"summary_large_image\" \/>\n<meta name=\"twitter:label1\" content=\"Dur\u00e9e de lecture estim\u00e9e\" \/>\n\t<meta name=\"twitter:data1\" content=\"3 minutes\" \/>\n<script type=\"application\/ld+json\" class=\"yoast-schema-graph\">{\"@context\":\"https:\/\/schema.org\",\"@graph\":[{\"@type\":\"WebPage\",\"@id\":\"https:\/\/www.esta-officiel-usa.com\/fr\/visite-des-parcs-nationaux-aux-etats-unis\/\",\"url\":\"https:\/\/www.esta-officiel-usa.com\/fr\/visite-des-parcs-nationaux-aux-etats-unis\/\",\"name\":\"D\u00e9couvrir les parcs nationaux aux Etats-Unis\",\"isPartOf\":{\"@id\":\"https:\/\/www.esta-officiel-usa.com\/fr\/#website\"},\"datePublished\":\"2020-01-20T10:21:08+00:00\",\"dateModified\":\"2020-02-01T13:03:43+00:00\",\"description\":\"Vous envisagez de voyager aux Etats-Unis, nos \u00e9quipent vous informent et vous conseillent sur le tr\u00e9sor des Etats-Unis : les parcs nationaux.\",\"breadcrumb\":{\"@id\":\"https:\/\/www.esta-officiel-usa.com\/fr\/visite-des-parcs-nationaux-aux-etats-unis\/#breadcrumb\"},\"inLanguage\":\"fr-FR\",\"potentialAction\":[{\"@type\":\"ReadAction\",\"target\":[\"https:\/\/www.esta-officiel-usa.com\/fr\/visite-des-parcs-nationaux-aux-etats-unis\/\"]}]},{\"@type\":\"BreadcrumbList\",\"@id\":\"https:\/\/www.esta-officiel-usa.com\/fr\/visite-des-parcs-nationaux-aux-etats-unis\/#breadcrumb\",\"itemListElement\":[{\"@type\":\"ListItem\",\"position\":1,\"name\":\"Home\",\"item\":\"https:\/\/www.esta-officiel-usa.com\/fr\/\"},{\"@type\":\"ListItem\",\"position\":2,\"name\":\"D\u00e9couvrir les parcs nationaux aux Etats-Unis\"}]},{\"@type\":\"WebSite\",\"@id\":\"https:\/\/www.esta-officiel-usa.com\/fr\/#website\",\"url\":\"https:\/\/www.esta-officiel-usa.com\/fr\/\",\"name\":\"ESTA - Etats-Unis\",\"description\":\"Formulaire de demande ESTA\",\"potentialAction\":[{\"@type\":\"SearchAction\",\"target\":{\"@type\":\"EntryPoint\",\"urlTemplate\":\"https:\/\/www.esta-officiel-usa.com\/fr\/?s={search_term_string}\"},\"query-input\":{\"@type\":\"PropertyValueSpecification\",\"valueRequired\":true,\"valueName\":\"search_term_string\"}}],\"inLanguage\":\"fr-FR\"}]}<\/script>\n<!-- \/ Yoast SEO plugin. -->","yoast_head_json":{"title":"D\u00e9couvrir les parcs nationaux aux Etats-Unis","description":"Vous envisagez de voyager aux Etats-Unis, nos \u00e9quipent vous informent et vous conseillent sur le tr\u00e9sor des Etats-Unis : les parcs nationaux.","robots":{"index":"index","follow":"follow","max-snippet":"max-snippet:-1","max-image-preview":"max-image-preview:large","max-video-preview":"max-video-preview:-1"},"canonical":"https:\/\/www.esta-officiel-usa.com\/fr\/visite-des-parcs-nationaux-aux-etats-unis\/","og_locale":"fr_FR","og_type":"article","og_title":"D\u00e9couvrir les parcs nationaux aux Etats-Unis","og_description":"Vous envisagez de voyager aux Etats-Unis, nos \u00e9quipent vous informent et vous conseillent sur le tr\u00e9sor des Etats-Unis : les parcs nationaux.","og_url":"https:\/\/www.esta-officiel-usa.com\/fr\/visite-des-parcs-nationaux-aux-etats-unis\/","og_site_name":"ESTA - Etats-Unis","article_modified_time":"2020-02-01T13:03:43+00:00","twitter_card":"summary_large_image","twitter_misc":{"Dur\u00e9e de lecture estim\u00e9e":"3 minutes"},"schema":{"@context":"https:\/\/schema.org","@graph":[{"@type":"WebPage","@id":"https:\/\/www.esta-officiel-usa.com\/fr\/visite-des-parcs-nationaux-aux-etats-unis\/","url":"https:\/\/www.esta-officiel-usa.com\/fr\/visite-des-parcs-nationaux-aux-etats-unis\/","name":"D\u00e9couvrir les parcs nationaux aux Etats-Unis","isPartOf":{"@id":"https:\/\/www.esta-officiel-usa.com\/fr\/#website"},"datePublished":"2020-01-20T10:21:08+00:00","dateModified":"2020-02-01T13:03:43+00:00","description":"Vous envisagez de voyager aux Etats-Unis, nos \u00e9quipent vous informent et vous conseillent sur le tr\u00e9sor des Etats-Unis : les parcs nationaux.","breadcrumb":{"@id":"https:\/\/www.esta-officiel-usa.com\/fr\/visite-des-parcs-nationaux-aux-etats-unis\/#breadcrumb"},"inLanguage":"fr-FR","potentialAction":[{"@type":"ReadAction","target":["https:\/\/www.esta-officiel-usa.com\/fr\/visite-des-parcs-nationaux-aux-etats-unis\/"]}]},{"@type":"BreadcrumbList","@id":"https:\/\/www.esta-officiel-usa.com\/fr\/visite-des-parcs-nationaux-aux-etats-unis\/#breadcrumb","itemListElement":[{"@type":"ListItem","position":1,"name":"Home","item":"https:\/\/www.esta-officiel-usa.com\/fr\/"},{"@type":"ListItem","position":2,"name":"D\u00e9couvrir les parcs nationaux aux Etats-Unis"}]},{"@type":"WebSite","@id":"https:\/\/www.esta-officiel-usa.com\/fr\/#website","url":"https:\/\/www.esta-officiel-usa.com\/fr\/","name":"ESTA - Etats-Unis","description":"Formulaire de demande ESTA","potentialAction":[{"@type":"SearchAction","target":{"@type":"EntryPoint","urlTemplate":"https:\/\/www.esta-officiel-usa.com\/fr\/?s={search_term_string}"},"query-input":{"@type":"PropertyValueSpecification","valueRequired":true,"valueName":"search_term_string"}}],"inLanguage":"fr-FR"}]}},"_links":{"self":[{"href":"https:\/\/www.esta-officiel-usa.com\/fr\/wp-json\/wp\/v2\/pages\/109","targetHints":{"allow":["GET"]}}],"collection":[{"href":"https:\/\/www.esta-officiel-usa.com\/fr\/wp-json\/wp\/v2\/pages"}],"about":[{"href":"https:\/\/www.esta-officiel-usa.com\/fr\/wp-json\/wp\/v2\/types\/page"}],"author":[{"embeddable":true,"href":"https:\/\/www.esta-officiel-usa.com\/fr\/wp-json\/wp\/v2\/users\/1"}],"replies":[{"embeddable":true,"href":"https:\/\/www.esta-officiel-usa.com\/fr\/wp-json\/wp\/v2\/comments?post=109"}],"version-history":[{"count":3,"href":"https:\/\/www.esta-officiel-usa.com\/fr\/wp-json\/wp\/v2\/pages\/109\/revisions"}],"predecessor-version":[{"id":477,"href":"https:\/\/www.esta-officiel-usa.com\/fr\/wp-json\/wp\/v2\/pages\/109\/revisions\/477"}],"wp:attachment":[{"href":"https:\/\/www.esta-officiel-usa.com\/fr\/wp-json\/wp\/v2\/media?parent=109"}],"curies":[{"name":"wp","href":"https:\/\/api.w.org\/{rel}","templated":true}]}}