{"id":111,"date":"2020-01-20T10:32:53","date_gmt":"2020-01-20T10:32:53","guid":{"rendered":"http:\/\/esta-officiel-usa.com\/?page_id=111"},"modified":"2020-02-01T13:02:42","modified_gmt":"2020-02-01T13:02:42","slug":"visiter-cuba-lors-dun-voyage-aux-etats-unis","status":"publish","type":"page","link":"https:\/\/www.esta-officiel-usa.com\/fr\/visiter-cuba-lors-dun-voyage-aux-etats-unis\/","title":{"rendered":"Visiter Cuba lors d&rsquo;un voyage aux Etats-Unis"},"content":{"rendered":"\n<h1 class=\"wp-block-heading\">VOYAGEZ \u00c0 CUBA DEPUIS LES USA !<\/h1>\n\n\n\n<p>Vous projetez un s\u00e9jour aux \u00c9tats-Unis gr\u00e2ce \u00e0 l\u2019autorisation\u00a0<a href=\"https:\/\/www.esta-officiel-usa.com\/fr\/\">ESTA<\/a>\u00a0et vous avez quelques jours \u00e0 occuper ? Optez pour un d\u00e9tour par l\u2019\u00eele de Cuba, vous ne le regretterez pas ! Entour\u00e9e de plages paradisiaques, ce pays tout en longueur profite de meilleures relations avec les USA que par le pass\u00e9 pour s\u2019ouvrir au monde. Qu\u2019il s\u2019agisse de sa population, ses paysages ou son architecture, vous trouverez mille et une raisons d\u2019appr\u00e9cier cette perle des Cara\u00efbes.<\/p>\n\n\n\n<h2 class=\"wp-block-heading\">CUBA : CE QU\u2019IL NE FAUT PAS MANQUER<\/h2>\n\n\n\n<p>Impossible de s\u2019ennuyer \u00e0 Cuba tant l\u2019\u00eele regorge de lieux \u00e0 visiter, de rues \u00e0 arpenter et de r\u00e9cifs \u00e0 sonder. Pour preuve, 4 millions de touristes s\u2019y sont rendus en 2016 (ce qui correspond \u00e0 plus d\u20191\/3 de la population locale !). Si vous n\u2019aimez pas la foule, r\u00e9fl\u00e9chissez bien \u00e0 votre p\u00e9riode de s\u00e9jour avant de partir.<\/p>\n\n\n\n<p>Ville incontournable de Cuba puisqu\u2019elle constitue sa capitale, la Havane b\u00e9n\u00e9ficie d\u2019un centre historique class\u00e9 au Patrimoine mondial de l\u2019humanit\u00e9 par l\u2019Unesco. Cela s\u2019explique par sa v\u00e9g\u00e9tation abondante et ses b\u00e2timents majestueux. La ville se d\u00e9marque aussi par la faible pr\u00e9sence d\u2019immeubles qui pr\u00e9serve son authenticit\u00e9 mais qui traduit \u00e9galement son manque de modernit\u00e9, menant au d\u00e9labrement de certains quartiers.<\/p>\n\n\n\n<p>Privil\u00e9giez les chambres d\u2019h\u00f4tes pour vivre votre s\u00e9jour en immersion totale et gardez l\u2019\u0153il ouvert sur les nombreuses r\u00e9f\u00e9rences aux figures embl\u00e9matiques de Cuba, Che Guevara et Fidel Castro.<\/p>\n\n\n\n<p>En ce qui concerne la gastronomie locale, testez le riz aux haricots noirs, accompagn\u00e9 bien s\u00fbr d\u2019un Cuba libre !<\/p>\n\n\n\n<p>Pour un \u00e9merveillement total, filez acheter vos palmes et votre tuba : destination plong\u00e9e sous-marine. Les eaux de Cuba sont splendides, tout comme les plages pour ceux qui pr\u00e9f\u00e8rent rester sur le rivage. Les barri\u00e8res de corail font partie des plus longues de la plan\u00e8te, c\u2019est donc l\u2019occasion id\u00e9ale de piquer une t\u00eate et de d\u00e9couvrir la faune et la flore oc\u00e9anique des alentours.<\/p>\n\n\n\n<p>Ce n\u2019est pas tout : profitez de votre voyage pour visiter une fabrique de cigares, ces derniers faisant pleinement partie du patrimoine du pays. On vous y expliquera les \u00e9tapes de fabrication, les techniques et les proc\u00e9d\u00e9s (culture, s\u00e9chage, roulage\u2026) pour aboutir \u00e0 un produit de qualit\u00e9. Vous pouvez en acheter par la m\u00eame occasion, ils sont moins chers qu\u2019en France bien s\u00fbr !<\/p>\n\n\n\n<h2 class=\"wp-block-heading\">SORTIR \u00c0 CUBA<\/h2>\n\n\n\n<p>Apr\u00e8s une journ\u00e9e bien remplie \u00e0 plonger, se balader en ville ou randonner dans la nature abondante, il est temps de faire la f\u00eate. Pour cela, rien de mieux que de se rendre dans un club ou un bar dansant. Vous aimez la salsa ? Tant mieux, vous pouvez danser au son des musiques m\u00ealant percussions et guitares. Les discoth\u00e8ques ne manquent pas, notamment \u00e0 la Havane.<\/p>\n\n\n\n<p>Pour pouvoir profiter de vos vacances \u00e0 Cuba, une seule chose reste \u00e0 faire :\u00a0<a href=\"https:\/\/www.esta-officiel-usa.com\/fr\/comment-faire-une-demande-esta-officiel\/\">commander votre ESTA officiel<\/a>. Cette autorisation vous ouvre l\u2019acc\u00e8s aux \u00c9tats-Unis, la meilleure option de transit pour vous rendre ensuite sur l\u2019\u00eele des Cara\u00efbes. Comment obtenir ce document ? Simplement en\u00a0<a href=\"https:\/\/www.esta-officiel-usa.com\/fr\/remplir-le-formulaire-esta-en-ligne\/\">remplissant un formulaire en ligne<\/a>, qui comporte diverses questions sur votre identit\u00e9 et votre projet aux USA (tourisme, affaires\u2026). Une fois d\u00e9livr\u00e9, l\u2019<a href=\"https:\/\/www.esta-officiel-usa.com\/fr\/lesta-pour-14\/\">ESTA \u00e0 14 $<\/a>\u00a0vous permet de circuler en toute libert\u00e9 sur le territoire am\u00e9ricain pendant 90 jours.<\/p>\n\n\n\n<p>Vous avez d\u00e9j\u00e0 fait le tour de Cuba ? D\u00e9couvrez d\u2019autres destinations, les attractions \u00e9tant presque infinies aux \u00c9tats-Unis : parcs nationaux, villes c\u00e9l\u00e8bres, plages\u2026<\/p>\n","protected":false},"excerpt":{"rendered":"<p>VOYAGEZ \u00c0 CUBA DEPUIS LES USA ! Vous projetez un s\u00e9jour aux \u00c9tats-Unis gr\u00e2ce \u00e0 l\u2019autorisation\u00a0ESTA\u00a0et vous avez quelques jours \u00e0 occuper ? Optez pour un d\u00e9tour par l\u2019\u00eele de Cuba, vous ne le regretterez pas ! Entour\u00e9e de plages paradisiaques, ce pays tout en longueur profite de meilleures relations avec les USA que par [&hellip;]<\/p>\n","protected":false},"author":1,"featured_media":0,"parent":0,"menu_order":0,"comment_status":"closed","ping_status":"closed","template":"","meta":{"footnotes":""},"class_list":["post-111","page","type-page","status-publish","hentry"],"yoast_head":"<!-- This site is optimized with the Yoast SEO plugin v26.2 - https:\/\/yoast.com\/wordpress\/plugins\/seo\/ -->\n<title>Visiter Cuba lors d&#039;un voyage aux Etats-Unis<\/title>\n<meta name=\"description\" content=\"Vous envisagez de voyager aux Etats-Unis, pourquoi ne pas profiter de cette occasion pour visiter Cuba, nos \u00e9quipes vous donnent des quelques conseils.\" \/>\n<meta name=\"robots\" content=\"index, follow, max-snippet:-1, max-image-preview:large, max-video-preview:-1\" \/>\n<link rel=\"canonical\" href=\"https:\/\/www.esta-officiel-usa.com\/fr\/visiter-cuba-lors-dun-voyage-aux-etats-unis\/\" \/>\n<meta property=\"og:locale\" content=\"fr_FR\" \/>\n<meta property=\"og:type\" content=\"article\" \/>\n<meta property=\"og:title\" content=\"Visiter Cuba lors d&#039;un voyage aux Etats-Unis\" \/>\n<meta property=\"og:description\" content=\"Vous envisagez de voyager aux Etats-Unis, pourquoi ne pas profiter de cette occasion pour visiter Cuba, nos \u00e9quipes vous donnent des quelques conseils.\" \/>\n<meta property=\"og:url\" content=\"https:\/\/www.esta-officiel-usa.com\/fr\/visiter-cuba-lors-dun-voyage-aux-etats-unis\/\" \/>\n<meta property=\"og:site_name\" content=\"ESTA - Etats-Unis\" \/>\n<meta property=\"article:modified_time\" content=\"2020-02-01T13:02:42+00:00\" \/>\n<meta name=\"twitter:card\" content=\"summary_large_image\" \/>\n<meta name=\"twitter:label1\" content=\"Dur\u00e9e de lecture estim\u00e9e\" \/>\n\t<meta name=\"twitter:data1\" content=\"3 minutes\" \/>\n<script type=\"application\/ld+json\" class=\"yoast-schema-graph\">{\"@context\":\"https:\/\/schema.org\",\"@graph\":[{\"@type\":\"WebPage\",\"@id\":\"https:\/\/www.esta-officiel-usa.com\/fr\/visiter-cuba-lors-dun-voyage-aux-etats-unis\/\",\"url\":\"https:\/\/www.esta-officiel-usa.com\/fr\/visiter-cuba-lors-dun-voyage-aux-etats-unis\/\",\"name\":\"Visiter Cuba lors d'un voyage aux Etats-Unis\",\"isPartOf\":{\"@id\":\"https:\/\/www.esta-officiel-usa.com\/fr\/#website\"},\"datePublished\":\"2020-01-20T10:32:53+00:00\",\"dateModified\":\"2020-02-01T13:02:42+00:00\",\"description\":\"Vous envisagez de voyager aux Etats-Unis, pourquoi ne pas profiter de cette occasion pour visiter Cuba, nos \u00e9quipes vous donnent des quelques conseils.\",\"breadcrumb\":{\"@id\":\"https:\/\/www.esta-officiel-usa.com\/fr\/visiter-cuba-lors-dun-voyage-aux-etats-unis\/#breadcrumb\"},\"inLanguage\":\"fr-FR\",\"potentialAction\":[{\"@type\":\"ReadAction\",\"target\":[\"https:\/\/www.esta-officiel-usa.com\/fr\/visiter-cuba-lors-dun-voyage-aux-etats-unis\/\"]}]},{\"@type\":\"BreadcrumbList\",\"@id\":\"https:\/\/www.esta-officiel-usa.com\/fr\/visiter-cuba-lors-dun-voyage-aux-etats-unis\/#breadcrumb\",\"itemListElement\":[{\"@type\":\"ListItem\",\"position\":1,\"name\":\"Home\",\"item\":\"https:\/\/www.esta-officiel-usa.com\/fr\/\"},{\"@type\":\"ListItem\",\"position\":2,\"name\":\"Visiter Cuba lors d&rsquo;un voyage aux Etats-Unis\"}]},{\"@type\":\"WebSite\",\"@id\":\"https:\/\/www.esta-officiel-usa.com\/fr\/#website\",\"url\":\"https:\/\/www.esta-officiel-usa.com\/fr\/\",\"name\":\"ESTA - Etats-Unis\",\"description\":\"Formulaire de demande ESTA\",\"potentialAction\":[{\"@type\":\"SearchAction\",\"target\":{\"@type\":\"EntryPoint\",\"urlTemplate\":\"https:\/\/www.esta-officiel-usa.com\/fr\/?s={search_term_string}\"},\"query-input\":{\"@type\":\"PropertyValueSpecification\",\"valueRequired\":true,\"valueName\":\"search_term_string\"}}],\"inLanguage\":\"fr-FR\"}]}<\/script>\n<!-- \/ Yoast SEO plugin. -->","yoast_head_json":{"title":"Visiter Cuba lors d'un voyage aux Etats-Unis","description":"Vous envisagez de voyager aux Etats-Unis, pourquoi ne pas profiter de cette occasion pour visiter Cuba, nos \u00e9quipes vous donnent des quelques conseils.","robots":{"index":"index","follow":"follow","max-snippet":"max-snippet:-1","max-image-preview":"max-image-preview:large","max-video-preview":"max-video-preview:-1"},"canonical":"https:\/\/www.esta-officiel-usa.com\/fr\/visiter-cuba-lors-dun-voyage-aux-etats-unis\/","og_locale":"fr_FR","og_type":"article","og_title":"Visiter Cuba lors d'un voyage aux Etats-Unis","og_description":"Vous envisagez de voyager aux Etats-Unis, pourquoi ne pas profiter de cette occasion pour visiter Cuba, nos \u00e9quipes vous donnent des quelques conseils.","og_url":"https:\/\/www.esta-officiel-usa.com\/fr\/visiter-cuba-lors-dun-voyage-aux-etats-unis\/","og_site_name":"ESTA - Etats-Unis","article_modified_time":"2020-02-01T13:02:42+00:00","twitter_card":"summary_large_image","twitter_misc":{"Dur\u00e9e de lecture estim\u00e9e":"3 minutes"},"schema":{"@context":"https:\/\/schema.org","@graph":[{"@type":"WebPage","@id":"https:\/\/www.esta-officiel-usa.com\/fr\/visiter-cuba-lors-dun-voyage-aux-etats-unis\/","url":"https:\/\/www.esta-officiel-usa.com\/fr\/visiter-cuba-lors-dun-voyage-aux-etats-unis\/","name":"Visiter Cuba lors d'un voyage aux Etats-Unis","isPartOf":{"@id":"https:\/\/www.esta-officiel-usa.com\/fr\/#website"},"datePublished":"2020-01-20T10:32:53+00:00","dateModified":"2020-02-01T13:02:42+00:00","description":"Vous envisagez de voyager aux Etats-Unis, pourquoi ne pas profiter de cette occasion pour visiter Cuba, nos \u00e9quipes vous donnent des quelques conseils.","breadcrumb":{"@id":"https:\/\/www.esta-officiel-usa.com\/fr\/visiter-cuba-lors-dun-voyage-aux-etats-unis\/#breadcrumb"},"inLanguage":"fr-FR","potentialAction":[{"@type":"ReadAction","target":["https:\/\/www.esta-officiel-usa.com\/fr\/visiter-cuba-lors-dun-voyage-aux-etats-unis\/"]}]},{"@type":"BreadcrumbList","@id":"https:\/\/www.esta-officiel-usa.com\/fr\/visiter-cuba-lors-dun-voyage-aux-etats-unis\/#breadcrumb","itemListElement":[{"@type":"ListItem","position":1,"name":"Home","item":"https:\/\/www.esta-officiel-usa.com\/fr\/"},{"@type":"ListItem","position":2,"name":"Visiter Cuba lors d&rsquo;un voyage aux Etats-Unis"}]},{"@type":"WebSite","@id":"https:\/\/www.esta-officiel-usa.com\/fr\/#website","url":"https:\/\/www.esta-officiel-usa.com\/fr\/","name":"ESTA - Etats-Unis","description":"Formulaire de demande ESTA","potentialAction":[{"@type":"SearchAction","target":{"@type":"EntryPoint","urlTemplate":"https:\/\/www.esta-officiel-usa.com\/fr\/?s={search_term_string}"},"query-input":{"@type":"PropertyValueSpecification","valueRequired":true,"valueName":"search_term_string"}}],"inLanguage":"fr-FR"}]}},"_links":{"self":[{"href":"https:\/\/www.esta-officiel-usa.com\/fr\/wp-json\/wp\/v2\/pages\/111","targetHints":{"allow":["GET"]}}],"collection":[{"href":"https:\/\/www.esta-officiel-usa.com\/fr\/wp-json\/wp\/v2\/pages"}],"about":[{"href":"https:\/\/www.esta-officiel-usa.com\/fr\/wp-json\/wp\/v2\/types\/page"}],"author":[{"embeddable":true,"href":"https:\/\/www.esta-officiel-usa.com\/fr\/wp-json\/wp\/v2\/users\/1"}],"replies":[{"embeddable":true,"href":"https:\/\/www.esta-officiel-usa.com\/fr\/wp-json\/wp\/v2\/comments?post=111"}],"version-history":[{"count":3,"href":"https:\/\/www.esta-officiel-usa.com\/fr\/wp-json\/wp\/v2\/pages\/111\/revisions"}],"predecessor-version":[{"id":475,"href":"https:\/\/www.esta-officiel-usa.com\/fr\/wp-json\/wp\/v2\/pages\/111\/revisions\/475"}],"wp:attachment":[{"href":"https:\/\/www.esta-officiel-usa.com\/fr\/wp-json\/wp\/v2\/media?parent=111"}],"curies":[{"name":"wp","href":"https:\/\/api.w.org\/{rel}","templated":true}]}}