{"id":113,"date":"2020-01-20T10:35:01","date_gmt":"2020-01-20T10:35:01","guid":{"rendered":"http:\/\/esta-officiel-usa.com\/?page_id=113"},"modified":"2020-02-01T13:16:31","modified_gmt":"2020-02-01T13:16:31","slug":"quest-ce-que-la-green-card","status":"publish","type":"page","link":"https:\/\/www.esta-officiel-usa.com\/fr\/quest-ce-que-la-green-card\/","title":{"rendered":"Qu&rsquo;est ce que la green-card"},"content":{"rendered":"\n<h1 class=\"wp-block-heading\">LE POINT SUR LA GREEN CARD<\/h1>\n\n\n\n<p>La Green Card, carte verte en fran\u00e7ais, est un s\u00e9same permettant \u00e0 un individu \u00e9tranger de s\u2019installer et vivre aux \u00c9tats-Unis. Il permet \u00e9galement de travailler pour une entreprise am\u00e9ricaine ou \u00e0 son compte sans besoin d\u2019un visa. Ce document permet de passer les\u00a0<a href=\"https:\/\/www.esta-officiel-usa.com\/fr\/passer-les-controles-des-douanes-americaines\/\">contr\u00f4les des douanes<\/a>\u00a0sans encombres. Dans cet article nous reviendrons sur sa d\u00e9finition et son mode d\u2019obtention.<\/p>\n\n\n\n<h2 class=\"wp-block-heading\">QUELLE EST LA D\u00c9FINITION DE LA GREEN CARD ?<\/h2>\n\n\n\n<p>Avant d\u2019identifier les diff\u00e9rents moyens d\u2019obtenir une green card, clarifions d\u2019abord que celle-ci n\u2019est pas obligatoirement indispensable afin de travailler aux \u00c9tats-Unis : un visa de travail peut suffire. La green card, aussi connu sous le nom de carte de r\u00e9sident permanent, ne permet pas de voter ou de participer comme membre d\u2019un jury. Le d\u00e9tenteur est \u00e9galement tenu d\u2019\u00eatre en possession de sa carte ainsi qu\u2019une pi\u00e8ce d\u2019identit\u00e9 (telle que le\u00a0<a href=\"https:\/\/www.esta-officiel-usa.com\/fr\/quel-type-de-passeport-pour-les-usa\/\">passeport<\/a>) \u00e0 tout moment, en cas d\u2019un contr\u00f4le d\u2019identit\u00e9 par un gardien de la paix. La green card est valide pour dix ans ou deux ans dans le cas d\u2019un r\u00e9sident permanent conditionnel. Dans tous les cas, la carte de r\u00e9sident permanent doit \u00eatre renouvel\u00e9e avant la date d\u2019expiration, et le nouveau r\u00e9sident permanent am\u00e9ricain doit payer des frais de 165$ pour l\u2019obtention de la carte elle-m\u00eame.<\/p>\n\n\n\n<p>La green card est remise par le United States Citizenship and Immigration Services (USCIS) selon certains crit\u00e8res de s\u00e9lection. Un individu d\u00e9tenteur d\u2019une green card pour une dur\u00e9e de plus de 5 ans devient \u00e9ligible pour une demande de naturalisation. \u00c0 contrario de l\u2019<a href=\"https:\/\/www.esta-officiel-usa.com\/fr\/\">ESTA<\/a>, la Green Card est l\u2019une des autorisations les plus difficiles \u00e0 obtenir. Chaque ann\u00e9e, des milliers de personnes esp\u00e8rent avoir ce s\u00e9same qui changera leur vie et leur carri\u00e8re.<\/p>\n\n\n\n<h2 class=\"wp-block-heading\">COMMENT OBTENIR UNE CARTE VERTE ?<\/h2>\n\n\n\n<p>Abordons maintenant les diff\u00e9rents moyens d\u2019obtenir la fameuse green card. Il y a des r\u00e8gles sp\u00e9cifiques \u00e0 respecter pour chacun des moyens d\u2019obtention de la carte de r\u00e9sidence permanente. Voici les quatre voies principales vers cette fin :<\/p>\n\n\n\n<p>La famille : un individu d\u2019origine am\u00e9ricaine \u00e2g\u00e9 de plus de 21 ans peut r\u00e9aliser une demande de carte verte afin qu\u2019un membre de sa famille (conjoint, ses parents, ses enfants, ses fr\u00e8res et soeurs) puisse le rejoindre aux \u00c9tats-Unis. Le postulant est tenu d&rsquo;\u00eatre honn\u00eate concernant son conjoint car les autorit\u00e9s am\u00e9ricaines luttent de mani\u00e8re s\u00e9v\u00e8re contre la pr\u00e9vention des mariages blancs.<\/p>\n\n\n\n<p>Le travail : une demande de carte verte peut \u00eatre appuy\u00e9e par une entreprise am\u00e9ricaine souhaitant vous embaucher pour un contrat \u00e0 long terme ou&nbsp;\u00e0 dur\u00e9e ind\u00e9termin\u00e9e. En plus de vous assister dans la d\u00e9marche et les papiers \u00e0 remplir, votre employeur prend \u00e9galement en charge les frais de dossier dans certains cas. Ce moyen d&rsquo;obtention est n\u00e9anmoins r\u00e9serv\u00e9 aux travailleurs \u00ab qualifi\u00e9s \u00bb qui r\u00e9pondent donc aux crit\u00e8res demand\u00e9s par le gouvernement am\u00e9ricain.<\/p>\n\n\n\n<p>Le statut de r\u00e9fugi\u00e9 : toute personne reconnue comme demandeur d\u2019asile peut faire une demande de r\u00e9sidence permanente aux \u00c9tats-Unis si celle-ci r\u00e9side sur le territoire depuis plus d\u2019un an.<\/p>\n\n\n\n<p>La\u00a0<a href=\"https:\/\/www.esta-officiel-usa.com\/fr\/obtenir-une-green-card-par-la-loterie\/\">loterie<\/a>\u00a0: la \u201cgreen card lottery\u201d a lieu chaque ann\u00e9e et attribue ce fameux s\u00e9same \u00e0 50 000 personnes parmi les 15 millions de participants. Ce programme a \u00e9t\u00e9 instaur\u00e9 afin d\u2019assurer une certaine diversit\u00e9 parmi la d\u00e9mographie immigrante des \u00c9tats-Unis.<\/p>\n\n\n\n<p>Si vous envisagez simplement de visiter les USA pour une courte dur\u00e9e, sachez qu\u2019il existe des\u00a0<a href=\"https:\/\/www.esta-officiel-usa.com\/fr\/les-formalites-dentree-aux-etats-unis\/\">formalit\u00e9s d\u2019entr\u00e9e aux \u00c9tats-Unis<\/a>\u00a0plus simples sous la forme de l\u2019ESTA notamment.<br><\/p>\n","protected":false},"excerpt":{"rendered":"<p>LE POINT SUR LA GREEN CARD La Green Card, carte verte en fran\u00e7ais, est un s\u00e9same permettant \u00e0 un individu \u00e9tranger de s\u2019installer et vivre aux \u00c9tats-Unis. Il permet \u00e9galement de travailler pour une entreprise am\u00e9ricaine ou \u00e0 son compte sans besoin d\u2019un visa. Ce document permet de passer les\u00a0contr\u00f4les des douanes\u00a0sans encombres. Dans cet [&hellip;]<\/p>\n","protected":false},"author":1,"featured_media":0,"parent":0,"menu_order":0,"comment_status":"closed","ping_status":"closed","template":"","meta":{"footnotes":""},"class_list":["post-113","page","type-page","status-publish","hentry"],"yoast_head":"<!-- This site is optimized with the Yoast SEO plugin v26.2 - https:\/\/yoast.com\/wordpress\/plugins\/seo\/ -->\n<title>Qu&#039;est ce que la green-card<\/title>\n<meta name=\"description\" content=\"Nos experts vous expliquent tout sur La Green Card, un s\u00e9same permettant \u00e0 un individu \u00e9tranger de s\u2019installer et vivre aux \u00c9tats-Unis.\" \/>\n<meta name=\"robots\" content=\"index, follow, max-snippet:-1, max-image-preview:large, max-video-preview:-1\" \/>\n<link rel=\"canonical\" href=\"https:\/\/www.esta-officiel-usa.com\/fr\/quest-ce-que-la-green-card\/\" \/>\n<meta property=\"og:locale\" content=\"fr_FR\" \/>\n<meta property=\"og:type\" content=\"article\" \/>\n<meta property=\"og:title\" content=\"Qu&#039;est ce que la green-card\" \/>\n<meta property=\"og:description\" content=\"Nos experts vous expliquent tout sur La Green Card, un s\u00e9same permettant \u00e0 un individu \u00e9tranger de s\u2019installer et vivre aux \u00c9tats-Unis.\" \/>\n<meta property=\"og:url\" content=\"https:\/\/www.esta-officiel-usa.com\/fr\/quest-ce-que-la-green-card\/\" \/>\n<meta property=\"og:site_name\" content=\"ESTA - Etats-Unis\" \/>\n<meta property=\"article:modified_time\" content=\"2020-02-01T13:16:31+00:00\" \/>\n<meta name=\"twitter:card\" content=\"summary_large_image\" \/>\n<meta name=\"twitter:label1\" content=\"Dur\u00e9e de lecture estim\u00e9e\" \/>\n\t<meta name=\"twitter:data1\" content=\"3 minutes\" \/>\n<script type=\"application\/ld+json\" class=\"yoast-schema-graph\">{\"@context\":\"https:\/\/schema.org\",\"@graph\":[{\"@type\":\"WebPage\",\"@id\":\"https:\/\/www.esta-officiel-usa.com\/fr\/quest-ce-que-la-green-card\/\",\"url\":\"https:\/\/www.esta-officiel-usa.com\/fr\/quest-ce-que-la-green-card\/\",\"name\":\"Qu'est ce que la green-card\",\"isPartOf\":{\"@id\":\"https:\/\/www.esta-officiel-usa.com\/fr\/#website\"},\"datePublished\":\"2020-01-20T10:35:01+00:00\",\"dateModified\":\"2020-02-01T13:16:31+00:00\",\"description\":\"Nos experts vous expliquent tout sur La Green Card, un s\u00e9same permettant \u00e0 un individu \u00e9tranger de s\u2019installer et vivre aux \u00c9tats-Unis.\",\"breadcrumb\":{\"@id\":\"https:\/\/www.esta-officiel-usa.com\/fr\/quest-ce-que-la-green-card\/#breadcrumb\"},\"inLanguage\":\"fr-FR\",\"potentialAction\":[{\"@type\":\"ReadAction\",\"target\":[\"https:\/\/www.esta-officiel-usa.com\/fr\/quest-ce-que-la-green-card\/\"]}]},{\"@type\":\"BreadcrumbList\",\"@id\":\"https:\/\/www.esta-officiel-usa.com\/fr\/quest-ce-que-la-green-card\/#breadcrumb\",\"itemListElement\":[{\"@type\":\"ListItem\",\"position\":1,\"name\":\"Home\",\"item\":\"https:\/\/www.esta-officiel-usa.com\/fr\/\"},{\"@type\":\"ListItem\",\"position\":2,\"name\":\"Qu&rsquo;est ce que la green-card\"}]},{\"@type\":\"WebSite\",\"@id\":\"https:\/\/www.esta-officiel-usa.com\/fr\/#website\",\"url\":\"https:\/\/www.esta-officiel-usa.com\/fr\/\",\"name\":\"ESTA - Etats-Unis\",\"description\":\"Formulaire de demande ESTA\",\"potentialAction\":[{\"@type\":\"SearchAction\",\"target\":{\"@type\":\"EntryPoint\",\"urlTemplate\":\"https:\/\/www.esta-officiel-usa.com\/fr\/?s={search_term_string}\"},\"query-input\":{\"@type\":\"PropertyValueSpecification\",\"valueRequired\":true,\"valueName\":\"search_term_string\"}}],\"inLanguage\":\"fr-FR\"}]}<\/script>\n<!-- \/ Yoast SEO plugin. -->","yoast_head_json":{"title":"Qu'est ce que la green-card","description":"Nos experts vous expliquent tout sur La Green Card, un s\u00e9same permettant \u00e0 un individu \u00e9tranger de s\u2019installer et vivre aux \u00c9tats-Unis.","robots":{"index":"index","follow":"follow","max-snippet":"max-snippet:-1","max-image-preview":"max-image-preview:large","max-video-preview":"max-video-preview:-1"},"canonical":"https:\/\/www.esta-officiel-usa.com\/fr\/quest-ce-que-la-green-card\/","og_locale":"fr_FR","og_type":"article","og_title":"Qu'est ce que la green-card","og_description":"Nos experts vous expliquent tout sur La Green Card, un s\u00e9same permettant \u00e0 un individu \u00e9tranger de s\u2019installer et vivre aux \u00c9tats-Unis.","og_url":"https:\/\/www.esta-officiel-usa.com\/fr\/quest-ce-que-la-green-card\/","og_site_name":"ESTA - Etats-Unis","article_modified_time":"2020-02-01T13:16:31+00:00","twitter_card":"summary_large_image","twitter_misc":{"Dur\u00e9e de lecture estim\u00e9e":"3 minutes"},"schema":{"@context":"https:\/\/schema.org","@graph":[{"@type":"WebPage","@id":"https:\/\/www.esta-officiel-usa.com\/fr\/quest-ce-que-la-green-card\/","url":"https:\/\/www.esta-officiel-usa.com\/fr\/quest-ce-que-la-green-card\/","name":"Qu'est ce que la green-card","isPartOf":{"@id":"https:\/\/www.esta-officiel-usa.com\/fr\/#website"},"datePublished":"2020-01-20T10:35:01+00:00","dateModified":"2020-02-01T13:16:31+00:00","description":"Nos experts vous expliquent tout sur La Green Card, un s\u00e9same permettant \u00e0 un individu \u00e9tranger de s\u2019installer et vivre aux \u00c9tats-Unis.","breadcrumb":{"@id":"https:\/\/www.esta-officiel-usa.com\/fr\/quest-ce-que-la-green-card\/#breadcrumb"},"inLanguage":"fr-FR","potentialAction":[{"@type":"ReadAction","target":["https:\/\/www.esta-officiel-usa.com\/fr\/quest-ce-que-la-green-card\/"]}]},{"@type":"BreadcrumbList","@id":"https:\/\/www.esta-officiel-usa.com\/fr\/quest-ce-que-la-green-card\/#breadcrumb","itemListElement":[{"@type":"ListItem","position":1,"name":"Home","item":"https:\/\/www.esta-officiel-usa.com\/fr\/"},{"@type":"ListItem","position":2,"name":"Qu&rsquo;est ce que la green-card"}]},{"@type":"WebSite","@id":"https:\/\/www.esta-officiel-usa.com\/fr\/#website","url":"https:\/\/www.esta-officiel-usa.com\/fr\/","name":"ESTA - Etats-Unis","description":"Formulaire de demande ESTA","potentialAction":[{"@type":"SearchAction","target":{"@type":"EntryPoint","urlTemplate":"https:\/\/www.esta-officiel-usa.com\/fr\/?s={search_term_string}"},"query-input":{"@type":"PropertyValueSpecification","valueRequired":true,"valueName":"search_term_string"}}],"inLanguage":"fr-FR"}]}},"_links":{"self":[{"href":"https:\/\/www.esta-officiel-usa.com\/fr\/wp-json\/wp\/v2\/pages\/113","targetHints":{"allow":["GET"]}}],"collection":[{"href":"https:\/\/www.esta-officiel-usa.com\/fr\/wp-json\/wp\/v2\/pages"}],"about":[{"href":"https:\/\/www.esta-officiel-usa.com\/fr\/wp-json\/wp\/v2\/types\/page"}],"author":[{"embeddable":true,"href":"https:\/\/www.esta-officiel-usa.com\/fr\/wp-json\/wp\/v2\/users\/1"}],"replies":[{"embeddable":true,"href":"https:\/\/www.esta-officiel-usa.com\/fr\/wp-json\/wp\/v2\/comments?post=113"}],"version-history":[{"count":2,"href":"https:\/\/www.esta-officiel-usa.com\/fr\/wp-json\/wp\/v2\/pages\/113\/revisions"}],"predecessor-version":[{"id":486,"href":"https:\/\/www.esta-officiel-usa.com\/fr\/wp-json\/wp\/v2\/pages\/113\/revisions\/486"}],"wp:attachment":[{"href":"https:\/\/www.esta-officiel-usa.com\/fr\/wp-json\/wp\/v2\/media?parent=113"}],"curies":[{"name":"wp","href":"https:\/\/api.w.org\/{rel}","templated":true}]}}