{"id":115,"date":"2020-01-20T10:37:19","date_gmt":"2020-01-20T10:37:19","guid":{"rendered":"http:\/\/esta-officiel-usa.com\/?page_id=115"},"modified":"2020-02-01T17:36:41","modified_gmt":"2020-02-01T17:36:41","slug":"obtenir-une-green-card-par-la-loterie","status":"publish","type":"page","link":"https:\/\/www.esta-officiel-usa.com\/fr\/obtenir-une-green-card-par-la-loterie\/","title":{"rendered":"Obtenir une green card par la loterie"},"content":{"rendered":"\n<h1 class=\"wp-block-heading\">LA LOTERIE POUR LA GREEN CARD<\/h1>\n\n\n\n<p>Chaque ann\u00e9e, une loterie internationale est organis\u00e9e par le gouvernement am\u00e9ricain. Les gagnants remportent une green card, ce document officiel qui donne \u00e0 un ressortissant \u00e9tranger le droit de r\u00e9sidence permanente et de travailler aux \u00c9tats-Unis (\u00e0 la diff\u00e9rence de l&rsquo;<a href=\"https:\/\/www.esta-officiel-usa.com\/fr\/\">ESTA<\/a>\u00a0qui autorise \u00e0 une r\u00e9sidence temporaire pour du tourisme). Seulement 50 000 cartes vertes sont accord\u00e9es parmi pr\u00e8s de 15 millions de participants d\u00e9sireux d\u2019immigrer aux \u00c9tats-Unis. La green card est l\u2019une des formalit\u00e9s d&rsquo;entr\u00e9e aux \u00c9tats-Unis les plus convoit\u00e9es au monde.<br>\u00a0<\/p>\n\n\n\n<h2 class=\"wp-block-heading\">COMMENT PARTICIPER \u00c0 LA LOTERIE GREEN CARD ?<\/h2>\n\n\n\n<p>Cette loterie green card est une tradition annuelle dont le but initialement \u00e9tait d\u2019assurer une diversit\u00e9 parmi la d\u00e9mographie des immigr\u00e9s aux \u00c9tats-Unis. Sont \u00e9ligibles les citoyens des pays qui ont envoy\u00e9 moins de 50 000 immigrants aux \u00c9tats-Unis depuis les 5 derni\u00e8res ann\u00e9es : les ressortissants du Mexique, du Canada, de la Chine ou du Royaume-Uni ne sont actuellement pas \u00e9ligibles mais cette liste est revue chaque ann\u00e9e.<\/p>\n\n\n\n<p>Un autre crit\u00e8re important est l\u2019\u00e9ducation. En effet, il faut avoir un niveau baccalaur\u00e9at, un dipl\u00f4me \u00e9quivalent ou un poste n\u00e9cessitant ce niveau de formation pendant au moins deux ans.<\/p>\n\n\n\n<p>L\u2019inscription se fait gratuitement sur Internet et int\u00e9resse grandement des millions de personnes, souvent originaires de pays du tiers monde, qui r\u00eavent d\u2019\u00e9chapper \u00e0 la pr\u00e9carit\u00e9 et \u00e0 la pauvret\u00e9. Les postulants doivent remplir le formulaire en ligne en faisant attention \u00e0 ne commettre aucune erreur \u00e9liminatoire. De plus, le site est uniquement disponible en langue anglaise ou espagnole. Les questions pos\u00e9es portent sur les sujets suivants :<\/p>\n\n\n\n<ul class=\"wp-block-list\"><li>\u00e9tat civil et les donn\u00e9es du\u00a0<a href=\"https:\/\/www.esta-officiel-usa.com\/fr\/quel-type-de-passeport-pour-les-usa\/\">passeport<\/a>\u00a0;<\/li><li>lieu de r\u00e9sidence ;<\/li><li>coordonn\u00e9es t\u00e9l\u00e9phoniques et adresse email ;<\/li><li>niveau d\u2019\u00e9tudes ;<\/li><li>situation familiale ;<\/li><li>les donn\u00e9es relatives \u00e0 vos enfants et votre conjoint(e).<\/li><\/ul>\n\n\n\n<p>Le programme embl\u00e9matique d\u2019une certaine id\u00e9e des \u00c9tats-Unis (le r\u00eave am\u00e9ricain) est menac\u00e9 depuis longtemps, une tentative pour y mettre fin en 2013 a \u00e9chou\u00e9 mais ce qui est s\u00fbr, c\u2019est que les lois sur l\u2019immigration pourraient beaucoup changer ces prochaines ann\u00e9es, en particulier \u00e0 cause de\u00a0<a href=\"https:\/\/www.esta-officiel-usa.com\/fr\/lannulation-de-la-green-card-par-donald-trump\/\">Donald Trump<\/a>.<br>\u00a0<\/p>\n\n\n\n<h2 class=\"wp-block-heading\">COMMENT CONNA\u00ceTRE LES R\u00c9SULTATS DE LA LOTERIE GREEN CARD ?<\/h2>\n\n\n\n<p>La loterie a lieu en octobre chaque ann\u00e9e et les r\u00e9sultats sont publi\u00e9s en mai l\u2019ann\u00e9e suivante. Si la chance est de votre c\u00f4t\u00e9, vous faites alors partie des 0,33 % des participants gagnants ! Mais un v\u00e9ritable parcours du combattant vous attend : transcrits officiels de tous les documents d\u2019identit\u00e9 et des dipl\u00f4mes, certificats m\u00e9dicaux, copies des casiers judiciaires, entretiens pouss\u00e9s \u00e0 l\u2019ambassade am\u00e9ricaine de votre pays d\u2019origine, etc. L\u2019int\u00e9gralit\u00e9 du processus dure deux ans, et les heureux \u00e9lus ont ensuite 6 mois pour tout quitter et s\u2019installer aux \u00c9tats-Unis.<\/p>\n\n\n\n<p>Pour les personnes ayant moins de chance, il est toujours possible de suivre ces\u00a0<a href=\"https:\/\/www.esta-officiel-usa.com\/fr\/les-demarches-pour-visiter-les-etats-unis\/\">d\u00e9marches pour visiter les \u00c9tats-Unis<\/a>\u00a0:<\/p>\n\n\n\n<ul class=\"wp-block-list\"><li>participer de nouveau l\u2019ann\u00e9e suivante ;<\/li><li>obtenir une green card par d\u2019autres moyens : contrat de travail,\u00a0<a href=\"https:\/\/www.esta-officiel-usa.com\/fr\/obtenir-une-green-card-par-un-mariage\/\">mariage<\/a>\u00a0avec un citoyen am\u00e9ricain, investissement aux USA, etc. ;<\/li><li>obtenir un visa classique aupr\u00e8s de l\u2019ambassade ou du consulat ;<\/li><li>choisir l\u2019obtention d\u2019un document ESTA, rapide et simple, permettant de rester sur le territoire pendant 90 jours cons\u00e9cutifs.<\/li><\/ul>\n","protected":false},"excerpt":{"rendered":"<p>LA LOTERIE POUR LA GREEN CARD Chaque ann\u00e9e, une loterie internationale est organis\u00e9e par le gouvernement am\u00e9ricain. Les gagnants remportent une green card, ce document officiel qui donne \u00e0 un ressortissant \u00e9tranger le droit de r\u00e9sidence permanente et de travailler aux \u00c9tats-Unis (\u00e0 la diff\u00e9rence de l&rsquo;ESTA\u00a0qui autorise \u00e0 une r\u00e9sidence temporaire pour du tourisme). [&hellip;]<\/p>\n","protected":false},"author":1,"featured_media":0,"parent":0,"menu_order":0,"comment_status":"closed","ping_status":"closed","template":"","meta":{"footnotes":""},"class_list":["post-115","page","type-page","status-publish","hentry"],"yoast_head":"<!-- This site is optimized with the Yoast SEO plugin v26.2 - https:\/\/yoast.com\/wordpress\/plugins\/seo\/ -->\n<title>Obtenir une green card par la loterie<\/title>\n<meta name=\"description\" content=\"Chaque ann\u00e9e, une loterie internationale est organis\u00e9e par le gouvernement am\u00e9ricain d\u00e9couvrez comment les gagnants remportent une green card.\" \/>\n<meta name=\"robots\" content=\"index, follow, max-snippet:-1, max-image-preview:large, max-video-preview:-1\" \/>\n<link rel=\"canonical\" href=\"https:\/\/www.esta-officiel-usa.com\/fr\/obtenir-une-green-card-par-la-loterie\/\" \/>\n<meta property=\"og:locale\" content=\"fr_FR\" \/>\n<meta property=\"og:type\" content=\"article\" \/>\n<meta property=\"og:title\" content=\"Obtenir une green card par la loterie\" \/>\n<meta property=\"og:description\" content=\"Chaque ann\u00e9e, une loterie internationale est organis\u00e9e par le gouvernement am\u00e9ricain d\u00e9couvrez comment les gagnants remportent une green card.\" \/>\n<meta property=\"og:url\" content=\"https:\/\/www.esta-officiel-usa.com\/fr\/obtenir-une-green-card-par-la-loterie\/\" \/>\n<meta property=\"og:site_name\" content=\"ESTA - Etats-Unis\" \/>\n<meta property=\"article:modified_time\" content=\"2020-02-01T17:36:41+00:00\" \/>\n<meta name=\"twitter:card\" content=\"summary_large_image\" \/>\n<meta name=\"twitter:label1\" content=\"Dur\u00e9e de lecture estim\u00e9e\" \/>\n\t<meta name=\"twitter:data1\" content=\"3 minutes\" \/>\n<script type=\"application\/ld+json\" class=\"yoast-schema-graph\">{\"@context\":\"https:\/\/schema.org\",\"@graph\":[{\"@type\":\"WebPage\",\"@id\":\"https:\/\/www.esta-officiel-usa.com\/fr\/obtenir-une-green-card-par-la-loterie\/\",\"url\":\"https:\/\/www.esta-officiel-usa.com\/fr\/obtenir-une-green-card-par-la-loterie\/\",\"name\":\"Obtenir une green card par la loterie\",\"isPartOf\":{\"@id\":\"https:\/\/www.esta-officiel-usa.com\/fr\/#website\"},\"datePublished\":\"2020-01-20T10:37:19+00:00\",\"dateModified\":\"2020-02-01T17:36:41+00:00\",\"description\":\"Chaque ann\u00e9e, une loterie internationale est organis\u00e9e par le gouvernement am\u00e9ricain d\u00e9couvrez comment les gagnants remportent une green card.\",\"breadcrumb\":{\"@id\":\"https:\/\/www.esta-officiel-usa.com\/fr\/obtenir-une-green-card-par-la-loterie\/#breadcrumb\"},\"inLanguage\":\"fr-FR\",\"potentialAction\":[{\"@type\":\"ReadAction\",\"target\":[\"https:\/\/www.esta-officiel-usa.com\/fr\/obtenir-une-green-card-par-la-loterie\/\"]}]},{\"@type\":\"BreadcrumbList\",\"@id\":\"https:\/\/www.esta-officiel-usa.com\/fr\/obtenir-une-green-card-par-la-loterie\/#breadcrumb\",\"itemListElement\":[{\"@type\":\"ListItem\",\"position\":1,\"name\":\"Home\",\"item\":\"https:\/\/www.esta-officiel-usa.com\/fr\/\"},{\"@type\":\"ListItem\",\"position\":2,\"name\":\"Obtenir une green card par la loterie\"}]},{\"@type\":\"WebSite\",\"@id\":\"https:\/\/www.esta-officiel-usa.com\/fr\/#website\",\"url\":\"https:\/\/www.esta-officiel-usa.com\/fr\/\",\"name\":\"ESTA - Etats-Unis\",\"description\":\"Formulaire de demande ESTA\",\"potentialAction\":[{\"@type\":\"SearchAction\",\"target\":{\"@type\":\"EntryPoint\",\"urlTemplate\":\"https:\/\/www.esta-officiel-usa.com\/fr\/?s={search_term_string}\"},\"query-input\":{\"@type\":\"PropertyValueSpecification\",\"valueRequired\":true,\"valueName\":\"search_term_string\"}}],\"inLanguage\":\"fr-FR\"}]}<\/script>\n<!-- \/ Yoast SEO plugin. -->","yoast_head_json":{"title":"Obtenir une green card par la loterie","description":"Chaque ann\u00e9e, une loterie internationale est organis\u00e9e par le gouvernement am\u00e9ricain d\u00e9couvrez comment les gagnants remportent une green card.","robots":{"index":"index","follow":"follow","max-snippet":"max-snippet:-1","max-image-preview":"max-image-preview:large","max-video-preview":"max-video-preview:-1"},"canonical":"https:\/\/www.esta-officiel-usa.com\/fr\/obtenir-une-green-card-par-la-loterie\/","og_locale":"fr_FR","og_type":"article","og_title":"Obtenir une green card par la loterie","og_description":"Chaque ann\u00e9e, une loterie internationale est organis\u00e9e par le gouvernement am\u00e9ricain d\u00e9couvrez comment les gagnants remportent une green card.","og_url":"https:\/\/www.esta-officiel-usa.com\/fr\/obtenir-une-green-card-par-la-loterie\/","og_site_name":"ESTA - Etats-Unis","article_modified_time":"2020-02-01T17:36:41+00:00","twitter_card":"summary_large_image","twitter_misc":{"Dur\u00e9e de lecture estim\u00e9e":"3 minutes"},"schema":{"@context":"https:\/\/schema.org","@graph":[{"@type":"WebPage","@id":"https:\/\/www.esta-officiel-usa.com\/fr\/obtenir-une-green-card-par-la-loterie\/","url":"https:\/\/www.esta-officiel-usa.com\/fr\/obtenir-une-green-card-par-la-loterie\/","name":"Obtenir une green card par la loterie","isPartOf":{"@id":"https:\/\/www.esta-officiel-usa.com\/fr\/#website"},"datePublished":"2020-01-20T10:37:19+00:00","dateModified":"2020-02-01T17:36:41+00:00","description":"Chaque ann\u00e9e, une loterie internationale est organis\u00e9e par le gouvernement am\u00e9ricain d\u00e9couvrez comment les gagnants remportent une green card.","breadcrumb":{"@id":"https:\/\/www.esta-officiel-usa.com\/fr\/obtenir-une-green-card-par-la-loterie\/#breadcrumb"},"inLanguage":"fr-FR","potentialAction":[{"@type":"ReadAction","target":["https:\/\/www.esta-officiel-usa.com\/fr\/obtenir-une-green-card-par-la-loterie\/"]}]},{"@type":"BreadcrumbList","@id":"https:\/\/www.esta-officiel-usa.com\/fr\/obtenir-une-green-card-par-la-loterie\/#breadcrumb","itemListElement":[{"@type":"ListItem","position":1,"name":"Home","item":"https:\/\/www.esta-officiel-usa.com\/fr\/"},{"@type":"ListItem","position":2,"name":"Obtenir une green card par la loterie"}]},{"@type":"WebSite","@id":"https:\/\/www.esta-officiel-usa.com\/fr\/#website","url":"https:\/\/www.esta-officiel-usa.com\/fr\/","name":"ESTA - Etats-Unis","description":"Formulaire de demande ESTA","potentialAction":[{"@type":"SearchAction","target":{"@type":"EntryPoint","urlTemplate":"https:\/\/www.esta-officiel-usa.com\/fr\/?s={search_term_string}"},"query-input":{"@type":"PropertyValueSpecification","valueRequired":true,"valueName":"search_term_string"}}],"inLanguage":"fr-FR"}]}},"_links":{"self":[{"href":"https:\/\/www.esta-officiel-usa.com\/fr\/wp-json\/wp\/v2\/pages\/115","targetHints":{"allow":["GET"]}}],"collection":[{"href":"https:\/\/www.esta-officiel-usa.com\/fr\/wp-json\/wp\/v2\/pages"}],"about":[{"href":"https:\/\/www.esta-officiel-usa.com\/fr\/wp-json\/wp\/v2\/types\/page"}],"author":[{"embeddable":true,"href":"https:\/\/www.esta-officiel-usa.com\/fr\/wp-json\/wp\/v2\/users\/1"}],"replies":[{"embeddable":true,"href":"https:\/\/www.esta-officiel-usa.com\/fr\/wp-json\/wp\/v2\/comments?post=115"}],"version-history":[{"count":2,"href":"https:\/\/www.esta-officiel-usa.com\/fr\/wp-json\/wp\/v2\/pages\/115\/revisions"}],"predecessor-version":[{"id":536,"href":"https:\/\/www.esta-officiel-usa.com\/fr\/wp-json\/wp\/v2\/pages\/115\/revisions\/536"}],"wp:attachment":[{"href":"https:\/\/www.esta-officiel-usa.com\/fr\/wp-json\/wp\/v2\/media?parent=115"}],"curies":[{"name":"wp","href":"https:\/\/api.w.org\/{rel}","templated":true}]}}