{"id":117,"date":"2020-01-20T10:39:48","date_gmt":"2020-01-20T10:39:48","guid":{"rendered":"http:\/\/esta-officiel-usa.com\/?page_id=117"},"modified":"2020-02-01T14:07:38","modified_gmt":"2020-02-01T14:07:38","slug":"obtenir-une-green-card-par-un-mariage","status":"publish","type":"page","link":"https:\/\/www.esta-officiel-usa.com\/fr\/obtenir-une-green-card-par-un-mariage\/","title":{"rendered":"Obtenir une green-card par un mariage"},"content":{"rendered":"\n<h1 class=\"wp-block-heading\">DEMANDER LA GREEN CARD GR\u00c2CE \u00c0 UN MARIAGE<\/h1>\n\n\n\n<p>Obtenir une green card via un mariage avec un citoyen am\u00e9ricain est l&rsquo;un des moyens les plus rapides d&rsquo;obtenir la r\u00e9sidence permanente (et la citoyennet\u00e9) et ainsi vivre aux \u00c9tats-Unis (tout comme la loterie green card). Mais cela peut aussi cr\u00e9er d&rsquo;importants probl\u00e8mes pour les couples qui ne comprennent pas le syst\u00e8me d&rsquo;immigration am\u00e9ricain ou la demande de visa. En effet, la carte de r\u00e9sident n&rsquo;est pas automatique attribu\u00e9e apr\u00e8s le mariage. Se marier peut faciliter I\u2019acc\u00e8s aux USA, mais un processus de demande doit \u00eatre suivi et respect\u00e9 par les ressortissants \u00e9trangers : il y a plusieurs \u00e9tapes qui comprennent des formulaires de demande, un examen m\u00e9dical, des empreintes digitales et diverses approbations. Contrairement \u00e0 l\u2019<a href=\"https:\/\/www.esta-officiel-usa.com\/fr\/\">ESTA<\/a>, le carte verte permettant d\u2019immigrer aux USA est une autorisation bien difficile \u00e0 se procurer. Comment obtenir celle-ci ? Nos explications.<br>\u00a0<\/p>\n\n\n\n<h2 class=\"wp-block-heading\">OBTENIR LA GREEN CARD AVEC UN MARIAGE<\/h2>\n\n\n\n<p>Le processus pour demander la green card commence avec la remise du formulaire I-130 d\u00fbment rempli aupr\u00e8s de l\u2019U.S. Citizenship and Immigration Services (USCIS). En d\u00e9posant la requ\u00eate, vous \u00e9tablissez l&rsquo;existence d&rsquo;une relation valide entre vous et votre conjoint vivant sur le territoire am\u00e9ricain aupr\u00e8s du gouvernement et le besoin d\u2019un regroupement familial. En m\u00eame temps, vous demandez qu&rsquo;une carte verte soit r\u00e9serv\u00e9e \u00e0 votre conjoint. D\u00e8s lors que le formulaire I-130 est approuv\u00e9, le gouvernement reconna\u00eet alors qu&rsquo;il existe une relation valide entre les futurs \u00e9poux et confirmera qu&rsquo;un visa USA a \u00e9t\u00e9 r\u00e9serv\u00e9.<\/p>\n\n\n\n<p>L&rsquo;\u00e9ligibilit\u00e9 pour obtenir la green card par le mariage avec un citoyen am\u00e9ricain exige que :<\/p>\n\n\n\n<ul class=\"wp-block-list\"><li>le mariage civil a \u00e9t\u00e9 d\u00e9clar\u00e9 de mani\u00e8re l\u00e9gale (depuis n&rsquo;importe quel pays) ;<\/li><li>aucun conjoint n&rsquo;est mari\u00e9 \u00e0 quelqu&rsquo;un d&rsquo;autre en m\u00eame temps.<br>&nbsp;<\/li><\/ul>\n\n\n\n<p>La nature rapide de la d\u00e9marche pour obtenir le permis de r\u00e9sidence permanente la rend \u00e9galement sujet \u00e0 la fraude par certaines personnes qui simulent un mariage fictif afin d&rsquo;obtenir des avantages sur la d\u00e9livrance de la carte verte (le\u00a0<a href=\"https:\/\/www.esta-officiel-usa.com\/fr\/quelles-sont-les-demarches-pour-obtenir-un-visa-travail-usa\/\">permis de travail<\/a>\u00a0entre autres). Par cons\u00e9quent, obtenir une green card gr\u00e2ce au mariage est \u00e9troitement surveill\u00e9 par USCIS et requiert un\u00a0<a href=\"https:\/\/www.esta-officiel-usa.com\/fr\/quel-type-de-passeport-pour-les-usa\/\">passeport<\/a>\u00a0valide. Il est facile d&rsquo;obtenir ou de forger un certificat de mariage. Ainsi, le couple doit faire de son mieux pour prouver que le mariage est authentique et que les futurs mari\u00e9s ont l&rsquo;intention de rester ensemble. L\u2019USCIS examinera les dossiers pour confirmer qu&rsquo;il n&rsquo;y a aucune tentative d&rsquo;\u00e9chapper aux lois d&rsquo;immigration avec un mariage frauduleux, ce dernier emp\u00eachant bien s\u00fbr la r\u00e9ception d\u2019une carte de r\u00e9sident permanent.<br>\u00a0<\/p>\n\n\n\n<h2 class=\"wp-block-heading\">LES MODALIT\u00c9S DE LA GREEN CARD PAR MARIAGE<\/h2>\n\n\n\n<p>En l&rsquo;absence de la green card (qu\u2019on peut se procurer \u00e0 la suite d\u2019un mariage ou de la loterie\u00a0<a href=\"https:\/\/www.esta-officiel-usa.com\/fr\/lannulation-de-la-green-card-par-donald-trump\/\">carte verte, menac\u00e9e par Donald Trump<\/a>), toutes les personnes qui sont entr\u00e9es l\u00e9galement aux \u00c9tats-Unis sont g\u00e9n\u00e9ralement inspect\u00e9es par un agent des\u00a0<a href=\"https:\/\/www.esta-officiel-usa.com\/fr\/passer-les-controles-des-douanes-americaines\/\">douanes<\/a>\u00a0et de la protection des fronti\u00e8res dans un point d&rsquo;entr\u00e9e tel qu&rsquo;un a\u00e9roport, un port maritime ou un poste frontalier. L&rsquo;individu peut avoir utilis\u00e9 l&rsquo;une des autorisations suivantes :<\/p>\n\n\n\n<ul class=\"wp-block-list\"><li>visa non-immigrant tel que le visa de touriste, visa d&rsquo;\u00e9tudiant ou visa de travailleur temporaire ;<\/li><li>carte de passage de la fronti\u00e8re ;<\/li><li>l\u2019autorisation de voyage\u00a0<a href=\"https:\/\/www.esta-officiel-usa.com\/fr\/lautorisation-esta\/\">ESTA<\/a>.<\/li><\/ul>\n\n\n\n<p>Si ce moyen d&rsquo;entr\u00e9e l\u00e9gale est expir\u00e9, l&rsquo;immigrant est alors hors statut et consid\u00e9r\u00e9 comme sans-papiers. Cependant, il est toujours possible d&rsquo;obtenir une green card par mariage avec un citoyen am\u00e9ricain, m\u00eame si l\u2019autorisation du conjoint \u00e9tranger a expir\u00e9. Il ou elle devra donc prouver l&rsquo;entr\u00e9e l\u00e9gale lors de la demande, en soumettant une copie d&rsquo;un timbre de visa ou du formulaire I-94 (enregistrement d&rsquo;arriv\u00e9e\/d\u00e9part).<\/p>\n\n\n\n<p>Cependant, la r\u00e9gularisation du statut devient plus compliqu\u00e9 lorsque le temps de pr\u00e9sence ill\u00e9gale est sup\u00e9rieur \u00e0 180 jours. Si la p\u00e9riode de pr\u00e9sence ill\u00e9gale de votre conjoint aux \u00c9tats-Unis d\u00e9passe cette p\u00e9riode, consultez un avocat sp\u00e9cialis\u00e9 en immigration avant de remplir tout formulaire USCIS. R\u00e9sider sur le sol am\u00e9ricain peut vite devenir un parcours du combattant pour un immigr\u00e9, m\u00eame si vous d\u00e9cidez de vous marier avec un citoyen du pays !<\/p>\n","protected":false},"excerpt":{"rendered":"<p>DEMANDER LA GREEN CARD GR\u00c2CE \u00c0 UN MARIAGE Obtenir une green card via un mariage avec un citoyen am\u00e9ricain est l&rsquo;un des moyens les plus rapides d&rsquo;obtenir la r\u00e9sidence permanente (et la citoyennet\u00e9) et ainsi vivre aux \u00c9tats-Unis (tout comme la loterie green card). Mais cela peut aussi cr\u00e9er d&rsquo;importants probl\u00e8mes pour les couples qui [&hellip;]<\/p>\n","protected":false},"author":1,"featured_media":0,"parent":0,"menu_order":0,"comment_status":"closed","ping_status":"closed","template":"","meta":{"footnotes":""},"class_list":["post-117","page","type-page","status-publish","hentry"],"yoast_head":"<!-- This site is optimized with the Yoast SEO plugin v26.2 - https:\/\/yoast.com\/wordpress\/plugins\/seo\/ -->\n<title>Obtenir une green-card par un mariage<\/title>\n<meta name=\"description\" content=\"Pour obtenir un permis de r\u00e9sidence aux Etats-Unis, la green card par mariage est possible d\u00e9couvrez toutes les modalit\u00e9s sur notre page.\" \/>\n<meta name=\"robots\" content=\"index, follow, max-snippet:-1, max-image-preview:large, max-video-preview:-1\" \/>\n<link rel=\"canonical\" href=\"https:\/\/www.esta-officiel-usa.com\/fr\/obtenir-une-green-card-par-un-mariage\/\" \/>\n<meta property=\"og:locale\" content=\"fr_FR\" \/>\n<meta property=\"og:type\" content=\"article\" \/>\n<meta property=\"og:title\" content=\"Obtenir une green-card par un mariage\" \/>\n<meta property=\"og:description\" content=\"Pour obtenir un permis de r\u00e9sidence aux Etats-Unis, la green card par mariage est possible d\u00e9couvrez toutes les modalit\u00e9s sur notre page.\" \/>\n<meta property=\"og:url\" content=\"https:\/\/www.esta-officiel-usa.com\/fr\/obtenir-une-green-card-par-un-mariage\/\" \/>\n<meta property=\"og:site_name\" content=\"ESTA - Etats-Unis\" \/>\n<meta property=\"article:modified_time\" content=\"2020-02-01T14:07:38+00:00\" \/>\n<meta name=\"twitter:card\" content=\"summary_large_image\" \/>\n<meta name=\"twitter:label1\" content=\"Dur\u00e9e de lecture estim\u00e9e\" \/>\n\t<meta name=\"twitter:data1\" content=\"4 minutes\" \/>\n<script type=\"application\/ld+json\" class=\"yoast-schema-graph\">{\"@context\":\"https:\/\/schema.org\",\"@graph\":[{\"@type\":\"WebPage\",\"@id\":\"https:\/\/www.esta-officiel-usa.com\/fr\/obtenir-une-green-card-par-un-mariage\/\",\"url\":\"https:\/\/www.esta-officiel-usa.com\/fr\/obtenir-une-green-card-par-un-mariage\/\",\"name\":\"Obtenir une green-card par un mariage\",\"isPartOf\":{\"@id\":\"https:\/\/www.esta-officiel-usa.com\/fr\/#website\"},\"datePublished\":\"2020-01-20T10:39:48+00:00\",\"dateModified\":\"2020-02-01T14:07:38+00:00\",\"description\":\"Pour obtenir un permis de r\u00e9sidence aux Etats-Unis, la green card par mariage est possible d\u00e9couvrez toutes les modalit\u00e9s sur notre page.\",\"breadcrumb\":{\"@id\":\"https:\/\/www.esta-officiel-usa.com\/fr\/obtenir-une-green-card-par-un-mariage\/#breadcrumb\"},\"inLanguage\":\"fr-FR\",\"potentialAction\":[{\"@type\":\"ReadAction\",\"target\":[\"https:\/\/www.esta-officiel-usa.com\/fr\/obtenir-une-green-card-par-un-mariage\/\"]}]},{\"@type\":\"BreadcrumbList\",\"@id\":\"https:\/\/www.esta-officiel-usa.com\/fr\/obtenir-une-green-card-par-un-mariage\/#breadcrumb\",\"itemListElement\":[{\"@type\":\"ListItem\",\"position\":1,\"name\":\"Home\",\"item\":\"https:\/\/www.esta-officiel-usa.com\/fr\/\"},{\"@type\":\"ListItem\",\"position\":2,\"name\":\"Obtenir une green-card par un mariage\"}]},{\"@type\":\"WebSite\",\"@id\":\"https:\/\/www.esta-officiel-usa.com\/fr\/#website\",\"url\":\"https:\/\/www.esta-officiel-usa.com\/fr\/\",\"name\":\"ESTA - Etats-Unis\",\"description\":\"Formulaire de demande ESTA\",\"potentialAction\":[{\"@type\":\"SearchAction\",\"target\":{\"@type\":\"EntryPoint\",\"urlTemplate\":\"https:\/\/www.esta-officiel-usa.com\/fr\/?s={search_term_string}\"},\"query-input\":{\"@type\":\"PropertyValueSpecification\",\"valueRequired\":true,\"valueName\":\"search_term_string\"}}],\"inLanguage\":\"fr-FR\"}]}<\/script>\n<!-- \/ Yoast SEO plugin. -->","yoast_head_json":{"title":"Obtenir une green-card par un mariage","description":"Pour obtenir un permis de r\u00e9sidence aux Etats-Unis, la green card par mariage est possible d\u00e9couvrez toutes les modalit\u00e9s sur notre page.","robots":{"index":"index","follow":"follow","max-snippet":"max-snippet:-1","max-image-preview":"max-image-preview:large","max-video-preview":"max-video-preview:-1"},"canonical":"https:\/\/www.esta-officiel-usa.com\/fr\/obtenir-une-green-card-par-un-mariage\/","og_locale":"fr_FR","og_type":"article","og_title":"Obtenir une green-card par un mariage","og_description":"Pour obtenir un permis de r\u00e9sidence aux Etats-Unis, la green card par mariage est possible d\u00e9couvrez toutes les modalit\u00e9s sur notre page.","og_url":"https:\/\/www.esta-officiel-usa.com\/fr\/obtenir-une-green-card-par-un-mariage\/","og_site_name":"ESTA - Etats-Unis","article_modified_time":"2020-02-01T14:07:38+00:00","twitter_card":"summary_large_image","twitter_misc":{"Dur\u00e9e de lecture estim\u00e9e":"4 minutes"},"schema":{"@context":"https:\/\/schema.org","@graph":[{"@type":"WebPage","@id":"https:\/\/www.esta-officiel-usa.com\/fr\/obtenir-une-green-card-par-un-mariage\/","url":"https:\/\/www.esta-officiel-usa.com\/fr\/obtenir-une-green-card-par-un-mariage\/","name":"Obtenir une green-card par un mariage","isPartOf":{"@id":"https:\/\/www.esta-officiel-usa.com\/fr\/#website"},"datePublished":"2020-01-20T10:39:48+00:00","dateModified":"2020-02-01T14:07:38+00:00","description":"Pour obtenir un permis de r\u00e9sidence aux Etats-Unis, la green card par mariage est possible d\u00e9couvrez toutes les modalit\u00e9s sur notre page.","breadcrumb":{"@id":"https:\/\/www.esta-officiel-usa.com\/fr\/obtenir-une-green-card-par-un-mariage\/#breadcrumb"},"inLanguage":"fr-FR","potentialAction":[{"@type":"ReadAction","target":["https:\/\/www.esta-officiel-usa.com\/fr\/obtenir-une-green-card-par-un-mariage\/"]}]},{"@type":"BreadcrumbList","@id":"https:\/\/www.esta-officiel-usa.com\/fr\/obtenir-une-green-card-par-un-mariage\/#breadcrumb","itemListElement":[{"@type":"ListItem","position":1,"name":"Home","item":"https:\/\/www.esta-officiel-usa.com\/fr\/"},{"@type":"ListItem","position":2,"name":"Obtenir une green-card par un mariage"}]},{"@type":"WebSite","@id":"https:\/\/www.esta-officiel-usa.com\/fr\/#website","url":"https:\/\/www.esta-officiel-usa.com\/fr\/","name":"ESTA - Etats-Unis","description":"Formulaire de demande ESTA","potentialAction":[{"@type":"SearchAction","target":{"@type":"EntryPoint","urlTemplate":"https:\/\/www.esta-officiel-usa.com\/fr\/?s={search_term_string}"},"query-input":{"@type":"PropertyValueSpecification","valueRequired":true,"valueName":"search_term_string"}}],"inLanguage":"fr-FR"}]}},"_links":{"self":[{"href":"https:\/\/www.esta-officiel-usa.com\/fr\/wp-json\/wp\/v2\/pages\/117","targetHints":{"allow":["GET"]}}],"collection":[{"href":"https:\/\/www.esta-officiel-usa.com\/fr\/wp-json\/wp\/v2\/pages"}],"about":[{"href":"https:\/\/www.esta-officiel-usa.com\/fr\/wp-json\/wp\/v2\/types\/page"}],"author":[{"embeddable":true,"href":"https:\/\/www.esta-officiel-usa.com\/fr\/wp-json\/wp\/v2\/users\/1"}],"replies":[{"embeddable":true,"href":"https:\/\/www.esta-officiel-usa.com\/fr\/wp-json\/wp\/v2\/comments?post=117"}],"version-history":[{"count":2,"href":"https:\/\/www.esta-officiel-usa.com\/fr\/wp-json\/wp\/v2\/pages\/117\/revisions"}],"predecessor-version":[{"id":502,"href":"https:\/\/www.esta-officiel-usa.com\/fr\/wp-json\/wp\/v2\/pages\/117\/revisions\/502"}],"wp:attachment":[{"href":"https:\/\/www.esta-officiel-usa.com\/fr\/wp-json\/wp\/v2\/media?parent=117"}],"curies":[{"name":"wp","href":"https:\/\/api.w.org\/{rel}","templated":true}]}}