{"id":119,"date":"2020-01-20T10:45:01","date_gmt":"2020-01-20T10:45:01","guid":{"rendered":"http:\/\/esta-officiel-usa.com\/?page_id=119"},"modified":"2020-02-01T12:25:08","modified_gmt":"2020-02-01T12:25:08","slug":"la-demande-de-green-card-pour-le-travail","status":"publish","type":"page","link":"https:\/\/www.esta-officiel-usa.com\/fr\/la-demande-de-green-card-pour-le-travail\/","title":{"rendered":"La demande de la green-card pour le travail"},"content":{"rendered":"\n<h1 class=\"wp-block-heading\">EFFECTUER UNE DEMANDE DE GREEN CARD POUR LE TRAVAIL<\/h1>\n\n\n\n<p>La green card travail repr\u00e9sente le graal absolu pour un grand nombre de personnes, et ouvre la porte aux nombreux \u00c9tats qui composent les \u00c9tats-Unis d\u2019Am\u00e9rique : la Floride, la Californie, l\u2019Iowa, le Texas, la Louisiane, le Colorado ou encore l\u2019Oregon&#8230; En effet, elle permet \u00e0 n\u2019importe qui de travailler, d\u2019acqu\u00e9rir une exp\u00e9rience professionnelle, de r\u00e9sider ou de rejoindre un membre de la famille sur le sol am\u00e9ricain, de fa\u00e7on durable, contrairement \u00e0 l&rsquo;<a href=\"https:\/\/www.esta-officiel-usa.com\/fr\/\">ESTA<\/a>\u00a0notamment. Une demande de carte puis l\u2019obtention de cette derni\u00e8re, c\u2019est devenir r\u00e9sident permanent et vivre le r\u00eave am\u00e9ricain \u00e0 l\u2019\u00e9tat brut ! Avant de partir, il vous faut conna\u00eetre les\u00a0<a href=\"https:\/\/www.esta-officiel-usa.com\/fr\/les-demarches-pour-visiter-les-etats-unis\/\">d\u00e9marches pour visiter les \u00c9tats-Unis<\/a>, y vivre ou y travailler. Faisons un point sur l\u2019obtention d\u2019un emploi sur le march\u00e9 du travail aux \u00c9tats-Unis d\u2019Am\u00e9rique, et la carte verte. Si vous voulez en savoir plus sur la demande de green card pour le travail afin d\u2019immigrer, nous vous invitons \u00e0 lire cet article !<br>\u00a0<\/p>\n\n\n\n<h2 class=\"wp-block-heading\">LA GREEN CARD POUR LE TRAVAIL<\/h2>\n\n\n\n<p>L\u2019immigration est tr\u00e8s contr\u00f4l\u00e9e et il est tr\u00e8s difficile de partir vivre et\u00a0<a href=\"https:\/\/www.esta-officiel-usa.com\/fr\/quelles-sont-les-demarches-pour-obtenir-un-visa-travail-usa\/\">travailler aux \u00c9tats-Unis<\/a>\u00a0car pour cela, il faut obligatoirement faire une demande de green card et trouver un employeur dans une soci\u00e9t\u00e9 am\u00e9ricaine. Le pr\u00e9cieux permis de travail est obtenu par une minorit\u00e9 de demandeurs, car il y a des quotas \u00e0 respecter. En effet, par an, on peut compter \u00e0 peu pr\u00e8s 140 000 green cards d\u00e9livr\u00e9es pour un job aux USA. 9 800 green cards, c\u2019est le nombre autoris\u00e9 de d\u00e9livrances par pays. Vous l\u2019aurez compris, la concurrence est rude concernant l\u2019obtention de la carte verte, d\u2019autant plus si vous \u00eates immigrant d\u2019un pays peupl\u00e9.<\/p>\n\n\n\n<p>La green card travail s\u2019obtient par le biais de votre employeur ; pour y pr\u00e9tendre et recevoir la USA green card, il vous faudra donc trouver du travail et vous faire embaucher. En effet, l\u2019employeur pourra faire la demande de green card pour le travail suite \u00e0 votre embauche, mais il est \u00e9galement conseill\u00e9 d\u2019\u00e9changer avec un cabinet d\u2019avocats, qui sont habitu\u00e9s aux d\u00e9marches \u00e0 \u00e9ffectuer et conditions \u00e0 respecter. L\u2019avocat sp\u00e9cialis\u00e9 pourra v\u00e9rifier que toutes les pi\u00e8ces sont fournies et que le dossier est complet, pour \u00e9viter tout refus en vous donnant tous les conseils juridiques utiles.<\/p>\n\n\n\n<p>Si vous souhaitez visiter temporairement les \u00c9tats-Unis (pour une dur\u00e9e de moins de trois mois), vous n\u2019avez pas\u00a0besoin de faire une demande de green card travail, sachez que vous pouvez tout simplement\u00a0<a href=\"https:\/\/www.esta-officiel-usa.com\/fr\/comment-faire-une-demande-esta-officiel\/\">demander un ESTA<\/a>\u00a0(l\u2019ESTA est un programme d\u2019exemption de visa), qui ne vous permettra pas d\u2019obtenir un emploi, mais vous pouvez par exemple animer ou assister \u00e0 des conf\u00e9rences professionnelles ou signer des contrats sur le territoire am\u00e9ricain.<br>\u00a0<\/p>\n\n\n\n<h2 class=\"wp-block-heading\">OBTENIR LA GREEN CARD GR\u00c2CE \u00c0 UN EMPLOI<\/h2>\n\n\n\n<p>Il ne faut pas \u00eatre press\u00e9 pour obtenir une green card suite \u00e0 votre embauche, car les d\u00e9marches et le traitement de votre dossier peuvent demander du temps. Pour obtenir la r\u00e9sidence permanente, il faut parfois attendre plusieurs ann\u00e9es.<\/p>\n\n\n\n<p>Vous souhaitez savoir si vous \u00eates \u00e9ligible ? Tout d\u2019abord, vous devez \u00eatre en possession d\u2019un\u00a0<a href=\"https:\/\/www.esta-officiel-usa.com\/fr\/quel-type-de-passeport-pour-les-usa\/\">passeport<\/a>\u00a0valide. Puis les \u00e9tapes suivantes peuvent \u00eatre diff\u00e9rentes selon le poste que vous avez d\u00e9croch\u00e9. En g\u00e9n\u00e9ral, c\u2019est votre sponsor qui se chargera de faire votre demande de green card par le travail. Ainsi, l\u2019employeur doit pr\u00e9senter un certificat de travail d\u00e9livr\u00e9 par le minist\u00e8re du Travail ; c\u2019est un justificatif et un des documents n\u00e9cessaires qui va permettre de prouver que vous apportez un vrai savoir-faire, une valeur ajout\u00e9e \u00e0 l\u2019entreprise. Il faut ensuite remplir le formulaire d\u2019inscription l-140 ; un num\u00e9ro de visa est ainsi fourni. Il n\u2019y a plus qu\u2019\u00e0 attendre quelques mois ou plus d\u2019un an, cela d\u00e9pend de beaucoup de crit\u00e8res comme le poste ou les dipl\u00f4mes du candidat. Pr\u00e9cisons que les titulaires d&rsquo;un\u00a0<a href=\"https:\/\/www.esta-officiel-usa.com\/fr\/tout-savoir-sur-le-visa-l1-concernant-le-transfert-de-cadre-aux-usa\/\">visa L1<\/a>\u00a0b\u00e9n\u00e9ficient d&rsquo;un traitement plus rapide. Une fois votre dossier approuv\u00e9, en tant que d\u00e9tenteur de la carte de r\u00e9sident permanent, vous pouvez l\u00e9galement travailler et vivre aux USA de fa\u00e7on permanente et surtout en toute l\u00e9galit\u00e9. La vie d\u2019expat vous tend les bras !\u00a0<\/p>\n\n\n\n<p>Comment obtenir une green card et s\u2019expatrier autrement ? Tout simplement gr\u00e2ce au mariage. En effet, il faut savoir que se marier avec un citoyen am\u00e9ricain peut vous permettre d\u2019obtenir le document et vivre aux \u00c9tats-Unis. Soyez vigilant, une enqu\u00eate sera ouverte sur vous et votre conjoint afin de v\u00e9rifier que le mariage n\u2019est pas un mariage blanc. Vous pouvez \u00e9galement participer \u00e0 la loterie de la green card (Diversity Visa Program), sous certaines conditions comme : avoir un bon niveau en anglais et un niveau scolaire suffisant. M\u00eame si cette \u00e9ventualit\u00e9 est faible, peut-\u00eatre serez-vous chanceux et pourrez assouvir votre d\u00e9sir d\u2019expatriation ? \u00c0 moins que le projet de\u00a0<a href=\"https:\/\/www.esta-officiel-usa.com\/fr\/lannulation-de-la-green-card-par-donald-trump\/\">suppression de la green card par Donald Trump<\/a>\u00a0n&rsquo;aboutisse&#8230;<\/p>\n","protected":false},"excerpt":{"rendered":"<p>EFFECTUER UNE DEMANDE DE GREEN CARD POUR LE TRAVAIL La green card travail repr\u00e9sente le graal absolu pour un grand nombre de personnes, et ouvre la porte aux nombreux \u00c9tats qui composent les \u00c9tats-Unis d\u2019Am\u00e9rique : la Floride, la Californie, l\u2019Iowa, le Texas, la Louisiane, le Colorado ou encore l\u2019Oregon&#8230; En effet, elle permet \u00e0 [&hellip;]<\/p>\n","protected":false},"author":1,"featured_media":0,"parent":0,"menu_order":0,"comment_status":"closed","ping_status":"closed","template":"","meta":{"footnotes":""},"class_list":["post-119","page","type-page","status-publish","hentry"],"yoast_head":"<!-- This site is optimized with the Yoast SEO plugin v26.2 - https:\/\/yoast.com\/wordpress\/plugins\/seo\/ -->\n<title>La demande de la green-card pour le travail<\/title>\n<meta name=\"description\" content=\"L\u2019immigration est tr\u00e8s contr\u00f4l\u00e9e et il est difficile de partir travailler aux USA d\u00e9couvrez sur notre page comment obtenir la green card pour le travail.\" \/>\n<meta name=\"robots\" content=\"index, follow, max-snippet:-1, max-image-preview:large, max-video-preview:-1\" \/>\n<link rel=\"canonical\" href=\"https:\/\/www.esta-officiel-usa.com\/fr\/la-demande-de-green-card-pour-le-travail\/\" \/>\n<meta property=\"og:locale\" content=\"fr_FR\" \/>\n<meta property=\"og:type\" content=\"article\" \/>\n<meta property=\"og:title\" content=\"La demande de la green-card pour le travail\" \/>\n<meta property=\"og:description\" content=\"L\u2019immigration est tr\u00e8s contr\u00f4l\u00e9e et il est difficile de partir travailler aux USA d\u00e9couvrez sur notre page comment obtenir la green card pour le travail.\" \/>\n<meta property=\"og:url\" content=\"https:\/\/www.esta-officiel-usa.com\/fr\/la-demande-de-green-card-pour-le-travail\/\" \/>\n<meta property=\"og:site_name\" content=\"ESTA - Etats-Unis\" \/>\n<meta property=\"article:modified_time\" content=\"2020-02-01T12:25:08+00:00\" \/>\n<meta name=\"twitter:card\" content=\"summary_large_image\" \/>\n<meta name=\"twitter:label1\" content=\"Dur\u00e9e de lecture estim\u00e9e\" \/>\n\t<meta name=\"twitter:data1\" content=\"4 minutes\" \/>\n<script type=\"application\/ld+json\" class=\"yoast-schema-graph\">{\"@context\":\"https:\/\/schema.org\",\"@graph\":[{\"@type\":\"WebPage\",\"@id\":\"https:\/\/www.esta-officiel-usa.com\/fr\/la-demande-de-green-card-pour-le-travail\/\",\"url\":\"https:\/\/www.esta-officiel-usa.com\/fr\/la-demande-de-green-card-pour-le-travail\/\",\"name\":\"La demande de la green-card pour le travail\",\"isPartOf\":{\"@id\":\"https:\/\/www.esta-officiel-usa.com\/fr\/#website\"},\"datePublished\":\"2020-01-20T10:45:01+00:00\",\"dateModified\":\"2020-02-01T12:25:08+00:00\",\"description\":\"L\u2019immigration est tr\u00e8s contr\u00f4l\u00e9e et il est difficile de partir travailler aux USA d\u00e9couvrez sur notre page comment obtenir la green card pour le travail.\",\"breadcrumb\":{\"@id\":\"https:\/\/www.esta-officiel-usa.com\/fr\/la-demande-de-green-card-pour-le-travail\/#breadcrumb\"},\"inLanguage\":\"fr-FR\",\"potentialAction\":[{\"@type\":\"ReadAction\",\"target\":[\"https:\/\/www.esta-officiel-usa.com\/fr\/la-demande-de-green-card-pour-le-travail\/\"]}]},{\"@type\":\"BreadcrumbList\",\"@id\":\"https:\/\/www.esta-officiel-usa.com\/fr\/la-demande-de-green-card-pour-le-travail\/#breadcrumb\",\"itemListElement\":[{\"@type\":\"ListItem\",\"position\":1,\"name\":\"Home\",\"item\":\"https:\/\/www.esta-officiel-usa.com\/fr\/\"},{\"@type\":\"ListItem\",\"position\":2,\"name\":\"La demande de la green-card pour le travail\"}]},{\"@type\":\"WebSite\",\"@id\":\"https:\/\/www.esta-officiel-usa.com\/fr\/#website\",\"url\":\"https:\/\/www.esta-officiel-usa.com\/fr\/\",\"name\":\"ESTA - Etats-Unis\",\"description\":\"Formulaire de demande ESTA\",\"potentialAction\":[{\"@type\":\"SearchAction\",\"target\":{\"@type\":\"EntryPoint\",\"urlTemplate\":\"https:\/\/www.esta-officiel-usa.com\/fr\/?s={search_term_string}\"},\"query-input\":{\"@type\":\"PropertyValueSpecification\",\"valueRequired\":true,\"valueName\":\"search_term_string\"}}],\"inLanguage\":\"fr-FR\"}]}<\/script>\n<!-- \/ Yoast SEO plugin. -->","yoast_head_json":{"title":"La demande de la green-card pour le travail","description":"L\u2019immigration est tr\u00e8s contr\u00f4l\u00e9e et il est difficile de partir travailler aux USA d\u00e9couvrez sur notre page comment obtenir la green card pour le travail.","robots":{"index":"index","follow":"follow","max-snippet":"max-snippet:-1","max-image-preview":"max-image-preview:large","max-video-preview":"max-video-preview:-1"},"canonical":"https:\/\/www.esta-officiel-usa.com\/fr\/la-demande-de-green-card-pour-le-travail\/","og_locale":"fr_FR","og_type":"article","og_title":"La demande de la green-card pour le travail","og_description":"L\u2019immigration est tr\u00e8s contr\u00f4l\u00e9e et il est difficile de partir travailler aux USA d\u00e9couvrez sur notre page comment obtenir la green card pour le travail.","og_url":"https:\/\/www.esta-officiel-usa.com\/fr\/la-demande-de-green-card-pour-le-travail\/","og_site_name":"ESTA - Etats-Unis","article_modified_time":"2020-02-01T12:25:08+00:00","twitter_card":"summary_large_image","twitter_misc":{"Dur\u00e9e de lecture estim\u00e9e":"4 minutes"},"schema":{"@context":"https:\/\/schema.org","@graph":[{"@type":"WebPage","@id":"https:\/\/www.esta-officiel-usa.com\/fr\/la-demande-de-green-card-pour-le-travail\/","url":"https:\/\/www.esta-officiel-usa.com\/fr\/la-demande-de-green-card-pour-le-travail\/","name":"La demande de la green-card pour le travail","isPartOf":{"@id":"https:\/\/www.esta-officiel-usa.com\/fr\/#website"},"datePublished":"2020-01-20T10:45:01+00:00","dateModified":"2020-02-01T12:25:08+00:00","description":"L\u2019immigration est tr\u00e8s contr\u00f4l\u00e9e et il est difficile de partir travailler aux USA d\u00e9couvrez sur notre page comment obtenir la green card pour le travail.","breadcrumb":{"@id":"https:\/\/www.esta-officiel-usa.com\/fr\/la-demande-de-green-card-pour-le-travail\/#breadcrumb"},"inLanguage":"fr-FR","potentialAction":[{"@type":"ReadAction","target":["https:\/\/www.esta-officiel-usa.com\/fr\/la-demande-de-green-card-pour-le-travail\/"]}]},{"@type":"BreadcrumbList","@id":"https:\/\/www.esta-officiel-usa.com\/fr\/la-demande-de-green-card-pour-le-travail\/#breadcrumb","itemListElement":[{"@type":"ListItem","position":1,"name":"Home","item":"https:\/\/www.esta-officiel-usa.com\/fr\/"},{"@type":"ListItem","position":2,"name":"La demande de la green-card pour le travail"}]},{"@type":"WebSite","@id":"https:\/\/www.esta-officiel-usa.com\/fr\/#website","url":"https:\/\/www.esta-officiel-usa.com\/fr\/","name":"ESTA - Etats-Unis","description":"Formulaire de demande ESTA","potentialAction":[{"@type":"SearchAction","target":{"@type":"EntryPoint","urlTemplate":"https:\/\/www.esta-officiel-usa.com\/fr\/?s={search_term_string}"},"query-input":{"@type":"PropertyValueSpecification","valueRequired":true,"valueName":"search_term_string"}}],"inLanguage":"fr-FR"}]}},"_links":{"self":[{"href":"https:\/\/www.esta-officiel-usa.com\/fr\/wp-json\/wp\/v2\/pages\/119","targetHints":{"allow":["GET"]}}],"collection":[{"href":"https:\/\/www.esta-officiel-usa.com\/fr\/wp-json\/wp\/v2\/pages"}],"about":[{"href":"https:\/\/www.esta-officiel-usa.com\/fr\/wp-json\/wp\/v2\/types\/page"}],"author":[{"embeddable":true,"href":"https:\/\/www.esta-officiel-usa.com\/fr\/wp-json\/wp\/v2\/users\/1"}],"replies":[{"embeddable":true,"href":"https:\/\/www.esta-officiel-usa.com\/fr\/wp-json\/wp\/v2\/comments?post=119"}],"version-history":[{"count":2,"href":"https:\/\/www.esta-officiel-usa.com\/fr\/wp-json\/wp\/v2\/pages\/119\/revisions"}],"predecessor-version":[{"id":461,"href":"https:\/\/www.esta-officiel-usa.com\/fr\/wp-json\/wp\/v2\/pages\/119\/revisions\/461"}],"wp:attachment":[{"href":"https:\/\/www.esta-officiel-usa.com\/fr\/wp-json\/wp\/v2\/media?parent=119"}],"curies":[{"name":"wp","href":"https:\/\/api.w.org\/{rel}","templated":true}]}}