{"id":12,"date":"2020-01-16T07:40:59","date_gmt":"2020-01-16T07:40:59","guid":{"rendered":"http:\/\/esta-officiel-usa.com\/?page_id=12"},"modified":"2024-04-12T08:37:05","modified_gmt":"2024-04-12T08:37:05","slug":"le-prix-dun-esta","status":"publish","type":"page","link":"https:\/\/www.esta-officiel-usa.com\/fr\/le-prix-dun-esta\/","title":{"rendered":"ESTA : Quel est son prix"},"content":{"rendered":"\n<h1 class=\"wp-block-heading\">QUEL EST LE PRIX DE L\u2019ESTA ?<\/h1>\n\n\n\n<p>Cr\u00e9e en 2009 par le gouvernement am\u00e9ricain, l\u2019<a href=\"https:\/\/www.esta-officiel-usa.com\/fr\/qu-est-ce-que-l-esta\/\">ESTA<\/a>\u00a0pour Electronic System for Travel Authorization, est une autorisation particuli\u00e8re. Elle permet aux ressortissants des pays participant au programme d&rsquo;exemption de visa d\u2019entrer aux USA sans obtenir de visa au pr\u00e9alable. Mais \u00e0 quel prix ?<\/p>\n\n\n\n<h2 class=\"wp-block-heading\">ESTA : QUEL PRIX ?<\/h2>\n\n\n\n<p>On pourrait de prime abord penser que le prix d\u2019un ESTA serait de 0 \u20ac puisque la d\u00e9marche pour l\u2019<a href=\"https:\/\/www.esta-officiel-usa.com\/fr\/esta-usa-comment-obtenir-ce-document\/\">obtenir<\/a>&nbsp;est enti\u00e8rement en ligne. La d\u00e9mat\u00e9rialisation de la&nbsp;<a href=\"https:\/\/www.esta-officiel-usa.com\/fr\/la-procedure-esta-pour-etats-unis\/\">proc\u00e9dure<\/a>&nbsp;peut faire croire que tout est automatis\u00e9 mais ce n\u2019est pas le cas. En effet, il existe toute une administration en charge de l&rsquo;acceptation (ou non) de l\u2019autorisation, entra\u00eenant donc des co\u00fbts de fonctionnement aussi bien pour les salaires des agents que le maintien des infrastructures de travail.<\/p>\n\n\n\n<p>Le prix d\u2019un ESTA s\u2019\u00e9l\u00e8ve \u00e0\u00a0<a href=\"https:\/\/www.esta-officiel-usa.com\/fr\/lesta-pour-14\/\">21 $<\/a>, payable uniquement\u00a0<a href=\"https:\/\/www.esta-officiel-usa.com\/fr\/remplir-le-formulaire-esta-en-ligne\/\">en ligne<\/a>\u00a0par carte bancaire ou\u00a0Paypal. Cette somme est ensuite divis\u00e9e comme ceci :<\/p>\n\n\n\n<ul class=\"wp-block-list\">\n<li>4 $ sont destin\u00e9s \u00e0 financer l\u2019administration responsable de\u00a0v\u00e9rifier le\u00a0<a href=\"https:\/\/www.esta-officiel-usa.com\/fr\/formulaire-esta-a-qui-est-il-destine\/\">formulaire<\/a>\u00a0;<\/li>\n\n\n\n<li>17 $ sont destin\u00e9s \u00e0 financer les diff\u00e9rents organes li\u00e9s ou en partenariat avec le gouvernement am\u00e9ricain pour promouvoir \u00e0 l\u2019international le tourisme aux USA.\u00a0<\/li>\n<\/ul>\n\n\n\n<p><\/p>\n","protected":false},"excerpt":{"rendered":"<p>QUEL EST LE PRIX DE L\u2019ESTA ? Cr\u00e9e en 2009 par le gouvernement am\u00e9ricain, l\u2019ESTA\u00a0pour Electronic System for Travel Authorization, est une autorisation particuli\u00e8re. Elle permet aux ressortissants des pays participant au programme d&rsquo;exemption de visa d\u2019entrer aux USA sans obtenir de visa au pr\u00e9alable. Mais \u00e0 quel prix ? ESTA : QUEL PRIX ? [&hellip;]<\/p>\n","protected":false},"author":1,"featured_media":0,"parent":0,"menu_order":0,"comment_status":"closed","ping_status":"closed","template":"","meta":{"footnotes":""},"class_list":["post-12","page","type-page","status-publish","hentry"],"yoast_head":"<!-- This site is optimized with the Yoast SEO plugin v26.2 - https:\/\/yoast.com\/wordpress\/plugins\/seo\/ -->\n<title>ESTA : Quel est son prix<\/title>\n<meta name=\"description\" content=\"Le prix d\u2019un ESTA s\u2019\u00e9l\u00e8ve \u00e0 21 $, payable uniquement en ligne par carte bancaire ou Paypal. D\u00e9couvrez comment se d\u00e9compose son prix.\" \/>\n<meta name=\"robots\" content=\"index, follow, max-snippet:-1, max-image-preview:large, max-video-preview:-1\" \/>\n<link rel=\"canonical\" href=\"https:\/\/www.esta-officiel-usa.com\/fr\/le-prix-dun-esta\/\" \/>\n<meta property=\"og:locale\" content=\"fr_FR\" \/>\n<meta property=\"og:type\" content=\"article\" \/>\n<meta property=\"og:title\" content=\"ESTA : Quel est son prix\" \/>\n<meta property=\"og:description\" content=\"Le prix d\u2019un ESTA s\u2019\u00e9l\u00e8ve \u00e0 21 $, payable uniquement en ligne par carte bancaire ou Paypal. D\u00e9couvrez comment se d\u00e9compose son prix.\" \/>\n<meta property=\"og:url\" content=\"https:\/\/www.esta-officiel-usa.com\/fr\/le-prix-dun-esta\/\" \/>\n<meta property=\"og:site_name\" content=\"ESTA - Etats-Unis\" \/>\n<meta property=\"article:modified_time\" content=\"2024-04-12T08:37:05+00:00\" \/>\n<meta name=\"twitter:card\" content=\"summary_large_image\" \/>\n<meta name=\"twitter:label1\" content=\"Dur\u00e9e de lecture estim\u00e9e\" \/>\n\t<meta name=\"twitter:data1\" content=\"1 minute\" \/>\n<script type=\"application\/ld+json\" class=\"yoast-schema-graph\">{\"@context\":\"https:\/\/schema.org\",\"@graph\":[{\"@type\":\"WebPage\",\"@id\":\"https:\/\/www.esta-officiel-usa.com\/fr\/le-prix-dun-esta\/\",\"url\":\"https:\/\/www.esta-officiel-usa.com\/fr\/le-prix-dun-esta\/\",\"name\":\"ESTA : Quel est son prix\",\"isPartOf\":{\"@id\":\"https:\/\/www.esta-officiel-usa.com\/fr\/#website\"},\"datePublished\":\"2020-01-16T07:40:59+00:00\",\"dateModified\":\"2024-04-12T08:37:05+00:00\",\"description\":\"Le prix d\u2019un ESTA s\u2019\u00e9l\u00e8ve \u00e0 21 $, payable uniquement en ligne par carte bancaire ou Paypal. D\u00e9couvrez comment se d\u00e9compose son prix.\",\"breadcrumb\":{\"@id\":\"https:\/\/www.esta-officiel-usa.com\/fr\/le-prix-dun-esta\/#breadcrumb\"},\"inLanguage\":\"fr-FR\",\"potentialAction\":[{\"@type\":\"ReadAction\",\"target\":[\"https:\/\/www.esta-officiel-usa.com\/fr\/le-prix-dun-esta\/\"]}]},{\"@type\":\"BreadcrumbList\",\"@id\":\"https:\/\/www.esta-officiel-usa.com\/fr\/le-prix-dun-esta\/#breadcrumb\",\"itemListElement\":[{\"@type\":\"ListItem\",\"position\":1,\"name\":\"Home\",\"item\":\"https:\/\/www.esta-officiel-usa.com\/fr\/\"},{\"@type\":\"ListItem\",\"position\":2,\"name\":\"ESTA : Quel est son prix\"}]},{\"@type\":\"WebSite\",\"@id\":\"https:\/\/www.esta-officiel-usa.com\/fr\/#website\",\"url\":\"https:\/\/www.esta-officiel-usa.com\/fr\/\",\"name\":\"ESTA - Etats-Unis\",\"description\":\"Formulaire de demande ESTA\",\"potentialAction\":[{\"@type\":\"SearchAction\",\"target\":{\"@type\":\"EntryPoint\",\"urlTemplate\":\"https:\/\/www.esta-officiel-usa.com\/fr\/?s={search_term_string}\"},\"query-input\":{\"@type\":\"PropertyValueSpecification\",\"valueRequired\":true,\"valueName\":\"search_term_string\"}}],\"inLanguage\":\"fr-FR\"}]}<\/script>\n<!-- \/ Yoast SEO plugin. -->","yoast_head_json":{"title":"ESTA : Quel est son prix","description":"Le prix d\u2019un ESTA s\u2019\u00e9l\u00e8ve \u00e0 21 $, payable uniquement en ligne par carte bancaire ou Paypal. D\u00e9couvrez comment se d\u00e9compose son prix.","robots":{"index":"index","follow":"follow","max-snippet":"max-snippet:-1","max-image-preview":"max-image-preview:large","max-video-preview":"max-video-preview:-1"},"canonical":"https:\/\/www.esta-officiel-usa.com\/fr\/le-prix-dun-esta\/","og_locale":"fr_FR","og_type":"article","og_title":"ESTA : Quel est son prix","og_description":"Le prix d\u2019un ESTA s\u2019\u00e9l\u00e8ve \u00e0 21 $, payable uniquement en ligne par carte bancaire ou Paypal. D\u00e9couvrez comment se d\u00e9compose son prix.","og_url":"https:\/\/www.esta-officiel-usa.com\/fr\/le-prix-dun-esta\/","og_site_name":"ESTA - Etats-Unis","article_modified_time":"2024-04-12T08:37:05+00:00","twitter_card":"summary_large_image","twitter_misc":{"Dur\u00e9e de lecture estim\u00e9e":"1 minute"},"schema":{"@context":"https:\/\/schema.org","@graph":[{"@type":"WebPage","@id":"https:\/\/www.esta-officiel-usa.com\/fr\/le-prix-dun-esta\/","url":"https:\/\/www.esta-officiel-usa.com\/fr\/le-prix-dun-esta\/","name":"ESTA : Quel est son prix","isPartOf":{"@id":"https:\/\/www.esta-officiel-usa.com\/fr\/#website"},"datePublished":"2020-01-16T07:40:59+00:00","dateModified":"2024-04-12T08:37:05+00:00","description":"Le prix d\u2019un ESTA s\u2019\u00e9l\u00e8ve \u00e0 21 $, payable uniquement en ligne par carte bancaire ou Paypal. D\u00e9couvrez comment se d\u00e9compose son prix.","breadcrumb":{"@id":"https:\/\/www.esta-officiel-usa.com\/fr\/le-prix-dun-esta\/#breadcrumb"},"inLanguage":"fr-FR","potentialAction":[{"@type":"ReadAction","target":["https:\/\/www.esta-officiel-usa.com\/fr\/le-prix-dun-esta\/"]}]},{"@type":"BreadcrumbList","@id":"https:\/\/www.esta-officiel-usa.com\/fr\/le-prix-dun-esta\/#breadcrumb","itemListElement":[{"@type":"ListItem","position":1,"name":"Home","item":"https:\/\/www.esta-officiel-usa.com\/fr\/"},{"@type":"ListItem","position":2,"name":"ESTA : Quel est son prix"}]},{"@type":"WebSite","@id":"https:\/\/www.esta-officiel-usa.com\/fr\/#website","url":"https:\/\/www.esta-officiel-usa.com\/fr\/","name":"ESTA - Etats-Unis","description":"Formulaire de demande ESTA","potentialAction":[{"@type":"SearchAction","target":{"@type":"EntryPoint","urlTemplate":"https:\/\/www.esta-officiel-usa.com\/fr\/?s={search_term_string}"},"query-input":{"@type":"PropertyValueSpecification","valueRequired":true,"valueName":"search_term_string"}}],"inLanguage":"fr-FR"}]}},"_links":{"self":[{"href":"https:\/\/www.esta-officiel-usa.com\/fr\/wp-json\/wp\/v2\/pages\/12","targetHints":{"allow":["GET"]}}],"collection":[{"href":"https:\/\/www.esta-officiel-usa.com\/fr\/wp-json\/wp\/v2\/pages"}],"about":[{"href":"https:\/\/www.esta-officiel-usa.com\/fr\/wp-json\/wp\/v2\/types\/page"}],"author":[{"embeddable":true,"href":"https:\/\/www.esta-officiel-usa.com\/fr\/wp-json\/wp\/v2\/users\/1"}],"replies":[{"embeddable":true,"href":"https:\/\/www.esta-officiel-usa.com\/fr\/wp-json\/wp\/v2\/comments?post=12"}],"version-history":[{"count":3,"href":"https:\/\/www.esta-officiel-usa.com\/fr\/wp-json\/wp\/v2\/pages\/12\/revisions"}],"predecessor-version":[{"id":809,"href":"https:\/\/www.esta-officiel-usa.com\/fr\/wp-json\/wp\/v2\/pages\/12\/revisions\/809"}],"wp:attachment":[{"href":"https:\/\/www.esta-officiel-usa.com\/fr\/wp-json\/wp\/v2\/media?parent=12"}],"curies":[{"name":"wp","href":"https:\/\/api.w.org\/{rel}","templated":true}]}}