{"id":121,"date":"2020-01-20T10:47:58","date_gmt":"2020-01-20T10:47:58","guid":{"rendered":"http:\/\/esta-officiel-usa.com\/?page_id=121"},"modified":"2020-02-13T19:35:01","modified_gmt":"2020-02-13T19:35:01","slug":"partir-en-voyage-aux-etats-unis","status":"publish","type":"page","link":"https:\/\/www.esta-officiel-usa.com\/fr\/partir-en-voyage-aux-etats-unis\/","title":{"rendered":"Partir en voyage aux Etats-Unis"},"content":{"rendered":"\n<h1 class=\"wp-block-heading\">NOS CONSEILS POUR PARTIR EN VOYAGE AUX \u00c9TATS-UNIS<\/h1>\n\n\n\n<p>Le r\u00eave am\u00e9ricain se d\u00e9cline sous bien des aspects : vacances aux \u00c9tats-Unis, s\u00e9jour linguistique, y travailler, y immigrer\u2026<\/p>\n\n\n\n<p>Il est possible de d\u00e9crire les \u00c9tats-Unis en un mot : d\u00e9mesure. Avec une population d&rsquo;environ 321 millions d&rsquo;habitants venant de divers horizons, il n&rsquo;est pas \u00e9tonnant que les gens soient attir\u00e9s par les \u00c9tats-Unis. Avec son histoire riche, ses villes anim\u00e9es et ses paysages grandioses, c&rsquo;est un endroit fascinant \u00e0 visiter. L&rsquo;Am\u00e9rique compte au total 50 \u00c9tats, chacun \u00e9tant unique \u00e0 l&rsquo;autre, ce qui en fait l&rsquo;un des pays les plus diversifi\u00e9s au monde. Pour bien profiter des divers lieux \u00e0 visiter, il vaut mieux pr\u00e9voir au moins deux semaines de vacances. Avec l\u2019<a href=\"https:\/\/www.esta-officiel-usa.com\/fr\/\">ESTA<\/a>, vous pouvez partir en voyage aux \u00c9tats-Unis pendant 90 jours. Voici nos conseils.<br>&nbsp;<\/p>\n\n\n\n<h2 class=\"wp-block-heading\">PARTIR EN VOYAGE AUX \u00c9TATS-UNIS : QUELLES ACTIVIT\u00c9S ?<\/h2>\n\n\n\n<p>Les USA s\u2019offrent \u00e0 vous et les activit\u00e9s y sont nombreuses. Il y a en a pour tous les go\u00fbts. Afin de r\u00eaver des beaut\u00e9s naturelles, longues plages de sable fin, des villes de vos s\u00e9ries ou films pr\u00e9f\u00e9r\u00e9s, renseignez-vous sur les&nbsp;<a href=\"https:\/\/www.esta-officiel-usa.com\/fr\/les-formalites-dentree-aux-etats-unis\/\">formalit\u00e9s d\u2019entr\u00e9e aux \u00c9tats-Unis<\/a>.<\/p>\n\n\n\n<h3 class=\"wp-block-heading\">EXPLORER LES BEAUT\u00c9S NATURELLES<\/h3>\n\n\n\n<p>Les \u00c9tats-Unis poss\u00e8dent un grand nombre de parcs nationaux embl\u00e9matiques tel le parc de Yellowstone si vous cherchez \u00e0 profiter de la nature et explorer de beaux paysage, le Muir Woods pour ses s\u00e9quoias g\u00e9ants, le Mesa Verde et son patrimoine historique riche, etc. Dirigez-vous vers le Grand Canyon et son skywalk, la vall\u00e9e de la mort dans le d\u00e9sert de Mojaves ou allez vers l&rsquo;ouest et visitez les glaciers de Yosemite.<\/p>\n\n\n\n<p>N\u2019oubliez pas les paysages renversants que nous offre l\u2019Alaska !<\/p>\n\n\n\n<h3 class=\"wp-block-heading\">PROFITER DE LA PLAGE<\/h3>\n\n\n\n<p>Les \u00c9tats-Unis sont b\u00e9nis avec une multitude de plages magnifiques. La Californie (Santa Monica ou Malibu), la Floride (Miami Beach) et&nbsp;<a href=\"https:\/\/www.esta-officiel-usa.com\/fr\/decouvrir-hawai-avec-lesta\/\">Hawa\u00ef&nbsp;<\/a>sont les meilleurs endroits r\u00e9put\u00e9s pour le surf, et le climat chaud toute l&rsquo;ann\u00e9e attire les touristes. Mais n&rsquo;oubliez pas la c\u00f4te est des \u00c9tats-Unis, qui abrite de belles plages moins connues certes, mais qui sont particuli\u00e8rement belles en \u00e9t\u00e9.<\/p>\n\n\n\n<h3 class=\"wp-block-heading\">PARTIR EN ROADTRIP<\/h3>\n\n\n\n<p>L&rsquo;une des meilleures fa\u00e7ons de voir une bonne partie des \u00c9tats-Unis est de prendre la route avec vos meilleurs amis ou votre famille. Un voyage sur la route est comme votre propre bus hop on \/ hop off, sauf que vous choisissez votre itin\u00e9raire ainsi que votre rythme. On conseille la route 66 ou le panorama typique de Pacific Highway 1 en Californie !<\/p>\n\n\n\n<h3 class=\"wp-block-heading\">VISITER LES GRANDES VILLES AM\u00c9RICAINES<\/h3>\n\n\n\n<p>La c\u00f4te Est&nbsp;avec<\/p>\n\n\n\n<ul class=\"wp-block-list\"><li>New York, la grosse pomme, la ville qui ne dort jamais avec la statue de la Libert\u00e9 et ses quartiers uniques: Brooklyn, Manhattan, Central Park, SoHo, Harlem, etc. et sa proximit\u00e9 des chutes du Niagara et pourquoi pas un voyage au Canada ?<\/li><li>Boston, le berceau historique et culturel<\/li><li>Philadelphie, ou Philly, o\u00f9 a \u00e9t\u00e9 sign\u00e9e la D\u00e9claration d\u2019Ind\u00e9pendance<\/li><li>Atlanta pour vous recueillir sur la tombe de Martin Luther King<\/li><li>La Nouvelle Orl\u00e9ans, bourbon street, les bayous, les anciennes plantations de canne \u00e0 sucre<\/li><li>Miami, les keys, les plages et les Everglades<\/li><\/ul>\n\n\n\n<p>La c\u00f4te Ouest n\u2019est pas en reste :<\/p>\n\n\n\n<ul class=\"wp-block-list\"><li>Seattle et sa space needle<\/li><li>Portland o\u00f9 il fait bon fl\u00e2ner pour un tourisme responsable<\/li><li>San Francisco que l\u2019on ne pr\u00e9sente plus avec son Golden Gate Bridge, sa Coit Tower, Twin Peaks ou encore Alcatraz<\/li><li>Los Angeles, porte d\u2019acc\u00e8s aux collines d\u2019Hollywood, Venice Beach, Rodeo Drive, etc<\/li><li>San Diego, ville cosmopolite et magnifique baie<\/li><\/ul>\n\n\n\n<h3 class=\"wp-block-heading\">UNE JOURN\u00c9E DANS UN PARC \u00c0 TH\u00c8ME<\/h3>\n\n\n\n<p>L&rsquo;Am\u00e9rique poss\u00e8de plus de 500 parcs \u00e0 th\u00e8me r\u00e9partis \u00e0 travers le pays ! Si vous voyagez avec des enfants, la visite d&rsquo;un parc \u00e0 th\u00e8me peut \u00eatre une exp\u00e9rience amusante et excitante pour toute la famille. D\u00e9couvrez Disneyland Orlando, en Floride, la capitale du parc \u00e0 th\u00e8me du monde ou encore Universal Studio Hollywood !<\/p>\n\n\n\n<h3 class=\"wp-block-heading\">REGARDER UN MATCH DE BASEBALL<\/h3>\n\n\n\n<p>Le d\u00e9but du mois d&rsquo;avril signifie le d\u00e9but de la saison de baseball. Si vous en avez l&rsquo;occasion, achetez des billets, buvez de la bi\u00e8re et prenez un hot-dog (ou une des nombreuses sp\u00e9cialit\u00e9s de la&nbsp;<a href=\"https:\/\/www.esta-officiel-usa.com\/fr\/apercu-de-la-cuisine-americaine\/\">cuisine made in USA<\/a>). Il n\u2019y a pas d\u2019activit\u00e9 plus am\u00e9ricaine que \u00e7a ! Les Yankees ou Red Sox, faites votre choix !<br>&nbsp;<\/p>\n\n\n\n<h2 class=\"wp-block-heading\">COMMENT PARTIR EN VOYAGE AUX USA ?<\/h2>\n\n\n\n<p>Les USA est une destination facilement accessible : circuits touristiques par le biais d\u2019agences de voyage, voyage en moto (Harley Davidson ?) et de vous m\u00eame bien entendu.<\/p>\n\n\n\n<p>Tout s\u00e9jour aux Etats Unis est soumis \u00e0 l\u2019approbation d\u2019une autorisation d\u2019entr\u00e9e qu\u2019il s&rsquo;agisse d\u2019un ESTA ou d\u2019un visa et ce que vous soyez <a href=\"https:\/\/www.esta-officiel-usa.com\/fr\/demander-une-autorisation-esta-pour-mineur\/\">mineur<\/a>\u00a0ou accompagn\u00e9 d\u2019un mineur.<\/p>\n\n\n\n<p>Le&nbsp;<a href=\"https:\/\/www.esta-officiel-usa.com\/fr\/les-38-pays-partenaires-du-visa-waiver-program\/\">Visa Waiver Program<\/a>&nbsp;est un programme gouvernemental am\u00e9ricain qui permet aux citoyens et aux ressortissants de 38 pays de faire un voyage aux USA \u00e0 des fins professionnelles ou touristiques, pour une dur\u00e9e maximale de 90 jours sans visa. L&rsquo;avantage d&rsquo;entrer aux USA dans le cadre du programme VWP est que vous pouvez partir en voyage aux \u00c9tats-Unis plusieurs fois pendant une p\u00e9riode de deux ans. Cependant, tout le monde ne peut pas entrer aux \u00c9tats-Unis dans le cadre de ce programme d&rsquo;exemption de visa.<\/p>\n\n\n\n<p>Les citoyens de tous les autres pays doivent demander un visa \u00e0 une ambassade am\u00e9ricaine avant d&rsquo;entrer aux \u00c9tats-Unis.<\/p>\n","protected":false},"excerpt":{"rendered":"<p>NOS CONSEILS POUR PARTIR EN VOYAGE AUX \u00c9TATS-UNIS Le r\u00eave am\u00e9ricain se d\u00e9cline sous bien des aspects : vacances aux \u00c9tats-Unis, s\u00e9jour linguistique, y travailler, y immigrer\u2026 Il est possible de d\u00e9crire les \u00c9tats-Unis en un mot : d\u00e9mesure. Avec une population d&rsquo;environ 321 millions d&rsquo;habitants venant de divers horizons, il n&rsquo;est pas \u00e9tonnant que [&hellip;]<\/p>\n","protected":false},"author":1,"featured_media":0,"parent":0,"menu_order":0,"comment_status":"closed","ping_status":"closed","template":"","meta":{"footnotes":""},"class_list":["post-121","page","type-page","status-publish","hentry"],"yoast_head":"<!-- This site is optimized with the Yoast SEO plugin v26.2 - https:\/\/yoast.com\/wordpress\/plugins\/seo\/ -->\n<title>Partir en voyage aux Etats-Unis<\/title>\n<meta name=\"description\" content=\"Vous voyagez prochainement aux Etats-Unis, nos \u00e9quipes vous informent sur toutes les activit\u00e9s \u00e0 faire et les lieux \u00e0 visiter.\" \/>\n<meta name=\"robots\" content=\"index, follow, max-snippet:-1, max-image-preview:large, max-video-preview:-1\" \/>\n<link rel=\"canonical\" href=\"https:\/\/www.esta-officiel-usa.com\/fr\/partir-en-voyage-aux-etats-unis\/\" \/>\n<meta property=\"og:locale\" content=\"fr_FR\" \/>\n<meta property=\"og:type\" content=\"article\" \/>\n<meta property=\"og:title\" content=\"Partir en voyage aux Etats-Unis\" \/>\n<meta property=\"og:description\" content=\"Vous voyagez prochainement aux Etats-Unis, nos \u00e9quipes vous informent sur toutes les activit\u00e9s \u00e0 faire et les lieux \u00e0 visiter.\" \/>\n<meta property=\"og:url\" content=\"https:\/\/www.esta-officiel-usa.com\/fr\/partir-en-voyage-aux-etats-unis\/\" \/>\n<meta property=\"og:site_name\" content=\"ESTA - Etats-Unis\" \/>\n<meta property=\"article:modified_time\" content=\"2020-02-13T19:35:01+00:00\" \/>\n<meta name=\"twitter:card\" content=\"summary_large_image\" \/>\n<meta name=\"twitter:label1\" content=\"Dur\u00e9e de lecture estim\u00e9e\" \/>\n\t<meta name=\"twitter:data1\" content=\"5 minutes\" \/>\n<script type=\"application\/ld+json\" class=\"yoast-schema-graph\">{\"@context\":\"https:\/\/schema.org\",\"@graph\":[{\"@type\":\"WebPage\",\"@id\":\"https:\/\/www.esta-officiel-usa.com\/fr\/partir-en-voyage-aux-etats-unis\/\",\"url\":\"https:\/\/www.esta-officiel-usa.com\/fr\/partir-en-voyage-aux-etats-unis\/\",\"name\":\"Partir en voyage aux Etats-Unis\",\"isPartOf\":{\"@id\":\"https:\/\/www.esta-officiel-usa.com\/fr\/#website\"},\"datePublished\":\"2020-01-20T10:47:58+00:00\",\"dateModified\":\"2020-02-13T19:35:01+00:00\",\"description\":\"Vous voyagez prochainement aux Etats-Unis, nos \u00e9quipes vous informent sur toutes les activit\u00e9s \u00e0 faire et les lieux \u00e0 visiter.\",\"breadcrumb\":{\"@id\":\"https:\/\/www.esta-officiel-usa.com\/fr\/partir-en-voyage-aux-etats-unis\/#breadcrumb\"},\"inLanguage\":\"fr-FR\",\"potentialAction\":[{\"@type\":\"ReadAction\",\"target\":[\"https:\/\/www.esta-officiel-usa.com\/fr\/partir-en-voyage-aux-etats-unis\/\"]}]},{\"@type\":\"BreadcrumbList\",\"@id\":\"https:\/\/www.esta-officiel-usa.com\/fr\/partir-en-voyage-aux-etats-unis\/#breadcrumb\",\"itemListElement\":[{\"@type\":\"ListItem\",\"position\":1,\"name\":\"Home\",\"item\":\"https:\/\/www.esta-officiel-usa.com\/fr\/\"},{\"@type\":\"ListItem\",\"position\":2,\"name\":\"Partir en voyage aux Etats-Unis\"}]},{\"@type\":\"WebSite\",\"@id\":\"https:\/\/www.esta-officiel-usa.com\/fr\/#website\",\"url\":\"https:\/\/www.esta-officiel-usa.com\/fr\/\",\"name\":\"ESTA - Etats-Unis\",\"description\":\"Formulaire de demande ESTA\",\"potentialAction\":[{\"@type\":\"SearchAction\",\"target\":{\"@type\":\"EntryPoint\",\"urlTemplate\":\"https:\/\/www.esta-officiel-usa.com\/fr\/?s={search_term_string}\"},\"query-input\":{\"@type\":\"PropertyValueSpecification\",\"valueRequired\":true,\"valueName\":\"search_term_string\"}}],\"inLanguage\":\"fr-FR\"}]}<\/script>\n<!-- \/ Yoast SEO plugin. -->","yoast_head_json":{"title":"Partir en voyage aux Etats-Unis","description":"Vous voyagez prochainement aux Etats-Unis, nos \u00e9quipes vous informent sur toutes les activit\u00e9s \u00e0 faire et les lieux \u00e0 visiter.","robots":{"index":"index","follow":"follow","max-snippet":"max-snippet:-1","max-image-preview":"max-image-preview:large","max-video-preview":"max-video-preview:-1"},"canonical":"https:\/\/www.esta-officiel-usa.com\/fr\/partir-en-voyage-aux-etats-unis\/","og_locale":"fr_FR","og_type":"article","og_title":"Partir en voyage aux Etats-Unis","og_description":"Vous voyagez prochainement aux Etats-Unis, nos \u00e9quipes vous informent sur toutes les activit\u00e9s \u00e0 faire et les lieux \u00e0 visiter.","og_url":"https:\/\/www.esta-officiel-usa.com\/fr\/partir-en-voyage-aux-etats-unis\/","og_site_name":"ESTA - Etats-Unis","article_modified_time":"2020-02-13T19:35:01+00:00","twitter_card":"summary_large_image","twitter_misc":{"Dur\u00e9e de lecture estim\u00e9e":"5 minutes"},"schema":{"@context":"https:\/\/schema.org","@graph":[{"@type":"WebPage","@id":"https:\/\/www.esta-officiel-usa.com\/fr\/partir-en-voyage-aux-etats-unis\/","url":"https:\/\/www.esta-officiel-usa.com\/fr\/partir-en-voyage-aux-etats-unis\/","name":"Partir en voyage aux Etats-Unis","isPartOf":{"@id":"https:\/\/www.esta-officiel-usa.com\/fr\/#website"},"datePublished":"2020-01-20T10:47:58+00:00","dateModified":"2020-02-13T19:35:01+00:00","description":"Vous voyagez prochainement aux Etats-Unis, nos \u00e9quipes vous informent sur toutes les activit\u00e9s \u00e0 faire et les lieux \u00e0 visiter.","breadcrumb":{"@id":"https:\/\/www.esta-officiel-usa.com\/fr\/partir-en-voyage-aux-etats-unis\/#breadcrumb"},"inLanguage":"fr-FR","potentialAction":[{"@type":"ReadAction","target":["https:\/\/www.esta-officiel-usa.com\/fr\/partir-en-voyage-aux-etats-unis\/"]}]},{"@type":"BreadcrumbList","@id":"https:\/\/www.esta-officiel-usa.com\/fr\/partir-en-voyage-aux-etats-unis\/#breadcrumb","itemListElement":[{"@type":"ListItem","position":1,"name":"Home","item":"https:\/\/www.esta-officiel-usa.com\/fr\/"},{"@type":"ListItem","position":2,"name":"Partir en voyage aux Etats-Unis"}]},{"@type":"WebSite","@id":"https:\/\/www.esta-officiel-usa.com\/fr\/#website","url":"https:\/\/www.esta-officiel-usa.com\/fr\/","name":"ESTA - Etats-Unis","description":"Formulaire de demande ESTA","potentialAction":[{"@type":"SearchAction","target":{"@type":"EntryPoint","urlTemplate":"https:\/\/www.esta-officiel-usa.com\/fr\/?s={search_term_string}"},"query-input":{"@type":"PropertyValueSpecification","valueRequired":true,"valueName":"search_term_string"}}],"inLanguage":"fr-FR"}]}},"_links":{"self":[{"href":"https:\/\/www.esta-officiel-usa.com\/fr\/wp-json\/wp\/v2\/pages\/121","targetHints":{"allow":["GET"]}}],"collection":[{"href":"https:\/\/www.esta-officiel-usa.com\/fr\/wp-json\/wp\/v2\/pages"}],"about":[{"href":"https:\/\/www.esta-officiel-usa.com\/fr\/wp-json\/wp\/v2\/types\/page"}],"author":[{"embeddable":true,"href":"https:\/\/www.esta-officiel-usa.com\/fr\/wp-json\/wp\/v2\/users\/1"}],"replies":[{"embeddable":true,"href":"https:\/\/www.esta-officiel-usa.com\/fr\/wp-json\/wp\/v2\/comments?post=121"}],"version-history":[{"count":4,"href":"https:\/\/www.esta-officiel-usa.com\/fr\/wp-json\/wp\/v2\/pages\/121\/revisions"}],"predecessor-version":[{"id":553,"href":"https:\/\/www.esta-officiel-usa.com\/fr\/wp-json\/wp\/v2\/pages\/121\/revisions\/553"}],"wp:attachment":[{"href":"https:\/\/www.esta-officiel-usa.com\/fr\/wp-json\/wp\/v2\/media?parent=121"}],"curies":[{"name":"wp","href":"https:\/\/api.w.org\/{rel}","templated":true}]}}