{"id":123,"date":"2020-01-20T10:51:23","date_gmt":"2020-01-20T10:51:23","guid":{"rendered":"http:\/\/esta-officiel-usa.com\/?page_id=123"},"modified":"2024-04-12T09:55:07","modified_gmt":"2024-04-12T09:55:07","slug":"lannulation-de-la-green-card-par-donald-trump","status":"publish","type":"page","link":"https:\/\/www.esta-officiel-usa.com\/fr\/lannulation-de-la-green-card-par-donald-trump\/","title":{"rendered":"L&rsquo;annulation de la green-card par Donald Trump"},"content":{"rendered":"\n<h1 class=\"wp-block-heading\">DONALD TRUMP VA T-IL ANNULER LA GREEN CARD ?<\/h1>\n\n\n\n<p>Pour s\u00e9journer aux \u00c9tats-Unis sur une longue dur\u00e9e, l\u2019<a href=\"https:\/\/www.esta-officiel-usa.com\/fr\/\">ESTA<\/a>\u00a0ne suffit pas ; pour ce faire, il faut une green card. Au cours de la 1\u00e8re \u00e9lection comme Pr\u00e9sident des Etats-Unis d\u2019Am\u00e9rique de Donald Trump, de nombreux changements ont bouscul\u00e9 le pays. M\u00eame si le d\u00e9sir de travailler aux USA ou de vivre aux Etats-Unis est toujours pr\u00e9sent chez de nombreuses personnes, le Pr\u00e9sident souhaitait contr\u00f4ler l\u2019immigration sur le territoire am\u00e9ricain. Donald Trump va t-il d\u00e9cider d\u2019annuler la green card s&rsquo;il est de nouveau \u00e9lu Pr\u00e9sident des USA ? Nous r\u00e9pondons \u00e0 toutes vos interrogations concernant la suppression ou la continuit\u00e9 de la carte verte dans cet article.<br>\u00a0<\/p>\n\n\n\n<h2 class=\"wp-block-heading\">\u00c0 QUOI SERT LA GREEN CARD ?<\/h2>\n\n\n\n<p>Avant d\u2019aborder le sujet qui f\u00e2che concernant le d\u00e9sir de Donald Trump d\u2019annuler la&nbsp;<a href=\"https:\/\/www.esta-officiel-usa.com\/fr\/quest-ce-que-la-green-card\/\">green card<\/a>, nous allons commencer par faire un point sur le document en lui-m\u00eame. \u00c0 la base, ce processus a \u00e9t\u00e9 cr\u00e9\u00e9 afin d\u2019apporter plus de diversit\u00e9 \u00e0 l\u2019immigration am\u00e9ricaine. Chaque ann\u00e9e, ce sont des milliers d\u2019\u00e9trangers qui obtiennent la green card et qui ont la chance de pouvoir vivre aux Etats-Unis. Ce document permet \u00e0 toute personne qui le re\u00e7oit de r\u00e9sider et de travailler aux USA, et ce de mani\u00e8re permanente.<\/p>\n\n\n\n<p>En temps normal, l\u2019obtention d\u2019une green card est tr\u00e8s compliqu\u00e9e et n\u00e9cessite parfois plusieurs ann\u00e9es, car il faut r\u00e9unir un grand nombre de conditions, comme avoir un travail. Tous les ans, ce document tr\u00e8s pr\u00e9cieux peut \u00eatre obtenu, entre autres,\u00a0gr\u00e2ce \u00e0 une\u00a0<a href=\"https:\/\/www.esta-officiel-usa.com\/fr\/obtenir-une-green-card-par-la-loterie\/\">loterie<\/a>\u00a0gratuite qui permet aux gagnants de venir s\u2019installer avec leur famille dans le pays o\u00f9 tout est possible. Forte de son succ\u00e8s, il n\u2019est pas si ais\u00e9 de gagner la carte verte, car ce sont des centaines de milliers de personnes qui participent chaque ann\u00e9e et seules 50 000 personnes peuvent la remporter. Gr\u00e2ce \u00e0 la loterie, le d\u00e9tenteur peut vivre le r\u00eave am\u00e9ricain. Par ailleurs, on peut\u00a0devenir r\u00e9sident permanent via la\u00a0<a href=\"https:\/\/www.esta-officiel-usa.com\/fr\/obtenir-une-green-card-par-un-mariage\/\">carte verte par le mariage<\/a>,\u00a0le travail et l&rsquo;investissement.\u00a0Ce programme est un r\u00eave pour certaines personnes, mais il est devenu un vrai cauchemar pour d\u2019autres personnes et c\u2019est le cas pour Donald Trump qui voulait annuler la green card.<br>\u00a0<\/p>\n\n\n\n<h2 class=\"wp-block-heading\">VERS UNE SUPPRESSION DE LA GREEN CARD ?<\/h2>\n\n\n\n<p>En effet, selon l&rsquo;ancien Pr\u00e9sident Donald Trump, la d\u00e9livrance de la Green Card est un danger pour le pays et sa s\u00fbret\u00e9. Et ce n\u2019est pas l\u2019attentat commis en 2002 par une personne ayant obtenu sa carte verte gr\u00e2ce \u00e0 la loterie qui fera penser le contraire au Pr\u00e9sident am\u00e9ricain. \u00c0 terme, dans son combat vers une augmentation des mesures de s\u00e9curit\u00e9, le Pr\u00e9sident souhaite annuler la green card \u00ab\u00a0hasardeuse\u00a0\u00bb de la loterie notamment,\u00a0pour la remplacer par un syst\u00e8me de s\u00e9lection plus dur\u00a0qui prendrait en compte le niveau d\u2019\u00e9ducation et d\u2019anglais. Pour l\u2019instant, aucune d\u00e9cision de ce genre n\u2019a \u00e9t\u00e9 prise et cette hypoth\u00e8se ne s\u00e9duit ni le parti r\u00e9publicain ni les d\u00e9mocrates.<\/p>\n\n\n\n<p>Nous ne pouvons pas conna\u00eetre le destin de la green card \u00e0 ce jour, m\u00eame si celui-ci semblait susciter un d\u00e9sir de suppression de la part de l&rsquo;ancien Pr\u00e9sident am\u00e9ricain. Cependant, profitez en, il est encore temps de toucher le r\u00eave am\u00e9ricain du doigt. S\u00e9journer en Arizona, en G\u00e9orgie, en Californie ou en Floride vous fait r\u00eaver ? Faites vite votre demande de carte verte !<\/p>\n","protected":false},"excerpt":{"rendered":"<p>DONALD TRUMP VA T-IL ANNULER LA GREEN CARD ? Pour s\u00e9journer aux \u00c9tats-Unis sur une longue dur\u00e9e, l\u2019ESTA\u00a0ne suffit pas ; pour ce faire, il faut une green card. Au cours de la 1\u00e8re \u00e9lection comme Pr\u00e9sident des Etats-Unis d\u2019Am\u00e9rique de Donald Trump, de nombreux changements ont bouscul\u00e9 le pays. M\u00eame si le d\u00e9sir de [&hellip;]<\/p>\n","protected":false},"author":1,"featured_media":0,"parent":0,"menu_order":0,"comment_status":"closed","ping_status":"closed","template":"","meta":{"footnotes":""},"class_list":["post-123","page","type-page","status-publish","hentry"],"yoast_head":"<!-- This site is optimized with the Yoast SEO plugin v26.2 - https:\/\/yoast.com\/wordpress\/plugins\/seo\/ -->\n<title>L&#039;annulation de la green-card par Donald Trump<\/title>\n<meta name=\"description\" content=\"L&#039;ancien pr\u00e9sident Donald Trump souhaitait davantage r\u00e9guler l&#039;immigration aux Etats-Unis et supprimer la loterie de la Green Card.\" \/>\n<meta name=\"robots\" content=\"index, follow, max-snippet:-1, max-image-preview:large, max-video-preview:-1\" \/>\n<link rel=\"canonical\" href=\"https:\/\/www.esta-officiel-usa.com\/fr\/lannulation-de-la-green-card-par-donald-trump\/\" \/>\n<meta property=\"og:locale\" content=\"fr_FR\" \/>\n<meta property=\"og:type\" content=\"article\" \/>\n<meta property=\"og:title\" content=\"L&#039;annulation de la green-card par Donald Trump\" \/>\n<meta property=\"og:description\" content=\"L&#039;ancien pr\u00e9sident Donald Trump souhaitait davantage r\u00e9guler l&#039;immigration aux Etats-Unis et supprimer la loterie de la Green Card.\" \/>\n<meta property=\"og:url\" content=\"https:\/\/www.esta-officiel-usa.com\/fr\/lannulation-de-la-green-card-par-donald-trump\/\" \/>\n<meta property=\"og:site_name\" content=\"ESTA - Etats-Unis\" \/>\n<meta property=\"article:modified_time\" content=\"2024-04-12T09:55:07+00:00\" \/>\n<meta name=\"twitter:card\" content=\"summary_large_image\" \/>\n<meta name=\"twitter:label1\" content=\"Dur\u00e9e de lecture estim\u00e9e\" \/>\n\t<meta name=\"twitter:data1\" content=\"3 minutes\" \/>\n<script type=\"application\/ld+json\" class=\"yoast-schema-graph\">{\"@context\":\"https:\/\/schema.org\",\"@graph\":[{\"@type\":\"WebPage\",\"@id\":\"https:\/\/www.esta-officiel-usa.com\/fr\/lannulation-de-la-green-card-par-donald-trump\/\",\"url\":\"https:\/\/www.esta-officiel-usa.com\/fr\/lannulation-de-la-green-card-par-donald-trump\/\",\"name\":\"L'annulation de la green-card par Donald Trump\",\"isPartOf\":{\"@id\":\"https:\/\/www.esta-officiel-usa.com\/fr\/#website\"},\"datePublished\":\"2020-01-20T10:51:23+00:00\",\"dateModified\":\"2024-04-12T09:55:07+00:00\",\"description\":\"L'ancien pr\u00e9sident Donald Trump souhaitait davantage r\u00e9guler l'immigration aux Etats-Unis et supprimer la loterie de la Green Card.\",\"breadcrumb\":{\"@id\":\"https:\/\/www.esta-officiel-usa.com\/fr\/lannulation-de-la-green-card-par-donald-trump\/#breadcrumb\"},\"inLanguage\":\"fr-FR\",\"potentialAction\":[{\"@type\":\"ReadAction\",\"target\":[\"https:\/\/www.esta-officiel-usa.com\/fr\/lannulation-de-la-green-card-par-donald-trump\/\"]}]},{\"@type\":\"BreadcrumbList\",\"@id\":\"https:\/\/www.esta-officiel-usa.com\/fr\/lannulation-de-la-green-card-par-donald-trump\/#breadcrumb\",\"itemListElement\":[{\"@type\":\"ListItem\",\"position\":1,\"name\":\"Home\",\"item\":\"https:\/\/www.esta-officiel-usa.com\/fr\/\"},{\"@type\":\"ListItem\",\"position\":2,\"name\":\"L&rsquo;annulation de la green-card par Donald Trump\"}]},{\"@type\":\"WebSite\",\"@id\":\"https:\/\/www.esta-officiel-usa.com\/fr\/#website\",\"url\":\"https:\/\/www.esta-officiel-usa.com\/fr\/\",\"name\":\"ESTA - Etats-Unis\",\"description\":\"Formulaire de demande ESTA\",\"potentialAction\":[{\"@type\":\"SearchAction\",\"target\":{\"@type\":\"EntryPoint\",\"urlTemplate\":\"https:\/\/www.esta-officiel-usa.com\/fr\/?s={search_term_string}\"},\"query-input\":{\"@type\":\"PropertyValueSpecification\",\"valueRequired\":true,\"valueName\":\"search_term_string\"}}],\"inLanguage\":\"fr-FR\"}]}<\/script>\n<!-- \/ Yoast SEO plugin. -->","yoast_head_json":{"title":"L'annulation de la green-card par Donald Trump","description":"L'ancien pr\u00e9sident Donald Trump souhaitait davantage r\u00e9guler l'immigration aux Etats-Unis et supprimer la loterie de la Green Card.","robots":{"index":"index","follow":"follow","max-snippet":"max-snippet:-1","max-image-preview":"max-image-preview:large","max-video-preview":"max-video-preview:-1"},"canonical":"https:\/\/www.esta-officiel-usa.com\/fr\/lannulation-de-la-green-card-par-donald-trump\/","og_locale":"fr_FR","og_type":"article","og_title":"L'annulation de la green-card par Donald Trump","og_description":"L'ancien pr\u00e9sident Donald Trump souhaitait davantage r\u00e9guler l'immigration aux Etats-Unis et supprimer la loterie de la Green Card.","og_url":"https:\/\/www.esta-officiel-usa.com\/fr\/lannulation-de-la-green-card-par-donald-trump\/","og_site_name":"ESTA - Etats-Unis","article_modified_time":"2024-04-12T09:55:07+00:00","twitter_card":"summary_large_image","twitter_misc":{"Dur\u00e9e de lecture estim\u00e9e":"3 minutes"},"schema":{"@context":"https:\/\/schema.org","@graph":[{"@type":"WebPage","@id":"https:\/\/www.esta-officiel-usa.com\/fr\/lannulation-de-la-green-card-par-donald-trump\/","url":"https:\/\/www.esta-officiel-usa.com\/fr\/lannulation-de-la-green-card-par-donald-trump\/","name":"L'annulation de la green-card par Donald Trump","isPartOf":{"@id":"https:\/\/www.esta-officiel-usa.com\/fr\/#website"},"datePublished":"2020-01-20T10:51:23+00:00","dateModified":"2024-04-12T09:55:07+00:00","description":"L'ancien pr\u00e9sident Donald Trump souhaitait davantage r\u00e9guler l'immigration aux Etats-Unis et supprimer la loterie de la Green Card.","breadcrumb":{"@id":"https:\/\/www.esta-officiel-usa.com\/fr\/lannulation-de-la-green-card-par-donald-trump\/#breadcrumb"},"inLanguage":"fr-FR","potentialAction":[{"@type":"ReadAction","target":["https:\/\/www.esta-officiel-usa.com\/fr\/lannulation-de-la-green-card-par-donald-trump\/"]}]},{"@type":"BreadcrumbList","@id":"https:\/\/www.esta-officiel-usa.com\/fr\/lannulation-de-la-green-card-par-donald-trump\/#breadcrumb","itemListElement":[{"@type":"ListItem","position":1,"name":"Home","item":"https:\/\/www.esta-officiel-usa.com\/fr\/"},{"@type":"ListItem","position":2,"name":"L&rsquo;annulation de la green-card par Donald Trump"}]},{"@type":"WebSite","@id":"https:\/\/www.esta-officiel-usa.com\/fr\/#website","url":"https:\/\/www.esta-officiel-usa.com\/fr\/","name":"ESTA - Etats-Unis","description":"Formulaire de demande ESTA","potentialAction":[{"@type":"SearchAction","target":{"@type":"EntryPoint","urlTemplate":"https:\/\/www.esta-officiel-usa.com\/fr\/?s={search_term_string}"},"query-input":{"@type":"PropertyValueSpecification","valueRequired":true,"valueName":"search_term_string"}}],"inLanguage":"fr-FR"}]}},"_links":{"self":[{"href":"https:\/\/www.esta-officiel-usa.com\/fr\/wp-json\/wp\/v2\/pages\/123","targetHints":{"allow":["GET"]}}],"collection":[{"href":"https:\/\/www.esta-officiel-usa.com\/fr\/wp-json\/wp\/v2\/pages"}],"about":[{"href":"https:\/\/www.esta-officiel-usa.com\/fr\/wp-json\/wp\/v2\/types\/page"}],"author":[{"embeddable":true,"href":"https:\/\/www.esta-officiel-usa.com\/fr\/wp-json\/wp\/v2\/users\/1"}],"replies":[{"embeddable":true,"href":"https:\/\/www.esta-officiel-usa.com\/fr\/wp-json\/wp\/v2\/comments?post=123"}],"version-history":[{"count":3,"href":"https:\/\/www.esta-officiel-usa.com\/fr\/wp-json\/wp\/v2\/pages\/123\/revisions"}],"predecessor-version":[{"id":823,"href":"https:\/\/www.esta-officiel-usa.com\/fr\/wp-json\/wp\/v2\/pages\/123\/revisions\/823"}],"wp:attachment":[{"href":"https:\/\/www.esta-officiel-usa.com\/fr\/wp-json\/wp\/v2\/media?parent=123"}],"curies":[{"name":"wp","href":"https:\/\/api.w.org\/{rel}","templated":true}]}}