{"id":131,"date":"2020-01-20T11:00:45","date_gmt":"2020-01-20T11:00:45","guid":{"rendered":"http:\/\/esta-officiel-usa.com\/?page_id=131"},"modified":"2024-04-12T07:33:39","modified_gmt":"2024-04-12T07:33:39","slug":"comment-etudier-dans-une-universite-americaine","status":"publish","type":"page","link":"https:\/\/www.esta-officiel-usa.com\/fr\/comment-etudier-dans-une-universite-americaine\/","title":{"rendered":"Comment \u00e9tudier dans une universit\u00e9 Am\u00e9ricaine"},"content":{"rendered":"\n<h1 class=\"wp-block-heading\">\u00c9TUDIER DANS UNE UNIVERSIT\u00c9 AM\u00c9RICAINE<\/h1>\n\n\n\n<p>\u00c0 l\u2019image des \u00e9tablissements scolaires dans les films made in USA, les universit\u00e9s am\u00e9ricaines ont de quoi faire envie. Entre enseignement de qualit\u00e9, grandeur des campus et un large panel d\u2019activit\u00e9s extrascolaires, on peut comprendre les \u00e9tudiants qui d\u00e9sirent faire une partie de leurs \u00e9tudes universitaires outre-Atlantique. Harvard, MIT, Princeton, Yale sont autant d\u2019universit\u00e9s qui font r\u00eaver de nombreux \u00e9tudiants. En plus de rendre votre CV encore plus all\u00e9chant, cela permet une immersion compl\u00e8te dans la culture am\u00e9ricaine, de d\u00e9couvrir un autre syst\u00e8me \u00e9ducatif et de parler parfaitement anglais. L\u2019id\u00e9e de partir \u00e0 l\u2019\u00e9tranger apr\u00e8s le bac pour vos \u00e9tudes sup\u00e9rieures vous tente ? Mais comment int\u00e9grer l\u2019une de ses prestigieuses universit\u00e9s sur le sol am\u00e9ricain ? Un\u00a0<a href=\"https:\/\/www.esta-officiel-usa.com\/fr\/\">ESTA<\/a>\u00a0suffit-il ou devez-vous demander un visa ? On vous r\u00e9pond dans cet article !<\/p>\n\n\n\n<h2 class=\"wp-block-heading\">COMBIEN CO\u00dbTENT LES \u00c9TUDES AUX USA ?<\/h2>\n\n\n\n<p>Les frais d\u2019inscription scolaires sont \u00e0 la hauteur de la r\u00e9putation des universit\u00e9s am\u00e9ricaines. En effet, un grand nombre d\u2019\u00e9tablissements d\u2019enseignement sont class\u00e9s parmi les meilleurs du monde.<\/p>\n\n\n\n<p>Comme en France, on retrouve des universit\u00e9s publiques et priv\u00e9es.<\/p>\n\n\n\n<p>Il faut compter entre 15 000 et 50 000 euros de frais de scolarit\u00e9 pour une ann\u00e9e universitaire.<\/p>\n\n\n\n<p>Les \u00c9tats-Unis sont ouverts aux \u00e9tudiants du monde entier afin de former des candidats qui ont du talent dans des disciplines telles que les sciences, l\u2019art ou encore le sport et leur proposer un travail par la suite.<br>&nbsp;<\/p>\n\n\n\n<h2 class=\"wp-block-heading\">COMMENT FINANCER SES \u00c9TUDES AUX USA ?<\/h2>\n\n\n\n<p>Le prix des \u00e9tudes peut en effrayer plus d\u2019un, surtout lorsqu\u2019on ne vient pas d\u2019une famille ais\u00e9e, mais il existe plusieurs solutions afin de vous aider \u00e0 financer vos \u00e9tudes aux USA.<\/p>\n\n\n\n<p>Dans un premier temps, il est possible d\u2019obtenir une bourse d\u2019\u00e9tudes, m\u00eame si cela reste difficile pour les \u00e9tudiants \u00e9trangers. La plupart du temps, les aides financi\u00e8res sont d\u00e9livr\u00e9es aux \u00e9tudiants poss\u00e9dant un talent particulier et des comp\u00e9tences extraordinaires, tant au niveau intellectuel que sportif, puisque les universit\u00e9s sont tr\u00e8s s\u00e9lectives.<\/p>\n\n\n\n<p>Dans un second temps, il est possible pour un \u00e9tudiant de cumuler les cours et un petit boulot. Ainsi, vous n\u2019aurez pas de difficult\u00e9 \u00e0 trouver un emploi sur le campus ! Vous pouvez travailler dans la restauration, la surveillance dans les biblioth\u00e8ques, etc.<\/p>\n\n\n\n<p>Pour finir, vous pouvez demander un pr\u00eat aupr\u00e8s de votre banque. C\u2019est une d\u00e9cision \u00e0 ne pas prendre \u00e0 la l\u00e9g\u00e8re, car c\u2019est un engagement important.<br>&nbsp;<\/p>\n\n\n\n<h2 class=\"wp-block-heading\">QUELLES SONT LES D\u00c9MARCHES \u00c0 EFFECTUER POUR ALLER \u00c9TUDIER AUX \u00c9TATS-UNIS ?<\/h2>\n\n\n\n<p>Apr\u00e8s avoir r\u00e9gl\u00e9 la question financi\u00e8re, il est essentiel de remplir certaines formalit\u00e9s administratives. En effet, pour vous rendre aux States et avoir l\u2019opportunit\u00e9 d\u2019<a href=\"https:\/\/www.esta-officiel-usa.com\/fr\/connaissez-vous-les-differences-entre-les-visas-j1-et-f1\/\">\u00e9tudier<\/a>&nbsp;dans l\u2019un des \u00e9tablissements de renom, il vous faut demander un visa F1.<\/p>\n\n\n\n<p>Les d\u00e9marches peuvent \u00eatre longues, c\u2019est pourquoi nous vous conseillons de vous y prendre \u00e0 l\u2019avance. Avant de faire la demande de visa, vous devez \u00eatre admis dans une universit\u00e9 d\u2019accueil sur le territoire am\u00e9ricain. Par la suite, vous devez compl\u00e9ter le formulaire l-20 qui sert \u00e0 enregistrer les \u00e9tudiants dans le SEVIS ou le Student and Exchange Visitor Information. Un deuxi\u00e8me formulaire doit \u00eatre rempli, le DS-160. Vous devez compl\u00e9ter ce formulaire avec la plus grande honn\u00eatet\u00e9 possible, car les autorit\u00e9s am\u00e9ricaines sont loin d\u2019\u00eatre souples. Vous devez vous acquitter d\u2019une certaine somme pour votre demande de visa. Un num\u00e9ro \u00e0 10 chiffres vous sera d\u00e9livr\u00e9, ne le perdez pas, vous en aurez besoin. Pour la derni\u00e8re \u00e9tape, vous aurez un rendez-vous \u00e0 l\u2019ambassade des \u00c9tats-Unis qui sera d\u00e9terminant. Une fois que votre dossier est accept\u00e9, vous pourrez \u00e9tudier aux USA et commencer votre r\u00eave am\u00e9ricain !<\/p>\n\n\n\n<p>Pour plus d\u2019informations, vous pouvez consulter nos pages&nbsp;<a href=\"https:\/\/www.esta-officiel-usa.com\/fr\/faq\/\">FAQ<\/a>,&nbsp;<a href=\"https:\/\/www.esta-officiel-usa.com\/fr\/help\/\">aide<\/a>&nbsp;et&nbsp;<a href=\"https:\/\/www.esta-officiel-usa.com\/fr\/lexicon\/\">lexique<\/a>&nbsp;!<\/p>\n","protected":false},"excerpt":{"rendered":"<p>\u00c9TUDIER DANS UNE UNIVERSIT\u00c9 AM\u00c9RICAINE \u00c0 l\u2019image des \u00e9tablissements scolaires dans les films made in USA, les universit\u00e9s am\u00e9ricaines ont de quoi faire envie. Entre enseignement de qualit\u00e9, grandeur des campus et un large panel d\u2019activit\u00e9s extrascolaires, on peut comprendre les \u00e9tudiants qui d\u00e9sirent faire une partie de leurs \u00e9tudes universitaires outre-Atlantique. Harvard, MIT, Princeton, [&hellip;]<\/p>\n","protected":false},"author":1,"featured_media":0,"parent":0,"menu_order":0,"comment_status":"closed","ping_status":"closed","template":"","meta":{"footnotes":""},"class_list":["post-131","page","type-page","status-publish","hentry"],"yoast_head":"<!-- This site is optimized with the Yoast SEO plugin v26.2 - https:\/\/yoast.com\/wordpress\/plugins\/seo\/ -->\n<title>Comment \u00e9tudier dans une universit\u00e9 Am\u00e9ricaine<\/title>\n<meta name=\"description\" content=\"Grandeur des campus, large panel d&#039;activit\u00e9, enseignement sup\u00e9rieur, les USA sont tr\u00e8s pris\u00e9s pour l&#039;enseignement.\" \/>\n<meta name=\"robots\" content=\"index, follow, max-snippet:-1, max-image-preview:large, max-video-preview:-1\" \/>\n<link rel=\"canonical\" href=\"https:\/\/www.esta-officiel-usa.com\/fr\/comment-etudier-dans-une-universite-americaine\/\" \/>\n<meta property=\"og:locale\" content=\"fr_FR\" \/>\n<meta property=\"og:type\" content=\"article\" \/>\n<meta property=\"og:title\" content=\"Comment \u00e9tudier dans une universit\u00e9 Am\u00e9ricaine\" \/>\n<meta property=\"og:description\" content=\"Grandeur des campus, large panel d&#039;activit\u00e9, enseignement sup\u00e9rieur, les USA sont tr\u00e8s pris\u00e9s pour l&#039;enseignement.\" \/>\n<meta property=\"og:url\" content=\"https:\/\/www.esta-officiel-usa.com\/fr\/comment-etudier-dans-une-universite-americaine\/\" \/>\n<meta property=\"og:site_name\" content=\"ESTA - Etats-Unis\" \/>\n<meta property=\"article:modified_time\" content=\"2024-04-12T07:33:39+00:00\" \/>\n<meta name=\"twitter:card\" content=\"summary_large_image\" \/>\n<meta name=\"twitter:label1\" content=\"Dur\u00e9e de lecture estim\u00e9e\" \/>\n\t<meta name=\"twitter:data1\" content=\"4 minutes\" \/>\n<script type=\"application\/ld+json\" class=\"yoast-schema-graph\">{\"@context\":\"https:\/\/schema.org\",\"@graph\":[{\"@type\":\"WebPage\",\"@id\":\"https:\/\/www.esta-officiel-usa.com\/fr\/comment-etudier-dans-une-universite-americaine\/\",\"url\":\"https:\/\/www.esta-officiel-usa.com\/fr\/comment-etudier-dans-une-universite-americaine\/\",\"name\":\"Comment \u00e9tudier dans une universit\u00e9 Am\u00e9ricaine\",\"isPartOf\":{\"@id\":\"https:\/\/www.esta-officiel-usa.com\/fr\/#website\"},\"datePublished\":\"2020-01-20T11:00:45+00:00\",\"dateModified\":\"2024-04-12T07:33:39+00:00\",\"description\":\"Grandeur des campus, large panel d'activit\u00e9, enseignement sup\u00e9rieur, les USA sont tr\u00e8s pris\u00e9s pour l'enseignement.\",\"breadcrumb\":{\"@id\":\"https:\/\/www.esta-officiel-usa.com\/fr\/comment-etudier-dans-une-universite-americaine\/#breadcrumb\"},\"inLanguage\":\"fr-FR\",\"potentialAction\":[{\"@type\":\"ReadAction\",\"target\":[\"https:\/\/www.esta-officiel-usa.com\/fr\/comment-etudier-dans-une-universite-americaine\/\"]}]},{\"@type\":\"BreadcrumbList\",\"@id\":\"https:\/\/www.esta-officiel-usa.com\/fr\/comment-etudier-dans-une-universite-americaine\/#breadcrumb\",\"itemListElement\":[{\"@type\":\"ListItem\",\"position\":1,\"name\":\"Home\",\"item\":\"https:\/\/www.esta-officiel-usa.com\/fr\/\"},{\"@type\":\"ListItem\",\"position\":2,\"name\":\"Comment \u00e9tudier dans une universit\u00e9 Am\u00e9ricaine\"}]},{\"@type\":\"WebSite\",\"@id\":\"https:\/\/www.esta-officiel-usa.com\/fr\/#website\",\"url\":\"https:\/\/www.esta-officiel-usa.com\/fr\/\",\"name\":\"ESTA - Etats-Unis\",\"description\":\"Formulaire de demande ESTA\",\"potentialAction\":[{\"@type\":\"SearchAction\",\"target\":{\"@type\":\"EntryPoint\",\"urlTemplate\":\"https:\/\/www.esta-officiel-usa.com\/fr\/?s={search_term_string}\"},\"query-input\":{\"@type\":\"PropertyValueSpecification\",\"valueRequired\":true,\"valueName\":\"search_term_string\"}}],\"inLanguage\":\"fr-FR\"}]}<\/script>\n<!-- \/ Yoast SEO plugin. -->","yoast_head_json":{"title":"Comment \u00e9tudier dans une universit\u00e9 Am\u00e9ricaine","description":"Grandeur des campus, large panel d'activit\u00e9, enseignement sup\u00e9rieur, les USA sont tr\u00e8s pris\u00e9s pour l'enseignement.","robots":{"index":"index","follow":"follow","max-snippet":"max-snippet:-1","max-image-preview":"max-image-preview:large","max-video-preview":"max-video-preview:-1"},"canonical":"https:\/\/www.esta-officiel-usa.com\/fr\/comment-etudier-dans-une-universite-americaine\/","og_locale":"fr_FR","og_type":"article","og_title":"Comment \u00e9tudier dans une universit\u00e9 Am\u00e9ricaine","og_description":"Grandeur des campus, large panel d'activit\u00e9, enseignement sup\u00e9rieur, les USA sont tr\u00e8s pris\u00e9s pour l'enseignement.","og_url":"https:\/\/www.esta-officiel-usa.com\/fr\/comment-etudier-dans-une-universite-americaine\/","og_site_name":"ESTA - Etats-Unis","article_modified_time":"2024-04-12T07:33:39+00:00","twitter_card":"summary_large_image","twitter_misc":{"Dur\u00e9e de lecture estim\u00e9e":"4 minutes"},"schema":{"@context":"https:\/\/schema.org","@graph":[{"@type":"WebPage","@id":"https:\/\/www.esta-officiel-usa.com\/fr\/comment-etudier-dans-une-universite-americaine\/","url":"https:\/\/www.esta-officiel-usa.com\/fr\/comment-etudier-dans-une-universite-americaine\/","name":"Comment \u00e9tudier dans une universit\u00e9 Am\u00e9ricaine","isPartOf":{"@id":"https:\/\/www.esta-officiel-usa.com\/fr\/#website"},"datePublished":"2020-01-20T11:00:45+00:00","dateModified":"2024-04-12T07:33:39+00:00","description":"Grandeur des campus, large panel d'activit\u00e9, enseignement sup\u00e9rieur, les USA sont tr\u00e8s pris\u00e9s pour l'enseignement.","breadcrumb":{"@id":"https:\/\/www.esta-officiel-usa.com\/fr\/comment-etudier-dans-une-universite-americaine\/#breadcrumb"},"inLanguage":"fr-FR","potentialAction":[{"@type":"ReadAction","target":["https:\/\/www.esta-officiel-usa.com\/fr\/comment-etudier-dans-une-universite-americaine\/"]}]},{"@type":"BreadcrumbList","@id":"https:\/\/www.esta-officiel-usa.com\/fr\/comment-etudier-dans-une-universite-americaine\/#breadcrumb","itemListElement":[{"@type":"ListItem","position":1,"name":"Home","item":"https:\/\/www.esta-officiel-usa.com\/fr\/"},{"@type":"ListItem","position":2,"name":"Comment \u00e9tudier dans une universit\u00e9 Am\u00e9ricaine"}]},{"@type":"WebSite","@id":"https:\/\/www.esta-officiel-usa.com\/fr\/#website","url":"https:\/\/www.esta-officiel-usa.com\/fr\/","name":"ESTA - Etats-Unis","description":"Formulaire de demande ESTA","potentialAction":[{"@type":"SearchAction","target":{"@type":"EntryPoint","urlTemplate":"https:\/\/www.esta-officiel-usa.com\/fr\/?s={search_term_string}"},"query-input":{"@type":"PropertyValueSpecification","valueRequired":true,"valueName":"search_term_string"}}],"inLanguage":"fr-FR"}]}},"_links":{"self":[{"href":"https:\/\/www.esta-officiel-usa.com\/fr\/wp-json\/wp\/v2\/pages\/131","targetHints":{"allow":["GET"]}}],"collection":[{"href":"https:\/\/www.esta-officiel-usa.com\/fr\/wp-json\/wp\/v2\/pages"}],"about":[{"href":"https:\/\/www.esta-officiel-usa.com\/fr\/wp-json\/wp\/v2\/types\/page"}],"author":[{"embeddable":true,"href":"https:\/\/www.esta-officiel-usa.com\/fr\/wp-json\/wp\/v2\/users\/1"}],"replies":[{"embeddable":true,"href":"https:\/\/www.esta-officiel-usa.com\/fr\/wp-json\/wp\/v2\/comments?post=131"}],"version-history":[{"count":3,"href":"https:\/\/www.esta-officiel-usa.com\/fr\/wp-json\/wp\/v2\/pages\/131\/revisions"}],"predecessor-version":[{"id":455,"href":"https:\/\/www.esta-officiel-usa.com\/fr\/wp-json\/wp\/v2\/pages\/131\/revisions\/455"}],"wp:attachment":[{"href":"https:\/\/www.esta-officiel-usa.com\/fr\/wp-json\/wp\/v2\/media?parent=131"}],"curies":[{"name":"wp","href":"https:\/\/api.w.org\/{rel}","templated":true}]}}