{"id":133,"date":"2020-01-20T11:03:03","date_gmt":"2020-01-20T11:03:03","guid":{"rendered":"http:\/\/esta-officiel-usa.com\/?page_id=133"},"modified":"2024-04-12T08:37:50","modified_gmt":"2024-04-12T08:37:50","slug":"help","status":"publish","type":"page","link":"https:\/\/www.esta-officiel-usa.com\/fr\/help\/","title":{"rendered":"ESTA : rubrique d&rsquo;aide"},"content":{"rendered":"\n<h1 class=\"wp-block-heading\">RUBRIQUE D\u2019AIDE POUR COMPL\u00c9TER LE FORMULAIRE ESTA EN TOUT SIMPLICIT\u00c9<\/h1>\n\n\n\n<p>Faire une demande d\u2019<a href=\"https:\/\/www.esta-officiel-usa.com\/fr\/\">autorisation ESTA<\/a>\u00a0est beaucoup moins fastidieus\u00a0et compliqu\u00e9\u00a0que pour un visa. Le but de l\u2019ESTA \u00e9tant en premier lieu d\u2019informer les autorit\u00e9s am\u00e9ricaines de votre arriv\u00e9e, afin notamment de garantir la s\u00e9curit\u00e9 du pays, les informations demand\u00e9es servent \u00e0 pouvoir vous identifier.<\/p>\n\n\n\n<p><strong>Remarque&nbsp;<\/strong>: veuillez vous assurer avant toute chose que vous poss\u00e9dez bien un passeport biom\u00e9trique ou \u00e9lectronique. Pour le savoir, il vous suffit de regarder sur la couverture. Un symbole repr\u00e9sentant une puce \u00e9lectronique doit y figurer sous le titre \u00ab passeport \u00bb. Si tel est le cas, vous pouvez effectuer votre demande d\u2019ESTA en toute s\u00e9r\u00e9nit\u00e9 pour vous rendre aux \u00c9tats-Unis. En revanche, dans le cas contraire, il vous faudra alors faire une demande pour un nouveau passeport plus r\u00e9cent.<\/p>\n\n\n\n<p>Cette page vous d\u00e9taille les diff\u00e9rentes \u00e9tapes pour vous guider et mettre toutes les chances de votre c\u00f4t\u00e9 pour obtenir votre autorisation ESTA dans les plus brefs d\u00e9lais.<br>&nbsp;<\/p>\n\n\n\n<h2 class=\"wp-block-heading\">LE FORMULAIRE ESTA SIMPLIFI\u00c9<\/h2>\n\n\n\n<p>Il vous faudra dans un premier temps indiquer :<\/p>\n\n\n\n<p>1. Vos informations personnelles<\/p>\n\n\n\n<ul class=\"wp-block-list\"><li>genre (masculin, f\u00e9minin) ;<\/li><li>pr\u00e9nom(s), nom(s) en veillant \u00e0 ne pas inverser l\u2019ordre de saisie ;<\/li><li>date, ville et pays de naissance de la personne ;<\/li><li>nationalit\u00e9<\/li><\/ul>\n\n\n\n<p>2. Les informations de votre passeport<\/p>\n\n\n\n<ul class=\"wp-block-list\"><li>le num\u00e9ro de passeport<\/li><li>la date de d\u00e9livrance<\/li><li>la date de fin de validit\u00e9<\/li><li>le pays de d\u00e9livrance<\/li><\/ul>\n\n\n\n<p><strong>Attention&nbsp;<\/strong>: Lorsque vous saisissez les informations relatives \u00e0 votre passeport, faites bien attention \u00e0 ne pas confondre la date de d\u00e9livrance avec la date de fin de validit\u00e9 de votre passeport.<\/p>\n\n\n\n<p>Concernant votre adresse e-mail, elle vous sera demand\u00e9e 2 fois pour confirmation. En effet, si celle-ci est incorrecte, nous ne pourrons malheureusement pas vous envoyer votre ESTA qui est seulement d\u00e9livr\u00e9 par les autorit\u00e9s am\u00e9ricaines au format \u00e9lectronique.<\/p>\n\n\n\n<p>Enfin, nous vous inviterons \u00e0 renseigner vos coordonn\u00e9es bancaires afin de finaliser et valider votre demande. Vous recevrez ainsi votre autorisation ESTA dans un d\u00e9lai maximum de 72 h par voie \u00e9lectronique.<br>&nbsp;<\/p>\n\n\n\n<p>Si des questions subsistent ou si vous souhaitez simplement obtenir de plus amples informations concernant l\u2019ESTA, nos pages\u00a0<a href=\"https:\/\/www.esta-officiel-usa.com\/fr\/lexicon\/\">lexique<\/a>\u00a0et\u00a0<a href=\"https:\/\/www.esta-officiel-usa.com\/fr\/faq\/\">FAQ<\/a>\u00a0sont \u00e9galement consultables sur notre site.<\/p>\n\n\n\n<p>Vous pouvez \u00e9galement contacter notre service d\u2019assistance pour toute question en lien avec votre commande d\u2019ESTA sur notre plateforme en ligne, et garder un oeil sur l&rsquo;<a href=\"https:\/\/www.esta-officiel-usa.com\/fr\/news\/\">actualit\u00e9<\/a>\u00a0du th\u00e8me.<\/p>\n\n\n\n<p>Enjoy your stay!<\/p>\n","protected":false},"excerpt":{"rendered":"<p>RUBRIQUE D\u2019AIDE POUR COMPL\u00c9TER LE FORMULAIRE ESTA EN TOUT SIMPLICIT\u00c9 Faire une demande d\u2019autorisation ESTA\u00a0est beaucoup moins fastidieus\u00a0et compliqu\u00e9\u00a0que pour un visa. Le but de l\u2019ESTA \u00e9tant en premier lieu d\u2019informer les autorit\u00e9s am\u00e9ricaines de votre arriv\u00e9e, afin notamment de garantir la s\u00e9curit\u00e9 du pays, les informations demand\u00e9es servent \u00e0 pouvoir vous identifier. Remarque&nbsp;: veuillez [&hellip;]<\/p>\n","protected":false},"author":1,"featured_media":0,"parent":0,"menu_order":0,"comment_status":"closed","ping_status":"closed","template":"","meta":{"footnotes":""},"class_list":["post-133","page","type-page","status-publish","hentry"],"yoast_head":"<!-- This site is optimized with the Yoast SEO plugin v26.2 - https:\/\/yoast.com\/wordpress\/plugins\/seo\/ -->\n<title>ESTA : rubrique d&#039;aide<\/title>\n<meta name=\"description\" content=\"Vous envisagez de partir prochainement aux Etats-Unis, voici toutes les questions que vous vous posez sur le formulaire ESTA.\" \/>\n<meta name=\"robots\" content=\"index, follow, max-snippet:-1, max-image-preview:large, max-video-preview:-1\" \/>\n<link rel=\"canonical\" href=\"https:\/\/www.esta-officiel-usa.com\/fr\/help\/\" \/>\n<meta property=\"og:locale\" content=\"fr_FR\" \/>\n<meta property=\"og:type\" content=\"article\" \/>\n<meta property=\"og:title\" content=\"ESTA : rubrique d&#039;aide\" \/>\n<meta property=\"og:description\" content=\"Vous envisagez de partir prochainement aux Etats-Unis, voici toutes les questions que vous vous posez sur le formulaire ESTA.\" \/>\n<meta property=\"og:url\" content=\"https:\/\/www.esta-officiel-usa.com\/fr\/help\/\" \/>\n<meta property=\"og:site_name\" content=\"ESTA - Etats-Unis\" \/>\n<meta property=\"article:modified_time\" content=\"2024-04-12T08:37:50+00:00\" \/>\n<meta name=\"twitter:card\" content=\"summary_large_image\" \/>\n<meta name=\"twitter:label1\" content=\"Dur\u00e9e de lecture estim\u00e9e\" \/>\n\t<meta name=\"twitter:data1\" content=\"2 minutes\" \/>\n<script type=\"application\/ld+json\" class=\"yoast-schema-graph\">{\"@context\":\"https:\/\/schema.org\",\"@graph\":[{\"@type\":\"WebPage\",\"@id\":\"https:\/\/www.esta-officiel-usa.com\/fr\/help\/\",\"url\":\"https:\/\/www.esta-officiel-usa.com\/fr\/help\/\",\"name\":\"ESTA : rubrique d'aide\",\"isPartOf\":{\"@id\":\"https:\/\/www.esta-officiel-usa.com\/fr\/#website\"},\"datePublished\":\"2020-01-20T11:03:03+00:00\",\"dateModified\":\"2024-04-12T08:37:50+00:00\",\"description\":\"Vous envisagez de partir prochainement aux Etats-Unis, voici toutes les questions que vous vous posez sur le formulaire ESTA.\",\"breadcrumb\":{\"@id\":\"https:\/\/www.esta-officiel-usa.com\/fr\/help\/#breadcrumb\"},\"inLanguage\":\"fr-FR\",\"potentialAction\":[{\"@type\":\"ReadAction\",\"target\":[\"https:\/\/www.esta-officiel-usa.com\/fr\/help\/\"]}]},{\"@type\":\"BreadcrumbList\",\"@id\":\"https:\/\/www.esta-officiel-usa.com\/fr\/help\/#breadcrumb\",\"itemListElement\":[{\"@type\":\"ListItem\",\"position\":1,\"name\":\"Home\",\"item\":\"https:\/\/www.esta-officiel-usa.com\/fr\/\"},{\"@type\":\"ListItem\",\"position\":2,\"name\":\"ESTA : rubrique d&rsquo;aide\"}]},{\"@type\":\"WebSite\",\"@id\":\"https:\/\/www.esta-officiel-usa.com\/fr\/#website\",\"url\":\"https:\/\/www.esta-officiel-usa.com\/fr\/\",\"name\":\"ESTA - Etats-Unis\",\"description\":\"Formulaire de demande ESTA\",\"potentialAction\":[{\"@type\":\"SearchAction\",\"target\":{\"@type\":\"EntryPoint\",\"urlTemplate\":\"https:\/\/www.esta-officiel-usa.com\/fr\/?s={search_term_string}\"},\"query-input\":{\"@type\":\"PropertyValueSpecification\",\"valueRequired\":true,\"valueName\":\"search_term_string\"}}],\"inLanguage\":\"fr-FR\"}]}<\/script>\n<!-- \/ Yoast SEO plugin. -->","yoast_head_json":{"title":"ESTA : rubrique d'aide","description":"Vous envisagez de partir prochainement aux Etats-Unis, voici toutes les questions que vous vous posez sur le formulaire ESTA.","robots":{"index":"index","follow":"follow","max-snippet":"max-snippet:-1","max-image-preview":"max-image-preview:large","max-video-preview":"max-video-preview:-1"},"canonical":"https:\/\/www.esta-officiel-usa.com\/fr\/help\/","og_locale":"fr_FR","og_type":"article","og_title":"ESTA : rubrique d'aide","og_description":"Vous envisagez de partir prochainement aux Etats-Unis, voici toutes les questions que vous vous posez sur le formulaire ESTA.","og_url":"https:\/\/www.esta-officiel-usa.com\/fr\/help\/","og_site_name":"ESTA - Etats-Unis","article_modified_time":"2024-04-12T08:37:50+00:00","twitter_card":"summary_large_image","twitter_misc":{"Dur\u00e9e de lecture estim\u00e9e":"2 minutes"},"schema":{"@context":"https:\/\/schema.org","@graph":[{"@type":"WebPage","@id":"https:\/\/www.esta-officiel-usa.com\/fr\/help\/","url":"https:\/\/www.esta-officiel-usa.com\/fr\/help\/","name":"ESTA : rubrique d'aide","isPartOf":{"@id":"https:\/\/www.esta-officiel-usa.com\/fr\/#website"},"datePublished":"2020-01-20T11:03:03+00:00","dateModified":"2024-04-12T08:37:50+00:00","description":"Vous envisagez de partir prochainement aux Etats-Unis, voici toutes les questions que vous vous posez sur le formulaire ESTA.","breadcrumb":{"@id":"https:\/\/www.esta-officiel-usa.com\/fr\/help\/#breadcrumb"},"inLanguage":"fr-FR","potentialAction":[{"@type":"ReadAction","target":["https:\/\/www.esta-officiel-usa.com\/fr\/help\/"]}]},{"@type":"BreadcrumbList","@id":"https:\/\/www.esta-officiel-usa.com\/fr\/help\/#breadcrumb","itemListElement":[{"@type":"ListItem","position":1,"name":"Home","item":"https:\/\/www.esta-officiel-usa.com\/fr\/"},{"@type":"ListItem","position":2,"name":"ESTA : rubrique d&rsquo;aide"}]},{"@type":"WebSite","@id":"https:\/\/www.esta-officiel-usa.com\/fr\/#website","url":"https:\/\/www.esta-officiel-usa.com\/fr\/","name":"ESTA - Etats-Unis","description":"Formulaire de demande ESTA","potentialAction":[{"@type":"SearchAction","target":{"@type":"EntryPoint","urlTemplate":"https:\/\/www.esta-officiel-usa.com\/fr\/?s={search_term_string}"},"query-input":{"@type":"PropertyValueSpecification","valueRequired":true,"valueName":"search_term_string"}}],"inLanguage":"fr-FR"}]}},"_links":{"self":[{"href":"https:\/\/www.esta-officiel-usa.com\/fr\/wp-json\/wp\/v2\/pages\/133","targetHints":{"allow":["GET"]}}],"collection":[{"href":"https:\/\/www.esta-officiel-usa.com\/fr\/wp-json\/wp\/v2\/pages"}],"about":[{"href":"https:\/\/www.esta-officiel-usa.com\/fr\/wp-json\/wp\/v2\/types\/page"}],"author":[{"embeddable":true,"href":"https:\/\/www.esta-officiel-usa.com\/fr\/wp-json\/wp\/v2\/users\/1"}],"replies":[{"embeddable":true,"href":"https:\/\/www.esta-officiel-usa.com\/fr\/wp-json\/wp\/v2\/comments?post=133"}],"version-history":[{"count":2,"href":"https:\/\/www.esta-officiel-usa.com\/fr\/wp-json\/wp\/v2\/pages\/133\/revisions"}],"predecessor-version":[{"id":445,"href":"https:\/\/www.esta-officiel-usa.com\/fr\/wp-json\/wp\/v2\/pages\/133\/revisions\/445"}],"wp:attachment":[{"href":"https:\/\/www.esta-officiel-usa.com\/fr\/wp-json\/wp\/v2\/media?parent=133"}],"curies":[{"name":"wp","href":"https:\/\/api.w.org\/{rel}","templated":true}]}}