{"id":137,"date":"2020-01-20T11:11:34","date_gmt":"2020-01-20T11:11:34","guid":{"rendered":"http:\/\/esta-officiel-usa.com\/?page_id=137"},"modified":"2024-04-12T08:33:08","modified_gmt":"2024-04-12T08:33:08","slug":"faq","status":"publish","type":"page","link":"https:\/\/www.esta-officiel-usa.com\/fr\/faq\/","title":{"rendered":"ESTA : Foire aux questions"},"content":{"rendered":"\n<h1 class=\"wp-block-heading\">FAQ \u2013 POUR TOUT SAVOIR SUR L\u2019ESTA<\/h1>\n\n\n\n<p>Fort d\u2019une expertise professionnelle en d\u00e9marches administratives, on vous propose une prise en main de\u00a0<a href=\"https:\/\/www.esta-officiel-usa.com\/fr\/\">votre demande ESTA USA<\/a>\u00a0vous permettant de vous concentrer pleinement sur votre voyage aux \u00c9tats-Unis. Cette rubrique recense l\u2019ensemble des questions les plus souvent pos\u00e9es par nos lecteurs afin de r\u00e9pondre \u00e0 toutes interrogations que vous pourriez avoir.<br>\u00a0<\/p>\n\n\n\n<h2 class=\"wp-block-heading\">QUE SIGNIFIE ESTA ?<\/h2>\n\n\n\n<p>L\u2019Electronic System for Travel Authorization (ESTA) est un proc\u00e9d\u00e9 informatis\u00e9 mis en place par les autorit\u00e9s am\u00e9ricaines afin de d\u00e9livrer une autorisation de voyage vers les USA. Ce document \u00e9lectronique offre aux ressortissants des pays participant au Visa Waiver Program (VWP) la&nbsp;permission de se rendre aux \u00c9tats-Unis sans&nbsp;visa.<br>&nbsp;<\/p>\n\n\n\n<h2 class=\"wp-block-heading\">SUIS-JE CONCERN\u00c9 PAR LA DEMANDE D\u2019ESTA ?<\/h2>\n\n\n\n<p>Seuls les ressortissants des pays adh\u00e9rant au VWP peuvent demander cette autorisation. Pour une liste compl\u00e8te des pays participants, voir le tableau situ\u00e9 un peu plus bas.&nbsp;La demande d\u2019ESTA s\u2019impose pour les transits et les s\u00e9jours de courte dur\u00e9e aux&nbsp;\u00c9tats-Unis.<\/p>\n\n\n\n<h2 class=\"wp-block-heading\">EST-CE QUE MON ESTA GARANTIT L\u2019ENTR\u00c9E SUR LE SOL AM\u00c9RICAIN ?<\/h2>\n\n\n\n<p>L\u2019ESTA repr\u00e9sente une v\u00e9rification informatique de votre identit\u00e9 pr\u00e9alable \u00e0 votre voyage. Un contr\u00f4le par les agents de l\u2019immigration sera toujours r\u00e9alis\u00e9 lors de votre arriv\u00e9e, et la d\u00e9cision de vous autoriser ou non l\u2019acc\u00e8s au sol am\u00e9ricain&nbsp;est de leur responsabilit\u00e9. L\u2019acceptation de votre demande d\u2019ESTA en ligne est toutefois un tr\u00e8s bon signe et il n\u2019y a g\u00e9n\u00e9ralement pas d\u2019inqui\u00e9tude \u00e0 avoir.<br>&nbsp;<\/p>\n\n\n\n<h2 class=\"wp-block-heading\">MON ESTA USA EST-IL UN \u00c9QUIVALENT DU VISA ?<\/h2>\n\n\n\n<p>Il faut savoir que l\u2019ESTA et le visa&nbsp;sont deux documents diff\u00e9rents avec des r\u00f4les bien distincts. L\u2019autorisation ESTA ne remplace pas le visa si votre d\u00e9marche requiert explicitement celui-ci (exemple : pour travailler, faire un stage, suivre des \u00e9tudes&#8230;). De plus, la possession d\u2019un visa ad\u00e9quat (pour tourisme ou affaires)&nbsp;signifie qu\u2019il n\u2019est nullement n\u00e9cessaire de faire une demande d\u2019ESTA.<br>&nbsp;<\/p>\n\n\n\n<h2 class=\"wp-block-heading\">POUR COMBIEN DE TEMPS MON ESTA EST-IL VALIDE ?<\/h2>\n\n\n\n<p>Bien que l\u2019autorisation ESTA vous autorise \u00e0 s\u00e9journer aux \u00c9tats-Unis pour une dur\u00e9e de 90 jours maximum, votre document jouit d\u2019une validit\u00e9 de deux ans \u00e0 partir du jour o\u00f9 il vous a \u00e9t\u00e9 d\u00e9livr\u00e9. Il deviendra cependant caduque dans le cas o\u00f9 les informations du passeport utilis\u00e9&nbsp;lors de la demande changent. Il faudra dans ce cas renouveler la demande d&rsquo;ESTA.<br>&nbsp;<\/p>\n\n\n\n<h2 class=\"wp-block-heading\">QUEL EST LE MEILLEUR MOMENT POUR DEMANDER MON ESTA USA ?<\/h2>\n\n\n\n<p>Nous vous recommandons de faire votre demande d\u2019ESTA le plus t\u00f4t possible, afin de pallier \u00e0 un \u00e9ventuel refus. Les autorit\u00e9s am\u00e9ricaines pr\u00e9cisent que les demandes sont examin\u00e9es dans un d\u00e9lai maximum de 72 h. Bien que l\u2019autorisation ESTA en ligne peut \u00eatre accept\u00e9e en quelques minutes, il est conseill\u00e9 de respecter ce d\u00e9lai.<br>&nbsp;<\/p>\n\n\n\n<h2 class=\"wp-block-heading\">EST-IL N\u00c9CESSAIRE D\u2019EXPLIQUER LE MOTIF DE MON S\u00c9JOUR AUX USA ?<\/h2>\n\n\n\n<p>Cette&nbsp;information&nbsp;n&rsquo;est&nbsp;pas obligatoire. Il vous est tout \u00e0 fait possible de faire une demande d&rsquo;ESTA sans projet pr\u00e9cis \u00e0 condition de garder&nbsp;en t\u00eate&nbsp;que votre s\u00e9jour doit \u00eatre ou touristique ou d&rsquo;affaires. Vous pouvez \u00e9galement pr\u00e9ciser s&rsquo;il s&rsquo;agit uniquement d&rsquo;un transit.<br>&nbsp;<\/p>\n\n\n\n<h2 class=\"wp-block-heading\">ME FAUT-IL UNE AUTORISATION ESTA POUR UNE ESCALE AUX \u00c9TATS-UNIS ?<\/h2>\n\n\n\n<p>L\u2019entr\u00e9e aux \u00c9tats-Unis est fortement r\u00e9gul\u00e9e et la s\u00e9curit\u00e9 aux fronti\u00e8res est tr\u00e8s \u00e9lev\u00e9e, c\u2019est pour cela qu\u2019une autorisation ESTA est n\u00e9cessaire m\u00eame dans le cadre d\u2019une simple escale sur le sol am\u00e9ricain.<br>&nbsp;<\/p>\n\n\n\n<h2 class=\"wp-block-heading\">QUE REPR\u00c9SENTE LE PROGRAMME D\u2019EXEMPTION DE VISA ?<\/h2>\n\n\n\n<p>Connu sous le nom de Visa Waiver Program, ce programme est le r\u00e9sultat d\u2019un accord pass\u00e9 entre\u00a0les pays partenaires et les \u00c9tats-Unis. Son r\u00f4le est d&rsquo;encourager le tourisme aux \u00c9tats-Unis\u00a0en permettant aux ressortissants \u00e9ligibles de s\u00e9journer aux USA pendant 90 jours maximum sans\u00a0visa.<br>\u00a0<\/p>\n\n\n\n<h2 class=\"wp-block-heading\">QUELS SONT LES PAYS ADH\u00c9RENTS DU PROGRAMME D\u2019EXEMPTION DE VISA ?<\/h2>\n\n\n\n<p>Retrouvez ci-dessous la liste des pays participant au PEV :<\/p>\n\n\n\n<figure class=\"wp-block-table\"><table><tbody><tr><td>Allemagne<\/td><td>Andorre<\/td><td>Australie<\/td><td>Autriche<\/td><td>Belgique<\/td><\/tr><tr><td>Brunei<\/td><td>Chili<\/td><td>Cor\u00e9e du sud<\/td><td>Danemark<\/td><td>Espagne<\/td><\/tr><tr><td>Estonie<\/td><td>Finlande<\/td><td>France<\/td><td>Gr\u00e8ce<\/td><td>Hongrie<\/td><\/tr><tr><td>Irlande<\/td><td>Islande<\/td><td>Italie<\/td><td>Japon<\/td><td>Pays-Bas<\/td><\/tr><tr><td>Lettonie<\/td><td>Liechtenstein<\/td><td>Lituanie<\/td><td>Luxembourg<\/td><td>Malte<\/td><\/tr><tr><td>Monaco<\/td><td>Norv\u00e8ge<\/td><td>Nouvelle-Z\u00e9lande<\/td><td>Portugal<\/td><td>R\u00e9publique Tch\u00e8que<\/td><\/tr><tr><td>Royaume-Uni<\/td><td>Saint-Martin<\/td><td>Singapour<\/td><td>Slovaquie<\/td><td>Slov\u00e9nie<\/td><\/tr><tr><td>Su\u00e8de<\/td><td>Suisse<\/td><td>Ta\u00efwan<\/td><td>Pologne<\/td><td>Croatie<\/td><\/tr><tr><td>Isra\u00ebl<\/td><td><\/td><td><\/td><td><\/td><td><\/td><\/tr><\/tbody><\/table><figcaption class=\"wp-element-caption\">Liste pays du VWP<\/figcaption><\/figure>\n\n\n\n<h2 class=\"wp-block-heading\">QUE SE PASSE-T-IL SI MON ESTA USA EXPIRE DURANT MON S\u00c9JOUR ?<\/h2>\n\n\n\n<p>La pr\u00e9sentation de votre ESTA n\u2019est n\u00e9cessaire que lors de votre arriv\u00e9e sur le territoire am\u00e9ricain. Le document n\u2019\u00e9tant pas obligatoire pour quitter le pays, il ne faut donc pas s\u2019inqui\u00e9ter si votre autorisation ESTA perd sa validit\u00e9 durant votre s\u00e9jour.&nbsp;<br>&nbsp;<\/p>\n\n\n\n<h2 class=\"wp-block-heading\">EST-IL REQUIS D\u2019IMPRIMER MON AUTORISATION ESTA SUR PAPIER ?<\/h2>\n\n\n\n<p>La d\u00e9marche \u00e9tant compl\u00e8tement informatis\u00e9e, les autorit\u00e9s am\u00e9ricaines ainsi que les compagnies a\u00e9riennes seront automatiquement inform\u00e9es de votre permission de voyager vers les \u00c9tats-Unis. Une impression papier n&rsquo;est donc pas obligatoire.&nbsp;<br>&nbsp;<\/p>\n\n\n\n<h2 class=\"wp-block-heading\">EXISTE-T-IL DES EXIGENCES POUR R\u00c9ALISER MA DEMANDE D\u2019ESTA ?<\/h2>\n\n\n\n<p>L&rsquo;ESTA est une mesure de s\u00e9curit\u00e9 mise en place dans le&nbsp;cadre du Programme d&rsquo;Exemption de Visa, certaines conditions d&rsquo;admission doivent donc \u00eatre satisfaites&nbsp;:<\/p>\n\n\n\n<ol class=\"wp-block-list\">\n<li>d\u00e9tenir un passeport \u00e9lectronique ou biom\u00e9trique \u00e9mis par l\u2019un des pays participant au VWP ;<\/li>\n\n\n\n<li>ne pas avoir pour double nationalit\u00e9 la nationalit\u00e9 irakienne, iranienne, syrienne ou soudanaise ;<\/li>\n\n\n\n<li>pr\u00e9voir un s\u00e9jour touristique ou d&rsquo;affaires\u00a0ne d\u00e9passant pas 90 jours ;<\/li>\n\n\n\n<li>avoir un billet de sortie de territoire ;<\/li>\n\n\n\n<li>\u00eatre \u00e0 m\u00eame de r\u00e9pondre \u00ab\u00a0non\u00a0\u00bb \u00e0 la s\u00e9rie de questions compl\u00e9tant le formulaire de demande.<br>\u00a0<\/li>\n<\/ol>\n\n\n\n<h2 class=\"wp-block-heading\">QUEL EST LE PRIX DE L\u2019AUTORISATION ESTA ?<\/h2>\n\n\n\n<p>L\u2019obtention de l\u2019autorisation de voyage requiert une contribution de seulement 21 $ si vous passez par le site de la douane am\u00e9ricaine.<br><\/p>\n\n\n\n<h2 class=\"wp-block-heading\">COMMENT FAIRE SI MA DEMANDE D\u2019ESTA EST REFUS\u00c9E ?<\/h2>\n\n\n\n<p>Il arrive parfois qu\u2019une demande ESTA aboutisse \u00e0 un refus. Si tel est votre cas, v\u00e9rifiez les donn\u00e9es entr\u00e9es afin de d\u00e9terminer si une coquille s&rsquo;est gliss\u00e9e parmi vos r\u00e9ponses. Si les informations fournies sont toutes correctes, nous vous conseillons de vous rapprocher de l\u2019ambassade ou du consulat des \u00c9tats-Unis afin de faire une demande de visa.<br>&nbsp;<\/p>\n\n\n\n<h2 class=\"wp-block-heading\">QUE FAIRE EN CAS D&rsquo;AUTORISATION EN INSTANCE ?<\/h2>\n\n\n\n<p>Une autorisation en instance n&rsquo;est pas une autorisation refus\u00e9e. Le traitement de votre demande prend juste un peu plus de temps. V\u00e9rifiez le statut de votre demande en vous connectant sur le site officiel. Une r\u00e9ponse vous est donn\u00e9e sous 72 heures.<\/p>\n","protected":false},"excerpt":{"rendered":"<p>FAQ \u2013 POUR TOUT SAVOIR SUR L\u2019ESTA Fort d\u2019une expertise professionnelle en d\u00e9marches administratives, on vous propose une prise en main de\u00a0votre demande ESTA USA\u00a0vous permettant de vous concentrer pleinement sur votre voyage aux \u00c9tats-Unis. Cette rubrique recense l\u2019ensemble des questions les plus souvent pos\u00e9es par nos lecteurs afin de r\u00e9pondre \u00e0 toutes interrogations que [&hellip;]<\/p>\n","protected":false},"author":1,"featured_media":0,"parent":0,"menu_order":0,"comment_status":"closed","ping_status":"closed","template":"","meta":{"footnotes":""},"class_list":["post-137","page","type-page","status-publish","hentry"],"yoast_head":"<!-- This site is optimized with the Yoast SEO plugin v26.2 - https:\/\/yoast.com\/wordpress\/plugins\/seo\/ -->\n<title>ESTA : Foire aux questions<\/title>\n<meta name=\"description\" content=\"Fort d\u2019une expertise professionnelle en d\u00e9marches administratives, nos \u00e9quipes r\u00e9pondent \u00e0 toutes les questions que vous vous posez concernant l&#039;ESTA.\" \/>\n<meta name=\"robots\" content=\"index, follow, max-snippet:-1, max-image-preview:large, max-video-preview:-1\" \/>\n<link rel=\"canonical\" href=\"https:\/\/www.esta-officiel-usa.com\/fr\/faq\/\" \/>\n<meta property=\"og:locale\" content=\"fr_FR\" \/>\n<meta property=\"og:type\" content=\"article\" \/>\n<meta property=\"og:title\" content=\"ESTA : Foire aux questions\" \/>\n<meta property=\"og:description\" content=\"Fort d\u2019une expertise professionnelle en d\u00e9marches administratives, nos \u00e9quipes r\u00e9pondent \u00e0 toutes les questions que vous vous posez concernant l&#039;ESTA.\" \/>\n<meta property=\"og:url\" content=\"https:\/\/www.esta-officiel-usa.com\/fr\/faq\/\" \/>\n<meta property=\"og:site_name\" content=\"ESTA - Etats-Unis\" \/>\n<meta property=\"article:modified_time\" content=\"2024-04-12T08:33:08+00:00\" \/>\n<meta name=\"twitter:card\" content=\"summary_large_image\" \/>\n<meta name=\"twitter:label1\" content=\"Dur\u00e9e de lecture estim\u00e9e\" \/>\n\t<meta name=\"twitter:data1\" content=\"6 minutes\" \/>\n<script type=\"application\/ld+json\" class=\"yoast-schema-graph\">{\"@context\":\"https:\/\/schema.org\",\"@graph\":[{\"@type\":\"WebPage\",\"@id\":\"https:\/\/www.esta-officiel-usa.com\/fr\/faq\/\",\"url\":\"https:\/\/www.esta-officiel-usa.com\/fr\/faq\/\",\"name\":\"ESTA : Foire aux questions\",\"isPartOf\":{\"@id\":\"https:\/\/www.esta-officiel-usa.com\/fr\/#website\"},\"datePublished\":\"2020-01-20T11:11:34+00:00\",\"dateModified\":\"2024-04-12T08:33:08+00:00\",\"description\":\"Fort d\u2019une expertise professionnelle en d\u00e9marches administratives, nos \u00e9quipes r\u00e9pondent \u00e0 toutes les questions que vous vous posez concernant l'ESTA.\",\"breadcrumb\":{\"@id\":\"https:\/\/www.esta-officiel-usa.com\/fr\/faq\/#breadcrumb\"},\"inLanguage\":\"fr-FR\",\"potentialAction\":[{\"@type\":\"ReadAction\",\"target\":[\"https:\/\/www.esta-officiel-usa.com\/fr\/faq\/\"]}]},{\"@type\":\"BreadcrumbList\",\"@id\":\"https:\/\/www.esta-officiel-usa.com\/fr\/faq\/#breadcrumb\",\"itemListElement\":[{\"@type\":\"ListItem\",\"position\":1,\"name\":\"Home\",\"item\":\"https:\/\/www.esta-officiel-usa.com\/fr\/\"},{\"@type\":\"ListItem\",\"position\":2,\"name\":\"ESTA : Foire aux questions\"}]},{\"@type\":\"WebSite\",\"@id\":\"https:\/\/www.esta-officiel-usa.com\/fr\/#website\",\"url\":\"https:\/\/www.esta-officiel-usa.com\/fr\/\",\"name\":\"ESTA - Etats-Unis\",\"description\":\"Formulaire de demande ESTA\",\"potentialAction\":[{\"@type\":\"SearchAction\",\"target\":{\"@type\":\"EntryPoint\",\"urlTemplate\":\"https:\/\/www.esta-officiel-usa.com\/fr\/?s={search_term_string}\"},\"query-input\":{\"@type\":\"PropertyValueSpecification\",\"valueRequired\":true,\"valueName\":\"search_term_string\"}}],\"inLanguage\":\"fr-FR\"}]}<\/script>\n<!-- \/ Yoast SEO plugin. -->","yoast_head_json":{"title":"ESTA : Foire aux questions","description":"Fort d\u2019une expertise professionnelle en d\u00e9marches administratives, nos \u00e9quipes r\u00e9pondent \u00e0 toutes les questions que vous vous posez concernant l'ESTA.","robots":{"index":"index","follow":"follow","max-snippet":"max-snippet:-1","max-image-preview":"max-image-preview:large","max-video-preview":"max-video-preview:-1"},"canonical":"https:\/\/www.esta-officiel-usa.com\/fr\/faq\/","og_locale":"fr_FR","og_type":"article","og_title":"ESTA : Foire aux questions","og_description":"Fort d\u2019une expertise professionnelle en d\u00e9marches administratives, nos \u00e9quipes r\u00e9pondent \u00e0 toutes les questions que vous vous posez concernant l'ESTA.","og_url":"https:\/\/www.esta-officiel-usa.com\/fr\/faq\/","og_site_name":"ESTA - Etats-Unis","article_modified_time":"2024-04-12T08:33:08+00:00","twitter_card":"summary_large_image","twitter_misc":{"Dur\u00e9e de lecture estim\u00e9e":"6 minutes"},"schema":{"@context":"https:\/\/schema.org","@graph":[{"@type":"WebPage","@id":"https:\/\/www.esta-officiel-usa.com\/fr\/faq\/","url":"https:\/\/www.esta-officiel-usa.com\/fr\/faq\/","name":"ESTA : Foire aux questions","isPartOf":{"@id":"https:\/\/www.esta-officiel-usa.com\/fr\/#website"},"datePublished":"2020-01-20T11:11:34+00:00","dateModified":"2024-04-12T08:33:08+00:00","description":"Fort d\u2019une expertise professionnelle en d\u00e9marches administratives, nos \u00e9quipes r\u00e9pondent \u00e0 toutes les questions que vous vous posez concernant l'ESTA.","breadcrumb":{"@id":"https:\/\/www.esta-officiel-usa.com\/fr\/faq\/#breadcrumb"},"inLanguage":"fr-FR","potentialAction":[{"@type":"ReadAction","target":["https:\/\/www.esta-officiel-usa.com\/fr\/faq\/"]}]},{"@type":"BreadcrumbList","@id":"https:\/\/www.esta-officiel-usa.com\/fr\/faq\/#breadcrumb","itemListElement":[{"@type":"ListItem","position":1,"name":"Home","item":"https:\/\/www.esta-officiel-usa.com\/fr\/"},{"@type":"ListItem","position":2,"name":"ESTA : Foire aux questions"}]},{"@type":"WebSite","@id":"https:\/\/www.esta-officiel-usa.com\/fr\/#website","url":"https:\/\/www.esta-officiel-usa.com\/fr\/","name":"ESTA - Etats-Unis","description":"Formulaire de demande ESTA","potentialAction":[{"@type":"SearchAction","target":{"@type":"EntryPoint","urlTemplate":"https:\/\/www.esta-officiel-usa.com\/fr\/?s={search_term_string}"},"query-input":{"@type":"PropertyValueSpecification","valueRequired":true,"valueName":"search_term_string"}}],"inLanguage":"fr-FR"}]}},"_links":{"self":[{"href":"https:\/\/www.esta-officiel-usa.com\/fr\/wp-json\/wp\/v2\/pages\/137","targetHints":{"allow":["GET"]}}],"collection":[{"href":"https:\/\/www.esta-officiel-usa.com\/fr\/wp-json\/wp\/v2\/pages"}],"about":[{"href":"https:\/\/www.esta-officiel-usa.com\/fr\/wp-json\/wp\/v2\/types\/page"}],"author":[{"embeddable":true,"href":"https:\/\/www.esta-officiel-usa.com\/fr\/wp-json\/wp\/v2\/users\/1"}],"replies":[{"embeddable":true,"href":"https:\/\/www.esta-officiel-usa.com\/fr\/wp-json\/wp\/v2\/comments?post=137"}],"version-history":[{"count":4,"href":"https:\/\/www.esta-officiel-usa.com\/fr\/wp-json\/wp\/v2\/pages\/137\/revisions"}],"predecessor-version":[{"id":804,"href":"https:\/\/www.esta-officiel-usa.com\/fr\/wp-json\/wp\/v2\/pages\/137\/revisions\/804"}],"wp:attachment":[{"href":"https:\/\/www.esta-officiel-usa.com\/fr\/wp-json\/wp\/v2\/media?parent=137"}],"curies":[{"name":"wp","href":"https:\/\/api.w.org\/{rel}","templated":true}]}}