{"id":14,"date":"2020-01-16T07:43:02","date_gmt":"2020-01-16T07:43:02","guid":{"rendered":"http:\/\/esta-officiel-usa.com\/?page_id=14"},"modified":"2020-02-01T17:02:40","modified_gmt":"2020-02-01T17:02:40","slug":"lautorisation-esta","status":"publish","type":"page","link":"https:\/\/www.esta-officiel-usa.com\/fr\/lautorisation-esta\/","title":{"rendered":"Qu&rsquo;est ce que l&rsquo;autorisation ESTA"},"content":{"rendered":"\n<h1 class=\"wp-block-heading\">L\u2019AUTORISATION ESTA POUR LES USA<\/h1>\n\n\n\n<p>Fort\u00a0de ses 75 millions de visiteurs chaque ann\u00e9e, les \u00c9tats-Unis sont une des destinations les plus pris\u00e9es des touristes internationaux. Si la plupart d\u2019entre eux ont d\u00fb obtenir un\u00a0<a href=\"https:\/\/www.esta-officiel-usa.com\/fr\/difference-entre-esta-et-demande-de-visa-usa\/\">visa USA<\/a>\u00a0pour pouvoir entrer sur le territoire, d\u2019autres ont pu profiter du programme d\u2019exemption de visa VWP et obtenir une autorisation\u00a0<a href=\"https:\/\/www.esta-officiel-usa.com\/fr\/\">ESTA<\/a>.<\/p>\n\n\n\n<h2 class=\"wp-block-heading\">QU\u2019EST-CE QUE L\u2019AUTORISATION ESTA ?<\/h2>\n\n\n\n<p>L\u2019autorisation ESTA est un\u00a0<a href=\"https:\/\/www.esta-officiel-usa.com\/fr\/le-formulaire-esta-pour-les-usa-a-completer\/\">formulaire<\/a>\u00a0que doit remplir le voyageur souhaitant se rendre aux \u00c9tats-Unis pour des vacances ou pour affaires.<\/p>\n\n\n\n<p>Cette\u00a0<a href=\"https:\/\/www.esta-officiel-usa.com\/fr\/la-procedure-esta-pour-etats-unis\/\">proc\u00e9dure<\/a>\u00a0permet de ne pas avoir \u00e0 faire une demande de visa, dont le\u00a0<a href=\"https:\/\/www.esta-officiel-usa.com\/fr\/le-prix-dun-esta\/\">prix<\/a>\u00a0et le d\u00e9lai de traitement sont beaucoup plus \u00e9lev\u00e9s que l\u2019autorisation ESTA. Le programme d\u2019exemption de visa est\u00a0<a href=\"https:\/\/www.esta-officiel-usa.com\/fr\/formulaire-esta-a-qui-est-il-destine\/\">destin\u00e9<\/a>\u00a0aux ressortissants des 38 pays participants. Ce programme leur permet de profiter d\u2019une d\u00e9marche simplifi\u00e9e pour visiter les USA, sous certaines\u00a0<a href=\"https:\/\/www.esta-officiel-usa.com\/fr\/les-conditions-a-respecter-pour-obtenir-le-visa-usa\/\">conditions<\/a>\u00a0:<\/p>\n\n\n\n<ul class=\"wp-block-list\"><li>Un s\u00e9jour de 90 jours maximum ;<\/li><li>Poss\u00e9der un billet retour ou de continuation&nbsp;;<\/li><li>Poss\u00e9der un passeport \u00e9lectronique ou biom\u00e9trique.<\/li><\/ul>\n\n\n\n<p>Il est important de noter qu\u2019une fois l\u2019autorisation ESTA obtenue, cette derni\u00e8re ne vous garantit pas \u00e0 100 % de pouvoir sortir de l\u2019a\u00e9roport. En effet, la d\u00e9cision finale revient au contr\u00f4leur des douanes. Mais si vous avez rempli votre formulaire en toute honn\u00eatet\u00e9 et ne transportez pas d\u2019objet interdit, il n\u2019y a aucune crainte \u00e0 avoir, l\u2019inspection n\u2019\u00e9tant qu\u2019une proc\u00e9dure de routine.<\/p>\n\n\n\n<h2 class=\"wp-block-heading\">COMMENT AVOIR UNE AUTORISATION ESTA ?<\/h2>\n\n\n\n<p>Afin de r\u00e9cup\u00e9rer votre autorisation ESTA\u00a0<a href=\"https:\/\/www.esta-officiel-usa.com\/fr\/obtenir-un-esta-en-ligne\/\">en ligne<\/a>, deux choix s\u2019offrent \u00e0 vous :<\/p>\n\n\n\n<ul class=\"wp-block-list\"><li>Le premier est de vous rendre directement sur le site officiel de l\u2019administration am\u00e9ricaine ;<\/li><li>Le second est de confier votre demande \u00e0 un site sp\u00e9cialis\u00e9 comme esta-officiel-usa.com.<\/li><\/ul>\n\n\n\n<p>Obtenir son autorisation ESTA peut s\u2019av\u00e9rer compliqu\u00e9. Il faut remplir un\u00a0<a href=\"https:\/\/www.esta-officiel-usa.com\/fr\/remplir-le-formulaire-esta-en-ligne\/\">formulaire<\/a>\u00a0en 3 parties concernant votre identit\u00e9, votre passeport et\u00a0votre s\u00e9jour et r\u00e9pondre \u00e0 une s\u00e9rie de questions (avec pour seules\u00a0r\u00e9ponses oui ou non) sur vos ant\u00e9c\u00e9dents judiciaires ou encore votre \u00e9tat de sant\u00e9.<\/p>\n\n\n\n<p>Sur notre plateforme en ligne, nous prenons en charge toutes les d\u00e9marches en votre nom. Nous\u00a0mettons \u00e9galement \u00e0 disposition un formulaire int\u00e9gralement en\u00a0<a href=\"https:\/\/www.esta-officiel-usa.com\/fr\/le-formulaire-esta-usa-en-francais\/\">fran\u00e7ais<\/a>\u00a0et v\u00e9rifions (puis corrigeons si n\u00e9cessaire) vos informations. Vous pouvez \u00e9galement poser vos questions dans cas de doutes \u00e0 notre service d\u2019<a href=\"https:\/\/www.esta-officiel-usa.com\/fr\/contact\/\">assistance<\/a>\u00a0en ligne.<\/p>\n","protected":false},"excerpt":{"rendered":"<p>L\u2019AUTORISATION ESTA POUR LES USA Fort\u00a0de ses 75 millions de visiteurs chaque ann\u00e9e, les \u00c9tats-Unis sont une des destinations les plus pris\u00e9es des touristes internationaux. Si la plupart d\u2019entre eux ont d\u00fb obtenir un\u00a0visa USA\u00a0pour pouvoir entrer sur le territoire, d\u2019autres ont pu profiter du programme d\u2019exemption de visa VWP et obtenir une autorisation\u00a0ESTA. QU\u2019EST-CE [&hellip;]<\/p>\n","protected":false},"author":1,"featured_media":0,"parent":0,"menu_order":0,"comment_status":"closed","ping_status":"closed","template":"","meta":{"footnotes":""},"class_list":["post-14","page","type-page","status-publish","hentry"],"yoast_head":"<!-- This site is optimized with the Yoast SEO plugin v26.2 - https:\/\/yoast.com\/wordpress\/plugins\/seo\/ -->\n<title>Qu&#039;est ce que l&#039;autorisation ESTA<\/title>\n<meta name=\"description\" content=\"Pour renforcer la s\u00e9curit\u00e9 sur le territoire Am\u00e9ricain, le gouvernement \u00e0 mis en place l&#039;ESTA, d\u00e9couvrez ce qu&#039;est cette autorisation de voyage.\" \/>\n<meta name=\"robots\" content=\"index, follow, max-snippet:-1, max-image-preview:large, max-video-preview:-1\" \/>\n<link rel=\"canonical\" href=\"https:\/\/www.esta-officiel-usa.com\/fr\/lautorisation-esta\/\" \/>\n<meta property=\"og:locale\" content=\"fr_FR\" \/>\n<meta property=\"og:type\" content=\"article\" \/>\n<meta property=\"og:title\" content=\"Qu&#039;est ce que l&#039;autorisation ESTA\" \/>\n<meta property=\"og:description\" content=\"Pour renforcer la s\u00e9curit\u00e9 sur le territoire Am\u00e9ricain, le gouvernement \u00e0 mis en place l&#039;ESTA, d\u00e9couvrez ce qu&#039;est cette autorisation de voyage.\" \/>\n<meta property=\"og:url\" content=\"https:\/\/www.esta-officiel-usa.com\/fr\/lautorisation-esta\/\" \/>\n<meta property=\"og:site_name\" content=\"ESTA - Etats-Unis\" \/>\n<meta property=\"article:modified_time\" content=\"2020-02-01T17:02:40+00:00\" \/>\n<meta name=\"twitter:card\" content=\"summary_large_image\" \/>\n<meta name=\"twitter:label1\" content=\"Dur\u00e9e de lecture estim\u00e9e\" \/>\n\t<meta name=\"twitter:data1\" content=\"2 minutes\" \/>\n<script type=\"application\/ld+json\" class=\"yoast-schema-graph\">{\"@context\":\"https:\/\/schema.org\",\"@graph\":[{\"@type\":\"WebPage\",\"@id\":\"https:\/\/www.esta-officiel-usa.com\/fr\/lautorisation-esta\/\",\"url\":\"https:\/\/www.esta-officiel-usa.com\/fr\/lautorisation-esta\/\",\"name\":\"Qu'est ce que l'autorisation ESTA\",\"isPartOf\":{\"@id\":\"https:\/\/www.esta-officiel-usa.com\/fr\/#website\"},\"datePublished\":\"2020-01-16T07:43:02+00:00\",\"dateModified\":\"2020-02-01T17:02:40+00:00\",\"description\":\"Pour renforcer la s\u00e9curit\u00e9 sur le territoire Am\u00e9ricain, le gouvernement \u00e0 mis en place l'ESTA, d\u00e9couvrez ce qu'est cette autorisation de voyage.\",\"breadcrumb\":{\"@id\":\"https:\/\/www.esta-officiel-usa.com\/fr\/lautorisation-esta\/#breadcrumb\"},\"inLanguage\":\"fr-FR\",\"potentialAction\":[{\"@type\":\"ReadAction\",\"target\":[\"https:\/\/www.esta-officiel-usa.com\/fr\/lautorisation-esta\/\"]}]},{\"@type\":\"BreadcrumbList\",\"@id\":\"https:\/\/www.esta-officiel-usa.com\/fr\/lautorisation-esta\/#breadcrumb\",\"itemListElement\":[{\"@type\":\"ListItem\",\"position\":1,\"name\":\"Home\",\"item\":\"https:\/\/www.esta-officiel-usa.com\/fr\/\"},{\"@type\":\"ListItem\",\"position\":2,\"name\":\"Qu&rsquo;est ce que l&rsquo;autorisation ESTA\"}]},{\"@type\":\"WebSite\",\"@id\":\"https:\/\/www.esta-officiel-usa.com\/fr\/#website\",\"url\":\"https:\/\/www.esta-officiel-usa.com\/fr\/\",\"name\":\"ESTA - Etats-Unis\",\"description\":\"Formulaire de demande ESTA\",\"potentialAction\":[{\"@type\":\"SearchAction\",\"target\":{\"@type\":\"EntryPoint\",\"urlTemplate\":\"https:\/\/www.esta-officiel-usa.com\/fr\/?s={search_term_string}\"},\"query-input\":{\"@type\":\"PropertyValueSpecification\",\"valueRequired\":true,\"valueName\":\"search_term_string\"}}],\"inLanguage\":\"fr-FR\"}]}<\/script>\n<!-- \/ Yoast SEO plugin. -->","yoast_head_json":{"title":"Qu'est ce que l'autorisation ESTA","description":"Pour renforcer la s\u00e9curit\u00e9 sur le territoire Am\u00e9ricain, le gouvernement \u00e0 mis en place l'ESTA, d\u00e9couvrez ce qu'est cette autorisation de voyage.","robots":{"index":"index","follow":"follow","max-snippet":"max-snippet:-1","max-image-preview":"max-image-preview:large","max-video-preview":"max-video-preview:-1"},"canonical":"https:\/\/www.esta-officiel-usa.com\/fr\/lautorisation-esta\/","og_locale":"fr_FR","og_type":"article","og_title":"Qu'est ce que l'autorisation ESTA","og_description":"Pour renforcer la s\u00e9curit\u00e9 sur le territoire Am\u00e9ricain, le gouvernement \u00e0 mis en place l'ESTA, d\u00e9couvrez ce qu'est cette autorisation de voyage.","og_url":"https:\/\/www.esta-officiel-usa.com\/fr\/lautorisation-esta\/","og_site_name":"ESTA - Etats-Unis","article_modified_time":"2020-02-01T17:02:40+00:00","twitter_card":"summary_large_image","twitter_misc":{"Dur\u00e9e de lecture estim\u00e9e":"2 minutes"},"schema":{"@context":"https:\/\/schema.org","@graph":[{"@type":"WebPage","@id":"https:\/\/www.esta-officiel-usa.com\/fr\/lautorisation-esta\/","url":"https:\/\/www.esta-officiel-usa.com\/fr\/lautorisation-esta\/","name":"Qu'est ce que l'autorisation ESTA","isPartOf":{"@id":"https:\/\/www.esta-officiel-usa.com\/fr\/#website"},"datePublished":"2020-01-16T07:43:02+00:00","dateModified":"2020-02-01T17:02:40+00:00","description":"Pour renforcer la s\u00e9curit\u00e9 sur le territoire Am\u00e9ricain, le gouvernement \u00e0 mis en place l'ESTA, d\u00e9couvrez ce qu'est cette autorisation de voyage.","breadcrumb":{"@id":"https:\/\/www.esta-officiel-usa.com\/fr\/lautorisation-esta\/#breadcrumb"},"inLanguage":"fr-FR","potentialAction":[{"@type":"ReadAction","target":["https:\/\/www.esta-officiel-usa.com\/fr\/lautorisation-esta\/"]}]},{"@type":"BreadcrumbList","@id":"https:\/\/www.esta-officiel-usa.com\/fr\/lautorisation-esta\/#breadcrumb","itemListElement":[{"@type":"ListItem","position":1,"name":"Home","item":"https:\/\/www.esta-officiel-usa.com\/fr\/"},{"@type":"ListItem","position":2,"name":"Qu&rsquo;est ce que l&rsquo;autorisation ESTA"}]},{"@type":"WebSite","@id":"https:\/\/www.esta-officiel-usa.com\/fr\/#website","url":"https:\/\/www.esta-officiel-usa.com\/fr\/","name":"ESTA - Etats-Unis","description":"Formulaire de demande ESTA","potentialAction":[{"@type":"SearchAction","target":{"@type":"EntryPoint","urlTemplate":"https:\/\/www.esta-officiel-usa.com\/fr\/?s={search_term_string}"},"query-input":{"@type":"PropertyValueSpecification","valueRequired":true,"valueName":"search_term_string"}}],"inLanguage":"fr-FR"}]}},"_links":{"self":[{"href":"https:\/\/www.esta-officiel-usa.com\/fr\/wp-json\/wp\/v2\/pages\/14","targetHints":{"allow":["GET"]}}],"collection":[{"href":"https:\/\/www.esta-officiel-usa.com\/fr\/wp-json\/wp\/v2\/pages"}],"about":[{"href":"https:\/\/www.esta-officiel-usa.com\/fr\/wp-json\/wp\/v2\/types\/page"}],"author":[{"embeddable":true,"href":"https:\/\/www.esta-officiel-usa.com\/fr\/wp-json\/wp\/v2\/users\/1"}],"replies":[{"embeddable":true,"href":"https:\/\/www.esta-officiel-usa.com\/fr\/wp-json\/wp\/v2\/comments?post=14"}],"version-history":[{"count":2,"href":"https:\/\/www.esta-officiel-usa.com\/fr\/wp-json\/wp\/v2\/pages\/14\/revisions"}],"predecessor-version":[{"id":514,"href":"https:\/\/www.esta-officiel-usa.com\/fr\/wp-json\/wp\/v2\/pages\/14\/revisions\/514"}],"wp:attachment":[{"href":"https:\/\/www.esta-officiel-usa.com\/fr\/wp-json\/wp\/v2\/media?parent=14"}],"curies":[{"name":"wp","href":"https:\/\/api.w.org\/{rel}","templated":true}]}}