{"id":143,"date":"2020-01-20T11:22:48","date_gmt":"2020-01-20T11:22:48","guid":{"rendered":"http:\/\/esta-officiel-usa.com\/?page_id=143"},"modified":"2020-02-14T09:38:04","modified_gmt":"2020-02-14T09:38:04","slug":"loterie-green-card-cest-parti-pour-2020","status":"publish","type":"page","link":"https:\/\/www.esta-officiel-usa.com\/fr\/loterie-green-card-cest-parti-pour-2020\/","title":{"rendered":"Loterie green card, le Pr\u00e9sident a promis d&rsquo;y mettre fin en 2020"},"content":{"rendered":"\n<h1 class=\"wp-block-heading\">TRUMP A PROMIS D&rsquo;Y METTRE FIN, MAIS LA LOTERIE CARTE VERTE PERDURE<\/h1>\n\n\n\n<p><strong>Malgr\u00e9 les promesses du pr\u00e9sident Donald Trump d&rsquo;\u00e9liminer la loterie carte verte, des milliers de personnes partout dans le monde auront encore la chance d&rsquo;immigrer l\u00e9galement aux \u00c9tats-Unis et de r\u00e9aliser le r\u00eave am\u00e9ricain gr\u00e2ce \u00e0 ce programme.<\/strong><br>&nbsp;<\/p>\n\n\n\n<h2 class=\"wp-block-heading\">PAS DE SUPPRESSION DE LA LOTERIE POUR L&rsquo;INSTANT<\/h2>\n\n\n\n<p>Le renouvellement du programme, cr\u00e9\u00e9 il y a 30 ans pour stimuler l&rsquo;immigration aux \u00c9tats-Unis, \u00e9tait incertain depuis un an, quand Donald Trump avait annonc\u00e9 qu&rsquo;il demanderait au Congr\u00e8s de l&rsquo;\u00e9liminer. La loterie est l&rsquo;un des programmes de <a href=\"https:\/\/www.esta-officiel-usa.com\/fr\/la-liste-des-visas-pour-les-usa\/\">visa am\u00e9ricain<\/a> les plus populaires pour les \u00e9trangers qui n&rsquo;ont pas de sponsors aux \u00c9tats-Unis et qui veulent immigrer l\u00e9galement. Mais le pr\u00e9sident Trump s&rsquo;en \u00e9tait pris au programme, affirmant que les \u00ab\u00a0pires des pires\u00a0\u00bb pouvaient \u00eatre s\u00e9lectionn\u00e9s dans le cadre de la loterie gratuite.<\/p>\n\n\n\n<p>Le d\u00e9partement d&rsquo;\u00c9tat am\u00e9ricain, qui administre le programme&nbsp;<a href=\"https:\/\/travel.state.gov\/content\/travel\/en\/us-visas\/immigrate\/diversity-visa-program-entry.html\">Diversity Immigrant Visa<\/a>, mieux connu sous le nom de \u201cloterie carte verte\u201d, a annonc\u00e9 qu&rsquo;il irait de l&rsquo;avant avec la loterie et met en jeu 50 000 cartes de r\u00e9sident permanent pour l&rsquo;ann\u00e9e fiscale 2020.<\/p>\n\n\n\n<p>L&rsquo;inscription en ligne au programme 2020 a commenc\u00e9 le 3 octobre et se terminera le 6 novembre. Aucun pays ne peut recevoir plus de 7 % des visas. Les \u00e9trangers en provenance de pays dont le taux d&rsquo;immigration aux \u00c9tats-Unis est historiquement bas peuvent s&rsquo;inscrire sur <a href=\"about:blank\">www.dvlottery.state.gov<\/a> d\u00e8s \u00e0 pr\u00e9sent en remplissant gratuitement le formulaire d&rsquo;inscription.<\/p>\n\n\n\n<p>Les autorit\u00e9s ont pr\u00e9cis\u00e9 que les personnes qui soumettent plus d&rsquo;une demande seront automatiquement disqualifi\u00e9es. Elles ont \u00e9galement mis en garde contre les sites internet frauduleux demandant de l&rsquo;argent aux \u00ab\u00a0gagnants de la loterie\u00a0\u00bb.<\/p>\n\n\n\n<p>Les candidats \u00e0 la loterie du visa 2020 doivent remplir deux conditions pour participer :<\/p>\n\n\n\n<ul class=\"wp-block-list\"><li>tout d&rsquo;abord, ils doivent \u00eatre n\u00e9s dans un pays \u00e9ligible. Les pays non-\u00e9ligibles pour 2020 sont : le Bangladesh, le Br\u00e9sil, le Canada, la Chine, la Colombie, la R\u00e9publique Dominicaine, El Salvador, Ha\u00efti, l\u2019Inde, la Jama\u00efque, le Mexique, le Nigeria, le Pakistan, le P\u00e9rou, les Philippines, la Cor\u00e9e du Sud, le Royaume-Uni (sauf l&rsquo;Irlande du Nord) et le Vietnam ;<\/li><li>ils doivent \u00e9galement poss\u00e9der au moins un dipl\u00f4me d&rsquo;\u00e9tudes secondaires ou avoir deux ann\u00e9es d&rsquo;exp\u00e9rience professionnelle dans un domaine admissible n\u00e9cessitant au moins deux ann\u00e9es de formation et ce, au cours des cinq derni\u00e8res ann\u00e9es ;<\/li><li>les noms des gagnants de la loterie DV-2020 seront publi\u00e9s sur le site internet du d\u00e9partement d&rsquo;\u00c9tat entre le 7 mai 2019 et le 30 septembre 2020.<\/li><\/ul>\n\n\n\n<p>Tous les candidats s\u00e9lectionn\u00e9s doivent se soumettre \u00e0 la v\u00e9rification de leurs ant\u00e9c\u00e9dents judiciaires et \u00e0 des examens m\u00e9dicaux. Ils seront convoqu\u00e9s \u00e0 des entrevues avec des agents consulaires ou d&rsquo;immigration des \u00c9tats-Unis, o\u00f9 ils devront pr\u00e9senter, entre autres, la preuve de leurs \u00e9tudes ou exp\u00e9rience professionnelle.<\/p>\n","protected":false},"excerpt":{"rendered":"<p>TRUMP A PROMIS D&rsquo;Y METTRE FIN, MAIS LA LOTERIE CARTE VERTE PERDURE Malgr\u00e9 les promesses du pr\u00e9sident Donald Trump d&rsquo;\u00e9liminer la loterie carte verte, des milliers de personnes partout dans le monde auront encore la chance d&rsquo;immigrer l\u00e9galement aux \u00c9tats-Unis et de r\u00e9aliser le r\u00eave am\u00e9ricain gr\u00e2ce \u00e0 ce programme.&nbsp; PAS DE SUPPRESSION DE LA [&hellip;]<\/p>\n","protected":false},"author":1,"featured_media":0,"parent":0,"menu_order":0,"comment_status":"closed","ping_status":"closed","template":"","meta":{"footnotes":""},"class_list":["post-143","page","type-page","status-publish","hentry"],"yoast_head":"<!-- This site is optimized with the Yoast SEO plugin v26.2 - https:\/\/yoast.com\/wordpress\/plugins\/seo\/ -->\n<title>Loterie green card, le Pr\u00e9sident a promis d&#039;y mettre fin en 2020<\/title>\n<meta name=\"description\" content=\"Pour limiter l&#039;immigration sur le territoire Am\u00e9ricain, Donald Trump a pris et envisage plein de mesures telles que la fin de la loterie green card.\" \/>\n<meta name=\"robots\" content=\"index, follow, max-snippet:-1, max-image-preview:large, max-video-preview:-1\" \/>\n<link rel=\"canonical\" href=\"https:\/\/www.esta-officiel-usa.com\/fr\/loterie-green-card-cest-parti-pour-2020\/\" \/>\n<meta property=\"og:locale\" content=\"fr_FR\" \/>\n<meta property=\"og:type\" content=\"article\" \/>\n<meta property=\"og:title\" content=\"Loterie green card, le Pr\u00e9sident a promis d&#039;y mettre fin en 2020\" \/>\n<meta property=\"og:description\" content=\"Pour limiter l&#039;immigration sur le territoire Am\u00e9ricain, Donald Trump a pris et envisage plein de mesures telles que la fin de la loterie green card.\" \/>\n<meta property=\"og:url\" content=\"https:\/\/www.esta-officiel-usa.com\/fr\/loterie-green-card-cest-parti-pour-2020\/\" \/>\n<meta property=\"og:site_name\" content=\"ESTA - Etats-Unis\" \/>\n<meta property=\"article:modified_time\" content=\"2020-02-14T09:38:04+00:00\" \/>\n<meta name=\"twitter:card\" content=\"summary_large_image\" \/>\n<meta name=\"twitter:label1\" content=\"Dur\u00e9e de lecture estim\u00e9e\" \/>\n\t<meta name=\"twitter:data1\" content=\"2 minutes\" \/>\n<script type=\"application\/ld+json\" class=\"yoast-schema-graph\">{\"@context\":\"https:\/\/schema.org\",\"@graph\":[{\"@type\":\"WebPage\",\"@id\":\"https:\/\/www.esta-officiel-usa.com\/fr\/loterie-green-card-cest-parti-pour-2020\/\",\"url\":\"https:\/\/www.esta-officiel-usa.com\/fr\/loterie-green-card-cest-parti-pour-2020\/\",\"name\":\"Loterie green card, le Pr\u00e9sident a promis d'y mettre fin en 2020\",\"isPartOf\":{\"@id\":\"https:\/\/www.esta-officiel-usa.com\/fr\/#website\"},\"datePublished\":\"2020-01-20T11:22:48+00:00\",\"dateModified\":\"2020-02-14T09:38:04+00:00\",\"description\":\"Pour limiter l'immigration sur le territoire Am\u00e9ricain, Donald Trump a pris et envisage plein de mesures telles que la fin de la loterie green card.\",\"breadcrumb\":{\"@id\":\"https:\/\/www.esta-officiel-usa.com\/fr\/loterie-green-card-cest-parti-pour-2020\/#breadcrumb\"},\"inLanguage\":\"fr-FR\",\"potentialAction\":[{\"@type\":\"ReadAction\",\"target\":[\"https:\/\/www.esta-officiel-usa.com\/fr\/loterie-green-card-cest-parti-pour-2020\/\"]}]},{\"@type\":\"BreadcrumbList\",\"@id\":\"https:\/\/www.esta-officiel-usa.com\/fr\/loterie-green-card-cest-parti-pour-2020\/#breadcrumb\",\"itemListElement\":[{\"@type\":\"ListItem\",\"position\":1,\"name\":\"Home\",\"item\":\"https:\/\/www.esta-officiel-usa.com\/fr\/\"},{\"@type\":\"ListItem\",\"position\":2,\"name\":\"Loterie green card, le Pr\u00e9sident a promis d&rsquo;y mettre fin en 2020\"}]},{\"@type\":\"WebSite\",\"@id\":\"https:\/\/www.esta-officiel-usa.com\/fr\/#website\",\"url\":\"https:\/\/www.esta-officiel-usa.com\/fr\/\",\"name\":\"ESTA - Etats-Unis\",\"description\":\"Formulaire de demande ESTA\",\"potentialAction\":[{\"@type\":\"SearchAction\",\"target\":{\"@type\":\"EntryPoint\",\"urlTemplate\":\"https:\/\/www.esta-officiel-usa.com\/fr\/?s={search_term_string}\"},\"query-input\":{\"@type\":\"PropertyValueSpecification\",\"valueRequired\":true,\"valueName\":\"search_term_string\"}}],\"inLanguage\":\"fr-FR\"}]}<\/script>\n<!-- \/ Yoast SEO plugin. -->","yoast_head_json":{"title":"Loterie green card, le Pr\u00e9sident a promis d'y mettre fin en 2020","description":"Pour limiter l'immigration sur le territoire Am\u00e9ricain, Donald Trump a pris et envisage plein de mesures telles que la fin de la loterie green card.","robots":{"index":"index","follow":"follow","max-snippet":"max-snippet:-1","max-image-preview":"max-image-preview:large","max-video-preview":"max-video-preview:-1"},"canonical":"https:\/\/www.esta-officiel-usa.com\/fr\/loterie-green-card-cest-parti-pour-2020\/","og_locale":"fr_FR","og_type":"article","og_title":"Loterie green card, le Pr\u00e9sident a promis d'y mettre fin en 2020","og_description":"Pour limiter l'immigration sur le territoire Am\u00e9ricain, Donald Trump a pris et envisage plein de mesures telles que la fin de la loterie green card.","og_url":"https:\/\/www.esta-officiel-usa.com\/fr\/loterie-green-card-cest-parti-pour-2020\/","og_site_name":"ESTA - Etats-Unis","article_modified_time":"2020-02-14T09:38:04+00:00","twitter_card":"summary_large_image","twitter_misc":{"Dur\u00e9e de lecture estim\u00e9e":"2 minutes"},"schema":{"@context":"https:\/\/schema.org","@graph":[{"@type":"WebPage","@id":"https:\/\/www.esta-officiel-usa.com\/fr\/loterie-green-card-cest-parti-pour-2020\/","url":"https:\/\/www.esta-officiel-usa.com\/fr\/loterie-green-card-cest-parti-pour-2020\/","name":"Loterie green card, le Pr\u00e9sident a promis d'y mettre fin en 2020","isPartOf":{"@id":"https:\/\/www.esta-officiel-usa.com\/fr\/#website"},"datePublished":"2020-01-20T11:22:48+00:00","dateModified":"2020-02-14T09:38:04+00:00","description":"Pour limiter l'immigration sur le territoire Am\u00e9ricain, Donald Trump a pris et envisage plein de mesures telles que la fin de la loterie green card.","breadcrumb":{"@id":"https:\/\/www.esta-officiel-usa.com\/fr\/loterie-green-card-cest-parti-pour-2020\/#breadcrumb"},"inLanguage":"fr-FR","potentialAction":[{"@type":"ReadAction","target":["https:\/\/www.esta-officiel-usa.com\/fr\/loterie-green-card-cest-parti-pour-2020\/"]}]},{"@type":"BreadcrumbList","@id":"https:\/\/www.esta-officiel-usa.com\/fr\/loterie-green-card-cest-parti-pour-2020\/#breadcrumb","itemListElement":[{"@type":"ListItem","position":1,"name":"Home","item":"https:\/\/www.esta-officiel-usa.com\/fr\/"},{"@type":"ListItem","position":2,"name":"Loterie green card, le Pr\u00e9sident a promis d&rsquo;y mettre fin en 2020"}]},{"@type":"WebSite","@id":"https:\/\/www.esta-officiel-usa.com\/fr\/#website","url":"https:\/\/www.esta-officiel-usa.com\/fr\/","name":"ESTA - Etats-Unis","description":"Formulaire de demande ESTA","potentialAction":[{"@type":"SearchAction","target":{"@type":"EntryPoint","urlTemplate":"https:\/\/www.esta-officiel-usa.com\/fr\/?s={search_term_string}"},"query-input":{"@type":"PropertyValueSpecification","valueRequired":true,"valueName":"search_term_string"}}],"inLanguage":"fr-FR"}]}},"_links":{"self":[{"href":"https:\/\/www.esta-officiel-usa.com\/fr\/wp-json\/wp\/v2\/pages\/143","targetHints":{"allow":["GET"]}}],"collection":[{"href":"https:\/\/www.esta-officiel-usa.com\/fr\/wp-json\/wp\/v2\/pages"}],"about":[{"href":"https:\/\/www.esta-officiel-usa.com\/fr\/wp-json\/wp\/v2\/types\/page"}],"author":[{"embeddable":true,"href":"https:\/\/www.esta-officiel-usa.com\/fr\/wp-json\/wp\/v2\/users\/1"}],"replies":[{"embeddable":true,"href":"https:\/\/www.esta-officiel-usa.com\/fr\/wp-json\/wp\/v2\/comments?post=143"}],"version-history":[{"count":3,"href":"https:\/\/www.esta-officiel-usa.com\/fr\/wp-json\/wp\/v2\/pages\/143\/revisions"}],"predecessor-version":[{"id":568,"href":"https:\/\/www.esta-officiel-usa.com\/fr\/wp-json\/wp\/v2\/pages\/143\/revisions\/568"}],"wp:attachment":[{"href":"https:\/\/www.esta-officiel-usa.com\/fr\/wp-json\/wp\/v2\/media?parent=143"}],"curies":[{"name":"wp","href":"https:\/\/api.w.org\/{rel}","templated":true}]}}