{"id":16,"date":"2020-01-16T07:45:58","date_gmt":"2020-01-16T07:45:58","guid":{"rendered":"http:\/\/esta-officiel-usa.com\/?page_id=16"},"modified":"2020-02-01T17:00:12","modified_gmt":"2020-02-01T17:00:12","slug":"lautorisation-esta-france","status":"publish","type":"page","link":"https:\/\/www.esta-officiel-usa.com\/fr\/lautorisation-esta-france\/","title":{"rendered":"L&rsquo;autorisation ESTA depuis la France"},"content":{"rendered":"\n<h1 class=\"wp-block-heading\">OBTENIR L\u2019AUTORISATION ESTA FRANCE POUR LES USA<\/h1>\n\n\n\n<p>Vous souhaitez partir \u00e0 la d\u00e9couverte du pays de l\u2019Oncle Sam ? Nos experts vous aident \u00e0 organiser votre voyage. Vous prendrez connaissance \u00e0 travers cet article des diff\u00e9rents moyens d\u2019obtention de l\u2019autorisation ESTA France.<\/p>\n\n\n\n<h2 class=\"wp-block-heading\">L\u2019ESTA FRANCE, C\u2019EST QUOI ?<\/h2>\n\n\n\n<p>L\u2019ESTA France est une autorisation de s\u00e9jour fournie par les douanes am\u00e9ricaines aux ressortissants fran\u00e7ais qui souhaitent visiter les USA pour un s\u00e9jour de 90 jours maximum.<\/p>\n\n\n\n<p>Afin d\u2019\u00eatre \u00e9ligible, plusieurs crit\u00e8res doivent \u00eatre remplis, tels que :<\/p>\n\n\n\n<ul class=\"wp-block-list\"><li>poss\u00e9der un\u00a0<a href=\"https:\/\/www.esta-officiel-usa.com\/fr\/quel-type-de-passeport-pour-les-usa\/\">passeport<\/a>\u00a0\u00e9lectronique ou biom\u00e9trique, valable durant tout le s\u00e9jour\u00a0;<\/li><li>voyager pour tourisme ou affaires ;<\/li><li>faire partie de l\u2019un des 38 pays membres du Visa Waiver Program.<\/li><\/ul>\n\n\n\n<p>Cette demande d\u2019autorisation de voyage ne pouvant \u00eatre effectu\u00e9e qu\u2019\u00e0 distance, via internet, vous devez aussi vous munir d\u2019une carte bancaire afin de proc\u00e9der \u00e0 la finalisation de votre achat.<\/p>\n\n\n\n<p>L\u2019ESTA a une dur\u00e9e de validit\u00e9 de deux ans. Ainsi, si le coeur vous en dit, vous pouvez effectuer plusieurs s\u00e9jours durant cette p\u00e9riode.<\/p>\n\n\n\n<p>Ce document est relativement facile \u00e0 obtenir, il co\u00fbte moins cher qu\u2019un visa et vous le recevez tr\u00e8s rapidement, en moins de 72 heures &#8211;&nbsp;voire le jour m\u00eame dans la majorit\u00e9 des cas.<\/p>\n\n\n\n<h2 class=\"wp-block-heading\">OBTENIR VOTRE ESTA FRANCE<\/h2>\n\n\n\n<p>Afin de recevoir votre ESTA France, plusieurs solutions s\u2019offrent \u00e0 vous.<\/p>\n\n\n\n<p>Vous pouvez :<\/p>\n\n\n\n<ul class=\"wp-block-list\"><li>vous connecter sur le site officiel am\u00e9ricain. Un long questionnaire vous sera propos\u00e9. Vous devez r\u00e9pondre \u00e0 l\u2019ensemble des questions, r\u00e9parties en th\u00e9matiques : identit\u00e9 (noms, pr\u00e9noms, date de naissance, num\u00e9ro de passeport, date de d\u00e9livrance et d\u2019expiration\u2026), \u00e9tat de sant\u00e9 (actuel et pass\u00e9), profil judiciaire (ant\u00e9c\u00e9dents, rapport \u00e0 la loi am\u00e9ricaine), voyage (adresse sur place et contact d&rsquo;urgence).<\/li><\/ul>\n\n\n\n<p>Une fois le questionnaire valid\u00e9 et le paiement effectu\u00e9, vous ne pouvez pas faire la\u00a0<a href=\"https:\/\/www.esta-officiel-usa.com\/fr\/autorisation-esta-mise-a-jour\/\">mise \u00e0 jour<\/a>\u00a0de vos informations, \u00e0 l\u2019exception de votre adresse e-mail et de l\u2019adresse aux \u00c9tats-Unis.<\/p>\n\n\n\n<ul class=\"wp-block-list\"><li>Afin de limiter le risque d\u2019erreur qui pourrait retarder l\u2019obtention de votre autorisation ESTA, vous pouvez faire appel \u00e0 notre soci\u00e9t\u00e9 priv\u00e9e, habitu\u00e9e \u00e0 effectuer la d\u00e9marche d\u2019obtention de ce document de voyage. Nos experts proc\u00e8dent \u00e0 une v\u00e9rification minutieuse de l\u2019ensemble de vos r\u00e9ponses. Nous assurons \u00e9galement l\u2019envoi de votre formulaire au service habilit\u00e9 \u00e0 la d\u00e9livrance de l\u2019ESTA. Vous recevez votre document directement dans votre bo\u00eete mail.Libre \u00e0 vous de le sauvegarder ou l&rsquo;imprimer.<\/li><\/ul>\n\n\n\n<p><strong>NB :<\/strong>&nbsp;la proc\u00e9dure \u00e9tant int\u00e9gralement informatis\u00e9e, rien ne vous oblige \u00e0 imprimer votre autorisation. Toutefois, afin de voyager plus sereinement et d\u2019\u00e9viter tout d\u00e9sagr\u00e9ment hypoth\u00e9tique, nous vous conseillons d\u2019\u00eatre muni d\u2019un exemplaire de votre ESTA lors de votre voyage.<\/p>\n","protected":false},"excerpt":{"rendered":"<p>OBTENIR L\u2019AUTORISATION ESTA FRANCE POUR LES USA Vous souhaitez partir \u00e0 la d\u00e9couverte du pays de l\u2019Oncle Sam ? Nos experts vous aident \u00e0 organiser votre voyage. Vous prendrez connaissance \u00e0 travers cet article des diff\u00e9rents moyens d\u2019obtention de l\u2019autorisation ESTA France. L\u2019ESTA FRANCE, C\u2019EST QUOI ? L\u2019ESTA France est une autorisation de s\u00e9jour fournie [&hellip;]<\/p>\n","protected":false},"author":1,"featured_media":0,"parent":0,"menu_order":0,"comment_status":"closed","ping_status":"closed","template":"","meta":{"footnotes":""},"class_list":["post-16","page","type-page","status-publish","hentry"],"yoast_head":"<!-- This site is optimized with the Yoast SEO plugin v26.2 - https:\/\/yoast.com\/wordpress\/plugins\/seo\/ -->\n<title>L&#039;autorisation ESTA depuis la France<\/title>\n<meta name=\"description\" content=\"Vous souhaitez partir aux USA depuis la France,nos experts vous aident \u00e0 organiser votre voyage en vous informant sur l&#039;ESTA depuis la France.\" \/>\n<meta name=\"robots\" content=\"index, follow, max-snippet:-1, max-image-preview:large, max-video-preview:-1\" \/>\n<link rel=\"canonical\" href=\"https:\/\/www.esta-officiel-usa.com\/fr\/lautorisation-esta-france\/\" \/>\n<meta property=\"og:locale\" content=\"fr_FR\" \/>\n<meta property=\"og:type\" content=\"article\" \/>\n<meta property=\"og:title\" content=\"L&#039;autorisation ESTA depuis la France\" \/>\n<meta property=\"og:description\" content=\"Vous souhaitez partir aux USA depuis la France,nos experts vous aident \u00e0 organiser votre voyage en vous informant sur l&#039;ESTA depuis la France.\" \/>\n<meta property=\"og:url\" content=\"https:\/\/www.esta-officiel-usa.com\/fr\/lautorisation-esta-france\/\" \/>\n<meta property=\"og:site_name\" content=\"ESTA - Etats-Unis\" \/>\n<meta property=\"article:modified_time\" content=\"2020-02-01T17:00:12+00:00\" \/>\n<meta name=\"twitter:card\" content=\"summary_large_image\" \/>\n<meta name=\"twitter:label1\" content=\"Dur\u00e9e de lecture estim\u00e9e\" \/>\n\t<meta name=\"twitter:data1\" content=\"2 minutes\" \/>\n<script type=\"application\/ld+json\" class=\"yoast-schema-graph\">{\"@context\":\"https:\/\/schema.org\",\"@graph\":[{\"@type\":\"WebPage\",\"@id\":\"https:\/\/www.esta-officiel-usa.com\/fr\/lautorisation-esta-france\/\",\"url\":\"https:\/\/www.esta-officiel-usa.com\/fr\/lautorisation-esta-france\/\",\"name\":\"L'autorisation ESTA depuis la France\",\"isPartOf\":{\"@id\":\"https:\/\/www.esta-officiel-usa.com\/fr\/#website\"},\"datePublished\":\"2020-01-16T07:45:58+00:00\",\"dateModified\":\"2020-02-01T17:00:12+00:00\",\"description\":\"Vous souhaitez partir aux USA depuis la France,nos experts vous aident \u00e0 organiser votre voyage en vous informant sur l'ESTA depuis la France.\",\"breadcrumb\":{\"@id\":\"https:\/\/www.esta-officiel-usa.com\/fr\/lautorisation-esta-france\/#breadcrumb\"},\"inLanguage\":\"fr-FR\",\"potentialAction\":[{\"@type\":\"ReadAction\",\"target\":[\"https:\/\/www.esta-officiel-usa.com\/fr\/lautorisation-esta-france\/\"]}]},{\"@type\":\"BreadcrumbList\",\"@id\":\"https:\/\/www.esta-officiel-usa.com\/fr\/lautorisation-esta-france\/#breadcrumb\",\"itemListElement\":[{\"@type\":\"ListItem\",\"position\":1,\"name\":\"Home\",\"item\":\"https:\/\/www.esta-officiel-usa.com\/fr\/\"},{\"@type\":\"ListItem\",\"position\":2,\"name\":\"L&rsquo;autorisation ESTA depuis la France\"}]},{\"@type\":\"WebSite\",\"@id\":\"https:\/\/www.esta-officiel-usa.com\/fr\/#website\",\"url\":\"https:\/\/www.esta-officiel-usa.com\/fr\/\",\"name\":\"ESTA - Etats-Unis\",\"description\":\"Formulaire de demande ESTA\",\"potentialAction\":[{\"@type\":\"SearchAction\",\"target\":{\"@type\":\"EntryPoint\",\"urlTemplate\":\"https:\/\/www.esta-officiel-usa.com\/fr\/?s={search_term_string}\"},\"query-input\":{\"@type\":\"PropertyValueSpecification\",\"valueRequired\":true,\"valueName\":\"search_term_string\"}}],\"inLanguage\":\"fr-FR\"}]}<\/script>\n<!-- \/ Yoast SEO plugin. -->","yoast_head_json":{"title":"L'autorisation ESTA depuis la France","description":"Vous souhaitez partir aux USA depuis la France,nos experts vous aident \u00e0 organiser votre voyage en vous informant sur l'ESTA depuis la France.","robots":{"index":"index","follow":"follow","max-snippet":"max-snippet:-1","max-image-preview":"max-image-preview:large","max-video-preview":"max-video-preview:-1"},"canonical":"https:\/\/www.esta-officiel-usa.com\/fr\/lautorisation-esta-france\/","og_locale":"fr_FR","og_type":"article","og_title":"L'autorisation ESTA depuis la France","og_description":"Vous souhaitez partir aux USA depuis la France,nos experts vous aident \u00e0 organiser votre voyage en vous informant sur l'ESTA depuis la France.","og_url":"https:\/\/www.esta-officiel-usa.com\/fr\/lautorisation-esta-france\/","og_site_name":"ESTA - Etats-Unis","article_modified_time":"2020-02-01T17:00:12+00:00","twitter_card":"summary_large_image","twitter_misc":{"Dur\u00e9e de lecture estim\u00e9e":"2 minutes"},"schema":{"@context":"https:\/\/schema.org","@graph":[{"@type":"WebPage","@id":"https:\/\/www.esta-officiel-usa.com\/fr\/lautorisation-esta-france\/","url":"https:\/\/www.esta-officiel-usa.com\/fr\/lautorisation-esta-france\/","name":"L'autorisation ESTA depuis la France","isPartOf":{"@id":"https:\/\/www.esta-officiel-usa.com\/fr\/#website"},"datePublished":"2020-01-16T07:45:58+00:00","dateModified":"2020-02-01T17:00:12+00:00","description":"Vous souhaitez partir aux USA depuis la France,nos experts vous aident \u00e0 organiser votre voyage en vous informant sur l'ESTA depuis la France.","breadcrumb":{"@id":"https:\/\/www.esta-officiel-usa.com\/fr\/lautorisation-esta-france\/#breadcrumb"},"inLanguage":"fr-FR","potentialAction":[{"@type":"ReadAction","target":["https:\/\/www.esta-officiel-usa.com\/fr\/lautorisation-esta-france\/"]}]},{"@type":"BreadcrumbList","@id":"https:\/\/www.esta-officiel-usa.com\/fr\/lautorisation-esta-france\/#breadcrumb","itemListElement":[{"@type":"ListItem","position":1,"name":"Home","item":"https:\/\/www.esta-officiel-usa.com\/fr\/"},{"@type":"ListItem","position":2,"name":"L&rsquo;autorisation ESTA depuis la France"}]},{"@type":"WebSite","@id":"https:\/\/www.esta-officiel-usa.com\/fr\/#website","url":"https:\/\/www.esta-officiel-usa.com\/fr\/","name":"ESTA - Etats-Unis","description":"Formulaire de demande ESTA","potentialAction":[{"@type":"SearchAction","target":{"@type":"EntryPoint","urlTemplate":"https:\/\/www.esta-officiel-usa.com\/fr\/?s={search_term_string}"},"query-input":{"@type":"PropertyValueSpecification","valueRequired":true,"valueName":"search_term_string"}}],"inLanguage":"fr-FR"}]}},"_links":{"self":[{"href":"https:\/\/www.esta-officiel-usa.com\/fr\/wp-json\/wp\/v2\/pages\/16","targetHints":{"allow":["GET"]}}],"collection":[{"href":"https:\/\/www.esta-officiel-usa.com\/fr\/wp-json\/wp\/v2\/pages"}],"about":[{"href":"https:\/\/www.esta-officiel-usa.com\/fr\/wp-json\/wp\/v2\/types\/page"}],"author":[{"embeddable":true,"href":"https:\/\/www.esta-officiel-usa.com\/fr\/wp-json\/wp\/v2\/users\/1"}],"replies":[{"embeddable":true,"href":"https:\/\/www.esta-officiel-usa.com\/fr\/wp-json\/wp\/v2\/comments?post=16"}],"version-history":[{"count":2,"href":"https:\/\/www.esta-officiel-usa.com\/fr\/wp-json\/wp\/v2\/pages\/16\/revisions"}],"predecessor-version":[{"id":512,"href":"https:\/\/www.esta-officiel-usa.com\/fr\/wp-json\/wp\/v2\/pages\/16\/revisions\/512"}],"wp:attachment":[{"href":"https:\/\/www.esta-officiel-usa.com\/fr\/wp-json\/wp\/v2\/media?parent=16"}],"curies":[{"name":"wp","href":"https:\/\/api.w.org\/{rel}","templated":true}]}}